{"id":3978,"date":"2025-07-11T02:47:22","date_gmt":"2025-07-11T02:47:22","guid":{"rendered":"https:\/\/www.usborkeychain.com\/?post_type=product&#038;p=3978"},"modified":"2025-07-11T02:48:27","modified_gmt":"2025-07-11T02:48:27","slug":"pvc-beer-bottle-shaped-usb-drive","status":"publish","type":"product","link":"https:\/\/www.usborkeychain.com\/es\/producto\/pvc-beer-bottle-shaped-usb-drive\/","title":{"rendered":"Unidad USB de PVC con forma de botella de cerveza"},"content":{"rendered":"<p>La unidad USB de PVC con forma de botella de cerveza, muy simulada y suministrada directamente por el fabricante, subvierte la forma tradicional de las unidades USB con su creativo dise\u00f1o personalizado. Integra en profundidad elementos de la cultura cervecera y se ha convertido en una opci\u00f3n popular para regalos personalizados en la industria cervecera. La forma de botella, elaborada mediante un proceso de miniaturizaci\u00f3n 1:1, combina funciones pr\u00e1cticas con el valor de comunicaci\u00f3n de la marca, lo que la hace especialmente adecuada para su adquisici\u00f3n al por mayor como regalo de empresa.<\/p>\n\n\n\n<div class=\"wp-block-columns is-layout-flex wp-container-core-columns-is-layout-28f84493 wp-block-columns-is-layout-flex\">\n<div class=\"wp-block-column is-layout-flow wp-block-column-is-layout-flow\">\n<figure class=\"wp-block-image size-full\"><img alt=\"\" fetchpriority=\"high\" decoding=\"async\" width=\"800\" height=\"800\" src=\"https:\/\/www.usborkeychain.com\/wp-content\/uploads\/PVC-Beer-Bottle-Replica-USB-Memory-Stick.png\" class=\"wp-image-3986\" srcset=\"https:\/\/www.usborkeychain.com\/wp-content\/uploads\/PVC-Beer-Bottle-Replica-USB-Memory-Stick.png 800w, https:\/\/www.usborkeychain.com\/wp-content\/uploads\/PVC-Beer-Bottle-Replica-USB-Memory-Stick-300x300.png 300w, https:\/\/www.usborkeychain.com\/wp-content\/uploads\/PVC-Beer-Bottle-Replica-USB-Memory-Stick-150x150.png 150w, https:\/\/www.usborkeychain.com\/wp-content\/uploads\/PVC-Beer-Bottle-Replica-USB-Memory-Stick-768x768.png 768w, https:\/\/www.usborkeychain.com\/wp-content\/uploads\/PVC-Beer-Bottle-Replica-USB-Memory-Stick-12x12.png 12w, https:\/\/www.usborkeychain.com\/wp-content\/uploads\/PVC-Beer-Bottle-Replica-USB-Memory-Stick-600x600.png 600w, https:\/\/www.usborkeychain.com\/wp-content\/uploads\/PVC-Beer-Bottle-Replica-USB-Memory-Stick-100x100.png 100w\" sizes=\"(max-width: 800px) 100vw, 800px\" \/><\/figure>\n<\/div>\n\n\n\n<div class=\"wp-block-column is-layout-flow wp-block-column-is-layout-flow\">\n<figure class=\"wp-block-image size-full\"><img alt=\"\" decoding=\"async\" width=\"800\" height=\"800\" src=\"https:\/\/www.usborkeychain.com\/wp-content\/uploads\/3D-Beer-Bottle-USB-Flash-Drive.png\" class=\"wp-image-3983\" srcset=\"https:\/\/www.usborkeychain.com\/wp-content\/uploads\/3D-Beer-Bottle-USB-Flash-Drive.png 800w, https:\/\/www.usborkeychain.com\/wp-content\/uploads\/3D-Beer-Bottle-USB-Flash-Drive-300x300.png 300w, https:\/\/www.usborkeychain.com\/wp-content\/uploads\/3D-Beer-Bottle-USB-Flash-Drive-150x150.png 150w, https:\/\/www.usborkeychain.com\/wp-content\/uploads\/3D-Beer-Bottle-USB-Flash-Drive-768x768.png 768w, https:\/\/www.usborkeychain.com\/wp-content\/uploads\/3D-Beer-Bottle-USB-Flash-Drive-12x12.png 12w, https:\/\/www.usborkeychain.com\/wp-content\/uploads\/3D-Beer-Bottle-USB-Flash-Drive-600x600.png 600w, https:\/\/www.usborkeychain.com\/wp-content\/uploads\/3D-Beer-Bottle-USB-Flash-Drive-100x100.png 100w\" sizes=\"(max-width: 800px) 100vw, 800px\" \/><\/figure>\n<\/div>\n<\/div>\n\n\n\n<h2 class=\"wp-block-heading\">1. Dise\u00f1o creativo de alta simulaci\u00f3n<\/h2>\n\n\n\n<p>Esta unidad USB adopta la forma de una botella de cerveza verde con un dise\u00f1o tridimensional en 3D muy realista. Todos los detalles, desde el cuerpo de la botella hasta la tapa, parecen reales, como una mini botella de cerveza de verdad.<\/p>\n\n\n\n<ul class=\"wp-block-list\">\n<li><strong>Texto en relieve tridimensional<\/strong>: M\u00faltiples conjuntos de logotipos de marca como \"HEINEKEN\" y \"PREMIUM QUALITY\" destacan de forma natural en el cuerpo de la botella.<\/li>\n\n\n\n<li><strong>Material de PVC de calidad alimentaria<\/strong>: Tiene un tacto realista y es resistente a las ca\u00eddas y al desgaste.<\/li>\n\n\n\n<li><strong>Sistema de identificaci\u00f3n visual<\/strong>: Los detalles como los tapones de las botellas, las etiquetas de los cuellos y las pegatinas de las botellas se reproducen con precisi\u00f3n.<\/li>\n<\/ul>\n\n\n\n<p>El cuerpo de la minibotella de 3 cm con colores de alta saturaci\u00f3n tiene un impacto visual muy superior al de las unidades USB normales, lo que puede reforzar significativamente el recuerdo de la marca cuando se exhibe.<\/p>\n\n\n\n<div class=\"wp-block-columns is-layout-flex wp-container-core-columns-is-layout-28f84493 wp-block-columns-is-layout-flex\">\n<div class=\"wp-block-column is-layout-flow wp-block-column-is-layout-flow\">\n<figure class=\"wp-block-image size-full\"><img alt=\"\" decoding=\"async\" width=\"800\" height=\"800\" src=\"https:\/\/www.usborkeychain.com\/wp-content\/uploads\/Custom-Beer-Bottle-Design-USB-Flash-Drive.png\" class=\"wp-image-3984\" srcset=\"https:\/\/www.usborkeychain.com\/wp-content\/uploads\/Custom-Beer-Bottle-Design-USB-Flash-Drive.png 800w, https:\/\/www.usborkeychain.com\/wp-content\/uploads\/Custom-Beer-Bottle-Design-USB-Flash-Drive-300x300.png 300w, https:\/\/www.usborkeychain.com\/wp-content\/uploads\/Custom-Beer-Bottle-Design-USB-Flash-Drive-150x150.png 150w, https:\/\/www.usborkeychain.com\/wp-content\/uploads\/Custom-Beer-Bottle-Design-USB-Flash-Drive-768x768.png 768w, https:\/\/www.usborkeychain.com\/wp-content\/uploads\/Custom-Beer-Bottle-Design-USB-Flash-Drive-12x12.png 12w, https:\/\/www.usborkeychain.com\/wp-content\/uploads\/Custom-Beer-Bottle-Design-USB-Flash-Drive-600x600.png 600w, https:\/\/www.usborkeychain.com\/wp-content\/uploads\/Custom-Beer-Bottle-Design-USB-Flash-Drive-100x100.png 100w\" sizes=\"(max-width: 800px) 100vw, 800px\" \/><\/figure>\n<\/div>\n\n\n\n<div class=\"wp-block-column is-layout-flow wp-block-column-is-layout-flow\">\n<figure class=\"wp-block-image size-full\"><img alt=\"\" loading=\"lazy\" decoding=\"async\" width=\"800\" height=\"800\" src=\"https:\/\/www.usborkeychain.com\/wp-content\/uploads\/Miniature-Beer-Bottle-Shaped-USB-Stick.png\" class=\"wp-image-3985\" srcset=\"https:\/\/www.usborkeychain.com\/wp-content\/uploads\/Miniature-Beer-Bottle-Shaped-USB-Stick.png 800w, https:\/\/www.usborkeychain.com\/wp-content\/uploads\/Miniature-Beer-Bottle-Shaped-USB-Stick-300x300.png 300w, https:\/\/www.usborkeychain.com\/wp-content\/uploads\/Miniature-Beer-Bottle-Shaped-USB-Stick-150x150.png 150w, https:\/\/www.usborkeychain.com\/wp-content\/uploads\/Miniature-Beer-Bottle-Shaped-USB-Stick-768x768.png 768w, https:\/\/www.usborkeychain.com\/wp-content\/uploads\/Miniature-Beer-Bottle-Shaped-USB-Stick-12x12.png 12w, https:\/\/www.usborkeychain.com\/wp-content\/uploads\/Miniature-Beer-Bottle-Shaped-USB-Stick-600x600.png 600w, https:\/\/www.usborkeychain.com\/wp-content\/uploads\/Miniature-Beer-Bottle-Shaped-USB-Stick-100x100.png 100w\" sizes=\"(max-width: 800px) 100vw, 800px\" \/><\/figure>\n<\/div>\n<\/div>\n\n\n\n<h2 class=\"wp-block-heading\">2. Par\u00e1metros de la unidad USB<\/h2>\n\n\n\n<figure class=\"wp-block-table\"><table class=\"has-fixed-layout\"><thead><tr><th>Par\u00e1metro Elemento<\/th><th>Configuraci\u00f3n detallada<\/th><\/tr><\/thead><tbody><tr><td>Interfaz f\u00edsica<\/td><td>Interfaz est\u00e1ndar USB 2.0<\/td><\/tr><tr><td>Velocidad de transmisi\u00f3n te\u00f3rica<\/td><td>35 MB\/s (medido)<\/td><\/tr><tr><td>Capacidad principal<\/td><td>64 GB\/128 GB<\/td><\/tr><tr><td>Sistema de archivos<\/td><td>Formato compatible con FAT32\/exFAT<\/td><\/tr><tr><td>Tiempos de reescritura<\/td><td>\u2265100.000 ciclos de lectura y escritura<\/td><\/tr><tr><td>Dise\u00f1o de protecci\u00f3n<\/td><td>Cubierta antipolvo para proteger la interfaz<\/td><\/tr><\/tbody><\/table><\/figure>\n\n\n\n<p>Nota: Hay disponibles versiones de mayor capacidad (256 GB\/512 GB) para personalizaci\u00f3n OEM.<\/p>\n\n\n\n<h2 class=\"wp-block-heading\">3. Industrias o empresas adecuadas para la personalizaci\u00f3n<\/h2>\n\n\n\n<div class=\"wp-block-columns is-layout-flex wp-container-core-columns-is-layout-28f84493 wp-block-columns-is-layout-flex\">\n<div class=\"wp-block-column is-layout-flow wp-block-column-is-layout-flow\">\n<figure class=\"wp-block-image size-full\"><img alt=\"\" loading=\"lazy\" decoding=\"async\" width=\"1000\" height=\"1000\" src=\"https:\/\/www.usborkeychain.com\/wp-content\/uploads\/3D-Beer-Bottle-USB-Flash-Drive-Wholesale-USB-Key-for-Beer-Events.jpg\" class=\"wp-image-3982\" srcset=\"https:\/\/www.usborkeychain.com\/wp-content\/uploads\/3D-Beer-Bottle-USB-Flash-Drive-Wholesale-USB-Key-for-Beer-Events.jpg 1000w, https:\/\/www.usborkeychain.com\/wp-content\/uploads\/3D-Beer-Bottle-USB-Flash-Drive-Wholesale-USB-Key-for-Beer-Events-300x300.jpg 300w, https:\/\/www.usborkeychain.com\/wp-content\/uploads\/3D-Beer-Bottle-USB-Flash-Drive-Wholesale-USB-Key-for-Beer-Events-150x150.jpg 150w, https:\/\/www.usborkeychain.com\/wp-content\/uploads\/3D-Beer-Bottle-USB-Flash-Drive-Wholesale-USB-Key-for-Beer-Events-768x768.jpg 768w, https:\/\/www.usborkeychain.com\/wp-content\/uploads\/3D-Beer-Bottle-USB-Flash-Drive-Wholesale-USB-Key-for-Beer-Events-12x12.jpg 12w, https:\/\/www.usborkeychain.com\/wp-content\/uploads\/3D-Beer-Bottle-USB-Flash-Drive-Wholesale-USB-Key-for-Beer-Events-600x600.jpg 600w, https:\/\/www.usborkeychain.com\/wp-content\/uploads\/3D-Beer-Bottle-USB-Flash-Drive-Wholesale-USB-Key-for-Beer-Events-100x100.jpg 100w\" sizes=\"(max-width: 1000px) 100vw, 1000px\" \/><\/figure>\n<\/div>\n\n\n\n<div class=\"wp-block-column is-vertically-aligned-center is-layout-flow wp-block-column-is-layout-flow\">\n<ol class=\"wp-block-list\">\n<li>Fabricantes de cerveza: Como souvenirs para conferencias de lanzamiento de nuevos productos\/conferencias de distribuidores. Por ejemplo, Budweiser y Tsingtao Brewery pueden utilizarlos como regalos de empresa internos para premiar a empleados destacados o como obsequios a clientes para mejorar la imagen de marca.<\/li>\n\n\n\n<li>Distribuidores de cerveza: Utilizados como regalos promocionales en actividades comerciales, pueden atraer a m\u00e1s clientes y aumentar las ventas.<\/li>\n\n\n\n<li>Instituciones de comunicaci\u00f3n de la cultura cervecera: Como los museos de la cerveza, pueden venderse como souvenirs, lo que permite a los turistas difundir la cultura cervecera al tiempo que se llevan un recuerdo.<\/li>\n\n\n\n<li>Bares y restaurantes: Entregados como regalos especiales de recarga de membres\u00eda VIP \/ accesorios de promoci\u00f3n de apertura a los clientes que gastan una cierta cantidad, pueden mejorar la satisfacci\u00f3n y la lealtad de los clientes.<\/li>\n\n\n\n<li>Festival Internacional de la Cerveza - Regalos de exposici\u00f3n de marca de los expositores\/interacci\u00f3n con el p\u00fablico.<\/li>\n<\/ol>\n<\/div>\n<\/div>\n\n\n\n<p>En conclusi\u00f3n, esta unidad USB de PVC con forma de botella de cerveza, con su dise\u00f1o creativo y sus pr\u00e1cticas funciones, es una opci\u00f3n ideal para regalos personalizados en empresas relacionadas con la industria cervecera.<\/p>","protected":false},"excerpt":{"rendered":"<ul>\n<li>Molde de PVC<\/li>\n<li>USB con forma de botella de cerveza<\/li>\n<li>Color verde<\/li>\n<li>Regalos de empresa<\/li>\n<li>MOQ:100PCS<\/li>\n<\/ul>","protected":false},"featured_media":3983,"comment_status":"open","ping_status":"closed","template":"","meta":{"_seopress_robots_primary_cat":"","_seopress_titles_title":"","_seopress_titles_desc":"","_seopress_robots_index":"","site-sidebar-layout":"default","site-content-layout":"","ast-site-content-layout":"","site-content-style":"default","site-sidebar-style":"default","ast-global-header-display":"","ast-banner-title-visibility":"","ast-main-header-display":"","ast-hfb-above-header-display":"","ast-hfb-below-header-display":"","ast-hfb-mobile-header-display":"","site-post-title":"","ast-breadcrumbs-content":"","ast-featured-img":"","footer-sml-layout":"","theme-transparent-header-meta":"","adv-header-id-meta":"","stick-header-meta":"","header-above-stick-meta":"","header-main-stick-meta":"","header-below-stick-meta":"","astra-migrate-meta-layouts":"default","ast-page-background-enabled":"default","ast-page-background-meta":{"desktop":{"background-color":"var(--ast-global-color-5)","background-image":"","background-repeat":"repeat","background-position":"center center","background-size":"auto","background-attachment":"scroll","background-type":"","background-media":"","overlay-type":"","overlay-color":"","overlay-opacity":"","overlay-gradient":""},"tablet":{"background-color":"","background-image":"","background-repeat":"repeat","background-position":"center center","background-size":"auto","background-attachment":"scroll","background-type":"","background-media":"","overlay-type":"","overlay-color":"","overlay-opacity":"","overlay-gradient":""},"mobile":{"background-color":"","background-image":"","background-repeat":"repeat","background-position":"center center","background-size":"auto","background-attachment":"scroll","background-type":"","background-media":"","overlay-type":"","overlay-color":"","overlay-opacity":"","overlay-gradient":""}},"ast-content-background-meta":{"desktop":{"background-color":"var(--ast-global-color-4)","background-image":"","background-repeat":"repeat","background-position":"center center","background-size":"auto","background-attachment":"scroll","background-type":"","background-media":"","overlay-type":"","overlay-color":"","overlay-opacity":"","overlay-gradient":""},"tablet":{"background-color":"var(--ast-global-color-4)","background-image":"","background-repeat":"repeat","background-position":"center center","background-size":"auto","background-attachment":"scroll","background-type":"","background-media":"","overlay-type":"","overlay-color":"","overlay-opacity":"","overlay-gradient":""},"mobile":{"background-color":"var(--ast-global-color-4)","background-image":"","background-repeat":"repeat","background-position":"center center","background-size":"auto","background-attachment":"scroll","background-type":"","background-media":"","overlay-type":"","overlay-color":"","overlay-opacity":"","overlay-gradient":""}}},"product_brand":[],"product_cat":[94],"product_tag":[219],"class_list":{"0":"post-3978","1":"product","2":"type-product","3":"status-publish","4":"has-post-thumbnail","6":"product_cat-pvc-usb-pendrive","7":"product_tag-bottle-shape-usb-flash-drive","8":"desktop-align-left","9":"tablet-align-left","10":"mobile-align-left","12":"first","13":"instock","14":"shipping-taxable","15":"product-type-simple"},"_links":{"self":[{"href":"https:\/\/www.usborkeychain.com\/es\/wp-json\/wp\/v2\/product\/3978","targetHints":{"allow":["GET"]}}],"collection":[{"href":"https:\/\/www.usborkeychain.com\/es\/wp-json\/wp\/v2\/product"}],"about":[{"href":"https:\/\/www.usborkeychain.com\/es\/wp-json\/wp\/v2\/types\/product"}],"replies":[{"embeddable":true,"href":"https:\/\/www.usborkeychain.com\/es\/wp-json\/wp\/v2\/comments?post=3978"}],"wp:featuredmedia":[{"embeddable":true,"href":"https:\/\/www.usborkeychain.com\/es\/wp-json\/wp\/v2\/media\/3983"}],"wp:attachment":[{"href":"https:\/\/www.usborkeychain.com\/es\/wp-json\/wp\/v2\/media?parent=3978"}],"wp:term":[{"taxonomy":"product_brand","embeddable":true,"href":"https:\/\/www.usborkeychain.com\/es\/wp-json\/wp\/v2\/product_brand?post=3978"},{"taxonomy":"product_cat","embeddable":true,"href":"https:\/\/www.usborkeychain.com\/es\/wp-json\/wp\/v2\/product_cat?post=3978"},{"taxonomy":"product_tag","embeddable":true,"href":"https:\/\/www.usborkeychain.com\/es\/wp-json\/wp\/v2\/product_tag?post=3978"}],"curies":[{"name":"wp","href":"https:\/\/api.w.org\/{rel}","templated":true}]}}