{"id":3989,"date":"2025-07-12T08:52:01","date_gmt":"2025-07-12T08:52:01","guid":{"rendered":"https:\/\/www.usborkeychain.com\/?post_type=product&#038;p=3989"},"modified":"2025-07-12T10:22:14","modified_gmt":"2025-07-12T10:22:14","slug":"usb-flash-drive-with-a5-notebook","status":"publish","type":"product","link":"https:\/\/www.usborkeychain.com\/es\/producto\/usb-flash-drive-with-a5-notebook\/","title":{"rendered":"Memoria USB con bloc de notas A5\/A6\/B5"},"content":{"rendered":"<p><\/p>\n\n\n\n<div class=\"wp-block-columns is-layout-flex wp-container-core-columns-is-layout-28f84493 wp-block-columns-is-layout-flex\">\n<div class=\"wp-block-column is-layout-flow wp-block-column-is-layout-flow\">\n<figure class=\"wp-block-image size-full\"><img alt=\"\" fetchpriority=\"high\" decoding=\"async\" width=\"797\" height=\"607\" src=\"https:\/\/www.usborkeychain.com\/wp-content\/uploads\/Manufacturer-Custom-A5-Notebook-USB-Flash-Drive.jpg\" class=\"wp-image-4001\" srcset=\"https:\/\/www.usborkeychain.com\/wp-content\/uploads\/Manufacturer-Custom-A5-Notebook-USB-Flash-Drive.jpg 797w, https:\/\/www.usborkeychain.com\/wp-content\/uploads\/Manufacturer-Custom-A5-Notebook-USB-Flash-Drive-300x228.jpg 300w, https:\/\/www.usborkeychain.com\/wp-content\/uploads\/Manufacturer-Custom-A5-Notebook-USB-Flash-Drive-768x585.jpg 768w, https:\/\/www.usborkeychain.com\/wp-content\/uploads\/Manufacturer-Custom-A5-Notebook-USB-Flash-Drive-16x12.jpg 16w, https:\/\/www.usborkeychain.com\/wp-content\/uploads\/Manufacturer-Custom-A5-Notebook-USB-Flash-Drive-600x457.jpg 600w\" sizes=\"(max-width: 797px) 100vw, 797px\" \/><\/figure>\n<\/div>\n\n\n\n<div class=\"wp-block-column is-vertically-aligned-center is-layout-flow wp-block-column-is-layout-flow\">\n<p>En el entorno de la oficina moderna, la unidad USB con port\u00e1til es sin duda un material de oficina innovador.<\/p>\n\n\n\n<p> Combina port\u00e1tiles de diferentes especificaciones, como A5, B5 y A6, con la funci\u00f3n de una unidad USB, lo que aporta una gran comodidad a los usuarios.<\/p>\n<\/div>\n<\/div>\n\n\n\n<h3 class=\"wp-block-heading\">\u00bfQu\u00e9 es una unidad USB con un port\u00e1til?<\/h3>\n\n\n\n<p>La unidad USB con port\u00e1til es un producto de oficina exquisitamente dise\u00f1ado. Presenta una carcasa de cuero de alta calidad, que no s\u00f3lo tiene una textura superior, sino que tambi\u00e9n puede adaptarse a port\u00e1tiles de distintos tama\u00f1os y modelos. Su dise\u00f1o exclusivo radica en la inteligente integraci\u00f3n de la hebilla met\u00e1lica del port\u00e1til en una unidad USB. Este dise\u00f1o garantiza la est\u00e9tica a la vez que consigue una combinaci\u00f3n perfecta de funciones de grabaci\u00f3n y almacenamiento, lo que lo convierte en un compa\u00f1ero ideal para los trabajadores de oficina.<\/p>\n\n\n\n<div class=\"wp-block-columns is-layout-flex wp-container-core-columns-is-layout-28f84493 wp-block-columns-is-layout-flex\">\n<div class=\"wp-block-column is-layout-flow wp-block-column-is-layout-flow\">\n<figure class=\"wp-block-image size-full\"><img alt=\"\" decoding=\"async\" width=\"797\" height=\"607\" src=\"https:\/\/www.usborkeychain.com\/wp-content\/uploads\/Factory-Direct-A5-Notebook-Flash-Drive-with-Customization.jpg\" class=\"wp-image-3999\" srcset=\"https:\/\/www.usborkeychain.com\/wp-content\/uploads\/Factory-Direct-A5-Notebook-Flash-Drive-with-Customization.jpg 797w, https:\/\/www.usborkeychain.com\/wp-content\/uploads\/Factory-Direct-A5-Notebook-Flash-Drive-with-Customization-300x228.jpg 300w, https:\/\/www.usborkeychain.com\/wp-content\/uploads\/Factory-Direct-A5-Notebook-Flash-Drive-with-Customization-768x585.jpg 768w, https:\/\/www.usborkeychain.com\/wp-content\/uploads\/Factory-Direct-A5-Notebook-Flash-Drive-with-Customization-16x12.jpg 16w, https:\/\/www.usborkeychain.com\/wp-content\/uploads\/Factory-Direct-A5-Notebook-Flash-Drive-with-Customization-600x457.jpg 600w\" sizes=\"(max-width: 797px) 100vw, 797px\" \/><\/figure>\n<\/div>\n\n\n\n<div class=\"wp-block-column is-layout-flow wp-block-column-is-layout-flow\">\n<figure class=\"wp-block-image size-full\"><img alt=\"\" decoding=\"async\" width=\"797\" height=\"607\" src=\"https:\/\/www.usborkeychain.com\/wp-content\/uploads\/B5-Manufacturer-Customized-Notebook-USB-Stick.jpg\" class=\"wp-image-3995\" srcset=\"https:\/\/www.usborkeychain.com\/wp-content\/uploads\/B5-Manufacturer-Customized-Notebook-USB-Stick.jpg 797w, https:\/\/www.usborkeychain.com\/wp-content\/uploads\/B5-Manufacturer-Customized-Notebook-USB-Stick-300x228.jpg 300w, https:\/\/www.usborkeychain.com\/wp-content\/uploads\/B5-Manufacturer-Customized-Notebook-USB-Stick-768x585.jpg 768w, https:\/\/www.usborkeychain.com\/wp-content\/uploads\/B5-Manufacturer-Customized-Notebook-USB-Stick-16x12.jpg 16w, https:\/\/www.usborkeychain.com\/wp-content\/uploads\/B5-Manufacturer-Customized-Notebook-USB-Stick-600x457.jpg 600w\" sizes=\"(max-width: 797px) 100vw, 797px\" \/><\/figure>\n<\/div>\n<\/div>\n\n\n\n<h3 class=\"wp-block-heading\">\u00bfCu\u00e1les son los par\u00e1metros de la unidad USB?<\/h3>\n\n\n\n<figure class=\"wp-block-table\"><table class=\"has-fixed-layout\"><thead><tr><th>Par\u00e1metro<\/th><th>Detalles<\/th><\/tr><\/thead><tbody><tr><td>Tipo de interfaz<\/td><td>USB (la versi\u00f3n espec\u00edfica depende del producto)<\/td><\/tr><tr><td>Capacidad<\/td><td>Las opciones habituales van de 16 GB a 256 GB (se pueden personalizar seg\u00fan las necesidades)<\/td><\/tr><tr><td>Velocidad de transferencia de datos<\/td><td>Depende de la versi\u00f3n de USB (por ejemplo, USB2.0 es de unos 480 Mbps, USB3.0 es de unos 5 Gbps).<\/td><\/tr><tr><td>Material<\/td><td>Carcasa de cuero de alta calidad; las p\u00e1ginas interiores pueden seleccionarse seg\u00fan se desee<\/td><\/tr><tr><td>Tama\u00f1o del port\u00e1til<\/td><td>Incluyendo A5 (235MM\u00d7175MM), B5, A6, etc.<\/td><\/tr><\/tbody><\/table><\/figure>\n\n\n\n<h3 class=\"wp-block-heading\">\u00bfSe puede personalizar la unidad USB con un port\u00e1til con un logotipo?<\/h3>\n\n\n\n<p>Por supuesto. Los fabricantes profesionales de unidades USB ofrecen servicios de personalizaci\u00f3n, que pueden grabar logotipos en relieve en la carcasa de cuero del port\u00e1til. Este grabado en relieve puede realizarse mediante diversas t\u00e9cnicas, como el estampado en oro y el estampado en plata, lo que hace que el producto sea m\u00e1s personalizado. Satisface las necesidades de promoci\u00f3n de marcas corporativas o regalos personales, y es una soluci\u00f3n de personalizaci\u00f3n muy pr\u00e1ctica.<\/p>\n\n\n\n<div class=\"wp-block-columns is-layout-flex wp-container-core-columns-is-layout-28f84493 wp-block-columns-is-layout-flex\">\n<div class=\"wp-block-column is-layout-flow wp-block-column-is-layout-flow\">\n<figure class=\"wp-block-image size-full\"><img alt=\"\" loading=\"lazy\" decoding=\"async\" width=\"800\" height=\"800\" src=\"https:\/\/www.usborkeychain.com\/wp-content\/uploads\/A6-Notebook-Thumb-Drive-Customized-by-Manufacturer.jpg\" class=\"wp-image-3993\" srcset=\"https:\/\/www.usborkeychain.com\/wp-content\/uploads\/A6-Notebook-Thumb-Drive-Customized-by-Manufacturer.jpg 800w, https:\/\/www.usborkeychain.com\/wp-content\/uploads\/A6-Notebook-Thumb-Drive-Customized-by-Manufacturer-300x300.jpg 300w, https:\/\/www.usborkeychain.com\/wp-content\/uploads\/A6-Notebook-Thumb-Drive-Customized-by-Manufacturer-150x150.jpg 150w, https:\/\/www.usborkeychain.com\/wp-content\/uploads\/A6-Notebook-Thumb-Drive-Customized-by-Manufacturer-768x768.jpg 768w, https:\/\/www.usborkeychain.com\/wp-content\/uploads\/A6-Notebook-Thumb-Drive-Customized-by-Manufacturer-12x12.jpg 12w, https:\/\/www.usborkeychain.com\/wp-content\/uploads\/A6-Notebook-Thumb-Drive-Customized-by-Manufacturer-600x600.jpg 600w, https:\/\/www.usborkeychain.com\/wp-content\/uploads\/A6-Notebook-Thumb-Drive-Customized-by-Manufacturer-100x100.jpg 100w\" sizes=\"(max-width: 800px) 100vw, 800px\" \/><\/figure>\n<\/div>\n\n\n\n<div class=\"wp-block-column is-layout-flow wp-block-column-is-layout-flow\">\n<figure class=\"wp-block-image size-full\"><img alt=\"\" loading=\"lazy\" decoding=\"async\" width=\"800\" height=\"800\" src=\"https:\/\/www.usborkeychain.com\/wp-content\/uploads\/Factory-Customized-A6-Notebook-Flash-Storage-Drive.jpg\" class=\"wp-image-3998\" srcset=\"https:\/\/www.usborkeychain.com\/wp-content\/uploads\/Factory-Customized-A6-Notebook-Flash-Storage-Drive.jpg 800w, https:\/\/www.usborkeychain.com\/wp-content\/uploads\/Factory-Customized-A6-Notebook-Flash-Storage-Drive-300x300.jpg 300w, https:\/\/www.usborkeychain.com\/wp-content\/uploads\/Factory-Customized-A6-Notebook-Flash-Storage-Drive-150x150.jpg 150w, https:\/\/www.usborkeychain.com\/wp-content\/uploads\/Factory-Customized-A6-Notebook-Flash-Storage-Drive-768x768.jpg 768w, https:\/\/www.usborkeychain.com\/wp-content\/uploads\/Factory-Customized-A6-Notebook-Flash-Storage-Drive-12x12.jpg 12w, https:\/\/www.usborkeychain.com\/wp-content\/uploads\/Factory-Customized-A6-Notebook-Flash-Storage-Drive-600x600.jpg 600w, https:\/\/www.usborkeychain.com\/wp-content\/uploads\/Factory-Customized-A6-Notebook-Flash-Storage-Drive-100x100.jpg 100w\" sizes=\"(max-width: 800px) 100vw, 800px\" \/><\/figure>\n<\/div>\n<\/div>\n\n\n\n<div class=\"wp-block-columns is-layout-flex wp-container-core-columns-is-layout-28f84493 wp-block-columns-is-layout-flex\">\n<div class=\"wp-block-column is-layout-flow wp-block-column-is-layout-flow\">\n<figure class=\"wp-block-image size-full\"><img alt=\"\" loading=\"lazy\" decoding=\"async\" width=\"800\" height=\"800\" src=\"https:\/\/www.usborkeychain.com\/wp-content\/uploads\/Manufacturer-Direct-Custom-A5-Notebook-USB-Stick.jpg\" class=\"wp-image-4002\" srcset=\"https:\/\/www.usborkeychain.com\/wp-content\/uploads\/Manufacturer-Direct-Custom-A5-Notebook-USB-Stick.jpg 800w, https:\/\/www.usborkeychain.com\/wp-content\/uploads\/Manufacturer-Direct-Custom-A5-Notebook-USB-Stick-300x300.jpg 300w, https:\/\/www.usborkeychain.com\/wp-content\/uploads\/Manufacturer-Direct-Custom-A5-Notebook-USB-Stick-150x150.jpg 150w, https:\/\/www.usborkeychain.com\/wp-content\/uploads\/Manufacturer-Direct-Custom-A5-Notebook-USB-Stick-768x768.jpg 768w, https:\/\/www.usborkeychain.com\/wp-content\/uploads\/Manufacturer-Direct-Custom-A5-Notebook-USB-Stick-12x12.jpg 12w, https:\/\/www.usborkeychain.com\/wp-content\/uploads\/Manufacturer-Direct-Custom-A5-Notebook-USB-Stick-600x600.jpg 600w, https:\/\/www.usborkeychain.com\/wp-content\/uploads\/Manufacturer-Direct-Custom-A5-Notebook-USB-Stick-100x100.jpg 100w\" sizes=\"(max-width: 800px) 100vw, 800px\" \/><\/figure>\n<\/div>\n\n\n\n<div class=\"wp-block-column is-layout-flow wp-block-column-is-layout-flow\">\n<figure class=\"wp-block-image size-full\"><img alt=\"\" loading=\"lazy\" decoding=\"async\" width=\"800\" height=\"800\" src=\"https:\/\/www.usborkeychain.com\/wp-content\/uploads\/B5-Custom-Notebook-USB-Memory-Drive-Factory-Supply.jpg\" class=\"wp-image-3994\" srcset=\"https:\/\/www.usborkeychain.com\/wp-content\/uploads\/B5-Custom-Notebook-USB-Memory-Drive-Factory-Supply.jpg 800w, https:\/\/www.usborkeychain.com\/wp-content\/uploads\/B5-Custom-Notebook-USB-Memory-Drive-Factory-Supply-300x300.jpg 300w, https:\/\/www.usborkeychain.com\/wp-content\/uploads\/B5-Custom-Notebook-USB-Memory-Drive-Factory-Supply-150x150.jpg 150w, https:\/\/www.usborkeychain.com\/wp-content\/uploads\/B5-Custom-Notebook-USB-Memory-Drive-Factory-Supply-768x768.jpg 768w, https:\/\/www.usborkeychain.com\/wp-content\/uploads\/B5-Custom-Notebook-USB-Memory-Drive-Factory-Supply-12x12.jpg 12w, https:\/\/www.usborkeychain.com\/wp-content\/uploads\/B5-Custom-Notebook-USB-Memory-Drive-Factory-Supply-600x600.jpg 600w, https:\/\/www.usborkeychain.com\/wp-content\/uploads\/B5-Custom-Notebook-USB-Memory-Drive-Factory-Supply-100x100.jpg 100w\" sizes=\"(max-width: 800px) 100vw, 800px\" \/><\/figure>\n<\/div>\n<\/div>\n\n\n\n<h3 class=\"wp-block-heading\">\u00bfPor qu\u00e9 la unidad USB con bloc de notas es adecuada para los lotes de regalo?<\/h3>\n\n\n\n<p>La unidad USB con port\u00e1til tiene una gran compatibilidad. No s\u00f3lo puede combinarse con ordenadores port\u00e1tiles de distintos modelos, sino tambi\u00e9n con bol\u00edgrafos, power banks y otros productos para formar sets de regalo. Para regalos de empresa o regalos de negocios, estos sets son a la vez pr\u00e1cticos y elegantes. Los servicios de personalizaci\u00f3n de unidades USB pueden crear sets de regalo \u00fanicos seg\u00fan las necesidades del cliente, que pueden mostrar sinceridad y buen gusto tanto si se regalan a empleados como a socios.<\/p>\n\n\n\n<div class=\"wp-block-columns is-layout-flex wp-container-core-columns-is-layout-28f84493 wp-block-columns-is-layout-flex\">\n<div class=\"wp-block-column is-layout-flow wp-block-column-is-layout-flow\">\n<figure class=\"wp-block-image size-full\"><img alt=\"\" loading=\"lazy\" decoding=\"async\" width=\"800\" height=\"800\" src=\"https:\/\/www.usborkeychain.com\/wp-content\/uploads\/Factory-Made-B5-Notebook-Flash-Drive-with-Custom-Design.jpg\" class=\"wp-image-4000\" srcset=\"https:\/\/www.usborkeychain.com\/wp-content\/uploads\/Factory-Made-B5-Notebook-Flash-Drive-with-Custom-Design.jpg 800w, https:\/\/www.usborkeychain.com\/wp-content\/uploads\/Factory-Made-B5-Notebook-Flash-Drive-with-Custom-Design-300x300.jpg 300w, https:\/\/www.usborkeychain.com\/wp-content\/uploads\/Factory-Made-B5-Notebook-Flash-Drive-with-Custom-Design-150x150.jpg 150w, https:\/\/www.usborkeychain.com\/wp-content\/uploads\/Factory-Made-B5-Notebook-Flash-Drive-with-Custom-Design-768x768.jpg 768w, https:\/\/www.usborkeychain.com\/wp-content\/uploads\/Factory-Made-B5-Notebook-Flash-Drive-with-Custom-Design-12x12.jpg 12w, https:\/\/www.usborkeychain.com\/wp-content\/uploads\/Factory-Made-B5-Notebook-Flash-Drive-with-Custom-Design-600x600.jpg 600w, https:\/\/www.usborkeychain.com\/wp-content\/uploads\/Factory-Made-B5-Notebook-Flash-Drive-with-Custom-Design-100x100.jpg 100w\" sizes=\"(max-width: 800px) 100vw, 800px\" \/><\/figure>\n<\/div>\n\n\n\n<div class=\"wp-block-column is-layout-flow wp-block-column-is-layout-flow\">\n<figure class=\"wp-block-image size-full\"><img alt=\"\" loading=\"lazy\" decoding=\"async\" width=\"800\" height=\"800\" src=\"https:\/\/www.usborkeychain.com\/wp-content\/uploads\/Custom-Manufacturer-A5-Notebook-USB-Drive.jpg\" class=\"wp-image-3997\" srcset=\"https:\/\/www.usborkeychain.com\/wp-content\/uploads\/Custom-Manufacturer-A5-Notebook-USB-Drive.jpg 800w, https:\/\/www.usborkeychain.com\/wp-content\/uploads\/Custom-Manufacturer-A5-Notebook-USB-Drive-300x300.jpg 300w, https:\/\/www.usborkeychain.com\/wp-content\/uploads\/Custom-Manufacturer-A5-Notebook-USB-Drive-150x150.jpg 150w, https:\/\/www.usborkeychain.com\/wp-content\/uploads\/Custom-Manufacturer-A5-Notebook-USB-Drive-768x768.jpg 768w, https:\/\/www.usborkeychain.com\/wp-content\/uploads\/Custom-Manufacturer-A5-Notebook-USB-Drive-12x12.jpg 12w, https:\/\/www.usborkeychain.com\/wp-content\/uploads\/Custom-Manufacturer-A5-Notebook-USB-Drive-600x600.jpg 600w, https:\/\/www.usborkeychain.com\/wp-content\/uploads\/Custom-Manufacturer-A5-Notebook-USB-Drive-100x100.jpg 100w\" sizes=\"(max-width: 800px) 100vw, 800px\" \/><\/figure>\n<\/div>\n<\/div>\n\n\n\n<p>En resumen, con su dise\u00f1o innovador, funciones pr\u00e1cticas y ventajas de personalizaci\u00f3n, la unidad USB con port\u00e1til se ha convertido en una opci\u00f3n ideal en los mercados de la oficina y el regalo.<\/p>","protected":false},"excerpt":{"rendered":"<ul>\n<li>Cuaderno A5\u3001A6\u3001B5<\/li>\n<li>Memoria USB<\/li>\n<li>Muchos colores<\/li>\n<li>Puede elegir bol\u00edgrafo con \u00e9l<\/li>\n<li>Puede elegir banco de la energ\u00eda con \u00e9l<\/li>\n<\/ul>","protected":false},"featured_media":3996,"comment_status":"open","ping_status":"closed","template":"","meta":{"_seopress_robots_primary_cat":"","_seopress_titles_title":"","_seopress_titles_desc":"","_seopress_robots_index":"","site-sidebar-layout":"default","site-content-layout":"","ast-site-content-layout":"","site-content-style":"default","site-sidebar-style":"default","ast-global-header-display":"","ast-banner-title-visibility":"","ast-main-header-display":"","ast-hfb-above-header-display":"","ast-hfb-below-header-display":"","ast-hfb-mobile-header-display":"","site-post-title":"","ast-breadcrumbs-content":"","ast-featured-img":"","footer-sml-layout":"","theme-transparent-header-meta":"","adv-header-id-meta":"","stick-header-meta":"","header-above-stick-meta":"","header-main-stick-meta":"","header-below-stick-meta":"","astra-migrate-meta-layouts":"default","ast-page-background-enabled":"default","ast-page-background-meta":{"desktop":{"background-color":"var(--ast-global-color-5)","background-image":"","background-repeat":"repeat","background-position":"center center","background-size":"auto","background-attachment":"scroll","background-type":"","background-media":"","overlay-type":"","overlay-color":"","overlay-opacity":"","overlay-gradient":""},"tablet":{"background-color":"","background-image":"","background-repeat":"repeat","background-position":"center center","background-size":"auto","background-attachment":"scroll","background-type":"","background-media":"","overlay-type":"","overlay-color":"","overlay-opacity":"","overlay-gradient":""},"mobile":{"background-color":"","background-image":"","background-repeat":"repeat","background-position":"center center","background-size":"auto","background-attachment":"scroll","background-type":"","background-media":"","overlay-type":"","overlay-color":"","overlay-opacity":"","overlay-gradient":""}},"ast-content-background-meta":{"desktop":{"background-color":"var(--ast-global-color-4)","background-image":"","background-repeat":"repeat","background-position":"center center","background-size":"auto","background-attachment":"scroll","background-type":"","background-media":"","overlay-type":"","overlay-color":"","overlay-opacity":"","overlay-gradient":""},"tablet":{"background-color":"var(--ast-global-color-4)","background-image":"","background-repeat":"repeat","background-position":"center center","background-size":"auto","background-attachment":"scroll","background-type":"","background-media":"","overlay-type":"","overlay-color":"","overlay-opacity":"","overlay-gradient":""},"mobile":{"background-color":"var(--ast-global-color-4)","background-image":"","background-repeat":"repeat","background-position":"center center","background-size":"auto","background-attachment":"scroll","background-type":"","background-media":"","overlay-type":"","overlay-color":"","overlay-opacity":"","overlay-gradient":""}}},"product_brand":[],"product_cat":[99],"product_tag":[],"class_list":{"0":"post-3989","1":"product","2":"type-product","3":"status-publish","4":"has-post-thumbnail","6":"product_cat-usb-pendrive-with-notebook","7":"desktop-align-left","8":"tablet-align-left","9":"mobile-align-left","11":"first","12":"instock","13":"shipping-taxable","14":"product-type-simple"},"_links":{"self":[{"href":"https:\/\/www.usborkeychain.com\/es\/wp-json\/wp\/v2\/product\/3989","targetHints":{"allow":["GET"]}}],"collection":[{"href":"https:\/\/www.usborkeychain.com\/es\/wp-json\/wp\/v2\/product"}],"about":[{"href":"https:\/\/www.usborkeychain.com\/es\/wp-json\/wp\/v2\/types\/product"}],"replies":[{"embeddable":true,"href":"https:\/\/www.usborkeychain.com\/es\/wp-json\/wp\/v2\/comments?post=3989"}],"wp:featuredmedia":[{"embeddable":true,"href":"https:\/\/www.usborkeychain.com\/es\/wp-json\/wp\/v2\/media\/3996"}],"wp:attachment":[{"href":"https:\/\/www.usborkeychain.com\/es\/wp-json\/wp\/v2\/media?parent=3989"}],"wp:term":[{"taxonomy":"product_brand","embeddable":true,"href":"https:\/\/www.usborkeychain.com\/es\/wp-json\/wp\/v2\/product_brand?post=3989"},{"taxonomy":"product_cat","embeddable":true,"href":"https:\/\/www.usborkeychain.com\/es\/wp-json\/wp\/v2\/product_cat?post=3989"},{"taxonomy":"product_tag","embeddable":true,"href":"https:\/\/www.usborkeychain.com\/es\/wp-json\/wp\/v2\/product_tag?post=3989"}],"curies":[{"name":"wp","href":"https:\/\/api.w.org\/{rel}","templated":true}]}}