{"id":4003,"date":"2025-07-12T09:38:09","date_gmt":"2025-07-12T09:38:09","guid":{"rendered":"https:\/\/www.usborkeychain.com\/?post_type=product&#038;p=4003"},"modified":"2025-07-12T10:22:25","modified_gmt":"2025-07-12T10:22:25","slug":"a5-b5-daolin-paper-notebook-flash-drive","status":"publish","type":"product","link":"https:\/\/www.usborkeychain.com\/es\/producto\/a5-b5-daolin-paper-notebook-flash-drive\/","title":{"rendered":"A5\/B5 Daolin Papel Cuaderno Pendrive"},"content":{"rendered":"<p><\/p>\n\n\n\n<div class=\"wp-block-columns is-layout-flex wp-container-core-columns-is-layout-28f84493 wp-block-columns-is-layout-flex\">\n<div class=\"wp-block-column is-layout-flow wp-block-column-is-layout-flow\">\n<figure class=\"wp-block-image size-full\"><img alt=\"\" fetchpriority=\"high\" decoding=\"async\" width=\"750\" height=\"469\" src=\"https:\/\/www.usborkeychain.com\/wp-content\/uploads\/Custom-A5-Daolin-Notebook-USB-Storage-Drive.jpg\" class=\"wp-image-4010\" srcset=\"https:\/\/www.usborkeychain.com\/wp-content\/uploads\/Custom-A5-Daolin-Notebook-USB-Storage-Drive.jpg 750w, https:\/\/www.usborkeychain.com\/wp-content\/uploads\/Custom-A5-Daolin-Notebook-USB-Storage-Drive-300x188.jpg 300w, https:\/\/www.usborkeychain.com\/wp-content\/uploads\/Custom-A5-Daolin-Notebook-USB-Storage-Drive-18x12.jpg 18w, https:\/\/www.usborkeychain.com\/wp-content\/uploads\/Custom-A5-Daolin-Notebook-USB-Storage-Drive-600x375.jpg 600w\" sizes=\"(max-width: 750px) 100vw, 750px\" \/><\/figure>\n<\/div>\n\n\n\n<div class=\"wp-block-column is-vertically-aligned-center is-layout-flow wp-block-column-is-layout-flow\">\n<p>En los vertiginosos entornos de oficina actuales, la memoria USB integrada en un port\u00e1til destaca como una herramienta muy funcional e innovadora. <\/p>\n\n\n\n<p>Dise\u00f1ado espec\u00edficamente para uso profesional, este producto combina la practicidad de un cuaderno de papel Dowling con la capacidad de almacenamiento de datos de una unidad flash USB, ofreciendo una soluci\u00f3n perfecta para las necesidades del lugar de trabajo moderno. <\/p>\n\n\n\n<p>Elimina la molestia de llevar port\u00e1tiles y dispositivos de almacenamiento por separado, lo que lo convierte en un accesorio imprescindible para los profesionales centrados en la eficiencia.<\/p>\n<\/div>\n<\/div>\n\n\n\n<h3 class=\"wp-block-heading\">\u00bfQu\u00e9 es la memoria USB con cuaderno de papel Dowling?<\/h3>\n\n\n\n<p>La unidad flash USB con cuaderno de papel Dowling presenta un exterior de material PU de primera calidad, que garantiza su durabilidad y un tacto elegante. Es compatible con varios tama\u00f1os y modelos de port\u00e1tiles, adapt\u00e1ndose f\u00e1cilmente a las distintas preferencias de los usuarios. Su rasgo distintivo es la unidad USB rectangular de metal integrada en la hebilla met\u00e1lica del port\u00e1til: larga, delgada y de dise\u00f1o impecable, este detalle funcional mantiene el aspecto general aerodin\u00e1mico a la vez que a\u00f1ade una funcionalidad de almacenamiento esencial.<\/p>\n\n\n\n<div class=\"wp-block-columns is-layout-flex wp-container-core-columns-is-layout-9c22b1e3 wp-block-columns-is-layout-flex\">\n<div class=\"wp-block-column is-layout-flow wp-block-column-is-layout-flow\">\n<figure class=\"wp-block-image size-full\"><img alt=\"\" decoding=\"async\" width=\"800\" height=\"800\" src=\"https:\/\/www.usborkeychain.com\/wp-content\/uploads\/Manufacturer-Direct-Custom-B5-Daolin-Notebook-USB-Stick.jpg\" class=\"wp-image-4014\" srcset=\"https:\/\/www.usborkeychain.com\/wp-content\/uploads\/Manufacturer-Direct-Custom-B5-Daolin-Notebook-USB-Stick.jpg 800w, https:\/\/www.usborkeychain.com\/wp-content\/uploads\/Manufacturer-Direct-Custom-B5-Daolin-Notebook-USB-Stick-300x300.jpg 300w, https:\/\/www.usborkeychain.com\/wp-content\/uploads\/Manufacturer-Direct-Custom-B5-Daolin-Notebook-USB-Stick-150x150.jpg 150w, https:\/\/www.usborkeychain.com\/wp-content\/uploads\/Manufacturer-Direct-Custom-B5-Daolin-Notebook-USB-Stick-768x768.jpg 768w, https:\/\/www.usborkeychain.com\/wp-content\/uploads\/Manufacturer-Direct-Custom-B5-Daolin-Notebook-USB-Stick-12x12.jpg 12w, https:\/\/www.usborkeychain.com\/wp-content\/uploads\/Manufacturer-Direct-Custom-B5-Daolin-Notebook-USB-Stick-600x600.jpg 600w, https:\/\/www.usborkeychain.com\/wp-content\/uploads\/Manufacturer-Direct-Custom-B5-Daolin-Notebook-USB-Stick-100x100.jpg 100w\" sizes=\"(max-width: 800px) 100vw, 800px\" \/><\/figure>\n<\/div>\n\n\n\n<div class=\"wp-block-column is-layout-flow wp-block-column-is-layout-flow\">\n<figure class=\"wp-block-image size-full\"><img alt=\"\" decoding=\"async\" width=\"800\" height=\"800\" src=\"https:\/\/www.usborkeychain.com\/wp-content\/uploads\/Factory-Customized-A6-Daolin-Notebook-USB-Memory-Stick.jpg\" class=\"wp-image-4012\" srcset=\"https:\/\/www.usborkeychain.com\/wp-content\/uploads\/Factory-Customized-A6-Daolin-Notebook-USB-Memory-Stick.jpg 800w, https:\/\/www.usborkeychain.com\/wp-content\/uploads\/Factory-Customized-A6-Daolin-Notebook-USB-Memory-Stick-300x300.jpg 300w, https:\/\/www.usborkeychain.com\/wp-content\/uploads\/Factory-Customized-A6-Daolin-Notebook-USB-Memory-Stick-150x150.jpg 150w, https:\/\/www.usborkeychain.com\/wp-content\/uploads\/Factory-Customized-A6-Daolin-Notebook-USB-Memory-Stick-768x768.jpg 768w, https:\/\/www.usborkeychain.com\/wp-content\/uploads\/Factory-Customized-A6-Daolin-Notebook-USB-Memory-Stick-12x12.jpg 12w, https:\/\/www.usborkeychain.com\/wp-content\/uploads\/Factory-Customized-A6-Daolin-Notebook-USB-Memory-Stick-600x600.jpg 600w, https:\/\/www.usborkeychain.com\/wp-content\/uploads\/Factory-Customized-A6-Daolin-Notebook-USB-Memory-Stick-100x100.jpg 100w\" sizes=\"(max-width: 800px) 100vw, 800px\" \/><\/figure>\n<\/div>\n<\/div>\n\n\n\n<div class=\"wp-block-columns is-layout-flex wp-container-core-columns-is-layout-9c22b1e3 wp-block-columns-is-layout-flex\">\n<div class=\"wp-block-column is-layout-flow wp-block-column-is-layout-flow\">\n<figure class=\"wp-block-image size-full\"><img alt=\"\" loading=\"lazy\" decoding=\"async\" width=\"800\" height=\"800\" src=\"https:\/\/www.usborkeychain.com\/wp-content\/uploads\/A5-Daolin-Paper-Notebook-USB-Flash-Drive-Factory.jpg\" class=\"wp-image-4006\" srcset=\"https:\/\/www.usborkeychain.com\/wp-content\/uploads\/A5-Daolin-Paper-Notebook-USB-Flash-Drive-Factory.jpg 800w, https:\/\/www.usborkeychain.com\/wp-content\/uploads\/A5-Daolin-Paper-Notebook-USB-Flash-Drive-Factory-300x300.jpg 300w, https:\/\/www.usborkeychain.com\/wp-content\/uploads\/A5-Daolin-Paper-Notebook-USB-Flash-Drive-Factory-150x150.jpg 150w, https:\/\/www.usborkeychain.com\/wp-content\/uploads\/A5-Daolin-Paper-Notebook-USB-Flash-Drive-Factory-768x768.jpg 768w, https:\/\/www.usborkeychain.com\/wp-content\/uploads\/A5-Daolin-Paper-Notebook-USB-Flash-Drive-Factory-12x12.jpg 12w, https:\/\/www.usborkeychain.com\/wp-content\/uploads\/A5-Daolin-Paper-Notebook-USB-Flash-Drive-Factory-600x600.jpg 600w, https:\/\/www.usborkeychain.com\/wp-content\/uploads\/A5-Daolin-Paper-Notebook-USB-Flash-Drive-Factory-100x100.jpg 100w\" sizes=\"(max-width: 800px) 100vw, 800px\" \/><\/figure>\n<\/div>\n\n\n\n<div class=\"wp-block-column is-layout-flow wp-block-column-is-layout-flow\">\n<figure class=\"wp-block-image size-full\"><img alt=\"\" loading=\"lazy\" decoding=\"async\" width=\"800\" height=\"800\" src=\"https:\/\/www.usborkeychain.com\/wp-content\/uploads\/Manufacturer-Direct-Custom-A5-Notebook-USB-Stick.jpg\" class=\"wp-image-4002\" srcset=\"https:\/\/www.usborkeychain.com\/wp-content\/uploads\/Manufacturer-Direct-Custom-A5-Notebook-USB-Stick.jpg 800w, https:\/\/www.usborkeychain.com\/wp-content\/uploads\/Manufacturer-Direct-Custom-A5-Notebook-USB-Stick-300x300.jpg 300w, https:\/\/www.usborkeychain.com\/wp-content\/uploads\/Manufacturer-Direct-Custom-A5-Notebook-USB-Stick-150x150.jpg 150w, https:\/\/www.usborkeychain.com\/wp-content\/uploads\/Manufacturer-Direct-Custom-A5-Notebook-USB-Stick-768x768.jpg 768w, https:\/\/www.usborkeychain.com\/wp-content\/uploads\/Manufacturer-Direct-Custom-A5-Notebook-USB-Stick-12x12.jpg 12w, https:\/\/www.usborkeychain.com\/wp-content\/uploads\/Manufacturer-Direct-Custom-A5-Notebook-USB-Stick-600x600.jpg 600w, https:\/\/www.usborkeychain.com\/wp-content\/uploads\/Manufacturer-Direct-Custom-A5-Notebook-USB-Stick-100x100.jpg 100w\" sizes=\"(max-width: 800px) 100vw, 800px\" \/><\/figure>\n<\/div>\n<\/div>\n\n\n\n<h3 class=\"wp-block-heading\">\u00bfCu\u00e1les son los par\u00e1metros de la memoria USB?<\/h3>\n\n\n\n<figure class=\"wp-block-table\"><table class=\"has-fixed-layout\"><thead><tr><th>Par\u00e1metro<\/th><th>Detalles<\/th><\/tr><\/thead><tbody><tr><td>Material<\/td><td>PU que cambia de color<\/td><\/tr><tr><td>P\u00e1ginas interiores<\/td><td>Papel Dowling de 80 gramos<\/td><\/tr><tr><td>Recuento de p\u00e1ginas<\/td><td>100 hojas (200 p\u00e1ginas)<\/td><\/tr><tr><td>Dimensiones del producto<\/td><td>145\u00d7210 mm<\/td><\/tr><tr><td>Espaciado interior del n\u00facleo<\/td><td>8 mm<\/td><\/tr><tr><td>Tipo de n\u00facleo interno<\/td><td>N\u00facleo de cuaderno de l\u00edneas horizontales<\/td><\/tr><tr><td>Material del n\u00facleo interno<\/td><td>Papel Dowling beige de 80 gramos<\/td><\/tr><tr><td>Cantidad de p\u00e1ginas interiores<\/td><td>100 hojas (200 p\u00e1ginas)<\/td><\/tr><\/tbody><\/table><\/figure>\n\n\n\n<h3 class=\"wp-block-heading\">\u00bfSe puede personalizar el bloc de notas de la memoria USB con bloc de notas?<\/h3>\n\n\n\n<p>Absolutamente. Los fabricantes de unidades USB ofrecen amplias opciones de personalizaci\u00f3n para el port\u00e1til. Los usuarios pueden ajustar el n\u00famero de p\u00e1ginas interiores, elegir colores de cubierta personalizados e incluso a\u00f1adir logotipos a la cubierta mediante t\u00e9cnicas como el gofrado, la impresi\u00f3n en color, el estampado en oro o en plata. Estos servicios de personalizaci\u00f3n garantizan que el producto se ajuste perfectamente a la identidad de la marca o a las preferencias personales.<\/p>\n\n\n\n<div class=\"wp-block-columns is-layout-flex wp-container-core-columns-is-layout-9c22b1e3 wp-block-columns-is-layout-flex\">\n<div class=\"wp-block-column is-layout-flow wp-block-column-is-layout-flow\">\n<figure class=\"wp-block-image size-full\"><img alt=\"\" loading=\"lazy\" decoding=\"async\" width=\"750\" height=\"469\" src=\"https:\/\/www.usborkeychain.com\/wp-content\/uploads\/B5-Daolin-Paper-Notebook-Thumb-Drive.jpg\" class=\"wp-image-4009\" srcset=\"https:\/\/www.usborkeychain.com\/wp-content\/uploads\/B5-Daolin-Paper-Notebook-Thumb-Drive.jpg 750w, https:\/\/www.usborkeychain.com\/wp-content\/uploads\/B5-Daolin-Paper-Notebook-Thumb-Drive-300x188.jpg 300w, https:\/\/www.usborkeychain.com\/wp-content\/uploads\/B5-Daolin-Paper-Notebook-Thumb-Drive-18x12.jpg 18w, https:\/\/www.usborkeychain.com\/wp-content\/uploads\/B5-Daolin-Paper-Notebook-Thumb-Drive-600x375.jpg 600w\" sizes=\"(max-width: 750px) 100vw, 750px\" \/><\/figure>\n<\/div>\n\n\n\n<div class=\"wp-block-column is-layout-flow wp-block-column-is-layout-flow\">\n<figure class=\"wp-block-image size-full\"><img alt=\"\" loading=\"lazy\" decoding=\"async\" width=\"750\" height=\"469\" src=\"https:\/\/www.usborkeychain.com\/wp-content\/uploads\/A6-Daolin-Paper-Notebook-Flash-Drive-with-Factory-Customization.jpg\" class=\"wp-image-4007\" srcset=\"https:\/\/www.usborkeychain.com\/wp-content\/uploads\/A6-Daolin-Paper-Notebook-Flash-Drive-with-Factory-Customization.jpg 750w, https:\/\/www.usborkeychain.com\/wp-content\/uploads\/A6-Daolin-Paper-Notebook-Flash-Drive-with-Factory-Customization-300x188.jpg 300w, https:\/\/www.usborkeychain.com\/wp-content\/uploads\/A6-Daolin-Paper-Notebook-Flash-Drive-with-Factory-Customization-18x12.jpg 18w, https:\/\/www.usborkeychain.com\/wp-content\/uploads\/A6-Daolin-Paper-Notebook-Flash-Drive-with-Factory-Customization-600x375.jpg 600w\" sizes=\"(max-width: 750px) 100vw, 750px\" \/><\/figure>\n<\/div>\n<\/div>\n\n\n\n<h3 class=\"wp-block-heading\">\u00bfPor qu\u00e9 es adecuada como regalo la memoria USB con bloc de notas?<\/h3>\n\n\n\n<p><\/p>\n\n\n\n<div class=\"wp-block-columns is-layout-flex wp-container-core-columns-is-layout-28f84493 wp-block-columns-is-layout-flex\">\n<div class=\"wp-block-column is-layout-flow wp-block-column-is-layout-flow\">\n<figure class=\"wp-block-image size-full\"><img alt=\"\" loading=\"lazy\" decoding=\"async\" width=\"745\" height=\"409\" src=\"https:\/\/www.usborkeychain.com\/wp-content\/uploads\/A6-Daolin-Paper-Notebook-Thumb-Drive-Customized-by-Manufacturer.jpg\" class=\"wp-image-4008\" srcset=\"https:\/\/www.usborkeychain.com\/wp-content\/uploads\/A6-Daolin-Paper-Notebook-Thumb-Drive-Customized-by-Manufacturer.jpg 745w, https:\/\/www.usborkeychain.com\/wp-content\/uploads\/A6-Daolin-Paper-Notebook-Thumb-Drive-Customized-by-Manufacturer-300x165.jpg 300w, https:\/\/www.usborkeychain.com\/wp-content\/uploads\/A6-Daolin-Paper-Notebook-Thumb-Drive-Customized-by-Manufacturer-18x10.jpg 18w, https:\/\/www.usborkeychain.com\/wp-content\/uploads\/A6-Daolin-Paper-Notebook-Thumb-Drive-Customized-by-Manufacturer-600x329.jpg 600w\" sizes=\"(max-width: 745px) 100vw, 745px\" \/><\/figure>\n<\/div>\n\n\n\n<div class=\"wp-block-column is-vertically-aligned-center is-layout-flow wp-block-column-is-layout-flow\">\n<p>El trabajo de oficina exige intr\u00ednsecamente el uso de ordenadores port\u00e1tiles, y la incorporaci\u00f3n de una unidad USB hace que este producto sea doblemente \u00fatil. Satisface las necesidades diarias de casi todos los profesionales, ya que combina la toma de notas y el almacenamiento de datos en un pr\u00e1ctico art\u00edculo.<\/p>\n\n\n\n<p> Tanto si se regala a empleados como a clientes o socios comerciales, consigue el equilibrio ideal entre practicidad y consideraci\u00f3n, lo que lo convierte en un regalo apreciado por todos.<\/p>\n<\/div>\n<\/div>\n\n\n\n<p>En resumen, la memoria USB con port\u00e1til, con sus materiales de primera calidad, especificaciones detalladas y funciones personalizables, se perfila como la mejor opci\u00f3n tanto para la oficina como para regalar.<\/p>\n\n\n\n<p><\/p>","protected":false},"excerpt":{"rendered":"<ul>\n<li>A5\/B5 Cuaderno de papel Daolin<\/li>\n<li>Mini unidad usb met\u00e1lica<\/li>\n<li>Puede elegir entre 1 GB y 256 GB de capacidad<\/li>\n<li>Muchos colores a elegir<\/li>\n<li>Puede personalizar LOGO<\/li>\n<\/ul>","protected":false},"featured_media":4013,"comment_status":"open","ping_status":"closed","template":"","meta":{"_seopress_robots_primary_cat":"","_seopress_titles_title":"","_seopress_titles_desc":"","_seopress_robots_index":"","site-sidebar-layout":"default","site-content-layout":"","ast-site-content-layout":"","site-content-style":"default","site-sidebar-style":"default","ast-global-header-display":"","ast-banner-title-visibility":"","ast-main-header-display":"","ast-hfb-above-header-display":"","ast-hfb-below-header-display":"","ast-hfb-mobile-header-display":"","site-post-title":"","ast-breadcrumbs-content":"","ast-featured-img":"","footer-sml-layout":"","theme-transparent-header-meta":"","adv-header-id-meta":"","stick-header-meta":"","header-above-stick-meta":"","header-main-stick-meta":"","header-below-stick-meta":"","astra-migrate-meta-layouts":"default","ast-page-background-enabled":"default","ast-page-background-meta":{"desktop":{"background-color":"var(--ast-global-color-5)","background-image":"","background-repeat":"repeat","background-position":"center center","background-size":"auto","background-attachment":"scroll","background-type":"","background-media":"","overlay-type":"","overlay-color":"","overlay-opacity":"","overlay-gradient":""},"tablet":{"background-color":"","background-image":"","background-repeat":"repeat","background-position":"center center","background-size":"auto","background-attachment":"scroll","background-type":"","background-media":"","overlay-type":"","overlay-color":"","overlay-opacity":"","overlay-gradient":""},"mobile":{"background-color":"","background-image":"","background-repeat":"repeat","background-position":"center center","background-size":"auto","background-attachment":"scroll","background-type":"","background-media":"","overlay-type":"","overlay-color":"","overlay-opacity":"","overlay-gradient":""}},"ast-content-background-meta":{"desktop":{"background-color":"var(--ast-global-color-4)","background-image":"","background-repeat":"repeat","background-position":"center center","background-size":"auto","background-attachment":"scroll","background-type":"","background-media":"","overlay-type":"","overlay-color":"","overlay-opacity":"","overlay-gradient":""},"tablet":{"background-color":"var(--ast-global-color-4)","background-image":"","background-repeat":"repeat","background-position":"center center","background-size":"auto","background-attachment":"scroll","background-type":"","background-media":"","overlay-type":"","overlay-color":"","overlay-opacity":"","overlay-gradient":""},"mobile":{"background-color":"var(--ast-global-color-4)","background-image":"","background-repeat":"repeat","background-position":"center center","background-size":"auto","background-attachment":"scroll","background-type":"","background-media":"","overlay-type":"","overlay-color":"","overlay-opacity":"","overlay-gradient":""}}},"product_brand":[],"product_cat":[99],"product_tag":[],"class_list":{"0":"post-4003","1":"product","2":"type-product","3":"status-publish","4":"has-post-thumbnail","6":"product_cat-usb-pendrive-with-notebook","7":"desktop-align-left","8":"tablet-align-left","9":"mobile-align-left","11":"first","12":"instock","13":"shipping-taxable","14":"product-type-simple"},"_links":{"self":[{"href":"https:\/\/www.usborkeychain.com\/es\/wp-json\/wp\/v2\/product\/4003","targetHints":{"allow":["GET"]}}],"collection":[{"href":"https:\/\/www.usborkeychain.com\/es\/wp-json\/wp\/v2\/product"}],"about":[{"href":"https:\/\/www.usborkeychain.com\/es\/wp-json\/wp\/v2\/types\/product"}],"replies":[{"embeddable":true,"href":"https:\/\/www.usborkeychain.com\/es\/wp-json\/wp\/v2\/comments?post=4003"}],"wp:featuredmedia":[{"embeddable":true,"href":"https:\/\/www.usborkeychain.com\/es\/wp-json\/wp\/v2\/media\/4013"}],"wp:attachment":[{"href":"https:\/\/www.usborkeychain.com\/es\/wp-json\/wp\/v2\/media?parent=4003"}],"wp:term":[{"taxonomy":"product_brand","embeddable":true,"href":"https:\/\/www.usborkeychain.com\/es\/wp-json\/wp\/v2\/product_brand?post=4003"},{"taxonomy":"product_cat","embeddable":true,"href":"https:\/\/www.usborkeychain.com\/es\/wp-json\/wp\/v2\/product_cat?post=4003"},{"taxonomy":"product_tag","embeddable":true,"href":"https:\/\/www.usborkeychain.com\/es\/wp-json\/wp\/v2\/product_tag?post=4003"}],"curies":[{"name":"wp","href":"https:\/\/api.w.org\/{rel}","templated":true}]}}