{"id":4015,"date":"2025-07-12T10:15:29","date_gmt":"2025-07-12T10:15:29","guid":{"rendered":"https:\/\/www.usborkeychain.com\/?post_type=product&#038;p=4015"},"modified":"2025-07-12T10:22:36","modified_gmt":"2025-07-12T10:22:36","slug":"metal-usb-flash-drive-with-diamond-and-notebook","status":"publish","type":"product","link":"https:\/\/www.usborkeychain.com\/es\/producto\/metal-usb-flash-drive-with-diamond-and-notebook\/","title":{"rendered":"Memoria USB met\u00e1lica con diamante y bloc de notas"},"content":{"rendered":"<p><\/p>\n\n\n\n<div class=\"wp-block-columns is-layout-flex wp-container-core-columns-is-layout-28f84493 wp-block-columns-is-layout-flex\">\n<div class=\"wp-block-column is-layout-flow wp-block-column-is-layout-flow\">\n<figure class=\"wp-block-image size-full\"><img fetchpriority=\"high\" decoding=\"async\" width=\"800\" height=\"800\" src=\"https:\/\/www.usborkeychain.com\/wp-content\/uploads\/Personalized-Notebook-with-USB-Flash-pendrive.jpg\" alt=\"Personalized-Notebook-with-USB-Flash-pendrive\" class=\"wp-image-4022\" srcset=\"https:\/\/www.usborkeychain.com\/wp-content\/uploads\/Personalized-Notebook-with-USB-Flash-pendrive.jpg 800w, https:\/\/www.usborkeychain.com\/wp-content\/uploads\/Personalized-Notebook-with-USB-Flash-pendrive-300x300.jpg 300w, https:\/\/www.usborkeychain.com\/wp-content\/uploads\/Personalized-Notebook-with-USB-Flash-pendrive-150x150.jpg 150w, https:\/\/www.usborkeychain.com\/wp-content\/uploads\/Personalized-Notebook-with-USB-Flash-pendrive-768x768.jpg 768w, https:\/\/www.usborkeychain.com\/wp-content\/uploads\/Personalized-Notebook-with-USB-Flash-pendrive-12x12.jpg 12w, https:\/\/www.usborkeychain.com\/wp-content\/uploads\/Personalized-Notebook-with-USB-Flash-pendrive-600x600.jpg 600w, https:\/\/www.usborkeychain.com\/wp-content\/uploads\/Personalized-Notebook-with-USB-Flash-pendrive-100x100.jpg 100w\" sizes=\"(max-width: 800px) 100vw, 800px\" \/><\/figure>\n<\/div>\n\n\n\n<div class=\"wp-block-column is-vertically-aligned-center is-layout-flow wp-block-column-is-layout-flow\">\n<p>En la era actual en la que se persigue la personalizaci\u00f3n y la alta calidad, destaca la unidad USB de metal con diamantes para port\u00e1til. Combina a la perfecci\u00f3n elementos de moda con funciones pr\u00e1cticas gracias a su dise\u00f1o \u00fanico. <\/p>\n\n\n\n<p>Es muy apreciado por los consumidores. Con delicados diamantes incrustados en la carcasa exterior, su forma alargada y el material met\u00e1lico muestran lujo.<\/p>\n<\/div>\n<\/div>\n\n\n\n<h3 class=\"wp-block-heading\">\u00bfQu\u00e9 material se utiliza para la unidad USB port\u00e1til de metal con diamantes?<\/h3>\n\n\n\n<p>Esta unidad USB est\u00e1 fabricada en metal de alta calidad. El marco c\u00f3ncavo-convexo que la rodea no s\u00f3lo aumenta la est\u00e9tica, sino que tambi\u00e9n evita en cierta medida el desgaste. La incrustaci\u00f3n de diamantes es el toque final, que hace que toda la unidad USB parezca m\u00e1s de gama alta. El dise\u00f1o alargado es sencillo y elegante, un estilo cl\u00e1sico entre las unidades USB para port\u00e1tiles. Los fabricantes de memorias USB prestan mucha atenci\u00f3n a la selecci\u00f3n de materiales para garantizar la textura y durabilidad del producto.<\/p>\n\n\n\n<div class=\"wp-block-columns is-layout-flex wp-container-core-columns-is-layout-28f84493 wp-block-columns-is-layout-flex\">\n<div class=\"wp-block-column is-layout-flow wp-block-column-is-layout-flow\">\n<figure class=\"wp-block-image size-full\"><img decoding=\"async\" width=\"800\" height=\"800\" src=\"https:\/\/www.usborkeychain.com\/wp-content\/uploads\/A5-Notebook-Diary-with-USB-Flash-Drive.jpg\" alt=\"A5-Notebook-Diary-with-USB-Flash-Drive\" class=\"wp-image-4019\" srcset=\"https:\/\/www.usborkeychain.com\/wp-content\/uploads\/A5-Notebook-Diary-with-USB-Flash-Drive.jpg 800w, https:\/\/www.usborkeychain.com\/wp-content\/uploads\/A5-Notebook-Diary-with-USB-Flash-Drive-300x300.jpg 300w, https:\/\/www.usborkeychain.com\/wp-content\/uploads\/A5-Notebook-Diary-with-USB-Flash-Drive-150x150.jpg 150w, https:\/\/www.usborkeychain.com\/wp-content\/uploads\/A5-Notebook-Diary-with-USB-Flash-Drive-768x768.jpg 768w, https:\/\/www.usborkeychain.com\/wp-content\/uploads\/A5-Notebook-Diary-with-USB-Flash-Drive-12x12.jpg 12w, https:\/\/www.usborkeychain.com\/wp-content\/uploads\/A5-Notebook-Diary-with-USB-Flash-Drive-600x600.jpg 600w, https:\/\/www.usborkeychain.com\/wp-content\/uploads\/A5-Notebook-Diary-with-USB-Flash-Drive-100x100.jpg 100w\" sizes=\"(max-width: 800px) 100vw, 800px\" \/><\/figure>\n<\/div>\n\n\n\n<div class=\"wp-block-column is-layout-flow wp-block-column-is-layout-flow\">\n<figure class=\"wp-block-image size-full\"><img decoding=\"async\" width=\"800\" height=\"800\" src=\"https:\/\/www.usborkeychain.com\/wp-content\/uploads\/gold-Personalized-Notebook-with-USB-Flash-Drive.jpg\" alt=\"gold-Personalized-Notebook-with-USB-Flash-Drive\" class=\"wp-image-4020\" srcset=\"https:\/\/www.usborkeychain.com\/wp-content\/uploads\/gold-Personalized-Notebook-with-USB-Flash-Drive.jpg 800w, https:\/\/www.usborkeychain.com\/wp-content\/uploads\/gold-Personalized-Notebook-with-USB-Flash-Drive-300x300.jpg 300w, https:\/\/www.usborkeychain.com\/wp-content\/uploads\/gold-Personalized-Notebook-with-USB-Flash-Drive-150x150.jpg 150w, https:\/\/www.usborkeychain.com\/wp-content\/uploads\/gold-Personalized-Notebook-with-USB-Flash-Drive-768x768.jpg 768w, https:\/\/www.usborkeychain.com\/wp-content\/uploads\/gold-Personalized-Notebook-with-USB-Flash-Drive-12x12.jpg 12w, https:\/\/www.usborkeychain.com\/wp-content\/uploads\/gold-Personalized-Notebook-with-USB-Flash-Drive-600x600.jpg 600w, https:\/\/www.usborkeychain.com\/wp-content\/uploads\/gold-Personalized-Notebook-with-USB-Flash-Drive-100x100.jpg 100w\" sizes=\"(max-width: 800px) 100vw, 800px\" \/><\/figure>\n<\/div>\n<\/div>\n\n\n\n<h3 class=\"wp-block-heading\">\u00bfCu\u00e1les son los par\u00e1metros de la unidad USB?<\/h3>\n\n\n\n<figure class=\"wp-block-table\"><table class=\"has-fixed-layout\"><thead><tr><th>Par\u00e1metro<\/th><th>Detalles<\/th><\/tr><\/thead><tbody><tr><td>Material<\/td><td>Metal de alta calidad<\/td><\/tr><tr><td>Decoraci\u00f3n<\/td><td>Diamantes<\/td><\/tr><tr><td>Forma<\/td><td>Alargado<\/td><\/tr><tr><td>Opciones de port\u00e1til<\/td><td>Varios modelos como A5, B5, A6, B6, etc. El n\u00famero de p\u00e1ginas y los tipos de papel de las p\u00e1ginas interiores pueden seleccionarse seg\u00fan sea necesario.<\/td><\/tr><\/tbody><\/table><\/figure>\n\n\n\n<h3 class=\"wp-block-heading\">\u00bfEn qu\u00e9 colores est\u00e1 disponible la unidad USB port\u00e1til de metal con diamantes?<\/h3>\n\n\n\n<p><\/p>\n\n\n\n<div class=\"wp-block-columns is-layout-flex wp-container-core-columns-is-layout-28f84493 wp-block-columns-is-layout-flex\">\n<div class=\"wp-block-column is-layout-flow wp-block-column-is-layout-flow\">\n<figure class=\"wp-block-image size-full\"><img loading=\"lazy\" decoding=\"async\" width=\"800\" height=\"800\" src=\"https:\/\/www.usborkeychain.com\/wp-content\/uploads\/Personalized-Notebook-with-USB-Flash-Drive-128gb.jpg\" alt=\"Personalized-Notebook-with-USB-Flash-Drive-128gb\" class=\"wp-image-4021\" srcset=\"https:\/\/www.usborkeychain.com\/wp-content\/uploads\/Personalized-Notebook-with-USB-Flash-Drive-128gb.jpg 800w, https:\/\/www.usborkeychain.com\/wp-content\/uploads\/Personalized-Notebook-with-USB-Flash-Drive-128gb-300x300.jpg 300w, https:\/\/www.usborkeychain.com\/wp-content\/uploads\/Personalized-Notebook-with-USB-Flash-Drive-128gb-150x150.jpg 150w, https:\/\/www.usborkeychain.com\/wp-content\/uploads\/Personalized-Notebook-with-USB-Flash-Drive-128gb-768x768.jpg 768w, https:\/\/www.usborkeychain.com\/wp-content\/uploads\/Personalized-Notebook-with-USB-Flash-Drive-128gb-12x12.jpg 12w, https:\/\/www.usborkeychain.com\/wp-content\/uploads\/Personalized-Notebook-with-USB-Flash-Drive-128gb-600x600.jpg 600w, https:\/\/www.usborkeychain.com\/wp-content\/uploads\/Personalized-Notebook-with-USB-Flash-Drive-128gb-100x100.jpg 100w\" sizes=\"(max-width: 800px) 100vw, 800px\" \/><\/figure>\n<\/div>\n\n\n\n<div class=\"wp-block-column is-vertically-aligned-center is-layout-flow wp-block-column-is-layout-flow\">\n<p>En la actualidad, la unidad USB de metal con diamantes para port\u00e1til est\u00e1 disponible principalmente en dos colores: dorado y plateado. El plateado es el m\u00e1s popular en el mercado debido a su estilo sencillo y elegante.<\/p>\n\n\n\n<p> Mientras que el de color dorado es m\u00e1s adecuado para combinaciones de juegos de gama alta, que pueden mostrar nobleza y lujo. Los servicios de personalizaci\u00f3n de unidades USB pueden dise\u00f1ar colores de forma innovadora seg\u00fan los requisitos del cliente.<\/p>\n<\/div>\n<\/div>\n\n\n\n<h3 class=\"wp-block-heading\">\u00bfC\u00f3mo instalar la unidad USB para port\u00e1tiles de metal?<\/h3>\n\n\n\n<p>El m\u00e9todo de instalaci\u00f3n es relativamente sencillo. Una forma es insertar directamente la unidad USB en la ranura para tarjetas predise\u00f1ada del port\u00e1til y asegurarse de que es estable. Otra forma es hacer directamente la unidad USB en un estilo de hebilla, que es m\u00e1s conveniente y r\u00e1pido de usar y tambi\u00e9n mejora la integridad del producto.<\/p>\n\n\n\n<p>En conclusi\u00f3n, la unidad USB met\u00e1lica con diamantes para port\u00e1til se ha convertido en un producto muy competitivo en el mercado gracias a sus materiales de alta calidad, su aspecto moderno y sus pr\u00e1cticos m\u00e9todos de instalaci\u00f3n. Es muy adecuado tanto para el uso diario como para regalar.<\/p>","protected":false},"excerpt":{"rendered":"<ul>\n<li>Estilo mini<\/li>\n<li>Memoria USB met\u00e1lica<\/li>\n<li>Con diamante y cuaderno<\/li>\n<li>Logotipo personalizado<\/li>\n<li>MOQ\uff1b100PCS<\/li>\n<li><\/li>\n<\/ul>","protected":false},"featured_media":4022,"comment_status":"open","ping_status":"closed","template":"","meta":{"_seopress_robots_primary_cat":"","_seopress_titles_title":"","_seopress_titles_desc":"","_seopress_robots_index":"","site-sidebar-layout":"default","site-content-layout":"","ast-site-content-layout":"","site-content-style":"default","site-sidebar-style":"default","ast-global-header-display":"","ast-banner-title-visibility":"","ast-main-header-display":"","ast-hfb-above-header-display":"","ast-hfb-below-header-display":"","ast-hfb-mobile-header-display":"","site-post-title":"","ast-breadcrumbs-content":"","ast-featured-img":"","footer-sml-layout":"","theme-transparent-header-meta":"","adv-header-id-meta":"","stick-header-meta":"","header-above-stick-meta":"","header-main-stick-meta":"","header-below-stick-meta":"","astra-migrate-meta-layouts":"default","ast-page-background-enabled":"default","ast-page-background-meta":{"desktop":{"background-color":"var(--ast-global-color-5)","background-image":"","background-repeat":"repeat","background-position":"center center","background-size":"auto","background-attachment":"scroll","background-type":"","background-media":"","overlay-type":"","overlay-color":"","overlay-opacity":"","overlay-gradient":""},"tablet":{"background-color":"","background-image":"","background-repeat":"repeat","background-position":"center center","background-size":"auto","background-attachment":"scroll","background-type":"","background-media":"","overlay-type":"","overlay-color":"","overlay-opacity":"","overlay-gradient":""},"mobile":{"background-color":"","background-image":"","background-repeat":"repeat","background-position":"center center","background-size":"auto","background-attachment":"scroll","background-type":"","background-media":"","overlay-type":"","overlay-color":"","overlay-opacity":"","overlay-gradient":""}},"ast-content-background-meta":{"desktop":{"background-color":"var(--ast-global-color-4)","background-image":"","background-repeat":"repeat","background-position":"center center","background-size":"auto","background-attachment":"scroll","background-type":"","background-media":"","overlay-type":"","overlay-color":"","overlay-opacity":"","overlay-gradient":""},"tablet":{"background-color":"var(--ast-global-color-4)","background-image":"","background-repeat":"repeat","background-position":"center center","background-size":"auto","background-attachment":"scroll","background-type":"","background-media":"","overlay-type":"","overlay-color":"","overlay-opacity":"","overlay-gradient":""},"mobile":{"background-color":"var(--ast-global-color-4)","background-image":"","background-repeat":"repeat","background-position":"center center","background-size":"auto","background-attachment":"scroll","background-type":"","background-media":"","overlay-type":"","overlay-color":"","overlay-opacity":"","overlay-gradient":""}}},"product_brand":[],"product_cat":[99],"product_tag":[],"class_list":{"0":"post-4015","1":"product","2":"type-product","3":"status-publish","4":"has-post-thumbnail","6":"product_cat-usb-pendrive-with-notebook","7":"desktop-align-left","8":"tablet-align-left","9":"mobile-align-left","11":"first","12":"instock","13":"shipping-taxable","14":"product-type-simple"},"_links":{"self":[{"href":"https:\/\/www.usborkeychain.com\/es\/wp-json\/wp\/v2\/product\/4015","targetHints":{"allow":["GET"]}}],"collection":[{"href":"https:\/\/www.usborkeychain.com\/es\/wp-json\/wp\/v2\/product"}],"about":[{"href":"https:\/\/www.usborkeychain.com\/es\/wp-json\/wp\/v2\/types\/product"}],"replies":[{"embeddable":true,"href":"https:\/\/www.usborkeychain.com\/es\/wp-json\/wp\/v2\/comments?post=4015"}],"wp:featuredmedia":[{"embeddable":true,"href":"https:\/\/www.usborkeychain.com\/es\/wp-json\/wp\/v2\/media\/4022"}],"wp:attachment":[{"href":"https:\/\/www.usborkeychain.com\/es\/wp-json\/wp\/v2\/media?parent=4015"}],"wp:term":[{"taxonomy":"product_brand","embeddable":true,"href":"https:\/\/www.usborkeychain.com\/es\/wp-json\/wp\/v2\/product_brand?post=4015"},{"taxonomy":"product_cat","embeddable":true,"href":"https:\/\/www.usborkeychain.com\/es\/wp-json\/wp\/v2\/product_cat?post=4015"},{"taxonomy":"product_tag","embeddable":true,"href":"https:\/\/www.usborkeychain.com\/es\/wp-json\/wp\/v2\/product_tag?post=4015"}],"curies":[{"name":"wp","href":"https:\/\/api.w.org\/{rel}","templated":true}]}}