{"id":4023,"date":"2025-07-12T12:22:49","date_gmt":"2025-07-12T12:22:49","guid":{"rendered":"https:\/\/www.usborkeychain.com\/?post_type=product&#038;p=4023"},"modified":"2025-07-18T02:26:37","modified_gmt":"2025-07-18T02:26:37","slug":"hp-750w-metal-usb-flash-drive-with-keychain","status":"publish","type":"product","link":"https:\/\/www.usborkeychain.com\/es\/producto\/hp-750w-metal-usb-flash-drive-with-keychain\/","title":{"rendered":"Memoria USB met\u00e1lica HP 750W con llavero"},"content":{"rendered":"<p><\/p>\n\n\n\n<div class=\"wp-block-columns is-layout-flex wp-container-core-columns-is-layout-28f84493 wp-block-columns-is-layout-flex\">\n<div class=\"wp-block-column is-layout-flow wp-block-column-is-layout-flow\">\n<figure class=\"wp-block-image size-full\"><img fetchpriority=\"high\" decoding=\"async\" width=\"800\" height=\"800\" src=\"https:\/\/www.usborkeychain.com\/wp-content\/uploads\/HP-V150W-32GB-USB-3.0-Flash-Drive-manufacturer.jpg\" alt=\"HP V150W 32GB USB 3.0 Flash Drive manufacturer\" class=\"wp-image-4033\" srcset=\"https:\/\/www.usborkeychain.com\/wp-content\/uploads\/HP-V150W-32GB-USB-3.0-Flash-Drive-manufacturer.jpg 800w, https:\/\/www.usborkeychain.com\/wp-content\/uploads\/HP-V150W-32GB-USB-3.0-Flash-Drive-manufacturer-300x300.jpg 300w, https:\/\/www.usborkeychain.com\/wp-content\/uploads\/HP-V150W-32GB-USB-3.0-Flash-Drive-manufacturer-150x150.jpg 150w, https:\/\/www.usborkeychain.com\/wp-content\/uploads\/HP-V150W-32GB-USB-3.0-Flash-Drive-manufacturer-768x768.jpg 768w, https:\/\/www.usborkeychain.com\/wp-content\/uploads\/HP-V150W-32GB-USB-3.0-Flash-Drive-manufacturer-12x12.jpg 12w, https:\/\/www.usborkeychain.com\/wp-content\/uploads\/HP-V150W-32GB-USB-3.0-Flash-Drive-manufacturer-600x600.jpg 600w, https:\/\/www.usborkeychain.com\/wp-content\/uploads\/HP-V150W-32GB-USB-3.0-Flash-Drive-manufacturer-100x100.jpg 100w\" sizes=\"(max-width: 800px) 100vw, 800px\" \/><\/figure>\n<\/div>\n\n\n\n<div class=\"wp-block-column is-vertically-aligned-center is-layout-flow wp-block-column-is-layout-flow\">\n<p>La memoria USB HP 750W es un modelo cl\u00e1sico que goza de gran popularidad desde hace 20 a\u00f1os. Junto con el modelo SE09, son los dos modelos con mayor volumen de pedidos.<\/p>\n\n\n\n<p> Destaca por su dise\u00f1o de hebilla de tigre, combinado con material totalmente met\u00e1lico y capacidad de transmisi\u00f3n de alta velocidad. No solo es muy pr\u00e1ctico, sino que tambi\u00e9n presume de textura y durabilidad. <\/p>\n\n\n\n<p>Lleva mucho tiempo encabezando la lista de volumen de pedidos de los fabricantes de unidades USB y es la primera opci\u00f3n para muchos consumidores y empresas.<\/p>\n<\/div>\n<\/div>\n\n\n\n<h3 class=\"wp-block-heading\">\u00bfQu\u00e9 caracter\u00edsticas tiene la memoria USB HP 750W?<\/h3>\n\n\n\n<p>La memoria USB HP 750W tiene caracter\u00edsticas distintivas. En primer lugar, tiene el ic\u00f3nico dise\u00f1o de cierre de seguridad con hebilla de tigre. Al abrocharlo, queda apretado y seguro, lo que puede evitar eficazmente que la interfaz de la unidad USB se caiga accidentalmente o se llene de polvo, protegiendo as\u00ed el chip interno. En segundo lugar, est\u00e1 hecho de material totalmente met\u00e1lico. La carcasa de metal de alta calidad, despu\u00e9s de un pulido fino, no s\u00f3lo es resistente a las ca\u00eddas y al desgaste, sino que tambi\u00e9n tiene una textura tranquila de estilo industrial. Por \u00faltimo, est\u00e1 equipado con una interfaz USB 3.2 Gen 1 de alta velocidad, con una velocidad de lectura de hasta 450 MB\/s y una velocidad de escritura de 30 MB\/s, que satisface la demanda de transmisi\u00f3n r\u00e1pida de archivos.<\/p>\n\n\n\n<div class=\"wp-block-columns is-layout-flex wp-container-core-columns-is-layout-9c22b1e3 wp-block-columns-is-layout-flex\">\n<div class=\"wp-block-column is-layout-flow wp-block-column-is-layout-flow\">\n<figure class=\"wp-block-image size-full\"><img alt=\"\" decoding=\"async\" width=\"800\" height=\"800\" src=\"https:\/\/www.usborkeychain.com\/wp-content\/uploads\/HP-V150W-32GB-USB-Flash-Drive.jpg\" class=\"wp-image-4035\" srcset=\"https:\/\/www.usborkeychain.com\/wp-content\/uploads\/HP-V150W-32GB-USB-Flash-Drive.jpg 800w, https:\/\/www.usborkeychain.com\/wp-content\/uploads\/HP-V150W-32GB-USB-Flash-Drive-300x300.jpg 300w, https:\/\/www.usborkeychain.com\/wp-content\/uploads\/HP-V150W-32GB-USB-Flash-Drive-150x150.jpg 150w, https:\/\/www.usborkeychain.com\/wp-content\/uploads\/HP-V150W-32GB-USB-Flash-Drive-768x768.jpg 768w, https:\/\/www.usborkeychain.com\/wp-content\/uploads\/HP-V150W-32GB-USB-Flash-Drive-12x12.jpg 12w, https:\/\/www.usborkeychain.com\/wp-content\/uploads\/HP-V150W-32GB-USB-Flash-Drive-600x600.jpg 600w, https:\/\/www.usborkeychain.com\/wp-content\/uploads\/HP-V150W-32GB-USB-Flash-Drive-100x100.jpg 100w\" sizes=\"(max-width: 800px) 100vw, 800px\" \/><\/figure>\n<\/div>\n\n\n\n<div class=\"wp-block-column is-layout-flow wp-block-column-is-layout-flow\">\n<figure class=\"wp-block-image size-full\"><img alt=\"\" decoding=\"async\" width=\"800\" height=\"800\" src=\"https:\/\/www.usborkeychain.com\/wp-content\/uploads\/HP-V150W-32GB-USB-2.0-Flash-Drive-Blue.jpg\" class=\"wp-image-4032\" srcset=\"https:\/\/www.usborkeychain.com\/wp-content\/uploads\/HP-V150W-32GB-USB-2.0-Flash-Drive-Blue.jpg 800w, https:\/\/www.usborkeychain.com\/wp-content\/uploads\/HP-V150W-32GB-USB-2.0-Flash-Drive-Blue-300x300.jpg 300w, https:\/\/www.usborkeychain.com\/wp-content\/uploads\/HP-V150W-32GB-USB-2.0-Flash-Drive-Blue-150x150.jpg 150w, https:\/\/www.usborkeychain.com\/wp-content\/uploads\/HP-V150W-32GB-USB-2.0-Flash-Drive-Blue-768x768.jpg 768w, https:\/\/www.usborkeychain.com\/wp-content\/uploads\/HP-V150W-32GB-USB-2.0-Flash-Drive-Blue-12x12.jpg 12w, https:\/\/www.usborkeychain.com\/wp-content\/uploads\/HP-V150W-32GB-USB-2.0-Flash-Drive-Blue-600x600.jpg 600w, https:\/\/www.usborkeychain.com\/wp-content\/uploads\/HP-V150W-32GB-USB-2.0-Flash-Drive-Blue-100x100.jpg 100w\" sizes=\"(max-width: 800px) 100vw, 800px\" \/><\/figure>\n<\/div>\n\n\n\n<div class=\"wp-block-column is-layout-flow wp-block-column-is-layout-flow\">\n<figure class=\"wp-block-image size-full\"><img alt=\"\" loading=\"lazy\" decoding=\"async\" width=\"800\" height=\"800\" src=\"https:\/\/www.usborkeychain.com\/wp-content\/uploads\/gold-HP-750W-USB-Flash-Drive.jpg\" class=\"wp-image-4027\" srcset=\"https:\/\/www.usborkeychain.com\/wp-content\/uploads\/gold-HP-750W-USB-Flash-Drive.jpg 800w, https:\/\/www.usborkeychain.com\/wp-content\/uploads\/gold-HP-750W-USB-Flash-Drive-300x300.jpg 300w, https:\/\/www.usborkeychain.com\/wp-content\/uploads\/gold-HP-750W-USB-Flash-Drive-150x150.jpg 150w, https:\/\/www.usborkeychain.com\/wp-content\/uploads\/gold-HP-750W-USB-Flash-Drive-768x768.jpg 768w, https:\/\/www.usborkeychain.com\/wp-content\/uploads\/gold-HP-750W-USB-Flash-Drive-12x12.jpg 12w, https:\/\/www.usborkeychain.com\/wp-content\/uploads\/gold-HP-750W-USB-Flash-Drive-600x600.jpg 600w, https:\/\/www.usborkeychain.com\/wp-content\/uploads\/gold-HP-750W-USB-Flash-Drive-100x100.jpg 100w\" sizes=\"(max-width: 800px) 100vw, 800px\" \/><\/figure>\n<\/div>\n<\/div>\n\n\n\n<h3 class=\"wp-block-heading\">\u00bfPor qu\u00e9 la memoria USB HP 750W es el modelo m\u00e1s popular?<\/h3>\n\n\n\n<p>La raz\u00f3n por la que esta unidad USB se ha vendido tan bien durante tanto tiempo reside en la comodidad que aporta el dise\u00f1o de inserci\u00f3n directa con hebilla de tigre: no hay necesidad de enchufar o desenchufar la tapa. Puede exponer la interfaz deslizando suavemente la hebilla de tigre, y empujarla hacia atr\u00e1s para proteger la interfaz despu\u00e9s de su uso, lo que hace que la operaci\u00f3n sea sencilla y eficaz. Desde su lanzamiento, bas\u00e1ndose en su aspecto cl\u00e1sico y sus pr\u00e1cticas funciones, se ha convertido en un modelo popular durante 20 a\u00f1os consecutivos. La demanda de personalizaci\u00f3n de unidades USB tambi\u00e9n se ha mantenido alta durante todo el a\u00f1o, lo que confirma plenamente su reconocimiento en el mercado.<\/p>\n\n\n\n<div class=\"wp-block-columns is-layout-flex wp-container-core-columns-is-layout-28f84493 wp-block-columns-is-layout-flex\">\n<div class=\"wp-block-column is-layout-flow wp-block-column-is-layout-flow\">\n<figure class=\"wp-block-image size-full\"><img alt=\"\" loading=\"lazy\" decoding=\"async\" width=\"800\" height=\"800\" src=\"https:\/\/www.usborkeychain.com\/wp-content\/uploads\/HP-v150w-USB-2.0-Flash-Drive.jpg\" class=\"wp-image-4036\" srcset=\"https:\/\/www.usborkeychain.com\/wp-content\/uploads\/HP-v150w-USB-2.0-Flash-Drive.jpg 800w, https:\/\/www.usborkeychain.com\/wp-content\/uploads\/HP-v150w-USB-2.0-Flash-Drive-300x300.jpg 300w, https:\/\/www.usborkeychain.com\/wp-content\/uploads\/HP-v150w-USB-2.0-Flash-Drive-150x150.jpg 150w, https:\/\/www.usborkeychain.com\/wp-content\/uploads\/HP-v150w-USB-2.0-Flash-Drive-768x768.jpg 768w, https:\/\/www.usborkeychain.com\/wp-content\/uploads\/HP-v150w-USB-2.0-Flash-Drive-12x12.jpg 12w, https:\/\/www.usborkeychain.com\/wp-content\/uploads\/HP-v150w-USB-2.0-Flash-Drive-600x600.jpg 600w, https:\/\/www.usborkeychain.com\/wp-content\/uploads\/HP-v150w-USB-2.0-Flash-Drive-100x100.jpg 100w\" sizes=\"(max-width: 800px) 100vw, 800px\" \/><\/figure>\n<\/div>\n\n\n\n<div class=\"wp-block-column is-layout-flow wp-block-column-is-layout-flow\">\n<figure class=\"wp-block-image size-full\"><img alt=\"\" loading=\"lazy\" decoding=\"async\" width=\"800\" height=\"800\" src=\"https:\/\/www.usborkeychain.com\/wp-content\/uploads\/silver-HP-750W-USB-Flash-Drive.jpg\" class=\"wp-image-4037\" srcset=\"https:\/\/www.usborkeychain.com\/wp-content\/uploads\/silver-HP-750W-USB-Flash-Drive.jpg 800w, https:\/\/www.usborkeychain.com\/wp-content\/uploads\/silver-HP-750W-USB-Flash-Drive-300x300.jpg 300w, https:\/\/www.usborkeychain.com\/wp-content\/uploads\/silver-HP-750W-USB-Flash-Drive-150x150.jpg 150w, https:\/\/www.usborkeychain.com\/wp-content\/uploads\/silver-HP-750W-USB-Flash-Drive-768x768.jpg 768w, https:\/\/www.usborkeychain.com\/wp-content\/uploads\/silver-HP-750W-USB-Flash-Drive-12x12.jpg 12w, https:\/\/www.usborkeychain.com\/wp-content\/uploads\/silver-HP-750W-USB-Flash-Drive-600x600.jpg 600w, https:\/\/www.usborkeychain.com\/wp-content\/uploads\/silver-HP-750W-USB-Flash-Drive-100x100.jpg 100w\" sizes=\"(max-width: 800px) 100vw, 800px\" \/><\/figure>\n<\/div>\n<\/div>\n\n\n\n<h3 class=\"wp-block-heading\">\u00bfPara qu\u00e9 sectores es adecuada como regalo la memoria USB HP 750W?<\/h3>\n\n\n\n<p>El sector financiero es id\u00f3neo para utilizarlo como regalo para clientes. Porque el dise\u00f1o de seguridad de la hebilla de tigre simboliza la seguridad de los datos, lo que concuerda en gran medida con la necesidad de protecci\u00f3n de la informaci\u00f3n en el \u00e1mbito financiero. Personalizar el logotipo de la empresa tambi\u00e9n puede reforzar la imagen profesional de la marca.<\/p>\n\n\n\n<div class=\"wp-block-columns is-layout-flex wp-container-core-columns-is-layout-28f84493 wp-block-columns-is-layout-flex\">\n<div class=\"wp-block-column is-layout-flow wp-block-column-is-layout-flow\">\n<figure class=\"wp-block-image size-full\"><img alt=\"\" loading=\"lazy\" decoding=\"async\" width=\"800\" height=\"800\" src=\"https:\/\/www.usborkeychain.com\/wp-content\/uploads\/HP-V150W-32GB-USB-3.0-Flash-Drive.jpg\" class=\"wp-image-4034\" srcset=\"https:\/\/www.usborkeychain.com\/wp-content\/uploads\/HP-V150W-32GB-USB-3.0-Flash-Drive.jpg 800w, https:\/\/www.usborkeychain.com\/wp-content\/uploads\/HP-V150W-32GB-USB-3.0-Flash-Drive-300x300.jpg 300w, https:\/\/www.usborkeychain.com\/wp-content\/uploads\/HP-V150W-32GB-USB-3.0-Flash-Drive-150x150.jpg 150w, https:\/\/www.usborkeychain.com\/wp-content\/uploads\/HP-V150W-32GB-USB-3.0-Flash-Drive-768x768.jpg 768w, https:\/\/www.usborkeychain.com\/wp-content\/uploads\/HP-V150W-32GB-USB-3.0-Flash-Drive-12x12.jpg 12w, https:\/\/www.usborkeychain.com\/wp-content\/uploads\/HP-V150W-32GB-USB-3.0-Flash-Drive-600x600.jpg 600w, https:\/\/www.usborkeychain.com\/wp-content\/uploads\/HP-V150W-32GB-USB-3.0-Flash-Drive-100x100.jpg 100w\" sizes=\"(max-width: 800px) 100vw, 800px\" \/><\/figure>\n<\/div>\n\n\n\n<div class=\"wp-block-column is-layout-flow wp-block-column-is-layout-flow\">\n<figure class=\"wp-block-image size-full\"><img alt=\"\" loading=\"lazy\" decoding=\"async\" width=\"800\" height=\"800\" src=\"https:\/\/www.usborkeychain.com\/wp-content\/uploads\/HP-V150W-32GB-USB-2.0-Flash-Drive-factory.jpg\" class=\"wp-image-4031\" srcset=\"https:\/\/www.usborkeychain.com\/wp-content\/uploads\/HP-V150W-32GB-USB-2.0-Flash-Drive-factory.jpg 800w, https:\/\/www.usborkeychain.com\/wp-content\/uploads\/HP-V150W-32GB-USB-2.0-Flash-Drive-factory-300x300.jpg 300w, https:\/\/www.usborkeychain.com\/wp-content\/uploads\/HP-V150W-32GB-USB-2.0-Flash-Drive-factory-150x150.jpg 150w, https:\/\/www.usborkeychain.com\/wp-content\/uploads\/HP-V150W-32GB-USB-2.0-Flash-Drive-factory-768x768.jpg 768w, https:\/\/www.usborkeychain.com\/wp-content\/uploads\/HP-V150W-32GB-USB-2.0-Flash-Drive-factory-12x12.jpg 12w, https:\/\/www.usborkeychain.com\/wp-content\/uploads\/HP-V150W-32GB-USB-2.0-Flash-Drive-factory-600x600.jpg 600w, https:\/\/www.usborkeychain.com\/wp-content\/uploads\/HP-V150W-32GB-USB-2.0-Flash-Drive-factory-100x100.jpg 100w\" sizes=\"(max-width: 800px) 100vw, 800px\" \/><\/figure>\n<\/div>\n\n\n\n<div class=\"wp-block-column is-layout-flow wp-block-column-is-layout-flow\">\n<figure class=\"wp-block-image size-full\"><img alt=\"\" loading=\"lazy\" decoding=\"async\" width=\"800\" height=\"800\" src=\"https:\/\/www.usborkeychain.com\/wp-content\/uploads\/HP-750W-USB-Flash-Drive.jpg\" class=\"wp-image-4030\" srcset=\"https:\/\/www.usborkeychain.com\/wp-content\/uploads\/HP-750W-USB-Flash-Drive.jpg 800w, https:\/\/www.usborkeychain.com\/wp-content\/uploads\/HP-750W-USB-Flash-Drive-300x300.jpg 300w, https:\/\/www.usborkeychain.com\/wp-content\/uploads\/HP-750W-USB-Flash-Drive-150x150.jpg 150w, https:\/\/www.usborkeychain.com\/wp-content\/uploads\/HP-750W-USB-Flash-Drive-768x768.jpg 768w, https:\/\/www.usborkeychain.com\/wp-content\/uploads\/HP-750W-USB-Flash-Drive-12x12.jpg 12w, https:\/\/www.usborkeychain.com\/wp-content\/uploads\/HP-750W-USB-Flash-Drive-600x600.jpg 600w, https:\/\/www.usborkeychain.com\/wp-content\/uploads\/HP-750W-USB-Flash-Drive-100x100.jpg 100w\" sizes=\"(max-width: 800px) 100vw, 800px\" \/><\/figure>\n<\/div>\n<\/div>\n\n\n\n<p>La industria de la educaci\u00f3n tambi\u00e9n es un campo adecuado. El material totalmente met\u00e1lico es muy duradero y puede adaptarse a los frecuentes escenarios de transmisi\u00f3n de archivos did\u00e1cticos. La interfaz de alta velocidad puede transmitir r\u00e1pidamente programas y materiales did\u00e1cticos.<\/p>\n\n\n\n<p>Adem\u00e1s, la industria tecnol\u00f3gica puede utilizarlo como beneficio para sus empleados. No solo satisface la demanda de almacenamiento eficiente de la industria, sino que el modelo cl\u00e1sico puede reflejar el gusto de la empresa.<\/p>\n\n\n\n<p>En conclusi\u00f3n, la unidad USB HP Tiger Buckle, con su dise\u00f1o seguro, material de alta calidad y rendimiento pr\u00e1ctico, se ha convertido en un eterno referente en el mercado de la personalizaci\u00f3n de unidades USB y en una opci\u00f3n ideal que equilibra funcionalidad y reputaci\u00f3n.<\/p>\n\n\n\n<p><\/p>","protected":false},"excerpt":{"rendered":"<ul>\n<li>HP 750W<\/li>\n<li>Con llavero<\/li>\n<li>Memoria USB met\u00e1lica<\/li>\n<li>MOQ:100PCS<\/li>\n<li>LOGOTIPO personalizado<\/li>\n<\/ul>","protected":false},"featured_media":4033,"comment_status":"open","ping_status":"closed","template":"","meta":{"_seopress_robots_primary_cat":"none","_seopress_titles_title":"","_seopress_titles_desc":"","_seopress_robots_index":"","site-sidebar-layout":"default","site-content-layout":"","ast-site-content-layout":"","site-content-style":"default","site-sidebar-style":"default","ast-global-header-display":"","ast-banner-title-visibility":"","ast-main-header-display":"","ast-hfb-above-header-display":"","ast-hfb-below-header-display":"","ast-hfb-mobile-header-display":"","site-post-title":"","ast-breadcrumbs-content":"","ast-featured-img":"","footer-sml-layout":"","theme-transparent-header-meta":"","adv-header-id-meta":"","stick-header-meta":"","header-above-stick-meta":"","header-main-stick-meta":"","header-below-stick-meta":"","astra-migrate-meta-layouts":"default","ast-page-background-enabled":"default","ast-page-background-meta":{"desktop":{"background-color":"var(--ast-global-color-5)","background-image":"","background-repeat":"repeat","background-position":"center center","background-size":"auto","background-attachment":"scroll","background-type":"","background-media":"","overlay-type":"","overlay-color":"","overlay-opacity":"","overlay-gradient":""},"tablet":{"background-color":"","background-image":"","background-repeat":"repeat","background-position":"center center","background-size":"auto","background-attachment":"scroll","background-type":"","background-media":"","overlay-type":"","overlay-color":"","overlay-opacity":"","overlay-gradient":""},"mobile":{"background-color":"","background-image":"","background-repeat":"repeat","background-position":"center center","background-size":"auto","background-attachment":"scroll","background-type":"","background-media":"","overlay-type":"","overlay-color":"","overlay-opacity":"","overlay-gradient":""}},"ast-content-background-meta":{"desktop":{"background-color":"var(--ast-global-color-4)","background-image":"","background-repeat":"repeat","background-position":"center center","background-size":"auto","background-attachment":"scroll","background-type":"","background-media":"","overlay-type":"","overlay-color":"","overlay-opacity":"","overlay-gradient":""},"tablet":{"background-color":"var(--ast-global-color-4)","background-image":"","background-repeat":"repeat","background-position":"center center","background-size":"auto","background-attachment":"scroll","background-type":"","background-media":"","overlay-type":"","overlay-color":"","overlay-opacity":"","overlay-gradient":""},"mobile":{"background-color":"var(--ast-global-color-4)","background-image":"","background-repeat":"repeat","background-position":"center center","background-size":"auto","background-attachment":"scroll","background-type":"","background-media":"","overlay-type":"","overlay-color":"","overlay-opacity":"","overlay-gradient":""}}},"product_brand":[],"product_cat":[111,89,101],"product_tag":[],"class_list":{"0":"post-4023","1":"product","2":"type-product","3":"status-publish","4":"has-post-thumbnail","6":"product_cat-brand-usb-pendrive","7":"product_cat-metal-usb-pendrive","8":"product_cat-usb-pendrive-with-keychain","9":"desktop-align-left","10":"tablet-align-left","11":"mobile-align-left","13":"first","14":"instock","15":"shipping-taxable","16":"product-type-simple"},"_links":{"self":[{"href":"https:\/\/www.usborkeychain.com\/es\/wp-json\/wp\/v2\/product\/4023","targetHints":{"allow":["GET"]}}],"collection":[{"href":"https:\/\/www.usborkeychain.com\/es\/wp-json\/wp\/v2\/product"}],"about":[{"href":"https:\/\/www.usborkeychain.com\/es\/wp-json\/wp\/v2\/types\/product"}],"replies":[{"embeddable":true,"href":"https:\/\/www.usborkeychain.com\/es\/wp-json\/wp\/v2\/comments?post=4023"}],"wp:featuredmedia":[{"embeddable":true,"href":"https:\/\/www.usborkeychain.com\/es\/wp-json\/wp\/v2\/media\/4033"}],"wp:attachment":[{"href":"https:\/\/www.usborkeychain.com\/es\/wp-json\/wp\/v2\/media?parent=4023"}],"wp:term":[{"taxonomy":"product_brand","embeddable":true,"href":"https:\/\/www.usborkeychain.com\/es\/wp-json\/wp\/v2\/product_brand?post=4023"},{"taxonomy":"product_cat","embeddable":true,"href":"https:\/\/www.usborkeychain.com\/es\/wp-json\/wp\/v2\/product_cat?post=4023"},{"taxonomy":"product_tag","embeddable":true,"href":"https:\/\/www.usborkeychain.com\/es\/wp-json\/wp\/v2\/product_tag?post=4023"}],"curies":[{"name":"wp","href":"https:\/\/api.w.org\/{rel}","templated":true}]}}