{"id":4111,"date":"2025-07-13T14:02:11","date_gmt":"2025-07-13T14:02:11","guid":{"rendered":"https:\/\/www.usborkeychain.com\/?post_type=product&#038;p=4111"},"modified":"2025-08-11T07:02:30","modified_gmt":"2025-08-11T07:02:30","slug":"metal-red-wine-bottle-usb-drive","status":"publish","type":"product","link":"https:\/\/www.usborkeychain.com\/es\/producto\/metal-red-wine-bottle-usb-drive\/","title":{"rendered":"Memoria USB en forma de botella de aleaci\u00f3n de aluminio"},"content":{"rendered":"<p>En <strong>memoria USB en forma de botella de aleaci\u00f3n de aluminio<\/strong> est\u00e1 fabricada con una aleaci\u00f3n de aluminio de alta calidad que reproduce con precisi\u00f3n las formas de botellas comunes como las de cerveza y vinagre. Adopta un dise\u00f1o reducido con precisi\u00f3n, que no s\u00f3lo conserva los contornos vivos del cuerpo de la botella, sino que tambi\u00e9n tiene en cuenta la portabilidad de la memoria USB. El producto ofrece diversas opciones de color, como rojo, azul, verde, plateado y negro, rompiendo con lo convencional tanto en visi\u00f3n como en textura.<\/p>\n\n\n\n<figure class=\"wp-block-image aligncenter size-full\"><img alt=\"\" fetchpriority=\"high\" decoding=\"async\" width=\"800\" height=\"800\" src=\"https:\/\/www.usborkeychain.com\/wp-content\/uploads\/Metal-Red-Wine-Bottle-USB-Drive.png\" class=\"wp-image-4121\" srcset=\"https:\/\/www.usborkeychain.com\/wp-content\/uploads\/Metal-Red-Wine-Bottle-USB-Drive.png 800w, https:\/\/www.usborkeychain.com\/wp-content\/uploads\/Metal-Red-Wine-Bottle-USB-Drive-300x300.png 300w, https:\/\/www.usborkeychain.com\/wp-content\/uploads\/Metal-Red-Wine-Bottle-USB-Drive-150x150.png 150w, https:\/\/www.usborkeychain.com\/wp-content\/uploads\/Metal-Red-Wine-Bottle-USB-Drive-768x768.png 768w, https:\/\/www.usborkeychain.com\/wp-content\/uploads\/Metal-Red-Wine-Bottle-USB-Drive-12x12.png 12w, https:\/\/www.usborkeychain.com\/wp-content\/uploads\/Metal-Red-Wine-Bottle-USB-Drive-600x600.png 600w, https:\/\/www.usborkeychain.com\/wp-content\/uploads\/Metal-Red-Wine-Bottle-USB-Drive-100x100.png 100w\" sizes=\"(max-width: 800px) 100vw, 800px\" \/><\/figure>\n\n\n\n<p>Entre t<strong>as memorias USB con forma de botella<\/strong>Las que imitan las formas de las botellas de cerveza y vinagre son las m\u00e1s populares en el mercado. Bas\u00e1ndose en el dise\u00f1o de simulaci\u00f3n proporcional, las curvas del cuerpo de la botella y los detalles del tap\u00f3n est\u00e1n muy restaurados, como si una botella real se \"miniaturizara\" en un soporte digital. En cuanto al material, se ha seleccionado una aleaci\u00f3n de aluminio ultraligera, con una sola pieza que s\u00f3lo pesa unos 15 g (en funci\u00f3n de la capacidad). La carcasa admite la personalizaci\u00f3n del acabado satinado y el efecto cepillado: la versi\u00f3n mate tiene un tacto delicado y suave, mientras que la versi\u00f3n cepillada presenta un brillo met\u00e1lico. Ambos procesos pueden combinarse con colores brillantes personalizados para satisfacer las necesidades de diferenciaci\u00f3n de la marca.<\/p>\n\n\n\n<div class=\"wp-block-columns is-layout-flex wp-container-core-columns-is-layout-28f84493 wp-block-columns-is-layout-flex\">\n<div class=\"wp-block-column is-layout-flow wp-block-column-is-layout-flow\">\n<figure class=\"wp-block-image size-full\"><img alt=\"\" decoding=\"async\" width=\"800\" height=\"800\" src=\"https:\/\/www.usborkeychain.com\/wp-content\/uploads\/Metal-Red-Wine-Bottle-USB-as-a-Premium-Gift.png\" class=\"wp-image-4120\" srcset=\"https:\/\/www.usborkeychain.com\/wp-content\/uploads\/Metal-Red-Wine-Bottle-USB-as-a-Premium-Gift.png 800w, https:\/\/www.usborkeychain.com\/wp-content\/uploads\/Metal-Red-Wine-Bottle-USB-as-a-Premium-Gift-300x300.png 300w, https:\/\/www.usborkeychain.com\/wp-content\/uploads\/Metal-Red-Wine-Bottle-USB-as-a-Premium-Gift-150x150.png 150w, https:\/\/www.usborkeychain.com\/wp-content\/uploads\/Metal-Red-Wine-Bottle-USB-as-a-Premium-Gift-768x768.png 768w, https:\/\/www.usborkeychain.com\/wp-content\/uploads\/Metal-Red-Wine-Bottle-USB-as-a-Premium-Gift-12x12.png 12w, https:\/\/www.usborkeychain.com\/wp-content\/uploads\/Metal-Red-Wine-Bottle-USB-as-a-Premium-Gift-600x600.png 600w, https:\/\/www.usborkeychain.com\/wp-content\/uploads\/Metal-Red-Wine-Bottle-USB-as-a-Premium-Gift-100x100.png 100w\" sizes=\"(max-width: 800px) 100vw, 800px\" \/><\/figure>\n<\/div>\n\n\n\n<div class=\"wp-block-column is-layout-flow wp-block-column-is-layout-flow\">\n<figure class=\"wp-block-image size-full\"><img alt=\"\" decoding=\"async\" width=\"800\" height=\"800\" src=\"https:\/\/www.usborkeychain.com\/wp-content\/uploads\/Durable-Metal-Wine-Bottle-styled-USB-Drive.png\" class=\"wp-image-4118\" srcset=\"https:\/\/www.usborkeychain.com\/wp-content\/uploads\/Durable-Metal-Wine-Bottle-styled-USB-Drive.png 800w, https:\/\/www.usborkeychain.com\/wp-content\/uploads\/Durable-Metal-Wine-Bottle-styled-USB-Drive-300x300.png 300w, https:\/\/www.usborkeychain.com\/wp-content\/uploads\/Durable-Metal-Wine-Bottle-styled-USB-Drive-150x150.png 150w, https:\/\/www.usborkeychain.com\/wp-content\/uploads\/Durable-Metal-Wine-Bottle-styled-USB-Drive-768x768.png 768w, https:\/\/www.usborkeychain.com\/wp-content\/uploads\/Durable-Metal-Wine-Bottle-styled-USB-Drive-12x12.png 12w, https:\/\/www.usborkeychain.com\/wp-content\/uploads\/Durable-Metal-Wine-Bottle-styled-USB-Drive-600x600.png 600w, https:\/\/www.usborkeychain.com\/wp-content\/uploads\/Durable-Metal-Wine-Bottle-styled-USB-Drive-100x100.png 100w\" sizes=\"(max-width: 800px) 100vw, 800px\" \/><\/figure>\n<\/div>\n<\/div>\n\n\n\n<h2 class=\"wp-block-heading\"><strong>Tabla de par\u00e1metros de la memoria USB<\/strong><\/h2>\n\n\n\n<figure class=\"wp-block-table\"><table class=\"has-fixed-layout\"><thead><tr><th>Par\u00e1metro Elemento<\/th><th>Par\u00e1metro Valor<\/th><\/tr><\/thead><tbody><tr><td>Tipo de interfaz<\/td><td>USB 2.0\/USB 3.0 (opcional)<\/td><\/tr><tr><td>Opciones de capacidad<\/td><td>8GB\/16GB\/32GB\/64GB\/128GB<\/td><\/tr><tr><td>Tama\u00f1o del producto<\/td><td>60 mm de altura \u00d7 18 mm de di\u00e1metro<\/td><\/tr><tr><td>Peso del producto<\/td><td>Aproximadamente 15 g<\/td><\/tr><tr><td>Velocidad de lectura<\/td><td>Hasta 15 MB\/s (USB2.0); hasta 80 MB\/s (USB3.0)<\/td><\/tr><tr><td>Velocidad de escritura<\/td><td>Hasta 8 MB\/s (USB2.0); hasta 30 MB\/s (USB3.0)<\/td><\/tr><tr><td>Material<\/td><td>Aleaci\u00f3n de aluminio (proceso mate \/ cepillado opcional)<\/td><\/tr><tr><td>Personalizaci\u00f3n del color<\/td><td>Disponible en rojo, azul, verde, plata, negro y otros colores<\/td><\/tr><\/tbody><\/table><\/figure>\n\n\n\n<h2 class=\"wp-block-heading\">\u00bfLa memoria USB Botella de Aleaci\u00f3n de Aluminio viene con llavero?<\/h2>\n\n\n\n<p><strong> <\/strong>La parte superior del tap\u00f3n de la botella del<strong> botella de aleaci\u00f3n de aluminio unidad flash USB<\/strong> est\u00e1 especialmente dise\u00f1ado con un ojo de cerradura circular, que permite combinarlo con un llavero met\u00e1lico (personalizable). Este detalle permite enganchar f\u00e1cilmente el producto a bolsos, carteras y llaveros, resolviendo el problema de las \"memorias USB f\u00e1ciles de perder\" y mejorando la comodidad del transporte diario. Para los compradores mayoristas, este dise\u00f1o refuerza a\u00fan m\u00e1s el \"atributo port\u00e1til\" del producto, manteniendo la exposici\u00f3n de la marca en todo momento.<\/p>\n\n\n\n<div class=\"wp-block-columns is-layout-flex wp-container-core-columns-is-layout-28f84493 wp-block-columns-is-layout-flex\">\n<div class=\"wp-block-column is-layout-flow wp-block-column-is-layout-flow\">\n<figure class=\"wp-block-image size-full\"><img alt=\"\" loading=\"lazy\" decoding=\"async\" width=\"800\" height=\"800\" src=\"https:\/\/www.usborkeychain.com\/wp-content\/uploads\/Portable-Metal-Red-Wine-Bottle-USB-with-Multiple-Capacities.png\" class=\"wp-image-4124\" srcset=\"https:\/\/www.usborkeychain.com\/wp-content\/uploads\/Portable-Metal-Red-Wine-Bottle-USB-with-Multiple-Capacities.png 800w, https:\/\/www.usborkeychain.com\/wp-content\/uploads\/Portable-Metal-Red-Wine-Bottle-USB-with-Multiple-Capacities-300x300.png 300w, https:\/\/www.usborkeychain.com\/wp-content\/uploads\/Portable-Metal-Red-Wine-Bottle-USB-with-Multiple-Capacities-150x150.png 150w, https:\/\/www.usborkeychain.com\/wp-content\/uploads\/Portable-Metal-Red-Wine-Bottle-USB-with-Multiple-Capacities-768x768.png 768w, https:\/\/www.usborkeychain.com\/wp-content\/uploads\/Portable-Metal-Red-Wine-Bottle-USB-with-Multiple-Capacities-12x12.png 12w, https:\/\/www.usborkeychain.com\/wp-content\/uploads\/Portable-Metal-Red-Wine-Bottle-USB-with-Multiple-Capacities-600x600.png 600w, https:\/\/www.usborkeychain.com\/wp-content\/uploads\/Portable-Metal-Red-Wine-Bottle-USB-with-Multiple-Capacities-100x100.png 100w\" sizes=\"(max-width: 800px) 100vw, 800px\" \/><\/figure>\n<\/div>\n\n\n\n<div class=\"wp-block-column is-layout-flow wp-block-column-is-layout-flow\">\n<figure class=\"wp-block-image size-full\"><img alt=\"\" loading=\"lazy\" decoding=\"async\" width=\"800\" height=\"800\" src=\"https:\/\/www.usborkeychain.com\/wp-content\/uploads\/Compact-Metal-Red-Wine-Bottle-USB-Storage.png\" class=\"wp-image-4116\" srcset=\"https:\/\/www.usborkeychain.com\/wp-content\/uploads\/Compact-Metal-Red-Wine-Bottle-USB-Storage.png 800w, https:\/\/www.usborkeychain.com\/wp-content\/uploads\/Compact-Metal-Red-Wine-Bottle-USB-Storage-300x300.png 300w, https:\/\/www.usborkeychain.com\/wp-content\/uploads\/Compact-Metal-Red-Wine-Bottle-USB-Storage-150x150.png 150w, https:\/\/www.usborkeychain.com\/wp-content\/uploads\/Compact-Metal-Red-Wine-Bottle-USB-Storage-768x768.png 768w, https:\/\/www.usborkeychain.com\/wp-content\/uploads\/Compact-Metal-Red-Wine-Bottle-USB-Storage-12x12.png 12w, https:\/\/www.usborkeychain.com\/wp-content\/uploads\/Compact-Metal-Red-Wine-Bottle-USB-Storage-600x600.png 600w, https:\/\/www.usborkeychain.com\/wp-content\/uploads\/Compact-Metal-Red-Wine-Bottle-USB-Storage-100x100.png 100w\" sizes=\"(max-width: 800px) 100vw, 800px\" \/><\/figure>\n<\/div>\n<\/div>\n\n\n\n<hr class=\"wp-block-separator alignfull has-alpha-channel-opacity\"\/>\n\n\n\n<h2 class=\"wp-block-heading\">\u00bfPara qu\u00e9 sectores es adecuado como regalo?<\/h2>\n\n\n\n<p>La memoria USB con forma de botella de aleaci\u00f3n de aluminio es id\u00f3nea para las necesidades de regalos personalizados de las \"industrias relacionadas con la botella\", especialmente:<\/p>\n\n\n\n<p>Empresas de marketing creativo: Personalizaci\u00f3n de regalos digitales diferenciados para que los clientes creen \"puntos de recuerdo\".<\/p>\n\n\n\n<p>Vino tinto \/ industria vin\u00edcola: La memoria USB que imita la forma de una botella de vino puede utilizarse como regalo para fiestas de degustaci\u00f3n en bodegas y promociones de nuevos productos, con el logotipo de la marca grabado para transmitir una textura de alta gama.<\/p>\n\n\n\n<p>Industria de condimentos (vinagre, salsa de soja, etc.): A juego con la forma de las botellas de vinagre y salsa de soja, se utiliza como regalo personalizado para reuniones anuales de empresas y conferencias de distribuidores para reforzar la asociaci\u00f3n de categor\u00edas.<\/p>\n\n\n\n<p>Industria de bebidas: El dise\u00f1o imitando botellas de bebidas es adecuado para nuevos lanzamientos de bebidas y actividades promocionales, atrayendo a grupos de consumidores j\u00f3venes con soportes creativos.<\/p>\n\n\n\n<p>Empresas cerveceras \/ alimentarias: Como regalos perif\u00e9ricos de la marca, pueden extender la cultura del producto y mejorar la adherencia del usuario.<\/p>\n\n\n\n<div class=\"wp-block-columns is-layout-flex wp-container-core-columns-is-layout-28f84493 wp-block-columns-is-layout-flex\">\n<div class=\"wp-block-column is-layout-flow wp-block-column-is-layout-flow\">\n<figure class=\"wp-block-image size-full\"><img alt=\"\" loading=\"lazy\" decoding=\"async\" width=\"800\" height=\"800\" src=\"https:\/\/www.usborkeychain.com\/wp-content\/uploads\/Customizable-Metal-Red-Wine-Bottle-USB-for-Wine-Companies.png\" class=\"wp-image-4117\" srcset=\"https:\/\/www.usborkeychain.com\/wp-content\/uploads\/Customizable-Metal-Red-Wine-Bottle-USB-for-Wine-Companies.png 800w, https:\/\/www.usborkeychain.com\/wp-content\/uploads\/Customizable-Metal-Red-Wine-Bottle-USB-for-Wine-Companies-300x300.png 300w, https:\/\/www.usborkeychain.com\/wp-content\/uploads\/Customizable-Metal-Red-Wine-Bottle-USB-for-Wine-Companies-150x150.png 150w, https:\/\/www.usborkeychain.com\/wp-content\/uploads\/Customizable-Metal-Red-Wine-Bottle-USB-for-Wine-Companies-768x768.png 768w, https:\/\/www.usborkeychain.com\/wp-content\/uploads\/Customizable-Metal-Red-Wine-Bottle-USB-for-Wine-Companies-12x12.png 12w, https:\/\/www.usborkeychain.com\/wp-content\/uploads\/Customizable-Metal-Red-Wine-Bottle-USB-for-Wine-Companies-600x600.png 600w, https:\/\/www.usborkeychain.com\/wp-content\/uploads\/Customizable-Metal-Red-Wine-Bottle-USB-for-Wine-Companies-100x100.png 100w\" sizes=\"(max-width: 800px) 100vw, 800px\" \/><\/figure>\n<\/div>\n\n\n\n<div class=\"wp-block-column is-layout-flow wp-block-column-is-layout-flow\">\n<figure class=\"wp-block-image size-full\"><img alt=\"\" loading=\"lazy\" decoding=\"async\" width=\"800\" height=\"800\" src=\"https:\/\/www.usborkeychain.com\/wp-content\/uploads\/Colorful-Metal-Red-Wine-Bottle-USB-Options.png\" class=\"wp-image-4115\" srcset=\"https:\/\/www.usborkeychain.com\/wp-content\/uploads\/Colorful-Metal-Red-Wine-Bottle-USB-Options.png 800w, https:\/\/www.usborkeychain.com\/wp-content\/uploads\/Colorful-Metal-Red-Wine-Bottle-USB-Options-300x300.png 300w, https:\/\/www.usborkeychain.com\/wp-content\/uploads\/Colorful-Metal-Red-Wine-Bottle-USB-Options-150x150.png 150w, https:\/\/www.usborkeychain.com\/wp-content\/uploads\/Colorful-Metal-Red-Wine-Bottle-USB-Options-768x768.png 768w, https:\/\/www.usborkeychain.com\/wp-content\/uploads\/Colorful-Metal-Red-Wine-Bottle-USB-Options-12x12.png 12w, https:\/\/www.usborkeychain.com\/wp-content\/uploads\/Colorful-Metal-Red-Wine-Bottle-USB-Options-600x600.png 600w, https:\/\/www.usborkeychain.com\/wp-content\/uploads\/Colorful-Metal-Red-Wine-Bottle-USB-Options-100x100.png 100w\" sizes=\"(max-width: 800px) 100vw, 800px\" \/><\/figure>\n<\/div>\n<\/div>\n\n\n\n<hr class=\"wp-block-separator has-alpha-channel-opacity\"\/>\n\n\n\n<p>El fabricante admite la personalizaci\u00f3n de lotes peque\u00f1os y la venta al por mayor a gran escala, satisfaciendo las necesidades personalizadas de la marca en todo el proceso, desde la serigraf\u00eda del logotipo hasta la mezcla de colores.<\/p>\n\n\n\n<div class=\"wp-block-columns is-layout-flex wp-container-core-columns-is-layout-28f84493 wp-block-columns-is-layout-flex\">\n<div class=\"wp-block-column is-layout-flow wp-block-column-is-layout-flow\">\n<figure class=\"wp-block-image size-full\"><img alt=\"\" loading=\"lazy\" decoding=\"async\" width=\"800\" height=\"800\" src=\"https:\/\/www.usborkeychain.com\/wp-content\/uploads\/Branding-Friendly-Metal-Red-Wine-Bottle-USB.png\" class=\"wp-image-4114\" srcset=\"https:\/\/www.usborkeychain.com\/wp-content\/uploads\/Branding-Friendly-Metal-Red-Wine-Bottle-USB.png 800w, https:\/\/www.usborkeychain.com\/wp-content\/uploads\/Branding-Friendly-Metal-Red-Wine-Bottle-USB-300x300.png 300w, https:\/\/www.usborkeychain.com\/wp-content\/uploads\/Branding-Friendly-Metal-Red-Wine-Bottle-USB-150x150.png 150w, https:\/\/www.usborkeychain.com\/wp-content\/uploads\/Branding-Friendly-Metal-Red-Wine-Bottle-USB-768x768.png 768w, https:\/\/www.usborkeychain.com\/wp-content\/uploads\/Branding-Friendly-Metal-Red-Wine-Bottle-USB-12x12.png 12w, https:\/\/www.usborkeychain.com\/wp-content\/uploads\/Branding-Friendly-Metal-Red-Wine-Bottle-USB-600x600.png 600w, https:\/\/www.usborkeychain.com\/wp-content\/uploads\/Branding-Friendly-Metal-Red-Wine-Bottle-USB-100x100.png 100w\" sizes=\"(max-width: 800px) 100vw, 800px\" \/><\/figure>\n<\/div>\n\n\n\n<div class=\"wp-block-column is-layout-flow wp-block-column-is-layout-flow\">\n<figure class=\"wp-block-image size-full\"><img alt=\"\" loading=\"lazy\" decoding=\"async\" width=\"800\" height=\"800\" src=\"https:\/\/www.usborkeychain.com\/wp-content\/uploads\/High-end-Metal-Red-Wine-Bottle-Shaped-USB-Flash-Drive.png\" class=\"wp-image-4119\" srcset=\"https:\/\/www.usborkeychain.com\/wp-content\/uploads\/High-end-Metal-Red-Wine-Bottle-Shaped-USB-Flash-Drive.png 800w, https:\/\/www.usborkeychain.com\/wp-content\/uploads\/High-end-Metal-Red-Wine-Bottle-Shaped-USB-Flash-Drive-300x300.png 300w, https:\/\/www.usborkeychain.com\/wp-content\/uploads\/High-end-Metal-Red-Wine-Bottle-Shaped-USB-Flash-Drive-150x150.png 150w, https:\/\/www.usborkeychain.com\/wp-content\/uploads\/High-end-Metal-Red-Wine-Bottle-Shaped-USB-Flash-Drive-768x768.png 768w, https:\/\/www.usborkeychain.com\/wp-content\/uploads\/High-end-Metal-Red-Wine-Bottle-Shaped-USB-Flash-Drive-12x12.png 12w, https:\/\/www.usborkeychain.com\/wp-content\/uploads\/High-end-Metal-Red-Wine-Bottle-Shaped-USB-Flash-Drive-600x600.png 600w, https:\/\/www.usborkeychain.com\/wp-content\/uploads\/High-end-Metal-Red-Wine-Bottle-Shaped-USB-Flash-Drive-100x100.png 100w\" sizes=\"(max-width: 800px) 100vw, 800px\" \/><\/figure>\n<\/div>\n<\/div>\n\n\n\n<p>La a<strong>Memoria USB en forma de botella de aleaci\u00f3n de aluminio<\/strong> tiene como principales ventajas la forma creativa, el material de alta calidad y la personalizaci\u00f3n flexible. No es solo un producto digital pr\u00e1ctico, sino tambi\u00e9n un \"soporte creativo\" para el marketing de marca, por lo que es una opci\u00f3n ideal para la venta al por mayor y la personalizaci\u00f3n de marca de los fabricantes, ayudando a diversas industrias a lograr avances caracter\u00edsticos en el marketing.<\/p>","protected":false},"excerpt":{"rendered":"<ul>\n<li>Aleaci\u00f3n de aluminio<\/li>\n<li>Metal<\/li>\n<li>Color:rojo,azul,verde,plata,negro<\/li>\n<li>Regalo de empresa de alta gama<\/li>\n<li>Serigraf\u00eda, grabado l\u00e1ser e impresi\u00f3n UV<\/li>\n<li>MOQ:100PCS<\/li>\n<\/ul>","protected":false},"featured_media":4121,"comment_status":"open","ping_status":"closed","template":"","meta":{"_seopress_robots_primary_cat":"none","_seopress_titles_title":"","_seopress_titles_desc":"","_seopress_robots_index":"","site-sidebar-layout":"default","site-content-layout":"","ast-site-content-layout":"","site-content-style":"default","site-sidebar-style":"default","ast-global-header-display":"","ast-banner-title-visibility":"","ast-main-header-display":"","ast-hfb-above-header-display":"","ast-hfb-below-header-display":"","ast-hfb-mobile-header-display":"","site-post-title":"","ast-breadcrumbs-content":"","ast-featured-img":"","footer-sml-layout":"","theme-transparent-header-meta":"","adv-header-id-meta":"","stick-header-meta":"","header-above-stick-meta":"","header-main-stick-meta":"","header-below-stick-meta":"","astra-migrate-meta-layouts":"default","ast-page-background-enabled":"default","ast-page-background-meta":{"desktop":{"background-color":"var(--ast-global-color-5)","background-image":"","background-repeat":"repeat","background-position":"center center","background-size":"auto","background-attachment":"scroll","background-type":"","background-media":"","overlay-type":"","overlay-color":"","overlay-opacity":"","overlay-gradient":""},"tablet":{"background-color":"","background-image":"","background-repeat":"repeat","background-position":"center center","background-size":"auto","background-attachment":"scroll","background-type":"","background-media":"","overlay-type":"","overlay-color":"","overlay-opacity":"","overlay-gradient":""},"mobile":{"background-color":"","background-image":"","background-repeat":"repeat","background-position":"center center","background-size":"auto","background-attachment":"scroll","background-type":"","background-media":"","overlay-type":"","overlay-color":"","overlay-opacity":"","overlay-gradient":""}},"ast-content-background-meta":{"desktop":{"background-color":"var(--ast-global-color-4)","background-image":"","background-repeat":"repeat","background-position":"center center","background-size":"auto","background-attachment":"scroll","background-type":"","background-media":"","overlay-type":"","overlay-color":"","overlay-opacity":"","overlay-gradient":""},"tablet":{"background-color":"var(--ast-global-color-4)","background-image":"","background-repeat":"repeat","background-position":"center center","background-size":"auto","background-attachment":"scroll","background-type":"","background-media":"","overlay-type":"","overlay-color":"","overlay-opacity":"","overlay-gradient":""},"mobile":{"background-color":"var(--ast-global-color-4)","background-image":"","background-repeat":"repeat","background-position":"center center","background-size":"auto","background-attachment":"scroll","background-type":"","background-media":"","overlay-type":"","overlay-color":"","overlay-opacity":"","overlay-gradient":""}}},"product_brand":[],"product_cat":[89],"product_tag":[238,398],"class_list":{"0":"post-4111","1":"product","2":"type-product","3":"status-publish","4":"has-post-thumbnail","6":"product_cat-metal-usb-pendrive","7":"product_tag-aluminum-alloy-bottle-shaped-usb-flash-drive","8":"product_tag-aluminum-usb-drive","9":"desktop-align-left","10":"tablet-align-left","11":"mobile-align-left","13":"first","14":"instock","15":"shipping-taxable","16":"product-type-simple"},"_links":{"self":[{"href":"https:\/\/www.usborkeychain.com\/es\/wp-json\/wp\/v2\/product\/4111","targetHints":{"allow":["GET"]}}],"collection":[{"href":"https:\/\/www.usborkeychain.com\/es\/wp-json\/wp\/v2\/product"}],"about":[{"href":"https:\/\/www.usborkeychain.com\/es\/wp-json\/wp\/v2\/types\/product"}],"replies":[{"embeddable":true,"href":"https:\/\/www.usborkeychain.com\/es\/wp-json\/wp\/v2\/comments?post=4111"}],"wp:featuredmedia":[{"embeddable":true,"href":"https:\/\/www.usborkeychain.com\/es\/wp-json\/wp\/v2\/media\/4121"}],"wp:attachment":[{"href":"https:\/\/www.usborkeychain.com\/es\/wp-json\/wp\/v2\/media?parent=4111"}],"wp:term":[{"taxonomy":"product_brand","embeddable":true,"href":"https:\/\/www.usborkeychain.com\/es\/wp-json\/wp\/v2\/product_brand?post=4111"},{"taxonomy":"product_cat","embeddable":true,"href":"https:\/\/www.usborkeychain.com\/es\/wp-json\/wp\/v2\/product_cat?post=4111"},{"taxonomy":"product_tag","embeddable":true,"href":"https:\/\/www.usborkeychain.com\/es\/wp-json\/wp\/v2\/product_tag?post=4111"}],"curies":[{"name":"wp","href":"https:\/\/api.w.org\/{rel}","templated":true}]}}