{"id":4125,"date":"2025-07-16T15:02:16","date_gmt":"2025-07-16T15:02:16","guid":{"rendered":"https:\/\/www.usborkeychain.com\/?post_type=product&#038;p=4125"},"modified":"2025-08-11T07:02:19","modified_gmt":"2025-08-11T07:02:19","slug":"metal-bottle-usb-drive","status":"publish","type":"product","link":"https:\/\/www.usborkeychain.com\/es\/producto\/metal-bottle-usb-drive\/","title":{"rendered":"Botella met\u00e1lica Unidad USB"},"content":{"rendered":"<p>En <strong>botella met\u00e1lica unidad USB<\/strong>, con su exclusivo dise\u00f1o de botella de vino que rompe la monoton\u00eda de los dispositivos de almacenamiento tradicionales, es una excelente opci\u00f3n para regalos de cumbres corporativas, recuerdos de lanzamientos de productos, mantenimiento de relaciones con los clientes y actividades de promoci\u00f3n de la marca. Su exquisito exterior met\u00e1lico combina textura y valor ornamental. Compacto y port\u00e1til, ocupa poco espacio. La interfaz USB permite la funcionalidad plug-and-play, posibilitando una transmisi\u00f3n de datos estable para satisfacer necesidades como almacenar y compartir archivos, integrando a la perfecci\u00f3n funciones pr\u00e1cticas con un dise\u00f1o creativo.<\/p>\n\n\n\n<figure class=\"wp-block-image aligncenter size-full\"><img alt=\"\" fetchpriority=\"high\" decoding=\"async\" width=\"800\" height=\"800\" src=\"https:\/\/www.usborkeychain.com\/wp-content\/uploads\/MiniBottle-USB.png\" class=\"wp-image-4132\" srcset=\"https:\/\/www.usborkeychain.com\/wp-content\/uploads\/MiniBottle-USB.png 800w, https:\/\/www.usborkeychain.com\/wp-content\/uploads\/MiniBottle-USB-300x300.png 300w, https:\/\/www.usborkeychain.com\/wp-content\/uploads\/MiniBottle-USB-150x150.png 150w, https:\/\/www.usborkeychain.com\/wp-content\/uploads\/MiniBottle-USB-768x768.png 768w, https:\/\/www.usborkeychain.com\/wp-content\/uploads\/MiniBottle-USB-12x12.png 12w, https:\/\/www.usborkeychain.com\/wp-content\/uploads\/MiniBottle-USB-600x600.png 600w, https:\/\/www.usborkeychain.com\/wp-content\/uploads\/MiniBottle-USB-100x100.png 100w\" sizes=\"(max-width: 800px) 100vw, 800px\" \/><\/figure>\n\n\n\n<h2 class=\"wp-block-heading\">Tabla de par\u00e1metros de la unidad USB con botella de metal<\/h2>\n\n\n\n<figure class=\"wp-block-table\"><table class=\"has-fixed-layout\"><thead><tr><th>Categor\u00eda de par\u00e1metros<\/th><th>Detalles<\/th><\/tr><\/thead><tbody><tr><td>Tipo de interfaz<\/td><td>USB 2.0\/USB 3.0 (opcional)<\/td><\/tr><tr><td>Capacidad de almacenamiento<\/td><td>8 GB, 16 GB, 32 GB, 64 GB, 128 GB (se pueden personalizar capacidades superiores)<\/td><\/tr><tr><td>Peso total<\/td><td><strong> 25-35g<\/strong><\/td><\/tr><tr><td>Altura del cuerpo<\/td><td><strong>45-50 mm<\/strong><\/td><\/tr><tr><td>Tap\u00f3n giratorio<\/td><td>Esfera plateada con estructura desmontable del cuerpo de la botella<\/td><\/tr><tr><td>Lazo met\u00e1lico para cord\u00f3n<\/td><td>Dise\u00f1o de bucle cerrado con apertura de 0,5 mm en la parte superior de la esfera<\/td><\/tr><tr><td>Protecci\u00f3n de interfaces<\/td><td>Anillo de sellado de silicona incrustado en la boca de la botella (requiere aumento para su observaci\u00f3n)<\/td><\/tr><\/tbody><\/table><\/figure>\n\n\n\n<div class=\"wp-block-columns is-layout-flex wp-container-core-columns-is-layout-28f84493 wp-block-columns-is-layout-flex\">\n<div class=\"wp-block-column is-layout-flow wp-block-column-is-layout-flow\">\n<figure class=\"wp-block-image size-full\"><img alt=\"\" decoding=\"async\" width=\"800\" height=\"800\" src=\"https:\/\/www.usborkeychain.com\/wp-content\/uploads\/MetalBottle-USB.png\" class=\"wp-image-4131\" srcset=\"https:\/\/www.usborkeychain.com\/wp-content\/uploads\/MetalBottle-USB.png 800w, https:\/\/www.usborkeychain.com\/wp-content\/uploads\/MetalBottle-USB-300x300.png 300w, https:\/\/www.usborkeychain.com\/wp-content\/uploads\/MetalBottle-USB-150x150.png 150w, https:\/\/www.usborkeychain.com\/wp-content\/uploads\/MetalBottle-USB-768x768.png 768w, https:\/\/www.usborkeychain.com\/wp-content\/uploads\/MetalBottle-USB-12x12.png 12w, https:\/\/www.usborkeychain.com\/wp-content\/uploads\/MetalBottle-USB-600x600.png 600w, https:\/\/www.usborkeychain.com\/wp-content\/uploads\/MetalBottle-USB-100x100.png 100w\" sizes=\"(max-width: 800px) 100vw, 800px\" \/><\/figure>\n<\/div>\n\n\n\n<div class=\"wp-block-column is-layout-flow wp-block-column-is-layout-flow\">\n<figure class=\"wp-block-image size-full\"><img alt=\"\" decoding=\"async\" width=\"800\" height=\"800\" src=\"https:\/\/www.usborkeychain.com\/wp-content\/uploads\/BottleUSB-Max.png\" class=\"wp-image-4130\" srcset=\"https:\/\/www.usborkeychain.com\/wp-content\/uploads\/BottleUSB-Max.png 800w, https:\/\/www.usborkeychain.com\/wp-content\/uploads\/BottleUSB-Max-300x300.png 300w, https:\/\/www.usborkeychain.com\/wp-content\/uploads\/BottleUSB-Max-150x150.png 150w, https:\/\/www.usborkeychain.com\/wp-content\/uploads\/BottleUSB-Max-768x768.png 768w, https:\/\/www.usborkeychain.com\/wp-content\/uploads\/BottleUSB-Max-12x12.png 12w, https:\/\/www.usborkeychain.com\/wp-content\/uploads\/BottleUSB-Max-600x600.png 600w, https:\/\/www.usborkeychain.com\/wp-content\/uploads\/BottleUSB-Max-100x100.png 100w\" sizes=\"(max-width: 800px) 100vw, 800px\" \/><\/figure>\n<\/div>\n<\/div>\n\n\n\n<h2 class=\"wp-block-heading\">Ricas opciones de color<\/h2>\n\n\n\n<p> En <strong>botella met\u00e1lica unidad USB<\/strong> ofrece una gran variedad de combinaciones de colores. Los colores b\u00e1sicos como el dorado empresarial, el azul tranquilo y el rojo vibrante pueden adaptarse a diferentes estilos corporativos. Los colores de moda, como el plata tecnol\u00f3gico y el rosa moderno, satisfacen las necesidades de las empresas j\u00f3venes y creativas. Puede ayudar a las empresas a personalizar con precisi\u00f3n combinaciones de colores exclusivas de acuerdo con las caracter\u00edsticas de sus propios productos y sus sistemas corporativos VI, garantizando un alto grado de coherencia con el estilo de la l\u00ednea de productos de la empresa.<\/p>\n\n\n\n<div class=\"wp-block-columns is-layout-flex wp-container-core-columns-is-layout-28f84493 wp-block-columns-is-layout-flex\">\n<div class=\"wp-block-column is-layout-flow wp-block-column-is-layout-flow\">\n<figure class=\"wp-block-image size-full\"><img alt=\"\" loading=\"lazy\" decoding=\"async\" width=\"800\" height=\"800\" src=\"https:\/\/www.usborkeychain.com\/wp-content\/uploads\/BottleDrive-Pro.png\" class=\"wp-image-4128\" srcset=\"https:\/\/www.usborkeychain.com\/wp-content\/uploads\/BottleDrive-Pro.png 800w, https:\/\/www.usborkeychain.com\/wp-content\/uploads\/BottleDrive-Pro-300x300.png 300w, https:\/\/www.usborkeychain.com\/wp-content\/uploads\/BottleDrive-Pro-150x150.png 150w, https:\/\/www.usborkeychain.com\/wp-content\/uploads\/BottleDrive-Pro-768x768.png 768w, https:\/\/www.usborkeychain.com\/wp-content\/uploads\/BottleDrive-Pro-12x12.png 12w, https:\/\/www.usborkeychain.com\/wp-content\/uploads\/BottleDrive-Pro-600x600.png 600w, https:\/\/www.usborkeychain.com\/wp-content\/uploads\/BottleDrive-Pro-100x100.png 100w\" sizes=\"(max-width: 800px) 100vw, 800px\" \/><\/figure>\n<\/div>\n\n\n\n<div class=\"wp-block-column is-layout-flow wp-block-column-is-layout-flow\">\n<figure class=\"wp-block-image size-full\"><img alt=\"\" loading=\"lazy\" decoding=\"async\" width=\"800\" height=\"800\" src=\"https:\/\/www.usborkeychain.com\/wp-content\/uploads\/BottleShaped-USB.png\" class=\"wp-image-4129\" srcset=\"https:\/\/www.usborkeychain.com\/wp-content\/uploads\/BottleShaped-USB.png 800w, https:\/\/www.usborkeychain.com\/wp-content\/uploads\/BottleShaped-USB-300x300.png 300w, https:\/\/www.usborkeychain.com\/wp-content\/uploads\/BottleShaped-USB-150x150.png 150w, https:\/\/www.usborkeychain.com\/wp-content\/uploads\/BottleShaped-USB-768x768.png 768w, https:\/\/www.usborkeychain.com\/wp-content\/uploads\/BottleShaped-USB-12x12.png 12w, https:\/\/www.usborkeychain.com\/wp-content\/uploads\/BottleShaped-USB-600x600.png 600w, https:\/\/www.usborkeychain.com\/wp-content\/uploads\/BottleShaped-USB-100x100.png 100w\" sizes=\"(max-width: 800px) 100vw, 800px\" \/><\/figure>\n<\/div>\n<\/div>\n\n\n\n<h2 class=\"wp-block-heading\">Opciones del proceso de impresi\u00f3n<\/h2>\n\n\n\n<ol class=\"wp-block-list\">\n<li>Con la serigraf\u00eda se pueden presentar logotipos y esl\u00f3ganes corporativos claros y coloridos.<\/li>\n\n\n\n<li>El grabado por l\u00e1ser crea texturas delicadas y duraderas, resaltando la sensaci\u00f3n de calidad.<\/li>\n\n\n\n<li>La impresi\u00f3n UV consigue una reproducci\u00f3n de alta precisi\u00f3n de motivos complejos y colores degradados.<\/li>\n<\/ol>\n\n\n\n<p>   Ya sea para <strong>reuniones de trabajo<\/strong>, <strong>promociones de ferias<\/strong>,<strong> prestaciones para empleados<\/strong>o <strong>reconocimiento del cliente<\/strong>El contenido personalizado impreso en el cuerpo de la botella o en la parte superior convierte el <strong>Unidad USB<\/strong>e en una \"tarjeta de visita m\u00f3vil de la marca\", que transmite informaci\u00f3n corporativa en cualquier momento y lugar, y mejora la exposici\u00f3n y la reputaci\u00f3n de la marca.<\/p>\n\n\n\n<p>    En <strong>botella met\u00e1lica unidad USB<\/strong>con su dise\u00f1o creativo, rendimiento estable y personalizaci\u00f3n flexible, tiende un puente entre las necesidades de almacenamiento corporativo y la comunicaci\u00f3n de marca. Es una opci\u00f3n excelente con un alto valor pr\u00e1ctico y de marketing.<\/p>\n\n\n\n<p><\/p>","protected":false},"excerpt":{"rendered":"<ol>\n<li>Botella met\u00e1lica USB<\/li>\n<li>BottleDrive Pro<\/li>\n<li>botella de color diferente USB<\/li>\n<li>reuniones de trabajo<\/li>\n<li>promociones de ferias<\/li>\n<li>prestaciones para empleados<\/li>\n<li>reconocimiento del cliente<\/li>\n<li>MCQ:100PCS<\/li>\n<\/ol>","protected":false},"featured_media":4128,"comment_status":"open","ping_status":"closed","template":"","meta":{"_seopress_robots_primary_cat":"none","_seopress_titles_title":"metal bottle USB Flash Drive,metal USB Drive,bottle USB Drive","_seopress_titles_desc":"","_seopress_robots_index":"","site-sidebar-layout":"default","site-content-layout":"","ast-site-content-layout":"","site-content-style":"default","site-sidebar-style":"default","ast-global-header-display":"","ast-banner-title-visibility":"","ast-main-header-display":"","ast-hfb-above-header-display":"","ast-hfb-below-header-display":"","ast-hfb-mobile-header-display":"","site-post-title":"","ast-breadcrumbs-content":"","ast-featured-img":"","footer-sml-layout":"","theme-transparent-header-meta":"","adv-header-id-meta":"","stick-header-meta":"","header-above-stick-meta":"","header-main-stick-meta":"","header-below-stick-meta":"","astra-migrate-meta-layouts":"default","ast-page-background-enabled":"default","ast-page-background-meta":{"desktop":{"background-color":"var(--ast-global-color-5)","background-image":"","background-repeat":"repeat","background-position":"center center","background-size":"auto","background-attachment":"scroll","background-type":"","background-media":"","overlay-type":"","overlay-color":"","overlay-opacity":"","overlay-gradient":""},"tablet":{"background-color":"","background-image":"","background-repeat":"repeat","background-position":"center center","background-size":"auto","background-attachment":"scroll","background-type":"","background-media":"","overlay-type":"","overlay-color":"","overlay-opacity":"","overlay-gradient":""},"mobile":{"background-color":"","background-image":"","background-repeat":"repeat","background-position":"center center","background-size":"auto","background-attachment":"scroll","background-type":"","background-media":"","overlay-type":"","overlay-color":"","overlay-opacity":"","overlay-gradient":""}},"ast-content-background-meta":{"desktop":{"background-color":"var(--ast-global-color-4)","background-image":"","background-repeat":"repeat","background-position":"center center","background-size":"auto","background-attachment":"scroll","background-type":"","background-media":"","overlay-type":"","overlay-color":"","overlay-opacity":"","overlay-gradient":""},"tablet":{"background-color":"var(--ast-global-color-4)","background-image":"","background-repeat":"repeat","background-position":"center center","background-size":"auto","background-attachment":"scroll","background-type":"","background-media":"","overlay-type":"","overlay-color":"","overlay-opacity":"","overlay-gradient":""},"mobile":{"background-color":"var(--ast-global-color-4)","background-image":"","background-repeat":"repeat","background-position":"center center","background-size":"auto","background-attachment":"scroll","background-type":"","background-media":"","overlay-type":"","overlay-color":"","overlay-opacity":"","overlay-gradient":""}}},"product_brand":[],"product_cat":[89],"product_tag":[398,222],"class_list":{"0":"post-4125","1":"product","2":"type-product","3":"status-publish","4":"has-post-thumbnail","6":"product_cat-metal-usb-pendrive","7":"product_tag-aluminum-usb-drive","8":"product_tag-metal-bottle-usb-drive","9":"desktop-align-left","10":"tablet-align-left","11":"mobile-align-left","13":"first","14":"instock","15":"shipping-taxable","16":"product-type-simple"},"_links":{"self":[{"href":"https:\/\/www.usborkeychain.com\/es\/wp-json\/wp\/v2\/product\/4125","targetHints":{"allow":["GET"]}}],"collection":[{"href":"https:\/\/www.usborkeychain.com\/es\/wp-json\/wp\/v2\/product"}],"about":[{"href":"https:\/\/www.usborkeychain.com\/es\/wp-json\/wp\/v2\/types\/product"}],"replies":[{"embeddable":true,"href":"https:\/\/www.usborkeychain.com\/es\/wp-json\/wp\/v2\/comments?post=4125"}],"wp:featuredmedia":[{"embeddable":true,"href":"https:\/\/www.usborkeychain.com\/es\/wp-json\/wp\/v2\/media\/4128"}],"wp:attachment":[{"href":"https:\/\/www.usborkeychain.com\/es\/wp-json\/wp\/v2\/media?parent=4125"}],"wp:term":[{"taxonomy":"product_brand","embeddable":true,"href":"https:\/\/www.usborkeychain.com\/es\/wp-json\/wp\/v2\/product_brand?post=4125"},{"taxonomy":"product_cat","embeddable":true,"href":"https:\/\/www.usborkeychain.com\/es\/wp-json\/wp\/v2\/product_cat?post=4125"},{"taxonomy":"product_tag","embeddable":true,"href":"https:\/\/www.usborkeychain.com\/es\/wp-json\/wp\/v2\/product_tag?post=4125"}],"curies":[{"name":"wp","href":"https:\/\/api.w.org\/{rel}","templated":true}]}}