{"id":4141,"date":"2025-07-17T03:09:57","date_gmt":"2025-07-17T03:09:57","guid":{"rendered":"https:\/\/www.usborkeychain.com\/?post_type=product&#038;p=4141"},"modified":"2025-08-11T07:02:09","modified_gmt":"2025-08-11T07:02:09","slug":"metal-can-shaped-usb-drive","status":"publish","type":"product","link":"https:\/\/www.usborkeychain.com\/es\/producto\/metal-can-shaped-usb-drive\/","title":{"rendered":"Memoria USB met\u00e1lica en forma de lata"},"content":{"rendered":"<p>La unidad USB met\u00e1lica de lata de refresco es un creativo dispositivo de almacenamiento desarrollado por fabricantes profesionales de unidades USB. Fabricada \u00edntegramente en metal, reproduce con precisi\u00f3n el aspecto de una lata de refresco, infundiendo la inspiraci\u00f3n del envasado diario de bebidas en un dispositivo de almacenamiento. Ofrece una opci\u00f3n \u00fanica para los servicios de personalizaci\u00f3n de unidades USB y, con su dise\u00f1o innovador y rendimiento estable, se ha convertido en un excelente soporte para el almacenamiento creativo y la promoci\u00f3n de marcas.<\/p>\n\n\n\n<figure class=\"wp-block-image aligncenter size-full\"><img alt=\"\" fetchpriority=\"high\" decoding=\"async\" width=\"800\" height=\"800\" src=\"https:\/\/www.usborkeychain.com\/wp-content\/uploads\/Clip-Can-USB\u200b-drive.png\" class=\"wp-image-4145\" srcset=\"https:\/\/www.usborkeychain.com\/wp-content\/uploads\/Clip-Can-USB\u200b-drive.png 800w, https:\/\/www.usborkeychain.com\/wp-content\/uploads\/Clip-Can-USB\u200b-drive-300x300.png 300w, https:\/\/www.usborkeychain.com\/wp-content\/uploads\/Clip-Can-USB\u200b-drive-150x150.png 150w, https:\/\/www.usborkeychain.com\/wp-content\/uploads\/Clip-Can-USB\u200b-drive-768x768.png 768w, https:\/\/www.usborkeychain.com\/wp-content\/uploads\/Clip-Can-USB\u200b-drive-12x12.png 12w, https:\/\/www.usborkeychain.com\/wp-content\/uploads\/Clip-Can-USB\u200b-drive-600x600.png 600w, https:\/\/www.usborkeychain.com\/wp-content\/uploads\/Clip-Can-USB\u200b-drive-100x100.png 100w\" sizes=\"(max-width: 800px) 100vw, 800px\" \/><\/figure>\n\n\n\n<h2 class=\"wp-block-heading\"> \u00bfDe qu\u00e9 material est\u00e1 hecha la unidad USB met\u00e1lica de lata de refresco y cu\u00e1les son sus ventajas?<\/h2>\n\n\n\n<p>El cuerpo principal del <strong>unidad USB met\u00e1lica de lata de refresco<\/strong> est\u00e1 hecho de aleaci\u00f3n de aluminio. El material met\u00e1lico le confiere una excelente durabilidad; no se da\u00f1a f\u00e1cilmente con ca\u00eddas o peque\u00f1os golpes en el uso diario, protegiendo eficazmente el chip de almacenamiento interno. Adem\u00e1s, la textura met\u00e1lica hace que su aspecto sea m\u00e1s exquisito y de gama alta, realzando el grado de la marca cuando se utiliza como regalo personalizado. Adem\u00e1s, el metal es f\u00e1cil de procesar, lo que facilita la personalizaci\u00f3n de la unidad USB con diversos dise\u00f1os y colores.<\/p>\n\n\n\n<div class=\"wp-block-columns is-layout-flex wp-container-core-columns-is-layout-28f84493 wp-block-columns-is-layout-flex\">\n<div class=\"wp-block-column is-layout-flow wp-block-column-is-layout-flow\">\n<figure class=\"wp-block-image size-full\"><img alt=\"\" decoding=\"async\" width=\"800\" height=\"800\" src=\"https:\/\/www.usborkeychain.com\/wp-content\/uploads\/Coke-Can-USB-Flash-Drive\u200b.png\" class=\"wp-image-4146\" srcset=\"https:\/\/www.usborkeychain.com\/wp-content\/uploads\/Coke-Can-USB-Flash-Drive\u200b.png 800w, https:\/\/www.usborkeychain.com\/wp-content\/uploads\/Coke-Can-USB-Flash-Drive\u200b-300x300.png 300w, https:\/\/www.usborkeychain.com\/wp-content\/uploads\/Coke-Can-USB-Flash-Drive\u200b-150x150.png 150w, https:\/\/www.usborkeychain.com\/wp-content\/uploads\/Coke-Can-USB-Flash-Drive\u200b-768x768.png 768w, https:\/\/www.usborkeychain.com\/wp-content\/uploads\/Coke-Can-USB-Flash-Drive\u200b-12x12.png 12w, https:\/\/www.usborkeychain.com\/wp-content\/uploads\/Coke-Can-USB-Flash-Drive\u200b-600x600.png 600w, https:\/\/www.usborkeychain.com\/wp-content\/uploads\/Coke-Can-USB-Flash-Drive\u200b-100x100.png 100w\" sizes=\"(max-width: 800px) 100vw, 800px\" \/><\/figure>\n<\/div>\n\n\n\n<div class=\"wp-block-column is-layout-flow wp-block-column-is-layout-flow\">\n<figure class=\"wp-block-image size-full\"><img alt=\"\" decoding=\"async\" width=\"750\" height=\"750\" src=\"https:\/\/www.usborkeychain.com\/wp-content\/uploads\/Slide-Soda-Storage-USB-dirve.webp\" class=\"wp-image-4149\" srcset=\"https:\/\/www.usborkeychain.com\/wp-content\/uploads\/Slide-Soda-Storage-USB-dirve.webp 750w, https:\/\/www.usborkeychain.com\/wp-content\/uploads\/Slide-Soda-Storage-USB-dirve-300x300.webp 300w, https:\/\/www.usborkeychain.com\/wp-content\/uploads\/Slide-Soda-Storage-USB-dirve-150x150.webp 150w, https:\/\/www.usborkeychain.com\/wp-content\/uploads\/Slide-Soda-Storage-USB-dirve-12x12.webp 12w, https:\/\/www.usborkeychain.com\/wp-content\/uploads\/Slide-Soda-Storage-USB-dirve-600x600.webp 600w, https:\/\/www.usborkeychain.com\/wp-content\/uploads\/Slide-Soda-Storage-USB-dirve-100x100.webp 100w\" sizes=\"(max-width: 750px) 100vw, 750px\" \/><\/figure>\n<\/div>\n<\/div>\n\n\n\n<h2 class=\"wp-block-heading\">\u00bfCu\u00e1les son los par\u00e1metros de la unidad USB met\u00e1lica de lata de refresco?<\/h2>\n\n\n\n<p>Los siguientes son los par\u00e1metros fundamentales del<strong> unidad USB met\u00e1lica de lata de refresco<\/strong>. Los fabricantes de unidades USB controlan estrictamente las normas de producci\u00f3n para garantizar un rendimiento estable:<\/p>\n\n\n\n<figure class=\"wp-block-table\"><table class=\"has-fixed-layout\"><thead><tr><th>Categor\u00eda de par\u00e1metros<\/th><th>Detalles<\/th><\/tr><\/thead><tbody><tr><td>Tipo de interfaz<\/td><td><strong>USB3.0<\/strong> (compatible con USB 2.0)<\/td><\/tr><tr><td>Capacidad de almacenamiento<\/td><td><strong>8GB, 16GB, 32GB, 64GB, 128GB<\/strong> (opcional)<\/td><\/tr><tr><td>Velocidad de lectura\/escritura<\/td><td>Con interfaz USB3.0, la velocidad de lectura puede alcanzar de 30 a 80 MB\/s, la de escritura de 10 a 30 MB\/s (var\u00eda seg\u00fan la capacidad y el dispositivo).<\/td><\/tr><tr><td>Espesor del metal<\/td><td>1,2 mm<\/td><\/tr><tr><td>Tama\u00f1o del producto<\/td><td>Altura 60 mm, di\u00e1metro 25 mm<\/td><\/tr><\/tbody><\/table><\/figure>\n\n\n\n<h2 class=\"wp-block-heading\">\u00bfSe puede personalizar con un logotipo la unidad USB met\u00e1lica de lata de refresco?<\/h2>\n\n\n\n<p>La personalizaci\u00f3n de unidades USB es un servicio b\u00e1sico La superficie de la lata soporta:<br>\u2460 <strong>Grabado por l\u00e1ser de identificadores LOGO\/VI corporativos<\/strong><br>\u2461<strong> Personalizaci\u00f3n de esquemas de color exclusivos <\/strong>(como el rojo de Coca-Cola o el azul de Pepsi)<br>\u2462 T<strong>scenarios previstos<\/strong>: <strong>empresas cerveceras<\/strong> (latas verdes de Heineken), <strong>empresas de bebidas<\/strong> (tipos de latas de cola), bebidas energ\u00e9ticas (latas doradas de Red Bull), etc. Se ha comprobado que aumenta la exposici\u00f3n de la marca en 300%.<\/p>\n\n\n\n<p>Para las promociones de las empresas de bebidas, regalar unidades USB con forma de lata de refresco permite a los clientes no s\u00f3lo almacenar archivos, sino tambi\u00e9n recordar la marca en todo momento. Distribuirlas en ferias y eventos es llamativo y pr\u00e1ctico, y ayuda a comunicar la marca.<\/p>\n\n\n\n<div class=\"wp-block-columns is-layout-flex wp-container-core-columns-is-layout-28f84493 wp-block-columns-is-layout-flex\">\n<div class=\"wp-block-column is-layout-flow wp-block-column-is-layout-flow\">\n<figure class=\"wp-block-image size-full\"><img alt=\"\" loading=\"lazy\" decoding=\"async\" width=\"800\" height=\"800\" src=\"https:\/\/www.usborkeychain.com\/wp-content\/uploads\/Pop-Top-Portable-USB-drive.png\" class=\"wp-image-4148\" srcset=\"https:\/\/www.usborkeychain.com\/wp-content\/uploads\/Pop-Top-Portable-USB-drive.png 800w, https:\/\/www.usborkeychain.com\/wp-content\/uploads\/Pop-Top-Portable-USB-drive-300x300.png 300w, https:\/\/www.usborkeychain.com\/wp-content\/uploads\/Pop-Top-Portable-USB-drive-150x150.png 150w, https:\/\/www.usborkeychain.com\/wp-content\/uploads\/Pop-Top-Portable-USB-drive-768x768.png 768w, https:\/\/www.usborkeychain.com\/wp-content\/uploads\/Pop-Top-Portable-USB-drive-12x12.png 12w, https:\/\/www.usborkeychain.com\/wp-content\/uploads\/Pop-Top-Portable-USB-drive-600x600.png 600w, https:\/\/www.usborkeychain.com\/wp-content\/uploads\/Pop-Top-Portable-USB-drive-100x100.png 100w\" sizes=\"(max-width: 800px) 100vw, 800px\" \/><\/figure>\n<\/div>\n\n\n\n<div class=\"wp-block-column is-layout-flow wp-block-column-is-layout-flow\">\n<figure class=\"wp-block-image size-full\"><img alt=\"\" loading=\"lazy\" decoding=\"async\" width=\"800\" height=\"800\" src=\"https:\/\/www.usborkeychain.com\/wp-content\/uploads\/Cola-Cruiser-USB\u200b-flash-drive.png\" class=\"wp-image-4147\" srcset=\"https:\/\/www.usborkeychain.com\/wp-content\/uploads\/Cola-Cruiser-USB\u200b-flash-drive.png 800w, https:\/\/www.usborkeychain.com\/wp-content\/uploads\/Cola-Cruiser-USB\u200b-flash-drive-300x300.png 300w, https:\/\/www.usborkeychain.com\/wp-content\/uploads\/Cola-Cruiser-USB\u200b-flash-drive-150x150.png 150w, https:\/\/www.usborkeychain.com\/wp-content\/uploads\/Cola-Cruiser-USB\u200b-flash-drive-768x768.png 768w, https:\/\/www.usborkeychain.com\/wp-content\/uploads\/Cola-Cruiser-USB\u200b-flash-drive-12x12.png 12w, https:\/\/www.usborkeychain.com\/wp-content\/uploads\/Cola-Cruiser-USB\u200b-flash-drive-600x600.png 600w, https:\/\/www.usborkeychain.com\/wp-content\/uploads\/Cola-Cruiser-USB\u200b-flash-drive-100x100.png 100w\" sizes=\"(max-width: 800px) 100vw, 800px\" \/><\/figure>\n<\/div>\n<\/div>\n\n\n\n<h2 class=\"wp-block-heading\">\u00bfEn qu\u00e9 colores est\u00e1 disponible la unidad USB met\u00e1lica de lata de refresco?<\/h2>\n\n\n\n<ol class=\"wp-block-list\">\n<li>Actualmente, los modelos b\u00e1sicos est\u00e1n disponibles en:<\/li>\n<\/ol>\n\n\n\n<ul class=\"wp-block-list\">\n<li>Plata cl\u00e1sica (pulido espejo)<\/li>\n\n\n\n<li>Business Gun Gray (textura mate)<\/li>\n<\/ul>\n\n\n\n<p>Opciones de personalizaci\u00f3n especiales para necesidades espec\u00edficas:<\/p>\n\n\n\n<ul class=\"wp-block-list\">\n<li>Colores de marca (por ejemplo, rojo Coca-Cola)<\/li>\n\n\n\n<li>Galvanoplastia degradada (pedido m\u00ednimo)<\/li>\n\n\n\n<li>Iridiscencia l\u00e1ser (soluci\u00f3n de personalizaci\u00f3n de alta gama)<\/li>\n<\/ul>\n\n\n\n<figure class=\"wp-block-image aligncenter size-full\"><img alt=\"\" loading=\"lazy\" decoding=\"async\" width=\"800\" height=\"800\" src=\"https:\/\/www.usborkeychain.com\/wp-content\/uploads\/Byte-Beverage\u200b-USB-drive.png\" class=\"wp-image-4144\" srcset=\"https:\/\/www.usborkeychain.com\/wp-content\/uploads\/Byte-Beverage\u200b-USB-drive.png 800w, https:\/\/www.usborkeychain.com\/wp-content\/uploads\/Byte-Beverage\u200b-USB-drive-300x300.png 300w, https:\/\/www.usborkeychain.com\/wp-content\/uploads\/Byte-Beverage\u200b-USB-drive-150x150.png 150w, https:\/\/www.usborkeychain.com\/wp-content\/uploads\/Byte-Beverage\u200b-USB-drive-768x768.png 768w, https:\/\/www.usborkeychain.com\/wp-content\/uploads\/Byte-Beverage\u200b-USB-drive-12x12.png 12w, https:\/\/www.usborkeychain.com\/wp-content\/uploads\/Byte-Beverage\u200b-USB-drive-600x600.png 600w, https:\/\/www.usborkeychain.com\/wp-content\/uploads\/Byte-Beverage\u200b-USB-drive-100x100.png 100w\" sizes=\"(max-width: 800px) 100vw, 800px\" \/><\/figure>\n\n\n\n<h2 class=\"wp-block-heading\">Resumen<\/h2>\n\n\n\n<p>  En <strong>unidad USB met\u00e1lica de lata de refresco<\/strong> est\u00e1 fabricada con metal de calidad duradera, garantiza un rendimiento pr\u00e1ctico gracias a unos par\u00e1metros claros y ampl\u00eda los canales de marketing de la marca mediante logotipos y colores personalizados. Los fabricantes de unidades USB tambi\u00e9n pueden hacer realidad el doble valor de las herramientas de almacenamiento y los soportes de marca a trav\u00e9s de la unidad USB met\u00e1lica de lata de refresco, que admite la personalizaci\u00f3n basada en escenarios con par\u00e1metros s\u00f3lidos y ayuda a las empresas a romper con el marketing homog\u00e9neo.<\/p>","protected":false},"excerpt":{"rendered":"<ul>\n<li>Lata met\u00e1lica de refresco Unidad USB<\/li>\n<li>Memoria USB met\u00e1lica en forma de lata<\/li>\n<li>Coca-Cola roja<\/li>\n<li>Pepsi azul<\/li>\n<li>MOQ:100PCS<\/li>\n<\/ul>","protected":false},"featured_media":4145,"comment_status":"open","ping_status":"closed","template":"","meta":{"_seopress_robots_primary_cat":"","_seopress_titles_title":"Metal soda can USB drive;Metal Can-shaped USB Drive;metal USB","_seopress_titles_desc":"","_seopress_robots_index":"","site-sidebar-layout":"default","site-content-layout":"","ast-site-content-layout":"","site-content-style":"default","site-sidebar-style":"default","ast-global-header-display":"","ast-banner-title-visibility":"","ast-main-header-display":"","ast-hfb-above-header-display":"","ast-hfb-below-header-display":"","ast-hfb-mobile-header-display":"","site-post-title":"","ast-breadcrumbs-content":"","ast-featured-img":"","footer-sml-layout":"","theme-transparent-header-meta":"","adv-header-id-meta":"","stick-header-meta":"","header-above-stick-meta":"","header-main-stick-meta":"","header-below-stick-meta":"","astra-migrate-meta-layouts":"default","ast-page-background-enabled":"default","ast-page-background-meta":{"desktop":{"background-color":"var(--ast-global-color-5)","background-image":"","background-repeat":"repeat","background-position":"center center","background-size":"auto","background-attachment":"scroll","background-type":"","background-media":"","overlay-type":"","overlay-color":"","overlay-opacity":"","overlay-gradient":""},"tablet":{"background-color":"","background-image":"","background-repeat":"repeat","background-position":"center center","background-size":"auto","background-attachment":"scroll","background-type":"","background-media":"","overlay-type":"","overlay-color":"","overlay-opacity":"","overlay-gradient":""},"mobile":{"background-color":"","background-image":"","background-repeat":"repeat","background-position":"center center","background-size":"auto","background-attachment":"scroll","background-type":"","background-media":"","overlay-type":"","overlay-color":"","overlay-opacity":"","overlay-gradient":""}},"ast-content-background-meta":{"desktop":{"background-color":"var(--ast-global-color-4)","background-image":"","background-repeat":"repeat","background-position":"center center","background-size":"auto","background-attachment":"scroll","background-type":"","background-media":"","overlay-type":"","overlay-color":"","overlay-opacity":"","overlay-gradient":""},"tablet":{"background-color":"var(--ast-global-color-4)","background-image":"","background-repeat":"repeat","background-position":"center center","background-size":"auto","background-attachment":"scroll","background-type":"","background-media":"","overlay-type":"","overlay-color":"","overlay-opacity":"","overlay-gradient":""},"mobile":{"background-color":"var(--ast-global-color-4)","background-image":"","background-repeat":"repeat","background-position":"center center","background-size":"auto","background-attachment":"scroll","background-type":"","background-media":"","overlay-type":"","overlay-color":"","overlay-opacity":"","overlay-gradient":""}}},"product_brand":[],"product_cat":[89,104],"product_tag":[398,227,226],"class_list":{"0":"post-4141","1":"product","2":"type-product","3":"status-publish","4":"has-post-thumbnail","6":"product_cat-metal-usb-pendrive","7":"product_cat-usb3-0-usb-pendrive","8":"product_tag-aluminum-usb-drive","9":"product_tag-metal-can-usb-drive","10":"product_tag-metal-can-shaped-usb-drive","11":"desktop-align-left","12":"tablet-align-left","13":"mobile-align-left","15":"first","16":"instock","17":"shipping-taxable","18":"product-type-simple"},"_links":{"self":[{"href":"https:\/\/www.usborkeychain.com\/es\/wp-json\/wp\/v2\/product\/4141","targetHints":{"allow":["GET"]}}],"collection":[{"href":"https:\/\/www.usborkeychain.com\/es\/wp-json\/wp\/v2\/product"}],"about":[{"href":"https:\/\/www.usborkeychain.com\/es\/wp-json\/wp\/v2\/types\/product"}],"replies":[{"embeddable":true,"href":"https:\/\/www.usborkeychain.com\/es\/wp-json\/wp\/v2\/comments?post=4141"}],"wp:featuredmedia":[{"embeddable":true,"href":"https:\/\/www.usborkeychain.com\/es\/wp-json\/wp\/v2\/media\/4145"}],"wp:attachment":[{"href":"https:\/\/www.usborkeychain.com\/es\/wp-json\/wp\/v2\/media?parent=4141"}],"wp:term":[{"taxonomy":"product_brand","embeddable":true,"href":"https:\/\/www.usborkeychain.com\/es\/wp-json\/wp\/v2\/product_brand?post=4141"},{"taxonomy":"product_cat","embeddable":true,"href":"https:\/\/www.usborkeychain.com\/es\/wp-json\/wp\/v2\/product_cat?post=4141"},{"taxonomy":"product_tag","embeddable":true,"href":"https:\/\/www.usborkeychain.com\/es\/wp-json\/wp\/v2\/product_tag?post=4141"}],"curies":[{"name":"wp","href":"https:\/\/api.w.org\/{rel}","templated":true}]}}