{"id":4151,"date":"2025-07-17T04:00:13","date_gmt":"2025-07-17T04:00:13","guid":{"rendered":"https:\/\/www.usborkeychain.com\/?post_type=product&#038;p=4151"},"modified":"2025-08-11T07:01:56","modified_gmt":"2025-08-11T07:01:56","slug":"metal-paint-bucket-usb-drive","status":"publish","type":"product","link":"https:\/\/www.usborkeychain.com\/es\/producto\/metal-paint-bucket-usb-drive\/","title":{"rendered":"Cubo de pintura met\u00e1lico Unidad USB"},"content":{"rendered":"<p>En <strong>cubo met\u00e1lico de pintura Unidad USB <\/strong>est\u00e1 fabricado por fabricantes profesionales de unidades USB mediante fundici\u00f3n a presi\u00f3n de aleaci\u00f3n de zinc, replicando a la perfecci\u00f3n la forma de los cubos de pintura industriales e integrando inteligentemente el dise\u00f1o del cubo de pintura en un dispositivo de almacenamiento. El material met\u00e1lico le confiere tres ventajas fundamentales: resistencia a la presi\u00f3n, resistencia a las ca\u00eddas, excelente disipaci\u00f3n del calor y una textura de alta gama. El dise\u00f1o de llavero en la parte superior mejora la portabilidad, satisfaciendo tanto las necesidades de almacenamiento como sirviendo de potente soporte para los elementos visuales de la marca. Con su aspecto \u00fanico, se ha convertido en una excelente opci\u00f3n para la personalizaci\u00f3n y promoci\u00f3n de marcas, a\u00f1adiendo valor al almacenamiento creativo y a la publicidad corporativa.<\/p>\n\n\n\n<div class=\"wp-block-columns is-layout-flex wp-container-core-columns-is-layout-28f84493 wp-block-columns-is-layout-flex\">\n<div class=\"wp-block-column is-layout-flow wp-block-column-is-layout-flow\">\n<figure class=\"wp-block-image size-full\"><img alt=\"\" fetchpriority=\"high\" decoding=\"async\" width=\"800\" height=\"800\" src=\"https:\/\/www.usborkeychain.com\/wp-content\/uploads\/Colorful-Metal-Drum-USB.png\" class=\"wp-image-4155\" srcset=\"https:\/\/www.usborkeychain.com\/wp-content\/uploads\/Colorful-Metal-Drum-USB.png 800w, https:\/\/www.usborkeychain.com\/wp-content\/uploads\/Colorful-Metal-Drum-USB-300x300.png 300w, https:\/\/www.usborkeychain.com\/wp-content\/uploads\/Colorful-Metal-Drum-USB-150x150.png 150w, https:\/\/www.usborkeychain.com\/wp-content\/uploads\/Colorful-Metal-Drum-USB-768x768.png 768w, https:\/\/www.usborkeychain.com\/wp-content\/uploads\/Colorful-Metal-Drum-USB-12x12.png 12w, https:\/\/www.usborkeychain.com\/wp-content\/uploads\/Colorful-Metal-Drum-USB-600x600.png 600w, https:\/\/www.usborkeychain.com\/wp-content\/uploads\/Colorful-Metal-Drum-USB-100x100.png 100w\" sizes=\"(max-width: 800px) 100vw, 800px\" \/><\/figure>\n<\/div>\n\n\n\n<div class=\"wp-block-column is-layout-flow wp-block-column-is-layout-flow\">\n<figure class=\"wp-block-image size-full\"><img alt=\"\" decoding=\"async\" width=\"800\" height=\"800\" src=\"https:\/\/www.usborkeychain.com\/wp-content\/uploads\/Drum-Like-USB-Drive.png\" class=\"wp-image-4156\" srcset=\"https:\/\/www.usborkeychain.com\/wp-content\/uploads\/Drum-Like-USB-Drive.png 800w, https:\/\/www.usborkeychain.com\/wp-content\/uploads\/Drum-Like-USB-Drive-300x300.png 300w, https:\/\/www.usborkeychain.com\/wp-content\/uploads\/Drum-Like-USB-Drive-150x150.png 150w, https:\/\/www.usborkeychain.com\/wp-content\/uploads\/Drum-Like-USB-Drive-768x768.png 768w, https:\/\/www.usborkeychain.com\/wp-content\/uploads\/Drum-Like-USB-Drive-12x12.png 12w, https:\/\/www.usborkeychain.com\/wp-content\/uploads\/Drum-Like-USB-Drive-600x600.png 600w, https:\/\/www.usborkeychain.com\/wp-content\/uploads\/Drum-Like-USB-Drive-100x100.png 100w\" sizes=\"(max-width: 800px) 100vw, 800px\" \/><\/figure>\n<\/div>\n<\/div>\n\n\n\n<h2 class=\"wp-block-heading\">\u00bfCu\u00e1les son los par\u00e1metros de la unidad USB del cubo met\u00e1lico de pintura?<\/h2>\n\n\n\n<p>Los fabricantes de unidades USB controlan estrictamente la producci\u00f3n, lo que garantiza que la unidad USB con cubo de pintura met\u00e1lica tenga par\u00e1metros estables y pr\u00e1cticos para satisfacer diversas necesidades de almacenamiento:<\/p>\n\n\n\n<figure class=\"wp-block-table\"><table class=\"has-fixed-layout\"><thead><tr><th>Categor\u00eda de par\u00e1metros<\/th><th>Detalles<\/th><\/tr><\/thead><tbody><tr><td>Tipo de interfaz<\/td><td>USB3.0 (compatible con USB2.0)<\/td><\/tr><tr><td>Capacidad de almacenamiento<\/td><td>8GB, 16GB, 32GB, 64GB, 128GB<\/td><\/tr><tr><td>Dimensiones del producto<\/td><td>Altura: aproximadamente 45-55 mm, Di\u00e1metro: aproximadamente 20-25 mm<\/td><\/tr><tr><td>Peso del producto<\/td><td>Aproximadamente 15-25 gramos<\/td><\/tr><\/tbody><\/table><\/figure>\n\n\n\n<p>La interfaz USB3.0 garantiza una transmisi\u00f3n eficiente, con m\u00faltiples capacidades adecuadas para diferentes escenarios. Su tama\u00f1o y peso compactos facilitan su transporte, ideal para transferir documentos de trabajo o almacenar materiales de dise\u00f1o.<\/p>\n\n\n\n<div class=\"wp-block-columns is-layout-flex wp-container-core-columns-is-layout-28f84493 wp-block-columns-is-layout-flex\">\n<div class=\"wp-block-column is-layout-flow wp-block-column-is-layout-flow\">\n<figure class=\"wp-block-image size-full\"><img alt=\"\" decoding=\"async\" width=\"800\" height=\"800\" src=\"https:\/\/www.usborkeychain.com\/wp-content\/uploads\/Metal-Oil-Drum-USB.png\" class=\"wp-image-4159\" srcset=\"https:\/\/www.usborkeychain.com\/wp-content\/uploads\/Metal-Oil-Drum-USB.png 800w, https:\/\/www.usborkeychain.com\/wp-content\/uploads\/Metal-Oil-Drum-USB-300x300.png 300w, https:\/\/www.usborkeychain.com\/wp-content\/uploads\/Metal-Oil-Drum-USB-150x150.png 150w, https:\/\/www.usborkeychain.com\/wp-content\/uploads\/Metal-Oil-Drum-USB-768x768.png 768w, https:\/\/www.usborkeychain.com\/wp-content\/uploads\/Metal-Oil-Drum-USB-12x12.png 12w, https:\/\/www.usborkeychain.com\/wp-content\/uploads\/Metal-Oil-Drum-USB-600x600.png 600w, https:\/\/www.usborkeychain.com\/wp-content\/uploads\/Metal-Oil-Drum-USB-100x100.png 100w\" sizes=\"(max-width: 800px) 100vw, 800px\" \/><\/figure>\n<\/div>\n\n\n\n<div class=\"wp-block-column is-layout-flow wp-block-column-is-layout-flow\">\n<figure class=\"wp-block-image size-full\"><img alt=\"\" loading=\"lazy\" decoding=\"async\" width=\"800\" height=\"800\" src=\"https:\/\/www.usborkeychain.com\/wp-content\/uploads\/Metal-Barrel-USB-Drive.png\" class=\"wp-image-4158\" srcset=\"https:\/\/www.usborkeychain.com\/wp-content\/uploads\/Metal-Barrel-USB-Drive.png 800w, https:\/\/www.usborkeychain.com\/wp-content\/uploads\/Metal-Barrel-USB-Drive-300x300.png 300w, https:\/\/www.usborkeychain.com\/wp-content\/uploads\/Metal-Barrel-USB-Drive-150x150.png 150w, https:\/\/www.usborkeychain.com\/wp-content\/uploads\/Metal-Barrel-USB-Drive-768x768.png 768w, https:\/\/www.usborkeychain.com\/wp-content\/uploads\/Metal-Barrel-USB-Drive-12x12.png 12w, https:\/\/www.usborkeychain.com\/wp-content\/uploads\/Metal-Barrel-USB-Drive-600x600.png 600w, https:\/\/www.usborkeychain.com\/wp-content\/uploads\/Metal-Barrel-USB-Drive-100x100.png 100w\" sizes=\"(max-width: 800px) 100vw, 800px\" \/><\/figure>\n<\/div>\n<\/div>\n\n\n\n<h2 class=\"wp-block-heading\">\u00bfSe puede personalizar la unidad USB del cubo de pintura met\u00e1lico con un logotipo?<\/h2>\n\n\n\n<p>Los servicios de unidades USB personalizadas se centran en satisfacer las necesidades de logotipos de marca. Tanto si se trata de conocidas empresas de pintura como Dulux y Nippon Paint, como de empresas de otros sectores, los logotipos e identificadores VI pueden aplicarse a la superficie met\u00e1lica mediante grabado l\u00e1ser, serigraf\u00eda y otras t\u00e9cnicas. En el caso de las empresas de pinturas, la personalizaci\u00f3n de estas memorias USB como obsequios para exposiciones o regalos para clientes permite que \u00e9stos permanezcan en contacto con la marca siempre que la utilicen, lo que refuerza el recuerdo de la marca y mejora su notoriedad y reputaci\u00f3n.<\/p>\n\n\n\n<h2 class=\"wp-block-heading\">\u00bfQu\u00e9 colores hay disponibles para la unidad USB del cubo de pintura met\u00e1lico?<\/h2>\n\n\n\n<p>Actualmente, los colores est\u00e1ndar incluyen tonos met\u00e1licos b\u00e1sicos como plata, negro, rojo, azul y verde, que son sencillos, vers\u00e1tiles y adecuados para la mayor\u00eda de los estilos de marca. Si las empresas tienen requisitos de color especiales, como colores que coincidan con el tema de la marca, los fabricantes de unidades USB admiten la personalizaci\u00f3n. Mediante anodizado, pintura y otros procesos, pueden crear con precisi\u00f3n colores exclusivos, convirtiendo la unidad USB en una \"tarjeta de visita m\u00f3vil\" para la imagen de marca.<\/p>\n\n\n\n<div class=\"wp-block-columns is-layout-flex wp-container-core-columns-is-layout-28f84493 wp-block-columns-is-layout-flex\">\n<div class=\"wp-block-column is-layout-flow wp-block-column-is-layout-flow\">\n<figure class=\"wp-block-image size-full\"><img alt=\"\" loading=\"lazy\" decoding=\"async\" width=\"800\" height=\"800\" src=\"https:\/\/www.usborkeychain.com\/wp-content\/uploads\/Oil-Drum-Shaped-USB.png\" class=\"wp-image-4161\" srcset=\"https:\/\/www.usborkeychain.com\/wp-content\/uploads\/Oil-Drum-Shaped-USB.png 800w, https:\/\/www.usborkeychain.com\/wp-content\/uploads\/Oil-Drum-Shaped-USB-300x300.png 300w, https:\/\/www.usborkeychain.com\/wp-content\/uploads\/Oil-Drum-Shaped-USB-150x150.png 150w, https:\/\/www.usborkeychain.com\/wp-content\/uploads\/Oil-Drum-Shaped-USB-768x768.png 768w, https:\/\/www.usborkeychain.com\/wp-content\/uploads\/Oil-Drum-Shaped-USB-12x12.png 12w, https:\/\/www.usborkeychain.com\/wp-content\/uploads\/Oil-Drum-Shaped-USB-600x600.png 600w, https:\/\/www.usborkeychain.com\/wp-content\/uploads\/Oil-Drum-Shaped-USB-100x100.png 100w\" sizes=\"(max-width: 800px) 100vw, 800px\" \/><\/figure>\n<\/div>\n\n\n\n<div class=\"wp-block-column is-layout-flow wp-block-column-is-layout-flow\">\n<figure class=\"wp-block-image size-full\"><img alt=\"\" loading=\"lazy\" decoding=\"async\" width=\"800\" height=\"800\" src=\"https:\/\/www.usborkeychain.com\/wp-content\/uploads\/Stylish-Drum-USB.png\" class=\"wp-image-4163\" srcset=\"https:\/\/www.usborkeychain.com\/wp-content\/uploads\/Stylish-Drum-USB.png 800w, https:\/\/www.usborkeychain.com\/wp-content\/uploads\/Stylish-Drum-USB-300x300.png 300w, https:\/\/www.usborkeychain.com\/wp-content\/uploads\/Stylish-Drum-USB-150x150.png 150w, https:\/\/www.usborkeychain.com\/wp-content\/uploads\/Stylish-Drum-USB-768x768.png 768w, https:\/\/www.usborkeychain.com\/wp-content\/uploads\/Stylish-Drum-USB-12x12.png 12w, https:\/\/www.usborkeychain.com\/wp-content\/uploads\/Stylish-Drum-USB-600x600.png 600w, https:\/\/www.usborkeychain.com\/wp-content\/uploads\/Stylish-Drum-USB-100x100.png 100w\" sizes=\"(max-width: 800px) 100vw, 800px\" \/><\/figure>\n<\/div>\n<\/div>\n\n\n\n<div class=\"wp-block-columns is-layout-flex wp-container-core-columns-is-layout-28f84493 wp-block-columns-is-layout-flex\">\n<div class=\"wp-block-column is-layout-flow wp-block-column-is-layout-flow\">\n<figure class=\"wp-block-image size-full\"><img alt=\"\" loading=\"lazy\" decoding=\"async\" width=\"800\" height=\"800\" src=\"https:\/\/www.usborkeychain.com\/wp-content\/uploads\/Portable-Drum-USB.png\" class=\"wp-image-4162\" srcset=\"https:\/\/www.usborkeychain.com\/wp-content\/uploads\/Portable-Drum-USB.png 800w, https:\/\/www.usborkeychain.com\/wp-content\/uploads\/Portable-Drum-USB-300x300.png 300w, https:\/\/www.usborkeychain.com\/wp-content\/uploads\/Portable-Drum-USB-150x150.png 150w, https:\/\/www.usborkeychain.com\/wp-content\/uploads\/Portable-Drum-USB-768x768.png 768w, https:\/\/www.usborkeychain.com\/wp-content\/uploads\/Portable-Drum-USB-12x12.png 12w, https:\/\/www.usborkeychain.com\/wp-content\/uploads\/Portable-Drum-USB-600x600.png 600w, https:\/\/www.usborkeychain.com\/wp-content\/uploads\/Portable-Drum-USB-100x100.png 100w\" sizes=\"(max-width: 800px) 100vw, 800px\" \/><\/figure>\n<\/div>\n\n\n\n<div class=\"wp-block-column is-layout-flow wp-block-column-is-layout-flow\">\n<figure class=\"wp-block-image size-full\"><img alt=\"\" loading=\"lazy\" decoding=\"async\" width=\"800\" height=\"800\" src=\"https:\/\/www.usborkeychain.com\/wp-content\/uploads\/Mini-Drum-USB-Storage.png\" class=\"wp-image-4160\" srcset=\"https:\/\/www.usborkeychain.com\/wp-content\/uploads\/Mini-Drum-USB-Storage.png 800w, https:\/\/www.usborkeychain.com\/wp-content\/uploads\/Mini-Drum-USB-Storage-300x300.png 300w, https:\/\/www.usborkeychain.com\/wp-content\/uploads\/Mini-Drum-USB-Storage-150x150.png 150w, https:\/\/www.usborkeychain.com\/wp-content\/uploads\/Mini-Drum-USB-Storage-768x768.png 768w, https:\/\/www.usborkeychain.com\/wp-content\/uploads\/Mini-Drum-USB-Storage-12x12.png 12w, https:\/\/www.usborkeychain.com\/wp-content\/uploads\/Mini-Drum-USB-Storage-600x600.png 600w, https:\/\/www.usborkeychain.com\/wp-content\/uploads\/Mini-Drum-USB-Storage-100x100.png 100w\" sizes=\"(max-width: 800px) 100vw, 800px\" \/><\/figure>\n<\/div>\n<\/div>\n\n\n\n<div class=\"wp-block-columns is-layout-flex wp-container-core-columns-is-layout-28f84493 wp-block-columns-is-layout-flex\">\n<div class=\"wp-block-column is-layout-flow wp-block-column-is-layout-flow\">\n<figure class=\"wp-block-image size-full\"><img alt=\"\" loading=\"lazy\" decoding=\"async\" width=\"800\" height=\"800\" src=\"https:\/\/www.usborkeychain.com\/wp-content\/uploads\/Keychain-Drum-USB.png\" class=\"wp-image-4157\" srcset=\"https:\/\/www.usborkeychain.com\/wp-content\/uploads\/Keychain-Drum-USB.png 800w, https:\/\/www.usborkeychain.com\/wp-content\/uploads\/Keychain-Drum-USB-300x300.png 300w, https:\/\/www.usborkeychain.com\/wp-content\/uploads\/Keychain-Drum-USB-150x150.png 150w, https:\/\/www.usborkeychain.com\/wp-content\/uploads\/Keychain-Drum-USB-768x768.png 768w, https:\/\/www.usborkeychain.com\/wp-content\/uploads\/Keychain-Drum-USB-12x12.png 12w, https:\/\/www.usborkeychain.com\/wp-content\/uploads\/Keychain-Drum-USB-600x600.png 600w, https:\/\/www.usborkeychain.com\/wp-content\/uploads\/Keychain-Drum-USB-100x100.png 100w\" sizes=\"(max-width: 800px) 100vw, 800px\" \/><\/figure>\n<\/div>\n\n\n\n<div class=\"wp-block-column is-layout-flow wp-block-column-is-layout-flow\">\n<figure class=\"wp-block-image size-full\"><img alt=\"\" loading=\"lazy\" decoding=\"async\" width=\"800\" height=\"800\" src=\"https:\/\/www.usborkeychain.com\/wp-content\/uploads\/\u200bChromaSteel-Barrel-USB-Drive.png\" class=\"wp-image-4154\" srcset=\"https:\/\/www.usborkeychain.com\/wp-content\/uploads\/\u200bChromaSteel-Barrel-USB-Drive.png 800w, https:\/\/www.usborkeychain.com\/wp-content\/uploads\/\u200bChromaSteel-Barrel-USB-Drive-300x300.png 300w, https:\/\/www.usborkeychain.com\/wp-content\/uploads\/\u200bChromaSteel-Barrel-USB-Drive-150x150.png 150w, https:\/\/www.usborkeychain.com\/wp-content\/uploads\/\u200bChromaSteel-Barrel-USB-Drive-768x768.png 768w, https:\/\/www.usborkeychain.com\/wp-content\/uploads\/\u200bChromaSteel-Barrel-USB-Drive-12x12.png 12w, https:\/\/www.usborkeychain.com\/wp-content\/uploads\/\u200bChromaSteel-Barrel-USB-Drive-600x600.png 600w, https:\/\/www.usborkeychain.com\/wp-content\/uploads\/\u200bChromaSteel-Barrel-USB-Drive-100x100.png 100w\" sizes=\"(max-width: 800px) 100vw, 800px\" \/><\/figure>\n<\/div>\n<\/div>\n\n\n\n<h2 class=\"wp-block-heading\">Resumen<\/h2>\n\n\n\n<p>En <strong>cubo met\u00e1lico de pintura Unidad USB<\/strong> garantiza durabilidad gracias a su material met\u00e1lico, funciones pr\u00e1cticas con par\u00e1metros claros y ampl\u00eda los canales de marketing de la marca mediante logotipos personalizados y varios colores. Este creativo producto de almacenamiento desarrollado por fabricantes de unidades USB es una excelente opci\u00f3n para el almacenamiento corporativo diario y la promoci\u00f3n de la marca, ya que transmite valor de marca a trav\u00e9s de su dise\u00f1o exclusivo.<\/p>","protected":false},"excerpt":{"rendered":"<ul>\n<li>Barril met\u00e1lico Unidad USB<\/li>\n<li>Tambor met\u00e1lico de colores USB<\/li>\n<li>cubo met\u00e1lico de pintura Unidad USB<\/li>\n<li>Dulux y Nippon Paint<\/li>\n<li>MOQ:100PCS<\/li>\n<\/ul>","protected":false},"featured_media":4155,"comment_status":"open","ping_status":"closed","template":"","meta":{"_seopress_robots_primary_cat":"","_seopress_titles_title":"Metal Barrel USB Drive;Metal Paint Bucket USB Drive","_seopress_titles_desc":"","_seopress_robots_index":"","site-sidebar-layout":"default","site-content-layout":"","ast-site-content-layout":"","site-content-style":"default","site-sidebar-style":"default","ast-global-header-display":"","ast-banner-title-visibility":"","ast-main-header-display":"","ast-hfb-above-header-display":"","ast-hfb-below-header-display":"","ast-hfb-mobile-header-display":"","site-post-title":"","ast-breadcrumbs-content":"","ast-featured-img":"","footer-sml-layout":"","theme-transparent-header-meta":"","adv-header-id-meta":"","stick-header-meta":"","header-above-stick-meta":"","header-main-stick-meta":"","header-below-stick-meta":"","astra-migrate-meta-layouts":"default","ast-page-background-enabled":"default","ast-page-background-meta":{"desktop":{"background-color":"var(--ast-global-color-5)","background-image":"","background-repeat":"repeat","background-position":"center center","background-size":"auto","background-attachment":"scroll","background-type":"","background-media":"","overlay-type":"","overlay-color":"","overlay-opacity":"","overlay-gradient":""},"tablet":{"background-color":"","background-image":"","background-repeat":"repeat","background-position":"center center","background-size":"auto","background-attachment":"scroll","background-type":"","background-media":"","overlay-type":"","overlay-color":"","overlay-opacity":"","overlay-gradient":""},"mobile":{"background-color":"","background-image":"","background-repeat":"repeat","background-position":"center center","background-size":"auto","background-attachment":"scroll","background-type":"","background-media":"","overlay-type":"","overlay-color":"","overlay-opacity":"","overlay-gradient":""}},"ast-content-background-meta":{"desktop":{"background-color":"var(--ast-global-color-4)","background-image":"","background-repeat":"repeat","background-position":"center center","background-size":"auto","background-attachment":"scroll","background-type":"","background-media":"","overlay-type":"","overlay-color":"","overlay-opacity":"","overlay-gradient":""},"tablet":{"background-color":"var(--ast-global-color-4)","background-image":"","background-repeat":"repeat","background-position":"center center","background-size":"auto","background-attachment":"scroll","background-type":"","background-media":"","overlay-type":"","overlay-color":"","overlay-opacity":"","overlay-gradient":""},"mobile":{"background-color":"var(--ast-global-color-4)","background-image":"","background-repeat":"repeat","background-position":"center center","background-size":"auto","background-attachment":"scroll","background-type":"","background-media":"","overlay-type":"","overlay-color":"","overlay-opacity":"","overlay-gradient":""}}},"product_brand":[],"product_cat":[89,103,104],"product_tag":[398,228],"class_list":{"0":"post-4151","1":"product","2":"type-product","3":"status-publish","4":"has-post-thumbnail","6":"product_cat-metal-usb-pendrive","7":"product_cat-usb2-0-usb-pendrive","8":"product_cat-usb3-0-usb-pendrive","9":"product_tag-aluminum-usb-drive","10":"product_tag-metal-paint-bucket-usb-drive","11":"desktop-align-left","12":"tablet-align-left","13":"mobile-align-left","15":"first","16":"instock","17":"shipping-taxable","18":"product-type-simple"},"_links":{"self":[{"href":"https:\/\/www.usborkeychain.com\/es\/wp-json\/wp\/v2\/product\/4151","targetHints":{"allow":["GET"]}}],"collection":[{"href":"https:\/\/www.usborkeychain.com\/es\/wp-json\/wp\/v2\/product"}],"about":[{"href":"https:\/\/www.usborkeychain.com\/es\/wp-json\/wp\/v2\/types\/product"}],"replies":[{"embeddable":true,"href":"https:\/\/www.usborkeychain.com\/es\/wp-json\/wp\/v2\/comments?post=4151"}],"wp:featuredmedia":[{"embeddable":true,"href":"https:\/\/www.usborkeychain.com\/es\/wp-json\/wp\/v2\/media\/4155"}],"wp:attachment":[{"href":"https:\/\/www.usborkeychain.com\/es\/wp-json\/wp\/v2\/media?parent=4151"}],"wp:term":[{"taxonomy":"product_brand","embeddable":true,"href":"https:\/\/www.usborkeychain.com\/es\/wp-json\/wp\/v2\/product_brand?post=4151"},{"taxonomy":"product_cat","embeddable":true,"href":"https:\/\/www.usborkeychain.com\/es\/wp-json\/wp\/v2\/product_cat?post=4151"},{"taxonomy":"product_tag","embeddable":true,"href":"https:\/\/www.usborkeychain.com\/es\/wp-json\/wp\/v2\/product_tag?post=4151"}],"curies":[{"name":"wp","href":"https:\/\/api.w.org\/{rel}","templated":true}]}}