{"id":4165,"date":"2025-07-17T06:27:43","date_gmt":"2025-07-17T06:27:43","guid":{"rendered":"https:\/\/www.usborkeychain.com\/?post_type=product&#038;p=4165"},"modified":"2025-08-11T07:01:35","modified_gmt":"2025-08-11T07:01:35","slug":"metal-beer-bottle-cap-usb-drive","status":"publish","type":"product","link":"https:\/\/www.usborkeychain.com\/es\/producto\/metal-beer-bottle-cap-usb-drive\/","title":{"rendered":"Unidad USB con tap\u00f3n de botella de aleaci\u00f3n de aluminio"},"content":{"rendered":"<p>En <strong>Tapa de botella de aleaci\u00f3n de aluminio Unidad USB<\/strong> integra inteligentemente el elemento cotidiano del tap\u00f3n de botella en los productos digitales. Fabricado en aleaci\u00f3n de aluminio, reproduce la forma y los bordes dentados antideslizantes de los tapones de botella comunes en una proporci\u00f3n 1:1, provocando al instante una colisi\u00f3n entre los recuerdos familiares y la tecnolog\u00eda moderna. Est\u00e1 disponible en varios colores, como gris plateado, oro rosa, blanco plateado, negro mate, oro champ\u00e1n (amarillo claro) y otros colores anodizados, con colores plenos y textura de alta calidad. Se adapta a diferentes necesidades de estilo, sirviendo tanto como una pr\u00e1ctica herramienta de almacenamiento como un art\u00edculo llamativo debido a su forma \u00fanica, a\u00f1adiendo diversi\u00f3n y personalidad al almacenamiento de datos.<\/p>\n\n\n\n<figure class=\"wp-block-image aligncenter size-full\"><img alt=\"\" fetchpriority=\"high\" decoding=\"async\" width=\"800\" height=\"800\" src=\"https:\/\/www.usborkeychain.com\/wp-content\/uploads\/Beer-Cap-Shaped-USB.png\" class=\"wp-image-4168\" srcset=\"https:\/\/www.usborkeychain.com\/wp-content\/uploads\/Beer-Cap-Shaped-USB.png 800w, https:\/\/www.usborkeychain.com\/wp-content\/uploads\/Beer-Cap-Shaped-USB-300x300.png 300w, https:\/\/www.usborkeychain.com\/wp-content\/uploads\/Beer-Cap-Shaped-USB-150x150.png 150w, https:\/\/www.usborkeychain.com\/wp-content\/uploads\/Beer-Cap-Shaped-USB-768x768.png 768w, https:\/\/www.usborkeychain.com\/wp-content\/uploads\/Beer-Cap-Shaped-USB-12x12.png 12w, https:\/\/www.usborkeychain.com\/wp-content\/uploads\/Beer-Cap-Shaped-USB-600x600.png 600w, https:\/\/www.usborkeychain.com\/wp-content\/uploads\/Beer-Cap-Shaped-USB-100x100.png 100w\" sizes=\"(max-width: 800px) 100vw, 800px\" \/><\/figure>\n\n\n\n<h2 class=\"wp-block-heading\">Tabla de par\u00e1metros de la unidad USB<\/h2>\n\n\n\n<figure class=\"wp-block-table\"><table class=\"has-fixed-layout\"><thead><tr><th>Categor\u00eda de par\u00e1metros<\/th><th>Detalles<\/th><\/tr><\/thead><tbody><tr><td>Tipo de interfaz<\/td><td>USB 2.0\/USB3.0<\/td><\/tr><tr><td>Capacidad de almacenamiento<\/td><td>8GB, 16GB, 32GB, 64GB, 128GB<\/td><\/tr><tr><td>Dimensiones del producto<\/td><td>Di\u00e1metro: aproximadamente 30 - 35 mm; Grosor: aproximadamente 5 - 8 mm<\/td><\/tr><tr><td>Peso del producto<\/td><td>10 - 15 gramos<\/td><\/tr><\/tbody><\/table><\/figure>\n\n\n\n<h2 class=\"wp-block-heading\">\u00bfSe puede personalizar con distintos colores y logotipos?<\/h2>\n\n\n\n<p><strong>Unidad USB<\/strong> La personalizaci\u00f3n es un servicio b\u00e1sico. Tanto si se trata de conocidas empresas cerveceras como Budweiser, Heineken, Carlsberg u otras marcas, los logotipos e identificadores VI pueden grabarse con l\u00e1ser en la superficie met\u00e1lica.<\/p>\n\n\n\n<p>Como producto estrella de los fabricantes profesionales de personalizaci\u00f3n de unidades USB, este modelo admite una profunda personalizaci\u00f3n de la marca:<\/p>\n\n\n\n<ul class=\"wp-block-list\">\n<li>L<strong>Personalizaci\u00f3n de ogo\/VI<\/strong>: La parte frontal del tap\u00f3n de la botella puede grabarse con l\u00e1ser con logotipos, texto o motivos corporativos.<\/li>\n\n\n\n<li><strong>Cobertura del escenario<\/strong>: Promoci\u00f3n de la marca de cerveza (como las memorias USB personalizadas para eventos de Budweiser), regalos de empresa (obsequios para conferencias de distribuidores de la cervecera Tsingtao), art\u00edculos promocionales (canje con puntos de socio en cadenas de restauraci\u00f3n).<\/li>\n\n\n\n<li><strong>Adaptaci\u00f3n del sector<\/strong>: Las marcas de alcohol, los grupos de restauraci\u00f3n y los organizadores de eventos pueden cooperar para desarrollar versiones exclusivas.<\/li>\n<\/ul>\n\n\n\n<div class=\"wp-block-columns is-layout-flex wp-container-core-columns-is-layout-28f84493 wp-block-columns-is-layout-flex\">\n<div class=\"wp-block-column is-layout-flow wp-block-column-is-layout-flow\">\n<figure class=\"wp-block-image size-full\"><img alt=\"\" decoding=\"async\" width=\"800\" height=\"800\" src=\"https:\/\/www.usborkeychain.com\/wp-content\/uploads\/Bottle-Cap-USB-Drive.png\" class=\"wp-image-4169\" srcset=\"https:\/\/www.usborkeychain.com\/wp-content\/uploads\/Bottle-Cap-USB-Drive.png 800w, https:\/\/www.usborkeychain.com\/wp-content\/uploads\/Bottle-Cap-USB-Drive-300x300.png 300w, https:\/\/www.usborkeychain.com\/wp-content\/uploads\/Bottle-Cap-USB-Drive-150x150.png 150w, https:\/\/www.usborkeychain.com\/wp-content\/uploads\/Bottle-Cap-USB-Drive-768x768.png 768w, https:\/\/www.usborkeychain.com\/wp-content\/uploads\/Bottle-Cap-USB-Drive-12x12.png 12w, https:\/\/www.usborkeychain.com\/wp-content\/uploads\/Bottle-Cap-USB-Drive-600x600.png 600w, https:\/\/www.usborkeychain.com\/wp-content\/uploads\/Bottle-Cap-USB-Drive-100x100.png 100w\" sizes=\"(max-width: 800px) 100vw, 800px\" \/><\/figure>\n<\/div>\n\n\n\n<div class=\"wp-block-column is-layout-flow wp-block-column-is-layout-flow\">\n<figure class=\"wp-block-image size-full\"><img alt=\"\" decoding=\"async\" width=\"800\" height=\"800\" src=\"https:\/\/www.usborkeychain.com\/wp-content\/uploads\/Mini-Cap-USB-Device.png\" class=\"wp-image-4172\" srcset=\"https:\/\/www.usborkeychain.com\/wp-content\/uploads\/Mini-Cap-USB-Device.png 800w, https:\/\/www.usborkeychain.com\/wp-content\/uploads\/Mini-Cap-USB-Device-300x300.png 300w, https:\/\/www.usborkeychain.com\/wp-content\/uploads\/Mini-Cap-USB-Device-150x150.png 150w, https:\/\/www.usborkeychain.com\/wp-content\/uploads\/Mini-Cap-USB-Device-768x768.png 768w, https:\/\/www.usborkeychain.com\/wp-content\/uploads\/Mini-Cap-USB-Device-12x12.png 12w, https:\/\/www.usborkeychain.com\/wp-content\/uploads\/Mini-Cap-USB-Device-600x600.png 600w, https:\/\/www.usborkeychain.com\/wp-content\/uploads\/Mini-Cap-USB-Device-100x100.png 100w\" sizes=\"(max-width: 800px) 100vw, 800px\" \/><\/figure>\n<\/div>\n<\/div>\n\n\n\n<h2 class=\"wp-block-heading\">\u00bfViene con llavero?<\/h2>\n\n\n\n<ol class=\"wp-block-list\">\n<li><strong>Dise\u00f1o de ojo de cerradura integrado<\/strong>: En el borde de la parte superior de la tapa de la botella hay un ojo de cerradura met\u00e1lico integrado del mismo color, que es resistente y fiable.<\/li>\n\n\n\n<li><strong>Componentes met\u00e1licos de alta calidad<\/strong>: Equipado con una cadena de metal y un fuerte llavero, que es f\u00e1cil de abrir y cerrar.<\/li>\n\n\n\n<li><strong>Gran portabilidad<\/strong>:<\/li>\n<\/ol>\n\n\n\n<ul class=\"wp-block-list\">\n<li>Llavero: Se convierte en un objeto de transporte diario, dif\u00edcil de olvidar o perder.<\/li>\n\n\n\n<li>Tirador de cremallera para mochila\/bolsa de ordenador port\u00e1til: Es extremadamente c\u00f3modo para acceder a los datos.<\/li>\n\n\n\n<li>Correa para cartera\/hebilla para cintur\u00f3n: A la moda y pr\u00e1ctico.<\/li>\n<\/ul>\n\n\n\n<ol start=\"4\" class=\"wp-block-list\">\n<li><strong>Dise\u00f1o desmontable<\/strong>: Los componentes del llavero se pueden quitar f\u00e1cilmente, lo que permite que la unidad USB vuelva a su forma pura.<\/li>\n<\/ol>\n\n\n\n<div class=\"wp-block-columns is-layout-flex wp-container-core-columns-is-layout-28f84493 wp-block-columns-is-layout-flex\">\n<div class=\"wp-block-column is-layout-flow wp-block-column-is-layout-flow\">\n<figure class=\"wp-block-image size-full\"><img alt=\"\" loading=\"lazy\" decoding=\"async\" width=\"800\" height=\"800\" src=\"https:\/\/www.usborkeychain.com\/wp-content\/uploads\/Metal-Cap-USB-Keychain.png\" class=\"wp-image-4171\" srcset=\"https:\/\/www.usborkeychain.com\/wp-content\/uploads\/Metal-Cap-USB-Keychain.png 800w, https:\/\/www.usborkeychain.com\/wp-content\/uploads\/Metal-Cap-USB-Keychain-300x300.png 300w, https:\/\/www.usborkeychain.com\/wp-content\/uploads\/Metal-Cap-USB-Keychain-150x150.png 150w, https:\/\/www.usborkeychain.com\/wp-content\/uploads\/Metal-Cap-USB-Keychain-768x768.png 768w, https:\/\/www.usborkeychain.com\/wp-content\/uploads\/Metal-Cap-USB-Keychain-12x12.png 12w, https:\/\/www.usborkeychain.com\/wp-content\/uploads\/Metal-Cap-USB-Keychain-600x600.png 600w, https:\/\/www.usborkeychain.com\/wp-content\/uploads\/Metal-Cap-USB-Keychain-100x100.png 100w\" sizes=\"(max-width: 800px) 100vw, 800px\" \/><\/figure>\n<\/div>\n\n\n\n<div class=\"wp-block-column is-layout-flow wp-block-column-is-layout-flow\">\n<figure class=\"wp-block-image size-full\"><img alt=\"\" loading=\"lazy\" decoding=\"async\" width=\"800\" height=\"800\" src=\"https:\/\/www.usborkeychain.com\/wp-content\/uploads\/Keychain-Cap-USB.png\" class=\"wp-image-4170\" srcset=\"https:\/\/www.usborkeychain.com\/wp-content\/uploads\/Keychain-Cap-USB.png 800w, https:\/\/www.usborkeychain.com\/wp-content\/uploads\/Keychain-Cap-USB-300x300.png 300w, https:\/\/www.usborkeychain.com\/wp-content\/uploads\/Keychain-Cap-USB-150x150.png 150w, https:\/\/www.usborkeychain.com\/wp-content\/uploads\/Keychain-Cap-USB-768x768.png 768w, https:\/\/www.usborkeychain.com\/wp-content\/uploads\/Keychain-Cap-USB-12x12.png 12w, https:\/\/www.usborkeychain.com\/wp-content\/uploads\/Keychain-Cap-USB-600x600.png 600w, https:\/\/www.usborkeychain.com\/wp-content\/uploads\/Keychain-Cap-USB-100x100.png 100w\" sizes=\"(max-width: 800px) 100vw, 800px\" \/><\/figure>\n<\/div>\n<\/div>\n\n\n\n<h2 class=\"wp-block-heading\">\u00bfPara qu\u00e9 industrias es adecuado?<\/h2>\n\n\n\n<h3 class=\"wp-block-heading\">Industria cervecera<\/h3>\n\n\n\n<ul class=\"wp-block-list\">\n<li>Budweiser: Personaliza unidades USB doradas con forma de tap\u00f3n de botella, integra elementos de marca y util\u00edzalas como regalo en promociones de nuevos productos y actividades de festivales de la cerveza.<\/li>\n\n\n\n<li>Cerveza Tsingtao: Elija unidades USB plateadas y rojas que representen la marca para las reuniones de los distribuidores y las ventajas para los socios.<\/li>\n<\/ul>\n\n\n\n<h3 class=\"wp-block-heading\">Industria de bebidas<\/h3>\n\n\n\n<ul class=\"wp-block-list\">\n<li>Coca-Cola: Personaliza las cl\u00e1sicas memorias USB con tapa de botella roja para adaptarlas al logotipo de la marca.<\/li>\n\n\n\n<li>Nongfu Spring: Personalizaci\u00f3n de memorias USB en colores relacionados con la marca para actividades de promoci\u00f3n del agua de alta gama y bienestar p\u00fablico.<\/li>\n<\/ul>\n\n\n\n<h3 class=\"wp-block-heading\">Industria de bienes de consumo<\/h3>\n\n\n\n<ul class=\"wp-block-list\">\n<li>Red Bull: Crea unidades USB con tapones de botella dorados y plateados para regalar en las actividades de la estaci\u00f3n de suministro de energ\u00eda y en las recompensas para socios.<\/li>\n<\/ul>\n\n\n\n<h2 class=\"wp-block-heading\">Resumen<\/h2>\n\n\n\n<p>En <strong>tap\u00f3n de metal unidad USB<\/strong>, con su r\u00e9plica creativa, material de aleaci\u00f3n de aluminio y diversas personalizaciones, se ha convertido en un buen producto pr\u00e1ctico y orientado al marketing. Los par\u00e1metros precisos garantizan el rendimiento de almacenamiento, y los dise\u00f1os de color y llavero son adecuados para el uso diario y la promoci\u00f3n. Desde el sector de la cerveza y las bebidas hasta el de los productos de gran consumo, transmite la marca a trav\u00e9s de la personalizaci\u00f3n, ayudando a las empresas a realizar la comunicaci\u00f3n de marca y la conexi\u00f3n con el cliente con una apariencia \u00fanica y funciones pr\u00e1cticas en las necesidades de almacenamiento de datos. Es una integraci\u00f3n de alta calidad de almacenamiento digital y promoci\u00f3n de marketing.<\/p>","protected":false},"excerpt":{"rendered":"<ul>\n<li>Aleaci\u00f3n de aluminio<\/li>\n<li>Tap\u00f3n met\u00e1lico<\/li>\n<li>Gorra port\u00e1til\u00a0<\/li>\n<li>Mini tapa USB\u00a0<\/li>\n<li>MOQ:100PCS<\/li>\n<\/ul>","protected":false},"featured_media":4169,"comment_status":"open","ping_status":"closed","template":"","meta":{"_seopress_robots_primary_cat":"none","_seopress_titles_title":"Bottle Cap USB Drive;Portable Cap USB;Keychain Cap USB","_seopress_titles_desc":"","_seopress_robots_index":"","site-sidebar-layout":"default","site-content-layout":"","ast-site-content-layout":"","site-content-style":"default","site-sidebar-style":"default","ast-global-header-display":"","ast-banner-title-visibility":"","ast-main-header-display":"","ast-hfb-above-header-display":"","ast-hfb-below-header-display":"","ast-hfb-mobile-header-display":"","site-post-title":"","ast-breadcrumbs-content":"","ast-featured-img":"","footer-sml-layout":"","theme-transparent-header-meta":"","adv-header-id-meta":"","stick-header-meta":"","header-above-stick-meta":"","header-main-stick-meta":"","header-below-stick-meta":"","astra-migrate-meta-layouts":"default","ast-page-background-enabled":"default","ast-page-background-meta":{"desktop":{"background-color":"var(--ast-global-color-5)","background-image":"","background-repeat":"repeat","background-position":"center center","background-size":"auto","background-attachment":"scroll","background-type":"","background-media":"","overlay-type":"","overlay-color":"","overlay-opacity":"","overlay-gradient":""},"tablet":{"background-color":"","background-image":"","background-repeat":"repeat","background-position":"center center","background-size":"auto","background-attachment":"scroll","background-type":"","background-media":"","overlay-type":"","overlay-color":"","overlay-opacity":"","overlay-gradient":""},"mobile":{"background-color":"","background-image":"","background-repeat":"repeat","background-position":"center center","background-size":"auto","background-attachment":"scroll","background-type":"","background-media":"","overlay-type":"","overlay-color":"","overlay-opacity":"","overlay-gradient":""}},"ast-content-background-meta":{"desktop":{"background-color":"var(--ast-global-color-4)","background-image":"","background-repeat":"repeat","background-position":"center center","background-size":"auto","background-attachment":"scroll","background-type":"","background-media":"","overlay-type":"","overlay-color":"","overlay-opacity":"","overlay-gradient":""},"tablet":{"background-color":"var(--ast-global-color-4)","background-image":"","background-repeat":"repeat","background-position":"center center","background-size":"auto","background-attachment":"scroll","background-type":"","background-media":"","overlay-type":"","overlay-color":"","overlay-opacity":"","overlay-gradient":""},"mobile":{"background-color":"var(--ast-global-color-4)","background-image":"","background-repeat":"repeat","background-position":"center center","background-size":"auto","background-attachment":"scroll","background-type":"","background-media":"","overlay-type":"","overlay-color":"","overlay-opacity":"","overlay-gradient":""}}},"product_brand":[],"product_cat":[89,113,101],"product_tag":[229,231,396],"class_list":{"0":"post-4165","1":"product","2":"type-product","3":"status-publish","4":"has-post-thumbnail","6":"product_cat-metal-usb-pendrive","7":"product_cat-mini-usb-pendrive","8":"product_cat-usb-pendrive-with-keychain","9":"product_tag-metal-beer-bottle-cap-usb-drive","10":"product_tag-mini-cap-usb-device","11":"product_tag-stainless-steel-usb-flash-drive","12":"desktop-align-left","13":"tablet-align-left","14":"mobile-align-left","16":"first","17":"instock","18":"shipping-taxable","19":"product-type-simple"},"_links":{"self":[{"href":"https:\/\/www.usborkeychain.com\/es\/wp-json\/wp\/v2\/product\/4165","targetHints":{"allow":["GET"]}}],"collection":[{"href":"https:\/\/www.usborkeychain.com\/es\/wp-json\/wp\/v2\/product"}],"about":[{"href":"https:\/\/www.usborkeychain.com\/es\/wp-json\/wp\/v2\/types\/product"}],"replies":[{"embeddable":true,"href":"https:\/\/www.usborkeychain.com\/es\/wp-json\/wp\/v2\/comments?post=4165"}],"wp:featuredmedia":[{"embeddable":true,"href":"https:\/\/www.usborkeychain.com\/es\/wp-json\/wp\/v2\/media\/4169"}],"wp:attachment":[{"href":"https:\/\/www.usborkeychain.com\/es\/wp-json\/wp\/v2\/media?parent=4165"}],"wp:term":[{"taxonomy":"product_brand","embeddable":true,"href":"https:\/\/www.usborkeychain.com\/es\/wp-json\/wp\/v2\/product_brand?post=4165"},{"taxonomy":"product_cat","embeddable":true,"href":"https:\/\/www.usborkeychain.com\/es\/wp-json\/wp\/v2\/product_cat?post=4165"},{"taxonomy":"product_tag","embeddable":true,"href":"https:\/\/www.usborkeychain.com\/es\/wp-json\/wp\/v2\/product_tag?post=4165"}],"curies":[{"name":"wp","href":"https:\/\/api.w.org\/{rel}","templated":true}]}}