{"id":4173,"date":"2025-07-17T07:53:10","date_gmt":"2025-07-17T07:53:10","guid":{"rendered":"https:\/\/www.usborkeychain.com\/?post_type=product&#038;p=4173"},"modified":"2025-07-18T02:32:45","modified_gmt":"2025-07-18T02:32:45","slug":"cork-bottle-usb-drive","status":"publish","type":"product","link":"https:\/\/www.usborkeychain.com\/es\/producto\/cork-bottle-usb-drive\/","title":{"rendered":"Botella de corcho Memoria USB"},"content":{"rendered":"<figure class=\"wp-block-image aligncenter size-full\"><img alt=\"\" fetchpriority=\"high\" decoding=\"async\" width=\"800\" height=\"800\" src=\"https:\/\/www.usborkeychain.com\/wp-content\/uploads\/Eco-Cork-Wine-USB.png\" class=\"wp-image-4179\" srcset=\"https:\/\/www.usborkeychain.com\/wp-content\/uploads\/Eco-Cork-Wine-USB.png 800w, https:\/\/www.usborkeychain.com\/wp-content\/uploads\/Eco-Cork-Wine-USB-300x300.png 300w, https:\/\/www.usborkeychain.com\/wp-content\/uploads\/Eco-Cork-Wine-USB-150x150.png 150w, https:\/\/www.usborkeychain.com\/wp-content\/uploads\/Eco-Cork-Wine-USB-768x768.png 768w, https:\/\/www.usborkeychain.com\/wp-content\/uploads\/Eco-Cork-Wine-USB-12x12.png 12w, https:\/\/www.usborkeychain.com\/wp-content\/uploads\/Eco-Cork-Wine-USB-600x600.png 600w, https:\/\/www.usborkeychain.com\/wp-content\/uploads\/Eco-Cork-Wine-USB-100x100.png 100w\" sizes=\"(max-width: 800px) 100vw, 800px\" \/><\/figure>\n\n\n\n<p>En <strong>botella de corcho unidad USB<\/strong> integra inteligentemente la forma del corcho de una botella de vino en un dispositivo de almacenamiento. Cuenta con una interfaz USB oculta en la parte superior (modelo horizontal) y una interfaz plana de cuello de botella (modelo vertical), lo que permite una c\u00f3moda experiencia \"plug-and-play\". Compacto y port\u00e1til, el material de corcho ofrece un toque natural y r\u00fastico. No s\u00f3lo es una pr\u00e1ctica herramienta de almacenamiento de datos, sino tambi\u00e9n un delicado adorno, que a\u00f1ade diversi\u00f3n al uso diario y resulta adecuado tanto para regalos de empresa como para almacenamiento personal.<\/p>\n\n\n\n<h2 class=\"wp-block-heading\">\u00bfCu\u00e1les son los par\u00e1metros de la unidad USB para botellas de corcho?<\/h2>\n\n\n\n<p>A continuaci\u00f3n se detallan los par\u00e1metros fundamentales de la unidad USB con botella de corcho. Los fabricantes de unidades USB controlan estrictamente la calidad para garantizar el rendimiento:<\/p>\n\n\n\n<figure class=\"wp-block-table\"><table class=\"has-fixed-layout\"><thead><tr><th>Categor\u00eda de par\u00e1metros<\/th><th>Detalles<\/th><\/tr><\/thead><tbody><tr><td>Tipo de interfaz<\/td><td>USB 2.0<\/td><\/tr><tr><td>Capacidad de almacenamiento<\/td><td>8GB, 16GB, 32GB, 64GB, 128GB<\/td><\/tr><tr><td>Composici\u00f3n del material<\/td><td>Corcho natural + tap\u00f3n de resina ABS ecol\u00f3gica<\/td><\/tr><tr><td>Dimensiones del producto<\/td><td>Longitud total: aproximadamente 60-70 mm; Di\u00e1metro de la parte de la botella: aproximadamente 15-20 mm<\/td><\/tr><tr><td>Grosor del corcho<\/td><td>Capa envolvente de corcho: aproximadamente 3-5 mm<\/td><\/tr><tr><td>Peso<\/td><td>Aproximadamente 10-15 gramos<\/td><\/tr><\/tbody><\/table><\/figure>\n\n\n\n<p>El material de corcho es respetuoso con el medio ambiente, con texturas \u00fanicas que hacen que cada unidad USB sea ligeramente diferente. Su tama\u00f1o compacto permite engancharlo f\u00e1cilmente a un llavero o colocarlo en una cartera sin ocupar espacio.<\/p>\n\n\n\n<div class=\"wp-block-columns is-layout-flex wp-container-core-columns-is-layout-28f84493 wp-block-columns-is-layout-flex\">\n<div class=\"wp-block-column is-layout-flow wp-block-column-is-layout-flow\">\n<figure class=\"wp-block-image size-full\"><img alt=\"\" decoding=\"async\" width=\"800\" height=\"800\" src=\"https:\/\/www.usborkeychain.com\/wp-content\/uploads\/Wine-Cork-USB-Drive.png\" class=\"wp-image-4181\" srcset=\"https:\/\/www.usborkeychain.com\/wp-content\/uploads\/Wine-Cork-USB-Drive.png 800w, https:\/\/www.usborkeychain.com\/wp-content\/uploads\/Wine-Cork-USB-Drive-300x300.png 300w, https:\/\/www.usborkeychain.com\/wp-content\/uploads\/Wine-Cork-USB-Drive-150x150.png 150w, https:\/\/www.usborkeychain.com\/wp-content\/uploads\/Wine-Cork-USB-Drive-768x768.png 768w, https:\/\/www.usborkeychain.com\/wp-content\/uploads\/Wine-Cork-USB-Drive-12x12.png 12w, https:\/\/www.usborkeychain.com\/wp-content\/uploads\/Wine-Cork-USB-Drive-600x600.png 600w, https:\/\/www.usborkeychain.com\/wp-content\/uploads\/Wine-Cork-USB-Drive-100x100.png 100w\" sizes=\"(max-width: 800px) 100vw, 800px\" \/><\/figure>\n<\/div>\n\n\n\n<div class=\"wp-block-column is-layout-flow wp-block-column-is-layout-flow\">\n<figure class=\"wp-block-image size-full\"><img alt=\"\" decoding=\"async\" width=\"800\" height=\"800\" src=\"https:\/\/www.usborkeychain.com\/wp-content\/uploads\/Natural-Cork-USB-Storage.png\" class=\"wp-image-4180\" srcset=\"https:\/\/www.usborkeychain.com\/wp-content\/uploads\/Natural-Cork-USB-Storage.png 800w, https:\/\/www.usborkeychain.com\/wp-content\/uploads\/Natural-Cork-USB-Storage-300x300.png 300w, https:\/\/www.usborkeychain.com\/wp-content\/uploads\/Natural-Cork-USB-Storage-150x150.png 150w, https:\/\/www.usborkeychain.com\/wp-content\/uploads\/Natural-Cork-USB-Storage-768x768.png 768w, https:\/\/www.usborkeychain.com\/wp-content\/uploads\/Natural-Cork-USB-Storage-12x12.png 12w, https:\/\/www.usborkeychain.com\/wp-content\/uploads\/Natural-Cork-USB-Storage-600x600.png 600w, https:\/\/www.usborkeychain.com\/wp-content\/uploads\/Natural-Cork-USB-Storage-100x100.png 100w\" sizes=\"(max-width: 800px) 100vw, 800px\" \/><\/figure>\n<\/div>\n<\/div>\n\n\n\n<h2 class=\"wp-block-heading\">\u00bfCu\u00e1l es el rendimiento de la unidad USB con botella de corcho y para qu\u00e9 situaciones es adecuada?<\/h2>\n\n\n\n<p>En t\u00e9rminos de rendimiento, la lectura y escritura estables son fundamentales. Puede almacenar documentos, fotos y v\u00eddeos a diario sin errores de transmisi\u00f3n.<\/p>\n\n\n\n<p>Es adecuado para varios escenarios: En primer lugar, para promocionar una bodega. Personalizado con el logotipo de la finca, puede utilizarse como <strong>regalo de afiliaci\u00f3n<\/strong> o un <strong>sorteo<\/strong> con las compras de vino, lo que permite a los clientes almacenar informaci\u00f3n sobre degustaciones e historias de la finca para promocionar la marca. En segundo lugar, para reuniones de negocios. Si se regala a los socios, su dise\u00f1o \u00fanico es memorable, y puede almacenar materiales y planes de reuniones, siendo a la vez pr\u00e1ctica y elegante. Tercero, uso personal diario. Los aficionados a la literatura pueden utilizarlo para guardar ensayos y materiales de inspiraci\u00f3n. Es peque\u00f1o, atractivo y f\u00e1cil de usar, y puede utilizarse como llavero decorativo para acceder a los datos al instante.<\/p>\n\n\n\n<p>Ejemplos:<\/p>\n\n\n\n<figure class=\"wp-block-table\"><table class=\"has-fixed-layout\"><thead><tr><th>Tipo de escenario<\/th><th>Descripci\u00f3n del caso<\/th><\/tr><\/thead><tbody><tr><td>Marketing de marcas de alcohol<\/td><td>Art\u00edculos promocionales personalizados para Changyu\/Great Wall Wine para realzar el tono de la marca<\/td><\/tr><tr><td>Regalos de empresa de gama alta<\/td><td>Recuerdos de la reuni\u00f3n anual de la empresa (grabados con esl\u00f3ganes de la empresa para mejorar el reconocimiento)<\/td><\/tr><tr><td>Productos creativos culturales y tur\u00edsticos<\/td><td>Modelos personalizados para centros de visitantes de bodegas bordelesas en Francia, con ventas mensuales superiores a 2.000 juegos.<\/td><\/tr><tr><td>Catering Regalos de afiliaci\u00f3n<\/td><td><\/td><\/tr><\/tbody><\/table><\/figure>\n\n\n\n<div class=\"wp-block-columns is-layout-flex wp-container-core-columns-is-layout-28f84493 wp-block-columns-is-layout-flex\">\n<div class=\"wp-block-column is-layout-flow wp-block-column-is-layout-flow\">\n<figure class=\"wp-block-image size-full\"><img alt=\"\" loading=\"lazy\" decoding=\"async\" width=\"800\" height=\"800\" src=\"https:\/\/www.usborkeychain.com\/wp-content\/uploads\/Corked-Bottle-USB.png\" class=\"wp-image-4178\" srcset=\"https:\/\/www.usborkeychain.com\/wp-content\/uploads\/Corked-Bottle-USB.png 800w, https:\/\/www.usborkeychain.com\/wp-content\/uploads\/Corked-Bottle-USB-300x300.png 300w, https:\/\/www.usborkeychain.com\/wp-content\/uploads\/Corked-Bottle-USB-150x150.png 150w, https:\/\/www.usborkeychain.com\/wp-content\/uploads\/Corked-Bottle-USB-768x768.png 768w, https:\/\/www.usborkeychain.com\/wp-content\/uploads\/Corked-Bottle-USB-12x12.png 12w, https:\/\/www.usborkeychain.com\/wp-content\/uploads\/Corked-Bottle-USB-600x600.png 600w, https:\/\/www.usborkeychain.com\/wp-content\/uploads\/Corked-Bottle-USB-100x100.png 100w\" sizes=\"(max-width: 800px) 100vw, 800px\" \/><\/figure>\n<\/div>\n\n\n\n<div class=\"wp-block-column is-layout-flow wp-block-column-is-layout-flow\">\n<figure class=\"wp-block-image size-full\"><img alt=\"\" loading=\"lazy\" decoding=\"async\" width=\"800\" height=\"800\" src=\"https:\/\/www.usborkeychain.com\/wp-content\/uploads\/Cork-Wine-Bottle-USB.png\" class=\"wp-image-4177\" srcset=\"https:\/\/www.usborkeychain.com\/wp-content\/uploads\/Cork-Wine-Bottle-USB.png 800w, https:\/\/www.usborkeychain.com\/wp-content\/uploads\/Cork-Wine-Bottle-USB-300x300.png 300w, https:\/\/www.usborkeychain.com\/wp-content\/uploads\/Cork-Wine-Bottle-USB-150x150.png 150w, https:\/\/www.usborkeychain.com\/wp-content\/uploads\/Cork-Wine-Bottle-USB-768x768.png 768w, https:\/\/www.usborkeychain.com\/wp-content\/uploads\/Cork-Wine-Bottle-USB-12x12.png 12w, https:\/\/www.usborkeychain.com\/wp-content\/uploads\/Cork-Wine-Bottle-USB-600x600.png 600w, https:\/\/www.usborkeychain.com\/wp-content\/uploads\/Cork-Wine-Bottle-USB-100x100.png 100w\" sizes=\"(max-width: 800px) 100vw, 800px\" \/><\/figure>\n<\/div>\n<\/div>\n\n\n\n<h2 class=\"wp-block-heading\">\u00bfSe puede imprimir un logotipo en la unidad USB para botellas de corcho?<\/h2>\n\n\n\n<p>La impresi\u00f3n de logotipos es un servicio clave en<strong> Unidad USB<\/strong> personalizaci\u00f3n. El grabado por l\u00e1ser se utiliza habitualmente para grabar con precisi\u00f3n logotipos e identificadores VI en la superficie del corcho, con l\u00edneas claras que no se caen f\u00e1cilmente. Tambi\u00e9n est\u00e1 disponible la impresi\u00f3n en color UV, que permite imprimir patrones a todo color en el cuerpo de la botella.<\/p>\n\n\n\n<figure class=\"wp-block-image aligncenter size-full\"><img alt=\"\" loading=\"lazy\" decoding=\"async\" width=\"800\" height=\"800\" src=\"https:\/\/www.usborkeychain.com\/wp-content\/uploads\/Bottle-Cork-Shaped-USB.png\" class=\"wp-image-4176\" srcset=\"https:\/\/www.usborkeychain.com\/wp-content\/uploads\/Bottle-Cork-Shaped-USB.png 800w, https:\/\/www.usborkeychain.com\/wp-content\/uploads\/Bottle-Cork-Shaped-USB-300x300.png 300w, https:\/\/www.usborkeychain.com\/wp-content\/uploads\/Bottle-Cork-Shaped-USB-150x150.png 150w, https:\/\/www.usborkeychain.com\/wp-content\/uploads\/Bottle-Cork-Shaped-USB-768x768.png 768w, https:\/\/www.usborkeychain.com\/wp-content\/uploads\/Bottle-Cork-Shaped-USB-12x12.png 12w, https:\/\/www.usborkeychain.com\/wp-content\/uploads\/Bottle-Cork-Shaped-USB-600x600.png 600w, https:\/\/www.usborkeychain.com\/wp-content\/uploads\/Bottle-Cork-Shaped-USB-100x100.png 100w\" sizes=\"(max-width: 800px) 100vw, 800px\" \/><\/figure>\n\n\n\n<p>Este<strong> unidad USB creativa <\/strong>combina la c\u00e1lida textura de las barricas de roble franc\u00e9s y la est\u00e9tica del vino tinto en un tama\u00f1o reducido. El cuerpo de la botella de corcho natural y el tap\u00f3n rojo oscuro recrean la sensaci\u00f3n ritual del vino fino a\u00f1ejo, mientras que el dise\u00f1o de la interfaz USB oculta es como abrir una botella de vino a\u00f1ejo: basta con girar ligeramente el \"corcho\" para que los datos fluyan como el vino fino. Lleva la filosof\u00eda oriental de \"el vino es un confidente\" y \"el vino refleja el car\u00e1cter\", elevando la herramienta digital a portador emocional. Para las empresas, es un medio excelente para personalizar historias de marca (como las cajas de regalo personalizadas VIP de la Bodega Changyu); para los particulares, se convierte en una muestra de colecci\u00f3n que atestigua la amistad. Cuando la tecnolog\u00eda se impregna de est\u00e9tica vital, cada transmisi\u00f3n de datos es un tributo a la artesan\u00eda y el gusto.<\/p>","protected":false},"excerpt":{"rendered":"<ul>\n<li>Peque\u00f1o y port\u00e1til<\/li>\n<li>Lectura estable<\/li>\n<li>Material de madera<\/li>\n<li>Mayor velocidad y alta calidad<\/li>\n<li>Fiabilidad y seguridad<\/li>\n<\/ul>","protected":false},"featured_media":4179,"comment_status":"open","ping_status":"closed","template":"","meta":{"_seopress_robots_primary_cat":"","_seopress_titles_title":"Cork Bottle USB Drive;creative USB drive","_seopress_titles_desc":"","_seopress_robots_index":"","site-sidebar-layout":"default","site-content-layout":"","ast-site-content-layout":"","site-content-style":"default","site-sidebar-style":"default","ast-global-header-display":"","ast-banner-title-visibility":"","ast-main-header-display":"","ast-hfb-above-header-display":"","ast-hfb-below-header-display":"","ast-hfb-mobile-header-display":"","site-post-title":"","ast-breadcrumbs-content":"","ast-featured-img":"","footer-sml-layout":"","theme-transparent-header-meta":"","adv-header-id-meta":"","stick-header-meta":"","header-above-stick-meta":"","header-main-stick-meta":"","header-below-stick-meta":"","astra-migrate-meta-layouts":"default","ast-page-background-enabled":"default","ast-page-background-meta":{"desktop":{"background-color":"var(--ast-global-color-5)","background-image":"","background-repeat":"repeat","background-position":"center center","background-size":"auto","background-attachment":"scroll","background-type":"","background-media":"","overlay-type":"","overlay-color":"","overlay-opacity":"","overlay-gradient":""},"tablet":{"background-color":"","background-image":"","background-repeat":"repeat","background-position":"center center","background-size":"auto","background-attachment":"scroll","background-type":"","background-media":"","overlay-type":"","overlay-color":"","overlay-opacity":"","overlay-gradient":""},"mobile":{"background-color":"","background-image":"","background-repeat":"repeat","background-position":"center center","background-size":"auto","background-attachment":"scroll","background-type":"","background-media":"","overlay-type":"","overlay-color":"","overlay-opacity":"","overlay-gradient":""}},"ast-content-background-meta":{"desktop":{"background-color":"var(--ast-global-color-4)","background-image":"","background-repeat":"repeat","background-position":"center center","background-size":"auto","background-attachment":"scroll","background-type":"","background-media":"","overlay-type":"","overlay-color":"","overlay-opacity":"","overlay-gradient":""},"tablet":{"background-color":"var(--ast-global-color-4)","background-image":"","background-repeat":"repeat","background-position":"center center","background-size":"auto","background-attachment":"scroll","background-type":"","background-media":"","overlay-type":"","overlay-color":"","overlay-opacity":"","overlay-gradient":""},"mobile":{"background-color":"var(--ast-global-color-4)","background-image":"","background-repeat":"repeat","background-position":"center center","background-size":"auto","background-attachment":"scroll","background-type":"","background-media":"","overlay-type":"","overlay-color":"","overlay-opacity":"","overlay-gradient":""}}},"product_brand":[],"product_cat":[168],"product_tag":[232,233,234],"class_list":{"0":"post-4173","1":"product","2":"type-product","3":"status-publish","4":"has-post-thumbnail","6":"product_cat-wood-usb-flash-drive","7":"product_tag-cork-bottle-usb-drive","8":"product_tag-creative-usb-drive","9":"product_tag-wooden-bottle-usb-drive","10":"desktop-align-left","11":"tablet-align-left","12":"mobile-align-left","14":"first","15":"instock","16":"shipping-taxable","17":"product-type-simple"},"_links":{"self":[{"href":"https:\/\/www.usborkeychain.com\/es\/wp-json\/wp\/v2\/product\/4173","targetHints":{"allow":["GET"]}}],"collection":[{"href":"https:\/\/www.usborkeychain.com\/es\/wp-json\/wp\/v2\/product"}],"about":[{"href":"https:\/\/www.usborkeychain.com\/es\/wp-json\/wp\/v2\/types\/product"}],"replies":[{"embeddable":true,"href":"https:\/\/www.usborkeychain.com\/es\/wp-json\/wp\/v2\/comments?post=4173"}],"wp:featuredmedia":[{"embeddable":true,"href":"https:\/\/www.usborkeychain.com\/es\/wp-json\/wp\/v2\/media\/4179"}],"wp:attachment":[{"href":"https:\/\/www.usborkeychain.com\/es\/wp-json\/wp\/v2\/media?parent=4173"}],"wp:term":[{"taxonomy":"product_brand","embeddable":true,"href":"https:\/\/www.usborkeychain.com\/es\/wp-json\/wp\/v2\/product_brand?post=4173"},{"taxonomy":"product_cat","embeddable":true,"href":"https:\/\/www.usborkeychain.com\/es\/wp-json\/wp\/v2\/product_cat?post=4173"},{"taxonomy":"product_tag","embeddable":true,"href":"https:\/\/www.usborkeychain.com\/es\/wp-json\/wp\/v2\/product_tag?post=4173"}],"curies":[{"name":"wp","href":"https:\/\/api.w.org\/{rel}","templated":true}]}}