{"id":4182,"date":"2025-07-17T09:16:56","date_gmt":"2025-07-17T09:16:56","guid":{"rendered":"https:\/\/www.usborkeychain.com\/?post_type=product&#038;p=4182"},"modified":"2025-07-22T14:18:53","modified_gmt":"2025-07-22T14:18:53","slug":"red-wine-cork-usb-drive","status":"publish","type":"product","link":"https:\/\/www.usborkeychain.com\/es\/producto\/red-wine-cork-usb-drive\/","title":{"rendered":"Memoria USB Corcho Vino Tinto"},"content":{"rendered":"<p>En <strong>unidad USB de corcho de vino tinto<\/strong> reproduce ingeniosamente la forma de un corcho de vino tinto, combinando el material natural del corcho con la funcionalidad del almacenamiento. Cuenta con un dise\u00f1o de cadena met\u00e1lica en la parte superior para facilitar su transporte; al sacar el corcho se descubre la interfaz USB, creando una divertida experiencia de \"abrir y usar\". Compacta y compacta, no s\u00f3lo es una herramienta fiable de almacenamiento de datos, sino que tambi\u00e9n se asemeja a un exquisito corcho extra\u00eddo de una botella de vino, rompiendo las limitaciones de los dise\u00f1os tradicionales de unidades USB.<\/p>\n\n\n\n<div class=\"wp-block-columns is-layout-flex wp-container-core-columns-is-layout-28f84493 wp-block-columns-is-layout-flex\">\n<div class=\"wp-block-column is-layout-flow wp-block-column-is-layout-flow\">\n<figure class=\"wp-block-image size-full\"><img alt=\"\" fetchpriority=\"high\" decoding=\"async\" width=\"800\" height=\"800\" src=\"https:\/\/www.usborkeychain.com\/wp-content\/uploads\/Wine-Cork-USB-for-Promotion.png\" class=\"wp-image-4197\" srcset=\"https:\/\/www.usborkeychain.com\/wp-content\/uploads\/Wine-Cork-USB-for-Promotion.png 800w, https:\/\/www.usborkeychain.com\/wp-content\/uploads\/Wine-Cork-USB-for-Promotion-300x300.png 300w, https:\/\/www.usborkeychain.com\/wp-content\/uploads\/Wine-Cork-USB-for-Promotion-150x150.png 150w, https:\/\/www.usborkeychain.com\/wp-content\/uploads\/Wine-Cork-USB-for-Promotion-768x768.png 768w, https:\/\/www.usborkeychain.com\/wp-content\/uploads\/Wine-Cork-USB-for-Promotion-12x12.png 12w, https:\/\/www.usborkeychain.com\/wp-content\/uploads\/Wine-Cork-USB-for-Promotion-600x600.png 600w, https:\/\/www.usborkeychain.com\/wp-content\/uploads\/Wine-Cork-USB-for-Promotion-100x100.png 100w\" sizes=\"(max-width: 800px) 100vw, 800px\" \/><\/figure>\n<\/div>\n\n\n\n<div class=\"wp-block-column is-layout-flow wp-block-column-is-layout-flow\">\n<figure class=\"wp-block-image size-full\"><img alt=\"\" decoding=\"async\" width=\"800\" height=\"800\" src=\"https:\/\/www.usborkeychain.com\/wp-content\/uploads\/Wine-Cork-USB-Ornamen.png\" class=\"wp-image-4198\" srcset=\"https:\/\/www.usborkeychain.com\/wp-content\/uploads\/Wine-Cork-USB-Ornamen.png 800w, https:\/\/www.usborkeychain.com\/wp-content\/uploads\/Wine-Cork-USB-Ornamen-300x300.png 300w, https:\/\/www.usborkeychain.com\/wp-content\/uploads\/Wine-Cork-USB-Ornamen-150x150.png 150w, https:\/\/www.usborkeychain.com\/wp-content\/uploads\/Wine-Cork-USB-Ornamen-768x768.png 768w, https:\/\/www.usborkeychain.com\/wp-content\/uploads\/Wine-Cork-USB-Ornamen-12x12.png 12w, https:\/\/www.usborkeychain.com\/wp-content\/uploads\/Wine-Cork-USB-Ornamen-600x600.png 600w, https:\/\/www.usborkeychain.com\/wp-content\/uploads\/Wine-Cork-USB-Ornamen-100x100.png 100w\" sizes=\"(max-width: 800px) 100vw, 800px\" \/><\/figure>\n<\/div>\n<\/div>\n\n\n\n<h2 class=\"wp-block-heading\">Par\u00e1metros detallados de la memoria USB de corcho para vino tinto<\/h2>\n\n\n\n<p><strong>Unidad USB<\/strong> Los fabricantes controlan estrictamente la producci\u00f3n, y los siguientes par\u00e1metros b\u00e1sicos demuestran claramente el rendimiento del producto:<\/p>\n\n\n\n<figure class=\"wp-block-table\"><table class=\"has-fixed-layout\"><thead><tr><th>Categor\u00eda de par\u00e1metros<\/th><th>Detalles<\/th><\/tr><\/thead><tbody><tr><td>Tipo de interfaz<\/td><td>USB 2.0\/3.0<\/td><\/tr><tr><td>Capacidad de almacenamiento<\/td><td>8GB, 16GB, 32GB, 64GB, 128GB<\/td><\/tr><tr><td>Dimensiones del producto<\/td><td>Di\u00e1metro: aproximadamente 20-25 mm; Longitud: aproximadamente 30-35 mm<\/td><\/tr><tr><td>Grosor del corcho<\/td><td>Capa envolvente de corcho: aproximadamente 5-8 mm<\/td><\/tr><tr><td>Peso<\/td><td>Aproximadamente 8-12 gramos<\/td><\/tr><\/tbody><\/table><\/figure>\n\n\n\n<p>Tiene importantes ventajas: <strong>corcho natural<\/strong> es respetuoso con el medio ambiente, con texturas \u00fanicas que hacen que cada unidad USB sea \u00fanica; su tama\u00f1o se adapta a las situaciones cotidianas, ya que cabe f\u00e1cilmente en los bolsillos o en llaveros sin problemas.<\/p>\n\n\n\n<div class=\"wp-block-columns is-layout-flex wp-container-core-columns-is-layout-28f84493 wp-block-columns-is-layout-flex\">\n<div class=\"wp-block-column is-layout-flow wp-block-column-is-layout-flow\">\n<figure class=\"wp-block-image size-full\"><img alt=\"\" decoding=\"async\" width=\"800\" height=\"800\" src=\"https:\/\/www.usborkeychain.com\/wp-content\/uploads\/Wine-Cork-Gift-USB.png\" class=\"wp-image-4194\" srcset=\"https:\/\/www.usborkeychain.com\/wp-content\/uploads\/Wine-Cork-Gift-USB.png 800w, https:\/\/www.usborkeychain.com\/wp-content\/uploads\/Wine-Cork-Gift-USB-300x300.png 300w, https:\/\/www.usborkeychain.com\/wp-content\/uploads\/Wine-Cork-Gift-USB-150x150.png 150w, https:\/\/www.usborkeychain.com\/wp-content\/uploads\/Wine-Cork-Gift-USB-768x768.png 768w, https:\/\/www.usborkeychain.com\/wp-content\/uploads\/Wine-Cork-Gift-USB-12x12.png 12w, https:\/\/www.usborkeychain.com\/wp-content\/uploads\/Wine-Cork-Gift-USB-600x600.png 600w, https:\/\/www.usborkeychain.com\/wp-content\/uploads\/Wine-Cork-Gift-USB-100x100.png 100w\" sizes=\"(max-width: 800px) 100vw, 800px\" \/><\/figure>\n<\/div>\n\n\n\n<div class=\"wp-block-column is-layout-flow wp-block-column-is-layout-flow\">\n<figure class=\"wp-block-image size-full\"><img alt=\"\" loading=\"lazy\" decoding=\"async\" width=\"800\" height=\"800\" src=\"https:\/\/www.usborkeychain.com\/wp-content\/uploads\/Wine-Cork-USB-Drive-1.png\" class=\"wp-image-4196\" srcset=\"https:\/\/www.usborkeychain.com\/wp-content\/uploads\/Wine-Cork-USB-Drive-1.png 800w, https:\/\/www.usborkeychain.com\/wp-content\/uploads\/Wine-Cork-USB-Drive-1-300x300.png 300w, https:\/\/www.usborkeychain.com\/wp-content\/uploads\/Wine-Cork-USB-Drive-1-150x150.png 150w, https:\/\/www.usborkeychain.com\/wp-content\/uploads\/Wine-Cork-USB-Drive-1-768x768.png 768w, https:\/\/www.usborkeychain.com\/wp-content\/uploads\/Wine-Cork-USB-Drive-1-12x12.png 12w, https:\/\/www.usborkeychain.com\/wp-content\/uploads\/Wine-Cork-USB-Drive-1-600x600.png 600w, https:\/\/www.usborkeychain.com\/wp-content\/uploads\/Wine-Cork-USB-Drive-1-100x100.png 100w\" sizes=\"(max-width: 800px) 100vw, 800px\" \/><\/figure>\n<\/div>\n<\/div>\n\n\n\n<div class=\"wp-block-columns is-layout-flex wp-container-core-columns-is-layout-28f84493 wp-block-columns-is-layout-flex\">\n<div class=\"wp-block-column is-layout-flow wp-block-column-is-layout-flow\">\n<figure class=\"wp-block-image size-full\"><img alt=\"\" loading=\"lazy\" decoding=\"async\" width=\"800\" height=\"800\" src=\"https:\/\/www.usborkeychain.com\/wp-content\/uploads\/Vintage-Cork-Wine-USB.png\" class=\"wp-image-4193\" srcset=\"https:\/\/www.usborkeychain.com\/wp-content\/uploads\/Vintage-Cork-Wine-USB.png 800w, https:\/\/www.usborkeychain.com\/wp-content\/uploads\/Vintage-Cork-Wine-USB-300x300.png 300w, https:\/\/www.usborkeychain.com\/wp-content\/uploads\/Vintage-Cork-Wine-USB-150x150.png 150w, https:\/\/www.usborkeychain.com\/wp-content\/uploads\/Vintage-Cork-Wine-USB-768x768.png 768w, https:\/\/www.usborkeychain.com\/wp-content\/uploads\/Vintage-Cork-Wine-USB-12x12.png 12w, https:\/\/www.usborkeychain.com\/wp-content\/uploads\/Vintage-Cork-Wine-USB-600x600.png 600w, https:\/\/www.usborkeychain.com\/wp-content\/uploads\/Vintage-Cork-Wine-USB-100x100.png 100w\" sizes=\"(max-width: 800px) 100vw, 800px\" \/><\/figure>\n<\/div>\n\n\n\n<div class=\"wp-block-column is-layout-flow wp-block-column-is-layout-flow\">\n<figure class=\"wp-block-image size-full\"><img alt=\"\" loading=\"lazy\" decoding=\"async\" width=\"800\" height=\"800\" src=\"https:\/\/www.usborkeychain.com\/wp-content\/uploads\/Cork-Wine-Stopper-USB.png\" class=\"wp-image-4188\" srcset=\"https:\/\/www.usborkeychain.com\/wp-content\/uploads\/Cork-Wine-Stopper-USB.png 800w, https:\/\/www.usborkeychain.com\/wp-content\/uploads\/Cork-Wine-Stopper-USB-300x300.png 300w, https:\/\/www.usborkeychain.com\/wp-content\/uploads\/Cork-Wine-Stopper-USB-150x150.png 150w, https:\/\/www.usborkeychain.com\/wp-content\/uploads\/Cork-Wine-Stopper-USB-768x768.png 768w, https:\/\/www.usborkeychain.com\/wp-content\/uploads\/Cork-Wine-Stopper-USB-12x12.png 12w, https:\/\/www.usborkeychain.com\/wp-content\/uploads\/Cork-Wine-Stopper-USB-600x600.png 600w, https:\/\/www.usborkeychain.com\/wp-content\/uploads\/Cork-Wine-Stopper-USB-100x100.png 100w\" sizes=\"(max-width: 800px) 100vw, 800px\" \/><\/figure>\n<\/div>\n<\/div>\n\n\n\n<h2 class=\"wp-block-heading\">Rendimiento y escenarios aplicables<\/h2>\n\n\n\n<p>En t\u00e9rminos de rendimiento, la lectura y escritura estables son fundamentales. Puede almacenar documentos, fotos, v\u00eddeos, etc., en el uso diario, con un riesgo m\u00ednimo de errores o ralentizaciones en la transmisi\u00f3n de datos. Es adecuado para diversos escenarios:<\/p>\n\n\n\n<ul class=\"wp-block-list\">\n<li><strong>Promoci\u00f3n de la industria del vino tinto<\/strong>: Las bodegas pueden personalizarlo con los logotipos de la marca como obsequio por la compra de vino o ventajas para los socios. Los clientes pueden guardar gu\u00edas de cata y materiales sobre la historia de la bodega, lo que contribuye a difundir la cultura de la marca. Bodegas de renombre como Lafite y Penfolds lo utilizan como regalo personalizado para mejorar el reconocimiento de la marca.<\/li>\n\n\n\n<li><strong>Actividades comerciales<\/strong>: Como recuerdo para los socios en reuniones o cenas de negocios, su dise\u00f1o \u00fanico deja una profunda impresi\u00f3n. Puede almacenar materiales de reuniones y planes de cooperaci\u00f3n, siendo a la vez pr\u00e1ctico y elegante, ayudando a las empresas a fortalecer las conexiones en las interacciones comerciales.<\/li>\n\n\n\n<li><strong>Uso personal<\/strong>: Los aficionados a la literatura y los coleccionistas de vino tinto pueden utilizarlo para guardar rese\u00f1as de vinos y fotos de viajes. Compacto y exquisito, ocupa poco espacio. Colgado de un llavero, sirve tanto de decoraci\u00f3n como de c\u00f3moda herramienta para acceder a los datos en cualquier momento, satisfaciendo las necesidades diarias de almacenamiento y exhibici\u00f3n de la personalidad.<\/li>\n<\/ul>\n\n\n\n<div class=\"wp-block-columns is-layout-flex wp-container-core-columns-is-layout-28f84493 wp-block-columns-is-layout-flex\">\n<div class=\"wp-block-column is-layout-flow wp-block-column-is-layout-flow\">\n<figure class=\"wp-block-image size-full\"><img alt=\"\" loading=\"lazy\" decoding=\"async\" width=\"750\" height=\"750\" src=\"https:\/\/www.usborkeychain.com\/wp-content\/uploads\/Wine-Cork-Memory-Stick.webp\" class=\"wp-image-4195\" srcset=\"https:\/\/www.usborkeychain.com\/wp-content\/uploads\/Wine-Cork-Memory-Stick.webp 750w, https:\/\/www.usborkeychain.com\/wp-content\/uploads\/Wine-Cork-Memory-Stick-300x300.webp 300w, https:\/\/www.usborkeychain.com\/wp-content\/uploads\/Wine-Cork-Memory-Stick-150x150.webp 150w, https:\/\/www.usborkeychain.com\/wp-content\/uploads\/Wine-Cork-Memory-Stick-12x12.webp 12w, https:\/\/www.usborkeychain.com\/wp-content\/uploads\/Wine-Cork-Memory-Stick-600x600.webp 600w, https:\/\/www.usborkeychain.com\/wp-content\/uploads\/Wine-Cork-Memory-Stick-100x100.webp 100w\" sizes=\"(max-width: 750px) 100vw, 750px\" \/><\/figure>\n<\/div>\n\n\n\n<div class=\"wp-block-column is-layout-flow wp-block-column-is-layout-flow\">\n<figure class=\"wp-block-image size-full\"><img alt=\"\" loading=\"lazy\" decoding=\"async\" width=\"750\" height=\"750\" src=\"https:\/\/www.usborkeychain.com\/wp-content\/uploads\/Natural-Cork-USB.webp\" class=\"wp-image-4190\" srcset=\"https:\/\/www.usborkeychain.com\/wp-content\/uploads\/Natural-Cork-USB.webp 750w, https:\/\/www.usborkeychain.com\/wp-content\/uploads\/Natural-Cork-USB-300x300.webp 300w, https:\/\/www.usborkeychain.com\/wp-content\/uploads\/Natural-Cork-USB-150x150.webp 150w, https:\/\/www.usborkeychain.com\/wp-content\/uploads\/Natural-Cork-USB-12x12.webp 12w, https:\/\/www.usborkeychain.com\/wp-content\/uploads\/Natural-Cork-USB-600x600.webp 600w, https:\/\/www.usborkeychain.com\/wp-content\/uploads\/Natural-Cork-USB-100x100.webp 100w\" sizes=\"(max-width: 750px) 100vw, 750px\" \/><\/figure>\n<\/div>\n<\/div>\n\n\n\n<h2 class=\"wp-block-heading\"> Personalizaci\u00f3n de logotipos y t\u00e9cnicas<\/h2>\n\n\n\n<p>La personalizaci\u00f3n del logotipo es una parte fundamental de<strong> Unidad USB<\/strong> servicios de personalizaci\u00f3n. El grabado por l\u00e1ser se utiliza habitualmente para tallar con precisi\u00f3n logotipos e identificadores VI en la superficie del corcho, con l\u00edneas claras que se funden de forma natural con la textura del corcho y son resistentes al desgaste y la descamaci\u00f3n. La serigraf\u00eda tambi\u00e9n puede aplicarse al extremo del corcho para imprimir motivos y textos coloridos, adapt\u00e1ndose a los diferentes estilos de marca. Tanto si las empresas de vino tinto quieren reforzar su imagen de marca como si otras industrias necesitan regalos personalizados, estas dos t\u00e9cnicas pueden lograr dise\u00f1os personalizados.<\/p>\n\n\n\n<div class=\"wp-block-columns is-layout-flex wp-container-core-columns-is-layout-28f84493 wp-block-columns-is-layout-flex\">\n<div class=\"wp-block-column is-layout-flow wp-block-column-is-layout-flow\">\n<figure class=\"wp-block-image size-full\"><img alt=\"\" loading=\"lazy\" decoding=\"async\" width=\"800\" height=\"800\" src=\"https:\/\/www.usborkeychain.com\/wp-content\/uploads\/Artistic-Cork-Wine-USB.png\" class=\"wp-image-4185\" srcset=\"https:\/\/www.usborkeychain.com\/wp-content\/uploads\/Artistic-Cork-Wine-USB.png 800w, https:\/\/www.usborkeychain.com\/wp-content\/uploads\/Artistic-Cork-Wine-USB-300x300.png 300w, https:\/\/www.usborkeychain.com\/wp-content\/uploads\/Artistic-Cork-Wine-USB-150x150.png 150w, https:\/\/www.usborkeychain.com\/wp-content\/uploads\/Artistic-Cork-Wine-USB-768x768.png 768w, https:\/\/www.usborkeychain.com\/wp-content\/uploads\/Artistic-Cork-Wine-USB-12x12.png 12w, https:\/\/www.usborkeychain.com\/wp-content\/uploads\/Artistic-Cork-Wine-USB-600x600.png 600w, https:\/\/www.usborkeychain.com\/wp-content\/uploads\/Artistic-Cork-Wine-USB-100x100.png 100w\" sizes=\"(max-width: 800px) 100vw, 800px\" \/><\/figure>\n<\/div>\n\n\n\n<div class=\"wp-block-column is-layout-flow wp-block-column-is-layout-flow\">\n<figure class=\"wp-block-image size-full\"><img alt=\"\" loading=\"lazy\" decoding=\"async\" width=\"800\" height=\"800\" src=\"https:\/\/www.usborkeychain.com\/wp-content\/uploads\/Sustainable-Cork-Wine-USB.png\" class=\"wp-image-4192\" srcset=\"https:\/\/www.usborkeychain.com\/wp-content\/uploads\/Sustainable-Cork-Wine-USB.png 800w, https:\/\/www.usborkeychain.com\/wp-content\/uploads\/Sustainable-Cork-Wine-USB-300x300.png 300w, https:\/\/www.usborkeychain.com\/wp-content\/uploads\/Sustainable-Cork-Wine-USB-150x150.png 150w, https:\/\/www.usborkeychain.com\/wp-content\/uploads\/Sustainable-Cork-Wine-USB-768x768.png 768w, https:\/\/www.usborkeychain.com\/wp-content\/uploads\/Sustainable-Cork-Wine-USB-12x12.png 12w, https:\/\/www.usborkeychain.com\/wp-content\/uploads\/Sustainable-Cork-Wine-USB-600x600.png 600w, https:\/\/www.usborkeychain.com\/wp-content\/uploads\/Sustainable-Cork-Wine-USB-100x100.png 100w\" sizes=\"(max-width: 800px) 100vw, 800px\" \/><\/figure>\n<\/div>\n<\/div>\n\n\n\n<h2 class=\"wp-block-heading\">Resumen<\/h2>\n\n\n\n<p>En <strong>unidad USB de corcho de vino tinto<\/strong>con su exclusivo aspecto de corcho natural, par\u00e1metros profesionales claros, rendimiento estable y pr\u00e1ctico, y servicios flexibles de personalizaci\u00f3n de logotipos, se ha convertido en un producto creativo distintivo de los fabricantes de unidades USB. Los fabricantes profesionales de unidades USB personalizadas utilizan el grabado por l\u00e1ser para infundir el ADN de la marca en cada cent\u00edmetro de la textura de la madera, elevando el almacenamiento de datos a un medio de conexi\u00f3n emocional. Es una combinaci\u00f3n perfecta de creatividad y practicidad, digna de experimentar.<\/p>\n\n\n\n<div class=\"wp-block-columns is-layout-flex wp-container-core-columns-is-layout-28f84493 wp-block-columns-is-layout-flex\">\n<div class=\"wp-block-column is-layout-flow wp-block-column-is-layout-flow\">\n<figure class=\"wp-block-image size-full\"><img alt=\"\" loading=\"lazy\" decoding=\"async\" width=\"800\" height=\"800\" src=\"https:\/\/www.usborkeychain.com\/wp-content\/uploads\/Cork-USB-with-Tin-Case.png\" class=\"wp-image-4187\" srcset=\"https:\/\/www.usborkeychain.com\/wp-content\/uploads\/Cork-USB-with-Tin-Case.png 800w, https:\/\/www.usborkeychain.com\/wp-content\/uploads\/Cork-USB-with-Tin-Case-300x300.png 300w, https:\/\/www.usborkeychain.com\/wp-content\/uploads\/Cork-USB-with-Tin-Case-150x150.png 150w, https:\/\/www.usborkeychain.com\/wp-content\/uploads\/Cork-USB-with-Tin-Case-768x768.png 768w, https:\/\/www.usborkeychain.com\/wp-content\/uploads\/Cork-USB-with-Tin-Case-12x12.png 12w, https:\/\/www.usborkeychain.com\/wp-content\/uploads\/Cork-USB-with-Tin-Case-600x600.png 600w, https:\/\/www.usborkeychain.com\/wp-content\/uploads\/Cork-USB-with-Tin-Case-100x100.png 100w\" sizes=\"(max-width: 800px) 100vw, 800px\" \/><\/figure>\n<\/div>\n\n\n\n<div class=\"wp-block-column is-layout-flow wp-block-column-is-layout-flow\">\n<figure class=\"wp-block-image size-full\"><img alt=\"\" loading=\"lazy\" decoding=\"async\" width=\"800\" height=\"800\" src=\"https:\/\/www.usborkeychain.com\/wp-content\/uploads\/Cork-USB-with-Keychain.png\" class=\"wp-image-4186\" srcset=\"https:\/\/www.usborkeychain.com\/wp-content\/uploads\/Cork-USB-with-Keychain.png 800w, https:\/\/www.usborkeychain.com\/wp-content\/uploads\/Cork-USB-with-Keychain-300x300.png 300w, https:\/\/www.usborkeychain.com\/wp-content\/uploads\/Cork-USB-with-Keychain-150x150.png 150w, https:\/\/www.usborkeychain.com\/wp-content\/uploads\/Cork-USB-with-Keychain-768x768.png 768w, https:\/\/www.usborkeychain.com\/wp-content\/uploads\/Cork-USB-with-Keychain-12x12.png 12w, https:\/\/www.usborkeychain.com\/wp-content\/uploads\/Cork-USB-with-Keychain-600x600.png 600w, https:\/\/www.usborkeychain.com\/wp-content\/uploads\/Cork-USB-with-Keychain-100x100.png 100w\" sizes=\"(max-width: 800px) 100vw, 800px\" \/><\/figure>\n<\/div>\n<\/div>","protected":false},"excerpt":{"rendered":"<ul>\n<li>Abrir y utilizar<\/li>\n<li>Corcho natural<\/li>\n<li>Compacto<\/li>\n<li>Ahorro de espacio<\/li>\n<li>Ecol\u00f3gico<\/li>\n<\/ul>","protected":false},"featured_media":4189,"comment_status":"open","ping_status":"closed","template":"","meta":{"_seopress_robots_primary_cat":"none","_seopress_titles_title":"Red Wine Cork USB Drive\uff1bwooden usb drive","_seopress_titles_desc":"","_seopress_robots_index":"","site-sidebar-layout":"default","site-content-layout":"","ast-site-content-layout":"","site-content-style":"default","site-sidebar-style":"default","ast-global-header-display":"","ast-banner-title-visibility":"","ast-main-header-display":"","ast-hfb-above-header-display":"","ast-hfb-below-header-display":"","ast-hfb-mobile-header-display":"","site-post-title":"","ast-breadcrumbs-content":"","ast-featured-img":"","footer-sml-layout":"","theme-transparent-header-meta":"","adv-header-id-meta":"","stick-header-meta":"","header-above-stick-meta":"","header-main-stick-meta":"","header-below-stick-meta":"","astra-migrate-meta-layouts":"default","ast-page-background-enabled":"default","ast-page-background-meta":{"desktop":{"background-color":"var(--ast-global-color-5)","background-image":"","background-repeat":"repeat","background-position":"center center","background-size":"auto","background-attachment":"scroll","background-type":"","background-media":"","overlay-type":"","overlay-color":"","overlay-opacity":"","overlay-gradient":""},"tablet":{"background-color":"","background-image":"","background-repeat":"repeat","background-position":"center center","background-size":"auto","background-attachment":"scroll","background-type":"","background-media":"","overlay-type":"","overlay-color":"","overlay-opacity":"","overlay-gradient":""},"mobile":{"background-color":"","background-image":"","background-repeat":"repeat","background-position":"center center","background-size":"auto","background-attachment":"scroll","background-type":"","background-media":"","overlay-type":"","overlay-color":"","overlay-opacity":"","overlay-gradient":""}},"ast-content-background-meta":{"desktop":{"background-color":"var(--ast-global-color-4)","background-image":"","background-repeat":"repeat","background-position":"center center","background-size":"auto","background-attachment":"scroll","background-type":"","background-media":"","overlay-type":"","overlay-color":"","overlay-opacity":"","overlay-gradient":""},"tablet":{"background-color":"var(--ast-global-color-4)","background-image":"","background-repeat":"repeat","background-position":"center center","background-size":"auto","background-attachment":"scroll","background-type":"","background-media":"","overlay-type":"","overlay-color":"","overlay-opacity":"","overlay-gradient":""},"mobile":{"background-color":"var(--ast-global-color-4)","background-image":"","background-repeat":"repeat","background-position":"center center","background-size":"auto","background-attachment":"scroll","background-type":"","background-media":"","overlay-type":"","overlay-color":"","overlay-opacity":"","overlay-gradient":""}}},"product_brand":[],"product_cat":[168,101,103],"product_tag":[235,237,236],"class_list":{"0":"post-4182","1":"product","2":"type-product","3":"status-publish","4":"has-post-thumbnail","6":"product_cat-wood-usb-flash-drive","7":"product_cat-usb-pendrive-with-keychain","8":"product_cat-usb2-0-usb-pendrive","9":"product_tag-red-wine-cork-usb-drive","10":"product_tag-wine-cork-usb-flash-drive","11":"product_tag-wooden-usb-drive","12":"desktop-align-left","13":"tablet-align-left","14":"mobile-align-left","16":"first","17":"instock","18":"shipping-taxable","19":"product-type-simple"},"_links":{"self":[{"href":"https:\/\/www.usborkeychain.com\/es\/wp-json\/wp\/v2\/product\/4182","targetHints":{"allow":["GET"]}}],"collection":[{"href":"https:\/\/www.usborkeychain.com\/es\/wp-json\/wp\/v2\/product"}],"about":[{"href":"https:\/\/www.usborkeychain.com\/es\/wp-json\/wp\/v2\/types\/product"}],"replies":[{"embeddable":true,"href":"https:\/\/www.usborkeychain.com\/es\/wp-json\/wp\/v2\/comments?post=4182"}],"wp:featuredmedia":[{"embeddable":true,"href":"https:\/\/www.usborkeychain.com\/es\/wp-json\/wp\/v2\/media\/4189"}],"wp:attachment":[{"href":"https:\/\/www.usborkeychain.com\/es\/wp-json\/wp\/v2\/media?parent=4182"}],"wp:term":[{"taxonomy":"product_brand","embeddable":true,"href":"https:\/\/www.usborkeychain.com\/es\/wp-json\/wp\/v2\/product_brand?post=4182"},{"taxonomy":"product_cat","embeddable":true,"href":"https:\/\/www.usborkeychain.com\/es\/wp-json\/wp\/v2\/product_cat?post=4182"},{"taxonomy":"product_tag","embeddable":true,"href":"https:\/\/www.usborkeychain.com\/es\/wp-json\/wp\/v2\/product_tag?post=4182"}],"curies":[{"name":"wp","href":"https:\/\/api.w.org\/{rel}","templated":true}]}}