{"id":4214,"date":"2025-07-19T04:37:03","date_gmt":"2025-07-19T04:37:03","guid":{"rendered":"https:\/\/www.usborkeychain.com\/?post_type=product&#038;p=4214"},"modified":"2025-07-19T08:54:32","modified_gmt":"2025-07-19T08:54:32","slug":"pvc-cartoon-cat-paw-usb-drive","status":"publish","type":"product","link":"https:\/\/www.usborkeychain.com\/es\/producto\/pvc-cartoon-cat-paw-usb-drive\/","title":{"rendered":"Unidad USB de PVC con pata de gato de dibujos animados"},"content":{"rendered":"<div class=\"wp-block-columns is-layout-flex wp-container-core-columns-is-layout-28f84493 wp-block-columns-is-layout-flex\">\n<div class=\"wp-block-column is-layout-flow wp-block-column-is-layout-flow\">\n<figure class=\"wp-block-image size-full\"><img alt=\"\" fetchpriority=\"high\" decoding=\"async\" width=\"800\" height=\"800\" src=\"https:\/\/www.usborkeychain.com\/wp-content\/uploads\/Cat-Paw-USB-flash-Drive.png\" class=\"wp-image-4217\" srcset=\"https:\/\/www.usborkeychain.com\/wp-content\/uploads\/Cat-Paw-USB-flash-Drive.png 800w, https:\/\/www.usborkeychain.com\/wp-content\/uploads\/Cat-Paw-USB-flash-Drive-300x300.png 300w, https:\/\/www.usborkeychain.com\/wp-content\/uploads\/Cat-Paw-USB-flash-Drive-150x150.png 150w, https:\/\/www.usborkeychain.com\/wp-content\/uploads\/Cat-Paw-USB-flash-Drive-768x768.png 768w, https:\/\/www.usborkeychain.com\/wp-content\/uploads\/Cat-Paw-USB-flash-Drive-12x12.png 12w, https:\/\/www.usborkeychain.com\/wp-content\/uploads\/Cat-Paw-USB-flash-Drive-600x600.png 600w, https:\/\/www.usborkeychain.com\/wp-content\/uploads\/Cat-Paw-USB-flash-Drive-100x100.png 100w\" sizes=\"(max-width: 800px) 100vw, 800px\" \/><\/figure>\n<\/div>\n\n\n\n<div class=\"wp-block-column is-layout-flow wp-block-column-is-layout-flow\">\n<p>En <strong>Unidad USB de PVC con pata de gato de dibujos animados <\/strong>presenta un adorable dise\u00f1o de pata de gato, con almohadillas redondeadas y l\u00edneas juguetonas que reproducen a la perfecci\u00f3n la forma de la pata de un gato, lo que atrae instant\u00e1neamente los corazones de los \"due\u00f1os de gatos\" y los amantes de los objetos bonitos. Est\u00e1 disponible en varios colores vivos, desde el rosa y el azul m\u00e1s frescos hasta el negro y el marr\u00f3n m\u00e1s fr\u00edos, adecuados para diferentes personalidades. <\/p>\n\n\n\n<p>Como herramienta de almacenamiento, puede transmitir datos de forma estable, por lo que es ideal para el almacenamiento diario de documentos y fotos de simp\u00e1ticas mascotas. En escenarios de moda como <strong>cosplay<\/strong> y <strong>convenciones del c\u00f3mic<\/strong>Adem\u00e1s, es uno de los favoritos de los entusiastas, ya que sirve como un elegante gadget digital que les permite mostrar su personalidad y almacenar c\u00f3modamente materiales, convirti\u00e9ndose as\u00ed en un art\u00edculo popular entre los j\u00f3venes.<\/p>\n<\/div>\n<\/div>\n\n\n\n<h2 class=\"wp-block-heading\">Tabla de par\u00e1metros de la memoria USB de PVC con pata de gato de dibujos animados<\/h2>\n\n\n\n<figure class=\"wp-block-table\"><table class=\"has-fixed-layout\"><thead><tr><th>Categor\u00eda de par\u00e1metros<\/th><th>Detalles<\/th><\/tr><\/thead><tbody><tr><td>Tipo de interfaz<\/td><td>USB 2.0\/USB 3.0<\/td><\/tr><tr><td>Capacidad de almacenamiento<\/td><td>8GB, 16GB, 32GB, 64GB, 128GB<\/td><\/tr><tr><td>Espesor del material de PVC<\/td><td>Aproximadamente 2 - 3 mm<\/td><\/tr><tr><td>Tama\u00f1o del producto (longitud \u00d7 anchura \u00d7 altura)<\/td><td>Aproximadamente 4cm\u00d73cm\u00d72cm<\/td><\/tr><tr><td>Peso<\/td><td>Aproximadamente 15 - 20 g<\/td><\/tr><\/tbody><\/table><\/figure>\n\n\n\n<h2 class=\"wp-block-heading\">\u00bfSe puede personalizar el color?<\/h2>\n\n\n\n<div class=\"wp-block-columns is-layout-flex wp-container-core-columns-is-layout-28f84493 wp-block-columns-is-layout-flex\">\n<div class=\"wp-block-column is-layout-flow wp-block-column-is-layout-flow\">\n<figure class=\"wp-block-image size-full\"><img alt=\"\" decoding=\"async\" width=\"800\" height=\"800\" src=\"https:\/\/www.usborkeychain.com\/wp-content\/uploads\/KittyClaw-USB-falsh-drive.png\" class=\"wp-image-4221\" srcset=\"https:\/\/www.usborkeychain.com\/wp-content\/uploads\/KittyClaw-USB-falsh-drive.png 800w, https:\/\/www.usborkeychain.com\/wp-content\/uploads\/KittyClaw-USB-falsh-drive-300x300.png 300w, https:\/\/www.usborkeychain.com\/wp-content\/uploads\/KittyClaw-USB-falsh-drive-150x150.png 150w, https:\/\/www.usborkeychain.com\/wp-content\/uploads\/KittyClaw-USB-falsh-drive-768x768.png 768w, https:\/\/www.usborkeychain.com\/wp-content\/uploads\/KittyClaw-USB-falsh-drive-12x12.png 12w, https:\/\/www.usborkeychain.com\/wp-content\/uploads\/KittyClaw-USB-falsh-drive-600x600.png 600w, https:\/\/www.usborkeychain.com\/wp-content\/uploads\/KittyClaw-USB-falsh-drive-100x100.png 100w\" sizes=\"(max-width: 800px) 100vw, 800px\" \/><\/figure>\n<\/div>\n\n\n\n<div class=\"wp-block-column is-layout-flow wp-block-column-is-layout-flow\">\n<p>En <strong>Unidad USB de PVC con pata de gato de dibujos animados<\/strong> admite la personalizaci\u00f3n de distintos colores. Tanto si se trata del color de la marca corporativa como de un tono \u00fanico preferido por los individuos, puede conseguirse mediante el proceso de mezcla de colores de los materiales de PVC. Por ejemplo, los clubes de anime pueden personalizar unidades USB con patas de gato en colores tem\u00e1ticos de los personajes, y las marcas de belleza pueden utilizar su exclusivo rosa, morado, etc., convirtiendo la unidad USB en una \"tarjeta de visita de color\" andante para satisfacer diversas necesidades personalizadas.<\/p>\n<\/div>\n<\/div>\n\n\n\n<h2 class=\"wp-block-heading\">\u00bfC\u00f3mo se fabrica esta memoria USB de PVC con forma de pata de gato?<\/h2>\n\n\n\n<div class=\"wp-block-columns is-layout-flex wp-container-core-columns-is-layout-28f84493 wp-block-columns-is-layout-flex\">\n<div class=\"wp-block-column is-layout-flow wp-block-column-is-layout-flow\">\n<p>Se fabrica mediante un proceso de moldeo por inyecci\u00f3n en molde de precisi\u00f3n: garantiza que cada forma de pata de gato sea muy consistente, clara y realista. El material son part\u00edculas de PVC de alta calidad y respetuosas con el medio ambiente, que se inyectan en el molde a alta temperatura y presi\u00f3n para darles forma. Los colores se consiguen mediante una proporci\u00f3n precisa de masterbatches de color, lo que garantiza un color estable en cada lote.<\/p>\n\n\n\n<p>Adem\u00e1s, admite la impresi\u00f3n de logotipos. La serigraf\u00eda puede utilizarse para imprimir logotipos de marcas y bonitos dibujos en la superficie de la pata de gato; tambi\u00e9n puede utilizarse el grabado l\u00e1ser para crear marcas de logotipo exquisitas y duraderas, lo que facilita la personalizaci\u00f3n exclusiva para empresas, clubes, etc.<\/p>\n<\/div>\n\n\n\n<div class=\"wp-block-column is-layout-flow wp-block-column-is-layout-flow\">\n<figure class=\"wp-block-image size-full\"><img alt=\"\" decoding=\"async\" width=\"800\" height=\"800\" src=\"https:\/\/www.usborkeychain.com\/wp-content\/uploads\/FurryPaw-usb-Flash-drive.png\" class=\"wp-image-4220\" srcset=\"https:\/\/www.usborkeychain.com\/wp-content\/uploads\/FurryPaw-usb-Flash-drive.png 800w, https:\/\/www.usborkeychain.com\/wp-content\/uploads\/FurryPaw-usb-Flash-drive-300x300.png 300w, https:\/\/www.usborkeychain.com\/wp-content\/uploads\/FurryPaw-usb-Flash-drive-150x150.png 150w, https:\/\/www.usborkeychain.com\/wp-content\/uploads\/FurryPaw-usb-Flash-drive-768x768.png 768w, https:\/\/www.usborkeychain.com\/wp-content\/uploads\/FurryPaw-usb-Flash-drive-12x12.png 12w, https:\/\/www.usborkeychain.com\/wp-content\/uploads\/FurryPaw-usb-Flash-drive-600x600.png 600w, https:\/\/www.usborkeychain.com\/wp-content\/uploads\/FurryPaw-usb-Flash-drive-100x100.png 100w\" sizes=\"(max-width: 800px) 100vw, 800px\" \/><\/figure>\n<\/div>\n<\/div>\n\n\n\n<h2 class=\"wp-block-heading\">Escenas adecuadas<\/h2>\n\n\n\n<h3 class=\"wp-block-heading\">Escenarios culturales de moda<\/h3>\n\n\n\n<ul class=\"wp-block-list\">\n<li>Clubes de cosplay y convenciones de c\u00f3mic: Los cosplayers lo utilizan para almacenar referencias de modelado de personajes y fotos de eventos. Como regalo perif\u00e9rico en las convenciones de c\u00f3mics, los fans pueden llevar la simp\u00e1tica unidad USB con forma de pata de gato para acceder a materiales relacionados con el cosplay en cualquier momento, lo que encaja con el ambiente cultural de moda.<\/li>\n\n\n\n<li>Estudios bidimensionales: Se utiliza para almacenar dibujos originales de anime y borradores de dise\u00f1o. A la hora de comunicarse con otras personas, entregar una unidad USB con una pata de gato impresa con el logotipo del estudio resulta pr\u00e1ctico y \u00fatil para mejorar la imagen de marca.<\/li>\n<\/ul>\n\n\n\n<h3 class=\"wp-block-heading\">Escenas de marketing corporativo<\/h3>\n\n\n\n<ul class=\"wp-block-list\">\n<li>Marcas de belleza: Personaliza las memorias USB con forma de pata de gato con los colores de la marca, almacena v\u00eddeos de promoci\u00f3n de productos e informaci\u00f3n sobre aplicaciones de prueba, y util\u00edzalas como regalo por compras superiores a un determinado importe. A los consumidores j\u00f3venes les encanta usarlas, lo que ayuda a promocionar la marca.<\/li>\n\n\n\n<li>Empresas de suministros para mascotas: Almacena los conocimientos sobre el cuidado de las mascotas y las presentaciones de nuevos productos, que pueden ser utilizados por los empleados para el almacenamiento diario de datos o como regalo de agradecimiento para los clientes, transmitiendo la calidez de la marca.<\/li>\n\n\n\n<li>Instituciones educativas y de formaci\u00f3n: Distribuye a los estudiantes unidades USB con forma de pata de gato para que guarden el material del curso y los paquetes de estudio.<\/li>\n\n\n\n<li>Empresas de animaci\u00f3n y videojuegos: Se utiliza como regalo en convenciones de c\u00f3mics y eventos de lanzamiento fuera de l\u00ednea y se vende como perif\u00e9rico de juegos, llegando con precisi\u00f3n a los usuarios objetivo.<\/li>\n\n\n\n<li>Actividades de bienestar social: Dise\u00f1e patas de gato con tem\u00e1tica de bienestar p\u00fablico (como el cuidado de animales vagabundos) como recuerdos para donaciones ben\u00e9ficas o regalos para voluntarios, transmitiendo calidez.<\/li>\n<\/ul>\n\n\n\n<div class=\"wp-block-columns is-layout-flex wp-container-core-columns-is-layout-28f84493 wp-block-columns-is-layout-flex\">\n<div class=\"wp-block-column is-layout-flow wp-block-column-is-layout-flow\">\n<figure class=\"wp-block-image size-full\"><img alt=\"\" loading=\"lazy\" decoding=\"async\" width=\"800\" height=\"800\" src=\"https:\/\/www.usborkeychain.com\/wp-content\/uploads\/Paw-USB-Flash-drive.png\" class=\"wp-image-4222\" srcset=\"https:\/\/www.usborkeychain.com\/wp-content\/uploads\/Paw-USB-Flash-drive.png 800w, https:\/\/www.usborkeychain.com\/wp-content\/uploads\/Paw-USB-Flash-drive-300x300.png 300w, https:\/\/www.usborkeychain.com\/wp-content\/uploads\/Paw-USB-Flash-drive-150x150.png 150w, https:\/\/www.usborkeychain.com\/wp-content\/uploads\/Paw-USB-Flash-drive-768x768.png 768w, https:\/\/www.usborkeychain.com\/wp-content\/uploads\/Paw-USB-Flash-drive-12x12.png 12w, https:\/\/www.usborkeychain.com\/wp-content\/uploads\/Paw-USB-Flash-drive-600x600.png 600w, https:\/\/www.usborkeychain.com\/wp-content\/uploads\/Paw-USB-Flash-drive-100x100.png 100w\" sizes=\"(max-width: 800px) 100vw, 800px\" \/><\/figure>\n<\/div>\n\n\n\n<div class=\"wp-block-column is-layout-flow wp-block-column-is-layout-flow\">\n<figure class=\"wp-block-image size-full\"><img alt=\"\" loading=\"lazy\" decoding=\"async\" width=\"800\" height=\"800\" src=\"https:\/\/www.usborkeychain.com\/wp-content\/uploads\/FunPaw-Keychain-usb-drive.png\" class=\"wp-image-4219\" srcset=\"https:\/\/www.usborkeychain.com\/wp-content\/uploads\/FunPaw-Keychain-usb-drive.png 800w, https:\/\/www.usborkeychain.com\/wp-content\/uploads\/FunPaw-Keychain-usb-drive-300x300.png 300w, https:\/\/www.usborkeychain.com\/wp-content\/uploads\/FunPaw-Keychain-usb-drive-150x150.png 150w, https:\/\/www.usborkeychain.com\/wp-content\/uploads\/FunPaw-Keychain-usb-drive-768x768.png 768w, https:\/\/www.usborkeychain.com\/wp-content\/uploads\/FunPaw-Keychain-usb-drive-12x12.png 12w, https:\/\/www.usborkeychain.com\/wp-content\/uploads\/FunPaw-Keychain-usb-drive-600x600.png 600w, https:\/\/www.usborkeychain.com\/wp-content\/uploads\/FunPaw-Keychain-usb-drive-100x100.png 100w\" sizes=\"(max-width: 800px) 100vw, 800px\" \/><\/figure>\n<\/div>\n<\/div>\n\n\n\n<div class=\"wp-block-columns is-layout-flex wp-container-core-columns-is-layout-28f84493 wp-block-columns-is-layout-flex\">\n<div class=\"wp-block-column is-layout-flow wp-block-column-is-layout-flow\">\n<figure class=\"wp-block-image size-full\"><img alt=\"\" loading=\"lazy\" decoding=\"async\" width=\"800\" height=\"800\" src=\"https:\/\/www.usborkeychain.com\/wp-content\/uploads\/Color-Paw-USB-flash-Drive.png\" class=\"wp-image-4218\" srcset=\"https:\/\/www.usborkeychain.com\/wp-content\/uploads\/Color-Paw-USB-flash-Drive.png 800w, https:\/\/www.usborkeychain.com\/wp-content\/uploads\/Color-Paw-USB-flash-Drive-300x300.png 300w, https:\/\/www.usborkeychain.com\/wp-content\/uploads\/Color-Paw-USB-flash-Drive-150x150.png 150w, https:\/\/www.usborkeychain.com\/wp-content\/uploads\/Color-Paw-USB-flash-Drive-768x768.png 768w, https:\/\/www.usborkeychain.com\/wp-content\/uploads\/Color-Paw-USB-flash-Drive-12x12.png 12w, https:\/\/www.usborkeychain.com\/wp-content\/uploads\/Color-Paw-USB-flash-Drive-600x600.png 600w, https:\/\/www.usborkeychain.com\/wp-content\/uploads\/Color-Paw-USB-flash-Drive-100x100.png 100w\" sizes=\"(max-width: 800px) 100vw, 800px\" \/><\/figure>\n<\/div>\n\n\n\n<div class=\"wp-block-column is-layout-flow wp-block-column-is-layout-flow\">\n<p>En <strong>Unidad USB de PVC con pata de gato de dibujos animados<\/strong> ha ganado con \u00e9xito los corazones de los usuarios j\u00f3venes y convertirse en un bajo costo, herramienta de marketing de alto rendimiento para las empresas con su curaci\u00f3n y aspecto lindo, opciones de colores, la funci\u00f3n de almacenamiento fiable y excelentes capacidades de personalizaci\u00f3n (color + UV LOGO impreso). La elecci\u00f3n de un experimentado fabricante profesional de unidades USB para la personalizaci\u00f3n de unidades USB no s\u00f3lo puede producir en masa productos de alta calidad con una calidad consistente, sino tambi\u00e9n: lograr la coincidencia exacta de los colores de la marca, proporcionar soluciones para la compleja impresi\u00f3n UV Logo, y garantizar la eficiencia de la entrega de producci\u00f3n y control de costes.<\/p>\n\n\n\n<p>Ya sea como art\u00edculo creativo de uso diario o como soporte de bienestar empresarial, regalo para eventos o promoci\u00f3n de marca, esta unidad USB con forma de pata de gato que combina el poder de la monada y el valor pr\u00e1ctico puede convertirse en un v\u00ednculo digital que conecte las aficiones de moda y la promoci\u00f3n de marca, y seguir ganando popularidad en el campo del almacenamiento de monadas.<\/p>\n<\/div>\n<\/div>","protected":false},"excerpt":{"rendered":"<ul>\n<li>PVC<\/li>\n<li>Dibujos animados<\/li>\n<li>Pata de gato<\/li>\n<li>Cosplay<\/li>\n<li>Convenciones de c\u00f3mic<\/li>\n<li>MOQ:100PCS<\/li>\n<\/ul>","protected":false},"featured_media":4217,"comment_status":"open","ping_status":"closed","template":"","meta":{"_seopress_robots_primary_cat":"","_seopress_titles_title":"","_seopress_titles_desc":"","_seopress_robots_index":"","site-sidebar-layout":"default","site-content-layout":"","ast-site-content-layout":"","site-content-style":"default","site-sidebar-style":"default","ast-global-header-display":"","ast-banner-title-visibility":"","ast-main-header-display":"","ast-hfb-above-header-display":"","ast-hfb-below-header-display":"","ast-hfb-mobile-header-display":"","site-post-title":"","ast-breadcrumbs-content":"","ast-featured-img":"","footer-sml-layout":"","theme-transparent-header-meta":"","adv-header-id-meta":"","stick-header-meta":"","header-above-stick-meta":"","header-main-stick-meta":"","header-below-stick-meta":"","astra-migrate-meta-layouts":"default","ast-page-background-enabled":"default","ast-page-background-meta":{"desktop":{"background-color":"var(--ast-global-color-5)","background-image":"","background-repeat":"repeat","background-position":"center center","background-size":"auto","background-attachment":"scroll","background-type":"","background-media":"","overlay-type":"","overlay-color":"","overlay-opacity":"","overlay-gradient":""},"tablet":{"background-color":"","background-image":"","background-repeat":"repeat","background-position":"center center","background-size":"auto","background-attachment":"scroll","background-type":"","background-media":"","overlay-type":"","overlay-color":"","overlay-opacity":"","overlay-gradient":""},"mobile":{"background-color":"","background-image":"","background-repeat":"repeat","background-position":"center center","background-size":"auto","background-attachment":"scroll","background-type":"","background-media":"","overlay-type":"","overlay-color":"","overlay-opacity":"","overlay-gradient":""}},"ast-content-background-meta":{"desktop":{"background-color":"var(--ast-global-color-4)","background-image":"","background-repeat":"repeat","background-position":"center center","background-size":"auto","background-attachment":"scroll","background-type":"","background-media":"","overlay-type":"","overlay-color":"","overlay-opacity":"","overlay-gradient":""},"tablet":{"background-color":"var(--ast-global-color-4)","background-image":"","background-repeat":"repeat","background-position":"center center","background-size":"auto","background-attachment":"scroll","background-type":"","background-media":"","overlay-type":"","overlay-color":"","overlay-opacity":"","overlay-gradient":""},"mobile":{"background-color":"var(--ast-global-color-4)","background-image":"","background-repeat":"repeat","background-position":"center center","background-size":"auto","background-attachment":"scroll","background-type":"","background-media":"","overlay-type":"","overlay-color":"","overlay-opacity":"","overlay-gradient":""}}},"product_brand":[],"product_cat":[112],"product_tag":[242,193],"class_list":{"0":"post-4214","1":"product","2":"type-product","3":"status-publish","4":"has-post-thumbnail","6":"product_cat-cartton-usb-pendrive","7":"product_tag-pvc-cartoon-cat-paw-usb-drive","8":"product_tag-pvc-cartoon-usb-flash-drive","9":"desktop-align-left","10":"tablet-align-left","11":"mobile-align-left","13":"first","14":"instock","15":"shipping-taxable","16":"product-type-simple"},"_links":{"self":[{"href":"https:\/\/www.usborkeychain.com\/es\/wp-json\/wp\/v2\/product\/4214","targetHints":{"allow":["GET"]}}],"collection":[{"href":"https:\/\/www.usborkeychain.com\/es\/wp-json\/wp\/v2\/product"}],"about":[{"href":"https:\/\/www.usborkeychain.com\/es\/wp-json\/wp\/v2\/types\/product"}],"replies":[{"embeddable":true,"href":"https:\/\/www.usborkeychain.com\/es\/wp-json\/wp\/v2\/comments?post=4214"}],"wp:featuredmedia":[{"embeddable":true,"href":"https:\/\/www.usborkeychain.com\/es\/wp-json\/wp\/v2\/media\/4217"}],"wp:attachment":[{"href":"https:\/\/www.usborkeychain.com\/es\/wp-json\/wp\/v2\/media?parent=4214"}],"wp:term":[{"taxonomy":"product_brand","embeddable":true,"href":"https:\/\/www.usborkeychain.com\/es\/wp-json\/wp\/v2\/product_brand?post=4214"},{"taxonomy":"product_cat","embeddable":true,"href":"https:\/\/www.usborkeychain.com\/es\/wp-json\/wp\/v2\/product_cat?post=4214"},{"taxonomy":"product_tag","embeddable":true,"href":"https:\/\/www.usborkeychain.com\/es\/wp-json\/wp\/v2\/product_tag?post=4214"}],"curies":[{"name":"wp","href":"https:\/\/api.w.org\/{rel}","templated":true}]}}