{"id":4230,"date":"2025-07-19T10:06:05","date_gmt":"2025-07-19T10:06:05","guid":{"rendered":"https:\/\/www.usborkeychain.com\/?post_type=product&#038;p=4230"},"modified":"2025-07-23T23:50:18","modified_gmt":"2025-07-23T23:50:18","slug":"pvc-cartoon-rose-usb-drive","status":"publish","type":"product","link":"https:\/\/www.usborkeychain.com\/es\/producto\/pvc-cartoon-rose-usb-drive\/","title":{"rendered":"Unidad USB de PVC con rosa de dibujos animados"},"content":{"rendered":"<div class=\"wp-block-columns is-layout-flex wp-container-core-columns-is-layout-28f84493 wp-block-columns-is-layout-flex\">\n<div class=\"wp-block-column is-layout-flow wp-block-column-is-layout-flow\">\n<figure class=\"wp-block-image size-full\"><img alt=\"\" fetchpriority=\"high\" decoding=\"async\" width=\"800\" height=\"800\" src=\"https:\/\/www.usborkeychain.com\/wp-content\/uploads\/Wedding-Rose-USB-flash-drive.png\" class=\"wp-image-4236\" srcset=\"https:\/\/www.usborkeychain.com\/wp-content\/uploads\/Wedding-Rose-USB-flash-drive.png 800w, https:\/\/www.usborkeychain.com\/wp-content\/uploads\/Wedding-Rose-USB-flash-drive-300x300.png 300w, https:\/\/www.usborkeychain.com\/wp-content\/uploads\/Wedding-Rose-USB-flash-drive-150x150.png 150w, https:\/\/www.usborkeychain.com\/wp-content\/uploads\/Wedding-Rose-USB-flash-drive-768x768.png 768w, https:\/\/www.usborkeychain.com\/wp-content\/uploads\/Wedding-Rose-USB-flash-drive-12x12.png 12w, https:\/\/www.usborkeychain.com\/wp-content\/uploads\/Wedding-Rose-USB-flash-drive-600x600.png 600w, https:\/\/www.usborkeychain.com\/wp-content\/uploads\/Wedding-Rose-USB-flash-drive-100x100.png 100w\" sizes=\"(max-width: 800px) 100vw, 800px\" \/><\/figure>\n<\/div>\n\n\n\n<div class=\"wp-block-column is-layout-flow wp-block-column-is-layout-flow\">\n<p>En <strong>Unidad USB de PVC con rosa de dibujos animados<\/strong> reproduce v\u00edvidamente la forma de una rosa con capas de p\u00e9talos y detalles del tallo de gran realismo. Viene en colores vibrantes como el rojo cl\u00e1sico, el rosa suave, el blanco fresco y el amarillo brillante, que se adaptan a diversos ambientes rom\u00e1nticos. Como herramienta de almacenamiento, transmite datos de forma estable, por lo que es adecuada para guardar archivos a diario y conservar dulces recuerdos. Es especialmente popular entre mujeres j\u00f3venes, parejas, trabajadores creativos, entusiastas de los regalos y personas que persiguen un sentido ritual de la vida.<\/p>\n<\/div>\n<\/div>\n\n\n\n<h2 class=\"wp-block-heading\">Tabla de par\u00e1metros de la unidad USB<\/h2>\n\n\n\n<figure class=\"wp-block-table\"><table class=\"has-fixed-layout\"><thead><tr><th>Categor\u00eda de par\u00e1metros<\/th><th>Detalles<\/th><\/tr><\/thead><tbody><tr><td>Tipo de interfaz<\/td><td>USB 2.0\/USB 3.0<\/td><\/tr><tr><td>Capacidad de almacenamiento<\/td><td>8GB, 16GB, 32GB, 64GB, 128GB<\/td><\/tr><tr><td>Espesor del material de PVC<\/td><td>Aproximadamente 2,5 - 3,5 mm<\/td><\/tr><tr><td>Tama\u00f1o del producto (altura \u00d7 di\u00e1metro de la flor)<\/td><td>Aproximadamente 80mm\u00d730mm<\/td><\/tr><tr><td>Peso<\/td><td>Aproximadamente 20 g<\/td><\/tr><\/tbody><\/table><\/figure>\n\n\n\n<h2 class=\"wp-block-heading\">\u00bfSe pueden personalizar los colores?<\/h2>\n\n\n\n<div class=\"wp-block-columns is-layout-flex wp-container-core-columns-is-layout-28f84493 wp-block-columns-is-layout-flex\">\n<div class=\"wp-block-column is-layout-flow wp-block-column-is-layout-flow\">\n<p>En <strong>Unidad USB de PVC con rosa de dibujos animados<\/strong> admite la personalizaci\u00f3n de distintos colores. Adem\u00e1s de los sistemas convencionales de colores rom\u00e1nticos, las empresas pueden personalizarlos seg\u00fan los colores de su marca y los temas de sus eventos. Las empresas de organizaci\u00f3n de bodas pueden elegir el dorado champ\u00e1n y el rosa p\u00farpura, que simbolizan la felicidad; las empresas de fotograf\u00eda pueden utilizar los colores exclusivos de su marca, convirtiendo la unidad USB en una \"tarjeta de visita rom\u00e1ntica m\u00f3vil\" para satisfacer necesidades personalizadas y orientadas a la marca. Entre los colores m\u00e1s populares est\u00e1n el rojo brillante, el rosa suave, el blanco puro y el amarillo brillante, adecuados para diversos escenarios rom\u00e1nticos.<\/p>\n<\/div>\n\n\n\n<div class=\"wp-block-column is-layout-flow wp-block-column-is-layout-flow\">\n<figure class=\"wp-block-image size-full\"><img alt=\"\" decoding=\"async\" width=\"800\" height=\"800\" src=\"https:\/\/www.usborkeychain.com\/wp-content\/uploads\/Romance-USB-flash-drive.png\" class=\"wp-image-4234\" srcset=\"https:\/\/www.usborkeychain.com\/wp-content\/uploads\/Romance-USB-flash-drive.png 800w, https:\/\/www.usborkeychain.com\/wp-content\/uploads\/Romance-USB-flash-drive-300x300.png 300w, https:\/\/www.usborkeychain.com\/wp-content\/uploads\/Romance-USB-flash-drive-150x150.png 150w, https:\/\/www.usborkeychain.com\/wp-content\/uploads\/Romance-USB-flash-drive-768x768.png 768w, https:\/\/www.usborkeychain.com\/wp-content\/uploads\/Romance-USB-flash-drive-12x12.png 12w, https:\/\/www.usborkeychain.com\/wp-content\/uploads\/Romance-USB-flash-drive-600x600.png 600w, https:\/\/www.usborkeychain.com\/wp-content\/uploads\/Romance-USB-flash-drive-100x100.png 100w\" sizes=\"(max-width: 800px) 100vw, 800px\" \/><\/figure>\n<\/div>\n<\/div>\n\n\n\n<h2 class=\"wp-block-heading\">\u00bfQu\u00e9 pasa con el dise\u00f1o de moldeo integral?<\/h2>\n\n\n\n<div class=\"wp-block-columns is-layout-flex wp-container-core-columns-is-layout-28f84493 wp-block-columns-is-layout-flex\">\n<div class=\"wp-block-column is-layout-flow wp-block-column-is-layout-flow\">\n<figure class=\"wp-block-image size-full\"><img alt=\"\" decoding=\"async\" width=\"800\" height=\"800\" src=\"https:\/\/www.usborkeychain.com\/wp-content\/uploads\/Bloom-USB-Flash-drive.png\" class=\"wp-image-4233\" srcset=\"https:\/\/www.usborkeychain.com\/wp-content\/uploads\/Bloom-USB-Flash-drive.png 800w, https:\/\/www.usborkeychain.com\/wp-content\/uploads\/Bloom-USB-Flash-drive-300x300.png 300w, https:\/\/www.usborkeychain.com\/wp-content\/uploads\/Bloom-USB-Flash-drive-150x150.png 150w, https:\/\/www.usborkeychain.com\/wp-content\/uploads\/Bloom-USB-Flash-drive-768x768.png 768w, https:\/\/www.usborkeychain.com\/wp-content\/uploads\/Bloom-USB-Flash-drive-12x12.png 12w, https:\/\/www.usborkeychain.com\/wp-content\/uploads\/Bloom-USB-Flash-drive-600x600.png 600w, https:\/\/www.usborkeychain.com\/wp-content\/uploads\/Bloom-USB-Flash-drive-100x100.png 100w\" sizes=\"(max-width: 800px) 100vw, 800px\" \/><\/figure>\n<\/div>\n\n\n\n<div class=\"wp-block-column is-layout-flow wp-block-column-is-layout-flow\">\n<p>Adopta un proceso de moldeado integral que combina el ojo de la cerradura de PVC con la rosa. Un ojo de cerradura del mismo color est\u00e1 ingeniosamente colocado en el tallo, que puede equiparse con un llavero de metal. Puede colgarse de llaveros, bolsos o carteras, lo que facilita su transporte al salir. Este dise\u00f1o no s\u00f3lo evita p\u00e9rdidas, sino que a\u00f1ade un toque de elegancia cotidiana.<\/p>\n<\/div>\n<\/div>\n\n\n\n<h2 class=\"wp-block-heading\">\u00bfPara qu\u00e9 particulares o empresas?<\/h2>\n\n\n\n<div class=\"wp-block-columns is-layout-flex wp-container-core-columns-is-layout-28f84493 wp-block-columns-is-layout-flex\">\n<div class=\"wp-block-column is-layout-flow wp-block-column-is-layout-flow\">\n<ul class=\"wp-block-list\">\n<li>Emociones personales:\n<ul class=\"wp-block-list\">\n<li>D\u00eda de San Valent\u00edn \/ Festival Qixi \/ Aniversario<\/li>\n\n\n\n<li>Regalos de cumplea\u00f1os para los mejores amigos \/ Regalos de graduaci\u00f3n<\/li>\n\n\n\n<li>Biblioteca de inspiraci\u00f3n port\u00e1til para creativos<\/li>\n<\/ul>\n<\/li>\n\n\n\n<li>Pistas de oro para la personalizaci\u00f3n empresarial:\n<ul class=\"wp-block-list\">\n<li>Empresas de organizaci\u00f3n de bodas \/ Tiendas insignia de fotograf\u00eda de bodas: como Golden Lady,Bojue Travel Photography<\/li>\n\n\n\n<li>Hoteles \/ complejos tur\u00edsticos de gama alta: como Hilton, Sanya Edition<\/li>\n\n\n\n<li>Joyer\u00eda \/ marcas de lujo: como Chow Tai Fook, Pandora<\/li>\n\n\n\n<li>Grupos de belleza y salud femenina: Watsons, Ai Kang Guobin, etc.<\/li>\n\n\n\n<li>Grandes parques tem\u00e1ticos \/ lugares de inter\u00e9s cultural y tur\u00edstico: como Disney, Chimelong<\/li>\n<\/ul>\n<\/li>\n<\/ul>\n<\/div>\n\n\n\n<div class=\"wp-block-column is-layout-flow wp-block-column-is-layout-flow\">\n<figure class=\"wp-block-image size-full\"><img alt=\"\" loading=\"lazy\" decoding=\"async\" width=\"800\" height=\"800\" src=\"https:\/\/www.usborkeychain.com\/wp-content\/uploads\/Rose-USB-flash-Drive.png\" class=\"wp-image-4235\" srcset=\"https:\/\/www.usborkeychain.com\/wp-content\/uploads\/Rose-USB-flash-Drive.png 800w, https:\/\/www.usborkeychain.com\/wp-content\/uploads\/Rose-USB-flash-Drive-300x300.png 300w, https:\/\/www.usborkeychain.com\/wp-content\/uploads\/Rose-USB-flash-Drive-150x150.png 150w, https:\/\/www.usborkeychain.com\/wp-content\/uploads\/Rose-USB-flash-Drive-768x768.png 768w, https:\/\/www.usborkeychain.com\/wp-content\/uploads\/Rose-USB-flash-Drive-12x12.png 12w, https:\/\/www.usborkeychain.com\/wp-content\/uploads\/Rose-USB-flash-Drive-600x600.png 600w, https:\/\/www.usborkeychain.com\/wp-content\/uploads\/Rose-USB-flash-Drive-100x100.png 100w\" sizes=\"(max-width: 800px) 100vw, 800px\" \/><\/figure>\n<\/div>\n<\/div>\n\n\n\n<ul class=\"wp-block-list\"><\/ul>\n\n\n\n<p>En <strong>Unidad USB de PVC con rosa simulada<\/strong>con su forma rom\u00e1ntica, sus vivos colores personalizados, su c\u00f3modo sistema de transporte tipo llavero y su estable funci\u00f3n de almacenamiento, ha trascendido con \u00e9xito su atributo de herramienta y se ha convertido en un medio emocional para transmitir sentimientos y marcas. Los fabricantes profesionales de unidades USB personalizadas controlan los detalles, desde los colores hasta la artesan\u00eda, para satisfacer diversas necesidades. Ya sea para que las parejas mantengan el romance en privado o para que las empresas lleven a cabo un marketing rom\u00e1ntico, es una elecci\u00f3n pr\u00e1ctica y llamativa.<\/p>","protected":false},"excerpt":{"rendered":"<ul>\n<li>Material de PVC<\/li>\n<li>Rosa simulada<\/li>\n<li>Rosa de dibujos animados<\/li>\n<li>\u00a0Regalo que expresa amor<\/li>\n<li>MOQ:100PCS<\/li>\n<\/ul>","protected":false},"featured_media":4236,"comment_status":"open","ping_status":"closed","template":"","meta":{"_seopress_robots_primary_cat":"","_seopress_titles_title":"","_seopress_titles_desc":"","_seopress_robots_index":"","site-sidebar-layout":"default","site-content-layout":"","ast-site-content-layout":"","site-content-style":"default","site-sidebar-style":"default","ast-global-header-display":"","ast-banner-title-visibility":"","ast-main-header-display":"","ast-hfb-above-header-display":"","ast-hfb-below-header-display":"","ast-hfb-mobile-header-display":"","site-post-title":"","ast-breadcrumbs-content":"","ast-featured-img":"","footer-sml-layout":"","theme-transparent-header-meta":"","adv-header-id-meta":"","stick-header-meta":"","header-above-stick-meta":"","header-main-stick-meta":"","header-below-stick-meta":"","astra-migrate-meta-layouts":"default","ast-page-background-enabled":"default","ast-page-background-meta":{"desktop":{"background-color":"var(--ast-global-color-5)","background-image":"","background-repeat":"repeat","background-position":"center center","background-size":"auto","background-attachment":"scroll","background-type":"","background-media":"","overlay-type":"","overlay-color":"","overlay-opacity":"","overlay-gradient":""},"tablet":{"background-color":"","background-image":"","background-repeat":"repeat","background-position":"center center","background-size":"auto","background-attachment":"scroll","background-type":"","background-media":"","overlay-type":"","overlay-color":"","overlay-opacity":"","overlay-gradient":""},"mobile":{"background-color":"","background-image":"","background-repeat":"repeat","background-position":"center center","background-size":"auto","background-attachment":"scroll","background-type":"","background-media":"","overlay-type":"","overlay-color":"","overlay-opacity":"","overlay-gradient":""}},"ast-content-background-meta":{"desktop":{"background-color":"var(--ast-global-color-4)","background-image":"","background-repeat":"repeat","background-position":"center center","background-size":"auto","background-attachment":"scroll","background-type":"","background-media":"","overlay-type":"","overlay-color":"","overlay-opacity":"","overlay-gradient":""},"tablet":{"background-color":"var(--ast-global-color-4)","background-image":"","background-repeat":"repeat","background-position":"center center","background-size":"auto","background-attachment":"scroll","background-type":"","background-media":"","overlay-type":"","overlay-color":"","overlay-opacity":"","overlay-gradient":""},"mobile":{"background-color":"var(--ast-global-color-4)","background-image":"","background-repeat":"repeat","background-position":"center center","background-size":"auto","background-attachment":"scroll","background-type":"","background-media":"","overlay-type":"","overlay-color":"","overlay-opacity":"","overlay-gradient":""}}},"product_brand":[],"product_cat":[112,94],"product_tag":[244,243],"class_list":{"0":"post-4230","1":"product","2":"type-product","3":"status-publish","4":"has-post-thumbnail","6":"product_cat-cartton-usb-pendrive","7":"product_cat-pvc-usb-pendrive","8":"product_tag-cartoon-usb-flash-drive","9":"product_tag-pvc-cartoon-rose-usb-flash-drive","10":"desktop-align-left","11":"tablet-align-left","12":"mobile-align-left","14":"first","15":"instock","16":"shipping-taxable","17":"product-type-simple"},"_links":{"self":[{"href":"https:\/\/www.usborkeychain.com\/es\/wp-json\/wp\/v2\/product\/4230","targetHints":{"allow":["GET"]}}],"collection":[{"href":"https:\/\/www.usborkeychain.com\/es\/wp-json\/wp\/v2\/product"}],"about":[{"href":"https:\/\/www.usborkeychain.com\/es\/wp-json\/wp\/v2\/types\/product"}],"replies":[{"embeddable":true,"href":"https:\/\/www.usborkeychain.com\/es\/wp-json\/wp\/v2\/comments?post=4230"}],"wp:featuredmedia":[{"embeddable":true,"href":"https:\/\/www.usborkeychain.com\/es\/wp-json\/wp\/v2\/media\/4236"}],"wp:attachment":[{"href":"https:\/\/www.usborkeychain.com\/es\/wp-json\/wp\/v2\/media?parent=4230"}],"wp:term":[{"taxonomy":"product_brand","embeddable":true,"href":"https:\/\/www.usborkeychain.com\/es\/wp-json\/wp\/v2\/product_brand?post=4230"},{"taxonomy":"product_cat","embeddable":true,"href":"https:\/\/www.usborkeychain.com\/es\/wp-json\/wp\/v2\/product_cat?post=4230"},{"taxonomy":"product_tag","embeddable":true,"href":"https:\/\/www.usborkeychain.com\/es\/wp-json\/wp\/v2\/product_tag?post=4230"}],"curies":[{"name":"wp","href":"https:\/\/api.w.org\/{rel}","templated":true}]}}