{"id":4245,"date":"2025-07-19T13:45:17","date_gmt":"2025-07-19T13:45:17","guid":{"rendered":"https:\/\/www.usborkeychain.com\/?post_type=product&#038;p=4245"},"modified":"2025-07-25T01:41:01","modified_gmt":"2025-07-25T01:41:01","slug":"pvc-cartoon-octopus-usb-flash-drive","status":"publish","type":"product","link":"https:\/\/www.usborkeychain.com\/es\/producto\/pvc-cartoon-octopus-usb-flash-drive\/","title":{"rendered":"Memoria USB de PVC Pulpo de dibujos animados"},"content":{"rendered":"<div class=\"wp-block-columns is-layout-flex wp-container-core-columns-is-layout-28f84493 wp-block-columns-is-layout-flex\">\n<div class=\"wp-block-column is-layout-flow wp-block-column-is-layout-flow\">\n<figure class=\"wp-block-image aligncenter size-full\"><img alt=\"\" fetchpriority=\"high\" decoding=\"async\" width=\"800\" height=\"800\" src=\"https:\/\/www.usborkeychain.com\/wp-content\/uploads\/Tentacle-USB-flash-Drive.png\" class=\"wp-image-4251\" srcset=\"https:\/\/www.usborkeychain.com\/wp-content\/uploads\/Tentacle-USB-flash-Drive.png 800w, https:\/\/www.usborkeychain.com\/wp-content\/uploads\/Tentacle-USB-flash-Drive-300x300.png 300w, https:\/\/www.usborkeychain.com\/wp-content\/uploads\/Tentacle-USB-flash-Drive-150x150.png 150w, https:\/\/www.usborkeychain.com\/wp-content\/uploads\/Tentacle-USB-flash-Drive-768x768.png 768w, https:\/\/www.usborkeychain.com\/wp-content\/uploads\/Tentacle-USB-flash-Drive-12x12.png 12w, https:\/\/www.usborkeychain.com\/wp-content\/uploads\/Tentacle-USB-flash-Drive-600x600.png 600w, https:\/\/www.usborkeychain.com\/wp-content\/uploads\/Tentacle-USB-flash-Drive-100x100.png 100w\" sizes=\"(max-width: 800px) 100vw, 800px\" \/><\/figure>\n<\/div>\n\n\n\n<div class=\"wp-block-column is-layout-flow wp-block-column-is-layout-flow\">\n<p>En <strong>Memoria USB PVC pulpo de dibujos animados<\/strong> reproduce v\u00edvidamente la forma de un pulpo con exquisita artesan\u00eda. Sus ocho tent\u00e1culos se enroscan con naturalidad, y la cabeza redonda tiene ojos vivaces, lo que hace que su forma sea realista y bonita a la vez. Viene en una rica variedad de colores, como azul marino, naranja vibrante y morado de ensue\u00f1o, que son brillantes, llenos y no se desvanecen f\u00e1cilmente, mostrando plenamente la vitalidad y frescura de los elementos marinos. Con un tama\u00f1o total de s\u00f3lo 5 cm, que cabe perfectamente en la palma de la mano, combina a la perfecci\u00f3n bonitas caracter\u00edsticas decorativas con la practicidad port\u00e1til, captando con precisi\u00f3n el favor de la Generaci\u00f3n Z, los entusiastas marinos y los trabajadores creativos.<\/p>\n<\/div>\n<\/div>\n\n\n\n<h2 class=\"wp-block-heading\">Tabla de par\u00e1metros de la memoria USB de PVC Pulpo de dibujos animados<\/h2>\n\n\n\n<figure class=\"wp-block-table\"><table class=\"has-fixed-layout\"><thead><tr><th>Categor\u00eda de par\u00e1metros<\/th><th>Detalles<\/th><\/tr><\/thead><tbody><tr><td>Tipo de interfaz<\/td><td>USB 2.0\/USB 3.0<\/td><\/tr><tr><td>Capacidad de almacenamiento<\/td><td>8GB, 16GB, 32GB, 64GB, 128GB<\/td><\/tr><tr><td>Espesor del material de PVC<\/td><td>Aproximadamente 2 - 3 mm<\/td><\/tr><tr><td>Tama\u00f1o del producto (longitud \u00d7 anchura \u00d7 altura)<\/td><td>Aproximadamente 6cm\u00d74cm\u00d73cm<\/td><\/tr><tr><td>Peso<\/td><td>Aproximadamente 18 - 25 g<\/td><\/tr><\/tbody><\/table><\/figure>\n\n\n\n<h2 class=\"wp-block-heading\">\u00bfSe puede personalizar?<\/h2>\n\n\n\n<p>La unidad USB de PVC con pulpo de dibujos animados admite m\u00faltiples servicios de personalizaci\u00f3n para satisfacer diferentes necesidades:<\/p>\n\n\n\n<ul class=\"wp-block-list\">\n<li><strong>Personalizaci\u00f3n del logotipo<\/strong>: Se pueden imprimir logotipos de marcas y dibujos animados en la cabeza o los tent\u00e1culos del pulpo mediante serigraf\u00eda. Tambi\u00e9n puede utilizarse la tecnolog\u00eda de grabado por l\u00e1ser para crear marcas n\u00edtidas y duraderas, convirtiendo la unidad USB en un portador de marca \u00fanico.<\/li>\n\n\n\n<li><strong>Personalizaci\u00f3n del color<\/strong>: Adem\u00e1s de los colores existentes, se pueden mezclar colores seg\u00fan las necesidades. Las empresas pueden personalizar seg\u00fan el color principal de su marca o el tema del evento. Por ejemplo, los parques de tem\u00e1tica marina pueden elegir el azul marino y el blanco olas, mientras que las marcas infantiles pueden optar por el amarillo brillante y el verde fresco.<\/li>\n\n\n\n<li><strong>Proceso de apertura del molde<\/strong>: Si se necesitan ajustes personalizados de la forma, un equipo profesional dise\u00f1ar\u00e1 primero un modelo en 3D. Tras la confirmaci\u00f3n, se fabricar\u00e1 el molde y, a continuaci\u00f3n, mediante la producci\u00f3n de prueba y la optimizaci\u00f3n de los detalles, el producto acabado presentar\u00e1 con precisi\u00f3n el efecto del dise\u00f1o. Aunque el proceso de apertura de moldes es relativamente complejo, puede alcanzar un alto grado de personalizaci\u00f3n, adecuado para empresas o asociaciones que necesiten una personalizaci\u00f3n masiva.<\/li>\n\n\n\n<li><strong>Dise\u00f1o de llavero<\/strong>: En la uni\u00f3n entre la cabeza y los tent\u00e1culos del pulpo hay un ojo de cerradura de PVC integrado, que puede combinarse con un llavero met\u00e1lico. Puede colgarse f\u00e1cilmente de llaveros, bolsos o carteras, lo que facilita su transporte al tiempo que reduce el riesgo de p\u00e9rdida, y tiene tanto de pr\u00e1ctico como de decorativo.<\/li>\n<\/ul>\n\n\n\n<div class=\"wp-block-columns is-layout-flex wp-container-core-columns-is-layout-28f84493 wp-block-columns-is-layout-flex\">\n<div class=\"wp-block-column is-layout-flow wp-block-column-is-layout-flow\">\n<figure class=\"wp-block-image size-full\"><img alt=\"\" decoding=\"async\" width=\"800\" height=\"800\" src=\"https:\/\/www.usborkeychain.com\/wp-content\/uploads\/Squishy-Octo-USB-Drive.png\" class=\"wp-image-4250\" srcset=\"https:\/\/www.usborkeychain.com\/wp-content\/uploads\/Squishy-Octo-USB-Drive.png 800w, https:\/\/www.usborkeychain.com\/wp-content\/uploads\/Squishy-Octo-USB-Drive-300x300.png 300w, https:\/\/www.usborkeychain.com\/wp-content\/uploads\/Squishy-Octo-USB-Drive-150x150.png 150w, https:\/\/www.usborkeychain.com\/wp-content\/uploads\/Squishy-Octo-USB-Drive-768x768.png 768w, https:\/\/www.usborkeychain.com\/wp-content\/uploads\/Squishy-Octo-USB-Drive-12x12.png 12w, https:\/\/www.usborkeychain.com\/wp-content\/uploads\/Squishy-Octo-USB-Drive-600x600.png 600w, https:\/\/www.usborkeychain.com\/wp-content\/uploads\/Squishy-Octo-USB-Drive-100x100.png 100w\" sizes=\"(max-width: 800px) 100vw, 800px\" \/><\/figure>\n<\/div>\n\n\n\n<div class=\"wp-block-column is-layout-flow wp-block-column-is-layout-flow\">\n<figure class=\"wp-block-image size-full\"><img alt=\"\" decoding=\"async\" width=\"800\" height=\"800\" src=\"https:\/\/www.usborkeychain.com\/wp-content\/uploads\/Octo-USB-Flash.png\" class=\"wp-image-4248\" srcset=\"https:\/\/www.usborkeychain.com\/wp-content\/uploads\/Octo-USB-Flash.png 800w, https:\/\/www.usborkeychain.com\/wp-content\/uploads\/Octo-USB-Flash-300x300.png 300w, https:\/\/www.usborkeychain.com\/wp-content\/uploads\/Octo-USB-Flash-150x150.png 150w, https:\/\/www.usborkeychain.com\/wp-content\/uploads\/Octo-USB-Flash-768x768.png 768w, https:\/\/www.usborkeychain.com\/wp-content\/uploads\/Octo-USB-Flash-12x12.png 12w, https:\/\/www.usborkeychain.com\/wp-content\/uploads\/Octo-USB-Flash-600x600.png 600w, https:\/\/www.usborkeychain.com\/wp-content\/uploads\/Octo-USB-Flash-100x100.png 100w\" sizes=\"(max-width: 800px) 100vw, 800px\" \/><\/figure>\n<\/div>\n<\/div>\n\n\n\n<h2 class=\"wp-block-heading\">\u00bfEscenarios adecuados o empresas?<\/h2>\n\n\n\n<figure class=\"wp-block-table\"><table class=\"has-fixed-layout\"><thead><tr><th>Industria<\/th><th>Escenarios de marketing<\/th><th>Casos destacados<\/th><\/tr><\/thead><tbody><tr><td>Turismo cultural marino<\/td><td>Unidades USB para gu\u00edas electr\u00f3nicas (punto esc\u00e9nico IP grabado en tent\u00e1culos)<\/td><td>Chimelong Zhuhai \"Gu\u00eda del pulpo\"<\/td><\/tr><tr><td>Desarrollo de la propiedad intelectual cultural y creativa<\/td><td>Derivados perif\u00e9ricos del anime (dise\u00f1o de pulpo antropomorfo)<\/td><td>Grupo Alfa \"Balala Peque\u00f1o Pulpo M\u00e1gico\"<\/td><\/tr><tr><td>Educaci\u00f3n infantil<\/td><td>Dispositivos de almacenamiento de materiales de educaci\u00f3n infantil (tent\u00e1culos azules + rosas de colores mezclados)<\/td><td>Qia Hu \"Disco de datos de aulas submarinas\"<\/td><\/tr><tr><td>Empresas tecnol\u00f3gicas<\/td><td>Regalos para aliviar el estr\u00e9s de los programadores (con el meme del \"procesador de ocho n\u00facleos\")<\/td><td>Alibaba Cloud \"Operaci\u00f3n y mantenimiento del pulpo guardi\u00e1n\"<\/td><\/tr><tr><td>Organizaciones de protecci\u00f3n del medio ambiente<\/td><td>Recuerdos de campa\u00f1as de limpieza marina (azul transparente + huellas de contaminantes)<\/td><td>Versi\u00f3n personalizada de Blue Ribbon Ocean Conservation Association<\/td><\/tr><\/tbody><\/table><\/figure>\n\n\n\n<div class=\"wp-block-columns is-layout-flex wp-container-core-columns-is-layout-28f84493 wp-block-columns-is-layout-flex\">\n<div class=\"wp-block-column is-layout-flow wp-block-column-is-layout-flow\">\n<p>En <strong>Unidad USB de PVC con pulpo de dibujos animados<\/strong> muestra un valor \u00fanico en diversos escenarios con su bonita forma marina, diversos servicios de personalizaci\u00f3n y un rendimiento de almacenamiento estable. Los fabricantes profesionales de unidades USB personalizadas pueden controlar con precisi\u00f3n todos los eslabones, desde el dise\u00f1o hasta la producci\u00f3n. Ya se trate de la mezcla de colores, la impresi\u00f3n del logotipo o el ajuste de la apertura del molde, pueden satisfacer necesidades personalizadas. Para las empresas, elegir una <strong>unidad USB profesional<\/strong> fabricante para la personalizaci\u00f3n de unidades USB no s\u00f3lo puede obtener productos de alta calidad, sino tambi\u00e9n mejorar los efectos de marketing con el dise\u00f1o creativo de la unidad USB pulpo; para los particulares, tambi\u00e9n es un art\u00edculo digital pr\u00e1ctico y encantador, que hace que el almacenamiento de datos est\u00e9 lleno de encanto marino y diversi\u00f3n.<\/p>\n<\/div>\n\n\n\n<div class=\"wp-block-column is-layout-flow wp-block-column-is-layout-flow\">\n<figure class=\"wp-block-image size-full\"><img alt=\"\" loading=\"lazy\" decoding=\"async\" width=\"800\" height=\"800\" src=\"https:\/\/www.usborkeychain.com\/wp-content\/uploads\/Sea-Paw-USB-Flash-drive.png\" class=\"wp-image-4249\" srcset=\"https:\/\/www.usborkeychain.com\/wp-content\/uploads\/Sea-Paw-USB-Flash-drive.png 800w, https:\/\/www.usborkeychain.com\/wp-content\/uploads\/Sea-Paw-USB-Flash-drive-300x300.png 300w, https:\/\/www.usborkeychain.com\/wp-content\/uploads\/Sea-Paw-USB-Flash-drive-150x150.png 150w, https:\/\/www.usborkeychain.com\/wp-content\/uploads\/Sea-Paw-USB-Flash-drive-768x768.png 768w, https:\/\/www.usborkeychain.com\/wp-content\/uploads\/Sea-Paw-USB-Flash-drive-12x12.png 12w, https:\/\/www.usborkeychain.com\/wp-content\/uploads\/Sea-Paw-USB-Flash-drive-600x600.png 600w, https:\/\/www.usborkeychain.com\/wp-content\/uploads\/Sea-Paw-USB-Flash-drive-100x100.png 100w\" sizes=\"(max-width: 800px) 100vw, 800px\" \/><\/figure>\n<\/div>\n<\/div>","protected":false},"excerpt":{"rendered":"<ul>\n<li>Material PVC<\/li>\n<li>Pulpo de dibujos animados<\/li>\n<li>Gran variedad de colores<\/li>\n<li>Vida marina<\/li>\n<li>MOQ:100PCS<\/li>\n<\/ul>","protected":false},"featured_media":4251,"comment_status":"open","ping_status":"closed","template":"","meta":{"_seopress_robots_primary_cat":"","_seopress_titles_title":"PVC cartoon octopus USB flash drive;PVC USB flash drive","_seopress_titles_desc":"","_seopress_robots_index":"","site-sidebar-layout":"default","site-content-layout":"","ast-site-content-layout":"","site-content-style":"default","site-sidebar-style":"default","ast-global-header-display":"","ast-banner-title-visibility":"","ast-main-header-display":"","ast-hfb-above-header-display":"","ast-hfb-below-header-display":"","ast-hfb-mobile-header-display":"","site-post-title":"","ast-breadcrumbs-content":"","ast-featured-img":"","footer-sml-layout":"","theme-transparent-header-meta":"","adv-header-id-meta":"","stick-header-meta":"","header-above-stick-meta":"","header-main-stick-meta":"","header-below-stick-meta":"","astra-migrate-meta-layouts":"default","ast-page-background-enabled":"default","ast-page-background-meta":{"desktop":{"background-color":"var(--ast-global-color-5)","background-image":"","background-repeat":"repeat","background-position":"center center","background-size":"auto","background-attachment":"scroll","background-type":"","background-media":"","overlay-type":"","overlay-color":"","overlay-opacity":"","overlay-gradient":""},"tablet":{"background-color":"","background-image":"","background-repeat":"repeat","background-position":"center center","background-size":"auto","background-attachment":"scroll","background-type":"","background-media":"","overlay-type":"","overlay-color":"","overlay-opacity":"","overlay-gradient":""},"mobile":{"background-color":"","background-image":"","background-repeat":"repeat","background-position":"center center","background-size":"auto","background-attachment":"scroll","background-type":"","background-media":"","overlay-type":"","overlay-color":"","overlay-opacity":"","overlay-gradient":""}},"ast-content-background-meta":{"desktop":{"background-color":"var(--ast-global-color-4)","background-image":"","background-repeat":"repeat","background-position":"center center","background-size":"auto","background-attachment":"scroll","background-type":"","background-media":"","overlay-type":"","overlay-color":"","overlay-opacity":"","overlay-gradient":""},"tablet":{"background-color":"var(--ast-global-color-4)","background-image":"","background-repeat":"repeat","background-position":"center center","background-size":"auto","background-attachment":"scroll","background-type":"","background-media":"","overlay-type":"","overlay-color":"","overlay-opacity":"","overlay-gradient":""},"mobile":{"background-color":"var(--ast-global-color-4)","background-image":"","background-repeat":"repeat","background-position":"center center","background-size":"auto","background-attachment":"scroll","background-type":"","background-media":"","overlay-type":"","overlay-color":"","overlay-opacity":"","overlay-gradient":""}}},"product_brand":[],"product_cat":[112,94],"product_tag":[247,248],"class_list":{"0":"post-4245","1":"product","2":"type-product","3":"status-publish","4":"has-post-thumbnail","6":"product_cat-cartton-usb-pendrive","7":"product_cat-pvc-usb-pendrive","8":"product_tag-pvc-cartoon-octopus-usb-flash-drive","9":"product_tag-pvc-usb-flash-drive","10":"desktop-align-left","11":"tablet-align-left","12":"mobile-align-left","14":"first","15":"instock","16":"shipping-taxable","17":"product-type-simple"},"_links":{"self":[{"href":"https:\/\/www.usborkeychain.com\/es\/wp-json\/wp\/v2\/product\/4245","targetHints":{"allow":["GET"]}}],"collection":[{"href":"https:\/\/www.usborkeychain.com\/es\/wp-json\/wp\/v2\/product"}],"about":[{"href":"https:\/\/www.usborkeychain.com\/es\/wp-json\/wp\/v2\/types\/product"}],"replies":[{"embeddable":true,"href":"https:\/\/www.usborkeychain.com\/es\/wp-json\/wp\/v2\/comments?post=4245"}],"wp:featuredmedia":[{"embeddable":true,"href":"https:\/\/www.usborkeychain.com\/es\/wp-json\/wp\/v2\/media\/4251"}],"wp:attachment":[{"href":"https:\/\/www.usborkeychain.com\/es\/wp-json\/wp\/v2\/media?parent=4245"}],"wp:term":[{"taxonomy":"product_brand","embeddable":true,"href":"https:\/\/www.usborkeychain.com\/es\/wp-json\/wp\/v2\/product_brand?post=4245"},{"taxonomy":"product_cat","embeddable":true,"href":"https:\/\/www.usborkeychain.com\/es\/wp-json\/wp\/v2\/product_cat?post=4245"},{"taxonomy":"product_tag","embeddable":true,"href":"https:\/\/www.usborkeychain.com\/es\/wp-json\/wp\/v2\/product_tag?post=4245"}],"curies":[{"name":"wp","href":"https:\/\/api.w.org\/{rel}","templated":true}]}}