{"id":4252,"date":"2025-07-20T03:55:51","date_gmt":"2025-07-20T03:55:51","guid":{"rendered":"https:\/\/www.usborkeychain.com\/?post_type=product&#038;p=4252"},"modified":"2025-07-20T04:03:53","modified_gmt":"2025-07-20T04:03:53","slug":"aluminum-alloy-mini-usb-flash-drive","status":"publish","type":"product","link":"https:\/\/www.usborkeychain.com\/es\/producto\/aluminum-alloy-mini-usb-flash-drive\/","title":{"rendered":"Mini memoria USB de aleaci\u00f3n de aluminio"},"content":{"rendered":"<div class=\"wp-block-columns is-layout-flex wp-container-core-columns-is-layout-28f84493 wp-block-columns-is-layout-flex\">\n<div class=\"wp-block-column is-layout-flow wp-block-column-is-layout-flow\">\n<figure class=\"wp-block-image size-full\"><img alt=\"\" fetchpriority=\"high\" decoding=\"async\" width=\"800\" height=\"800\" src=\"https:\/\/www.usborkeychain.com\/wp-content\/uploads\/Aluminum-Go-usb-flash-Drive.jpg\" class=\"wp-image-4256\" srcset=\"https:\/\/www.usborkeychain.com\/wp-content\/uploads\/Aluminum-Go-usb-flash-Drive.jpg 800w, https:\/\/www.usborkeychain.com\/wp-content\/uploads\/Aluminum-Go-usb-flash-Drive-300x300.jpg 300w, https:\/\/www.usborkeychain.com\/wp-content\/uploads\/Aluminum-Go-usb-flash-Drive-150x150.jpg 150w, https:\/\/www.usborkeychain.com\/wp-content\/uploads\/Aluminum-Go-usb-flash-Drive-768x768.jpg 768w, https:\/\/www.usborkeychain.com\/wp-content\/uploads\/Aluminum-Go-usb-flash-Drive-12x12.jpg 12w, https:\/\/www.usborkeychain.com\/wp-content\/uploads\/Aluminum-Go-usb-flash-Drive-600x600.jpg 600w, https:\/\/www.usborkeychain.com\/wp-content\/uploads\/Aluminum-Go-usb-flash-Drive-100x100.jpg 100w\" sizes=\"(max-width: 800px) 100vw, 800px\" \/><\/figure>\n<\/div>\n\n\n\n<div class=\"wp-block-column is-layout-flow wp-block-column-is-layout-flow\">\n<p>En el \u00e1mbito de los dispositivos de almacenamiento m\u00f3viles, la <strong>mini unidad flash USB de aleaci\u00f3n de aluminio<\/strong> se ha convertido en la primera opci\u00f3n para muchos usuarios y empresas debido a sus ventajas \u00fanicas. Cuenta con una carcasa de aleaci\u00f3n de aluminio de calidad aeron\u00e1utica fabricada con corte CNC de alta precisi\u00f3n, que es ligera. La versi\u00f3n esmerilada (como la gris\/negra) forma una capa microporosa resistente al desgaste mediante anodizaci\u00f3n, ofreciendo un rendimiento antihuellas y una buena disipaci\u00f3n del calor; la versi\u00f3n pulida (como la rosa\/amarilla) presenta un brillo de espejo, pero debe mantenerse alejada de ara\u00f1azos de objetos duros. Existe una amplia gama de opciones de color, como plata, oro, gris, negro, rosa, etc., para satisfacer diferentes necesidades est\u00e9ticas. Con un tama\u00f1o mini similar al de una llave normal, puede guardarse f\u00e1cilmente en el bolsillo o la cartera, lo que facilita su transporte diario y facilita el almacenamiento y la transferencia de datos en cualquier momento.<\/p>\n<\/div>\n<\/div>\n\n\n\n<h2 class=\"wp-block-heading\">Par\u00e1metros b\u00e1sicos<\/h2>\n\n\n\n<figure class=\"wp-block-table\"><table class=\"has-fixed-layout\"><thead><tr><th>Categor\u00eda de par\u00e1metros<\/th><th>Detalles<\/th><\/tr><\/thead><tbody><tr><td>Tipo de interfaz<\/td><td>USB3.0\/USB3.1<\/td><\/tr><tr><td>Capacidad de almacenamiento<\/td><td>8GB, 16GB, 32GB, 64GB, 128GB<\/td><\/tr><tr><td>Talla<\/td><td>22mm\u00d712mm\u00d75mm<\/td><\/tr><tr><td>Peso<\/td><td>10g<\/td><\/tr><\/tbody><\/table><\/figure>\n\n\n\n<h2 class=\"wp-block-heading\">Servicios de personalizaci\u00f3n<\/h2>\n\n\n\n<h3 class=\"wp-block-heading\">Personalizaci\u00f3n del color<\/h3>\n\n\n\n<p>Admitimos colores personalizados seg\u00fan los colores de la marca corporativa o las preferencias personales. Tanto si se trata de colores vivos y brillantes como de tonos tranquilos y discretos, pueden mezclarse y presentarse con precisi\u00f3n.<\/p>\n\n\n\n<h3 class=\"wp-block-heading\"> T\u00e9cnicas de personalizaci\u00f3n de logotipos y motivos<\/h3>\n\n\n\n<ul class=\"wp-block-list\">\n<li><strong>Grabado por l\u00e1ser<\/strong>: El l\u00e1ser de alta energ\u00eda se utiliza para grabar patrones y logotipos en la superficie met\u00e1lica. Las marcas son claras, duraderas y no se desgastan con facilidad, lo que resulta adecuado para l\u00edneas sencillas y dise\u00f1os de texto, y puede resaltar la textura y una sensaci\u00f3n de alta gama.<\/li>\n\n\n\n<li><strong>Impresi\u00f3n UV<\/strong>: Puede realizar la impresi\u00f3n de patrones a todo color con colores ricos y brillantes, que pueden restaurar dise\u00f1os complejos y delicados. Por ejemplo, los personajes de los juegos y los logotipos de colores en el producto se pueden presentar v\u00edvidamente, a\u00f1adiendo una creatividad \u00fanica a la unidad USB.<\/li>\n<\/ul>\n\n\n\n<div class=\"wp-block-columns is-layout-flex wp-container-core-columns-is-layout-28f84493 wp-block-columns-is-layout-flex\">\n<div class=\"wp-block-column is-layout-flow wp-block-column-is-layout-flow\">\n<figure class=\"wp-block-image size-full\"><img alt=\"\" decoding=\"async\" width=\"800\" height=\"800\" src=\"https:\/\/www.usborkeychain.com\/wp-content\/uploads\/Mini-Metal-Aluminum-usb-Drive.jpg\" class=\"wp-image-4261\" srcset=\"https:\/\/www.usborkeychain.com\/wp-content\/uploads\/Mini-Metal-Aluminum-usb-Drive.jpg 800w, https:\/\/www.usborkeychain.com\/wp-content\/uploads\/Mini-Metal-Aluminum-usb-Drive-300x300.jpg 300w, https:\/\/www.usborkeychain.com\/wp-content\/uploads\/Mini-Metal-Aluminum-usb-Drive-150x150.jpg 150w, https:\/\/www.usborkeychain.com\/wp-content\/uploads\/Mini-Metal-Aluminum-usb-Drive-768x768.jpg 768w, https:\/\/www.usborkeychain.com\/wp-content\/uploads\/Mini-Metal-Aluminum-usb-Drive-12x12.jpg 12w, https:\/\/www.usborkeychain.com\/wp-content\/uploads\/Mini-Metal-Aluminum-usb-Drive-600x600.jpg 600w, https:\/\/www.usborkeychain.com\/wp-content\/uploads\/Mini-Metal-Aluminum-usb-Drive-100x100.jpg 100w\" sizes=\"(max-width: 800px) 100vw, 800px\" \/><\/figure>\n<\/div>\n\n\n\n<div class=\"wp-block-column is-layout-flow wp-block-column-is-layout-flow\">\n<figure class=\"wp-block-image size-full\"><img alt=\"\" decoding=\"async\" width=\"800\" height=\"800\" src=\"https:\/\/www.usborkeychain.com\/wp-content\/uploads\/MiniAluKey-usb-flashDrive.png\" class=\"wp-image-4262\" srcset=\"https:\/\/www.usborkeychain.com\/wp-content\/uploads\/MiniAluKey-usb-flashDrive.png 800w, https:\/\/www.usborkeychain.com\/wp-content\/uploads\/MiniAluKey-usb-flashDrive-300x300.png 300w, https:\/\/www.usborkeychain.com\/wp-content\/uploads\/MiniAluKey-usb-flashDrive-150x150.png 150w, https:\/\/www.usborkeychain.com\/wp-content\/uploads\/MiniAluKey-usb-flashDrive-768x768.png 768w, https:\/\/www.usborkeychain.com\/wp-content\/uploads\/MiniAluKey-usb-flashDrive-12x12.png 12w, https:\/\/www.usborkeychain.com\/wp-content\/uploads\/MiniAluKey-usb-flashDrive-600x600.png 600w, https:\/\/www.usborkeychain.com\/wp-content\/uploads\/MiniAluKey-usb-flashDrive-100x100.png 100w\" sizes=\"(max-width: 800px) 100vw, 800px\" \/><\/figure>\n<\/div>\n\n\n\n<div class=\"wp-block-column is-layout-flow wp-block-column-is-layout-flow\">\n<figure class=\"wp-block-image size-full\"><img alt=\"\" loading=\"lazy\" decoding=\"async\" width=\"800\" height=\"800\" src=\"https:\/\/www.usborkeychain.com\/wp-content\/uploads\/Aluminum-Craft-U-Disk.jpg\" class=\"wp-image-4255\" srcset=\"https:\/\/www.usborkeychain.com\/wp-content\/uploads\/Aluminum-Craft-U-Disk.jpg 800w, https:\/\/www.usborkeychain.com\/wp-content\/uploads\/Aluminum-Craft-U-Disk-300x300.jpg 300w, https:\/\/www.usborkeychain.com\/wp-content\/uploads\/Aluminum-Craft-U-Disk-150x150.jpg 150w, https:\/\/www.usborkeychain.com\/wp-content\/uploads\/Aluminum-Craft-U-Disk-768x768.jpg 768w, https:\/\/www.usborkeychain.com\/wp-content\/uploads\/Aluminum-Craft-U-Disk-12x12.jpg 12w, https:\/\/www.usborkeychain.com\/wp-content\/uploads\/Aluminum-Craft-U-Disk-600x600.jpg 600w, https:\/\/www.usborkeychain.com\/wp-content\/uploads\/Aluminum-Craft-U-Disk-100x100.jpg 100w\" sizes=\"(max-width: 800px) 100vw, 800px\" \/><\/figure>\n<\/div>\n<\/div>\n\n\n\n<h2 class=\"wp-block-heading\">Portabilidad y rendimiento antip\u00e9rdida<\/h2>\n\n\n\n<p>La unidad USB est\u00e1 equipada con una cerradura integrada de estructura estable. Cuando se combina con una <strong>llavero met\u00e1lico<\/strong>Adem\u00e1s, puede colgarse f\u00e1cilmente de llaves, bolsos o carteras, y no es f\u00e1cil que se caiga del llavero y se pierda. Puede utilizarse en cualquier momento durante los viajes, lo que garantiza el acceso a los datos en cualquier momento y reduce en gran medida el riesgo de p\u00e9rdida.<\/p>\n\n\n\n<div class=\"wp-block-columns is-layout-flex wp-container-core-columns-is-layout-28f84493 wp-block-columns-is-layout-flex\">\n<div class=\"wp-block-column is-layout-flow wp-block-column-is-layout-flow\">\n<figure class=\"wp-block-image size-full\"><img alt=\"\" loading=\"lazy\" decoding=\"async\" width=\"800\" height=\"800\" src=\"https:\/\/www.usborkeychain.com\/wp-content\/uploads\/ProAlu-Mini-usb-falsh-Drive.jpg\" class=\"wp-image-4263\" srcset=\"https:\/\/www.usborkeychain.com\/wp-content\/uploads\/ProAlu-Mini-usb-falsh-Drive.jpg 800w, https:\/\/www.usborkeychain.com\/wp-content\/uploads\/ProAlu-Mini-usb-falsh-Drive-300x300.jpg 300w, https:\/\/www.usborkeychain.com\/wp-content\/uploads\/ProAlu-Mini-usb-falsh-Drive-150x150.jpg 150w, https:\/\/www.usborkeychain.com\/wp-content\/uploads\/ProAlu-Mini-usb-falsh-Drive-768x768.jpg 768w, https:\/\/www.usborkeychain.com\/wp-content\/uploads\/ProAlu-Mini-usb-falsh-Drive-12x12.jpg 12w, https:\/\/www.usborkeychain.com\/wp-content\/uploads\/ProAlu-Mini-usb-falsh-Drive-600x600.jpg 600w, https:\/\/www.usborkeychain.com\/wp-content\/uploads\/ProAlu-Mini-usb-falsh-Drive-100x100.jpg 100w\" sizes=\"(max-width: 800px) 100vw, 800px\" \/><\/figure>\n<\/div>\n\n\n\n<div class=\"wp-block-column is-layout-flow wp-block-column-is-layout-flow\">\n<figure class=\"wp-block-image size-full\"><img alt=\"\" loading=\"lazy\" decoding=\"async\" width=\"800\" height=\"800\" src=\"https:\/\/www.usborkeychain.com\/wp-content\/uploads\/AluPocket-usb-flash-Drive.jpg\" class=\"wp-image-4258\" srcset=\"https:\/\/www.usborkeychain.com\/wp-content\/uploads\/AluPocket-usb-flash-Drive.jpg 800w, https:\/\/www.usborkeychain.com\/wp-content\/uploads\/AluPocket-usb-flash-Drive-300x300.jpg 300w, https:\/\/www.usborkeychain.com\/wp-content\/uploads\/AluPocket-usb-flash-Drive-150x150.jpg 150w, https:\/\/www.usborkeychain.com\/wp-content\/uploads\/AluPocket-usb-flash-Drive-768x768.jpg 768w, https:\/\/www.usborkeychain.com\/wp-content\/uploads\/AluPocket-usb-flash-Drive-12x12.jpg 12w, https:\/\/www.usborkeychain.com\/wp-content\/uploads\/AluPocket-usb-flash-Drive-600x600.jpg 600w, https:\/\/www.usborkeychain.com\/wp-content\/uploads\/AluPocket-usb-flash-Drive-100x100.jpg 100w\" sizes=\"(max-width: 800px) 100vw, 800px\" \/><\/figure>\n<\/div>\n\n\n\n<div class=\"wp-block-column is-layout-flow wp-block-column-is-layout-flow\">\n<figure class=\"wp-block-image size-full\"><img alt=\"\" loading=\"lazy\" decoding=\"async\" width=\"800\" height=\"800\" src=\"https:\/\/www.usborkeychain.com\/wp-content\/uploads\/AluPorta-usb-flash-Drive.jpg\" class=\"wp-image-4259\" srcset=\"https:\/\/www.usborkeychain.com\/wp-content\/uploads\/AluPorta-usb-flash-Drive.jpg 800w, https:\/\/www.usborkeychain.com\/wp-content\/uploads\/AluPorta-usb-flash-Drive-300x300.jpg 300w, https:\/\/www.usborkeychain.com\/wp-content\/uploads\/AluPorta-usb-flash-Drive-150x150.jpg 150w, https:\/\/www.usborkeychain.com\/wp-content\/uploads\/AluPorta-usb-flash-Drive-768x768.jpg 768w, https:\/\/www.usborkeychain.com\/wp-content\/uploads\/AluPorta-usb-flash-Drive-12x12.jpg 12w, https:\/\/www.usborkeychain.com\/wp-content\/uploads\/AluPorta-usb-flash-Drive-600x600.jpg 600w, https:\/\/www.usborkeychain.com\/wp-content\/uploads\/AluPorta-usb-flash-Drive-100x100.jpg 100w\" sizes=\"(max-width: 800px) 100vw, 800px\" \/><\/figure>\n<\/div>\n<\/div>\n\n\n\n<h2 class=\"wp-block-heading\">Resistencia a los ara\u00f1azos<\/h2>\n\n\n\n<p>El propio material met\u00e1lico tiene cierta dureza, y la superficie est\u00e1 finamente tratada. Si se compara con un llavero normal, no se raya f\u00e1cilmente con las llaves, a menos que se raye deliberadamente con objetos duros y afilados. Puede mantener un aspecto limpio y hermoso durante mucho tiempo, manteniendo los patrones y logotipos personalizados claros y llamativos.<\/p>\n\n\n\n<h2 class=\"wp-block-heading\">Empresas adecuadas<\/h2>\n\n\n\n<div class=\"wp-block-columns is-layout-flex wp-container-core-columns-is-layout-28f84493 wp-block-columns-is-layout-flex\">\n<div class=\"wp-block-column is-layout-flow wp-block-column-is-layout-flow\">\n<p>Este <strong>mini unidad USB de aleaci\u00f3n de aluminio<\/strong> es adecuado para cualquier empresa, como bancos, etc.<\/p>\n\n\n\n<h3 class=\"wp-block-heading\">1. Empresas de tecnolog\u00eda de Internet<\/h3>\n\n\n\n<p>Puede utilizarse para almacenar materiales de productos y documentos publicitarios. Las memorias USB personalizadas impresas con el logotipo de la empresa pueden utilizarse como recuerdos de reuniones o regalos para clientes, transmitiendo una sensaci\u00f3n de tecnolog\u00eda y profesionalidad.<\/p>\n\n\n\n<h3 class=\"wp-block-heading\">2. Empresas de juegos<\/h3>\n\n\n\n<p>Los elementos populares del juego (como personajes y logotipos) pueden personalizarse en la unidad USB como regalos perif\u00e9ricos del juego para los jugadores, lo que puede promocionar el juego y resulta pr\u00e1ctico y considerado.<\/p>\n\n\n\n<h3 class=\"wp-block-heading\">3.Empresas de catering<\/h3>\n\n\n\n<p>Las memorias USB personalizadas con logotipos y esl\u00f3ganes de marca pueden distribuirse con ventajas de afiliaci\u00f3n y actividades promocionales para aumentar la exposici\u00f3n de la marca. Tambi\u00e9n pueden almacenar men\u00fas electr\u00f3nicos e informaci\u00f3n preferente para que la vean los clientes.<\/p>\n\n\n\n<h3 class=\"wp-block-heading\">4.Instituciones de educaci\u00f3n y formaci\u00f3n<\/h3>\n\n\n\n<p>Puede almacenar materiales de cursos y material did\u00e1ctico. Las unidades USB personalizadas pueden utilizarse como regalos de graduaci\u00f3n para estudiantes o regalos de matriculaci\u00f3n, lo que resulta pr\u00e1ctico y puede reforzar la imagen de marca.<\/p>\n<\/div>\n\n\n\n<div class=\"wp-block-column is-layout-flow wp-block-column-is-layout-flow\">\n<figure class=\"wp-block-image size-full\"><img alt=\"\" loading=\"lazy\" decoding=\"async\" width=\"800\" height=\"800\" src=\"https:\/\/www.usborkeychain.com\/wp-content\/uploads\/MetalKey-U-Disk.jpg\" class=\"wp-image-4260\" srcset=\"https:\/\/www.usborkeychain.com\/wp-content\/uploads\/MetalKey-U-Disk.jpg 800w, https:\/\/www.usborkeychain.com\/wp-content\/uploads\/MetalKey-U-Disk-300x300.jpg 300w, https:\/\/www.usborkeychain.com\/wp-content\/uploads\/MetalKey-U-Disk-150x150.jpg 150w, https:\/\/www.usborkeychain.com\/wp-content\/uploads\/MetalKey-U-Disk-768x768.jpg 768w, https:\/\/www.usborkeychain.com\/wp-content\/uploads\/MetalKey-U-Disk-12x12.jpg 12w, https:\/\/www.usborkeychain.com\/wp-content\/uploads\/MetalKey-U-Disk-600x600.jpg 600w, https:\/\/www.usborkeychain.com\/wp-content\/uploads\/MetalKey-U-Disk-100x100.jpg 100w\" sizes=\"(max-width: 800px) 100vw, 800px\" \/><\/figure>\n\n\n\n<figure class=\"wp-block-image aligncenter size-large\"><img alt=\"\" loading=\"lazy\" decoding=\"async\" width=\"1024\" height=\"683\" src=\"https:\/\/www.usborkeychain.com\/wp-content\/uploads\/Aluminum-mini-usb-drive-1024x683.png\" class=\"wp-image-4257\" srcset=\"https:\/\/www.usborkeychain.com\/wp-content\/uploads\/Aluminum-mini-usb-drive-1024x683.png 1024w, https:\/\/www.usborkeychain.com\/wp-content\/uploads\/Aluminum-mini-usb-drive-300x200.png 300w, https:\/\/www.usborkeychain.com\/wp-content\/uploads\/Aluminum-mini-usb-drive-768x512.png 768w, https:\/\/www.usborkeychain.com\/wp-content\/uploads\/Aluminum-mini-usb-drive-18x12.png 18w, https:\/\/www.usborkeychain.com\/wp-content\/uploads\/Aluminum-mini-usb-drive-600x400.png 600w, https:\/\/www.usborkeychain.com\/wp-content\/uploads\/Aluminum-mini-usb-drive.png 1297w\" sizes=\"(max-width: 1024px) 100vw, 1024px\" \/><\/figure>\n<\/div>\n<\/div>\n\n\n\n<div class=\"wp-block-columns is-layout-flex wp-container-core-columns-is-layout-28f84493 wp-block-columns-is-layout-flex\">\n<div class=\"wp-block-column is-layout-flow wp-block-column-is-layout-flow\">\n<figure class=\"wp-block-image size-full\"><img alt=\"\" loading=\"lazy\" decoding=\"async\" width=\"800\" height=\"800\" src=\"https:\/\/www.usborkeychain.com\/wp-content\/uploads\/TinyAlu-usb-flash-Drive.jpg\" class=\"wp-image-4264\" srcset=\"https:\/\/www.usborkeychain.com\/wp-content\/uploads\/TinyAlu-usb-flash-Drive.jpg 800w, https:\/\/www.usborkeychain.com\/wp-content\/uploads\/TinyAlu-usb-flash-Drive-300x300.jpg 300w, https:\/\/www.usborkeychain.com\/wp-content\/uploads\/TinyAlu-usb-flash-Drive-150x150.jpg 150w, https:\/\/www.usborkeychain.com\/wp-content\/uploads\/TinyAlu-usb-flash-Drive-768x768.jpg 768w, https:\/\/www.usborkeychain.com\/wp-content\/uploads\/TinyAlu-usb-flash-Drive-12x12.jpg 12w, https:\/\/www.usborkeychain.com\/wp-content\/uploads\/TinyAlu-usb-flash-Drive-600x600.jpg 600w, https:\/\/www.usborkeychain.com\/wp-content\/uploads\/TinyAlu-usb-flash-Drive-100x100.jpg 100w\" sizes=\"(max-width: 800px) 100vw, 800px\" \/><\/figure>\n<\/div>\n\n\n\n<div class=\"wp-block-column is-layout-flow wp-block-column-is-layout-flow\">\n<p>Elegir un <strong>unidad USB profesional<\/strong> fabricante para personalizar mini unidades USB de metal no s\u00f3lo puede controlar con precisi\u00f3n detalles como el material, la capacidad y la apariencia de acuerdo a las necesidades, haciendo que el producto se ajuste a la imagen de marca corporativa, sino tambi\u00e9n garantizar la calidad del producto y el efecto de personalizaci\u00f3n con tecnolog\u00eda madura, lo que resulta en un mejor rendimiento de la durabilidad a la presentaci\u00f3n del patr\u00f3n. Si elige un fabricante habitual de unidades USB (como los certificados por ISO9001\/BSCI) podr\u00e1 disfrutar de las siguientes ventajas:<\/p>\n\n\n\n<ul class=\"wp-block-list\">\n<li><strong>Seguridad de los derechos de autor<\/strong>: Proporcione una plantilla de \"Carta de autorizaci\u00f3n de marca\" para evitar riesgos de propiedad intelectual.<\/li>\n\n\n\n<li><strong>Precarga de datos<\/strong>: Carga gratuita de manuales de productos\/v\u00eddeos promocionales en la unidad USB.<\/li>\n\n\n\n<li><strong>Control de calidad<\/strong>: Inspecci\u00f3n de muestreo de proceso completo (tasa de bloques defectuosos &lt; 0,3%).<\/li>\n\n\n\n<li><strong>Pedido m\u00ednimo flexible<\/strong>: 100 piezas para el pedido m\u00ednimo (colores mixtos y capacidades), con la entrega m\u00e1s r\u00e1pida en 10 d\u00edas.<\/li>\n<\/ul>\n<\/div>\n<\/div>","protected":false},"excerpt":{"rendered":"<ul>\n<li>Aleaci\u00f3n de aluminio<\/li>\n<li>Mini USB<\/li>\n<li>Material met\u00e1lico<\/li>\n<li>Llavero<\/li>\n<li>MOQ:100PCS<\/li>\n<\/ul>","protected":false},"featured_media":4256,"comment_status":"open","ping_status":"closed","template":"","meta":{"_seopress_robots_primary_cat":"none","_seopress_titles_title":"Aluminum Alloy Mini USB flash drive;metal USB flash drive","_seopress_titles_desc":"","_seopress_robots_index":"","site-sidebar-layout":"default","site-content-layout":"","ast-site-content-layout":"","site-content-style":"default","site-sidebar-style":"default","ast-global-header-display":"","ast-banner-title-visibility":"","ast-main-header-display":"","ast-hfb-above-header-display":"","ast-hfb-below-header-display":"","ast-hfb-mobile-header-display":"","site-post-title":"","ast-breadcrumbs-content":"","ast-featured-img":"","footer-sml-layout":"","theme-transparent-header-meta":"","adv-header-id-meta":"","stick-header-meta":"","header-above-stick-meta":"","header-main-stick-meta":"","header-below-stick-meta":"","astra-migrate-meta-layouts":"default","ast-page-background-enabled":"default","ast-page-background-meta":{"desktop":{"background-color":"var(--ast-global-color-5)","background-image":"","background-repeat":"repeat","background-position":"center center","background-size":"auto","background-attachment":"scroll","background-type":"","background-media":"","overlay-type":"","overlay-color":"","overlay-opacity":"","overlay-gradient":""},"tablet":{"background-color":"","background-image":"","background-repeat":"repeat","background-position":"center center","background-size":"auto","background-attachment":"scroll","background-type":"","background-media":"","overlay-type":"","overlay-color":"","overlay-opacity":"","overlay-gradient":""},"mobile":{"background-color":"","background-image":"","background-repeat":"repeat","background-position":"center center","background-size":"auto","background-attachment":"scroll","background-type":"","background-media":"","overlay-type":"","overlay-color":"","overlay-opacity":"","overlay-gradient":""}},"ast-content-background-meta":{"desktop":{"background-color":"var(--ast-global-color-4)","background-image":"","background-repeat":"repeat","background-position":"center center","background-size":"auto","background-attachment":"scroll","background-type":"","background-media":"","overlay-type":"","overlay-color":"","overlay-opacity":"","overlay-gradient":""},"tablet":{"background-color":"var(--ast-global-color-4)","background-image":"","background-repeat":"repeat","background-position":"center center","background-size":"auto","background-attachment":"scroll","background-type":"","background-media":"","overlay-type":"","overlay-color":"","overlay-opacity":"","overlay-gradient":""},"mobile":{"background-color":"var(--ast-global-color-4)","background-image":"","background-repeat":"repeat","background-position":"center center","background-size":"auto","background-attachment":"scroll","background-type":"","background-media":"","overlay-type":"","overlay-color":"","overlay-opacity":"","overlay-gradient":""}}},"product_brand":[],"product_cat":[113],"product_tag":[249,239],"class_list":{"0":"post-4252","1":"product","2":"type-product","3":"status-publish","4":"has-post-thumbnail","6":"product_cat-mini-usb-pendrive","7":"product_tag-aluminum-alloy-mini-usb-flash-drive","8":"product_tag-aluminum-alloy-usb-flash-drive","9":"desktop-align-left","10":"tablet-align-left","11":"mobile-align-left","13":"first","14":"instock","15":"shipping-taxable","16":"product-type-simple"},"_links":{"self":[{"href":"https:\/\/www.usborkeychain.com\/es\/wp-json\/wp\/v2\/product\/4252","targetHints":{"allow":["GET"]}}],"collection":[{"href":"https:\/\/www.usborkeychain.com\/es\/wp-json\/wp\/v2\/product"}],"about":[{"href":"https:\/\/www.usborkeychain.com\/es\/wp-json\/wp\/v2\/types\/product"}],"replies":[{"embeddable":true,"href":"https:\/\/www.usborkeychain.com\/es\/wp-json\/wp\/v2\/comments?post=4252"}],"wp:featuredmedia":[{"embeddable":true,"href":"https:\/\/www.usborkeychain.com\/es\/wp-json\/wp\/v2\/media\/4256"}],"wp:attachment":[{"href":"https:\/\/www.usborkeychain.com\/es\/wp-json\/wp\/v2\/media?parent=4252"}],"wp:term":[{"taxonomy":"product_brand","embeddable":true,"href":"https:\/\/www.usborkeychain.com\/es\/wp-json\/wp\/v2\/product_brand?post=4252"},{"taxonomy":"product_cat","embeddable":true,"href":"https:\/\/www.usborkeychain.com\/es\/wp-json\/wp\/v2\/product_cat?post=4252"},{"taxonomy":"product_tag","embeddable":true,"href":"https:\/\/www.usborkeychain.com\/es\/wp-json\/wp\/v2\/product_tag?post=4252"}],"curies":[{"name":"wp","href":"https:\/\/api.w.org\/{rel}","templated":true}]}}