{"id":4265,"date":"2025-07-20T14:45:36","date_gmt":"2025-07-20T14:45:36","guid":{"rendered":"https:\/\/www.usborkeychain.com\/?post_type=product&#038;p=4265"},"modified":"2025-07-20T14:58:10","modified_gmt":"2025-07-20T14:58:10","slug":"rotating-mini-usb-drive","status":"publish","type":"product","link":"https:\/\/www.usborkeychain.com\/es\/producto\/rotating-mini-usb-drive\/","title":{"rendered":"Mini unidad USB giratoria"},"content":{"rendered":"<div class=\"wp-block-columns is-layout-flex wp-container-core-columns-is-layout-28f84493 wp-block-columns-is-layout-flex\">\n<div class=\"wp-block-column is-layout-flow wp-block-column-is-layout-flow\">\n<figure class=\"wp-block-image size-full\"><img alt=\"\" fetchpriority=\"high\" decoding=\"async\" width=\"800\" height=\"800\" src=\"https:\/\/www.usborkeychain.com\/wp-content\/uploads\/Round-Mini-USB-Drive.jpg\" class=\"wp-image-4270\" srcset=\"https:\/\/www.usborkeychain.com\/wp-content\/uploads\/Round-Mini-USB-Drive.jpg 800w, https:\/\/www.usborkeychain.com\/wp-content\/uploads\/Round-Mini-USB-Drive-300x300.jpg 300w, https:\/\/www.usborkeychain.com\/wp-content\/uploads\/Round-Mini-USB-Drive-150x150.jpg 150w, https:\/\/www.usborkeychain.com\/wp-content\/uploads\/Round-Mini-USB-Drive-768x768.jpg 768w, https:\/\/www.usborkeychain.com\/wp-content\/uploads\/Round-Mini-USB-Drive-12x12.jpg 12w, https:\/\/www.usborkeychain.com\/wp-content\/uploads\/Round-Mini-USB-Drive-600x600.jpg 600w, https:\/\/www.usborkeychain.com\/wp-content\/uploads\/Round-Mini-USB-Drive-100x100.jpg 100w\" sizes=\"(max-width: 800px) 100vw, 800px\" \/><\/figure>\n<\/div>\n\n\n\n<div class=\"wp-block-column is-layout-flow wp-block-column-is-layout-flow\">\n<p>En <strong>mini unidad USB giratoria de cabeza redonda,<\/strong> hecho de <strong>aleaci\u00f3n de aluminio<\/strong>combina ligereza y robustez. La aleaci\u00f3n de aluminio no s\u00f3lo hace que la unidad USB sea ligera para facilitar su transporte, sino que tambi\u00e9n proporciona una excelente resistencia al desgaste y a los impactos, protegiendo eficazmente el chip de almacenamiento interno.<\/p>\n\n\n\n<p>Existe una amplia gama de opciones de color, como rojo, plateado, azul, dorado, negro y rosa, para satisfacer diferentes necesidades est\u00e9ticas y requisitos de color de la marca corporativa. Su forma mini y bonita, con un dise\u00f1o \u00fanico de cabeza redonda, le confiere una sensaci\u00f3n y un atractivo visual excepcionalmente suaves, con un contorno general que fluye de forma natural. Su tama\u00f1o mini y su peso ligero logran perfectamente el objetivo de portabilidad sin complicaciones, ya que caben f\u00e1cilmente en bolsillos, mochilas o colgados de llaveros sin ocupar espacio.<\/p>\n<\/div>\n<\/div>\n\n\n\n<h2 class=\"wp-block-heading\">Tabla de par\u00e1metros de la unidad USB<\/h2>\n\n\n\n<figure class=\"wp-block-table\"><table class=\"has-fixed-layout\"><thead><tr><th>Categor\u00eda de par\u00e1metros<\/th><th>Detalles<\/th><\/tr><\/thead><tbody><tr><td>Tipo de interfaz<\/td><td>USB2.0\/USB3.0\/USB3.1<\/td><\/tr><tr><td>Capacidad de almacenamiento<\/td><td>8GB, 16GB, 32GB, 64GB, 128GB<\/td><\/tr><tr><td>Tama\u00f1o del producto<\/td><td>Aproximadamente 25 mm \u00d7 15 mm \u00d7 8 mm (longitud \u00d7 anchura \u00d7 grosor)<\/td><\/tr><tr><td>Peso del producto<\/td><td>Aproximadamente 10 g - 15 g<\/td><\/tr><\/tbody><\/table><\/figure>\n\n\n\n<h2 class=\"wp-block-heading\">\u00bfQu\u00e9 procesos de impresi\u00f3n existen?<\/h2>\n\n\n\n<div class=\"wp-block-columns is-layout-flex wp-container-core-columns-is-layout-28f84493 wp-block-columns-is-layout-flex\">\n<div class=\"wp-block-column is-layout-flow wp-block-column-is-layout-flow\">\n<h3 class=\"wp-block-heading\">Grabado por l\u00e1ser<\/h3>\n\n\n\n<p>El l\u00e1ser de alta energ\u00eda se utiliza para grabar logotipos o patrones en la superficie de aleaci\u00f3n de aluminio. Las marcas son claras, duraderas y no es f\u00e1cil que se desgasten o se caigan. Es adecuado para dise\u00f1os sencillos de texto y l\u00edneas, resaltando la textura y dando a los logotipos personalizados una calidad de alta gama y duradera.<\/p>\n\n\n\n<h3 class=\"wp-block-heading\">Impresi\u00f3n UV<\/h3>\n\n\n\n<p>Puede realizar la impresi\u00f3n de patrones a todo color con una alta reproducci\u00f3n del color, capaz de presentar contenidos de dise\u00f1o complejos y delicados, como coloridos logotipos corporativos e ilustraciones creativas. A\u00f1ade ricos efectos visuales a la unidad USB, haciendo que los patrones personalizados sean vivos y animados.<\/p>\n\n\n\n<h3 class=\"wp-block-heading\">Serigraf\u00eda<\/h3>\n\n\n\n<p>La tinta se imprime en la superficie de la unidad USB mediante una plantilla de pantalla. Es adecuada para texto y dise\u00f1os sencillos de gran superficie, monocolor o multicolor, con un coste relativamente bajo. Puede satisfacer las necesidades de personalizaci\u00f3n en masa, y el color tiene buena firmeza, no es f\u00e1cil que se desvanezca en el uso diario.<\/p>\n<\/div>\n\n\n\n<div class=\"wp-block-column is-layout-flow wp-block-column-is-layout-flow\">\n<figure class=\"wp-block-image size-full\"><img alt=\"\" decoding=\"async\" width=\"800\" height=\"800\" src=\"https:\/\/www.usborkeychain.com\/wp-content\/uploads\/Mini-Spin-USB-Drive.jpg\" class=\"wp-image-4269\" srcset=\"https:\/\/www.usborkeychain.com\/wp-content\/uploads\/Mini-Spin-USB-Drive.jpg 800w, https:\/\/www.usborkeychain.com\/wp-content\/uploads\/Mini-Spin-USB-Drive-300x300.jpg 300w, https:\/\/www.usborkeychain.com\/wp-content\/uploads\/Mini-Spin-USB-Drive-150x150.jpg 150w, https:\/\/www.usborkeychain.com\/wp-content\/uploads\/Mini-Spin-USB-Drive-768x768.jpg 768w, https:\/\/www.usborkeychain.com\/wp-content\/uploads\/Mini-Spin-USB-Drive-12x12.jpg 12w, https:\/\/www.usborkeychain.com\/wp-content\/uploads\/Mini-Spin-USB-Drive-600x600.jpg 600w, https:\/\/www.usborkeychain.com\/wp-content\/uploads\/Mini-Spin-USB-Drive-100x100.jpg 100w\" sizes=\"(max-width: 800px) 100vw, 800px\" \/><\/figure>\n<\/div>\n<\/div>\n\n\n\n<h3 class=\"wp-block-heading\"><\/h3>\n\n\n\n<h2 class=\"wp-block-heading\">\u00bfC\u00f3mo se fabrica esta unidad USB?<\/h2>\n\n\n\n<div class=\"wp-block-columns is-layout-flex wp-container-core-columns-is-layout-28f84493 wp-block-columns-is-layout-flex\">\n<div class=\"wp-block-column is-layout-flow wp-block-column-is-layout-flow\">\n<figure class=\"wp-block-image size-full\"><img alt=\"\" decoding=\"async\" width=\"800\" height=\"800\" src=\"https:\/\/www.usborkeychain.com\/wp-content\/uploads\/Spin-Aluminum-USB-Drive.jpg\" class=\"wp-image-4271\" srcset=\"https:\/\/www.usborkeychain.com\/wp-content\/uploads\/Spin-Aluminum-USB-Drive.jpg 800w, https:\/\/www.usborkeychain.com\/wp-content\/uploads\/Spin-Aluminum-USB-Drive-300x300.jpg 300w, https:\/\/www.usborkeychain.com\/wp-content\/uploads\/Spin-Aluminum-USB-Drive-150x150.jpg 150w, https:\/\/www.usborkeychain.com\/wp-content\/uploads\/Spin-Aluminum-USB-Drive-768x768.jpg 768w, https:\/\/www.usborkeychain.com\/wp-content\/uploads\/Spin-Aluminum-USB-Drive-12x12.jpg 12w, https:\/\/www.usborkeychain.com\/wp-content\/uploads\/Spin-Aluminum-USB-Drive-600x600.jpg 600w, https:\/\/www.usborkeychain.com\/wp-content\/uploads\/Spin-Aluminum-USB-Drive-100x100.jpg 100w\" sizes=\"(max-width: 800px) 100vw, 800px\" \/><\/figure>\n<\/div>\n\n\n\n<div class=\"wp-block-column is-layout-flow wp-block-column-is-layout-flow\">\n<h3 class=\"wp-block-heading\">(I) Moldeo de carcasas<\/h3>\n\n\n\n<p>La fundici\u00f3n a presi\u00f3n de precisi\u00f3n o los procesos de mecanizado CNC se utilizan para dar forma a las materias primas de aleaci\u00f3n de aluminio en carcasas giratorias redondeadas, garantizando unas dimensiones exactas y un aspecto liso, sentando las bases para el posterior montaje.<\/p>\n\n\n\n<h3 class=\"wp-block-heading\">(II) Conjunto de estructura giratoria<\/h3>\n\n\n\n<p>El m\u00f3dulo de almacenamiento de la unidad USB est\u00e1 conectado a la carcasa giratoria mediante componentes de eje giratorio de alta precisi\u00f3n. Tras la depuraci\u00f3n, garantiza una rotaci\u00f3n suave con amortiguaci\u00f3n moderada, logrando un giro flexible de 180\u00b0 a 360\u00b0 al tiempo que mantiene la estabilidad estructural durante el uso.<\/p>\n\n\n\n<h3 class=\"wp-block-heading\">(III) Tratamiento de superficies<\/h3>\n\n\n\n<p>La carcasa de aleaci\u00f3n de aluminio se somete a anodizado, chorro de arena y otros tratamientos. Por un lado, mejora la dureza de la superficie y la resistencia al desgaste; por otro, proporciona una buena base de adherencia para la coloraci\u00f3n y la impresi\u00f3n, garantizando colores uniformes y firmes.<\/p>\n\n\n\n<h3 class=\"wp-block-heading\">(IV) Encapsulado y prueba de chips<\/h3>\n\n\n\n<p>Se seleccionan chips de almacenamiento de alta calidad y se implantan en la unidad USB mediante procesos de encapsulado profesionales. Una vez finalizado, se realizan m\u00faltiples pruebas, como la velocidad de lectura y escritura y la estabilidad de los datos, para garantizar un rendimiento fiable del producto y un almacenamiento seguro de los datos.<\/p>\n<\/div>\n<\/div>\n\n\n\n<h2 class=\"wp-block-heading\">\u00bfEs la carcasa s\u00f3lida y duradera?<\/h2>\n\n\n\n<p>En <strong>material de aleaci\u00f3n de aluminio <\/strong>tiene una gran dureza. Tras el tratamiento de la superficie (como el anodizado), se forma una pel\u00edcula protectora. En el uso diario, siempre que no se raye deliberadamente con objetos duros y afilados (como agujas, cuchillos), no es f\u00e1cil que se produzcan ara\u00f1azos graves. En caso de personalizaci\u00f3n mediante procesos de impresi\u00f3n UV o grabado l\u00e1ser, no hay problema de que la pintura se desprenda. Con un uso normal y evitando fuertes fricciones, la serigraf\u00eda tambi\u00e9n puede garantizar una retenci\u00f3n duradera del color, manteniendo un aspecto bonito durante mucho tiempo.<\/p>\n\n\n\n<h2 class=\"wp-block-heading\">\u00bfPara qu\u00e9 empresas es adecuado?<\/h2>\n\n\n\n<div class=\"wp-block-columns is-layout-flex wp-container-core-columns-is-layout-28f84493 wp-block-columns-is-layout-flex\">\n<div class=\"wp-block-column is-layout-flow wp-block-column-is-layout-flow\">\n<ul class=\"wp-block-list\">\n<li><strong>Empresas tecnol\u00f3gicas<\/strong>: Almacene los CD del sistema, las gu\u00edas de instalaci\u00f3n y el material promocional, para que los clientes puedan acceder a los servicios profesionales en cualquier momento.<\/li>\n\n\n\n<li><strong>Instituciones educativas<\/strong>: Almacenar y transferir cursos de aprendizaje, material did\u00e1ctico y v\u00eddeos promocionales, sirviendo de \"aula port\u00e1til\" para los recursos did\u00e1cticos.<\/li>\n\n\n\n<li><strong>Empresas de viajes<\/strong>: Empaqueta y almacena descripciones de itinerarios, gu\u00edas regionales, paisajes caracter\u00edsticos y cupones, actuando como una \"gu\u00eda tur\u00edstica digital\" reutilizable para los turistas.<\/li>\n\n\n\n<li><strong>Promotores inmobiliarios<\/strong>: Preinstalaci\u00f3n de planos panor\u00e1micos tipo de la casa, v\u00eddeos inmobiliarios y documentos contractuales, que sirven de \"casa modelo digital\" que los clientes pueden llevarse y ver repetidamente.<\/li>\n\n\n\n<li><strong>Hoteles de lujo<\/strong>: Proporciona men\u00fas electr\u00f3nicos, gu\u00edas de servicios y ventajas para los socios, actuando como un c\u00f3modo \"mayordomo digital\" para los hu\u00e9spedes.<\/li>\n\n\n\n<li><strong>Marcas de autom\u00f3viles\/Tiendas 4S<\/strong>: Incluyen manuales de productos, instrucciones de mantenimiento y v\u00eddeos promocionales, que sirven como \"manuales electr\u00f3nicos\" profesionales que los propietarios de coches pueden conservar durante mucho tiempo.<\/li>\n\n\n\n<li><strong>Empresas expositoras<\/strong>: Preinstale listas de expositores, hojas de ruta y material para discursos, actuando como una \"base de datos m\u00f3vil\" de informaci\u00f3n profesional sobre expositores.<\/li>\n<\/ul>\n<\/div>\n\n\n\n<div class=\"wp-block-column is-layout-flow wp-block-column-is-layout-flow\">\n<figure class=\"wp-block-image size-full\"><img alt=\"\" loading=\"lazy\" decoding=\"async\" width=\"800\" height=\"800\" src=\"https:\/\/www.usborkeychain.com\/wp-content\/uploads\/Aluminum-Round-USB-drive.jpg\" class=\"wp-image-4268\" srcset=\"https:\/\/www.usborkeychain.com\/wp-content\/uploads\/Aluminum-Round-USB-drive.jpg 800w, https:\/\/www.usborkeychain.com\/wp-content\/uploads\/Aluminum-Round-USB-drive-300x300.jpg 300w, https:\/\/www.usborkeychain.com\/wp-content\/uploads\/Aluminum-Round-USB-drive-150x150.jpg 150w, https:\/\/www.usborkeychain.com\/wp-content\/uploads\/Aluminum-Round-USB-drive-768x768.jpg 768w, https:\/\/www.usborkeychain.com\/wp-content\/uploads\/Aluminum-Round-USB-drive-12x12.jpg 12w, https:\/\/www.usborkeychain.com\/wp-content\/uploads\/Aluminum-Round-USB-drive-600x600.jpg 600w, https:\/\/www.usborkeychain.com\/wp-content\/uploads\/Aluminum-Round-USB-drive-100x100.jpg 100w\" sizes=\"(max-width: 800px) 100vw, 800px\" \/><\/figure>\n<\/div>\n<\/div>\n\n\n\n<p>   La cabeza redonda <strong>mini unidad USB giratoria<\/strong> garantiza durabilidad y portabilidad con <strong>material de aleaci\u00f3n de aluminio<\/strong>satisface las necesidades personalizadas con colores vivos y diversos procesos de personalizaci\u00f3n, y garantiza un rendimiento estable del producto con t\u00e9cnicas de fabricaci\u00f3n maduras. Tanto si lo utilizan las empresas para promocionar su marca y obsequiar a sus clientes, como si es para almacenar datos personales a diario, destaca como una opci\u00f3n pr\u00e1ctica y llamativa por su mini portabilidad, su personalizaci\u00f3n flexible y su rendimiento fiable. Elegir un fabricante profesional de unidades USB para personalizarlas permite controlar con precisi\u00f3n detalles como el material, el proceso y el dise\u00f1o, lo que hace que el producto satisfaga perfectamente las necesidades, ayuda a las empresas a transmitir valor de marca y permite a los particulares disponer de art\u00edculos de almacenamiento exclusivos.<\/p>","protected":false},"excerpt":{"rendered":"<ul>\n<li>Aleaci\u00f3n de aluminio<\/li>\n<li>\n<p class=\"header-vfC6AV auto-hide-last-sibling-br\">Rotaci\u00f3n de 360 grados<\/p>\n<\/li>\n<li>Mini unidad USB<\/li>\n<li>Personaliza diferentes colores<\/li>\n<li>MOQ:100PCS<\/li>\n<\/ul>","protected":false},"featured_media":4270,"comment_status":"open","ping_status":"closed","template":"","meta":{"_seopress_robots_primary_cat":"","_seopress_titles_title":"Rotating Mini USB Drive;aluminum alloy usb drive","_seopress_titles_desc":"","_seopress_robots_index":"","site-sidebar-layout":"default","site-content-layout":"","ast-site-content-layout":"","site-content-style":"default","site-sidebar-style":"default","ast-global-header-display":"","ast-banner-title-visibility":"","ast-main-header-display":"","ast-hfb-above-header-display":"","ast-hfb-below-header-display":"","ast-hfb-mobile-header-display":"","site-post-title":"","ast-breadcrumbs-content":"","ast-featured-img":"","footer-sml-layout":"","theme-transparent-header-meta":"","adv-header-id-meta":"","stick-header-meta":"","header-above-stick-meta":"","header-main-stick-meta":"","header-below-stick-meta":"","astra-migrate-meta-layouts":"default","ast-page-background-enabled":"default","ast-page-background-meta":{"desktop":{"background-color":"var(--ast-global-color-5)","background-image":"","background-repeat":"repeat","background-position":"center center","background-size":"auto","background-attachment":"scroll","background-type":"","background-media":"","overlay-type":"","overlay-color":"","overlay-opacity":"","overlay-gradient":""},"tablet":{"background-color":"","background-image":"","background-repeat":"repeat","background-position":"center center","background-size":"auto","background-attachment":"scroll","background-type":"","background-media":"","overlay-type":"","overlay-color":"","overlay-opacity":"","overlay-gradient":""},"mobile":{"background-color":"","background-image":"","background-repeat":"repeat","background-position":"center center","background-size":"auto","background-attachment":"scroll","background-type":"","background-media":"","overlay-type":"","overlay-color":"","overlay-opacity":"","overlay-gradient":""}},"ast-content-background-meta":{"desktop":{"background-color":"var(--ast-global-color-4)","background-image":"","background-repeat":"repeat","background-position":"center center","background-size":"auto","background-attachment":"scroll","background-type":"","background-media":"","overlay-type":"","overlay-color":"","overlay-opacity":"","overlay-gradient":""},"tablet":{"background-color":"var(--ast-global-color-4)","background-image":"","background-repeat":"repeat","background-position":"center center","background-size":"auto","background-attachment":"scroll","background-type":"","background-media":"","overlay-type":"","overlay-color":"","overlay-opacity":"","overlay-gradient":""},"mobile":{"background-color":"var(--ast-global-color-4)","background-image":"","background-repeat":"repeat","background-position":"center center","background-size":"auto","background-attachment":"scroll","background-type":"","background-media":"","overlay-type":"","overlay-color":"","overlay-opacity":"","overlay-gradient":""}}},"product_brand":[],"product_cat":[113],"product_tag":[250,251],"class_list":{"0":"post-4265","1":"product","2":"type-product","3":"status-publish","4":"has-post-thumbnail","6":"product_cat-mini-usb-pendrive","7":"product_tag-aluminum-alloy-usb-drive","8":"product_tag-rotating-mini-usb-drive","9":"desktop-align-left","10":"tablet-align-left","11":"mobile-align-left","13":"first","14":"instock","15":"shipping-taxable","16":"product-type-simple"},"_links":{"self":[{"href":"https:\/\/www.usborkeychain.com\/es\/wp-json\/wp\/v2\/product\/4265","targetHints":{"allow":["GET"]}}],"collection":[{"href":"https:\/\/www.usborkeychain.com\/es\/wp-json\/wp\/v2\/product"}],"about":[{"href":"https:\/\/www.usborkeychain.com\/es\/wp-json\/wp\/v2\/types\/product"}],"replies":[{"embeddable":true,"href":"https:\/\/www.usborkeychain.com\/es\/wp-json\/wp\/v2\/comments?post=4265"}],"wp:featuredmedia":[{"embeddable":true,"href":"https:\/\/www.usborkeychain.com\/es\/wp-json\/wp\/v2\/media\/4270"}],"wp:attachment":[{"href":"https:\/\/www.usborkeychain.com\/es\/wp-json\/wp\/v2\/media?parent=4265"}],"wp:term":[{"taxonomy":"product_brand","embeddable":true,"href":"https:\/\/www.usborkeychain.com\/es\/wp-json\/wp\/v2\/product_brand?post=4265"},{"taxonomy":"product_cat","embeddable":true,"href":"https:\/\/www.usborkeychain.com\/es\/wp-json\/wp\/v2\/product_cat?post=4265"},{"taxonomy":"product_tag","embeddable":true,"href":"https:\/\/www.usborkeychain.com\/es\/wp-json\/wp\/v2\/product_tag?post=4265"}],"curies":[{"name":"wp","href":"https:\/\/api.w.org\/{rel}","templated":true}]}}