{"id":4273,"date":"2025-07-20T15:44:22","date_gmt":"2025-07-20T15:44:22","guid":{"rendered":"https:\/\/www.usborkeychain.com\/?post_type=product&#038;p=4273"},"modified":"2025-08-19T03:35:09","modified_gmt":"2025-08-19T03:35:09","slug":"the-most-popular-mini-rotating-usb-drive","status":"publish","type":"product","link":"https:\/\/www.usborkeychain.com\/es\/producto\/the-most-popular-mini-rotating-usb-drive\/","title":{"rendered":"La mini unidad USB giratoria m\u00e1s popular"},"content":{"rendered":"<div class=\"wp-block-columns is-layout-flex wp-container-core-columns-is-layout-28f84493 wp-block-columns-is-layout-flex\">\n<div class=\"wp-block-column is-layout-flow wp-block-column-is-layout-flow\">\n<figure class=\"wp-block-image size-full\"><img alt=\"\" fetchpriority=\"high\" decoding=\"async\" width=\"800\" height=\"800\" src=\"https:\/\/www.usborkeychain.com\/wp-content\/uploads\/ColorCarry-USB-Drive.jpg\" class=\"wp-image-4277\" srcset=\"https:\/\/www.usborkeychain.com\/wp-content\/uploads\/ColorCarry-USB-Drive.jpg 800w, https:\/\/www.usborkeychain.com\/wp-content\/uploads\/ColorCarry-USB-Drive-300x300.jpg 300w, https:\/\/www.usborkeychain.com\/wp-content\/uploads\/ColorCarry-USB-Drive-150x150.jpg 150w, https:\/\/www.usborkeychain.com\/wp-content\/uploads\/ColorCarry-USB-Drive-768x768.jpg 768w, https:\/\/www.usborkeychain.com\/wp-content\/uploads\/ColorCarry-USB-Drive-12x12.jpg 12w, https:\/\/www.usborkeychain.com\/wp-content\/uploads\/ColorCarry-USB-Drive-600x600.jpg 600w, https:\/\/www.usborkeychain.com\/wp-content\/uploads\/ColorCarry-USB-Drive-100x100.jpg 100w\" sizes=\"(max-width: 800px) 100vw, 800px\" \/><\/figure>\n<\/div>\n\n\n\n<div class=\"wp-block-column is-layout-flow wp-block-column-is-layout-flow\">\n<p>Esto es actualmente <strong>la mini unidad USB giratoria m\u00e1s popular<\/strong>\u00a1! Su principal ventaja radica en la adopci\u00f3n de una alta velocidad <strong>USB 3.0<\/strong> que aporta una mejora revolucionaria en las velocidades de lectura y escritura: en comparaci\u00f3n con los productos USB 2.0 tradicionales, la eficacia de transmisi\u00f3n de archivos se ha multiplicado varias veces, haciendo realidad la transmisi\u00f3n instant\u00e1nea de archivos de gran tama\u00f1o. Al mismo tiempo, su tama\u00f1o ultrafino y ultrapeque\u00f1o, como un juguete para el dedo, puede guardarse f\u00e1cilmente en el bolsillo o en el llavero; adem\u00e1s, est\u00e1 disponible en una gran variedad de colores, como plata, rojo, naranja, verde, azul, rosa, morado, negro, etc., para satisfacer las diferentes necesidades de personalidad y escena. Es un tr\u00edo de rendimiento, portabilidad y est\u00e9tica.<\/p>\n<\/div>\n<\/div>\n\n\n\n<h2 class=\"wp-block-heading\">Par\u00e1metros de la memoria USB<\/h2>\n\n\n\n<figure class=\"wp-block-table\"><table class=\"has-fixed-layout\"><thead><tr><th>Categor\u00eda de par\u00e1metros<\/th><th>Especificaciones detalladas\/Descripci\u00f3n<\/th><th>Principales ventajas<\/th><\/tr><\/thead><tbody><tr><td>Interfaz est\u00e1ndar<\/td><td>USB 3.0<\/td><td>Transmisi\u00f3n de alta velocidad, compatible con USB 2.0<\/td><\/tr><tr><td>Capacidad de almacenamiento<\/td><td>8GB \/ 16GB \/ 32GB \/ 64GB \/ 128GB<\/td><td>Libre elecci\u00f3n para manejar varios archivos f\u00e1cilmente<\/td><\/tr><tr><td>Estructura giratoria<\/td><td>Cojinete totalmente met\u00e1lico + dise\u00f1o de hebilla de precisi\u00f3n<\/td><td>Rotaci\u00f3n suave, protege la interfaz del polvo y los da\u00f1os<\/td><\/tr><tr><td>Material de la carcasa<\/td><td>Aleaci\u00f3n de aluminio de alta precisi\u00f3n, superficie esmerilada<\/td><td>Resistente y disipador de calor, antideslizante y antihuellas dactilares<\/td><\/tr><tr><td>Funciones de protecci\u00f3n<\/td><td>A prueba de golpes y resistente a la presi\u00f3n, no impermeable<\/td><td>Duradero y fiable, evite su uso en entornos extremos<\/td><\/tr><tr><td>Peso<\/td><td>Aproximadamente 6 gramos<\/td><td>Ultraligero, extremadamente port\u00e1til<\/td><\/tr><tr><td>Material de la anilla del cord\u00f3n<\/td><td>Anillo de acero inoxidable<\/td><td>Firme y duradero, pr\u00e1ctico para colgar y transportar<\/td><\/tr><tr><td>Tama\u00f1o del producto<\/td><td>Longitud \u00d7 Anchura \u00d7 Grosor: aproximadamente 30mm\u00d712mm\u00d73mm<\/td><td>Ultrapeque\u00f1o<\/td><\/tr><\/tbody><\/table><\/figure>\n\n\n\n<h2 class=\"wp-block-heading\">\u00bfQu\u00e9 se puede personalizar?<\/h2>\n\n\n\n<div class=\"wp-block-columns is-layout-flex wp-container-core-columns-is-layout-28f84493 wp-block-columns-is-layout-flex\">\n<div class=\"wp-block-column is-layout-flow wp-block-column-is-layout-flow\">\n<figure class=\"wp-block-image size-full\"><img alt=\"\" decoding=\"async\" width=\"800\" height=\"800\" src=\"https:\/\/www.usborkeychain.com\/wp-content\/uploads\/VividAlu-USB-drive.jpg\" class=\"wp-image-4284\" srcset=\"https:\/\/www.usborkeychain.com\/wp-content\/uploads\/VividAlu-USB-drive.jpg 800w, https:\/\/www.usborkeychain.com\/wp-content\/uploads\/VividAlu-USB-drive-300x300.jpg 300w, https:\/\/www.usborkeychain.com\/wp-content\/uploads\/VividAlu-USB-drive-150x150.jpg 150w, https:\/\/www.usborkeychain.com\/wp-content\/uploads\/VividAlu-USB-drive-768x768.jpg 768w, https:\/\/www.usborkeychain.com\/wp-content\/uploads\/VividAlu-USB-drive-12x12.jpg 12w, https:\/\/www.usborkeychain.com\/wp-content\/uploads\/VividAlu-USB-drive-600x600.jpg 600w, https:\/\/www.usborkeychain.com\/wp-content\/uploads\/VividAlu-USB-drive-100x100.jpg 100w\" sizes=\"(max-width: 800px) 100vw, 800px\" \/><\/figure>\n<\/div>\n\n\n\n<div class=\"wp-block-column is-layout-flow wp-block-column-is-layout-flow\">\n<h3 class=\"wp-block-heading\">Personalizaci\u00f3n del color<\/h3>\n\n\n\n<p>Admitimos la personalizaci\u00f3n de colores exclusivos seg\u00fan las necesidades. Tanto si se trata del color de la marca corporativa como de un color \u00fanico apreciado por las personas, se puede personalizar y presentar con precisi\u00f3n, haciendo que la memoria USB sea \u00fanica en su especie.<\/p>\n\n\n\n<h3 class=\"wp-block-heading\">Procesos de personalizaci\u00f3n de logotipos y patrones<\/h3>\n\n\n\n<ul class=\"wp-block-list\">\n<li>Grabado por l\u00e1ser: Utilizando l\u00e1ser de alta energ\u00eda para grabar logotipos o dise\u00f1os en la superficie de la memoria USB, las marcas son claras, duraderas y resistentes al desgaste. Es adecuado para dise\u00f1os sencillos de texto y l\u00edneas, resaltando la textura y una sensaci\u00f3n de alta gama. Incluso con un uso prolongado, las marcas no se desgastan f\u00e1cilmente.<\/li>\n\n\n\n<li>Impresi\u00f3n UV: Puede realizar la impresi\u00f3n de patrones a todo color con colores completos y alto grado de reducci\u00f3n, lo que puede presentar v\u00edvidamente dise\u00f1os complejos y delicados, tales como logotipos corporativos coloridos e ilustraciones creativas, a\u00f1adiendo ricos efectos visuales a la unidad flash USB y haciendo que los patrones personalizados sean v\u00edvidos y llamativos.<\/li>\n<\/ul>\n<\/div>\n<\/div>\n\n\n\n<h2 class=\"wp-block-heading\">\u00bfEs duradera esta memoria USB?<\/h2>\n\n\n\n<div class=\"wp-block-columns is-layout-flex wp-container-core-columns-is-layout-28f84493 wp-block-columns-is-layout-flex\">\n<div class=\"wp-block-column is-layout-flow wp-block-column-is-layout-flow\">\n<figure class=\"wp-block-image size-full\"><img alt=\"\" decoding=\"async\" width=\"800\" height=\"800\" src=\"https:\/\/www.usborkeychain.com\/wp-content\/uploads\/ColorKey-USB-Drive.jpg\" class=\"wp-image-4279\" srcset=\"https:\/\/www.usborkeychain.com\/wp-content\/uploads\/ColorKey-USB-Drive.jpg 800w, https:\/\/www.usborkeychain.com\/wp-content\/uploads\/ColorKey-USB-Drive-300x300.jpg 300w, https:\/\/www.usborkeychain.com\/wp-content\/uploads\/ColorKey-USB-Drive-150x150.jpg 150w, https:\/\/www.usborkeychain.com\/wp-content\/uploads\/ColorKey-USB-Drive-768x768.jpg 768w, https:\/\/www.usborkeychain.com\/wp-content\/uploads\/ColorKey-USB-Drive-12x12.jpg 12w, https:\/\/www.usborkeychain.com\/wp-content\/uploads\/ColorKey-USB-Drive-600x600.jpg 600w, https:\/\/www.usborkeychain.com\/wp-content\/uploads\/ColorKey-USB-Drive-100x100.jpg 100w\" sizes=\"(max-width: 800px) 100vw, 800px\" \/><\/figure>\n<\/div>\n\n\n\n<div class=\"wp-block-column is-layout-flow wp-block-column-is-layout-flow\">\n<p>A pesar de enchufarla y desenchufarla con frecuencia, esta unidad flash USB adopta una estructura giratoria de alta calidad y un dise\u00f1o de interfaz s\u00f3lido. La rotaci\u00f3n es suave y la interfaz USB se ha reforzado. En situaciones de uso normal, el puerto USB no se doblar\u00e1 debido a los enchufes y desenchufes regulares, y puede acompa\u00f1ar a los usuarios de forma estable durante mucho tiempo. Sin embargo, deben evitarse las flexiones violentas deliberadas y otras operaciones inadecuadas.<\/p>\n<\/div>\n<\/div>\n\n\n\n<h2 class=\"wp-block-heading\">\u00bfPara qu\u00e9 empresas es adecuado?<\/h2>\n\n\n\n<ul class=\"wp-block-list\">\n<li>Tencent\/Alibaba: Personalizados como regalos de reuniones anuales\/beneficios para empleados, preinstalados con materiales de cultura corporativa\/software de seguridad, peque\u00f1os, de alta velocidad y port\u00e1tiles.<\/li>\n\n\n\n<li>Nuevo Oriental\/Xueersi: Almacena material did\u00e1ctico masivo y cursos grabados, y sirve como \"base de conocimientos m\u00f3vil\" exclusiva de los estudiantes para duplicar la eficacia del aprendizaje.<\/li>\n\n\n\n<li>Ctrip\/Qunar: preinstalaci\u00f3n de gu\u00edas de viaje\/cupones electr\u00f3nicos\/visitas en RV por lugares esc\u00e9nicos, una cuidada \"gu\u00eda tur\u00edstica digital\" para turistas.<\/li>\n\n\n\n<li>Tiendas Tesla\/NIO 4S: Se entrega como un \"manual electr\u00f3nico\" con el coche, que contiene ciclos de mantenimiento\/v\u00eddeos de funcionamiento\/informaci\u00f3n sobre puntos de servicio.<\/li>\n\n\n\n<li>PwC\/McKinsey: Regalos de empresa grabados con los LOGOTIPOS de los clientes, con presentaciones de la empresa\/informes del sector incorporados, que transmiten al instante una imagen profesional.<\/li>\n\n\n\n<li>Conferencia de prensa de Huawei\/Centro comercial Xiaomi: Memorias USB con informaci\u00f3n previa a la venta de nuevos productos, que los aficionados pueden recoger para conocer los par\u00e1metros\/presentaciones\/blancos t\u00e9cnicos de los productos.<\/li>\n\n\n\n<li>Organizadores de la Feria de Cant\u00f3n\/CIIE: Distribuir directorios de expositores\/mapas de agenda\/colecciones PPT de foros en la entrada, una herramienta eficaz para llegar a la informaci\u00f3n.<\/li>\n<\/ul>\n\n\n\n<div class=\"wp-block-columns is-layout-flex wp-container-core-columns-is-layout-28f84493 wp-block-columns-is-layout-flex\">\n<div class=\"wp-block-column is-layout-flow wp-block-column-is-layout-flow\">\n<figure class=\"wp-block-image size-full\"><img alt=\"\" loading=\"lazy\" decoding=\"async\" width=\"400\" height=\"400\" src=\"https:\/\/www.usborkeychain.com\/wp-content\/uploads\/VividClip-USB-Drive.jpg\" class=\"wp-image-4285\" srcset=\"https:\/\/www.usborkeychain.com\/wp-content\/uploads\/VividClip-USB-Drive.jpg 400w, https:\/\/www.usborkeychain.com\/wp-content\/uploads\/VividClip-USB-Drive-300x300.jpg 300w, https:\/\/www.usborkeychain.com\/wp-content\/uploads\/VividClip-USB-Drive-150x150.jpg 150w, https:\/\/www.usborkeychain.com\/wp-content\/uploads\/VividClip-USB-Drive-12x12.jpg 12w, https:\/\/www.usborkeychain.com\/wp-content\/uploads\/VividClip-USB-Drive-100x100.jpg 100w\" sizes=\"(max-width: 400px) 100vw, 400px\" \/><\/figure>\n<\/div>\n\n\n\n<div class=\"wp-block-column is-layout-flow wp-block-column-is-layout-flow\">\n<figure class=\"wp-block-image size-full\"><img alt=\"\" loading=\"lazy\" decoding=\"async\" width=\"400\" height=\"400\" src=\"https:\/\/www.usborkeychain.com\/wp-content\/uploads\/VarioKey-USB-Drive.jpg\" class=\"wp-image-4283\" srcset=\"https:\/\/www.usborkeychain.com\/wp-content\/uploads\/VarioKey-USB-Drive.jpg 400w, https:\/\/www.usborkeychain.com\/wp-content\/uploads\/VarioKey-USB-Drive-300x300.jpg 300w, https:\/\/www.usborkeychain.com\/wp-content\/uploads\/VarioKey-USB-Drive-150x150.jpg 150w, https:\/\/www.usborkeychain.com\/wp-content\/uploads\/VarioKey-USB-Drive-12x12.jpg 12w, https:\/\/www.usborkeychain.com\/wp-content\/uploads\/VarioKey-USB-Drive-100x100.jpg 100w\" sizes=\"(max-width: 400px) 100vw, 400px\" \/><\/figure>\n<\/div>\n\n\n\n<div class=\"wp-block-column is-layout-flow wp-block-column-is-layout-flow\">\n<figure class=\"wp-block-image size-full\"><img alt=\"\" loading=\"lazy\" decoding=\"async\" width=\"400\" height=\"400\" src=\"https:\/\/www.usborkeychain.com\/wp-content\/uploads\/ColorRide-USB-Drive.jpg\" class=\"wp-image-4280\" srcset=\"https:\/\/www.usborkeychain.com\/wp-content\/uploads\/ColorRide-USB-Drive.jpg 400w, https:\/\/www.usborkeychain.com\/wp-content\/uploads\/ColorRide-USB-Drive-300x300.jpg 300w, https:\/\/www.usborkeychain.com\/wp-content\/uploads\/ColorRide-USB-Drive-150x150.jpg 150w, https:\/\/www.usborkeychain.com\/wp-content\/uploads\/ColorRide-USB-Drive-12x12.jpg 12w, https:\/\/www.usborkeychain.com\/wp-content\/uploads\/ColorRide-USB-Drive-100x100.jpg 100w\" sizes=\"(max-width: 400px) 100vw, 400px\" \/><\/figure>\n<\/div>\n<\/div>\n\n\n\n<p>Este <strong>mini unidad flash USB giratoria m\u00e1s popular<\/strong> combina a la perfecci\u00f3n la transmisi\u00f3n de alta velocidad USB 3.0, un cuerpo extremadamente fino y ligero, un aspecto colorido y un potencial de personalizaci\u00f3n flexible, lo que lo convierte en una excelente opci\u00f3n para el almacenamiento personal, el trabajo de oficina corporativo y la promoci\u00f3n de marketing. Tanto si se trata de usuarios particulares que buscan una transmisi\u00f3n eficiente, como de empresas que valoran la comunicaci\u00f3n de marca y los regalos pr\u00e1cticos, la elecci\u00f3n de un fabricante profesional para la personalizaci\u00f3n puede maximizar su valor, satisfacer diversas necesidades y mostrar ventajas en el almacenamiento de datos y la transmisi\u00f3n de marca.<\/p>\n\n\n\n<div class=\"wp-block-columns is-layout-flex wp-container-core-columns-is-layout-28f84493 wp-block-columns-is-layout-flex\">\n<div class=\"wp-block-column is-layout-flow wp-block-column-is-layout-flow\">\n<figure class=\"wp-block-image size-full\"><img alt=\"\" loading=\"lazy\" decoding=\"async\" width=\"400\" height=\"400\" src=\"https:\/\/www.usborkeychain.com\/wp-content\/uploads\/ColorGlide-USB-drive.jpg\" class=\"wp-image-4278\" srcset=\"https:\/\/www.usborkeychain.com\/wp-content\/uploads\/ColorGlide-USB-drive.jpg 400w, https:\/\/www.usborkeychain.com\/wp-content\/uploads\/ColorGlide-USB-drive-300x300.jpg 300w, https:\/\/www.usborkeychain.com\/wp-content\/uploads\/ColorGlide-USB-drive-150x150.jpg 150w, https:\/\/www.usborkeychain.com\/wp-content\/uploads\/ColorGlide-USB-drive-12x12.jpg 12w, https:\/\/www.usborkeychain.com\/wp-content\/uploads\/ColorGlide-USB-drive-100x100.jpg 100w\" sizes=\"(max-width: 400px) 100vw, 400px\" \/><\/figure>\n<\/div>\n\n\n\n<div class=\"wp-block-column is-layout-flow wp-block-column-is-layout-flow\">\n<figure class=\"wp-block-image size-full\"><img alt=\"\" loading=\"lazy\" decoding=\"async\" width=\"400\" height=\"400\" src=\"https:\/\/www.usborkeychain.com\/wp-content\/uploads\/ColorTwist-USB-drive.jpg\" class=\"wp-image-4281\" srcset=\"https:\/\/www.usborkeychain.com\/wp-content\/uploads\/ColorTwist-USB-drive.jpg 400w, https:\/\/www.usborkeychain.com\/wp-content\/uploads\/ColorTwist-USB-drive-300x300.jpg 300w, https:\/\/www.usborkeychain.com\/wp-content\/uploads\/ColorTwist-USB-drive-150x150.jpg 150w, https:\/\/www.usborkeychain.com\/wp-content\/uploads\/ColorTwist-USB-drive-12x12.jpg 12w, https:\/\/www.usborkeychain.com\/wp-content\/uploads\/ColorTwist-USB-drive-100x100.jpg 100w\" sizes=\"(max-width: 400px) 100vw, 400px\" \/><\/figure>\n<\/div>\n\n\n\n<div class=\"wp-block-column is-layout-flow wp-block-column-is-layout-flow\">\n<figure class=\"wp-block-image size-full\"><img alt=\"\" loading=\"lazy\" decoding=\"async\" width=\"400\" height=\"400\" src=\"https:\/\/www.usborkeychain.com\/wp-content\/uploads\/ChromaticKey-USB-drive.jpg\" class=\"wp-image-4276\" srcset=\"https:\/\/www.usborkeychain.com\/wp-content\/uploads\/ChromaticKey-USB-drive.jpg 400w, https:\/\/www.usborkeychain.com\/wp-content\/uploads\/ChromaticKey-USB-drive-300x300.jpg 300w, https:\/\/www.usborkeychain.com\/wp-content\/uploads\/ChromaticKey-USB-drive-150x150.jpg 150w, https:\/\/www.usborkeychain.com\/wp-content\/uploads\/ChromaticKey-USB-drive-12x12.jpg 12w, https:\/\/www.usborkeychain.com\/wp-content\/uploads\/ChromaticKey-USB-drive-100x100.jpg 100w\" sizes=\"(max-width: 400px) 100vw, 400px\" \/><\/figure>\n<\/div>\n<\/div>","protected":false},"excerpt":{"rendered":"<ul>\n<li>M\u00e1s populares<\/li>\n<li>Mini<\/li>\n<li>Rotaci\u00f3n<\/li>\n<li>Ultrafino<\/li>\n<li>MOQ:100PCS<\/li>\n<\/ul>","protected":false},"featured_media":4282,"comment_status":"open","ping_status":"closed","template":"","meta":{"_seopress_robots_primary_cat":"","_seopress_titles_title":"Most Popular Mini Rotating USB Drive;metal USB drive","_seopress_titles_desc":"","_seopress_robots_index":"","site-sidebar-layout":"default","site-content-layout":"","ast-site-content-layout":"","site-content-style":"default","site-sidebar-style":"default","ast-global-header-display":"","ast-banner-title-visibility":"","ast-main-header-display":"","ast-hfb-above-header-display":"","ast-hfb-below-header-display":"","ast-hfb-mobile-header-display":"","site-post-title":"","ast-breadcrumbs-content":"","ast-featured-img":"","footer-sml-layout":"","theme-transparent-header-meta":"","adv-header-id-meta":"","stick-header-meta":"","header-above-stick-meta":"","header-main-stick-meta":"","header-below-stick-meta":"","astra-migrate-meta-layouts":"default","ast-page-background-enabled":"default","ast-page-background-meta":{"desktop":{"background-color":"var(--ast-global-color-5)","background-image":"","background-repeat":"repeat","background-position":"center center","background-size":"auto","background-attachment":"scroll","background-type":"","background-media":"","overlay-type":"","overlay-color":"","overlay-opacity":"","overlay-gradient":""},"tablet":{"background-color":"","background-image":"","background-repeat":"repeat","background-position":"center center","background-size":"auto","background-attachment":"scroll","background-type":"","background-media":"","overlay-type":"","overlay-color":"","overlay-opacity":"","overlay-gradient":""},"mobile":{"background-color":"","background-image":"","background-repeat":"repeat","background-position":"center center","background-size":"auto","background-attachment":"scroll","background-type":"","background-media":"","overlay-type":"","overlay-color":"","overlay-opacity":"","overlay-gradient":""}},"ast-content-background-meta":{"desktop":{"background-color":"var(--ast-global-color-4)","background-image":"","background-repeat":"repeat","background-position":"center center","background-size":"auto","background-attachment":"scroll","background-type":"","background-media":"","overlay-type":"","overlay-color":"","overlay-opacity":"","overlay-gradient":""},"tablet":{"background-color":"var(--ast-global-color-4)","background-image":"","background-repeat":"repeat","background-position":"center center","background-size":"auto","background-attachment":"scroll","background-type":"","background-media":"","overlay-type":"","overlay-color":"","overlay-opacity":"","overlay-gradient":""},"mobile":{"background-color":"var(--ast-global-color-4)","background-image":"","background-repeat":"repeat","background-position":"center center","background-size":"auto","background-attachment":"scroll","background-type":"","background-media":"","overlay-type":"","overlay-color":"","overlay-opacity":"","overlay-gradient":""}}},"product_brand":[],"product_cat":[113],"product_tag":[406,198,252],"class_list":{"0":"post-4273","1":"product","2":"type-product","3":"status-publish","4":"has-post-thumbnail","6":"product_cat-mini-usb-pendrive","7":"product_tag-metal-swivel-usb-drive","8":"product_tag-mini-metal-usb-drive","9":"product_tag-mini-rotating-usb-drive","10":"desktop-align-left","11":"tablet-align-left","12":"mobile-align-left","14":"first","15":"instock","16":"shipping-taxable","17":"product-type-simple"},"_links":{"self":[{"href":"https:\/\/www.usborkeychain.com\/es\/wp-json\/wp\/v2\/product\/4273","targetHints":{"allow":["GET"]}}],"collection":[{"href":"https:\/\/www.usborkeychain.com\/es\/wp-json\/wp\/v2\/product"}],"about":[{"href":"https:\/\/www.usborkeychain.com\/es\/wp-json\/wp\/v2\/types\/product"}],"replies":[{"embeddable":true,"href":"https:\/\/www.usborkeychain.com\/es\/wp-json\/wp\/v2\/comments?post=4273"}],"wp:featuredmedia":[{"embeddable":true,"href":"https:\/\/www.usborkeychain.com\/es\/wp-json\/wp\/v2\/media\/4282"}],"wp:attachment":[{"href":"https:\/\/www.usborkeychain.com\/es\/wp-json\/wp\/v2\/media?parent=4273"}],"wp:term":[{"taxonomy":"product_brand","embeddable":true,"href":"https:\/\/www.usborkeychain.com\/es\/wp-json\/wp\/v2\/product_brand?post=4273"},{"taxonomy":"product_cat","embeddable":true,"href":"https:\/\/www.usborkeychain.com\/es\/wp-json\/wp\/v2\/product_cat?post=4273"},{"taxonomy":"product_tag","embeddable":true,"href":"https:\/\/www.usborkeychain.com\/es\/wp-json\/wp\/v2\/product_tag?post=4273"}],"curies":[{"name":"wp","href":"https:\/\/api.w.org\/{rel}","templated":true}]}}