{"id":4286,"date":"2025-07-21T15:02:16","date_gmt":"2025-07-21T15:02:16","guid":{"rendered":"https:\/\/www.usborkeychain.com\/?post_type=product&#038;p=4286"},"modified":"2025-07-23T23:50:35","modified_gmt":"2025-07-23T23:50:35","slug":"porsche-logo-usb-drive","status":"publish","type":"product","link":"https:\/\/www.usborkeychain.com\/es\/producto\/porsche-logo-usb-drive\/","title":{"rendered":"Memoria USB Logo Porsche"},"content":{"rendered":"<p><\/p>\n\n\n\n<div class=\"wp-block-columns is-layout-flex wp-container-core-columns-is-layout-28f84493 wp-block-columns-is-layout-flex\">\n<div class=\"wp-block-column is-layout-flow wp-block-column-is-layout-flow\">\n<figure class=\"wp-block-image size-full\"><img fetchpriority=\"high\" decoding=\"async\" width=\"800\" height=\"800\" src=\"https:\/\/www.usborkeychain.com\/wp-content\/uploads\/Porsche-Logo-USB-Drive.png\" alt=\"Porsche Logo USB Drive\" class=\"wp-image-4292\" srcset=\"https:\/\/www.usborkeychain.com\/wp-content\/uploads\/Porsche-Logo-USB-Drive.png 800w, https:\/\/www.usborkeychain.com\/wp-content\/uploads\/Porsche-Logo-USB-Drive-300x300.png 300w, https:\/\/www.usborkeychain.com\/wp-content\/uploads\/Porsche-Logo-USB-Drive-150x150.png 150w, https:\/\/www.usborkeychain.com\/wp-content\/uploads\/Porsche-Logo-USB-Drive-768x768.png 768w, https:\/\/www.usborkeychain.com\/wp-content\/uploads\/Porsche-Logo-USB-Drive-12x12.png 12w, https:\/\/www.usborkeychain.com\/wp-content\/uploads\/Porsche-Logo-USB-Drive-600x600.png 600w, https:\/\/www.usborkeychain.com\/wp-content\/uploads\/Porsche-Logo-USB-Drive-100x100.png 100w\" sizes=\"(max-width: 800px) 100vw, 800px\" \/><\/figure>\n<\/div>\n\n\n\n<div class=\"wp-block-column is-vertically-aligned-center is-layout-flow wp-block-column-is-layout-flow\">\n<p>S\u00edmbolo legendario de la industria de los supercoches, el ic\u00f3nico Porsche <strong>logotipo en forma de escudo<\/strong> (con un caballo rampante sobre fondo amarillo con rayas rojas, blancas y verdes) encarna la esencia de la velocidad y el lujo. <\/p>\n\n\n\n<p>En <strong>Memoria USB Logo Porsche<\/strong> es un <strong>R\u00e9plica a escala 1:1 de este logotipo<\/strong>transformando el t\u00f3tem de la marca en un dispositivo de almacenamiento port\u00e1til. <\/p>\n\n\n\n<p>Integra el encanto de Porsche en el trabajo y la vida cotidiana, por lo que es una opci\u00f3n ideal para los entusiastas del autom\u00f3vil y un regalo personalizado de primera calidad para las empresas.<\/p>\n<\/div>\n<\/div>\n\n\n\n<h2 class=\"wp-block-heading\">1. Dise\u00f1o del escudo en 2D, recuperando el logotipo cl\u00e1sico de Porsche<\/h2>\n\n\n\n<p>El logotipo de Porsche es, por naturaleza, un s\u00edmbolo visual poderoso. <strong>forma de escudo<\/strong> como identidad central de la marca. Esta memoria USB reproduce fielmente el logotipo en <strong>Dise\u00f1o plano 2D<\/strong>:<\/p>\n\n\n\n<ul class=\"wp-block-list\">\n<li><strong>Combinaci\u00f3n de colores<\/strong>: Una base de color amarillo brillante que evoca el tono cl\u00e1sico de la marca, combinada con un caballo negro, las letras \"S-F\" y las rayas rojas, blancas y verdes, crean un impacto visual impactante.<\/li>\n<\/ul>\n\n\n\n<ul class=\"wp-block-list\">\n<li><strong>L\u00f3gica de dise\u00f1o<\/strong>: Siguiendo estrictamente las proporciones del logotipo, se ha reproducido cada l\u00ednea y detalle del borde del escudo, lo que da la sensaci\u00f3n de tener en la mano un emblema de Porsche en miniatura.<\/li>\n<\/ul>\n\n\n\n<p>(Los fabricantes utilizan <strong>unidad USB con logotipo personalizado para manualidades<\/strong> para integrar perfectamente el s\u00edmbolo de la marca con los productos digitales, satisfaciendo las diversas necesidades de las empresas).<\/p>\n\n\n\n<h2 class=\"wp-block-heading\">2. Especificaciones b\u00e1sicas: Rendimiento y dise\u00f1o<\/h2>\n\n\n\n<p>\u200b<\/p>\n\n\n\n<figure class=\"wp-block-table\"><table class=\"has-fixed-layout\"><tbody><tr><td>Especificaci\u00f3n<\/td><td>Detalles<\/td><\/tr><tr><td>Tipo de interfaz<\/td><td>USB 2.0 (compatible con USB 1.1)<\/td><\/tr><tr><td>Opciones de almacenamiento<\/td><td>8GB \/ 16GB \/ 32GB \/ 64GB<\/td><\/tr><tr><td>Material<\/td><td>Goma blanda de PVC (no t\u00f3xica, resistente al desgaste y a prueba de ca\u00eddas)<\/td><\/tr><tr><td>Dimensiones<\/td><td>35 mm \u00d7 28 mm \u00d7 5 mm (proporciones aproximadas del logotipo)<\/td><\/tr><tr><td>Velocidad de lectura<\/td><td>Hasta 15 MB\/s (est\u00e1ndar USB 2.0)<\/td><\/tr><tr><td>Temperatura de funcionamiento<\/td><td>0\u2103~40\u2103 (estable en entornos cotidianos)<\/td><\/tr><tr><td>Apoyo a la personalizaci\u00f3n<\/td><td>Capacidad de almacenamiento, embalaje, LOGO grabado con l\u00e1ser<\/td><\/tr><\/tbody><\/table><\/figure>\n\n\n\n<p><\/p>\n\n\n\n<h2 class=\"wp-block-heading\">3. Moldeado personalizado de PVC, r\u00e9plica exacta de los detalles del logotipo<\/h2>\n\n\n\n<p>\u00bfC\u00f3mo se consigue la integraci\u00f3n \"logo-como-USB\"? Gracias a <strong>tecnolog\u00eda de moldeo a medida<\/strong>:<\/p>\n\n\n\n<ol start=\"1\" class=\"wp-block-list\">\n<li><strong>Desarrollo de moldes<\/strong>: Los fabricantes crean moldes exclusivos basados en los gr\u00e1ficos vectoriales del logotipo de Porsche, garantizando 100% la alineaci\u00f3n con la forma del escudo y las proporciones del patr\u00f3n.<\/li>\n<\/ol>\n\n\n\n<ol start=\"2\" class=\"wp-block-list\">\n<li><strong>Material Artesan\u00eda<\/strong>: Utilizaci\u00f3n de <strong>Moldeo por inyecci\u00f3n de caucho blando PVC<\/strong>Los colores amarillo y negro se forman mediante fundici\u00f3n a presi\u00f3n de una sola vez. Los logotipos y motivos se integran con el material base (no se imprimen despu\u00e9s), lo que evita que se decoloren o desgasten.<\/li>\n<\/ol>\n\n\n\n<ol start=\"3\" class=\"wp-block-list\">\n<li><strong>Dise\u00f1o de doble cara<\/strong>: La parte delantera muestra el logotipo completo, mientras que la trasera presenta un acabado amarillo s\u00f3lido, manteniendo un estilo unificado. Sirve tanto de unidad USB como de emblema coleccionable de la marca.<\/li>\n<\/ol>\n\n\n\n<div class=\"wp-block-columns is-layout-flex wp-container-core-columns-is-layout-28f84493 wp-block-columns-is-layout-flex\">\n<div class=\"wp-block-column is-layout-flow wp-block-column-is-layout-flow\">\n<figure class=\"wp-block-image size-full\"><img decoding=\"async\" width=\"800\" height=\"800\" src=\"https:\/\/www.usborkeychain.com\/wp-content\/uploads\/Porsche-Design-USB-Drive.png\" alt=\"Porsche Design USB Drive\" class=\"wp-image-4290\" srcset=\"https:\/\/www.usborkeychain.com\/wp-content\/uploads\/Porsche-Design-USB-Drive.png 800w, https:\/\/www.usborkeychain.com\/wp-content\/uploads\/Porsche-Design-USB-Drive-300x300.png 300w, https:\/\/www.usborkeychain.com\/wp-content\/uploads\/Porsche-Design-USB-Drive-150x150.png 150w, https:\/\/www.usborkeychain.com\/wp-content\/uploads\/Porsche-Design-USB-Drive-768x768.png 768w, https:\/\/www.usborkeychain.com\/wp-content\/uploads\/Porsche-Design-USB-Drive-12x12.png 12w, https:\/\/www.usborkeychain.com\/wp-content\/uploads\/Porsche-Design-USB-Drive-600x600.png 600w, https:\/\/www.usborkeychain.com\/wp-content\/uploads\/Porsche-Design-USB-Drive-100x100.png 100w\" sizes=\"(max-width: 800px) 100vw, 800px\" \/><\/figure>\n<\/div>\n\n\n\n<div class=\"wp-block-column is-layout-flow wp-block-column-is-layout-flow\">\n<figure class=\"wp-block-image size-full\"><img decoding=\"async\" width=\"800\" height=\"800\" src=\"https:\/\/www.usborkeychain.com\/wp-content\/uploads\/Porsche-Panamera-G2-USB-Stick.png\" alt=\"Porsche Panamera G2 USB Stick\" class=\"wp-image-4293\" srcset=\"https:\/\/www.usborkeychain.com\/wp-content\/uploads\/Porsche-Panamera-G2-USB-Stick.png 800w, https:\/\/www.usborkeychain.com\/wp-content\/uploads\/Porsche-Panamera-G2-USB-Stick-300x300.png 300w, https:\/\/www.usborkeychain.com\/wp-content\/uploads\/Porsche-Panamera-G2-USB-Stick-150x150.png 150w, https:\/\/www.usborkeychain.com\/wp-content\/uploads\/Porsche-Panamera-G2-USB-Stick-768x768.png 768w, https:\/\/www.usborkeychain.com\/wp-content\/uploads\/Porsche-Panamera-G2-USB-Stick-12x12.png 12w, https:\/\/www.usborkeychain.com\/wp-content\/uploads\/Porsche-Panamera-G2-USB-Stick-600x600.png 600w, https:\/\/www.usborkeychain.com\/wp-content\/uploads\/Porsche-Panamera-G2-USB-Stick-100x100.png 100w\" sizes=\"(max-width: 800px) 100vw, 800px\" \/><\/figure>\n<\/div>\n<\/div>\n\n\n\n<h2 class=\"wp-block-heading\">4. Regalo preferido para eventos Porsche, potenciando la comunicaci\u00f3n de marca<\/h2>\n\n\n\n<p>Como <strong>regalo de empresa personalizado<\/strong>Esta unidad USB ofrece m\u00faltiples valores en los eventos de Porsche.<\/p>\n\n\n\n<ol start=\"1\" class=\"wp-block-list\">\n<li><strong>Recuerdos para el lanzamiento de nuevos productos<\/strong>: El dise\u00f1o cruzado \"logo + digital\" eleva el prestigio del evento, reforzando la imagen de marca \"luxury tech\".<\/li>\n<\/ol>\n\n\n\n<ol start=\"2\" class=\"wp-block-list\">\n<li><strong>Regalo para reuniones de distribuidores<\/strong>: Integrar el s\u00edmbolo de la marca en una herramienta pr\u00e1ctica refuerza el reconocimiento y la fidelidad de los socios a Porsche.<\/li>\n<\/ol>\n\n\n\n<ol start=\"3\" class=\"wp-block-list\">\n<li><strong>Beneficio para los clubes de propietarios<\/strong>: Como ventaja exclusiva para los socios, satisface el deseo de los aficionados de coleccionar art\u00edculos de la marca, manteniendo la fidelidad de los clientes.<\/li>\n<\/ol>\n\n\n\n<ol start=\"4\" class=\"wp-block-list\">\n<li><strong>Regalo promocional<\/strong>: Distribuido en exposiciones offline o eventos de prueba de conducci\u00f3n, garantiza una exposici\u00f3n continua de la marca a trav\u00e9s de escenarios de uso frecuente (oficina, coche).<\/li>\n<\/ol>\n\n\n\n<div class=\"wp-block-columns is-layout-flex wp-container-core-columns-is-layout-28f84493 wp-block-columns-is-layout-flex\">\n<div class=\"wp-block-column is-layout-flow wp-block-column-is-layout-flow\">\n<figure class=\"wp-block-image size-full\"><img loading=\"lazy\" decoding=\"async\" width=\"800\" height=\"800\" src=\"https:\/\/www.usborkeychain.com\/wp-content\/uploads\/Porsche-911-USB-Flash-Drive.png\" alt=\"Porsche 911 USB Flash Drive\" class=\"wp-image-4289\" srcset=\"https:\/\/www.usborkeychain.com\/wp-content\/uploads\/Porsche-911-USB-Flash-Drive.png 800w, https:\/\/www.usborkeychain.com\/wp-content\/uploads\/Porsche-911-USB-Flash-Drive-300x300.png 300w, https:\/\/www.usborkeychain.com\/wp-content\/uploads\/Porsche-911-USB-Flash-Drive-150x150.png 150w, https:\/\/www.usborkeychain.com\/wp-content\/uploads\/Porsche-911-USB-Flash-Drive-768x768.png 768w, https:\/\/www.usborkeychain.com\/wp-content\/uploads\/Porsche-911-USB-Flash-Drive-12x12.png 12w, https:\/\/www.usborkeychain.com\/wp-content\/uploads\/Porsche-911-USB-Flash-Drive-600x600.png 600w, https:\/\/www.usborkeychain.com\/wp-content\/uploads\/Porsche-911-USB-Flash-Drive-100x100.png 100w\" sizes=\"(max-width: 800px) 100vw, 800px\" \/><\/figure>\n<\/div>\n\n\n\n<div class=\"wp-block-column is-vertically-aligned-center is-layout-flow wp-block-column-is-layout-flow\">\n<p>En <strong>Memoria USB Logo Porsche<\/strong> combina <strong>\"s\u00edmbolo de marca + herramienta pr\u00e1ctica\"<\/strong>Logrando la replicaci\u00f3n 1:1 del logotipo mediante <strong>molduras a medida y artesan\u00eda en PVC<\/strong>. Responde a las necesidades de los coleccionistas al tiempo que ofrece a las empresas una <strong>soluci\u00f3n de regalo personalizable a granel que mejora la marca<\/strong>. <\/p>\n\n\n\n<p>Ya sea como <strong>golpe al por mayor de fabricantes<\/strong> o un exclusivo art\u00edculo corporativo personalizado, su dise\u00f1o compacto y exquisito garantiza que el encanto de Porsche persista en los escenarios cotidianos de los usuarios, sirviendo de puente digital entre la marca y su p\u00fablico.<\/p>\n<\/div>\n<\/div>\n\n\n\n<p><\/p>\n\n\n\n<p><\/p>","protected":false},"excerpt":{"rendered":"<ul>\n<li>Molde de PVC<\/li>\n<li>USB con logotipo<\/li>\n<li>Dise\u00f1o 2D<\/li>\n<li>Logotipo de la marca<\/li>\n<li>Forma personalizada<\/li>\n<\/ul>","protected":false},"featured_media":4292,"comment_status":"open","ping_status":"closed","template":"","meta":{"_seopress_robots_primary_cat":"","_seopress_titles_title":"","_seopress_titles_desc":"","_seopress_robots_index":"","site-sidebar-layout":"default","site-content-layout":"","ast-site-content-layout":"","site-content-style":"default","site-sidebar-style":"default","ast-global-header-display":"","ast-banner-title-visibility":"","ast-main-header-display":"","ast-hfb-above-header-display":"","ast-hfb-below-header-display":"","ast-hfb-mobile-header-display":"","site-post-title":"","ast-breadcrumbs-content":"","ast-featured-img":"","footer-sml-layout":"","theme-transparent-header-meta":"","adv-header-id-meta":"","stick-header-meta":"","header-above-stick-meta":"","header-main-stick-meta":"","header-below-stick-meta":"","astra-migrate-meta-layouts":"default","ast-page-background-enabled":"default","ast-page-background-meta":{"desktop":{"background-color":"var(--ast-global-color-5)","background-image":"","background-repeat":"repeat","background-position":"center center","background-size":"auto","background-attachment":"scroll","background-type":"","background-media":"","overlay-type":"","overlay-color":"","overlay-opacity":"","overlay-gradient":""},"tablet":{"background-color":"","background-image":"","background-repeat":"repeat","background-position":"center center","background-size":"auto","background-attachment":"scroll","background-type":"","background-media":"","overlay-type":"","overlay-color":"","overlay-opacity":"","overlay-gradient":""},"mobile":{"background-color":"","background-image":"","background-repeat":"repeat","background-position":"center center","background-size":"auto","background-attachment":"scroll","background-type":"","background-media":"","overlay-type":"","overlay-color":"","overlay-opacity":"","overlay-gradient":""}},"ast-content-background-meta":{"desktop":{"background-color":"var(--ast-global-color-4)","background-image":"","background-repeat":"repeat","background-position":"center center","background-size":"auto","background-attachment":"scroll","background-type":"","background-media":"","overlay-type":"","overlay-color":"","overlay-opacity":"","overlay-gradient":""},"tablet":{"background-color":"var(--ast-global-color-4)","background-image":"","background-repeat":"repeat","background-position":"center center","background-size":"auto","background-attachment":"scroll","background-type":"","background-media":"","overlay-type":"","overlay-color":"","overlay-opacity":"","overlay-gradient":""},"mobile":{"background-color":"var(--ast-global-color-4)","background-image":"","background-repeat":"repeat","background-position":"center center","background-size":"auto","background-attachment":"scroll","background-type":"","background-media":"","overlay-type":"","overlay-color":"","overlay-opacity":"","overlay-gradient":""}}},"product_brand":[],"product_cat":[94],"product_tag":[253],"class_list":{"0":"post-4286","1":"product","2":"type-product","3":"status-publish","4":"has-post-thumbnail","6":"product_cat-pvc-usb-pendrive","7":"product_tag-logo-usb-flash-drive","8":"desktop-align-left","9":"tablet-align-left","10":"mobile-align-left","12":"first","13":"instock","14":"shipping-taxable","15":"product-type-simple"},"_links":{"self":[{"href":"https:\/\/www.usborkeychain.com\/es\/wp-json\/wp\/v2\/product\/4286","targetHints":{"allow":["GET"]}}],"collection":[{"href":"https:\/\/www.usborkeychain.com\/es\/wp-json\/wp\/v2\/product"}],"about":[{"href":"https:\/\/www.usborkeychain.com\/es\/wp-json\/wp\/v2\/types\/product"}],"replies":[{"embeddable":true,"href":"https:\/\/www.usborkeychain.com\/es\/wp-json\/wp\/v2\/comments?post=4286"}],"wp:featuredmedia":[{"embeddable":true,"href":"https:\/\/www.usborkeychain.com\/es\/wp-json\/wp\/v2\/media\/4292"}],"wp:attachment":[{"href":"https:\/\/www.usborkeychain.com\/es\/wp-json\/wp\/v2\/media?parent=4286"}],"wp:term":[{"taxonomy":"product_brand","embeddable":true,"href":"https:\/\/www.usborkeychain.com\/es\/wp-json\/wp\/v2\/product_brand?post=4286"},{"taxonomy":"product_cat","embeddable":true,"href":"https:\/\/www.usborkeychain.com\/es\/wp-json\/wp\/v2\/product_cat?post=4286"},{"taxonomy":"product_tag","embeddable":true,"href":"https:\/\/www.usborkeychain.com\/es\/wp-json\/wp\/v2\/product_tag?post=4286"}],"curies":[{"name":"wp","href":"https:\/\/api.w.org\/{rel}","templated":true}]}}