{"id":4294,"date":"2025-07-21T15:10:54","date_gmt":"2025-07-21T15:10:54","guid":{"rendered":"https:\/\/www.usborkeychain.com\/?post_type=product&#038;p=4294"},"modified":"2025-07-21T23:45:15","modified_gmt":"2025-07-21T23:45:15","slug":"half-moon-triangle-hole-metal-key-usb-drive","status":"publish","type":"product","link":"https:\/\/www.usborkeychain.com\/es\/producto\/half-moon-triangle-hole-metal-key-usb-drive\/","title":{"rendered":"Medialuna Tri\u00e1ngulo Agujero Metal Llave USB Drive"},"content":{"rendered":"<div class=\"wp-block-columns is-layout-flex wp-container-core-columns-is-layout-28f84493 wp-block-columns-is-layout-flex\">\n<div class=\"wp-block-column is-layout-flow wp-block-column-is-layout-flow\">\n<figure class=\"wp-block-image size-full\"><img alt=\"\" fetchpriority=\"high\" decoding=\"async\" width=\"800\" height=\"800\" src=\"https:\/\/www.usborkeychain.com\/wp-content\/uploads\/Tri-Key-USB-drive.jpg\" class=\"wp-image-4300\" srcset=\"https:\/\/www.usborkeychain.com\/wp-content\/uploads\/Tri-Key-USB-drive.jpg 800w, https:\/\/www.usborkeychain.com\/wp-content\/uploads\/Tri-Key-USB-drive-300x300.jpg 300w, https:\/\/www.usborkeychain.com\/wp-content\/uploads\/Tri-Key-USB-drive-150x150.jpg 150w, https:\/\/www.usborkeychain.com\/wp-content\/uploads\/Tri-Key-USB-drive-768x768.jpg 768w, https:\/\/www.usborkeychain.com\/wp-content\/uploads\/Tri-Key-USB-drive-12x12.jpg 12w, https:\/\/www.usborkeychain.com\/wp-content\/uploads\/Tri-Key-USB-drive-600x600.jpg 600w, https:\/\/www.usborkeychain.com\/wp-content\/uploads\/Tri-Key-USB-drive-100x100.jpg 100w\" sizes=\"(max-width: 800px) 100vw, 800px\" \/><\/figure>\n<\/div>\n\n\n\n<div class=\"wp-block-column is-vertically-aligned-center is-layout-flow wp-block-column-is-layout-flow\">\n<p>Con su dise\u00f1o exclusivo y sus pr\u00e1cticas prestaciones, este <strong>media luna tri\u00e1ngulo agujero metal llave unidad USB<\/strong> se ha convertido en el centro de atenci\u00f3n de muchas personas.<\/p>\n\n\n\n<p> La carcasa de la llave USB met\u00e1lica con orificio triangular en forma de media luna est\u00e1 fabricada en su mayor parte mediante un proceso de moldeado integrado de fundici\u00f3n a presi\u00f3n de aleaci\u00f3n de zinc de alta precisi\u00f3n, con una excelente textura met\u00e1lica y una estructura firme y duradera. La superficie est\u00e1 tratada con arena de circ\u00f3n o chapado al vac\u00edo, con un tacto delicado y suave. Los bordes son redondeados sin esquinas afiladas, por lo que no lastimar\u00e1 las manos ni se enganchar\u00e1 en la ropa durante el uso diario. Es extremadamente peque\u00f1o y de dise\u00f1o exquisito, ligero y f\u00e1cil de transportar. <\/p>\n\n\n\n<p>El orificio triangular est\u00e1ndar en forma de media luna de la parte superior puede conectarse sin problemas a llaveros, cordones o mochilas, permitiendo que los datos importantes le sigan de cerca como una llave. El material met\u00e1lico le confiere un peso m\u00e1s s\u00f3lido y una presentaci\u00f3n visual de gama alta que las unidades USB de pl\u00e1stico. No s\u00f3lo es una herramienta pr\u00e1ctica, sino tambi\u00e9n un accesorio de buen gusto.<\/p>\n<\/div>\n<\/div>\n\n\n\n<h2 class=\"wp-block-heading\">Par\u00e1metros de la unidad USB<\/h2>\n\n\n\n<figure class=\"wp-block-table\"><table class=\"has-fixed-layout\"><thead><tr><th>Categor\u00eda de par\u00e1metros<\/th><th>Contenido espec\u00edfico<\/th><\/tr><\/thead><tbody><tr><td>Tipo de interfaz<\/td><td>USB 2.0, USB 3.0\/3.1<\/td><\/tr><tr><td>Capacidad de almacenamiento<\/td><td>4GB, 8GB, 16GB, 32GB, 64GB, 128GB<\/td><\/tr><tr><td>Tama\u00f1o del producto (longitud * anchura * grosor)<\/td><td>30 mm x 15 mm x 5 mm<\/td><\/tr><tr><td>Peso<\/td><td>Aproximadamente 10 - 20 g<\/td><\/tr><\/tbody><\/table><\/figure>\n\n\n\n<h2 class=\"wp-block-heading\">\u00bfSe puede personalizar?<\/h2>\n\n\n\n<div class=\"wp-block-columns is-layout-flex wp-container-core-columns-is-layout-28f84493 wp-block-columns-is-layout-flex\">\n<div class=\"wp-block-column is-vertically-aligned-center is-layout-flow wp-block-column-is-layout-flow\">\n<p>Esta unidad USB admite personalizaci\u00f3n. Los contenidos personalizables son los siguientes:<\/p>\n\n\n\n<ul class=\"wp-block-list\">\n<li>Personalizaci\u00f3n del logotipo: Tanto si se trata de un logotipo corporativo como de un logotipo personal exclusivo, puede imprimirse en la superficie de la unidad USB mediante grabado l\u00e1ser, serigraf\u00eda, impresi\u00f3n en color y otros m\u00e9todos. Por ejemplo, cuando las empresas hacen regalos, grabar el logotipo de la empresa en \u00e9l es pr\u00e1ctico y \u00fatil para la promoci\u00f3n de la marca.<\/li>\n\n\n\n<li>Personalizaci\u00f3n del dise\u00f1o: Los personajes de anime favoritos, im\u00e1genes de paisajes, dibujos de dise\u00f1os creativos, etc., se pueden personalizar en la unidad USB siempre que cumplan los requisitos de producci\u00f3n, lo que convierte a la unidad USB en una \"obra de arte\" \u00fanica.<\/li>\n<\/ul>\n<\/div>\n\n\n\n<div class=\"wp-block-column is-layout-flow wp-block-column-is-layout-flow\">\n<figure class=\"wp-block-image size-full\"><img alt=\"\" decoding=\"async\" width=\"800\" height=\"800\" src=\"https:\/\/www.usborkeychain.com\/wp-content\/uploads\/KeyPort-USB-Drive.jpg\" class=\"wp-image-4298\" srcset=\"https:\/\/www.usborkeychain.com\/wp-content\/uploads\/KeyPort-USB-Drive.jpg 800w, https:\/\/www.usborkeychain.com\/wp-content\/uploads\/KeyPort-USB-Drive-300x300.jpg 300w, https:\/\/www.usborkeychain.com\/wp-content\/uploads\/KeyPort-USB-Drive-150x150.jpg 150w, https:\/\/www.usborkeychain.com\/wp-content\/uploads\/KeyPort-USB-Drive-768x768.jpg 768w, https:\/\/www.usborkeychain.com\/wp-content\/uploads\/KeyPort-USB-Drive-12x12.jpg 12w, https:\/\/www.usborkeychain.com\/wp-content\/uploads\/KeyPort-USB-Drive-600x600.jpg 600w, https:\/\/www.usborkeychain.com\/wp-content\/uploads\/KeyPort-USB-Drive-100x100.jpg 100w\" sizes=\"(max-width: 800px) 100vw, 800px\" \/><\/figure>\n<\/div>\n<\/div>\n\n\n\n<h2 class=\"wp-block-heading\">\u00bfQu\u00e9 le parece la claridad de los patrones personalizados?<\/h2>\n\n\n\n<div class=\"wp-block-columns is-layout-flex wp-container-core-columns-is-layout-28f84493 wp-block-columns-is-layout-flex\">\n<div class=\"wp-block-column is-layout-flow wp-block-column-is-layout-flow\">\n<figure class=\"wp-block-image size-full\"><img alt=\"\" decoding=\"async\" width=\"800\" height=\"800\" src=\"https:\/\/www.usborkeychain.com\/wp-content\/uploads\/MetaTri-USB-drive.jpg\" class=\"wp-image-4299\" srcset=\"https:\/\/www.usborkeychain.com\/wp-content\/uploads\/MetaTri-USB-drive.jpg 800w, https:\/\/www.usborkeychain.com\/wp-content\/uploads\/MetaTri-USB-drive-300x300.jpg 300w, https:\/\/www.usborkeychain.com\/wp-content\/uploads\/MetaTri-USB-drive-150x150.jpg 150w, https:\/\/www.usborkeychain.com\/wp-content\/uploads\/MetaTri-USB-drive-768x768.jpg 768w, https:\/\/www.usborkeychain.com\/wp-content\/uploads\/MetaTri-USB-drive-12x12.jpg 12w, https:\/\/www.usborkeychain.com\/wp-content\/uploads\/MetaTri-USB-drive-600x600.jpg 600w, https:\/\/www.usborkeychain.com\/wp-content\/uploads\/MetaTri-USB-drive-100x100.jpg 100w\" sizes=\"(max-width: 800px) 100vw, 800px\" \/><\/figure>\n<\/div>\n\n\n\n<div class=\"wp-block-column is-vertically-aligned-center is-layout-flow wp-block-column-is-layout-flow\">\n<p>La carcasa de la unidad USB tiene un arco triangular en forma de media luna. Cuando se imprimen o graban patrones en la superficie del arco, las partes de los bordes pueden presentar una ligera deformaci\u00f3n y borrosidad. <\/p>\n\n\n\n<p>Sin embargo, con la madura tecnolog\u00eda actual, como el grabado l\u00e1ser de alta precisi\u00f3n y la impresi\u00f3n UV en color (procesos resistentes al desgaste como la tinta UV alemana), el impacto puede minimizarse. <\/p>\n\n\n\n<p>Siempre que el proyecto de dise\u00f1o sea claro y el fabricante de la personalizaci\u00f3n tenga buena mano de obra, el patr\u00f3n puede ser b\u00e1sicamente claro y hermoso, mostrando un buen efecto.<\/p>\n<\/div>\n<\/div>\n\n\n\n<h2 class=\"wp-block-heading\">\u00bfAfectar\u00e1 el dise\u00f1o a la velocidad de lectura y escritura?<\/h2>\n\n\n\n<p>Aunque la forma de la llave es \u00fanica, la interfaz USB est\u00e1 completamente expuesta sin ning\u00fan tipo de bloqueo y puede insertarse directamente en el ordenador. Su chipset interno y su interfaz son los mismos que los de las unidades USB convencionales, y el rendimiento de la transmisi\u00f3n de datos depende por completo del esquema de chip adoptado y del l\u00edmite de velocidad est\u00e1ndar de la propia interfaz USB 2.0. La carcasa met\u00e1lica y el dise\u00f1o en forma de ojo de cerradura no afectan negativamente a la disipaci\u00f3n del calor ni a las se\u00f1ales, por lo que los usuarios no tienen que preocuparse de que la velocidad se vea afectada por la forma.<\/p>\n\n\n\n<h2 class=\"wp-block-heading\">\u00bfPara qu\u00e9 empresas como regalo?<\/h2>\n\n\n\n<div class=\"wp-block-columns is-layout-flex wp-container-core-columns-is-layout-28f84493 wp-block-columns-is-layout-flex\">\n<div class=\"wp-block-column is-layout-flow wp-block-column-is-layout-flow\">\n<figure class=\"wp-block-image size-full\"><img alt=\"\" loading=\"lazy\" decoding=\"async\" width=\"800\" height=\"800\" src=\"https:\/\/www.usborkeychain.com\/wp-content\/uploads\/HoleArc-USB-drive.jpg\" class=\"wp-image-4297\" srcset=\"https:\/\/www.usborkeychain.com\/wp-content\/uploads\/HoleArc-USB-drive.jpg 800w, https:\/\/www.usborkeychain.com\/wp-content\/uploads\/HoleArc-USB-drive-300x300.jpg 300w, https:\/\/www.usborkeychain.com\/wp-content\/uploads\/HoleArc-USB-drive-150x150.jpg 150w, https:\/\/www.usborkeychain.com\/wp-content\/uploads\/HoleArc-USB-drive-768x768.jpg 768w, https:\/\/www.usborkeychain.com\/wp-content\/uploads\/HoleArc-USB-drive-12x12.jpg 12w, https:\/\/www.usborkeychain.com\/wp-content\/uploads\/HoleArc-USB-drive-600x600.jpg 600w, https:\/\/www.usborkeychain.com\/wp-content\/uploads\/HoleArc-USB-drive-100x100.jpg 100w\" sizes=\"(max-width: 800px) 100vw, 800px\" \/><\/figure>\n<\/div>\n\n\n\n<div class=\"wp-block-column is-vertically-aligned-center is-layout-flow wp-block-column-is-layout-flow\">\n<ul class=\"wp-block-list\">\n<li>Instituciones financieras (bancos\/seguros\/valores): Transmitir la imagen profesional de \"seguridad, fiabilidad y la llave de la riqueza\".<\/li>\n\n\n\n<li>Empresas de tecnolog\u00eda e Internet: Reflejan los atributos tecnol\u00f3gicos de \"conexi\u00f3n, datos y herramientas eficaces\".<\/li>\n\n\n\n<li>Marcas\/servicios de autom\u00f3viles de gama alta: Combinar el concepto de \"llaves\" para profundizar en la asociaci\u00f3n de marca.<\/li>\n\n\n\n<li>Empresas inmobiliarias: Sirven como regalos creativos que simbolizan \"abrir una vida de calidad\".<\/li>\n\n\n\n<li>Instituciones de servicios de consultor\u00eda\/educaci\u00f3n: Simbolizan \"la llave del conocimiento\/soluciones\".<\/li>\n\n\n\n<li>Exposiciones diversas\/actos a gran escala: Regalos pr\u00e1cticos con informaci\u00f3n prealmacenada para una exposici\u00f3n a largo plazo.<\/li>\n\n\n\n<li>Cadenas minoristas y de restauraci\u00f3n: Regalos para clientes VIP\/art\u00edculos de canje de promociones para aumentar la fidelidad de los clientes.<\/li>\n\n\n\n<li>Proveedores de accesorios para productos electr\u00f3nicos de gama alta: Enriquecer la l\u00ednea de productos accesorios para satisfacer las necesidades de almacenamiento exquisito.<\/li>\n<\/ul>\n<\/div>\n<\/div>\n\n\n\n<p>En <strong>media luna tri\u00e1ngulo agujero metal llave unidad USB<\/strong> tiene las ventajas de robustez, portabilidad y buena disipaci\u00f3n del calor gracias a su material met\u00e1lico. Sus numerosos par\u00e1metros pueden satisfacer diferentes necesidades de almacenamiento, y tambi\u00e9n admite la personalizaci\u00f3n para crear logotipos exclusivos. Ya sea para el almacenamiento diario personal o como regalo personalizado o art\u00edculo promocional para empresas, su rendimiento es excelente, tendiendo un puente pr\u00e1ctico e interesante entre el almacenamiento digital y la comunicaci\u00f3n de marca, y merece la pena probarlo.<\/p>","protected":false},"excerpt":{"rendered":"<ul>\n<li><strong>media luna <\/strong><\/li>\n<li><strong>agujero triangular<\/strong><\/li>\n<li><strong>\u00a0metal<\/strong><\/li>\n<li>aleaci\u00f3n de zinc de alta precisi\u00f3n<\/li>\n<li>MOQ\uff1a100PCS<\/li>\n<\/ul>","protected":false},"featured_media":4300,"comment_status":"open","ping_status":"closed","template":"","meta":{"_seopress_robots_primary_cat":"none","_seopress_titles_title":"","_seopress_titles_desc":"","_seopress_robots_index":"","site-sidebar-layout":"default","site-content-layout":"","ast-site-content-layout":"","site-content-style":"default","site-sidebar-style":"default","ast-global-header-display":"","ast-banner-title-visibility":"","ast-main-header-display":"","ast-hfb-above-header-display":"","ast-hfb-below-header-display":"","ast-hfb-mobile-header-display":"","site-post-title":"","ast-breadcrumbs-content":"","ast-featured-img":"","footer-sml-layout":"","theme-transparent-header-meta":"","adv-header-id-meta":"","stick-header-meta":"","header-above-stick-meta":"","header-main-stick-meta":"","header-below-stick-meta":"","astra-migrate-meta-layouts":"default","ast-page-background-enabled":"default","ast-page-background-meta":{"desktop":{"background-color":"var(--ast-global-color-5)","background-image":"","background-repeat":"repeat","background-position":"center center","background-size":"auto","background-attachment":"scroll","background-type":"","background-media":"","overlay-type":"","overlay-color":"","overlay-opacity":"","overlay-gradient":""},"tablet":{"background-color":"","background-image":"","background-repeat":"repeat","background-position":"center center","background-size":"auto","background-attachment":"scroll","background-type":"","background-media":"","overlay-type":"","overlay-color":"","overlay-opacity":"","overlay-gradient":""},"mobile":{"background-color":"","background-image":"","background-repeat":"repeat","background-position":"center center","background-size":"auto","background-attachment":"scroll","background-type":"","background-media":"","overlay-type":"","overlay-color":"","overlay-opacity":"","overlay-gradient":""}},"ast-content-background-meta":{"desktop":{"background-color":"var(--ast-global-color-4)","background-image":"","background-repeat":"repeat","background-position":"center center","background-size":"auto","background-attachment":"scroll","background-type":"","background-media":"","overlay-type":"","overlay-color":"","overlay-opacity":"","overlay-gradient":""},"tablet":{"background-color":"var(--ast-global-color-4)","background-image":"","background-repeat":"repeat","background-position":"center center","background-size":"auto","background-attachment":"scroll","background-type":"","background-media":"","overlay-type":"","overlay-color":"","overlay-opacity":"","overlay-gradient":""},"mobile":{"background-color":"var(--ast-global-color-4)","background-image":"","background-repeat":"repeat","background-position":"center center","background-size":"auto","background-attachment":"scroll","background-type":"","background-media":"","overlay-type":"","overlay-color":"","overlay-opacity":"","overlay-gradient":""}}},"product_brand":[],"product_cat":[108],"product_tag":[254,255],"class_list":{"0":"post-4294","1":"product","2":"type-product","3":"status-publish","4":"has-post-thumbnail","6":"product_cat-key-shaped-usb-pendrive","7":"product_tag-half-moon-triangle-hole-metal-key-usb-drive","8":"product_tag-metal-key-usb-drive","9":"desktop-align-left","10":"tablet-align-left","11":"mobile-align-left","13":"first","14":"instock","15":"shipping-taxable","16":"product-type-simple"},"_links":{"self":[{"href":"https:\/\/www.usborkeychain.com\/es\/wp-json\/wp\/v2\/product\/4294","targetHints":{"allow":["GET"]}}],"collection":[{"href":"https:\/\/www.usborkeychain.com\/es\/wp-json\/wp\/v2\/product"}],"about":[{"href":"https:\/\/www.usborkeychain.com\/es\/wp-json\/wp\/v2\/types\/product"}],"replies":[{"embeddable":true,"href":"https:\/\/www.usborkeychain.com\/es\/wp-json\/wp\/v2\/comments?post=4294"}],"wp:featuredmedia":[{"embeddable":true,"href":"https:\/\/www.usborkeychain.com\/es\/wp-json\/wp\/v2\/media\/4300"}],"wp:attachment":[{"href":"https:\/\/www.usborkeychain.com\/es\/wp-json\/wp\/v2\/media?parent=4294"}],"wp:term":[{"taxonomy":"product_brand","embeddable":true,"href":"https:\/\/www.usborkeychain.com\/es\/wp-json\/wp\/v2\/product_brand?post=4294"},{"taxonomy":"product_cat","embeddable":true,"href":"https:\/\/www.usborkeychain.com\/es\/wp-json\/wp\/v2\/product_cat?post=4294"},{"taxonomy":"product_tag","embeddable":true,"href":"https:\/\/www.usborkeychain.com\/es\/wp-json\/wp\/v2\/product_tag?post=4294"}],"curies":[{"name":"wp","href":"https:\/\/api.w.org\/{rel}","templated":true}]}}