{"id":4301,"date":"2025-07-21T15:49:11","date_gmt":"2025-07-21T15:49:11","guid":{"rendered":"https:\/\/www.usborkeychain.com\/?post_type=product&#038;p=4301"},"modified":"2025-07-21T23:45:23","modified_gmt":"2025-07-21T23:45:23","slug":"house-shaped-key-usb-drive","status":"publish","type":"product","link":"https:\/\/www.usborkeychain.com\/es\/producto\/house-shaped-key-usb-drive\/","title":{"rendered":"Llave met\u00e1lica con forma de casa Memoria USB"},"content":{"rendered":"<div class=\"wp-block-columns is-layout-flex wp-container-core-columns-is-layout-28f84493 wp-block-columns-is-layout-flex\">\n<div class=\"wp-block-column is-layout-flow wp-block-column-is-layout-flow\">\n<figure class=\"wp-block-image size-full\"><img alt=\"\" fetchpriority=\"high\" decoding=\"async\" width=\"800\" height=\"800\" src=\"https:\/\/www.usborkeychain.com\/wp-content\/uploads\/HouseArc-USB-drive.jpg\" class=\"wp-image-4306\" srcset=\"https:\/\/www.usborkeychain.com\/wp-content\/uploads\/HouseArc-USB-drive.jpg 800w, https:\/\/www.usborkeychain.com\/wp-content\/uploads\/HouseArc-USB-drive-300x300.jpg 300w, https:\/\/www.usborkeychain.com\/wp-content\/uploads\/HouseArc-USB-drive-150x150.jpg 150w, https:\/\/www.usborkeychain.com\/wp-content\/uploads\/HouseArc-USB-drive-768x768.jpg 768w, https:\/\/www.usborkeychain.com\/wp-content\/uploads\/HouseArc-USB-drive-12x12.jpg 12w, https:\/\/www.usborkeychain.com\/wp-content\/uploads\/HouseArc-USB-drive-600x600.jpg 600w, https:\/\/www.usborkeychain.com\/wp-content\/uploads\/HouseArc-USB-drive-100x100.jpg 100w\" sizes=\"(max-width: 800px) 100vw, 800px\" \/><\/figure>\n<\/div>\n\n\n\n<div class=\"wp-block-column is-vertically-aligned-center is-layout-flow wp-block-column-is-layout-flow\">\n<p>En <strong>Llave con forma de casa Unidad USB<\/strong> es de metal, normalmente acero inoxidable de alta calidad o aleaci\u00f3n de zinc. Utiliza <strong>inoxidable 304<\/strong> acero como material principal, que tiene una excelente dureza, resistencia a la corrosi\u00f3n y resistencia a la oxidaci\u00f3n. <\/p>\n\n\n\n<p>No es f\u00e1cil que se deforme o desti\u00f1a tras un uso prolongado. El exclusivo tratamiento de textura de dibujo de alambre en c\u00edrculos conc\u00e9ntricos de CD (o arena de circ\u00f3n) confiere al producto un delicado brillo y tacto met\u00e1licos, resaltando su exquisita calidad. Su dise\u00f1o ultrafino y ultraligero (consulte la tabla de par\u00e1metros para ver las dimensiones espec\u00edficas) lo hace ligero sin sensaci\u00f3n de peso, extremadamente c\u00f3modo de llevar.<\/p>\n\n\n\n<p> Adopta un dise\u00f1o sin controladores, compatible con los principales sistemas operativos (Windows, macOS, Linux, etc.). Se reconoce autom\u00e1ticamente cuando se inserta en la interfaz del dispositivo, por lo que su uso es sencillo y eficiente.<\/p>\n<\/div>\n<\/div>\n\n\n\n<h2 class=\"wp-block-heading\">Par\u00e1metros de la unidad USB<\/h2>\n\n\n\n<figure class=\"wp-block-table\"><table class=\"has-fixed-layout\"><thead><tr><th>Par\u00e1metro<\/th><th>Detalles<\/th><\/tr><\/thead><tbody><tr><td>Tipo de interfaz<\/td><td>USB 3.0 (compatible con USB 2.0)<\/td><\/tr><tr><td>Capacidad de almacenamiento<\/td><td>8GB, 16GB, 32GB, 64GB, 128GB<\/td><\/tr><tr><td>Tama\u00f1o del producto (longitud * anchura * grosor)<\/td><td>Aproximadamente 30 mm \u00d7 15 mm \u00d7 5 mm<\/td><\/tr><tr><td>Peso<\/td><td>Aproximadamente 10 - 20 gramos<\/td><\/tr><\/tbody><\/table><\/figure>\n\n\n\n<h2 class=\"wp-block-heading\">\u00bfQu\u00e9 se puede personalizar con un logotipo?<\/h2>\n\n\n\n<div class=\"wp-block-columns is-layout-flex wp-container-core-columns-is-layout-28f84493 wp-block-columns-is-layout-flex\">\n<div class=\"wp-block-column is-vertically-aligned-center is-layout-flow wp-block-column-is-layout-flow\">\n<h3 class=\"wp-block-heading\">Grabado por l\u00e1ser<\/h3>\n\n\n\n<p>Se trata de un m\u00e9todo muy utilizado. Utiliza el l\u00e1ser para grabar logotipos o dibujos en la superficie met\u00e1lica. La ventaja es que el grabado es duradero y no se desvanece f\u00e1cilmente, lo que puede crear una marca de moda y profesional.<\/p>\n\n\n\n<h3 class=\"wp-block-heading\">Serigraf\u00eda<\/h3>\n\n\n\n<p>Es adecuado para a\u00f1adir logotipos o motivos coloridos. La tinta se imprime en la superficie met\u00e1lica a trav\u00e9s de una pantalla de malla, que puede presentar dise\u00f1os vivos. Sin embargo, hay que tener en cuenta que su durabilidad es ligeramente inferior a la del grabado por l\u00e1ser, sobre todo cuando se frota con frecuencia.<\/p>\n\n\n\n<h3 class=\"wp-block-heading\">Impresi\u00f3n UV<\/h3>\n\n\n\n<p>Este proceso utiliza luz ultravioleta para curar la tinta inmediatamente despu\u00e9s de su aplicaci\u00f3n. Puede producir efectos de impresi\u00f3n de alta calidad y larga duraci\u00f3n, y puede ajustarse bien al contorno de la unidad USB con forma de casa, adecuada para hacer dise\u00f1os finos y coloridos.<\/p>\n<\/div>\n\n\n\n<div class=\"wp-block-column is-layout-flow wp-block-column-is-layout-flow\">\n<figure class=\"wp-block-image size-full\"><img alt=\"\" decoding=\"async\" width=\"800\" height=\"800\" src=\"https:\/\/www.usborkeychain.com\/wp-content\/uploads\/HomeKey-USB-drive.jpg\" class=\"wp-image-4305\" srcset=\"https:\/\/www.usborkeychain.com\/wp-content\/uploads\/HomeKey-USB-drive.jpg 800w, https:\/\/www.usborkeychain.com\/wp-content\/uploads\/HomeKey-USB-drive-300x300.jpg 300w, https:\/\/www.usborkeychain.com\/wp-content\/uploads\/HomeKey-USB-drive-150x150.jpg 150w, https:\/\/www.usborkeychain.com\/wp-content\/uploads\/HomeKey-USB-drive-768x768.jpg 768w, https:\/\/www.usborkeychain.com\/wp-content\/uploads\/HomeKey-USB-drive-12x12.jpg 12w, https:\/\/www.usborkeychain.com\/wp-content\/uploads\/HomeKey-USB-drive-600x600.jpg 600w, https:\/\/www.usborkeychain.com\/wp-content\/uploads\/HomeKey-USB-drive-100x100.jpg 100w\" sizes=\"(max-width: 800px) 100vw, 800px\" \/><\/figure>\n<\/div>\n<\/div>\n\n\n\n<h2 class=\"wp-block-heading\">\u00bfCu\u00e1les son las ventajas de esta unidad USB?<\/h2>\n\n\n\n<div class=\"wp-block-columns is-layout-flex wp-container-core-columns-is-layout-28f84493 wp-block-columns-is-layout-flex\">\n<div class=\"wp-block-column is-layout-flow wp-block-column-is-layout-flow\">\n<figure class=\"wp-block-image size-full\"><img alt=\"\" decoding=\"async\" width=\"800\" height=\"800\" src=\"https:\/\/www.usborkeychain.com\/wp-content\/uploads\/HomeFlash-Mini-USB.jpg\" class=\"wp-image-4304\" srcset=\"https:\/\/www.usborkeychain.com\/wp-content\/uploads\/HomeFlash-Mini-USB.jpg 800w, https:\/\/www.usborkeychain.com\/wp-content\/uploads\/HomeFlash-Mini-USB-300x300.jpg 300w, https:\/\/www.usborkeychain.com\/wp-content\/uploads\/HomeFlash-Mini-USB-150x150.jpg 150w, https:\/\/www.usborkeychain.com\/wp-content\/uploads\/HomeFlash-Mini-USB-768x768.jpg 768w, https:\/\/www.usborkeychain.com\/wp-content\/uploads\/HomeFlash-Mini-USB-12x12.jpg 12w, https:\/\/www.usborkeychain.com\/wp-content\/uploads\/HomeFlash-Mini-USB-600x600.jpg 600w, https:\/\/www.usborkeychain.com\/wp-content\/uploads\/HomeFlash-Mini-USB-100x100.jpg 100w\" sizes=\"(max-width: 800px) 100vw, 800px\" \/><\/figure>\n<\/div>\n\n\n\n<div class=\"wp-block-column is-vertically-aligned-center is-layout-flow wp-block-column-is-layout-flow\">\n<h3 class=\"wp-block-heading\">Atractivo est\u00e9tico \u00fanico<\/h3>\n\n\n\n<p>La forma de la casa hace que su aspecto sea \u00fanico y memorable. No es s\u00f3lo un dispositivo de almacenamiento de datos, sino tambi\u00e9n un peque\u00f1o accesorio decorativo. Tanto si se cuelga de una llave como si se utiliza como regalo, su dise\u00f1o \u00fanico resulta muy llamativo.<\/p>\n\n\n\n<h3 class=\"wp-block-heading\">Fuerte compatibilidad<\/h3>\n\n\n\n<p>Se puede adaptar a una gran variedad de dispositivos, incluidos ordenadores (son aplicables tanto los sistemas Windows como Mac), port\u00e1tiles y algunos televisores inteligentes compatibles con dispositivos USB. Puedes utilizarlo para reproducir archivos multimedia en el televisor o transferir datos f\u00e1cilmente entre distintos dispositivos.<\/p>\n\n\n\n<h3 class=\"wp-block-heading\">Cierto grado de seguridad de los datos<\/h3>\n\n\n\n<p>La carcasa met\u00e1lica puede proporcionar cierta protecci\u00f3n f\u00edsica a los datos. Aunque no puede sustituir a un cifrado de datos adecuado, puede evitar la p\u00e9rdida de datos causada por da\u00f1os accidentales en la unidad USB.<\/p>\n<\/div>\n<\/div>\n\n\n\n<h2 class=\"wp-block-heading\">\u00bfY el rendimiento y la durabilidad?<\/h2>\n\n\n\n<div class=\"wp-block-columns is-layout-flex wp-container-core-columns-is-layout-28f84493 wp-block-columns-is-layout-flex\">\n<div class=\"wp-block-column is-vertically-aligned-center is-layout-flow wp-block-column-is-layout-flow\">\n<h3 class=\"wp-block-heading\">Durabilidad de la interfaz desprotegida<\/h3>\n\n\n\n<p>La interfaz no tiene cubierta protectora, lo que la hace un poco fr\u00e1gil. Sin embargo, el material met\u00e1lico que rodea la interfaz puede proporcionar cierta protecci\u00f3n. Para reducir los da\u00f1os, puede hacer lo siguiente:<\/p>\n\n\n\n<ul class=\"wp-block-list\">\n<li>Evita poner la unidad USB y objetos punzantes en el mismo bolsillo o bolso para no rayar la interfaz.<\/li>\n\n\n\n<li>Cuando no lo utilices durante mucho tiempo, gu\u00e1rdalo en un lugar limpio y seco.<\/li>\n<\/ul>\n<\/div>\n\n\n\n<div class=\"wp-block-column is-layout-flow wp-block-column-is-layout-flow\">\n<figure class=\"wp-block-image size-full\"><img alt=\"\" loading=\"lazy\" decoding=\"async\" width=\"800\" height=\"800\" src=\"https:\/\/www.usborkeychain.com\/wp-content\/uploads\/Houseshaped-USB-Drive.jpg\" class=\"wp-image-4307\" srcset=\"https:\/\/www.usborkeychain.com\/wp-content\/uploads\/Houseshaped-USB-Drive.jpg 800w, https:\/\/www.usborkeychain.com\/wp-content\/uploads\/Houseshaped-USB-Drive-300x300.jpg 300w, https:\/\/www.usborkeychain.com\/wp-content\/uploads\/Houseshaped-USB-Drive-150x150.jpg 150w, https:\/\/www.usborkeychain.com\/wp-content\/uploads\/Houseshaped-USB-Drive-768x768.jpg 768w, https:\/\/www.usborkeychain.com\/wp-content\/uploads\/Houseshaped-USB-Drive-12x12.jpg 12w, https:\/\/www.usborkeychain.com\/wp-content\/uploads\/Houseshaped-USB-Drive-600x600.jpg 600w, https:\/\/www.usborkeychain.com\/wp-content\/uploads\/Houseshaped-USB-Drive-100x100.jpg 100w\" sizes=\"(max-width: 800px) 100vw, 800px\" \/><\/figure>\n<\/div>\n<\/div>\n\n\n\n<h2 class=\"wp-block-heading\">\u00bfPara qu\u00e9 empresas es adecuado como regalo promocional?<\/h2>\n\n\n\n<div class=\"wp-block-columns is-layout-flex wp-container-core-columns-is-layout-28f84493 wp-block-columns-is-layout-flex\">\n<div class=\"wp-block-column is-vertically-aligned-center is-layout-flow wp-block-column-is-layout-flow\">\n<figure class=\"wp-block-image size-full\"><img alt=\"\" loading=\"lazy\" decoding=\"async\" width=\"800\" height=\"800\" src=\"https:\/\/www.usborkeychain.com\/wp-content\/uploads\/MetalHome-USB-drive.jpg\" class=\"wp-image-4308\" srcset=\"https:\/\/www.usborkeychain.com\/wp-content\/uploads\/MetalHome-USB-drive.jpg 800w, https:\/\/www.usborkeychain.com\/wp-content\/uploads\/MetalHome-USB-drive-300x300.jpg 300w, https:\/\/www.usborkeychain.com\/wp-content\/uploads\/MetalHome-USB-drive-150x150.jpg 150w, https:\/\/www.usborkeychain.com\/wp-content\/uploads\/MetalHome-USB-drive-768x768.jpg 768w, https:\/\/www.usborkeychain.com\/wp-content\/uploads\/MetalHome-USB-drive-12x12.jpg 12w, https:\/\/www.usborkeychain.com\/wp-content\/uploads\/MetalHome-USB-drive-600x600.jpg 600w, https:\/\/www.usborkeychain.com\/wp-content\/uploads\/MetalHome-USB-drive-100x100.jpg 100w\" sizes=\"(max-width: 800px) 100vw, 800px\" \/><\/figure>\n<\/div>\n\n\n\n<div class=\"wp-block-column is-layout-flow wp-block-column-is-layout-flow\">\n<h3 class=\"wp-block-heading\">Empresas inmobiliarias<\/h3>\n\n\n\n<p>La forma de casa es muy adecuada para empresas inmobiliarias. Puede personalizar el logotipo de la empresa y utilizarla como regalo promocional para los nuevos compradores de viviendas o distribuirla en exposiciones inmobiliarias. Simboliza el \"hogar\" y puede dejar una profunda impresi\u00f3n en los clientes.<\/p>\n\n\n\n<h3 class=\"wp-block-heading\">Empresas de dise\u00f1o de interiores<\/h3>\n\n\n\n<p>Estas empresas pueden utilizar la unidad USB con forma de casa para guardar su cartera (esquemas de dise\u00f1o, fotos de antes y despu\u00e9s, etc.) y regal\u00e1rsela a los clientes. La forma \u00fanica es coherente con su negocio de crear casas y espacios interiores bonitos.<\/p>\n\n\n\n<h3 class=\"wp-block-heading\">Marcas de electrodom\u00e9sticos<\/h3>\n\n\n\n<p>A la hora de promocionar nuevos electrodom\u00e9sticos, regalar este tipo de memorias USB es un excelente m\u00e9todo de marketing. La forma de casa se asocia al concepto de \"hogar\", y los electrodom\u00e9sticos se utilizan en \"casa\".<\/p>\n<\/div>\n<\/div>\n\n\n\n<p>En <strong>inoxidable 304 en forma de casa<\/strong> <strong>llave de acero unidad USB<\/strong> destaca en el altamente competitivo mercado de los regalos de empresa por su implicaci\u00f3n \u00fanica (hogar), su ultrafino y ligero peso (s\u00f3lo 3 mm de grosor), su r\u00e1pida transmisi\u00f3n USB 3.0 y su duradero dise\u00f1o de interfaz sin tapa. No s\u00f3lo es una herramienta de almacenamiento de datos fiable y eficaz (con velocidades de lectura y escritura de 80-120 MB\/s para lectura y 20-50 MB\/s para escritura), sino tambi\u00e9n un excelente regalo promocional y de imagen hecho a medida para sectores relacionados con el \"hogar\", como el inmobiliario, el de la decoraci\u00f3n y el financiero, por su profunda conexi\u00f3n emocional (simbolizada por la casa) y su exquisita textura met\u00e1lica.<\/p>","protected":false},"excerpt":{"rendered":"<ul>\n<li>inoxidable 304<\/li>\n<li>Forma de la llave de casa<\/li>\n<li>Material met\u00e1lico<\/li>\n<li>MOQ\uff1a100PCS<\/li>\n<li>Logotipo personalizado<\/li>\n<\/ul>","protected":false},"featured_media":4304,"comment_status":"open","ping_status":"closed","template":"","meta":{"_seopress_robots_primary_cat":"none","_seopress_titles_title":"","_seopress_titles_desc":"","_seopress_robots_index":"","site-sidebar-layout":"default","site-content-layout":"","ast-site-content-layout":"","site-content-style":"default","site-sidebar-style":"default","ast-global-header-display":"","ast-banner-title-visibility":"","ast-main-header-display":"","ast-hfb-above-header-display":"","ast-hfb-below-header-display":"","ast-hfb-mobile-header-display":"","site-post-title":"","ast-breadcrumbs-content":"","ast-featured-img":"","footer-sml-layout":"","theme-transparent-header-meta":"","adv-header-id-meta":"","stick-header-meta":"","header-above-stick-meta":"","header-main-stick-meta":"","header-below-stick-meta":"","astra-migrate-meta-layouts":"default","ast-page-background-enabled":"default","ast-page-background-meta":{"desktop":{"background-color":"var(--ast-global-color-5)","background-image":"","background-repeat":"repeat","background-position":"center center","background-size":"auto","background-attachment":"scroll","background-type":"","background-media":"","overlay-type":"","overlay-color":"","overlay-opacity":"","overlay-gradient":""},"tablet":{"background-color":"","background-image":"","background-repeat":"repeat","background-position":"center center","background-size":"auto","background-attachment":"scroll","background-type":"","background-media":"","overlay-type":"","overlay-color":"","overlay-opacity":"","overlay-gradient":""},"mobile":{"background-color":"","background-image":"","background-repeat":"repeat","background-position":"center center","background-size":"auto","background-attachment":"scroll","background-type":"","background-media":"","overlay-type":"","overlay-color":"","overlay-opacity":"","overlay-gradient":""}},"ast-content-background-meta":{"desktop":{"background-color":"var(--ast-global-color-4)","background-image":"","background-repeat":"repeat","background-position":"center center","background-size":"auto","background-attachment":"scroll","background-type":"","background-media":"","overlay-type":"","overlay-color":"","overlay-opacity":"","overlay-gradient":""},"tablet":{"background-color":"var(--ast-global-color-4)","background-image":"","background-repeat":"repeat","background-position":"center center","background-size":"auto","background-attachment":"scroll","background-type":"","background-media":"","overlay-type":"","overlay-color":"","overlay-opacity":"","overlay-gradient":""},"mobile":{"background-color":"var(--ast-global-color-4)","background-image":"","background-repeat":"repeat","background-position":"center center","background-size":"auto","background-attachment":"scroll","background-type":"","background-media":"","overlay-type":"","overlay-color":"","overlay-opacity":"","overlay-gradient":""}}},"product_brand":[],"product_cat":[108],"product_tag":[256,255],"class_list":{"0":"post-4301","1":"product","2":"type-product","3":"status-publish","4":"has-post-thumbnail","6":"product_cat-key-shaped-usb-pendrive","7":"product_tag-house-shaped-key-usb-drive","8":"product_tag-metal-key-usb-drive","9":"desktop-align-left","10":"tablet-align-left","11":"mobile-align-left","13":"first","14":"instock","15":"shipping-taxable","16":"product-type-simple"},"_links":{"self":[{"href":"https:\/\/www.usborkeychain.com\/es\/wp-json\/wp\/v2\/product\/4301","targetHints":{"allow":["GET"]}}],"collection":[{"href":"https:\/\/www.usborkeychain.com\/es\/wp-json\/wp\/v2\/product"}],"about":[{"href":"https:\/\/www.usborkeychain.com\/es\/wp-json\/wp\/v2\/types\/product"}],"replies":[{"embeddable":true,"href":"https:\/\/www.usborkeychain.com\/es\/wp-json\/wp\/v2\/comments?post=4301"}],"wp:featuredmedia":[{"embeddable":true,"href":"https:\/\/www.usborkeychain.com\/es\/wp-json\/wp\/v2\/media\/4304"}],"wp:attachment":[{"href":"https:\/\/www.usborkeychain.com\/es\/wp-json\/wp\/v2\/media?parent=4301"}],"wp:term":[{"taxonomy":"product_brand","embeddable":true,"href":"https:\/\/www.usborkeychain.com\/es\/wp-json\/wp\/v2\/product_brand?post=4301"},{"taxonomy":"product_cat","embeddable":true,"href":"https:\/\/www.usborkeychain.com\/es\/wp-json\/wp\/v2\/product_cat?post=4301"},{"taxonomy":"product_tag","embeddable":true,"href":"https:\/\/www.usborkeychain.com\/es\/wp-json\/wp\/v2\/product_tag?post=4301"}],"curies":[{"name":"wp","href":"https:\/\/api.w.org\/{rel}","templated":true}]}}