{"id":4313,"date":"2025-07-22T00:05:01","date_gmt":"2025-07-22T00:05:01","guid":{"rendered":"https:\/\/www.usborkeychain.com\/?post_type=product&#038;p=4313"},"modified":"2025-07-23T23:50:43","modified_gmt":"2025-07-23T23:50:43","slug":"green-truck-shaped-usb-flash-drive","status":"publish","type":"product","link":"https:\/\/www.usborkeychain.com\/es\/producto\/green-truck-shaped-usb-flash-drive\/","title":{"rendered":"Memoria USB verde con forma de cami\u00f3n"},"content":{"rendered":"<p><\/p>\n\n\n\n<div class=\"wp-block-columns is-layout-flex wp-container-core-columns-is-layout-28f84493 wp-block-columns-is-layout-flex\">\n<div class=\"wp-block-column is-layout-flow wp-block-column-is-layout-flow\">\n<figure class=\"wp-block-image size-full\"><img fetchpriority=\"high\" decoding=\"async\" width=\"800\" height=\"800\" src=\"https:\/\/www.usborkeychain.com\/wp-content\/uploads\/Cargo-truck-USB-stick.jpg\" alt=\"Cargo truck USB stick\" class=\"wp-image-4316\" srcset=\"https:\/\/www.usborkeychain.com\/wp-content\/uploads\/Cargo-truck-USB-stick.jpg 800w, https:\/\/www.usborkeychain.com\/wp-content\/uploads\/Cargo-truck-USB-stick-300x300.jpg 300w, https:\/\/www.usborkeychain.com\/wp-content\/uploads\/Cargo-truck-USB-stick-150x150.jpg 150w, https:\/\/www.usborkeychain.com\/wp-content\/uploads\/Cargo-truck-USB-stick-768x768.jpg 768w, https:\/\/www.usborkeychain.com\/wp-content\/uploads\/Cargo-truck-USB-stick-12x12.jpg 12w, https:\/\/www.usborkeychain.com\/wp-content\/uploads\/Cargo-truck-USB-stick-600x600.jpg 600w, https:\/\/www.usborkeychain.com\/wp-content\/uploads\/Cargo-truck-USB-stick-100x100.jpg 100w\" sizes=\"(max-width: 800px) 100vw, 800px\" \/><\/figure>\n<\/div>\n\n\n\n<div class=\"wp-block-column is-vertically-aligned-center is-layout-flow wp-block-column-is-layout-flow\">\n<p>La unidad USB verde con forma de cami\u00f3n, con su dise\u00f1o \u00fanico de \"personalizarse seg\u00fan la forma de camiones reales y reducirse en igual proporci\u00f3n\", se ha convertido en una opci\u00f3n popular entre los fabricantes para crear regalos diferenciados para las empresas. <\/p>\n\n\n\n<p>Esta unidad USB reproduce con precisi\u00f3n la forma de los veh\u00edculos de carga, siguiendo estrictamente las proporciones y caracter\u00edsticas de los camiones reales, desde el contorno de la cabeza del cami\u00f3n hasta los detalles del contenedor.<\/p>\n\n\n\n<p> Proporciona un soporte altamente reconocible en la industria para la personalizaci\u00f3n de la marca, lo que lo convierte en una excelente opci\u00f3n para que las empresas de log\u00edstica, transporte de mercanc\u00edas y otros campos desarrollen perif\u00e9ricos de marca.<\/p>\n<\/div>\n<\/div>\n\n\n\n<h2 class=\"wp-block-heading\">Modelado tridimensional 3D y material<\/h2>\n\n\n\n<p>Los fabricantes adoptan un dise\u00f1o tridimensional en 3D y utilizan material de PVC duradero para crear esta unidad USB verde con forma de cami\u00f3n. El color verde brillante no s\u00f3lo encaja con los s\u00edmbolos visuales de marcas de transporte de mercanc\u00edas como \"Changrong\", sino que tambi\u00e9n destaca entre las unidades USB normales, logrando un efecto de visualizaci\u00f3n que \"llama la atenci\u00f3n de un vistazo\". Desde las l\u00edneas de la ventana de la cabeza del cami\u00f3n hasta la textura ondulada del contenedor, la tecnolog\u00eda 3D hace que cada parte de la forma sea distinta.<\/p>\n\n\n\n<p><\/p>\n\n\n\n<h2 class=\"wp-block-heading\">Tabla de par\u00e1metros de la unidad USB<\/h2>\n\n\n\n<figure class=\"wp-block-table\"><table class=\"has-fixed-layout\"><thead><tr><th>Par\u00e1metro Elemento<\/th><th>Detalles<\/th><\/tr><\/thead><tbody><tr><td>Tipo de interfaz<\/td><td>USB 2.0 (compatible con dispositivos USB 1.1)<\/td><\/tr><tr><td>Capacidad opcional<\/td><td>8GB, 16GB, 32GB, 64GB, 128GB<\/td><\/tr><tr><td>Dimensiones<\/td><td>85mm\u00d725mm\u00d722mm<\/td><\/tr><tr><td>Peso<\/td><td>Aproximadamente 28 g<\/td><\/tr><tr><td>Velocidad de lectura\/escritura<\/td><td>Velocidad de lectura: aproximadamente 15-20 MB\/s; Velocidad de escritura: aproximadamente 8-12 MB\/s (est\u00e1ndar USB 2.0)<\/td><\/tr><tr><td>Compatibilidad de personalizaci\u00f3n<\/td><td>Admite la personalizaci\u00f3n de la capacidad, el envase y el LOGO<\/td><\/tr><\/tbody><\/table><\/figure>\n\n\n\n<div class=\"wp-block-columns is-layout-flex wp-container-core-columns-is-layout-28f84493 wp-block-columns-is-layout-flex\">\n<div class=\"wp-block-column is-layout-flow wp-block-column-is-layout-flow\">\n<figure class=\"wp-block-image size-full\"><img alt=\"\" decoding=\"async\" width=\"800\" height=\"800\" src=\"https:\/\/www.usborkeychain.com\/wp-content\/uploads\/Container-truck-USB-drive.jpg\" class=\"wp-image-4318\" srcset=\"https:\/\/www.usborkeychain.com\/wp-content\/uploads\/Container-truck-USB-drive.jpg 800w, https:\/\/www.usborkeychain.com\/wp-content\/uploads\/Container-truck-USB-drive-300x300.jpg 300w, https:\/\/www.usborkeychain.com\/wp-content\/uploads\/Container-truck-USB-drive-150x150.jpg 150w, https:\/\/www.usborkeychain.com\/wp-content\/uploads\/Container-truck-USB-drive-768x768.jpg 768w, https:\/\/www.usborkeychain.com\/wp-content\/uploads\/Container-truck-USB-drive-12x12.jpg 12w, https:\/\/www.usborkeychain.com\/wp-content\/uploads\/Container-truck-USB-drive-600x600.jpg 600w, https:\/\/www.usborkeychain.com\/wp-content\/uploads\/Container-truck-USB-drive-100x100.jpg 100w\" sizes=\"(max-width: 800px) 100vw, 800px\" \/><\/figure>\n<\/div>\n\n\n\n<div class=\"wp-block-column is-layout-flow wp-block-column-is-layout-flow\">\n<figure class=\"wp-block-image size-full\"><img alt=\"\" decoding=\"async\" width=\"800\" height=\"800\" src=\"https:\/\/www.usborkeychain.com\/wp-content\/uploads\/Shipping-container-truck-USB-drive.jpg\" class=\"wp-image-4320\" srcset=\"https:\/\/www.usborkeychain.com\/wp-content\/uploads\/Shipping-container-truck-USB-drive.jpg 800w, https:\/\/www.usborkeychain.com\/wp-content\/uploads\/Shipping-container-truck-USB-drive-300x300.jpg 300w, https:\/\/www.usborkeychain.com\/wp-content\/uploads\/Shipping-container-truck-USB-drive-150x150.jpg 150w, https:\/\/www.usborkeychain.com\/wp-content\/uploads\/Shipping-container-truck-USB-drive-768x768.jpg 768w, https:\/\/www.usborkeychain.com\/wp-content\/uploads\/Shipping-container-truck-USB-drive-12x12.jpg 12w, https:\/\/www.usborkeychain.com\/wp-content\/uploads\/Shipping-container-truck-USB-drive-600x600.jpg 600w, https:\/\/www.usborkeychain.com\/wp-content\/uploads\/Shipping-container-truck-USB-drive-100x100.jpg 100w\" sizes=\"(max-width: 800px) 100vw, 800px\" \/><\/figure>\n<\/div>\n<\/div>\n\n\n\n<h2 class=\"wp-block-heading\">Personalizaci\u00f3n de logotipos y fabricaci\u00f3n de moldes<\/h2>\n\n\n\n<p>Los fabricantes realizan primero un modelado en 3D basado en la forma de la marca de camiones \"Changrong\", y despu\u00e9s integran el LOGO de la marca y el texto de la carrocer\u00eda (como \"EVERGREEN\") directamente en el dise\u00f1o del molde mediante el proceso de apertura del molde. Durante la producci\u00f3n, el LOGO y la textura c\u00f3ncavo-convexa de la carrocer\u00eda del cami\u00f3n se forman simult\u00e1neamente, lo que no s\u00f3lo evita el riesgo de desprendimiento de la post-impresi\u00f3n, sino que tambi\u00e9n mejora la simulaci\u00f3n visual de un \"cami\u00f3n real\" a trav\u00e9s de texturas tridimensionales. Cada detalle, desde las ondulaciones del contenedor hasta los logotipos de la cabeza del cami\u00f3n, se convierte en un soporte natural para la comunicaci\u00f3n de la marca.<\/p>\n\n\n\n<h2 class=\"wp-block-heading\">\u00bfQu\u00e9 sectores son adecuados para personalizar esta memoria USB con forma de cami\u00f3n como regalo?<\/h2>\n\n\n\n<div class=\"wp-block-columns is-layout-flex wp-container-core-columns-is-layout-28f84493 wp-block-columns-is-layout-flex\">\n<div class=\"wp-block-column is-layout-flow wp-block-column-is-layout-flow\">\n<figure class=\"wp-block-image size-full\"><img loading=\"lazy\" decoding=\"async\" width=\"800\" height=\"800\" src=\"https:\/\/www.usborkeychain.com\/wp-content\/uploads\/Container-lorry-USB-flash-drive.jpg\" alt=\"Container lorry USB flash drive\" class=\"wp-image-4317\" srcset=\"https:\/\/www.usborkeychain.com\/wp-content\/uploads\/Container-lorry-USB-flash-drive.jpg 800w, https:\/\/www.usborkeychain.com\/wp-content\/uploads\/Container-lorry-USB-flash-drive-300x300.jpg 300w, https:\/\/www.usborkeychain.com\/wp-content\/uploads\/Container-lorry-USB-flash-drive-150x150.jpg 150w, https:\/\/www.usborkeychain.com\/wp-content\/uploads\/Container-lorry-USB-flash-drive-768x768.jpg 768w, https:\/\/www.usborkeychain.com\/wp-content\/uploads\/Container-lorry-USB-flash-drive-12x12.jpg 12w, https:\/\/www.usborkeychain.com\/wp-content\/uploads\/Container-lorry-USB-flash-drive-600x600.jpg 600w, https:\/\/www.usborkeychain.com\/wp-content\/uploads\/Container-lorry-USB-flash-drive-100x100.jpg 100w\" sizes=\"(max-width: 800px) 100vw, 800px\" \/><\/figure>\n<\/div>\n\n\n\n<div class=\"wp-block-column is-vertically-aligned-center is-layout-flow wp-block-column-is-layout-flow\">\n<ol class=\"wp-block-list\">\n<li><strong>Empresas de log\u00edstica<\/strong>: Como perif\u00e9ricos de marca para la compra al por mayor, pueden presentarse en conferencias de promoci\u00f3n de inversiones y actos de agradecimiento a los clientes. La \"forma de cami\u00f3n\" refuerza la asociaci\u00f3n del sector con la \"log\u00edstica y el transporte\" y profundiza en la memoria de marca.<\/li>\n\n\n\n<li><strong>Empresas de transporte<\/strong>: Las memorias USB personalizadas en forma de cami\u00f3n con LOGOTIPO exclusivo pueden utilizarse para el almacenamiento de los empleados en la oficina o como regalos para \"formaci\u00f3n sobre seguridad\" y \"felicitaciones anuales\" para transmitir una imagen profesional.<\/li>\n\n\n\n<li><strong>Marcas de veh\u00edculos comerciales<\/strong>: La personalizaci\u00f3n transfronteriza de memorias USB con forma de cami\u00f3n como recuerdo en eventos de lanzamiento de nuevos coches y pruebas de conducci\u00f3n puede ampliar las dimensiones de la comunicaci\u00f3n de marca con la creatividad del \"almacenamiento en forma de veh\u00edculo\".<\/li>\n\n\n\n<li><strong>Organizadores de ferias industriales<\/strong>: La personalizaci\u00f3n masiva de esta unidad USB como obsequio por la cooperaci\u00f3n de los expositores o como premio por la interacci\u00f3n del p\u00fablico puede hacerse eco del tema de las exposiciones de log\u00edstica y transporte de mercanc\u00edas a trav\u00e9s del elemento \"cami\u00f3n\" y realzar el tono del evento.<\/li>\n<\/ol>\n<\/div>\n<\/div>\n\n\n\n<p>La unidad USB verde con forma de cami\u00f3n adopta la \"personalizaci\u00f3n de apertura de molde del fabricante\" como ventaja principal, combinando la durabilidad del material de PVC, el grado de simulaci\u00f3n del modelado 3D y la integraci\u00f3n en profundidad de los LOGO de la marca. Ya sea para que las empresas de log\u00edstica lleven a cabo publicidad a trav\u00e9s de compras al por mayor o para que las marcas de autom\u00f3viles participen en actividades transfronterizas a trav\u00e9s de la personalizaci\u00f3n, puede lograr el efecto de comunicaci\u00f3n del \"producto como anuncio\" en actividades a trav\u00e9s de su \"forma de cami\u00f3n\".<\/p>","protected":false},"excerpt":{"rendered":"<ul>\n<li>Color verde<\/li>\n<li>Molde en forma de cami\u00f3n<\/li>\n<li>USB2.0 y USB3.0 puede elegir<\/li>\n<li>Molde para logotipo personalizado<\/li>\n<li>Como regalo para una empresa de camiones<\/li>\n<\/ul>","protected":false},"featured_media":4317,"comment_status":"open","ping_status":"closed","template":"","meta":{"_seopress_robots_primary_cat":"","_seopress_titles_title":"","_seopress_titles_desc":"","_seopress_robots_index":"","site-sidebar-layout":"default","site-content-layout":"","ast-site-content-layout":"","site-content-style":"default","site-sidebar-style":"default","ast-global-header-display":"","ast-banner-title-visibility":"","ast-main-header-display":"","ast-hfb-above-header-display":"","ast-hfb-below-header-display":"","ast-hfb-mobile-header-display":"","site-post-title":"","ast-breadcrumbs-content":"","ast-featured-img":"","footer-sml-layout":"","theme-transparent-header-meta":"","adv-header-id-meta":"","stick-header-meta":"","header-above-stick-meta":"","header-main-stick-meta":"","header-below-stick-meta":"","astra-migrate-meta-layouts":"default","ast-page-background-enabled":"default","ast-page-background-meta":{"desktop":{"background-color":"var(--ast-global-color-5)","background-image":"","background-repeat":"repeat","background-position":"center center","background-size":"auto","background-attachment":"scroll","background-type":"","background-media":"","overlay-type":"","overlay-color":"","overlay-opacity":"","overlay-gradient":""},"tablet":{"background-color":"","background-image":"","background-repeat":"repeat","background-position":"center center","background-size":"auto","background-attachment":"scroll","background-type":"","background-media":"","overlay-type":"","overlay-color":"","overlay-opacity":"","overlay-gradient":""},"mobile":{"background-color":"","background-image":"","background-repeat":"repeat","background-position":"center center","background-size":"auto","background-attachment":"scroll","background-type":"","background-media":"","overlay-type":"","overlay-color":"","overlay-opacity":"","overlay-gradient":""}},"ast-content-background-meta":{"desktop":{"background-color":"var(--ast-global-color-4)","background-image":"","background-repeat":"repeat","background-position":"center center","background-size":"auto","background-attachment":"scroll","background-type":"","background-media":"","overlay-type":"","overlay-color":"","overlay-opacity":"","overlay-gradient":""},"tablet":{"background-color":"var(--ast-global-color-4)","background-image":"","background-repeat":"repeat","background-position":"center center","background-size":"auto","background-attachment":"scroll","background-type":"","background-media":"","overlay-type":"","overlay-color":"","overlay-opacity":"","overlay-gradient":""},"mobile":{"background-color":"var(--ast-global-color-4)","background-image":"","background-repeat":"repeat","background-position":"center center","background-size":"auto","background-attachment":"scroll","background-type":"","background-media":"","overlay-type":"","overlay-color":"","overlay-opacity":"","overlay-gradient":""}}},"product_brand":[],"product_cat":[94],"product_tag":[257],"class_list":{"0":"post-4313","1":"product","2":"type-product","3":"status-publish","4":"has-post-thumbnail","6":"product_cat-pvc-usb-pendrive","7":"product_tag-truck-usb-flash-drive","8":"desktop-align-left","9":"tablet-align-left","10":"mobile-align-left","12":"first","13":"instock","14":"shipping-taxable","15":"product-type-simple"},"_links":{"self":[{"href":"https:\/\/www.usborkeychain.com\/es\/wp-json\/wp\/v2\/product\/4313","targetHints":{"allow":["GET"]}}],"collection":[{"href":"https:\/\/www.usborkeychain.com\/es\/wp-json\/wp\/v2\/product"}],"about":[{"href":"https:\/\/www.usborkeychain.com\/es\/wp-json\/wp\/v2\/types\/product"}],"replies":[{"embeddable":true,"href":"https:\/\/www.usborkeychain.com\/es\/wp-json\/wp\/v2\/comments?post=4313"}],"wp:featuredmedia":[{"embeddable":true,"href":"https:\/\/www.usborkeychain.com\/es\/wp-json\/wp\/v2\/media\/4317"}],"wp:attachment":[{"href":"https:\/\/www.usborkeychain.com\/es\/wp-json\/wp\/v2\/media?parent=4313"}],"wp:term":[{"taxonomy":"product_brand","embeddable":true,"href":"https:\/\/www.usborkeychain.com\/es\/wp-json\/wp\/v2\/product_brand?post=4313"},{"taxonomy":"product_cat","embeddable":true,"href":"https:\/\/www.usborkeychain.com\/es\/wp-json\/wp\/v2\/product_cat?post=4313"},{"taxonomy":"product_tag","embeddable":true,"href":"https:\/\/www.usborkeychain.com\/es\/wp-json\/wp\/v2\/product_tag?post=4313"}],"curies":[{"name":"wp","href":"https:\/\/api.w.org\/{rel}","templated":true}]}}