{"id":4321,"date":"2025-07-22T02:25:13","date_gmt":"2025-07-22T02:25:13","guid":{"rendered":"https:\/\/www.usborkeychain.com\/?post_type=product&#038;p=4321"},"modified":"2025-07-22T02:33:32","modified_gmt":"2025-07-22T02:33:32","slug":"metal-retro-key-usb-flash-drive","status":"publish","type":"product","link":"https:\/\/www.usborkeychain.com\/es\/producto\/metal-retro-key-usb-flash-drive\/","title":{"rendered":"Memoria USB Metal Retro Key"},"content":{"rendered":"<div class=\"wp-block-columns is-layout-flex wp-container-core-columns-is-layout-28f84493 wp-block-columns-is-layout-flex\">\n<div class=\"wp-block-column is-layout-flow wp-block-column-is-layout-flow\">\n<figure class=\"wp-block-image aligncenter size-full\"><img alt=\"\" fetchpriority=\"high\" decoding=\"async\" width=\"800\" height=\"800\" src=\"https:\/\/www.usborkeychain.com\/wp-content\/uploads\/VintageKey-USB-flash-Drive.png\" class=\"wp-image-4331\" srcset=\"https:\/\/www.usborkeychain.com\/wp-content\/uploads\/VintageKey-USB-flash-Drive.png 800w, https:\/\/www.usborkeychain.com\/wp-content\/uploads\/VintageKey-USB-flash-Drive-300x300.png 300w, https:\/\/www.usborkeychain.com\/wp-content\/uploads\/VintageKey-USB-flash-Drive-150x150.png 150w, https:\/\/www.usborkeychain.com\/wp-content\/uploads\/VintageKey-USB-flash-Drive-768x768.png 768w, https:\/\/www.usborkeychain.com\/wp-content\/uploads\/VintageKey-USB-flash-Drive-12x12.png 12w, https:\/\/www.usborkeychain.com\/wp-content\/uploads\/VintageKey-USB-flash-Drive-600x600.png 600w, https:\/\/www.usborkeychain.com\/wp-content\/uploads\/VintageKey-USB-flash-Drive-100x100.png 100w\" sizes=\"(max-width: 800px) 100vw, 800px\" \/><\/figure>\n<\/div>\n\n\n\n<div class=\"wp-block-column is-vertically-aligned-center is-layout-flow wp-block-column-is-layout-flow\">\n<p>En <strong>llave retro met\u00e1lica memoria USB<\/strong> est\u00e1 fundido a presi\u00f3n en aleaci\u00f3n de zinc de alta resistencia, con su superficie tratada mediante tecnolog\u00eda de galvanoplastia al vac\u00edo, disponible en oro y plata. La aleaci\u00f3n de zinc es resistente al desgaste y a la corrosi\u00f3n, lo que prolonga su vida \u00fatil. La conductividad t\u00e9rmica del metal mejora la eficacia de disipaci\u00f3n del calor, y el grosor preciso de 1,2 mm consigue un cuerpo ultrafino.<\/p>\n\n\n\n<p>La forma de la llave incorpora patrones tradicionales chinos Ruyi, con un n\u00famero \"8\" en relieve incrustado en la cabeza de la llave, s\u00edmbolo de riqueza y auspiciosidad. El dise\u00f1o general combina la belleza nost\u00e1lgica con la precisi\u00f3n industrial moderna. No es s\u00f3lo una herramienta pr\u00e1ctica, sino tambi\u00e9n un art\u00edculo port\u00e1til elegante y con estilo, que muestra un gusto \u00fanico para regalos de empresa o uso personal.<\/p>\n<\/div>\n<\/div>\n\n\n\n<h2 class=\"wp-block-heading\">Tabla de par\u00e1metros de la memoria USB<\/h2>\n\n\n\n<figure class=\"wp-block-table\"><table class=\"has-fixed-layout\"><thead><tr><th>Categor\u00eda de par\u00e1metros<\/th><th>Detalles<\/th><\/tr><\/thead><tbody><tr><td>Interfaz est\u00e1ndar<\/td><td>USB3.0, compatible con USB2.0<\/td><\/tr><tr><td>Opciones de capacidad<\/td><td>8GB\/16GB\/32GB\/64GB\/128GB<\/td><\/tr><tr><td>Material met\u00e1lico<\/td><td>Aleaci\u00f3n<\/td><\/tr><tr><td>Tama\u00f1o del producto (longitud \u00d7 anchura \u00d7 grosor)<\/td><td>58\u00d720\u00d74mm<\/td><\/tr><tr><td>Peso<\/td><td>18g\u00b12g<\/td><\/tr><\/tbody><\/table><\/figure>\n\n\n\n<h2 class=\"wp-block-heading\">\u00bfSe puede personalizar el logotipo?<\/h2>\n\n\n\n<div class=\"wp-block-columns is-layout-flex wp-container-core-columns-is-layout-28f84493 wp-block-columns-is-layout-flex\">\n<div class=\"wp-block-column is-vertically-aligned-center is-layout-flow wp-block-column-is-layout-flow\">\n<p><strong>Logotipo o motivos<\/strong> Se admite la personalizaci\u00f3n. Se adoptan los procesos de grabado por l\u00e1ser y galvanoplastia: el grabado por l\u00e1ser tiene una gran precisi\u00f3n, lo que hace que el logotipo sea claro y resistente al desgaste; la galvanoplastia puede realizar patrones complejos con una buena integraci\u00f3n del color y la textura del metal. La profundidad de grabado de 0,2 mm garantiza una claridad permanente. El proceso de personalizaci\u00f3n no da\u00f1a la capa de galvanoplastia superficial, y la muestra puede completarse en 24 horas.<\/p>\n<\/div>\n\n\n\n<div class=\"wp-block-column is-layout-flow wp-block-column-is-layout-flow\">\n<figure class=\"wp-block-image size-full\"><img alt=\"\" decoding=\"async\" width=\"800\" height=\"800\" src=\"https:\/\/www.usborkeychain.com\/wp-content\/uploads\/RetroKey-USB-flash-drive.png\" class=\"wp-image-4330\" srcset=\"https:\/\/www.usborkeychain.com\/wp-content\/uploads\/RetroKey-USB-flash-drive.png 800w, https:\/\/www.usborkeychain.com\/wp-content\/uploads\/RetroKey-USB-flash-drive-300x300.png 300w, https:\/\/www.usborkeychain.com\/wp-content\/uploads\/RetroKey-USB-flash-drive-150x150.png 150w, https:\/\/www.usborkeychain.com\/wp-content\/uploads\/RetroKey-USB-flash-drive-768x768.png 768w, https:\/\/www.usborkeychain.com\/wp-content\/uploads\/RetroKey-USB-flash-drive-12x12.png 12w, https:\/\/www.usborkeychain.com\/wp-content\/uploads\/RetroKey-USB-flash-drive-600x600.png 600w, https:\/\/www.usborkeychain.com\/wp-content\/uploads\/RetroKey-USB-flash-drive-100x100.png 100w\" sizes=\"(max-width: 800px) 100vw, 800px\" \/><\/figure>\n<\/div>\n<\/div>\n\n\n\n<h2 class=\"wp-block-heading\">\u00bfCu\u00e1les son las ventajas de este producto?<\/h2>\n\n\n\n<div class=\"wp-block-columns is-layout-flex wp-container-core-columns-is-layout-28f84493 wp-block-columns-is-layout-flex\">\n<div class=\"wp-block-column is-layout-flow wp-block-column-is-layout-flow\">\n<figure class=\"wp-block-image aligncenter size-full\"><img alt=\"\" decoding=\"async\" width=\"800\" height=\"800\" src=\"https:\/\/www.usborkeychain.com\/wp-content\/uploads\/AntiqueKey-USB-flash-Drive.jpg\" class=\"wp-image-4324\" srcset=\"https:\/\/www.usborkeychain.com\/wp-content\/uploads\/AntiqueKey-USB-flash-Drive.jpg 800w, https:\/\/www.usborkeychain.com\/wp-content\/uploads\/AntiqueKey-USB-flash-Drive-300x300.jpg 300w, https:\/\/www.usborkeychain.com\/wp-content\/uploads\/AntiqueKey-USB-flash-Drive-150x150.jpg 150w, https:\/\/www.usborkeychain.com\/wp-content\/uploads\/AntiqueKey-USB-flash-Drive-768x768.jpg 768w, https:\/\/www.usborkeychain.com\/wp-content\/uploads\/AntiqueKey-USB-flash-Drive-12x12.jpg 12w, https:\/\/www.usborkeychain.com\/wp-content\/uploads\/AntiqueKey-USB-flash-Drive-600x600.jpg 600w, https:\/\/www.usborkeychain.com\/wp-content\/uploads\/AntiqueKey-USB-flash-Drive-100x100.jpg 100w\" sizes=\"(max-width: 800px) 100vw, 800px\" \/><\/figure>\n<\/div>\n\n\n\n<div class=\"wp-block-column is-vertically-aligned-center is-layout-flow wp-block-column-is-layout-flow\">\n<ul class=\"wp-block-list\">\n<li>Ultrafino y ultraligero: pesa unos 15-20 g, con un grosor de 3-5 mm, port\u00e1til y ahorra espacio. La forma de llave se puede ensartar en un llavero, f\u00e1cil de llevar sin carga.<\/li>\n\n\n\n<li>Plug and play: sin necesidad de instalar controladores, se reconoce al instante cuando se conecta a ordenadores y tel\u00e9fonos m\u00f3viles (compatibles con dispositivos OTG) para una transferencia de archivos eficaz.<\/li>\n\n\n\n<li>Excelente protecci\u00f3n: la carcasa de aleaci\u00f3n es antica\u00edda y resistente a los ara\u00f1azos, por lo que protege el chip interno; la interfaz USB est\u00e1 reforzada para evitar da\u00f1os al enchufarla y desenchufarla.<\/li>\n\n\n\n<li>Amplia compatibilidad: compatible con Windows, Mac OS, Linux y otros sistemas, y puede utilizarse con m\u00faltiples dispositivos, como tel\u00e9fonos m\u00f3viles, tabletas y ordenadores.<\/li>\n<\/ul>\n<\/div>\n<\/div>\n\n\n\n<h3 class=\"wp-block-heading\">\u00bfCu\u00e1l es el proceso de fabricaci\u00f3n?<\/h3>\n\n\n\n<div class=\"wp-block-columns is-layout-flex wp-container-core-columns-is-layout-28f84493 wp-block-columns-is-layout-flex\">\n<div class=\"wp-block-column is-vertically-aligned-center is-layout-flow wp-block-column-is-layout-flow\">\n<p>Se somete a m\u00faltiples procesos, como fundici\u00f3n a presi\u00f3n, pulido fino, tratamiento superficial (galvanoplastia\/oxidaci\u00f3n) y empaquetado de virutas. La fundici\u00f3n a presi\u00f3n garantiza la forma precisa de la llave, el pulido hace que la superficie sea suave y delicada, la galvanoplastia\/oxidaci\u00f3n confiere al metal un color retro y capacidad antioxidante, y el estricto embalaje de las virutas garantiza un rendimiento de almacenamiento estable.<\/p>\n<\/div>\n\n\n\n<div class=\"wp-block-column is-layout-flow wp-block-column-is-layout-flow\">\n<figure class=\"wp-block-image aligncenter size-full\"><img alt=\"\" loading=\"lazy\" decoding=\"async\" width=\"800\" height=\"800\" src=\"https:\/\/www.usborkeychain.com\/wp-content\/uploads\/ClassicKey-USB-flash-drive.png\" class=\"wp-image-4325\" srcset=\"https:\/\/www.usborkeychain.com\/wp-content\/uploads\/ClassicKey-USB-flash-drive.png 800w, https:\/\/www.usborkeychain.com\/wp-content\/uploads\/ClassicKey-USB-flash-drive-300x300.png 300w, https:\/\/www.usborkeychain.com\/wp-content\/uploads\/ClassicKey-USB-flash-drive-150x150.png 150w, https:\/\/www.usborkeychain.com\/wp-content\/uploads\/ClassicKey-USB-flash-drive-768x768.png 768w, https:\/\/www.usborkeychain.com\/wp-content\/uploads\/ClassicKey-USB-flash-drive-12x12.png 12w, https:\/\/www.usborkeychain.com\/wp-content\/uploads\/ClassicKey-USB-flash-drive-600x600.png 600w, https:\/\/www.usborkeychain.com\/wp-content\/uploads\/ClassicKey-USB-flash-drive-100x100.png 100w\" sizes=\"(max-width: 800px) 100vw, 800px\" \/><\/figure>\n<\/div>\n<\/div>\n\n\n\n<h2 class=\"wp-block-heading\">\u00bfSe ve afectada la velocidad de lectura y escritura de la memoria USB por su forma?<\/h2>\n\n\n\n<div class=\"wp-block-columns is-layout-flex wp-container-core-columns-is-layout-28f84493 wp-block-columns-is-layout-flex\">\n<div class=\"wp-block-column is-layout-flow wp-block-column-is-layout-flow\">\n<figure class=\"wp-block-image size-full\"><img alt=\"\" loading=\"lazy\" decoding=\"async\" width=\"800\" height=\"800\" src=\"https:\/\/www.usborkeychain.com\/wp-content\/uploads\/OldStyleKey-USB-flash-drive.png\" class=\"wp-image-4329\" srcset=\"https:\/\/www.usborkeychain.com\/wp-content\/uploads\/OldStyleKey-USB-flash-drive.png 800w, https:\/\/www.usborkeychain.com\/wp-content\/uploads\/OldStyleKey-USB-flash-drive-300x300.png 300w, https:\/\/www.usborkeychain.com\/wp-content\/uploads\/OldStyleKey-USB-flash-drive-150x150.png 150w, https:\/\/www.usborkeychain.com\/wp-content\/uploads\/OldStyleKey-USB-flash-drive-768x768.png 768w, https:\/\/www.usborkeychain.com\/wp-content\/uploads\/OldStyleKey-USB-flash-drive-12x12.png 12w, https:\/\/www.usborkeychain.com\/wp-content\/uploads\/OldStyleKey-USB-flash-drive-600x600.png 600w, https:\/\/www.usborkeychain.com\/wp-content\/uploads\/OldStyleKey-USB-flash-drive-100x100.png 100w\" sizes=\"(max-width: 800px) 100vw, 800px\" \/><\/figure>\n<\/div>\n\n\n\n<div class=\"wp-block-column is-vertically-aligned-center is-layout-flow wp-block-column-is-layout-flow\">\n<p>En <strong>forma de la llave<\/strong> no afecta a la velocidad de lectura y escritura. La velocidad de transmisi\u00f3n USB3.0 viene determinada por el protocolo de interfaz y el esquema del chip. La carcasa met\u00e1lica s\u00f3lo sirve como protecci\u00f3n y decoraci\u00f3n, sin interferir en la transmisi\u00f3n de datos. El rendimiento real de lectura y escritura coincide con el de las memorias USB convencionales.<\/p>\n<\/div>\n<\/div>\n\n\n\n<h2 class=\"wp-block-heading\">\u00bfEs f\u00e1cil romper la memoria USB?<\/h2>\n\n\n\n<div class=\"wp-block-columns is-layout-flex wp-container-core-columns-is-layout-28f84493 wp-block-columns-is-layout-flex\">\n<div class=\"wp-block-column is-vertically-aligned-center is-layout-flow wp-block-column-is-layout-flow\">\n<p>Aunque tiene forma de llave, la interfaz est\u00e1 reforzada. El innovador dise\u00f1o del puerto USB integrado (con una profundidad reservada de 0,5 mm) combinado con una cubierta protectora giratoria evita eficazmente los da\u00f1os por colisi\u00f3n durante el enchufado y desenchufado. Ha superado 5000 pruebas de conexi\u00f3n y desconexi\u00f3n sin deformarse.<\/p>\n<\/div>\n\n\n\n<div class=\"wp-block-column is-layout-flow wp-block-column-is-layout-flow\">\n<figure class=\"wp-block-image size-full\"><img alt=\"\" loading=\"lazy\" decoding=\"async\" width=\"800\" height=\"800\" src=\"https:\/\/www.usborkeychain.com\/wp-content\/uploads\/MetalVintage-USB-flash-drive.png\" class=\"wp-image-4328\" srcset=\"https:\/\/www.usborkeychain.com\/wp-content\/uploads\/MetalVintage-USB-flash-drive.png 800w, https:\/\/www.usborkeychain.com\/wp-content\/uploads\/MetalVintage-USB-flash-drive-300x300.png 300w, https:\/\/www.usborkeychain.com\/wp-content\/uploads\/MetalVintage-USB-flash-drive-150x150.png 150w, https:\/\/www.usborkeychain.com\/wp-content\/uploads\/MetalVintage-USB-flash-drive-768x768.png 768w, https:\/\/www.usborkeychain.com\/wp-content\/uploads\/MetalVintage-USB-flash-drive-12x12.png 12w, https:\/\/www.usborkeychain.com\/wp-content\/uploads\/MetalVintage-USB-flash-drive-600x600.png 600w, https:\/\/www.usborkeychain.com\/wp-content\/uploads\/MetalVintage-USB-flash-drive-100x100.png 100w\" sizes=\"(max-width: 800px) 100vw, 800px\" \/><\/figure>\n<\/div>\n<\/div>\n\n\n\n<h2 class=\"wp-block-heading\">\u00bfQu\u00e9 sectores son los m\u00e1s populares para utilizarlo como regalo?<\/h2>\n\n\n\n<div class=\"wp-block-columns is-layout-flex wp-container-core-columns-is-layout-28f84493 wp-block-columns-is-layout-flex\">\n<div class=\"wp-block-column is-layout-flow wp-block-column-is-layout-flow\">\n<figure class=\"wp-block-image size-full\"><img alt=\"\" loading=\"lazy\" decoding=\"async\" width=\"800\" height=\"800\" src=\"https:\/\/www.usborkeychain.com\/wp-content\/uploads\/MetalMemoir-USB-flash-drive.png\" class=\"wp-image-4327\" srcset=\"https:\/\/www.usborkeychain.com\/wp-content\/uploads\/MetalMemoir-USB-flash-drive.png 800w, https:\/\/www.usborkeychain.com\/wp-content\/uploads\/MetalMemoir-USB-flash-drive-300x300.png 300w, https:\/\/www.usborkeychain.com\/wp-content\/uploads\/MetalMemoir-USB-flash-drive-150x150.png 150w, https:\/\/www.usborkeychain.com\/wp-content\/uploads\/MetalMemoir-USB-flash-drive-768x768.png 768w, https:\/\/www.usborkeychain.com\/wp-content\/uploads\/MetalMemoir-USB-flash-drive-12x12.png 12w, https:\/\/www.usborkeychain.com\/wp-content\/uploads\/MetalMemoir-USB-flash-drive-600x600.png 600w, https:\/\/www.usborkeychain.com\/wp-content\/uploads\/MetalMemoir-USB-flash-drive-100x100.png 100w\" sizes=\"(max-width: 800px) 100vw, 800px\" \/><\/figure>\n<\/div>\n\n\n\n<div class=\"wp-block-column is-vertically-aligned-center is-layout-flow wp-block-column-is-layout-flow\">\n<ol class=\"wp-block-list\">\n<li>Sector inmobiliario: Se adapta al escenario de \"entrega de llaves\". Personalizado con logotipos de proyectos, puede utilizarse como regalo de entrega de propiedades o agradecimiento a clientes.<\/li>\n\n\n\n<li>Industria financiera: Utilizado para el mantenimiento de clientes VIP, la textura met\u00e1lica muestra una calidad de gama alta, con logotipos de marca personalizados.<\/li>\n\n\n\n<li>Industria cultural y creativa<\/li>\n\n\n\n<li>Industria de servicios de gama alta (como bufetes de abogados, gesti\u00f3n inmobiliaria de gama alta)<\/li>\n<\/ol>\n<\/div>\n<\/div>\n\n\n\n<p>En <strong>llave retro met\u00e1lica memoria USB<\/strong>dotado de durabilidad y textura gracias al material de aleaci\u00f3n, integra elementos retro chinos y significados auspiciosos, y garantiza una lectura y escritura eficientes con <strong>USB3.0<\/strong>. Se puede personalizar, es port\u00e1til y f\u00e1cil de usar. No s\u00f3lo satisface las necesidades de almacenamiento, sino que tambi\u00e9n tiene atributos de regalo, siendo favorecido en el sector inmobiliario, financiero y otras industrias. Es un producto pr\u00e1ctico que combina la est\u00e9tica cl\u00e1sica y la tecnolog\u00eda moderna.<\/p>","protected":false},"excerpt":{"rendered":"<ul>\n<li>Material met\u00e1lico<\/li>\n<li>Llave Retro<\/li>\n<li>USB3.0<\/li>\n<li>Logotipo personalizado<\/li>\n<li>MOQ\uff1a100PCS<\/li>\n<\/ul>","protected":false},"featured_media":4330,"comment_status":"open","ping_status":"closed","template":"","meta":{"_seopress_robots_primary_cat":"","_seopress_titles_title":"","_seopress_titles_desc":"","_seopress_robots_index":"","site-sidebar-layout":"default","site-content-layout":"","ast-site-content-layout":"","site-content-style":"default","site-sidebar-style":"default","ast-global-header-display":"","ast-banner-title-visibility":"","ast-main-header-display":"","ast-hfb-above-header-display":"","ast-hfb-below-header-display":"","ast-hfb-mobile-header-display":"","site-post-title":"","ast-breadcrumbs-content":"","ast-featured-img":"","footer-sml-layout":"","theme-transparent-header-meta":"","adv-header-id-meta":"","stick-header-meta":"","header-above-stick-meta":"","header-main-stick-meta":"","header-below-stick-meta":"","astra-migrate-meta-layouts":"default","ast-page-background-enabled":"default","ast-page-background-meta":{"desktop":{"background-color":"var(--ast-global-color-5)","background-image":"","background-repeat":"repeat","background-position":"center center","background-size":"auto","background-attachment":"scroll","background-type":"","background-media":"","overlay-type":"","overlay-color":"","overlay-opacity":"","overlay-gradient":""},"tablet":{"background-color":"","background-image":"","background-repeat":"repeat","background-position":"center center","background-size":"auto","background-attachment":"scroll","background-type":"","background-media":"","overlay-type":"","overlay-color":"","overlay-opacity":"","overlay-gradient":""},"mobile":{"background-color":"","background-image":"","background-repeat":"repeat","background-position":"center center","background-size":"auto","background-attachment":"scroll","background-type":"","background-media":"","overlay-type":"","overlay-color":"","overlay-opacity":"","overlay-gradient":""}},"ast-content-background-meta":{"desktop":{"background-color":"var(--ast-global-color-4)","background-image":"","background-repeat":"repeat","background-position":"center center","background-size":"auto","background-attachment":"scroll","background-type":"","background-media":"","overlay-type":"","overlay-color":"","overlay-opacity":"","overlay-gradient":""},"tablet":{"background-color":"var(--ast-global-color-4)","background-image":"","background-repeat":"repeat","background-position":"center center","background-size":"auto","background-attachment":"scroll","background-type":"","background-media":"","overlay-type":"","overlay-color":"","overlay-opacity":"","overlay-gradient":""},"mobile":{"background-color":"var(--ast-global-color-4)","background-image":"","background-repeat":"repeat","background-position":"center center","background-size":"auto","background-attachment":"scroll","background-type":"","background-media":"","overlay-type":"","overlay-color":"","overlay-opacity":"","overlay-gradient":""}}},"product_brand":[],"product_cat":[108],"product_tag":[259,258],"class_list":{"0":"post-4321","1":"product","2":"type-product","3":"status-publish","4":"has-post-thumbnail","6":"product_cat-key-shaped-usb-pendrive","7":"product_tag-metal-key-usb-flash-drive","8":"product_tag-metal-retro-key-usb-flash-drive","9":"desktop-align-left","10":"tablet-align-left","11":"mobile-align-left","13":"first","14":"instock","15":"shipping-taxable","16":"product-type-simple"},"_links":{"self":[{"href":"https:\/\/www.usborkeychain.com\/es\/wp-json\/wp\/v2\/product\/4321","targetHints":{"allow":["GET"]}}],"collection":[{"href":"https:\/\/www.usborkeychain.com\/es\/wp-json\/wp\/v2\/product"}],"about":[{"href":"https:\/\/www.usborkeychain.com\/es\/wp-json\/wp\/v2\/types\/product"}],"replies":[{"embeddable":true,"href":"https:\/\/www.usborkeychain.com\/es\/wp-json\/wp\/v2\/comments?post=4321"}],"wp:featuredmedia":[{"embeddable":true,"href":"https:\/\/www.usborkeychain.com\/es\/wp-json\/wp\/v2\/media\/4330"}],"wp:attachment":[{"href":"https:\/\/www.usborkeychain.com\/es\/wp-json\/wp\/v2\/media?parent=4321"}],"wp:term":[{"taxonomy":"product_brand","embeddable":true,"href":"https:\/\/www.usborkeychain.com\/es\/wp-json\/wp\/v2\/product_brand?post=4321"},{"taxonomy":"product_cat","embeddable":true,"href":"https:\/\/www.usborkeychain.com\/es\/wp-json\/wp\/v2\/product_cat?post=4321"},{"taxonomy":"product_tag","embeddable":true,"href":"https:\/\/www.usborkeychain.com\/es\/wp-json\/wp\/v2\/product_tag?post=4321"}],"curies":[{"name":"wp","href":"https:\/\/api.w.org\/{rel}","templated":true}]}}