{"id":4333,"date":"2025-07-22T03:41:44","date_gmt":"2025-07-22T03:41:44","guid":{"rendered":"https:\/\/www.usborkeychain.com\/?post_type=product&#038;p=4333"},"modified":"2025-07-22T03:44:30","modified_gmt":"2025-07-22T03:44:30","slug":"metal-flower-key-usb-flash-drive","status":"publish","type":"product","link":"https:\/\/www.usborkeychain.com\/es\/producto\/metal-flower-key-usb-flash-drive\/","title":{"rendered":"Memoria USB Metal Flower Key"},"content":{"rendered":"<div class=\"wp-block-columns is-layout-flex wp-container-core-columns-is-layout-28f84493 wp-block-columns-is-layout-flex\">\n<div class=\"wp-block-column is-vertically-aligned-center is-layout-flow wp-block-column-is-layout-flow\">\n<p>En<strong> Memoria USB Metal Flower Key<\/strong> cuenta con un cuerpo de aleaci\u00f3n de zinc de alta calidad. La aleaci\u00f3n de zinc ofrece una excelente resistencia al desgaste y a la corrosi\u00f3n, evitando la oxidaci\u00f3n y la deformaci\u00f3n. Puede mantener un aspecto totalmente nuevo durante mucho tiempo, lo que garantiza la m\u00e1xima durabilidad de la unidad USB.<\/p>\n\n\n\n<p>Con tecnolog\u00eda de corte de p\u00e9talo de \u00e1ngulo agudo de 0,3 mm, tiene una forma concisa y elegante. El anillo de acero inoxidable de 3 mm de di\u00e1metro puede soportar un peso de 5 kg sin romperse. Su tama\u00f1o mini es 60% m\u00e1s peque\u00f1o que las unidades USB tradicionales, por lo que es f\u00e1cil de guardar en bolsillos o llaveros, y se puede llevar a diario sin esfuerzo.<\/p>\n<\/div>\n\n\n\n<div class=\"wp-block-column is-layout-flow wp-block-column-is-layout-flow\">\n<figure class=\"wp-block-image aligncenter size-full\"><img alt=\"\" fetchpriority=\"high\" decoding=\"async\" width=\"800\" height=\"800\" src=\"https:\/\/www.usborkeychain.com\/wp-content\/uploads\/FlowerKey-USB-flash-drive.jpg\" class=\"wp-image-4337\" srcset=\"https:\/\/www.usborkeychain.com\/wp-content\/uploads\/FlowerKey-USB-flash-drive.jpg 800w, https:\/\/www.usborkeychain.com\/wp-content\/uploads\/FlowerKey-USB-flash-drive-300x300.jpg 300w, https:\/\/www.usborkeychain.com\/wp-content\/uploads\/FlowerKey-USB-flash-drive-150x150.jpg 150w, https:\/\/www.usborkeychain.com\/wp-content\/uploads\/FlowerKey-USB-flash-drive-768x768.jpg 768w, https:\/\/www.usborkeychain.com\/wp-content\/uploads\/FlowerKey-USB-flash-drive-12x12.jpg 12w, https:\/\/www.usborkeychain.com\/wp-content\/uploads\/FlowerKey-USB-flash-drive-600x600.jpg 600w, https:\/\/www.usborkeychain.com\/wp-content\/uploads\/FlowerKey-USB-flash-drive-100x100.jpg 100w\" sizes=\"(max-width: 800px) 100vw, 800px\" \/><\/figure>\n<\/div>\n<\/div>\n\n\n\n<h2 class=\"wp-block-heading\">Tabla de par\u00e1metros b\u00e1sicos de la memoria USB<\/h2>\n\n\n\n<figure class=\"wp-block-table\"><table class=\"has-fixed-layout\"><thead><tr><th>Categor\u00eda de par\u00e1metros<\/th><th>Detalles<\/th><\/tr><\/thead><tbody><tr><td>Interfaz est\u00e1ndar<\/td><td>USB3.0 (compatible con USB2.0)<\/td><\/tr><tr><td>Opciones de capacidad<\/td><td>8GB\/16GB\/32GB\/64GB\/128GB<\/td><\/tr><tr><td>Tama\u00f1o del producto (longitud \u00d7 anchura \u00d7 grosor)<\/td><td>50mm\u00d720mm\u00d73mm<\/td><\/tr><tr><td>Peso del producto<\/td><td>Aproximadamente 12 - 15 g<\/td><\/tr><tr><td>Material met\u00e1lico<\/td><td>Aleaci\u00f3n de zinc (con tratamiento antioxidante superficial)<\/td><\/tr><\/tbody><\/table><\/figure>\n\n\n\n<h2 class=\"wp-block-heading\">\u00bfSe puede personalizar el logotipo?<\/h2>\n\n\n\n<div class=\"wp-block-columns is-layout-flex wp-container-core-columns-is-layout-28f84493 wp-block-columns-is-layout-flex\">\n<div class=\"wp-block-column is-layout-flow wp-block-column-is-layout-flow\">\n<figure class=\"wp-block-image size-full\"><img alt=\"\" decoding=\"async\" width=\"800\" height=\"800\" src=\"https:\/\/www.usborkeychain.com\/wp-content\/uploads\/BloomKey-USB-flash-drive.jpg\" class=\"wp-image-4336\" srcset=\"https:\/\/www.usborkeychain.com\/wp-content\/uploads\/BloomKey-USB-flash-drive.jpg 800w, https:\/\/www.usborkeychain.com\/wp-content\/uploads\/BloomKey-USB-flash-drive-300x300.jpg 300w, https:\/\/www.usborkeychain.com\/wp-content\/uploads\/BloomKey-USB-flash-drive-150x150.jpg 150w, https:\/\/www.usborkeychain.com\/wp-content\/uploads\/BloomKey-USB-flash-drive-768x768.jpg 768w, https:\/\/www.usborkeychain.com\/wp-content\/uploads\/BloomKey-USB-flash-drive-12x12.jpg 12w, https:\/\/www.usborkeychain.com\/wp-content\/uploads\/BloomKey-USB-flash-drive-600x600.jpg 600w, https:\/\/www.usborkeychain.com\/wp-content\/uploads\/BloomKey-USB-flash-drive-100x100.jpg 100w\" sizes=\"(max-width: 800px) 100vw, 800px\" \/><\/figure>\n<\/div>\n\n\n\n<div class=\"wp-block-column is-vertically-aligned-center is-layout-flow wp-block-column-is-layout-flow\">\n<p><strong>Admite logotipos o motivos personalizados<\/strong>\u00a1! Aprovechando las propiedades de la aleaci\u00f3n de zinc, se adopta la tecnolog\u00eda de grabado por l\u00e1ser + coloraci\u00f3n por galvanoplastia: El grabado por l\u00e1ser puede grabar con precisi\u00f3n patrones en la superficie met\u00e1lica con l\u00edneas claras y profundidad moderada, asegurando que sean firmes y no se caigan f\u00e1cilmente. Si se necesita una decoraci\u00f3n en color, la galvanoplastia puede hacer que el color se adhiera uniformemente, integr\u00e1ndose de forma natural con la textura del metal, conservando el brillo original del material y consiguiendo una personalizaci\u00f3n a medida.<\/p>\n<\/div>\n<\/div>\n\n\n\n<h3 class=\"wp-block-heading\">\u00bfCu\u00e1les son las ventajas de la memoria USB?<\/h3>\n\n\n\n<div class=\"wp-block-columns is-layout-flex wp-container-core-columns-is-layout-28f84493 wp-block-columns-is-layout-flex\">\n<div class=\"wp-block-column is-vertically-aligned-center is-layout-flow wp-block-column-is-layout-flow\">\n<ul class=\"wp-block-list\">\n<li>Dise\u00f1o antip\u00e9rdida: Llavero de una sola pieza, compatible con varias cadenas.<\/li>\n\n\n\n<li>Protecci\u00f3n de la interfaz: Estructura de p\u00e9talo giratorio (con una vida \u00fatil de apertura y cierre de \u226510.000 veces), que envuelve completamente la interfaz USB cuando est\u00e1 cerrada.<\/li>\n\n\n\n<li>Resistencia a los golpes y a la presi\u00f3n: Superada la prueba de ca\u00edda de hormig\u00f3n desde 3 metros (relleno de gel de s\u00edlice interno amortiguador).<\/li>\n\n\n\n<li>Protecci\u00f3n electrost\u00e1tica: Protecci\u00f3n contra descargas atmosf\u00e9ricas de 15KV (300% mejor que las normas del sector).<\/li>\n\n\n\n<li>Modo de espera ultralargo: corriente de reposo \u2264100\u03bcA (los datos pueden almacenarse durante 10 a\u00f1os).<\/li>\n<\/ul>\n<\/div>\n\n\n\n<div class=\"wp-block-column is-layout-flow wp-block-column-is-layout-flow\">\n<figure class=\"wp-block-image aligncenter size-full\"><img alt=\"\" decoding=\"async\" width=\"800\" height=\"800\" src=\"https:\/\/www.usborkeychain.com\/wp-content\/uploads\/MetalBlossom-USB-flash-Drive.jpg\" class=\"wp-image-4338\" srcset=\"https:\/\/www.usborkeychain.com\/wp-content\/uploads\/MetalBlossom-USB-flash-Drive.jpg 800w, https:\/\/www.usborkeychain.com\/wp-content\/uploads\/MetalBlossom-USB-flash-Drive-300x300.jpg 300w, https:\/\/www.usborkeychain.com\/wp-content\/uploads\/MetalBlossom-USB-flash-Drive-150x150.jpg 150w, https:\/\/www.usborkeychain.com\/wp-content\/uploads\/MetalBlossom-USB-flash-Drive-768x768.jpg 768w, https:\/\/www.usborkeychain.com\/wp-content\/uploads\/MetalBlossom-USB-flash-Drive-12x12.jpg 12w, https:\/\/www.usborkeychain.com\/wp-content\/uploads\/MetalBlossom-USB-flash-Drive-600x600.jpg 600w, https:\/\/www.usborkeychain.com\/wp-content\/uploads\/MetalBlossom-USB-flash-Drive-100x100.jpg 100w\" sizes=\"(max-width: 800px) 100vw, 800px\" \/><\/figure>\n<\/div>\n<\/div>\n\n\n\n<h3 class=\"wp-block-heading\">\u00bfC\u00f3mo se fabrica esta memoria USB?<\/h3>\n\n\n\n<div class=\"wp-block-columns are-vertically-aligned-center is-layout-flex wp-container-core-columns-is-layout-28f84493 wp-block-columns-is-layout-flex\">\n<div class=\"wp-block-column is-vertically-aligned-center is-layout-flow wp-block-column-is-layout-flow\">\n<div class=\"wp-block-columns is-layout-flex wp-container-core-columns-is-layout-28f84493 wp-block-columns-is-layout-flex\">\n<div class=\"wp-block-column is-layout-flow wp-block-column-is-layout-flow\">\n<figure class=\"wp-block-image size-full\"><img alt=\"\" loading=\"lazy\" decoding=\"async\" width=\"800\" height=\"800\" src=\"https:\/\/www.usborkeychain.com\/wp-content\/uploads\/MetalPetal-Key-USB-flash-drive.jpg\" class=\"wp-image-4339\" srcset=\"https:\/\/www.usborkeychain.com\/wp-content\/uploads\/MetalPetal-Key-USB-flash-drive.jpg 800w, https:\/\/www.usborkeychain.com\/wp-content\/uploads\/MetalPetal-Key-USB-flash-drive-300x300.jpg 300w, https:\/\/www.usborkeychain.com\/wp-content\/uploads\/MetalPetal-Key-USB-flash-drive-150x150.jpg 150w, https:\/\/www.usborkeychain.com\/wp-content\/uploads\/MetalPetal-Key-USB-flash-drive-768x768.jpg 768w, https:\/\/www.usborkeychain.com\/wp-content\/uploads\/MetalPetal-Key-USB-flash-drive-12x12.jpg 12w, https:\/\/www.usborkeychain.com\/wp-content\/uploads\/MetalPetal-Key-USB-flash-drive-600x600.jpg 600w, https:\/\/www.usborkeychain.com\/wp-content\/uploads\/MetalPetal-Key-USB-flash-drive-100x100.jpg 100w\" sizes=\"(max-width: 800px) 100vw, 800px\" \/><\/figure>\n<\/div>\n<\/div>\n<\/div>\n\n\n\n<div class=\"wp-block-column is-vertically-aligned-center is-layout-flow wp-block-column-is-layout-flow\">\n<p>Pasa por los procesos de fundici\u00f3n a presi\u00f3n\u2192pulido fino\u2192tratamiento de la superficie (galvanoplastia\/antioxidaci\u00f3n)\u2192envasado en chips. La fundici\u00f3n a presi\u00f3n garantiza la reproducci\u00f3n exacta de la forma de la flor; el pulido hace que la superficie met\u00e1lica sea tan lisa como un espejo; el tratamiento de galvanoplastia\/antioxidaci\u00f3n da al producto un color retro o brillante y mejora su resistencia a las manchas; por \u00faltimo, el chip se empaqueta estrictamente para garantizar un almacenamiento de datos estable y una lectura y escritura sin problemas.<\/p>\n\n\n\n<p>La parte superior del<strong> Metal <strong>Flor<\/strong><\/strong> <strong>Memoria USB Key<\/strong> est\u00e1 equipado con un orificio circular para colgar, cuyo di\u00e1metro es compatible con los llaveros habituales del mercado (di\u00e1metro interior de 2 a 4 mm). Es f\u00e1cil de colgar y se puede ensartar f\u00e1cilmente con las llaves del coche y de la puerta, evitando su p\u00e9rdida durante el transporte diario, a\u00f1adiendo decoraci\u00f3n y haciendo que el llavero sea m\u00e1s personalizado.<\/p>\n<\/div>\n<\/div>\n\n\n\n<h2 class=\"wp-block-heading\">\u00bfQu\u00e9 industrias pueden utilizarlo?<\/h2>\n\n\n\n<ul class=\"wp-block-list\">\n<li><strong>Industria de la belleza y la moda<\/strong>: En consonancia con el estilo exquisito y a la moda de la marca, los logotipos personalizados pueden utilizarse como regalos de promoci\u00f3n de nuevos productos y regalos de agradecimiento a los socios.<\/li>\n\n\n\n<li><strong>Industria joyera<\/strong>: El elemento floral se hace eco de los atributos de la industria, y la textura met\u00e1lica muestra una calidad de gama alta.<\/li>\n\n\n\n<li><strong>Sector de las bodas<\/strong>: La forma de flor tiene un buen significado. Personalizada con los nombres de los novios y los temas de la boda, se puede utilizar como regalo para los invitados.<\/li>\n\n\n\n<li><strong>Industria cultural y creativa<\/strong>: En colaboraci\u00f3n con empresas culturales y creativas, se puede personalizar con motivos \u00fanicos y utilizar como regalo perif\u00e9rico en exposiciones culturales y creativas y en tiendas f\u00edsicas para atraer a los consumidores j\u00f3venes.<\/li>\n<\/ul>\n\n\n\n<p>En <strong>Memoria USB Metal Flower Key<\/strong>, con aleaci\u00f3n de zinc que garantiza su durabilidad y textura, tiene una forma de flor peque\u00f1a y delicada, f\u00e1cil de transportar. USB3.0 permite una lectura y escritura eficientes, y admite la personalizaci\u00f3n. Tiene ventajas sobresalientes en protecci\u00f3n y compatibilidad, y el agujero es adecuado para llaveros para facilitar su transporte. Es muy apreciado como regalo en los sectores de la belleza, la joyer\u00eda, las bodas y otros, y es un buen producto que integra almacenamiento pr\u00e1ctico, decoraci\u00f3n personalizada y transmisi\u00f3n emocional.<\/p>","protected":false},"excerpt":{"rendered":"<ul>\n<li>Material met\u00e1lico<\/li>\n<li>Llave de flor<\/li>\n<li>Protecci\u00f3n de interfaces<\/li>\n<li>Autonom\u00eda ultralarga<\/li>\n<li>MOQ\uff1a100pcs<\/li>\n<\/ul>","protected":false},"featured_media":4337,"comment_status":"open","ping_status":"closed","template":"","meta":{"_seopress_robots_primary_cat":"","_seopress_titles_title":"","_seopress_titles_desc":"","_seopress_robots_index":"","site-sidebar-layout":"default","site-content-layout":"","ast-site-content-layout":"","site-content-style":"default","site-sidebar-style":"default","ast-global-header-display":"","ast-banner-title-visibility":"","ast-main-header-display":"","ast-hfb-above-header-display":"","ast-hfb-below-header-display":"","ast-hfb-mobile-header-display":"","site-post-title":"","ast-breadcrumbs-content":"","ast-featured-img":"","footer-sml-layout":"","theme-transparent-header-meta":"","adv-header-id-meta":"","stick-header-meta":"","header-above-stick-meta":"","header-main-stick-meta":"","header-below-stick-meta":"","astra-migrate-meta-layouts":"default","ast-page-background-enabled":"default","ast-page-background-meta":{"desktop":{"background-color":"var(--ast-global-color-5)","background-image":"","background-repeat":"repeat","background-position":"center center","background-size":"auto","background-attachment":"scroll","background-type":"","background-media":"","overlay-type":"","overlay-color":"","overlay-opacity":"","overlay-gradient":""},"tablet":{"background-color":"","background-image":"","background-repeat":"repeat","background-position":"center center","background-size":"auto","background-attachment":"scroll","background-type":"","background-media":"","overlay-type":"","overlay-color":"","overlay-opacity":"","overlay-gradient":""},"mobile":{"background-color":"","background-image":"","background-repeat":"repeat","background-position":"center center","background-size":"auto","background-attachment":"scroll","background-type":"","background-media":"","overlay-type":"","overlay-color":"","overlay-opacity":"","overlay-gradient":""}},"ast-content-background-meta":{"desktop":{"background-color":"var(--ast-global-color-4)","background-image":"","background-repeat":"repeat","background-position":"center center","background-size":"auto","background-attachment":"scroll","background-type":"","background-media":"","overlay-type":"","overlay-color":"","overlay-opacity":"","overlay-gradient":""},"tablet":{"background-color":"var(--ast-global-color-4)","background-image":"","background-repeat":"repeat","background-position":"center center","background-size":"auto","background-attachment":"scroll","background-type":"","background-media":"","overlay-type":"","overlay-color":"","overlay-opacity":"","overlay-gradient":""},"mobile":{"background-color":"var(--ast-global-color-4)","background-image":"","background-repeat":"repeat","background-position":"center center","background-size":"auto","background-attachment":"scroll","background-type":"","background-media":"","overlay-type":"","overlay-color":"","overlay-opacity":"","overlay-gradient":""}}},"product_brand":[],"product_cat":[108],"product_tag":[260,261],"class_list":{"0":"post-4333","1":"product","2":"type-product","3":"status-publish","4":"has-post-thumbnail","6":"product_cat-key-shaped-usb-pendrive","7":"product_tag-metal-flower-key-usb-flash-drive","8":"product_tag-metal-usb-falsh-drive","9":"desktop-align-left","10":"tablet-align-left","11":"mobile-align-left","13":"first","14":"instock","15":"shipping-taxable","16":"product-type-simple"},"_links":{"self":[{"href":"https:\/\/www.usborkeychain.com\/es\/wp-json\/wp\/v2\/product\/4333","targetHints":{"allow":["GET"]}}],"collection":[{"href":"https:\/\/www.usborkeychain.com\/es\/wp-json\/wp\/v2\/product"}],"about":[{"href":"https:\/\/www.usborkeychain.com\/es\/wp-json\/wp\/v2\/types\/product"}],"replies":[{"embeddable":true,"href":"https:\/\/www.usborkeychain.com\/es\/wp-json\/wp\/v2\/comments?post=4333"}],"wp:featuredmedia":[{"embeddable":true,"href":"https:\/\/www.usborkeychain.com\/es\/wp-json\/wp\/v2\/media\/4337"}],"wp:attachment":[{"href":"https:\/\/www.usborkeychain.com\/es\/wp-json\/wp\/v2\/media?parent=4333"}],"wp:term":[{"taxonomy":"product_brand","embeddable":true,"href":"https:\/\/www.usborkeychain.com\/es\/wp-json\/wp\/v2\/product_brand?post=4333"},{"taxonomy":"product_cat","embeddable":true,"href":"https:\/\/www.usborkeychain.com\/es\/wp-json\/wp\/v2\/product_cat?post=4333"},{"taxonomy":"product_tag","embeddable":true,"href":"https:\/\/www.usborkeychain.com\/es\/wp-json\/wp\/v2\/product_tag?post=4333"}],"curies":[{"name":"wp","href":"https:\/\/api.w.org\/{rel}","templated":true}]}}