{"id":4341,"date":"2025-07-22T08:08:30","date_gmt":"2025-07-22T08:08:30","guid":{"rendered":"https:\/\/www.usborkeychain.com\/?post_type=product&#038;p=4341"},"modified":"2025-07-22T08:12:20","modified_gmt":"2025-07-22T08:12:20","slug":"thickened-metal-key-usb-flash-drive","status":"publish","type":"product","link":"https:\/\/www.usborkeychain.com\/es\/producto\/thickened-metal-key-usb-flash-drive\/","title":{"rendered":"Memoria USB Thickened Metal Key"},"content":{"rendered":"<div class=\"wp-block-columns are-vertically-aligned-center is-layout-flex wp-container-core-columns-is-layout-28f84493 wp-block-columns-is-layout-flex\">\n<div class=\"wp-block-column is-vertically-aligned-center is-layout-flow wp-block-column-is-layout-flow\">\n<p>El cuerpo principal del<strong> llave met\u00e1lica engrosada unidad flash USB<\/strong> est\u00e1 fabricado con una aleaci\u00f3n de zinc de alta calidad, que tiene muchas propiedades excelentes:<\/p>\n\n\n\n<ul class=\"wp-block-list\">\n<li>Gran durabilidad: Alta dureza, no es f\u00e1cil de deformar o rayar. En comparaci\u00f3n con las unidades USB delgadas, debido al material fuerte, puede proteger mejor el chip interno en caso de ca\u00eddas accidentales. En el uso diario, incluso si se cae accidentalmente, la carcasa de aleaci\u00f3n de zinc engrosada puede resistir eficazmente el impacto.<\/li>\n\n\n\n<li>Buena resistencia a la corrosi\u00f3n: La superficie ha sido sometida a un tratamiento especial anticorrosi\u00f3n, que puede resistir la erosi\u00f3n de la humedad, el sudor, etc. del aire, y mantener un aspecto bonito durante mucho tiempo. Por el contrario, algunas unidades USB finas pueden estar fabricadas con materiales m\u00e1s baratos, propensos a la oxidaci\u00f3n y la corrosi\u00f3n, lo que afecta a su aspecto y acorta su vida \u00fatil.<\/li>\n\n\n\n<li>Textura y peso: El dise\u00f1o engrosado combinado con la aleaci\u00f3n de zinc confiere a la unidad USB una textura m\u00e1s s\u00f3lida y de gama alta. Tiene un cierto peso en la mano, diferente de la sensaci\u00f3n de ligereza de los modelos finos, lo que aumenta la sensaci\u00f3n de valor y placer durante su uso.<\/li>\n<\/ul>\n<\/div>\n\n\n\n<div class=\"wp-block-column is-vertically-aligned-center is-layout-flow wp-block-column-is-layout-flow\">\n<figure class=\"wp-block-image aligncenter size-full\"><img alt=\"\" fetchpriority=\"high\" decoding=\"async\" width=\"800\" height=\"800\" src=\"https:\/\/www.usborkeychain.com\/wp-content\/uploads\/ThickMetalKey-USB-flash-drive.png\" class=\"wp-image-4346\" srcset=\"https:\/\/www.usborkeychain.com\/wp-content\/uploads\/ThickMetalKey-USB-flash-drive.png 800w, https:\/\/www.usborkeychain.com\/wp-content\/uploads\/ThickMetalKey-USB-flash-drive-300x300.png 300w, https:\/\/www.usborkeychain.com\/wp-content\/uploads\/ThickMetalKey-USB-flash-drive-150x150.png 150w, https:\/\/www.usborkeychain.com\/wp-content\/uploads\/ThickMetalKey-USB-flash-drive-768x768.png 768w, https:\/\/www.usborkeychain.com\/wp-content\/uploads\/ThickMetalKey-USB-flash-drive-12x12.png 12w, https:\/\/www.usborkeychain.com\/wp-content\/uploads\/ThickMetalKey-USB-flash-drive-600x600.png 600w, https:\/\/www.usborkeychain.com\/wp-content\/uploads\/ThickMetalKey-USB-flash-drive-100x100.png 100w\" sizes=\"(max-width: 800px) 100vw, 800px\" \/><\/figure>\n<\/div>\n<\/div>\n\n\n\n<h2 class=\"wp-block-heading\">Par\u00e1metros de la unidad USB<\/h2>\n\n\n\n<figure class=\"wp-block-table\"><table class=\"has-fixed-layout\"><thead><tr><th>Categor\u00eda de par\u00e1metros<\/th><th>Detalles<\/th><\/tr><\/thead><tbody><tr><td>Interfaz est\u00e1ndar<\/td><td>USB 3.0 (compatible con USB 2.0)<\/td><\/tr><tr><td>Opciones de capacidad<\/td><td>8GB, 16GB, 32GB, 64GB, 128GB<\/td><\/tr><tr><td>Tama\u00f1o del producto (longitud \u00d7 anchura \u00d7 grosor)<\/td><td>Aproximadamente 55 mm \u00d7 20 mm \u00d7 5 mm<\/td><\/tr><tr><td>Peso<\/td><td>Aproximadamente 25 - 30 g<\/td><\/tr><\/tbody><\/table><\/figure>\n\n\n\n<h2 class=\"wp-block-heading\">\u00bfSe puede personalizar el logotipo?<\/h2>\n\n\n\n<div class=\"wp-block-columns is-layout-flex wp-container-core-columns-is-layout-28f84493 wp-block-columns-is-layout-flex\">\n<div class=\"wp-block-column is-layout-flow wp-block-column-is-layout-flow\">\n<figure class=\"wp-block-image aligncenter size-full\"><img alt=\"\" decoding=\"async\" width=\"800\" height=\"800\" src=\"https:\/\/www.usborkeychain.com\/wp-content\/uploads\/ThickKey-USB-Flash-drive.png\" class=\"wp-image-4345\" srcset=\"https:\/\/www.usborkeychain.com\/wp-content\/uploads\/ThickKey-USB-Flash-drive.png 800w, https:\/\/www.usborkeychain.com\/wp-content\/uploads\/ThickKey-USB-Flash-drive-300x300.png 300w, https:\/\/www.usborkeychain.com\/wp-content\/uploads\/ThickKey-USB-Flash-drive-150x150.png 150w, https:\/\/www.usborkeychain.com\/wp-content\/uploads\/ThickKey-USB-Flash-drive-768x768.png 768w, https:\/\/www.usborkeychain.com\/wp-content\/uploads\/ThickKey-USB-Flash-drive-12x12.png 12w, https:\/\/www.usborkeychain.com\/wp-content\/uploads\/ThickKey-USB-Flash-drive-600x600.png 600w, https:\/\/www.usborkeychain.com\/wp-content\/uploads\/ThickKey-USB-Flash-drive-100x100.png 100w\" sizes=\"(max-width: 800px) 100vw, 800px\" \/><\/figure>\n<\/div>\n\n\n\n<div class=\"wp-block-column is-vertically-aligned-center is-layout-flow wp-block-column-is-layout-flow\">\n<p>La memoria USB con llave met\u00e1lica engrosada admite la personalizaci\u00f3n de logotipos o motivos.<\/p>\n\n\n\n<p>Grabado por l\u00e1ser: Utilizaci\u00f3n de un rayo l\u00e1ser de alta energ\u00eda para grabar con precisi\u00f3n patrones en la superficie de aleaci\u00f3n de zinc.<\/p>\n\n\n\n<p>Coloreado galv\u00e1nico (si se necesita un efecto de color): Despu\u00e9s del grabado l\u00e1ser, si desea a\u00f1adir color al logotipo o patr\u00f3n, se puede utilizar la coloraci\u00f3n por galvanoplastia.<\/p>\n<\/div>\n<\/div>\n\n\n\n<h2 class=\"wp-block-heading\">\u00bfCu\u00e1les son las ventajas de esta unidad USB?<\/h2>\n\n\n\n<div class=\"wp-block-columns are-vertically-aligned-center is-layout-flex wp-container-core-columns-is-layout-28f84493 wp-block-columns-is-layout-flex\">\n<div class=\"wp-block-column is-vertically-aligned-center is-layout-flow wp-block-column-is-layout-flow\">\n<ul class=\"wp-block-list\">\n<li>Mayor protecci\u00f3n: Adem\u00e1s de las ventajas de durabilidad antes mencionadas, la carcasa de aleaci\u00f3n de zinc engrosada tambi\u00e9n puede proporcionar una mejor disipaci\u00f3n del calor para el chip interno. El metal tiene una buena conductividad t\u00e9rmica, que puede disipar r\u00e1pidamente el calor generado por el chip durante el funcionamiento, garantizando el funcionamiento estable de la unidad USB.<\/li>\n\n\n\n<li>Dise\u00f1o \u00fanico: La forma de la llave es a la vez bonita y pr\u00e1ctica. El dise\u00f1o engrosado hace que su tacto y aspecto sean m\u00e1s parecidos a los de una llave de verdad, que es f\u00e1cil de llevar en un llavero, no es f\u00e1cil de perder y es muy llamativo como regalo o art\u00edculo promocional.<\/li>\n\n\n\n<li>Almacenamiento de datos duradero: El material de aleaci\u00f3n de zinc de alta calidad combinado con la tecnolog\u00eda de chip avanzada garantiza un almacenamiento de datos estable a largo plazo. Incluso si est\u00e1 inactivo durante mucho tiempo, los datos internos pueden ser bien conservados, que es mucho mejor que el problema de p\u00e9rdida de datos de algunas unidades USB delgadas de baja calidad.<\/li>\n<\/ul>\n<\/div>\n\n\n\n<div class=\"wp-block-column is-vertically-aligned-center is-layout-flow wp-block-column-is-layout-flow\">\n<figure class=\"wp-block-image aligncenter size-full\"><img alt=\"\" decoding=\"async\" width=\"800\" height=\"800\" src=\"https:\/\/www.usborkeychain.com\/wp-content\/uploads\/HeavyDutyKey-USB-flash-Drive.png\" class=\"wp-image-4344\" srcset=\"https:\/\/www.usborkeychain.com\/wp-content\/uploads\/HeavyDutyKey-USB-flash-Drive.png 800w, https:\/\/www.usborkeychain.com\/wp-content\/uploads\/HeavyDutyKey-USB-flash-Drive-300x300.png 300w, https:\/\/www.usborkeychain.com\/wp-content\/uploads\/HeavyDutyKey-USB-flash-Drive-150x150.png 150w, https:\/\/www.usborkeychain.com\/wp-content\/uploads\/HeavyDutyKey-USB-flash-Drive-768x768.png 768w, https:\/\/www.usborkeychain.com\/wp-content\/uploads\/HeavyDutyKey-USB-flash-Drive-12x12.png 12w, https:\/\/www.usborkeychain.com\/wp-content\/uploads\/HeavyDutyKey-USB-flash-Drive-600x600.png 600w, https:\/\/www.usborkeychain.com\/wp-content\/uploads\/HeavyDutyKey-USB-flash-Drive-100x100.png 100w\" sizes=\"(max-width: 800px) 100vw, 800px\" \/><\/figure>\n<\/div>\n<\/div>\n\n\n\n<h2 class=\"wp-block-heading\">\u00bfC\u00f3mo se fabrica esta unidad USB?<\/h2>\n\n\n\n<ul class=\"wp-block-list\">\n<li>Conformaci\u00f3n por fundici\u00f3n a presi\u00f3n: En primer lugar, hacer un molde de acuerdo con la forma de la llave, e inyectar aleaci\u00f3n de zinc fundido en el molde bajo alta presi\u00f3n para formar la forma b\u00e1sica de la carcasa de la unidad USB, asegurando la exactitud de la forma engrosada.<\/li>\n\n\n\n<li>Procesamiento de precisi\u00f3n: Tras la fundici\u00f3n a presi\u00f3n, se lleva a cabo un procesamiento de precisi\u00f3n, como el corte y el pulido, para que la superficie de la carcasa sea lisa y plana con dimensiones exactas.<\/li>\n\n\n\n<li>Tratamiento de la superficie: Se lleva a cabo un tratamiento anticorrosi\u00f3n, como la galvanoplastia o la pulverizaci\u00f3n de revestimientos anticorrosi\u00f3n, para mejorar la resistencia a la corrosi\u00f3n de la superficie de aleaci\u00f3n de zinc.<\/li>\n\n\n\n<li>Instalaci\u00f3n y prueba de chips: Instale chips de memoria flash de alta calidad y, a continuaci\u00f3n, realice pruebas estrictas de velocidad de lectura y escritura, estabilidad de almacenamiento de datos, compatibilidad de interfaz, etc., para garantizar que cada unidad USB cumple las normas.<\/li>\n<\/ul>\n\n\n\n<h2 class=\"wp-block-heading\">\u00bfCu\u00e1l es el ciclo de producci\u00f3n de la personalizaci\u00f3n en masa?<\/h2>\n\n\n\n<ul class=\"wp-block-list\">\n<li>Ciclo est\u00e1ndar: 1-2 semanas (dependiendo de la cantidad del pedido).<\/li>\n\n\n\n<li>Servicio urgente: Puede acortarse a 5-7 d\u00edas (gastos adicionales).<\/li>\n\n\n\n<li>Cantidad m\u00ednima de pedido: Por lo general, 100 piezas, apoyando la personalizaci\u00f3n de lotes peque\u00f1os.<\/li>\n<\/ul>\n\n\n\n<h2 class=\"wp-block-heading\">\u00bfA qu\u00e9 sectores se aplica?<\/h2>\n\n\n\n<ul class=\"wp-block-list\">\n<li>Regalos de empresa: Celebraciones de aniversarios de empresa, regalos de agradecimiento a clientes, regalos VIP.<\/li>\n\n\n\n<li>Industria electr\u00f3nica digital: Promociones de productos, regalos de exposiciones.<\/li>\n\n\n\n<li>Finanzas y seguros: Regalos de alta gama a los clientes para mejorar la imagen de marca.<\/li>\n\n\n\n<li>Educaci\u00f3n y formaci\u00f3n: Recuerdos de conferencias, regalos de graduaci\u00f3n para estudiantes.<\/li>\n\n\n\n<li>Sector inmobiliario: Regalos a domicilio, regalos exclusivos para propietarios.<\/li>\n<\/ul>\n\n\n\n<p>  Con <strong>material de aleaci\u00f3n de zinc de alta calidad<\/strong>Con excelentes par\u00e1metros de rendimiento, soporte para la personalizaci\u00f3n y una serie de ventajas excepcionales, el espesado <strong>llave met\u00e1lica unidad flash USB<\/strong> no s\u00f3lo es una pr\u00e1ctica herramienta de almacenamiento de datos, sino tambi\u00e9n una opci\u00f3n de alta calidad para regalos y art\u00edculos promocionales. En t\u00e9rminos de durabilidad, dise\u00f1o de apariencia y adaptabilidad de personalizaci\u00f3n, puede satisfacer las necesidades de diferentes usuarios e industrias. El ciclo de personalizaci\u00f3n masiva es razonable, y se utiliza ampliamente en los sectores inmobiliario, automovil\u00edstico, financiero y otros, proporcionando nuevas opciones para la promoci\u00f3n de la marca y el mantenimiento de las relaciones con los clientes.<\/p>","protected":false},"excerpt":{"rendered":"<ul>\n<li>Material de aleaci\u00f3n de zinc<\/li>\n<li>Llave met\u00e1lica<\/li>\n<li>R\u00e1pida disipaci\u00f3n del calor<\/li>\n<li>Almacenamiento de datos estable y duradero<\/li>\n<li>\n<div class=\"flex flex-row w-full\" data-testid=\"message_content\" data-message-id=\"13201365837892610\">\n<div class=\"w-full\" data-plugin-identifier=\"Symbol(infra:receive-message-box:text)\">\n<div class=\"container-ZYIsnH flow-markdown-body theme-samantha-Nbr9UN\" dir=\"ltr\" data-testid=\"message_text_content\" data-show-indicator=\"false\">\n<div class=\"auto-hide-last-sibling-br paragraph-JOTKXA paragraph-element br-paragraph-space\">MOQ:100PCS<\/div>\n<div><\/div>\n<div><\/div>\n<div><\/div>\n<\/div>\n<\/div>\n<\/div>\n<div class=\"answer-action-bar-pgm2JD answer-action-bar flex flex-col justify-end\" data-testid=\"message_action_bar\">\n<div class=\"container-rxM4SW flex flex-row items-start w-full self-center\" data-message-action-bar=\"1\">\n<div class=\"left-Y7jNAM\">\n<div class=\"bp5-overflow-list container-i9_9R9 align-start-BRJcKo inner-K6EVuU\">\n<div class=\"flex\" tabindex=\"0\" aria-expanded=\"false\" aria-haspopup=\"dialog\" aria-controls=\"16wbfjk\" data-popupid=\"16wbfjk\"><\/div>\n<\/div>\n<\/div>\n<\/div>\n<\/div>\n<\/li>\n<\/ul>","protected":false},"featured_media":4346,"comment_status":"open","ping_status":"closed","template":"","meta":{"_seopress_robots_primary_cat":"","_seopress_titles_title":"","_seopress_titles_desc":"","_seopress_robots_index":"","site-sidebar-layout":"default","site-content-layout":"","ast-site-content-layout":"","site-content-style":"default","site-sidebar-style":"default","ast-global-header-display":"","ast-banner-title-visibility":"","ast-main-header-display":"","ast-hfb-above-header-display":"","ast-hfb-below-header-display":"","ast-hfb-mobile-header-display":"","site-post-title":"","ast-breadcrumbs-content":"","ast-featured-img":"","footer-sml-layout":"","theme-transparent-header-meta":"","adv-header-id-meta":"","stick-header-meta":"","header-above-stick-meta":"","header-main-stick-meta":"","header-below-stick-meta":"","astra-migrate-meta-layouts":"default","ast-page-background-enabled":"default","ast-page-background-meta":{"desktop":{"background-color":"var(--ast-global-color-5)","background-image":"","background-repeat":"repeat","background-position":"center center","background-size":"auto","background-attachment":"scroll","background-type":"","background-media":"","overlay-type":"","overlay-color":"","overlay-opacity":"","overlay-gradient":""},"tablet":{"background-color":"","background-image":"","background-repeat":"repeat","background-position":"center center","background-size":"auto","background-attachment":"scroll","background-type":"","background-media":"","overlay-type":"","overlay-color":"","overlay-opacity":"","overlay-gradient":""},"mobile":{"background-color":"","background-image":"","background-repeat":"repeat","background-position":"center center","background-size":"auto","background-attachment":"scroll","background-type":"","background-media":"","overlay-type":"","overlay-color":"","overlay-opacity":"","overlay-gradient":""}},"ast-content-background-meta":{"desktop":{"background-color":"var(--ast-global-color-4)","background-image":"","background-repeat":"repeat","background-position":"center center","background-size":"auto","background-attachment":"scroll","background-type":"","background-media":"","overlay-type":"","overlay-color":"","overlay-opacity":"","overlay-gradient":""},"tablet":{"background-color":"var(--ast-global-color-4)","background-image":"","background-repeat":"repeat","background-position":"center center","background-size":"auto","background-attachment":"scroll","background-type":"","background-media":"","overlay-type":"","overlay-color":"","overlay-opacity":"","overlay-gradient":""},"mobile":{"background-color":"var(--ast-global-color-4)","background-image":"","background-repeat":"repeat","background-position":"center center","background-size":"auto","background-attachment":"scroll","background-type":"","background-media":"","overlay-type":"","overlay-color":"","overlay-opacity":"","overlay-gradient":""}}},"product_brand":[],"product_cat":[108],"product_tag":[259,262],"class_list":{"0":"post-4341","1":"product","2":"type-product","3":"status-publish","4":"has-post-thumbnail","6":"product_cat-key-shaped-usb-pendrive","7":"product_tag-metal-key-usb-flash-drive","8":"product_tag-thickened-metal-key-usb-falsh-drive","9":"desktop-align-left","10":"tablet-align-left","11":"mobile-align-left","13":"first","14":"instock","15":"shipping-taxable","16":"product-type-simple"},"_links":{"self":[{"href":"https:\/\/www.usborkeychain.com\/es\/wp-json\/wp\/v2\/product\/4341","targetHints":{"allow":["GET"]}}],"collection":[{"href":"https:\/\/www.usborkeychain.com\/es\/wp-json\/wp\/v2\/product"}],"about":[{"href":"https:\/\/www.usborkeychain.com\/es\/wp-json\/wp\/v2\/types\/product"}],"replies":[{"embeddable":true,"href":"https:\/\/www.usborkeychain.com\/es\/wp-json\/wp\/v2\/comments?post=4341"}],"wp:featuredmedia":[{"embeddable":true,"href":"https:\/\/www.usborkeychain.com\/es\/wp-json\/wp\/v2\/media\/4346"}],"wp:attachment":[{"href":"https:\/\/www.usborkeychain.com\/es\/wp-json\/wp\/v2\/media?parent=4341"}],"wp:term":[{"taxonomy":"product_brand","embeddable":true,"href":"https:\/\/www.usborkeychain.com\/es\/wp-json\/wp\/v2\/product_brand?post=4341"},{"taxonomy":"product_cat","embeddable":true,"href":"https:\/\/www.usborkeychain.com\/es\/wp-json\/wp\/v2\/product_cat?post=4341"},{"taxonomy":"product_tag","embeddable":true,"href":"https:\/\/www.usborkeychain.com\/es\/wp-json\/wp\/v2\/product_tag?post=4341"}],"curies":[{"name":"wp","href":"https:\/\/api.w.org\/{rel}","templated":true}]}}