{"id":4347,"date":"2025-07-22T09:43:27","date_gmt":"2025-07-22T09:43:27","guid":{"rendered":"https:\/\/www.usborkeychain.com\/?post_type=product&#038;p=4347"},"modified":"2025-07-23T03:06:42","modified_gmt":"2025-07-23T03:06:42","slug":"classic-metal-key-usb-flash-drive","status":"publish","type":"product","link":"https:\/\/www.usborkeychain.com\/es\/producto\/classic-metal-key-usb-flash-drive\/","title":{"rendered":"Memoria USB Classic Metal Key"},"content":{"rendered":"<div class=\"wp-block-columns are-vertically-aligned-center is-layout-flex wp-container-core-columns-is-layout-28f84493 wp-block-columns-is-layout-flex\">\n<div class=\"wp-block-column is-vertically-aligned-center is-layout-flow wp-block-column-is-layout-flow\">\n<p>La memoria USB cl\u00e1sica con llave met\u00e1lica est\u00e1 fabricada con aleaci\u00f3n de zinc de alta calidad. Este material es robusto y resistente al desgaste y, en comparaci\u00f3n con la mayor\u00eda de las unidades USB de pl\u00e1stico, resiste mejor las ca\u00eddas y ara\u00f1azos diarios, lo que prolonga su vida \u00fatil y protege su inversi\u00f3n en almacenamiento de datos.<\/p>\n\n\n\n<p>A pesar de ser de metal, presenta un dise\u00f1o ultrafino. Combinado con su forma de llave, es extremadamente f\u00e1cil de llevar. Puedes engancharla f\u00e1cilmente a un llavero para acceder r\u00e1pidamente a ella, y no te resultar\u00e1 pesada ni siquiera cuando la lleves en el bolsillo.<\/p>\n\n\n\n<p>Los componentes internos est\u00e1n adaptados de forma \u00f3ptima a la carcasa met\u00e1lica y admiten protocolos de transmisi\u00f3n de alta velocidad (seg\u00fan el modelo, normalmente USB 2.0 o USB 3.0). Los archivos de gran tama\u00f1o, como v\u00eddeos HD, documentos voluminosos y fotos de alta resoluci\u00f3n, pueden transferirse en pocos segundos, lo que mejora la eficacia del trabajo y el entretenimiento.<\/p>\n<\/div>\n\n\n\n<div class=\"wp-block-column is-vertically-aligned-center is-layout-flow wp-block-column-is-layout-flow\">\n<figure class=\"wp-block-image size-full\"><img alt=\"\" fetchpriority=\"high\" decoding=\"async\" width=\"800\" height=\"800\" src=\"https:\/\/www.usborkeychain.com\/wp-content\/uploads\/Key-Shaped-Metal-USB-flash-drive.png\" class=\"wp-image-4353\" srcset=\"https:\/\/www.usborkeychain.com\/wp-content\/uploads\/Key-Shaped-Metal-USB-flash-drive.png 800w, https:\/\/www.usborkeychain.com\/wp-content\/uploads\/Key-Shaped-Metal-USB-flash-drive-300x300.png 300w, https:\/\/www.usborkeychain.com\/wp-content\/uploads\/Key-Shaped-Metal-USB-flash-drive-150x150.png 150w, https:\/\/www.usborkeychain.com\/wp-content\/uploads\/Key-Shaped-Metal-USB-flash-drive-768x768.png 768w, https:\/\/www.usborkeychain.com\/wp-content\/uploads\/Key-Shaped-Metal-USB-flash-drive-12x12.png 12w, https:\/\/www.usborkeychain.com\/wp-content\/uploads\/Key-Shaped-Metal-USB-flash-drive-600x600.png 600w, https:\/\/www.usborkeychain.com\/wp-content\/uploads\/Key-Shaped-Metal-USB-flash-drive-100x100.png 100w\" sizes=\"(max-width: 800px) 100vw, 800px\" \/><\/figure>\n<\/div>\n<\/div>\n\n\n\n<h2 class=\"wp-block-heading\">Par\u00e1metros de la unidad USB<\/h2>\n\n\n\n<figure class=\"wp-block-table\"><table class=\"has-fixed-layout\"><thead><tr><th>Categor\u00eda de par\u00e1metros<\/th><th>Detalles<\/th><\/tr><\/thead><tbody><tr><td>Tipo de interfaz<\/td><td>USB 2.0 \/ USB 3.0<\/td><\/tr><tr><td>Opciones de capacidad<\/td><td>8GB, 16GB, 32GB, 64GB, 128GB<\/td><\/tr><tr><td>Dimensiones (longitud \u00d7 anchura \u00d7 grosor)<\/td><td>Aproximadamente 55mm\u00d720mm\u00d73mm<\/td><\/tr><tr><td>Peso<\/td><td>Aproximadamente 15 - 20 g<\/td><\/tr><\/tbody><\/table><\/figure>\n\n\n\n<div class=\"wp-block-columns is-layout-flex wp-container-core-columns-is-layout-28f84493 wp-block-columns-is-layout-flex\">\n<div class=\"wp-block-column is-layout-flow wp-block-column-is-layout-flow\">\n<figure class=\"wp-block-image size-full\"><img alt=\"\" decoding=\"async\" width=\"800\" height=\"800\" src=\"https:\/\/www.usborkeychain.com\/wp-content\/uploads\/Zinc-Alloy-Key-USB-flash-drive.png\" class=\"wp-image-4356\" srcset=\"https:\/\/www.usborkeychain.com\/wp-content\/uploads\/Zinc-Alloy-Key-USB-flash-drive.png 800w, https:\/\/www.usborkeychain.com\/wp-content\/uploads\/Zinc-Alloy-Key-USB-flash-drive-300x300.png 300w, https:\/\/www.usborkeychain.com\/wp-content\/uploads\/Zinc-Alloy-Key-USB-flash-drive-150x150.png 150w, https:\/\/www.usborkeychain.com\/wp-content\/uploads\/Zinc-Alloy-Key-USB-flash-drive-768x768.png 768w, https:\/\/www.usborkeychain.com\/wp-content\/uploads\/Zinc-Alloy-Key-USB-flash-drive-12x12.png 12w, https:\/\/www.usborkeychain.com\/wp-content\/uploads\/Zinc-Alloy-Key-USB-flash-drive-600x600.png 600w, https:\/\/www.usborkeychain.com\/wp-content\/uploads\/Zinc-Alloy-Key-USB-flash-drive-100x100.png 100w\" sizes=\"(max-width: 800px) 100vw, 800px\" \/><\/figure>\n<\/div>\n\n\n\n<div class=\"wp-block-column is-layout-flow wp-block-column-is-layout-flow\">\n<figure class=\"wp-block-image size-full\"><img alt=\"\" decoding=\"async\" width=\"800\" height=\"800\" src=\"https:\/\/www.usborkeychain.com\/wp-content\/uploads\/Durable-Metal-Key-USB-flash-drive.png\" class=\"wp-image-4352\" srcset=\"https:\/\/www.usborkeychain.com\/wp-content\/uploads\/Durable-Metal-Key-USB-flash-drive.png 800w, https:\/\/www.usborkeychain.com\/wp-content\/uploads\/Durable-Metal-Key-USB-flash-drive-300x300.png 300w, https:\/\/www.usborkeychain.com\/wp-content\/uploads\/Durable-Metal-Key-USB-flash-drive-150x150.png 150w, https:\/\/www.usborkeychain.com\/wp-content\/uploads\/Durable-Metal-Key-USB-flash-drive-768x768.png 768w, https:\/\/www.usborkeychain.com\/wp-content\/uploads\/Durable-Metal-Key-USB-flash-drive-12x12.png 12w, https:\/\/www.usborkeychain.com\/wp-content\/uploads\/Durable-Metal-Key-USB-flash-drive-600x600.png 600w, https:\/\/www.usborkeychain.com\/wp-content\/uploads\/Durable-Metal-Key-USB-flash-drive-100x100.png 100w\" sizes=\"(max-width: 800px) 100vw, 800px\" \/><\/figure>\n<\/div>\n\n\n\n<div class=\"wp-block-column is-layout-flow wp-block-column-is-layout-flow\">\n<figure class=\"wp-block-image size-full\"><img alt=\"\" loading=\"lazy\" decoding=\"async\" width=\"800\" height=\"800\" src=\"https:\/\/www.usborkeychain.com\/wp-content\/uploads\/Stylish-Key-USB-flash-drive.png\" class=\"wp-image-4355\" srcset=\"https:\/\/www.usborkeychain.com\/wp-content\/uploads\/Stylish-Key-USB-flash-drive.png 800w, https:\/\/www.usborkeychain.com\/wp-content\/uploads\/Stylish-Key-USB-flash-drive-300x300.png 300w, https:\/\/www.usborkeychain.com\/wp-content\/uploads\/Stylish-Key-USB-flash-drive-150x150.png 150w, https:\/\/www.usborkeychain.com\/wp-content\/uploads\/Stylish-Key-USB-flash-drive-768x768.png 768w, https:\/\/www.usborkeychain.com\/wp-content\/uploads\/Stylish-Key-USB-flash-drive-12x12.png 12w, https:\/\/www.usborkeychain.com\/wp-content\/uploads\/Stylish-Key-USB-flash-drive-600x600.png 600w, https:\/\/www.usborkeychain.com\/wp-content\/uploads\/Stylish-Key-USB-flash-drive-100x100.png 100w\" sizes=\"(max-width: 800px) 100vw, 800px\" \/><\/figure>\n<\/div>\n<\/div>\n\n\n\n<h2 class=\"wp-block-heading\">\u00bfSe puede personalizar el LOGO?<\/h2>\n\n\n\n<div class=\"wp-block-columns is-layout-flex wp-container-core-columns-is-layout-28f84493 wp-block-columns-is-layout-flex\">\n<div class=\"wp-block-column is-vertically-aligned-center is-layout-flow wp-block-column-is-layout-flow\">\n<div class=\"wp-block-columns is-layout-flex wp-container-core-columns-is-layout-28f84493 wp-block-columns-is-layout-flex\">\n<div class=\"wp-block-column is-layout-flow wp-block-column-is-layout-flow\">\n<figure class=\"wp-block-image size-full\"><img alt=\"\" loading=\"lazy\" decoding=\"async\" width=\"800\" height=\"800\" src=\"https:\/\/www.usborkeychain.com\/wp-content\/uploads\/MetalKey-USB-flash-Drive.png\" class=\"wp-image-4354\" srcset=\"https:\/\/www.usborkeychain.com\/wp-content\/uploads\/MetalKey-USB-flash-Drive.png 800w, https:\/\/www.usborkeychain.com\/wp-content\/uploads\/MetalKey-USB-flash-Drive-300x300.png 300w, https:\/\/www.usborkeychain.com\/wp-content\/uploads\/MetalKey-USB-flash-Drive-150x150.png 150w, https:\/\/www.usborkeychain.com\/wp-content\/uploads\/MetalKey-USB-flash-Drive-768x768.png 768w, https:\/\/www.usborkeychain.com\/wp-content\/uploads\/MetalKey-USB-flash-Drive-12x12.png 12w, https:\/\/www.usborkeychain.com\/wp-content\/uploads\/MetalKey-USB-flash-Drive-600x600.png 600w, https:\/\/www.usborkeychain.com\/wp-content\/uploads\/MetalKey-USB-flash-Drive-100x100.png 100w\" sizes=\"(max-width: 800px) 100vw, 800px\" \/><\/figure>\n<\/div>\n<\/div>\n<\/div>\n\n\n\n<div class=\"wp-block-column is-vertically-aligned-center is-layout-flow wp-block-column-is-layout-flow\">\n<p>Servicio de grabado por l\u00e1ser para la personalizaci\u00f3n del LOGO. Puede a\u00f1adir lo siguiente en la parte posterior o lateral de la unidad USB:<\/p>\n\n\n\n<ul class=\"wp-block-list\">\n<li>Logotipos corporativos \/ marcas<\/li>\n\n\n\n<li>N\u00fameros de empleados \/ textos conmemorativos<\/li>\n\n\n\n<li>Patrones exclusivos<\/li>\n<\/ul>\n\n\n\n<p>El ciclo de personalizaci\u00f3n es de 3 a 5 d\u00edas laborables, con un pedido m\u00ednimo de 50 unidades. Es una opci\u00f3n ideal para regalos de empresa y recuerdos de eventos.<\/p>\n<\/div>\n<\/div>\n\n\n\n<h2 class=\"wp-block-heading\">\u00bfEscenarios aplicables?<\/h2>\n\n\n\n<div class=\"wp-block-columns is-layout-flex wp-container-core-columns-is-layout-28f84493 wp-block-columns-is-layout-flex\">\n<div class=\"wp-block-column is-vertically-aligned-center is-layout-flow wp-block-column-is-layout-flow\">\n<ul class=\"wp-block-list\">\n<li>Reuniones de negocios: Es pr\u00e1ctico y decente para trasladar materiales importantes, como archivos de presentaciones y contratos, y tambi\u00e9n puede utilizarse como regalo de empresa.<\/li>\n\n\n\n<li>Escenarios educativos: Estudiantes y profesores pueden almacenar materiales de estudio, deberes y apuntes de clase para acceder a ellos f\u00e1cilmente en cualquier momento, lo que resulta muy \u00fatil.<\/li>\n\n\n\n<li>Uso diario: Almacena fotos, m\u00fasica y v\u00eddeos personales, y ll\u00e9valos contigo en un llavero para utilizarlos al instante.<\/li>\n\n\n\n<li>Viajes: Almacena documentos electr\u00f3nicos de viaje, fotos de viaje y contenidos de entretenimiento, facilitando el uso entre dispositivos.<\/li>\n<\/ul>\n<\/div>\n\n\n\n<div class=\"wp-block-column is-vertically-aligned-center is-layout-flow wp-block-column-is-layout-flow\">\n<figure class=\"wp-block-image size-full\"><img alt=\"\" loading=\"lazy\" decoding=\"async\" width=\"800\" height=\"800\" src=\"https:\/\/www.usborkeychain.com\/wp-content\/uploads\/Corrosion-Resistant-Key-USB-flash-drive.png\" class=\"wp-image-4351\" srcset=\"https:\/\/www.usborkeychain.com\/wp-content\/uploads\/Corrosion-Resistant-Key-USB-flash-drive.png 800w, https:\/\/www.usborkeychain.com\/wp-content\/uploads\/Corrosion-Resistant-Key-USB-flash-drive-300x300.png 300w, https:\/\/www.usborkeychain.com\/wp-content\/uploads\/Corrosion-Resistant-Key-USB-flash-drive-150x150.png 150w, https:\/\/www.usborkeychain.com\/wp-content\/uploads\/Corrosion-Resistant-Key-USB-flash-drive-768x768.png 768w, https:\/\/www.usborkeychain.com\/wp-content\/uploads\/Corrosion-Resistant-Key-USB-flash-drive-12x12.png 12w, https:\/\/www.usborkeychain.com\/wp-content\/uploads\/Corrosion-Resistant-Key-USB-flash-drive-600x600.png 600w, https:\/\/www.usborkeychain.com\/wp-content\/uploads\/Corrosion-Resistant-Key-USB-flash-drive-100x100.png 100w\" sizes=\"(max-width: 800px) 100vw, 800px\" \/><\/figure>\n<\/div>\n<\/div>\n\n\n\n<div class=\"wp-block-columns is-layout-flex wp-container-core-columns-is-layout-28f84493 wp-block-columns-is-layout-flex\">\n<div class=\"wp-block-column is-vertically-aligned-center is-layout-flow wp-block-column-is-layout-flow\">\n<figure class=\"wp-block-image size-full\"><img alt=\"\" loading=\"lazy\" decoding=\"async\" width=\"800\" height=\"800\" src=\"https:\/\/www.usborkeychain.com\/wp-content\/uploads\/Compact-Key-USB-flash-drive.png\" class=\"wp-image-4350\" srcset=\"https:\/\/www.usborkeychain.com\/wp-content\/uploads\/Compact-Key-USB-flash-drive.png 800w, https:\/\/www.usborkeychain.com\/wp-content\/uploads\/Compact-Key-USB-flash-drive-300x300.png 300w, https:\/\/www.usborkeychain.com\/wp-content\/uploads\/Compact-Key-USB-flash-drive-150x150.png 150w, https:\/\/www.usborkeychain.com\/wp-content\/uploads\/Compact-Key-USB-flash-drive-768x768.png 768w, https:\/\/www.usborkeychain.com\/wp-content\/uploads\/Compact-Key-USB-flash-drive-12x12.png 12w, https:\/\/www.usborkeychain.com\/wp-content\/uploads\/Compact-Key-USB-flash-drive-600x600.png 600w, https:\/\/www.usborkeychain.com\/wp-content\/uploads\/Compact-Key-USB-flash-drive-100x100.png 100w\" sizes=\"(max-width: 800px) 100vw, 800px\" \/><\/figure>\n<\/div>\n\n\n\n<div class=\"wp-block-column is-vertically-aligned-center is-layout-flow wp-block-column-is-layout-flow\">\n<p>En <strong>llave met\u00e1lica cl\u00e1sica memoria USB<\/strong> es una herramienta de almacenamiento de datos pr\u00e1ctica y elegante. Con aleaci\u00f3n de zinc duradera, dise\u00f1o ultrafino y port\u00e1til, transmisi\u00f3n de alta velocidad y LOGO personalizable, es adecuado tanto para escenarios personales como profesionales. Ya sea para almacenar datos empresariales, materiales de estudio o archivos personales de entretenimiento, combina funcionalidad y est\u00e9tica con su forma de llave, lo que lo convierte en un compa\u00f1ero fiable.<\/p>\n<\/div>\n<\/div>","protected":false},"excerpt":{"rendered":"<ul>\n<li>Llave cl\u00e1sica<\/li>\n<li>Materiales met\u00e1licos<\/li>\n<li>Aleaci\u00f3n de zinc<\/li>\n<li>Dise\u00f1o ultrafino<\/li>\n<li>MOQ\uff1a100PCS<\/li>\n<\/ul>","protected":false},"featured_media":4353,"comment_status":"open","ping_status":"closed","template":"","meta":{"_seopress_robots_primary_cat":"","_seopress_titles_title":"","_seopress_titles_desc":"","_seopress_robots_index":"","site-sidebar-layout":"default","site-content-layout":"","ast-site-content-layout":"","site-content-style":"default","site-sidebar-style":"default","ast-global-header-display":"","ast-banner-title-visibility":"","ast-main-header-display":"","ast-hfb-above-header-display":"","ast-hfb-below-header-display":"","ast-hfb-mobile-header-display":"","site-post-title":"","ast-breadcrumbs-content":"","ast-featured-img":"","footer-sml-layout":"","theme-transparent-header-meta":"","adv-header-id-meta":"","stick-header-meta":"","header-above-stick-meta":"","header-main-stick-meta":"","header-below-stick-meta":"","astra-migrate-meta-layouts":"default","ast-page-background-enabled":"default","ast-page-background-meta":{"desktop":{"background-color":"var(--ast-global-color-5)","background-image":"","background-repeat":"repeat","background-position":"center center","background-size":"auto","background-attachment":"scroll","background-type":"","background-media":"","overlay-type":"","overlay-color":"","overlay-opacity":"","overlay-gradient":""},"tablet":{"background-color":"","background-image":"","background-repeat":"repeat","background-position":"center center","background-size":"auto","background-attachment":"scroll","background-type":"","background-media":"","overlay-type":"","overlay-color":"","overlay-opacity":"","overlay-gradient":""},"mobile":{"background-color":"","background-image":"","background-repeat":"repeat","background-position":"center center","background-size":"auto","background-attachment":"scroll","background-type":"","background-media":"","overlay-type":"","overlay-color":"","overlay-opacity":"","overlay-gradient":""}},"ast-content-background-meta":{"desktop":{"background-color":"var(--ast-global-color-4)","background-image":"","background-repeat":"repeat","background-position":"center center","background-size":"auto","background-attachment":"scroll","background-type":"","background-media":"","overlay-type":"","overlay-color":"","overlay-opacity":"","overlay-gradient":""},"tablet":{"background-color":"var(--ast-global-color-4)","background-image":"","background-repeat":"repeat","background-position":"center center","background-size":"auto","background-attachment":"scroll","background-type":"","background-media":"","overlay-type":"","overlay-color":"","overlay-opacity":"","overlay-gradient":""},"mobile":{"background-color":"var(--ast-global-color-4)","background-image":"","background-repeat":"repeat","background-position":"center center","background-size":"auto","background-attachment":"scroll","background-type":"","background-media":"","overlay-type":"","overlay-color":"","overlay-opacity":"","overlay-gradient":""}}},"product_brand":[],"product_cat":[108],"product_tag":[263,259],"class_list":{"0":"post-4347","1":"product","2":"type-product","3":"status-publish","4":"has-post-thumbnail","6":"product_cat-key-shaped-usb-pendrive","7":"product_tag-classic-metal-key-usb-flash-drive","8":"product_tag-metal-key-usb-flash-drive","9":"desktop-align-left","10":"tablet-align-left","11":"mobile-align-left","13":"first","14":"instock","15":"shipping-taxable","16":"product-type-simple"},"_links":{"self":[{"href":"https:\/\/www.usborkeychain.com\/es\/wp-json\/wp\/v2\/product\/4347","targetHints":{"allow":["GET"]}}],"collection":[{"href":"https:\/\/www.usborkeychain.com\/es\/wp-json\/wp\/v2\/product"}],"about":[{"href":"https:\/\/www.usborkeychain.com\/es\/wp-json\/wp\/v2\/types\/product"}],"replies":[{"embeddable":true,"href":"https:\/\/www.usborkeychain.com\/es\/wp-json\/wp\/v2\/comments?post=4347"}],"wp:featuredmedia":[{"embeddable":true,"href":"https:\/\/www.usborkeychain.com\/es\/wp-json\/wp\/v2\/media\/4353"}],"wp:attachment":[{"href":"https:\/\/www.usborkeychain.com\/es\/wp-json\/wp\/v2\/media?parent=4347"}],"wp:term":[{"taxonomy":"product_brand","embeddable":true,"href":"https:\/\/www.usborkeychain.com\/es\/wp-json\/wp\/v2\/product_brand?post=4347"},{"taxonomy":"product_cat","embeddable":true,"href":"https:\/\/www.usborkeychain.com\/es\/wp-json\/wp\/v2\/product_cat?post=4347"},{"taxonomy":"product_tag","embeddable":true,"href":"https:\/\/www.usborkeychain.com\/es\/wp-json\/wp\/v2\/product_tag?post=4347"}],"curies":[{"name":"wp","href":"https:\/\/api.w.org\/{rel}","templated":true}]}}