{"id":4357,"date":"2025-07-23T03:04:28","date_gmt":"2025-07-23T03:04:28","guid":{"rendered":"https:\/\/www.usborkeychain.com\/?post_type=product&#038;p=4357"},"modified":"2025-07-23T23:50:53","modified_gmt":"2025-07-23T23:50:53","slug":"cartoon-backpack-shaped-usb-drive","status":"publish","type":"product","link":"https:\/\/www.usborkeychain.com\/es\/producto\/cartoon-backpack-shaped-usb-drive\/","title":{"rendered":"Memoria USB con forma de mochila de dibujos animados"},"content":{"rendered":"<div class=\"wp-block-columns is-layout-flex wp-container-core-columns-is-layout-28f84493 wp-block-columns-is-layout-flex\">\n<div class=\"wp-block-column is-layout-flow wp-block-column-is-layout-flow\">\n<figure class=\"wp-block-image size-full\"><img alt=\"\" fetchpriority=\"high\" decoding=\"async\" width=\"800\" height=\"800\" src=\"https:\/\/www.usborkeychain.com\/wp-content\/uploads\/Shoulder-Backpack-USB-Stick.jpg\" class=\"wp-image-4366\" srcset=\"https:\/\/www.usborkeychain.com\/wp-content\/uploads\/Shoulder-Backpack-USB-Stick.jpg 800w, https:\/\/www.usborkeychain.com\/wp-content\/uploads\/Shoulder-Backpack-USB-Stick-300x300.jpg 300w, https:\/\/www.usborkeychain.com\/wp-content\/uploads\/Shoulder-Backpack-USB-Stick-150x150.jpg 150w, https:\/\/www.usborkeychain.com\/wp-content\/uploads\/Shoulder-Backpack-USB-Stick-768x768.jpg 768w, https:\/\/www.usborkeychain.com\/wp-content\/uploads\/Shoulder-Backpack-USB-Stick-12x12.jpg 12w, https:\/\/www.usborkeychain.com\/wp-content\/uploads\/Shoulder-Backpack-USB-Stick-600x600.jpg 600w, https:\/\/www.usborkeychain.com\/wp-content\/uploads\/Shoulder-Backpack-USB-Stick-100x100.jpg 100w\" sizes=\"(max-width: 800px) 100vw, 800px\" \/><\/figure>\n<\/div>\n\n\n\n<div class=\"wp-block-column is-vertically-aligned-center is-layout-flow wp-block-column-is-layout-flow\">\n<p>La memoria USB con forma de mochila de dibujos animados tiene un dise\u00f1o \u00fanico, ya que se adapta a la forma de las mochilas reales y se reproduce en la misma proporci\u00f3n.<\/p>\n\n\n\n<p> Desde el contorno tridimensional de la mochila hasta los detalles de bolsillos y asas, sigue estrictamente las proporciones y formas de las mochilas reales, proporcionando un soporte personalizado con gran relevancia esc\u00e9nica para sectores como la educaci\u00f3n y las industrias culturales y creativas.<\/p>\n<\/div>\n<\/div>\n\n\n\n<p><\/p>\n\n\n\n<h2 class=\"wp-block-heading\">Modelado tridimensional 3D \u00d7 Material de PVC<\/h2>\n\n\n\n<p>Los fabricantes utilizan tecnolog\u00eda de moldeo por inyecci\u00f3n tridimensional y material de PVC flexible y duradero para crear esta memoria USB tipo mochila. El producto est\u00e1 disponible en cuatro sistemas de colores de alta saturaci\u00f3n: rosa, amarillo brillante, azul cielo y verde esmeralda, que \"llaman la atenci\u00f3n a primera vista\" visualmente. En cuanto al tacto, la textura mate esmerilada del PVC simula los tejidos reales de las mochilas. <\/p>\n\n\n\n<p>La tecnolog\u00eda 3D presenta los detalles como la estructura en capas (bolsillo principal, bolsillo lateral) y la curvatura del asa de la mochila de forma tridimensional: no s\u00f3lo conserva la monada de los dibujos animados, sino que tambi\u00e9n consigue portabilidad con un grosor ultrafino de 5 mm (aproximadamente 35 mm\u00d725 mm\u00d712 mm). Cada una pesa unos 25 g y puede utilizarse directamente como accesorio para llavero.<\/p>\n\n\n\n<div class=\"wp-block-columns is-layout-flex wp-container-core-columns-is-layout-9c22b1e3 wp-block-columns-is-layout-flex\">\n<div class=\"wp-block-column is-layout-flow wp-block-column-is-layout-flow\">\n<figure class=\"wp-block-image size-full\"><img alt=\"\" decoding=\"async\" width=\"800\" height=\"800\" src=\"https:\/\/www.usborkeychain.com\/wp-content\/uploads\/pink-Backpack-Double-Backpack-USB-Drive.jpg\" class=\"wp-image-4364\" srcset=\"https:\/\/www.usborkeychain.com\/wp-content\/uploads\/pink-Backpack-Double-Backpack-USB-Drive.jpg 800w, https:\/\/www.usborkeychain.com\/wp-content\/uploads\/pink-Backpack-Double-Backpack-USB-Drive-300x300.jpg 300w, https:\/\/www.usborkeychain.com\/wp-content\/uploads\/pink-Backpack-Double-Backpack-USB-Drive-150x150.jpg 150w, https:\/\/www.usborkeychain.com\/wp-content\/uploads\/pink-Backpack-Double-Backpack-USB-Drive-768x768.jpg 768w, https:\/\/www.usborkeychain.com\/wp-content\/uploads\/pink-Backpack-Double-Backpack-USB-Drive-12x12.jpg 12w, https:\/\/www.usborkeychain.com\/wp-content\/uploads\/pink-Backpack-Double-Backpack-USB-Drive-600x600.jpg 600w, https:\/\/www.usborkeychain.com\/wp-content\/uploads\/pink-Backpack-Double-Backpack-USB-Drive-100x100.jpg 100w\" sizes=\"(max-width: 800px) 100vw, 800px\" \/><\/figure>\n<\/div>\n\n\n\n<div class=\"wp-block-column is-layout-flow wp-block-column-is-layout-flow\">\n<figure class=\"wp-block-image size-full\"><img alt=\"\" decoding=\"async\" width=\"800\" height=\"800\" src=\"https:\/\/www.usborkeychain.com\/wp-content\/uploads\/blue-Backpack-shaped-USB-Drive.jpg\" class=\"wp-image-4362\" srcset=\"https:\/\/www.usborkeychain.com\/wp-content\/uploads\/blue-Backpack-shaped-USB-Drive.jpg 800w, https:\/\/www.usborkeychain.com\/wp-content\/uploads\/blue-Backpack-shaped-USB-Drive-300x300.jpg 300w, https:\/\/www.usborkeychain.com\/wp-content\/uploads\/blue-Backpack-shaped-USB-Drive-150x150.jpg 150w, https:\/\/www.usborkeychain.com\/wp-content\/uploads\/blue-Backpack-shaped-USB-Drive-768x768.jpg 768w, https:\/\/www.usborkeychain.com\/wp-content\/uploads\/blue-Backpack-shaped-USB-Drive-12x12.jpg 12w, https:\/\/www.usborkeychain.com\/wp-content\/uploads\/blue-Backpack-shaped-USB-Drive-600x600.jpg 600w, https:\/\/www.usborkeychain.com\/wp-content\/uploads\/blue-Backpack-shaped-USB-Drive-100x100.jpg 100w\" sizes=\"(max-width: 800px) 100vw, 800px\" \/><\/figure>\n<\/div>\n\n\n\n<div class=\"wp-block-column is-layout-flow wp-block-column-is-layout-flow\">\n<figure class=\"wp-block-image size-full\"><img alt=\"\" loading=\"lazy\" decoding=\"async\" width=\"800\" height=\"800\" src=\"https:\/\/www.usborkeychain.com\/wp-content\/uploads\/Backpack-USB-Drive-with-Double-Backpack.jpg\" class=\"wp-image-4360\" srcset=\"https:\/\/www.usborkeychain.com\/wp-content\/uploads\/Backpack-USB-Drive-with-Double-Backpack.jpg 800w, https:\/\/www.usborkeychain.com\/wp-content\/uploads\/Backpack-USB-Drive-with-Double-Backpack-300x300.jpg 300w, https:\/\/www.usborkeychain.com\/wp-content\/uploads\/Backpack-USB-Drive-with-Double-Backpack-150x150.jpg 150w, https:\/\/www.usborkeychain.com\/wp-content\/uploads\/Backpack-USB-Drive-with-Double-Backpack-768x768.jpg 768w, https:\/\/www.usborkeychain.com\/wp-content\/uploads\/Backpack-USB-Drive-with-Double-Backpack-12x12.jpg 12w, https:\/\/www.usborkeychain.com\/wp-content\/uploads\/Backpack-USB-Drive-with-Double-Backpack-600x600.jpg 600w, https:\/\/www.usborkeychain.com\/wp-content\/uploads\/Backpack-USB-Drive-with-Double-Backpack-100x100.jpg 100w\" sizes=\"(max-width: 800px) 100vw, 800px\" \/><\/figure>\n<\/div>\n\n\n\n<div class=\"wp-block-column is-layout-flow wp-block-column-is-layout-flow\">\n<figure class=\"wp-block-image size-full\"><img alt=\"\" loading=\"lazy\" decoding=\"async\" width=\"800\" height=\"800\" src=\"https:\/\/www.usborkeychain.com\/wp-content\/uploads\/yellow-Backpack-shaped-USB-Drive.jpg\" class=\"wp-image-4367\" srcset=\"https:\/\/www.usborkeychain.com\/wp-content\/uploads\/yellow-Backpack-shaped-USB-Drive.jpg 800w, https:\/\/www.usborkeychain.com\/wp-content\/uploads\/yellow-Backpack-shaped-USB-Drive-300x300.jpg 300w, https:\/\/www.usborkeychain.com\/wp-content\/uploads\/yellow-Backpack-shaped-USB-Drive-150x150.jpg 150w, https:\/\/www.usborkeychain.com\/wp-content\/uploads\/yellow-Backpack-shaped-USB-Drive-768x768.jpg 768w, https:\/\/www.usborkeychain.com\/wp-content\/uploads\/yellow-Backpack-shaped-USB-Drive-12x12.jpg 12w, https:\/\/www.usborkeychain.com\/wp-content\/uploads\/yellow-Backpack-shaped-USB-Drive-600x600.jpg 600w, https:\/\/www.usborkeychain.com\/wp-content\/uploads\/yellow-Backpack-shaped-USB-Drive-100x100.jpg 100w\" sizes=\"(max-width: 800px) 100vw, 800px\" \/><\/figure>\n<\/div>\n<\/div>\n\n\n\n<h3 class=\"wp-block-heading\">Tabla de par\u00e1metros del n\u00facleo<\/h3>\n\n\n\n<figure class=\"wp-block-table\"><table class=\"has-fixed-layout\"><thead><tr><th>Par\u00e1metro Elemento<\/th><th>Detalles<\/th><\/tr><\/thead><tbody><tr><td>Tipo de interfaz<\/td><td>USB 2.0 (compatible con dispositivos USB 1.1)<\/td><\/tr><tr><td>Capacidad opcional<\/td><td>8GB, 16GB, 32GB, 64GB, 128GB<\/td><\/tr><tr><td>Dimensiones<\/td><td>35 mm (largo) \u00d7 25 mm (ancho) \u00d7 12 mm (grosor)<\/td><\/tr><tr><td>Peso<\/td><td>Unos 15 g (ligero y port\u00e1til, adecuado para accesorios)<\/td><\/tr><tr><td>Compatibilidad de personalizaci\u00f3n<\/td><td>Admite la personalizaci\u00f3n integrada del color, el logotipo y el embalaje<\/td><\/tr><\/tbody><\/table><\/figure>\n\n\n\n<h2 class=\"wp-block-heading\">\u00bfUn bestseller para vendedores independientes?<\/h2>\n\n\n\n<ol class=\"wp-block-list\">\n<li><strong>S\u00edmbolo visual de gran relevancia para la escena<\/strong>: Las mochilas son art\u00edculos de uso diario para estudiantes y viajeros. El dise\u00f1o caricaturesco evoca naturalmente resonancias emocionales de \"juventud y vitalidad\", y los consumidores extranjeros est\u00e1n m\u00e1s dispuestos a pagar por \"productos digitales con historias\".<\/li>\n\n\n\n<li><strong>Flexibilidad en la personalizaci\u00f3n de lotes peque\u00f1os<\/strong>: Los fabricantes admiten la personalizaci\u00f3n diferenciada con un pedido m\u00ednimo de 100 unidades (como la impresi\u00f3n de LOGOTIPOS de la marca y el ajuste de los esquemas de color). Los vendedores de sitios independientes pueden crear \"modelos de PI exclusivos\" para evitar la competencia homog\u00e9nea y conseguir una prima de marca de dominio privado.<\/li>\n<\/ol>\n\n\n\n<div class=\"wp-block-columns is-layout-flex wp-container-core-columns-is-layout-28f84493 wp-block-columns-is-layout-flex\">\n<div class=\"wp-block-column is-layout-flow wp-block-column-is-layout-flow\">\n<figure class=\"wp-block-image size-full\"><img alt=\"\" loading=\"lazy\" decoding=\"async\" width=\"800\" height=\"800\" src=\"https:\/\/www.usborkeychain.com\/wp-content\/uploads\/Shaped-Like-a-Backpack-Double-Backpack-USB-Stick.jpg\" class=\"wp-image-4365\" srcset=\"https:\/\/www.usborkeychain.com\/wp-content\/uploads\/Shaped-Like-a-Backpack-Double-Backpack-USB-Stick.jpg 800w, https:\/\/www.usborkeychain.com\/wp-content\/uploads\/Shaped-Like-a-Backpack-Double-Backpack-USB-Stick-300x300.jpg 300w, https:\/\/www.usborkeychain.com\/wp-content\/uploads\/Shaped-Like-a-Backpack-Double-Backpack-USB-Stick-150x150.jpg 150w, https:\/\/www.usborkeychain.com\/wp-content\/uploads\/Shaped-Like-a-Backpack-Double-Backpack-USB-Stick-768x768.jpg 768w, https:\/\/www.usborkeychain.com\/wp-content\/uploads\/Shaped-Like-a-Backpack-Double-Backpack-USB-Stick-12x12.jpg 12w, https:\/\/www.usborkeychain.com\/wp-content\/uploads\/Shaped-Like-a-Backpack-Double-Backpack-USB-Stick-600x600.jpg 600w, https:\/\/www.usborkeychain.com\/wp-content\/uploads\/Shaped-Like-a-Backpack-Double-Backpack-USB-Stick-100x100.jpg 100w\" sizes=\"(max-width: 800px) 100vw, 800px\" \/><\/figure>\n<\/div>\n\n\n\n<div class=\"wp-block-column is-layout-flow wp-block-column-is-layout-flow\">\n<figure class=\"wp-block-image size-full\"><img alt=\"\" loading=\"lazy\" decoding=\"async\" width=\"800\" height=\"800\" src=\"https:\/\/www.usborkeychain.com\/wp-content\/uploads\/Double-Shoulder-Backpack-USB-Flash-Drive.jpg\" class=\"wp-image-4363\" srcset=\"https:\/\/www.usborkeychain.com\/wp-content\/uploads\/Double-Shoulder-Backpack-USB-Flash-Drive.jpg 800w, https:\/\/www.usborkeychain.com\/wp-content\/uploads\/Double-Shoulder-Backpack-USB-Flash-Drive-300x300.jpg 300w, https:\/\/www.usborkeychain.com\/wp-content\/uploads\/Double-Shoulder-Backpack-USB-Flash-Drive-150x150.jpg 150w, https:\/\/www.usborkeychain.com\/wp-content\/uploads\/Double-Shoulder-Backpack-USB-Flash-Drive-768x768.jpg 768w, https:\/\/www.usborkeychain.com\/wp-content\/uploads\/Double-Shoulder-Backpack-USB-Flash-Drive-12x12.jpg 12w, https:\/\/www.usborkeychain.com\/wp-content\/uploads\/Double-Shoulder-Backpack-USB-Flash-Drive-600x600.jpg 600w, https:\/\/www.usborkeychain.com\/wp-content\/uploads\/Double-Shoulder-Backpack-USB-Flash-Drive-100x100.jpg 100w\" sizes=\"(max-width: 800px) 100vw, 800px\" \/><\/figure>\n<\/div>\n<\/div>","protected":false},"excerpt":{"rendered":"<ul>\n<li>Molde de PVC<\/li>\n<li>Usb con forma de mochila<\/li>\n<li>Muchos colores<\/li>\n<li>Dise\u00f1o 3D<\/li>\n<li>MOQ:100PCS<\/li>\n<\/ul>","protected":false},"featured_media":4366,"comment_status":"open","ping_status":"closed","template":"","meta":{"_seopress_robots_primary_cat":"","_seopress_titles_title":"","_seopress_titles_desc":"","_seopress_robots_index":"","site-sidebar-layout":"default","site-content-layout":"","ast-site-content-layout":"","site-content-style":"default","site-sidebar-style":"default","ast-global-header-display":"","ast-banner-title-visibility":"","ast-main-header-display":"","ast-hfb-above-header-display":"","ast-hfb-below-header-display":"","ast-hfb-mobile-header-display":"","site-post-title":"","ast-breadcrumbs-content":"","ast-featured-img":"","footer-sml-layout":"","theme-transparent-header-meta":"","adv-header-id-meta":"","stick-header-meta":"","header-above-stick-meta":"","header-main-stick-meta":"","header-below-stick-meta":"","astra-migrate-meta-layouts":"default","ast-page-background-enabled":"default","ast-page-background-meta":{"desktop":{"background-color":"var(--ast-global-color-5)","background-image":"","background-repeat":"repeat","background-position":"center center","background-size":"auto","background-attachment":"scroll","background-type":"","background-media":"","overlay-type":"","overlay-color":"","overlay-opacity":"","overlay-gradient":""},"tablet":{"background-color":"","background-image":"","background-repeat":"repeat","background-position":"center center","background-size":"auto","background-attachment":"scroll","background-type":"","background-media":"","overlay-type":"","overlay-color":"","overlay-opacity":"","overlay-gradient":""},"mobile":{"background-color":"","background-image":"","background-repeat":"repeat","background-position":"center center","background-size":"auto","background-attachment":"scroll","background-type":"","background-media":"","overlay-type":"","overlay-color":"","overlay-opacity":"","overlay-gradient":""}},"ast-content-background-meta":{"desktop":{"background-color":"var(--ast-global-color-4)","background-image":"","background-repeat":"repeat","background-position":"center center","background-size":"auto","background-attachment":"scroll","background-type":"","background-media":"","overlay-type":"","overlay-color":"","overlay-opacity":"","overlay-gradient":""},"tablet":{"background-color":"var(--ast-global-color-4)","background-image":"","background-repeat":"repeat","background-position":"center center","background-size":"auto","background-attachment":"scroll","background-type":"","background-media":"","overlay-type":"","overlay-color":"","overlay-opacity":"","overlay-gradient":""},"mobile":{"background-color":"var(--ast-global-color-4)","background-image":"","background-repeat":"repeat","background-position":"center center","background-size":"auto","background-attachment":"scroll","background-type":"","background-media":"","overlay-type":"","overlay-color":"","overlay-opacity":"","overlay-gradient":""}}},"product_brand":[],"product_cat":[94],"product_tag":[264],"class_list":{"0":"post-4357","1":"product","2":"type-product","3":"status-publish","4":"has-post-thumbnail","6":"product_cat-pvc-usb-pendrive","7":"product_tag-bag-usb-flash-drive","8":"desktop-align-left","9":"tablet-align-left","10":"mobile-align-left","12":"first","13":"instock","14":"shipping-taxable","15":"product-type-simple"},"_links":{"self":[{"href":"https:\/\/www.usborkeychain.com\/es\/wp-json\/wp\/v2\/product\/4357","targetHints":{"allow":["GET"]}}],"collection":[{"href":"https:\/\/www.usborkeychain.com\/es\/wp-json\/wp\/v2\/product"}],"about":[{"href":"https:\/\/www.usborkeychain.com\/es\/wp-json\/wp\/v2\/types\/product"}],"replies":[{"embeddable":true,"href":"https:\/\/www.usborkeychain.com\/es\/wp-json\/wp\/v2\/comments?post=4357"}],"wp:featuredmedia":[{"embeddable":true,"href":"https:\/\/www.usborkeychain.com\/es\/wp-json\/wp\/v2\/media\/4366"}],"wp:attachment":[{"href":"https:\/\/www.usborkeychain.com\/es\/wp-json\/wp\/v2\/media?parent=4357"}],"wp:term":[{"taxonomy":"product_brand","embeddable":true,"href":"https:\/\/www.usborkeychain.com\/es\/wp-json\/wp\/v2\/product_brand?post=4357"},{"taxonomy":"product_cat","embeddable":true,"href":"https:\/\/www.usborkeychain.com\/es\/wp-json\/wp\/v2\/product_cat?post=4357"},{"taxonomy":"product_tag","embeddable":true,"href":"https:\/\/www.usborkeychain.com\/es\/wp-json\/wp\/v2\/product_tag?post=4357"}],"curies":[{"name":"wp","href":"https:\/\/api.w.org\/{rel}","templated":true}]}}