{"id":4436,"date":"2025-07-23T23:48:29","date_gmt":"2025-07-23T23:48:29","guid":{"rendered":"https:\/\/www.usborkeychain.com\/?post_type=product&#038;p=4436"},"modified":"2025-08-11T07:01:19","modified_gmt":"2025-08-11T07:01:19","slug":"hp-v250-metal-ring-usb-flash-drive","status":"publish","type":"product","link":"https:\/\/www.usborkeychain.com\/es\/producto\/hp-v250-metal-ring-usb-flash-drive\/","title":{"rendered":"Memoria USB HP V250 Metal Ring"},"content":{"rendered":"<p><\/p>\n\n\n\n<div class=\"wp-block-columns is-layout-flex wp-container-core-columns-is-layout-28f84493 wp-block-columns-is-layout-flex\">\n<div class=\"wp-block-column is-layout-flow wp-block-column-is-layout-flow\">\n<figure class=\"wp-block-image size-full\"><img alt=\"\" fetchpriority=\"high\" decoding=\"async\" width=\"1000\" height=\"1000\" src=\"https:\/\/www.usborkeychain.com\/wp-content\/uploads\/HP-V250-Metal-Ring-USB-pendrive.jpg\" class=\"wp-image-4445\" srcset=\"https:\/\/www.usborkeychain.com\/wp-content\/uploads\/HP-V250-Metal-Ring-USB-pendrive.jpg 1000w, https:\/\/www.usborkeychain.com\/wp-content\/uploads\/HP-V250-Metal-Ring-USB-pendrive-300x300.jpg 300w, https:\/\/www.usborkeychain.com\/wp-content\/uploads\/HP-V250-Metal-Ring-USB-pendrive-150x150.jpg 150w, https:\/\/www.usborkeychain.com\/wp-content\/uploads\/HP-V250-Metal-Ring-USB-pendrive-768x768.jpg 768w, https:\/\/www.usborkeychain.com\/wp-content\/uploads\/HP-V250-Metal-Ring-USB-pendrive-12x12.jpg 12w, https:\/\/www.usborkeychain.com\/wp-content\/uploads\/HP-V250-Metal-Ring-USB-pendrive-600x600.jpg 600w, https:\/\/www.usborkeychain.com\/wp-content\/uploads\/HP-V250-Metal-Ring-USB-pendrive-100x100.jpg 100w\" sizes=\"(max-width: 1000px) 100vw, 1000px\" \/><\/figure>\n<\/div>\n\n\n\n<div class=\"wp-block-column is-vertically-aligned-center is-layout-flow wp-block-column-is-layout-flow\">\n<p>Como modelo cl\u00e1sico de referencia de las memorias USB de HP, la memoria USB HP V250 Metal Ring ha encabezado durante mucho tiempo las listas de popularidad de las memorias USB met\u00e1licas por su est\u00e9tica met\u00e1lica minimalista y su pr\u00e1ctico dise\u00f1o.<\/p>\n\n\n\n<p> Es la mejor opci\u00f3n para los usuarios que buscan calidad y portabilidad.<\/p>\n<\/div>\n<\/div>\n\n\n\n<h3 class=\"wp-block-heading\">Anillo grande + Dise\u00f1o Plug-and-Play<\/h3>\n\n\n\n<p>La memoria USB HP V250 Metal Ring presenta un sencillo dise\u00f1o plug-and-play de una sola pieza, equipado con una ic\u00f3nica hebilla de anillo met\u00e1lico de gran tama\u00f1o (con un di\u00e1metro aproximado de 15 mm). Es f\u00e1cil de llevar y es menos probable que se pierda, con una estructura general que es simple pero robusta, encarnando perfectamente la est\u00e9tica pr\u00e1ctica.<\/p>\n\n\n\n<ul class=\"wp-block-list\">\n<li>La anilla puede engancharse directamente a llaveros o hebillas de mochilas, lo que resuelve el problema de \"las memorias USB se pierden f\u00e1cilmente\";<\/li>\n\n\n\n<li>La interfaz plug-and-play no requiere almacenamiento adicional, lo que permite un uso instant\u00e1neo y la adaptaci\u00f3n a m\u00faltiples escenarios, como el trabajo de oficina y los viajes;<\/li>\n\n\n\n<li>La carcasa met\u00e1lica integrada est\u00e1 tratada con un acabado esmerilado, que presume de una textura delicada, resistencia al desgaste y a las huellas dactilares.<\/li>\n<\/ul>\n\n\n\n<div class=\"wp-block-columns is-layout-flex wp-container-core-columns-is-layout-9c22b1e3 wp-block-columns-is-layout-flex\">\n<div class=\"wp-block-column is-layout-flow wp-block-column-is-layout-flow\">\n<figure class=\"wp-block-image size-full\"><img alt=\"\" decoding=\"async\" width=\"1000\" height=\"1000\" src=\"https:\/\/www.usborkeychain.com\/wp-content\/uploads\/siliver-HP-V250-Metal-Ring-USB-Flash-Drive.jpg\" class=\"wp-image-4446\" srcset=\"https:\/\/www.usborkeychain.com\/wp-content\/uploads\/siliver-HP-V250-Metal-Ring-USB-Flash-Drive.jpg 1000w, https:\/\/www.usborkeychain.com\/wp-content\/uploads\/siliver-HP-V250-Metal-Ring-USB-Flash-Drive-300x300.jpg 300w, https:\/\/www.usborkeychain.com\/wp-content\/uploads\/siliver-HP-V250-Metal-Ring-USB-Flash-Drive-150x150.jpg 150w, https:\/\/www.usborkeychain.com\/wp-content\/uploads\/siliver-HP-V250-Metal-Ring-USB-Flash-Drive-768x768.jpg 768w, https:\/\/www.usborkeychain.com\/wp-content\/uploads\/siliver-HP-V250-Metal-Ring-USB-Flash-Drive-12x12.jpg 12w, https:\/\/www.usborkeychain.com\/wp-content\/uploads\/siliver-HP-V250-Metal-Ring-USB-Flash-Drive-600x600.jpg 600w, https:\/\/www.usborkeychain.com\/wp-content\/uploads\/siliver-HP-V250-Metal-Ring-USB-Flash-Drive-100x100.jpg 100w\" sizes=\"(max-width: 1000px) 100vw, 1000px\" \/><\/figure>\n<\/div>\n\n\n\n<div class=\"wp-block-column is-layout-flow wp-block-column-is-layout-flow\">\n<figure class=\"wp-block-image size-full\"><img alt=\"\" decoding=\"async\" width=\"1000\" height=\"1000\" src=\"https:\/\/www.usborkeychain.com\/wp-content\/uploads\/HP-V250-Metal-Ring-USB-Flash-Drive.jpg\" class=\"wp-image-4444\" srcset=\"https:\/\/www.usborkeychain.com\/wp-content\/uploads\/HP-V250-Metal-Ring-USB-Flash-Drive.jpg 1000w, https:\/\/www.usborkeychain.com\/wp-content\/uploads\/HP-V250-Metal-Ring-USB-Flash-Drive-300x300.jpg 300w, https:\/\/www.usborkeychain.com\/wp-content\/uploads\/HP-V250-Metal-Ring-USB-Flash-Drive-150x150.jpg 150w, https:\/\/www.usborkeychain.com\/wp-content\/uploads\/HP-V250-Metal-Ring-USB-Flash-Drive-768x768.jpg 768w, https:\/\/www.usborkeychain.com\/wp-content\/uploads\/HP-V250-Metal-Ring-USB-Flash-Drive-12x12.jpg 12w, https:\/\/www.usborkeychain.com\/wp-content\/uploads\/HP-V250-Metal-Ring-USB-Flash-Drive-600x600.jpg 600w, https:\/\/www.usborkeychain.com\/wp-content\/uploads\/HP-V250-Metal-Ring-USB-Flash-Drive-100x100.jpg 100w\" sizes=\"(max-width: 1000px) 100vw, 1000px\" \/><\/figure>\n<\/div>\n\n\n\n<div class=\"wp-block-column is-layout-flow wp-block-column-is-layout-flow\">\n<figure class=\"wp-block-image size-full\"><img alt=\"\" loading=\"lazy\" decoding=\"async\" width=\"1000\" height=\"1000\" src=\"https:\/\/www.usborkeychain.com\/wp-content\/uploads\/black-HP-V250-Metal-Ring-USB-Flash-Drive.jpg\" class=\"wp-image-4440\" srcset=\"https:\/\/www.usborkeychain.com\/wp-content\/uploads\/black-HP-V250-Metal-Ring-USB-Flash-Drive.jpg 1000w, https:\/\/www.usborkeychain.com\/wp-content\/uploads\/black-HP-V250-Metal-Ring-USB-Flash-Drive-300x300.jpg 300w, https:\/\/www.usborkeychain.com\/wp-content\/uploads\/black-HP-V250-Metal-Ring-USB-Flash-Drive-150x150.jpg 150w, https:\/\/www.usborkeychain.com\/wp-content\/uploads\/black-HP-V250-Metal-Ring-USB-Flash-Drive-768x768.jpg 768w, https:\/\/www.usborkeychain.com\/wp-content\/uploads\/black-HP-V250-Metal-Ring-USB-Flash-Drive-12x12.jpg 12w, https:\/\/www.usborkeychain.com\/wp-content\/uploads\/black-HP-V250-Metal-Ring-USB-Flash-Drive-600x600.jpg 600w, https:\/\/www.usborkeychain.com\/wp-content\/uploads\/black-HP-V250-Metal-Ring-USB-Flash-Drive-100x100.jpg 100w\" sizes=\"(max-width: 1000px) 100vw, 1000px\" \/><\/figure>\n<\/div>\n<\/div>\n\n\n\n<h3 class=\"wp-block-heading\">Tabla de par\u00e1metros b\u00e1sicos<\/h3>\n\n\n\n<figure class=\"wp-block-table\"><table class=\"has-fixed-layout\"><thead><tr><th>Par\u00e1metro Elemento<\/th><th>Especificaciones detalladas<\/th><\/tr><\/thead><tbody><tr><td>Marca y modelo<\/td><td>Memoria USB HP V250 Metal Ring<\/td><\/tr><tr><td>Capacidades disponibles<\/td><td>8 GB \/ 16 GB \/ 32 GB \/ 64 GB \/ 128 GB (desde el almacenamiento diario hasta las necesidades profesionales de oficina)<\/td><\/tr><tr><td>Tipo de interfaz<\/td><td>USB 2.0 (versi\u00f3n b\u00e1sica) \/ USB 3.0 (versi\u00f3n de alta velocidad), compatible con sistemas Windows, Mac y Linux<\/td><\/tr><tr><td>Velocidad de lectura\/escritura<\/td><td>Hasta 35 MB\/s de lectura y 12 MB\/s de escritura (versi\u00f3n USB 3.0; la velocidad real var\u00eda seg\u00fan el dispositivo o la capacidad)<\/td><\/tr><tr><td>Dimensiones y peso<\/td><td>35 mm de largo \u00d7 12 mm de ancho \u00d7 4 mm de grosor, con un di\u00e1metro de anillo de 15 mm; pesa aproximadamente 8 g (ligero y sin peso)<\/td><\/tr><tr><td>Material y artesan\u00eda<\/td><td>Carcasa de aleaci\u00f3n de zinc de una sola pieza, resistente a ca\u00eddas y al desgaste, que protege eficazmente el chip<\/td><\/tr><\/tbody><\/table><\/figure>\n\n\n\n<div class=\"wp-block-columns is-layout-flex wp-container-core-columns-is-layout-9c22b1e3 wp-block-columns-is-layout-flex\">\n<div class=\"wp-block-column is-layout-flow wp-block-column-is-layout-flow\">\n<figure class=\"wp-block-image size-full\"><img alt=\"\" loading=\"lazy\" decoding=\"async\" width=\"1000\" height=\"1000\" src=\"https:\/\/www.usborkeychain.com\/wp-content\/uploads\/HP-V250-Metal-Ring-USB-Flash-Drive-manufacturer.jpg\" class=\"wp-image-4442\" srcset=\"https:\/\/www.usborkeychain.com\/wp-content\/uploads\/HP-V250-Metal-Ring-USB-Flash-Drive-manufacturer.jpg 1000w, https:\/\/www.usborkeychain.com\/wp-content\/uploads\/HP-V250-Metal-Ring-USB-Flash-Drive-manufacturer-300x300.jpg 300w, https:\/\/www.usborkeychain.com\/wp-content\/uploads\/HP-V250-Metal-Ring-USB-Flash-Drive-manufacturer-150x150.jpg 150w, https:\/\/www.usborkeychain.com\/wp-content\/uploads\/HP-V250-Metal-Ring-USB-Flash-Drive-manufacturer-768x768.jpg 768w, https:\/\/www.usborkeychain.com\/wp-content\/uploads\/HP-V250-Metal-Ring-USB-Flash-Drive-manufacturer-12x12.jpg 12w, https:\/\/www.usborkeychain.com\/wp-content\/uploads\/HP-V250-Metal-Ring-USB-Flash-Drive-manufacturer-600x600.jpg 600w, https:\/\/www.usborkeychain.com\/wp-content\/uploads\/HP-V250-Metal-Ring-USB-Flash-Drive-manufacturer-100x100.jpg 100w\" sizes=\"(max-width: 1000px) 100vw, 1000px\" \/><\/figure>\n<\/div>\n\n\n\n<div class=\"wp-block-column is-layout-flow wp-block-column-is-layout-flow\">\n<figure class=\"wp-block-image size-full\"><img alt=\"\" loading=\"lazy\" decoding=\"async\" width=\"1000\" height=\"1000\" src=\"https:\/\/www.usborkeychain.com\/wp-content\/uploads\/HP-V250-Metal-Ring-USB-Flash-Disk.jpg\" class=\"wp-image-4441\" srcset=\"https:\/\/www.usborkeychain.com\/wp-content\/uploads\/HP-V250-Metal-Ring-USB-Flash-Disk.jpg 1000w, https:\/\/www.usborkeychain.com\/wp-content\/uploads\/HP-V250-Metal-Ring-USB-Flash-Disk-300x300.jpg 300w, https:\/\/www.usborkeychain.com\/wp-content\/uploads\/HP-V250-Metal-Ring-USB-Flash-Disk-150x150.jpg 150w, https:\/\/www.usborkeychain.com\/wp-content\/uploads\/HP-V250-Metal-Ring-USB-Flash-Disk-768x768.jpg 768w, https:\/\/www.usborkeychain.com\/wp-content\/uploads\/HP-V250-Metal-Ring-USB-Flash-Disk-12x12.jpg 12w, https:\/\/www.usborkeychain.com\/wp-content\/uploads\/HP-V250-Metal-Ring-USB-Flash-Disk-600x600.jpg 600w, https:\/\/www.usborkeychain.com\/wp-content\/uploads\/HP-V250-Metal-Ring-USB-Flash-Disk-100x100.jpg 100w\" sizes=\"(max-width: 1000px) 100vw, 1000px\" \/><\/figure>\n<\/div>\n<\/div>\n\n\n\n<h4 class=\"wp-block-heading\">Razones recomendadas para el comercio electr\u00f3nico y los sitios independientes:<\/h4>\n\n\n\n<p>La memoria USB HP V250 Metal Ring es uno de los modelos de memoria USB m\u00e1s vendidos entre los vendedores de sitios independientes y plataformas de comercio electr\u00f3nico (como Amazon, eBay), muy popular por su rendimiento de alto coste y calidad fiable. Aqu\u00ed est\u00e1n los dos puntos principales recomendados:<\/p>\n\n\n\n<ol class=\"wp-block-list\">\n<li>Transmisi\u00f3n de alto rendimiento: La interfaz USB 3.0 combinada con una velocidad de lectura de 100 MB\/s mejora significativamente la eficiencia de la transferencia de archivos, adecuada para escenarios de uso de alta frecuencia como el trabajo de oficina y el entretenimiento audiovisual.<\/li>\n\n\n\n<li>Dise\u00f1o duradero: La carcasa met\u00e1lica proporciona protecci\u00f3n adicional, ya que es resistente a ca\u00eddas y golpes, lo que prolonga la vida \u00fatil y reduce el riesgo de p\u00e9rdida de datos.<\/li>\n<\/ol>\n\n\n\n<h4 class=\"wp-block-heading\">Razones recomendadas para un regalo personalizado:<\/h4>\n\n\n\n<ul class=\"wp-block-list\">\n<li>Grabado personalizado por l\u00e1ser: El mejor efecto, con un grabado l\u00e1ser n\u00edtido y duradero, que alcanza una profundidad de 0,5 mm, adecuado para logotipos corporativos o firmas personales.<\/li>\n\n\n\n<li>Personalizaci\u00f3n del logotipo mediante serigraf\u00eda: Econ\u00f3mico y pr\u00e1ctico, con colores brillantes, adecuado para pedidos de gran volumen.<\/li>\n\n\n\n<li>Personalizaci\u00f3n del logotipo mediante impresi\u00f3n en color: Puede presentar patrones complejos, pero el efecto l\u00e1ser es superior en claridad y resistencia al desgaste (se recomienda encarecidamente el m\u00e9todo l\u00e1ser, que garantiza la ausencia de decoloraci\u00f3n durante m\u00e1s de 5 a\u00f1os).<\/li>\n<\/ul>\n\n\n\n<p><\/p>","protected":false},"excerpt":{"rendered":"<ul>\n<li>HP V250<\/li>\n<li>Anillo met\u00e1lico Memoria USB<\/li>\n<li>Con llavero met\u00e1lico<\/li>\n<li>Color oro, plata, negro<\/li>\n<li>LOGOTIPO personalizado<\/li>\n<\/ul>","protected":false},"featured_media":4445,"comment_status":"open","ping_status":"closed","template":"","meta":{"_seopress_robots_primary_cat":"","_seopress_titles_title":"","_seopress_titles_desc":"","_seopress_robots_index":"","site-sidebar-layout":"default","site-content-layout":"","ast-site-content-layout":"","site-content-style":"default","site-sidebar-style":"default","ast-global-header-display":"","ast-banner-title-visibility":"","ast-main-header-display":"","ast-hfb-above-header-display":"","ast-hfb-below-header-display":"","ast-hfb-mobile-header-display":"","site-post-title":"","ast-breadcrumbs-content":"","ast-featured-img":"","footer-sml-layout":"","theme-transparent-header-meta":"","adv-header-id-meta":"","stick-header-meta":"","header-above-stick-meta":"","header-main-stick-meta":"","header-below-stick-meta":"","astra-migrate-meta-layouts":"default","ast-page-background-enabled":"default","ast-page-background-meta":{"desktop":{"background-color":"var(--ast-global-color-5)","background-image":"","background-repeat":"repeat","background-position":"center center","background-size":"auto","background-attachment":"scroll","background-type":"","background-media":"","overlay-type":"","overlay-color":"","overlay-opacity":"","overlay-gradient":""},"tablet":{"background-color":"","background-image":"","background-repeat":"repeat","background-position":"center center","background-size":"auto","background-attachment":"scroll","background-type":"","background-media":"","overlay-type":"","overlay-color":"","overlay-opacity":"","overlay-gradient":""},"mobile":{"background-color":"","background-image":"","background-repeat":"repeat","background-position":"center center","background-size":"auto","background-attachment":"scroll","background-type":"","background-media":"","overlay-type":"","overlay-color":"","overlay-opacity":"","overlay-gradient":""}},"ast-content-background-meta":{"desktop":{"background-color":"var(--ast-global-color-4)","background-image":"","background-repeat":"repeat","background-position":"center center","background-size":"auto","background-attachment":"scroll","background-type":"","background-media":"","overlay-type":"","overlay-color":"","overlay-opacity":"","overlay-gradient":""},"tablet":{"background-color":"var(--ast-global-color-4)","background-image":"","background-repeat":"repeat","background-position":"center center","background-size":"auto","background-attachment":"scroll","background-type":"","background-media":"","overlay-type":"","overlay-color":"","overlay-opacity":"","overlay-gradient":""},"mobile":{"background-color":"var(--ast-global-color-4)","background-image":"","background-repeat":"repeat","background-position":"center center","background-size":"auto","background-attachment":"scroll","background-type":"","background-media":"","overlay-type":"","overlay-color":"","overlay-opacity":"","overlay-gradient":""}}},"product_brand":[],"product_cat":[111,89,101],"product_tag":[217,396],"class_list":{"0":"post-4436","1":"product","2":"type-product","3":"status-publish","4":"has-post-thumbnail","6":"product_cat-brand-usb-pendrive","7":"product_cat-metal-usb-pendrive","8":"product_cat-usb-pendrive-with-keychain","9":"product_tag-hp-usb-flash-drive","10":"product_tag-stainless-steel-usb-flash-drive","11":"desktop-align-left","12":"tablet-align-left","13":"mobile-align-left","15":"first","16":"instock","17":"shipping-taxable","18":"product-type-simple"},"_links":{"self":[{"href":"https:\/\/www.usborkeychain.com\/es\/wp-json\/wp\/v2\/product\/4436","targetHints":{"allow":["GET"]}}],"collection":[{"href":"https:\/\/www.usborkeychain.com\/es\/wp-json\/wp\/v2\/product"}],"about":[{"href":"https:\/\/www.usborkeychain.com\/es\/wp-json\/wp\/v2\/types\/product"}],"replies":[{"embeddable":true,"href":"https:\/\/www.usborkeychain.com\/es\/wp-json\/wp\/v2\/comments?post=4436"}],"wp:featuredmedia":[{"embeddable":true,"href":"https:\/\/www.usborkeychain.com\/es\/wp-json\/wp\/v2\/media\/4445"}],"wp:attachment":[{"href":"https:\/\/www.usborkeychain.com\/es\/wp-json\/wp\/v2\/media?parent=4436"}],"wp:term":[{"taxonomy":"product_brand","embeddable":true,"href":"https:\/\/www.usborkeychain.com\/es\/wp-json\/wp\/v2\/product_brand?post=4436"},{"taxonomy":"product_cat","embeddable":true,"href":"https:\/\/www.usborkeychain.com\/es\/wp-json\/wp\/v2\/product_cat?post=4436"},{"taxonomy":"product_tag","embeddable":true,"href":"https:\/\/www.usborkeychain.com\/es\/wp-json\/wp\/v2\/product_tag?post=4436"}],"curies":[{"name":"wp","href":"https:\/\/api.w.org\/{rel}","templated":true}]}}