{"id":4447,"date":"2025-07-24T00:37:35","date_gmt":"2025-07-24T00:37:35","guid":{"rendered":"https:\/\/www.usborkeychain.com\/?post_type=product&#038;p=4447"},"modified":"2025-07-24T00:38:52","modified_gmt":"2025-07-24T00:38:52","slug":"natural-log-wood-flip-usb-drive","status":"publish","type":"product","link":"https:\/\/www.usborkeychain.com\/es\/producto\/natural-log-wood-flip-usb-drive\/","title":{"rendered":"Memoria USB abatible de madera de tronco natural"},"content":{"rendered":"<p><\/p>\n\n\n\n<div class=\"wp-block-columns is-layout-flex wp-container-core-columns-is-layout-28f84493 wp-block-columns-is-layout-flex\">\n<div class=\"wp-block-column is-layout-flow wp-block-column-is-layout-flow\">\n<figure class=\"wp-block-image size-full\"><img alt=\"\" fetchpriority=\"high\" decoding=\"async\" width=\"800\" height=\"800\" src=\"https:\/\/www.usborkeychain.com\/wp-content\/uploads\/Bamboo-Wood-Flip-USB-Drive.jpg\" class=\"wp-image-4450\" srcset=\"https:\/\/www.usborkeychain.com\/wp-content\/uploads\/Bamboo-Wood-Flip-USB-Drive.jpg 800w, https:\/\/www.usborkeychain.com\/wp-content\/uploads\/Bamboo-Wood-Flip-USB-Drive-300x300.jpg 300w, https:\/\/www.usborkeychain.com\/wp-content\/uploads\/Bamboo-Wood-Flip-USB-Drive-150x150.jpg 150w, https:\/\/www.usborkeychain.com\/wp-content\/uploads\/Bamboo-Wood-Flip-USB-Drive-768x768.jpg 768w, https:\/\/www.usborkeychain.com\/wp-content\/uploads\/Bamboo-Wood-Flip-USB-Drive-12x12.jpg 12w, https:\/\/www.usborkeychain.com\/wp-content\/uploads\/Bamboo-Wood-Flip-USB-Drive-600x600.jpg 600w, https:\/\/www.usborkeychain.com\/wp-content\/uploads\/Bamboo-Wood-Flip-USB-Drive-100x100.jpg 100w\" sizes=\"(max-width: 800px) 100vw, 800px\" \/><\/figure>\n<\/div>\n\n\n\n<div class=\"wp-block-column is-vertically-aligned-center is-layout-flow wp-block-column-is-layout-flow\">\n<h1 class=\"wp-block-heading\">Memoria USB Flip de madera<\/h1>\n\n\n\n<p>La unidad USB flip de madera es un innovador dispositivo de almacenamiento que rompe con la tradici\u00f3n. Con su estructura abatible 360\u00b0, redefine la forma de las unidades USB. Equipada con una interfaz USB 3.0 de alta velocidad, su eficiencia de transmisi\u00f3n de segundo nivel supera con creces la de las unidades USB convencionales. <\/p>\n\n\n\n<p>Adem\u00e1s, cuenta con una carcasa de madera natural, con opciones de madera en bruto, arce y bamb\u00fa, que combina a la perfecci\u00f3n las texturas naturales con la funcionalidad tecnol\u00f3gica.<\/p>\n<\/div>\n<\/div>\n\n\n\n<h3 class=\"wp-block-heading\">Material y dise\u00f1o:<\/h3>\n\n\n\n<ul class=\"wp-block-list\">\n<li><strong>Selecci\u00f3n de materiales<\/strong>: La carcasa est\u00e1 hecha de madera natural (madera en bruto, arce, madera de bamb\u00fa, etc.) con un grosor de \u22653 mm. Finamente pulida, tiene un tacto c\u00e1lido y una textura \u00fanica, con una est\u00e9tica natural: cada pieza tiene una veta de madera \u00fanica.<\/li>\n\n\n\n<li><strong>Dise\u00f1o Flip<\/strong>: Adopta una innovadora estructura abatible a 360\u00b0, con un eje giratorio de madera que permite a la carcasa abatirse libremente. Una vez extra\u00edda, puede enchufarse directamente para su uso sin engorrosas operaciones. El conector met\u00e1lico USB 3.0 de inserci\u00f3n directa queda envuelto por la carcasa de madera durante el giro, lo que reduce eficazmente los da\u00f1os por golpes y polvo y prolonga la vida \u00fatil.<\/li>\n<\/ul>\n\n\n\n<div class=\"wp-block-columns is-layout-flex wp-container-core-columns-is-layout-28f84493 wp-block-columns-is-layout-flex\">\n<div class=\"wp-block-column is-layout-flow wp-block-column-is-layout-flow\">\n<figure class=\"wp-block-image size-full\"><img alt=\"\" decoding=\"async\" width=\"800\" height=\"800\" src=\"https:\/\/www.usborkeychain.com\/wp-content\/uploads\/Rosewood-Flip-USB-Drive.jpg\" class=\"wp-image-4453\" srcset=\"https:\/\/www.usborkeychain.com\/wp-content\/uploads\/Rosewood-Flip-USB-Drive.jpg 800w, https:\/\/www.usborkeychain.com\/wp-content\/uploads\/Rosewood-Flip-USB-Drive-300x300.jpg 300w, https:\/\/www.usborkeychain.com\/wp-content\/uploads\/Rosewood-Flip-USB-Drive-150x150.jpg 150w, https:\/\/www.usborkeychain.com\/wp-content\/uploads\/Rosewood-Flip-USB-Drive-768x768.jpg 768w, https:\/\/www.usborkeychain.com\/wp-content\/uploads\/Rosewood-Flip-USB-Drive-12x12.jpg 12w, https:\/\/www.usborkeychain.com\/wp-content\/uploads\/Rosewood-Flip-USB-Drive-600x600.jpg 600w, https:\/\/www.usborkeychain.com\/wp-content\/uploads\/Rosewood-Flip-USB-Drive-100x100.jpg 100w\" sizes=\"(max-width: 800px) 100vw, 800px\" \/><\/figure>\n<\/div>\n\n\n\n<div class=\"wp-block-column is-layout-flow wp-block-column-is-layout-flow\">\n<figure class=\"wp-block-image size-full\"><img alt=\"\" decoding=\"async\" width=\"800\" height=\"800\" src=\"https:\/\/www.usborkeychain.com\/wp-content\/uploads\/Log-Wood-Flip-USB-Driv.jpg\" class=\"wp-image-4451\" srcset=\"https:\/\/www.usborkeychain.com\/wp-content\/uploads\/Log-Wood-Flip-USB-Driv.jpg 800w, https:\/\/www.usborkeychain.com\/wp-content\/uploads\/Log-Wood-Flip-USB-Driv-300x300.jpg 300w, https:\/\/www.usborkeychain.com\/wp-content\/uploads\/Log-Wood-Flip-USB-Driv-150x150.jpg 150w, https:\/\/www.usborkeychain.com\/wp-content\/uploads\/Log-Wood-Flip-USB-Driv-768x768.jpg 768w, https:\/\/www.usborkeychain.com\/wp-content\/uploads\/Log-Wood-Flip-USB-Driv-12x12.jpg 12w, https:\/\/www.usborkeychain.com\/wp-content\/uploads\/Log-Wood-Flip-USB-Driv-600x600.jpg 600w, https:\/\/www.usborkeychain.com\/wp-content\/uploads\/Log-Wood-Flip-USB-Driv-100x100.jpg 100w\" sizes=\"(max-width: 800px) 100vw, 800px\" \/><\/figure>\n<\/div>\n<\/div>\n\n\n\n<h3 class=\"wp-block-heading\">Par\u00e1metros b\u00e1sicos<\/h3>\n\n\n\n<figure class=\"wp-block-table\"><table class=\"has-fixed-layout\"><thead><tr><th>Categor\u00eda de par\u00e1metros<\/th><th>Especificaciones<\/th><\/tr><\/thead><tbody><tr><td>Capacidad de almacenamiento<\/td><td>8GB \/ 16GB \/ 32GB \/ 64GB \/ 128GB<\/td><\/tr><tr><td>Interfaz est\u00e1ndar<\/td><td>USB 3.0 (compatible con USB 2.0)<\/td><\/tr><tr><td>Velocidad de lectura<\/td><td>Hasta aprox. 100 MB\/s (var\u00eda seg\u00fan el dispositivo\/capacidad)<\/td><\/tr><tr><td>Velocidad de escritura<\/td><td>Hasta aprox. 30 MB\/s (var\u00eda seg\u00fan el dispositivo o la capacidad)<\/td><\/tr><tr><td>Material de la carcasa<\/td><td>Madera en bruto, arce, bamb\u00fa (opcional)<\/td><\/tr><tr><td>Material del conector met\u00e1lico<\/td><td>Aleaci\u00f3n (antioxidante, resistente al desgaste)<\/td><\/tr><tr><td>Dimensiones del producto<\/td><td>Aprox. 90\u00d720\u00d710mm (tama\u00f1o total)<\/td><\/tr><tr><td>Peso del producto<\/td><td>Aprox. 15 g (ligero y port\u00e1til)<\/td><\/tr><\/tbody><\/table><\/figure>\n\n\n\n<div class=\"wp-block-columns is-layout-flex wp-container-core-columns-is-layout-28f84493 wp-block-columns-is-layout-flex\">\n<div class=\"wp-block-column is-layout-flow wp-block-column-is-layout-flow\">\n<figure class=\"wp-block-image size-full\"><img alt=\"\" loading=\"lazy\" decoding=\"async\" width=\"1024\" height=\"1024\" src=\"https:\/\/www.usborkeychain.com\/wp-content\/uploads\/Maple-Wood-Flip-USB-Drive.jpg\" class=\"wp-image-4452\" srcset=\"https:\/\/www.usborkeychain.com\/wp-content\/uploads\/Maple-Wood-Flip-USB-Drive.jpg 1024w, https:\/\/www.usborkeychain.com\/wp-content\/uploads\/Maple-Wood-Flip-USB-Drive-300x300.jpg 300w, https:\/\/www.usborkeychain.com\/wp-content\/uploads\/Maple-Wood-Flip-USB-Drive-150x150.jpg 150w, https:\/\/www.usborkeychain.com\/wp-content\/uploads\/Maple-Wood-Flip-USB-Drive-768x768.jpg 768w, https:\/\/www.usborkeychain.com\/wp-content\/uploads\/Maple-Wood-Flip-USB-Drive-12x12.jpg 12w, https:\/\/www.usborkeychain.com\/wp-content\/uploads\/Maple-Wood-Flip-USB-Drive-600x600.jpg 600w, https:\/\/www.usborkeychain.com\/wp-content\/uploads\/Maple-Wood-Flip-USB-Drive-100x100.jpg 100w\" sizes=\"(max-width: 1024px) 100vw, 1024px\" \/><\/figure>\n<\/div>\n\n\n\n<div class=\"wp-block-column is-vertically-aligned-center is-layout-flow wp-block-column-is-layout-flow\">\n<h3 class=\"wp-block-heading\">Personalizaci\u00f3n a medida: Extensi\u00f3n de la marca desde la memoria USB hasta el embalaje<\/h3>\n\n\n\n<ul class=\"wp-block-list\">\n<li><strong>Personalizaci\u00f3n del logotipo<\/strong>: La carcasa de madera admite el grabado por l\u00e1ser (con una textura n\u00edtida y un tacto de primera calidad) o la impresi\u00f3n en color (colores vivos y estampados ricos), lo que satisface necesidades de personalizaci\u00f3n como logotipos corporativos y dise\u00f1os personalizados.<\/li>\n\n\n\n<li><strong>Personalizaci\u00f3n de envases<\/strong>: La caja de embalaje de madera a juego puede personalizarse con un logotipo al mismo tiempo, con lo que se consigue una imagen de marca integrada desde la unidad USB hasta el embalaje. Es ideal para regalos de empresa, recuerdos de eventos y regalos culturales y creativos.<\/li>\n<\/ul>\n<\/div>\n<\/div>","protected":false},"excerpt":{"rendered":"<ul>\n<li>Estilo flip<\/li>\n<li>Material de madera<\/li>\n<li>Estructura abatible 360<\/li>\n<li>interfaz USB 3.0 de alta velocidad<\/li>\n<li>LOGOTIPO personalizado<\/li>\n<\/ul>","protected":false},"featured_media":4451,"comment_status":"open","ping_status":"closed","template":"","meta":{"_seopress_robots_primary_cat":"","_seopress_titles_title":"","_seopress_titles_desc":"","_seopress_robots_index":"","site-sidebar-layout":"default","site-content-layout":"","ast-site-content-layout":"","site-content-style":"default","site-sidebar-style":"default","ast-global-header-display":"","ast-banner-title-visibility":"","ast-main-header-display":"","ast-hfb-above-header-display":"","ast-hfb-below-header-display":"","ast-hfb-mobile-header-display":"","site-post-title":"","ast-breadcrumbs-content":"","ast-featured-img":"","footer-sml-layout":"","theme-transparent-header-meta":"","adv-header-id-meta":"","stick-header-meta":"","header-above-stick-meta":"","header-main-stick-meta":"","header-below-stick-meta":"","astra-migrate-meta-layouts":"default","ast-page-background-enabled":"default","ast-page-background-meta":{"desktop":{"background-color":"var(--ast-global-color-5)","background-image":"","background-repeat":"repeat","background-position":"center center","background-size":"auto","background-attachment":"scroll","background-type":"","background-media":"","overlay-type":"","overlay-color":"","overlay-opacity":"","overlay-gradient":""},"tablet":{"background-color":"","background-image":"","background-repeat":"repeat","background-position":"center center","background-size":"auto","background-attachment":"scroll","background-type":"","background-media":"","overlay-type":"","overlay-color":"","overlay-opacity":"","overlay-gradient":""},"mobile":{"background-color":"","background-image":"","background-repeat":"repeat","background-position":"center center","background-size":"auto","background-attachment":"scroll","background-type":"","background-media":"","overlay-type":"","overlay-color":"","overlay-opacity":"","overlay-gradient":""}},"ast-content-background-meta":{"desktop":{"background-color":"var(--ast-global-color-4)","background-image":"","background-repeat":"repeat","background-position":"center center","background-size":"auto","background-attachment":"scroll","background-type":"","background-media":"","overlay-type":"","overlay-color":"","overlay-opacity":"","overlay-gradient":""},"tablet":{"background-color":"var(--ast-global-color-4)","background-image":"","background-repeat":"repeat","background-position":"center center","background-size":"auto","background-attachment":"scroll","background-type":"","background-media":"","overlay-type":"","overlay-color":"","overlay-opacity":"","overlay-gradient":""},"mobile":{"background-color":"var(--ast-global-color-4)","background-image":"","background-repeat":"repeat","background-position":"center center","background-size":"auto","background-attachment":"scroll","background-type":"","background-media":"","overlay-type":"","overlay-color":"","overlay-opacity":"","overlay-gradient":""}}},"product_brand":[],"product_cat":[168,104],"product_tag":[171],"class_list":{"0":"post-4447","1":"product","2":"type-product","3":"status-publish","4":"has-post-thumbnail","6":"product_cat-wood-usb-flash-drive","7":"product_cat-usb3-0-usb-pendrive","8":"product_tag-flip-usb-flash-drive","9":"desktop-align-left","10":"tablet-align-left","11":"mobile-align-left","13":"first","14":"instock","15":"shipping-taxable","16":"product-type-simple"},"_links":{"self":[{"href":"https:\/\/www.usborkeychain.com\/es\/wp-json\/wp\/v2\/product\/4447","targetHints":{"allow":["GET"]}}],"collection":[{"href":"https:\/\/www.usborkeychain.com\/es\/wp-json\/wp\/v2\/product"}],"about":[{"href":"https:\/\/www.usborkeychain.com\/es\/wp-json\/wp\/v2\/types\/product"}],"replies":[{"embeddable":true,"href":"https:\/\/www.usborkeychain.com\/es\/wp-json\/wp\/v2\/comments?post=4447"}],"wp:featuredmedia":[{"embeddable":true,"href":"https:\/\/www.usborkeychain.com\/es\/wp-json\/wp\/v2\/media\/4451"}],"wp:attachment":[{"href":"https:\/\/www.usborkeychain.com\/es\/wp-json\/wp\/v2\/media?parent=4447"}],"wp:term":[{"taxonomy":"product_brand","embeddable":true,"href":"https:\/\/www.usborkeychain.com\/es\/wp-json\/wp\/v2\/product_brand?post=4447"},{"taxonomy":"product_cat","embeddable":true,"href":"https:\/\/www.usborkeychain.com\/es\/wp-json\/wp\/v2\/product_cat?post=4447"},{"taxonomy":"product_tag","embeddable":true,"href":"https:\/\/www.usborkeychain.com\/es\/wp-json\/wp\/v2\/product_tag?post=4447"}],"curies":[{"name":"wp","href":"https:\/\/api.w.org\/{rel}","templated":true}]}}