{"id":4454,"date":"2025-07-24T00:56:00","date_gmt":"2025-07-24T00:56:00","guid":{"rendered":"https:\/\/www.usborkeychain.com\/?post_type=product&#038;p=4454"},"modified":"2025-08-17T13:16:34","modified_gmt":"2025-08-17T13:16:34","slug":"long-strip-right-angle-wooden-usb-stick","status":"publish","type":"product","link":"https:\/\/www.usborkeychain.com\/es\/producto\/long-strip-right-angle-wooden-usb-stick\/","title":{"rendered":"L\u00e1piz USB de madera en \u00e1ngulo recto de tira larga"},"content":{"rendered":"<p><\/p>\n\n\n\n<div class=\"wp-block-columns is-layout-flex wp-container-core-columns-is-layout-28f84493 wp-block-columns-is-layout-flex\">\n<div class=\"wp-block-column is-layout-flow wp-block-column-is-layout-flow\">\n<figure class=\"wp-block-image size-full\"><img fetchpriority=\"high\" decoding=\"async\" width=\"720\" height=\"720\" src=\"https:\/\/www.usborkeychain.com\/wp-content\/uploads\/180\u00b0-Rotating-Wooden-USB-Flash-Drive.jpg\" alt=\"180\u00b0 Rotating Wooden USB Flash Drive\" class=\"wp-image-4457\" srcset=\"https:\/\/www.usborkeychain.com\/wp-content\/uploads\/180\u00b0-Rotating-Wooden-USB-Flash-Drive.jpg 720w, https:\/\/www.usborkeychain.com\/wp-content\/uploads\/180\u00b0-Rotating-Wooden-USB-Flash-Drive-300x300.jpg 300w, https:\/\/www.usborkeychain.com\/wp-content\/uploads\/180\u00b0-Rotating-Wooden-USB-Flash-Drive-150x150.jpg 150w, https:\/\/www.usborkeychain.com\/wp-content\/uploads\/180\u00b0-Rotating-Wooden-USB-Flash-Drive-12x12.jpg 12w, https:\/\/www.usborkeychain.com\/wp-content\/uploads\/180\u00b0-Rotating-Wooden-USB-Flash-Drive-600x600.jpg 600w, https:\/\/www.usborkeychain.com\/wp-content\/uploads\/180\u00b0-Rotating-Wooden-USB-Flash-Drive-100x100.jpg 100w\" sizes=\"(max-width: 720px) 100vw, 720px\" \/><\/figure>\n<\/div>\n\n\n\n<div class=\"wp-block-column is-vertically-aligned-center is-layout-flow wp-block-column-is-layout-flow\">\n<p>La unidad USB giratoria en \u00e1ngulo recto con tira larga de madera rompe la impresi\u00f3n estereotipada de las unidades USB tradicionales con su contorno mini rectangular. Las l\u00edneas en \u00e1ngulo recto delinean una textura limpia, y est\u00e1 equipada con una estructura giratoria de 180 grados para realizar la retracci\u00f3n flexible y la extensi\u00f3n de la interfaz USB - cuando se almacena.<\/p>\n\n\n\n<p> Se ajusta a la carcasa de madera y, cuando se utiliza, puede desplegarse con un solo clic, lo que no solo evita que la interfaz se golpee, sino que tambi\u00e9n hace que el manejo sea m\u00e1s c\u00f3modo.<\/p>\n<\/div>\n<\/div>\n\n\n\n<h3 class=\"wp-block-heading\">Selecci\u00f3n de materiales<\/h3>\n\n\n\n<p>Seleccionadas maderas naturales como la madera en bruto, la madera de arce y la madera de bamb\u00fa, cada unidad USB tiene un veteado \u00fanico y una textura c\u00e1lida, interpretando la est\u00e9tica natural.<\/p>\n\n\n\n<h3 class=\"wp-block-heading\">Apariencia<\/h3>\n\n\n\n<ul class=\"wp-block-list\">\n<li>Dise\u00f1o contorneado: El mini cuerpo principal rectangular con peque\u00f1as esquinas redondeadas de 10 grados pulidas en los bordes, teniendo en cuenta tanto la comodidad de agarre como la delicadeza visual;<\/li>\n\n\n\n<li>Estructura giratoria: El conector USB admite la rotaci\u00f3n bidireccional de 180 grados, que es suave sin atascos, lo que permite cambiar con un solo clic entre el almacenamiento y el uso;<\/li>\n\n\n\n<li>Dise\u00f1o port\u00e1til: Equipado con un llavero met\u00e1lico en la cola, se puede colgar directamente en llaveros o bolsos para llevarlo f\u00e1cilmente sin perderlo.<\/li>\n<\/ul>\n\n\n\n<div class=\"wp-block-columns is-layout-flex wp-container-core-columns-is-layout-28f84493 wp-block-columns-is-layout-flex\">\n<div class=\"wp-block-column is-layout-flow wp-block-column-is-layout-flow\">\n<figure class=\"wp-block-image size-full\"><img alt=\"\" decoding=\"async\" width=\"720\" height=\"720\" src=\"https:\/\/www.usborkeychain.com\/wp-content\/uploads\/Mini-Wooden-Rectangular-USB-Drive.jpg\" class=\"wp-image-4459\" srcset=\"https:\/\/www.usborkeychain.com\/wp-content\/uploads\/Mini-Wooden-Rectangular-USB-Drive.jpg 720w, https:\/\/www.usborkeychain.com\/wp-content\/uploads\/Mini-Wooden-Rectangular-USB-Drive-300x300.jpg 300w, https:\/\/www.usborkeychain.com\/wp-content\/uploads\/Mini-Wooden-Rectangular-USB-Drive-150x150.jpg 150w, https:\/\/www.usborkeychain.com\/wp-content\/uploads\/Mini-Wooden-Rectangular-USB-Drive-12x12.jpg 12w, https:\/\/www.usborkeychain.com\/wp-content\/uploads\/Mini-Wooden-Rectangular-USB-Drive-600x600.jpg 600w, https:\/\/www.usborkeychain.com\/wp-content\/uploads\/Mini-Wooden-Rectangular-USB-Drive-100x100.jpg 100w\" sizes=\"(max-width: 720px) 100vw, 720px\" \/><\/figure>\n<\/div>\n\n\n\n<div class=\"wp-block-column is-layout-flow wp-block-column-is-layout-flow\">\n<figure class=\"wp-block-image size-full\"><img alt=\"\" decoding=\"async\" width=\"720\" height=\"720\" src=\"https:\/\/www.usborkeychain.com\/wp-content\/uploads\/Wooden-Long-Strip-Right-Angle-USB-Drive.jpg\" class=\"wp-image-4460\" srcset=\"https:\/\/www.usborkeychain.com\/wp-content\/uploads\/Wooden-Long-Strip-Right-Angle-USB-Drive.jpg 720w, https:\/\/www.usborkeychain.com\/wp-content\/uploads\/Wooden-Long-Strip-Right-Angle-USB-Drive-300x300.jpg 300w, https:\/\/www.usborkeychain.com\/wp-content\/uploads\/Wooden-Long-Strip-Right-Angle-USB-Drive-150x150.jpg 150w, https:\/\/www.usborkeychain.com\/wp-content\/uploads\/Wooden-Long-Strip-Right-Angle-USB-Drive-12x12.jpg 12w, https:\/\/www.usborkeychain.com\/wp-content\/uploads\/Wooden-Long-Strip-Right-Angle-USB-Drive-600x600.jpg 600w, https:\/\/www.usborkeychain.com\/wp-content\/uploads\/Wooden-Long-Strip-Right-Angle-USB-Drive-100x100.jpg 100w\" sizes=\"(max-width: 720px) 100vw, 720px\" \/><\/figure>\n<\/div>\n<\/div>\n\n\n\n<p>La madera es el \"soporte de oro\" para el grabado por l\u00e1ser: el veteado natural hace que el grabado del LOGO sea m\u00e1s tridimensional, el degradado del color de la madera resalta las capas y el producto acabado muestra una textura de alta gama. Es especialmente adecuada para los siguientes casos:<\/p>\n\n\n\n<ol class=\"wp-block-list\">\n<li>Industria nupcial: Almacenar im\u00e1genes de la boda, grabar los nombres y las fechas de los reci\u00e9n casados, y convertirse en una \"c\u00e1psula del tiempo\" - regalo de estilo, portador de romance eterno;<\/li>\n\n\n\n<li>Industria fotogr\u00e1fica: Almacenar fotos de muestra\/fotos de invitados, grabar el LOGO del estudio, hacer m\u00e1s ceremonial la entrega de trabajos y reforzar la memoria de la marca;<\/li>\n\n\n\n<li>Industria musical: Almacenar singles\/\u00e1lbumes originales, grabar el nombre del artista y del \u00e1lbum, crear perif\u00e9ricos musicales exclusivos y transmitir la temperatura de la creaci\u00f3n;<\/li>\n\n\n\n<li>Personalizaci\u00f3n corporativa: Grabe logotipos y esl\u00f3ganes corporativos, haciendo que los regalos de empresa sean pr\u00e1cticos y elegantes a la vez, y el material natural est\u00e1 m\u00e1s en consonancia con el concepto de protecci\u00f3n del medio ambiente.<\/li>\n<\/ol>\n\n\n\n<p>La unidad USB giratoria en \u00e1ngulo recto con tira larga de madera integra a la perfecci\u00f3n la artesan\u00eda vintage de la madera con el almacenamiento moderno: la rotaci\u00f3n de 180 grados y el dise\u00f1o de llavero mejoran la practicidad, y el grabado a l\u00e1ser la dota de una expresi\u00f3n personalizada.<\/p>\n\n\n\n<p><\/p>","protected":false},"excerpt":{"rendered":"<ul>\n<li>Giro de 180<\/li>\n<li>\u00c1ngulo recto<\/li>\n<li>List\u00f3n largo de madera<\/li>\n<li>LOGO Csutom<\/li>\n<li>Paquete personalizado<\/li>\n<\/ul>","protected":false},"featured_media":4457,"comment_status":"open","ping_status":"closed","template":"","meta":{"_seopress_robots_primary_cat":"","_seopress_titles_title":"","_seopress_titles_desc":"","_seopress_robots_index":"","site-sidebar-layout":"default","site-content-layout":"","ast-site-content-layout":"","site-content-style":"default","site-sidebar-style":"default","ast-global-header-display":"","ast-banner-title-visibility":"","ast-main-header-display":"","ast-hfb-above-header-display":"","ast-hfb-below-header-display":"","ast-hfb-mobile-header-display":"","site-post-title":"","ast-breadcrumbs-content":"","ast-featured-img":"","footer-sml-layout":"","theme-transparent-header-meta":"","adv-header-id-meta":"","stick-header-meta":"","header-above-stick-meta":"","header-main-stick-meta":"","header-below-stick-meta":"","astra-migrate-meta-layouts":"default","ast-page-background-enabled":"default","ast-page-background-meta":{"desktop":{"background-color":"var(--ast-global-color-5)","background-image":"","background-repeat":"repeat","background-position":"center center","background-size":"auto","background-attachment":"scroll","background-type":"","background-media":"","overlay-type":"","overlay-color":"","overlay-opacity":"","overlay-gradient":""},"tablet":{"background-color":"","background-image":"","background-repeat":"repeat","background-position":"center center","background-size":"auto","background-attachment":"scroll","background-type":"","background-media":"","overlay-type":"","overlay-color":"","overlay-opacity":"","overlay-gradient":""},"mobile":{"background-color":"","background-image":"","background-repeat":"repeat","background-position":"center center","background-size":"auto","background-attachment":"scroll","background-type":"","background-media":"","overlay-type":"","overlay-color":"","overlay-opacity":"","overlay-gradient":""}},"ast-content-background-meta":{"desktop":{"background-color":"var(--ast-global-color-4)","background-image":"","background-repeat":"repeat","background-position":"center center","background-size":"auto","background-attachment":"scroll","background-type":"","background-media":"","overlay-type":"","overlay-color":"","overlay-opacity":"","overlay-gradient":""},"tablet":{"background-color":"var(--ast-global-color-4)","background-image":"","background-repeat":"repeat","background-position":"center center","background-size":"auto","background-attachment":"scroll","background-type":"","background-media":"","overlay-type":"","overlay-color":"","overlay-opacity":"","overlay-gradient":""},"mobile":{"background-color":"var(--ast-global-color-4)","background-image":"","background-repeat":"repeat","background-position":"center center","background-size":"auto","background-attachment":"scroll","background-type":"","background-media":"","overlay-type":"","overlay-color":"","overlay-opacity":"","overlay-gradient":""}}},"product_brand":[],"product_cat":[168,106,101],"product_tag":[404],"class_list":{"0":"post-4454","1":"product","2":"type-product","3":"status-publish","4":"has-post-thumbnail","6":"product_cat-wood-usb-flash-drive","7":"product_cat-rotating-usb-pendrive","8":"product_cat-usb-pendrive-with-keychain","9":"product_tag-wooden-rotating-usb-drive","10":"desktop-align-left","11":"tablet-align-left","12":"mobile-align-left","14":"first","15":"instock","16":"shipping-taxable","17":"product-type-simple"},"_links":{"self":[{"href":"https:\/\/www.usborkeychain.com\/es\/wp-json\/wp\/v2\/product\/4454","targetHints":{"allow":["GET"]}}],"collection":[{"href":"https:\/\/www.usborkeychain.com\/es\/wp-json\/wp\/v2\/product"}],"about":[{"href":"https:\/\/www.usborkeychain.com\/es\/wp-json\/wp\/v2\/types\/product"}],"replies":[{"embeddable":true,"href":"https:\/\/www.usborkeychain.com\/es\/wp-json\/wp\/v2\/comments?post=4454"}],"wp:featuredmedia":[{"embeddable":true,"href":"https:\/\/www.usborkeychain.com\/es\/wp-json\/wp\/v2\/media\/4457"}],"wp:attachment":[{"href":"https:\/\/www.usborkeychain.com\/es\/wp-json\/wp\/v2\/media?parent=4454"}],"wp:term":[{"taxonomy":"product_brand","embeddable":true,"href":"https:\/\/www.usborkeychain.com\/es\/wp-json\/wp\/v2\/product_brand?post=4454"},{"taxonomy":"product_cat","embeddable":true,"href":"https:\/\/www.usborkeychain.com\/es\/wp-json\/wp\/v2\/product_cat?post=4454"},{"taxonomy":"product_tag","embeddable":true,"href":"https:\/\/www.usborkeychain.com\/es\/wp-json\/wp\/v2\/product_tag?post=4454"}],"curies":[{"name":"wp","href":"https:\/\/api.w.org\/{rel}","templated":true}]}}