{"id":4522,"date":"2025-07-24T09:04:33","date_gmt":"2025-07-24T09:04:33","guid":{"rendered":"https:\/\/www.usborkeychain.com\/?post_type=product&#038;p=4522"},"modified":"2025-07-24T09:14:54","modified_gmt":"2025-07-24T09:14:54","slug":"recycled-paper-key-usb-flash-drive","status":"publish","type":"product","link":"https:\/\/www.usborkeychain.com\/es\/producto\/recycled-paper-key-usb-flash-drive\/","title":{"rendered":"Llave de papel reciclado Memoria USB"},"content":{"rendered":"<div class=\"wp-block-columns are-vertically-aligned-center is-layout-flex wp-container-core-columns-is-layout-28f84493 wp-block-columns-is-layout-flex\">\n<div class=\"wp-block-column is-vertically-aligned-center is-layout-flow wp-block-column-is-layout-flow\">\n<figure class=\"wp-block-image size-full\"><img alt=\"\" fetchpriority=\"high\" decoding=\"async\" width=\"800\" height=\"800\" src=\"https:\/\/www.usborkeychain.com\/wp-content\/uploads\/EcoPaper-USB-flash-drive.jpg\" class=\"wp-image-4526\" srcset=\"https:\/\/www.usborkeychain.com\/wp-content\/uploads\/EcoPaper-USB-flash-drive.jpg 800w, https:\/\/www.usborkeychain.com\/wp-content\/uploads\/EcoPaper-USB-flash-drive-300x300.jpg 300w, https:\/\/www.usborkeychain.com\/wp-content\/uploads\/EcoPaper-USB-flash-drive-150x150.jpg 150w, https:\/\/www.usborkeychain.com\/wp-content\/uploads\/EcoPaper-USB-flash-drive-768x768.jpg 768w, https:\/\/www.usborkeychain.com\/wp-content\/uploads\/EcoPaper-USB-flash-drive-12x12.jpg 12w, https:\/\/www.usborkeychain.com\/wp-content\/uploads\/EcoPaper-USB-flash-drive-600x600.jpg 600w, https:\/\/www.usborkeychain.com\/wp-content\/uploads\/EcoPaper-USB-flash-drive-100x100.jpg 100w\" sizes=\"(max-width: 800px) 100vw, 800px\" \/><\/figure>\n<\/div>\n\n\n\n<div class=\"wp-block-column is-vertically-aligned-center is-layout-flow wp-block-column-is-layout-flow\">\n<p>En <strong>llave de papel reciclado memoria USB<\/strong> est\u00e1 fabricado con material base de papel reciclado 100%, combinado con un prensado de resina de protecci\u00f3n medioambiental de alta resistencia. La superficie se trata con un revestimiento de base acuosa apto para uso alimentario, haciendo realidad el concepto de protecci\u00f3n medioambiental de \"cero pl\u00e1stico y cero contaminaci\u00f3n\". Las caracter\u00edsticas del material son las siguientes<\/p>\n\n\n\n<ul class=\"wp-block-list\">\n<li><strong>Ultrafino y ligero<\/strong>: S\u00f3lo 3,5 mm de espesor, peso \u2264 10g (alrededor de 2 monedas), f\u00e1cil de llevar;<\/li>\n\n\n\n<li><strong>Duradero<\/strong>: Resistencia a la compresi\u00f3n de hasta 50MPa, resistente a los ara\u00f1azos, antihuellas, sin deformaci\u00f3n en el uso diario;<\/li>\n\n\n\n<li><strong>Certificaci\u00f3n ecol\u00f3gica<\/strong>: Ha superado la certificaci\u00f3n forestal FSC y las normas de protecci\u00f3n medioambiental ROHS, con un ciclo de degradaci\u00f3n natural de s\u00f3lo 1-2 a\u00f1os;<\/li>\n\n\n\n<li><strong>Dise\u00f1o humanizado<\/strong>: El di\u00e1metro del ojo de la cerradura es de 4 mm, adecuado para todos los llaveros est\u00e1ndar, y se puede colgar f\u00e1cilmente en mochilas, carteras o cinturones.<\/li>\n<\/ul>\n<\/div>\n<\/div>\n\n\n\n<h2 class=\"wp-block-heading\">Par\u00e1metros de la unidad USB<\/h2>\n\n\n\n<figure class=\"wp-block-table\"><table class=\"has-fixed-layout\"><thead><tr><th>Categor\u00eda de par\u00e1metros<\/th><th>Contenido espec\u00edfico<\/th><\/tr><\/thead><tbody><tr><td>Tipo de interfaz<\/td><td>USB 2.0\/USB 3.0<\/td><\/tr><tr><td>Capacidad de almacenamiento<\/td><td>8GB, 16GB, 32GB, 64GB, 128GB<\/td><\/tr><tr><td>Tama\u00f1o (longitud \u00d7 anchura \u00d7 grosor)<\/td><td>50 mm \u00d7 30 mm \u00d7 3,5 mm<\/td><\/tr><tr><td>Peso (aprox.)<\/td><td>10 - 15g<\/td><\/tr><\/tbody><\/table><\/figure>\n\n\n\n<h2 class=\"wp-block-heading\">\u00bfAdmite la personalizaci\u00f3n del LOGO?<\/h2>\n\n\n\n<div class=\"wp-block-columns are-vertically-aligned-center is-layout-flex wp-container-core-columns-is-layout-28f84493 wp-block-columns-is-layout-flex\">\n<div class=\"wp-block-column is-vertically-aligned-center is-layout-flow wp-block-column-is-layout-flow\">\n<p>Este <strong>La unidad USB admite la personalizaci\u00f3n del LOGO<\/strong>con procesos comunes como los siguientes:<\/p>\n\n\n\n<ul class=\"wp-block-list\">\n<li>Serigraf\u00eda: La tinta se imprime en la superficie de papel reciclado a trav\u00e9s de una pantalla para presentar texto y patrones claros. Es adecuada para LOGOTIPOS coloridos y de estilo sencillo, con un coste relativamente bajo y una gran eficacia en la personalizaci\u00f3n masiva.<\/li>\n\n\n\n<li>Estampaci\u00f3n en caliente: Utilizaci\u00f3n de altas temperaturas para estampar l\u00e1minas met\u00e1licas o de color sobre papel reciclado para formar un LOGO brillante. <\/li>\n<\/ul>\n\n\n\n<p>Proceso de personalizaci\u00f3n:<br>\u2460 Los clientes proporcionan ilustraciones vectoriales \u2192 \u2461 Confirmaci\u00f3n de pruebas en 72 horas \u2192 \u2462 Producci\u00f3n en masa (entrega en 7-10 d\u00edas) \u2192 \u2463 Caja de embalaje personalizada como regalo (papel reciclado + impresi\u00f3n con tinta de soja).<\/p>\n<\/div>\n\n\n\n<div class=\"wp-block-column is-vertically-aligned-center is-layout-flow wp-block-column-is-layout-flow\">\n<figure class=\"wp-block-image size-full\"><img alt=\"\" decoding=\"async\" width=\"800\" height=\"800\" src=\"https:\/\/www.usborkeychain.com\/wp-content\/uploads\/RecycleDrive-USB.jpg\" class=\"wp-image-4528\" srcset=\"https:\/\/www.usborkeychain.com\/wp-content\/uploads\/RecycleDrive-USB.jpg 800w, https:\/\/www.usborkeychain.com\/wp-content\/uploads\/RecycleDrive-USB-300x300.jpg 300w, https:\/\/www.usborkeychain.com\/wp-content\/uploads\/RecycleDrive-USB-150x150.jpg 150w, https:\/\/www.usborkeychain.com\/wp-content\/uploads\/RecycleDrive-USB-768x768.jpg 768w, https:\/\/www.usborkeychain.com\/wp-content\/uploads\/RecycleDrive-USB-12x12.jpg 12w, https:\/\/www.usborkeychain.com\/wp-content\/uploads\/RecycleDrive-USB-600x600.jpg 600w, https:\/\/www.usborkeychain.com\/wp-content\/uploads\/RecycleDrive-USB-100x100.jpg 100w\" sizes=\"(max-width: 800px) 100vw, 800px\" \/><\/figure>\n<\/div>\n<\/div>\n\n\n\n<h2 class=\"wp-block-heading\">\u00bfEs elevado el coste de apertura del molde?<\/h2>\n\n\n\n<div class=\"wp-block-columns are-vertically-aligned-center is-layout-flex wp-container-core-columns-is-layout-28f84493 wp-block-columns-is-layout-flex\">\n<div class=\"wp-block-column is-vertically-aligned-center is-layout-flow wp-block-column-is-layout-flow\">\n<figure class=\"wp-block-image size-full\"><img alt=\"\" decoding=\"async\" width=\"800\" height=\"800\" src=\"https:\/\/www.usborkeychain.com\/wp-content\/uploads\/EcoKey-USB-flash-drive.jpg\" class=\"wp-image-4525\" srcset=\"https:\/\/www.usborkeychain.com\/wp-content\/uploads\/EcoKey-USB-flash-drive.jpg 800w, https:\/\/www.usborkeychain.com\/wp-content\/uploads\/EcoKey-USB-flash-drive-300x300.jpg 300w, https:\/\/www.usborkeychain.com\/wp-content\/uploads\/EcoKey-USB-flash-drive-150x150.jpg 150w, https:\/\/www.usborkeychain.com\/wp-content\/uploads\/EcoKey-USB-flash-drive-768x768.jpg 768w, https:\/\/www.usborkeychain.com\/wp-content\/uploads\/EcoKey-USB-flash-drive-12x12.jpg 12w, https:\/\/www.usborkeychain.com\/wp-content\/uploads\/EcoKey-USB-flash-drive-600x600.jpg 600w, https:\/\/www.usborkeychain.com\/wp-content\/uploads\/EcoKey-USB-flash-drive-100x100.jpg 100w\" sizes=\"(max-width: 800px) 100vw, 800px\" \/><\/figure>\n<\/div>\n\n\n\n<div class=\"wp-block-column is-vertically-aligned-center is-layout-flow wp-block-column-is-layout-flow\">\n<p>El coste de apertura del molde para personalizar <strong>memorias USB de papel reciclado con forma de llave<\/strong> es relativamente controlable. Debido a la tecnolog\u00eda de procesamiento relativamente flexible de los materiales de papel reciclado, el molde se dise\u00f1a principalmente en torno a la adaptaci\u00f3n de la forma de la llave y la interfaz USB, y la estructura no es complicada. Adem\u00e1s, si se elige una forma de llave convencional (similar a la de la imagen), el molde tiene una gran versatilidad. Los fabricantes suelen disponer de moldes b\u00e1sicos ya hechos, y s\u00f3lo tienen que hacer ajustes personalizados para el LOGO, el color, etc., lo que puede reducir eficazmente el coste de apertura del molde.<\/p>\n<\/div>\n<\/div>\n\n\n\n<h2 class=\"wp-block-heading\">\u00bfPara qu\u00e9 situaciones es adecuada esta unidad USB?<\/h2>\n\n\n\n<div class=\"wp-block-columns are-vertically-aligned-center is-layout-flex wp-container-core-columns-is-layout-28f84493 wp-block-columns-is-layout-flex\">\n<div class=\"wp-block-column is-vertically-aligned-center is-layout-flow wp-block-column-is-layout-flow\">\n<p>Con sus atributos de protecci\u00f3n medioambiental y su forma creativa, el <strong>llave de papel reciclado unidad USB<\/strong> se adapta a diversos escenarios:<\/p>\n\n\n\n<ul class=\"wp-block-list\">\n<li><strong>Organizaciones medioambientales<\/strong>: La versi\u00f3n personalizada del Fondo Mundial para la Naturaleza (WWF) se utiliza como regalo para los donantes;<\/li>\n\n\n\n<li><strong>Instituciones educativas<\/strong>: Memorias USB conmemorativas de aniversarios escolares, impresas con insignias y lemas escolares;<\/li>\n\n\n\n<li><strong>Empresas tecnol\u00f3gicas<\/strong>: Regalos de conferencias de prensa de Apple\/Xiaomi, con documentos de presentaci\u00f3n de productos preinstalados;<\/li>\n\n\n\n<li><strong>Venta al por menor de gama alta<\/strong>: Regalos para los miembros de MUJI, acompa\u00f1ados de cajas de embalaje de papel reciclado;<\/li>\n\n\n\n<li><strong>Actividades de exposici\u00f3n<\/strong>: Soporte de almacenamiento para los materiales de los participantes en la Cumbre Mundial sobre el Clima.<\/li>\n<\/ul>\n<\/div>\n\n\n\n<div class=\"wp-block-column is-vertically-aligned-center is-layout-flow wp-block-column-is-layout-flow\">\n<figure class=\"wp-block-image size-full\"><img alt=\"\" loading=\"lazy\" decoding=\"async\" width=\"800\" height=\"800\" src=\"https:\/\/www.usborkeychain.com\/wp-content\/uploads\/PaperKey-USB-flash-drive.jpg\" class=\"wp-image-4527\" srcset=\"https:\/\/www.usborkeychain.com\/wp-content\/uploads\/PaperKey-USB-flash-drive.jpg 800w, https:\/\/www.usborkeychain.com\/wp-content\/uploads\/PaperKey-USB-flash-drive-300x300.jpg 300w, https:\/\/www.usborkeychain.com\/wp-content\/uploads\/PaperKey-USB-flash-drive-150x150.jpg 150w, https:\/\/www.usborkeychain.com\/wp-content\/uploads\/PaperKey-USB-flash-drive-768x768.jpg 768w, https:\/\/www.usborkeychain.com\/wp-content\/uploads\/PaperKey-USB-flash-drive-12x12.jpg 12w, https:\/\/www.usborkeychain.com\/wp-content\/uploads\/PaperKey-USB-flash-drive-600x600.jpg 600w, https:\/\/www.usborkeychain.com\/wp-content\/uploads\/PaperKey-USB-flash-drive-100x100.jpg 100w\" sizes=\"(max-width: 800px) 100vw, 800px\" \/><\/figure>\n<\/div>\n<\/div>\n\n\n\n<div class=\"wp-block-columns is-layout-flex wp-container-core-columns-is-layout-28f84493 wp-block-columns-is-layout-flex\">\n<div class=\"wp-block-column is-vertically-aligned-center is-layout-flow wp-block-column-is-layout-flow\">\n<figure class=\"wp-block-image size-full\"><img alt=\"\" loading=\"lazy\" decoding=\"async\" width=\"800\" height=\"800\" src=\"https:\/\/www.usborkeychain.com\/wp-content\/uploads\/RecycleKey-USB-flash-drive.jpg\" class=\"wp-image-4529\" srcset=\"https:\/\/www.usborkeychain.com\/wp-content\/uploads\/RecycleKey-USB-flash-drive.jpg 800w, https:\/\/www.usborkeychain.com\/wp-content\/uploads\/RecycleKey-USB-flash-drive-300x300.jpg 300w, https:\/\/www.usborkeychain.com\/wp-content\/uploads\/RecycleKey-USB-flash-drive-150x150.jpg 150w, https:\/\/www.usborkeychain.com\/wp-content\/uploads\/RecycleKey-USB-flash-drive-768x768.jpg 768w, https:\/\/www.usborkeychain.com\/wp-content\/uploads\/RecycleKey-USB-flash-drive-12x12.jpg 12w, https:\/\/www.usborkeychain.com\/wp-content\/uploads\/RecycleKey-USB-flash-drive-600x600.jpg 600w, https:\/\/www.usborkeychain.com\/wp-content\/uploads\/RecycleKey-USB-flash-drive-100x100.jpg 100w\" sizes=\"(max-width: 800px) 100vw, 800px\" \/><\/figure>\n<\/div>\n\n\n\n<div class=\"wp-block-column is-vertically-aligned-center is-layout-flow wp-block-column-is-layout-flow\">\n<p>En <strong>llave de papel reciclado unidad USB<\/strong> se basa en papel reciclado respetuoso con el medio ambiente, creando una herramienta de almacenamiento ultrafina, port\u00e1til y \u00fanica. Sus numerosos par\u00e1metros satisfacen diversas necesidades, y la personalizaci\u00f3n flexible del logotipo dota a marcas y particulares de s\u00edmbolos exclusivos. El modo de \"personalizaci\u00f3n sin apertura de molde\" (6 modelos comunes) y el servicio de respuesta r\u00e1pida en 72 horas proporcionan a las empresas soluciones de comunicaci\u00f3n de marca de bajo umbral, especialmente en l\u00ednea con las necesidades de marketing de la pol\u00edtica de neutralidad de carbono.<\/p>\n<\/div>\n<\/div>","protected":false},"excerpt":{"rendered":"<ul>\n<li>Papel reciclado<\/li>\n<li>llave USB flash drive<\/li>\n<li>\u00a0Personalizaci\u00f3n del logotipo<\/li>\n<li>Cero pl\u00e1stico y cero contaminaci\u00f3n<\/li>\n<li>MOQ:100PCS<\/li>\n<\/ul>","protected":false},"featured_media":4526,"comment_status":"open","ping_status":"closed","template":"","meta":{"_seopress_robots_primary_cat":"","_seopress_titles_title":"","_seopress_titles_desc":"","_seopress_robots_index":"","site-sidebar-layout":"default","site-content-layout":"","ast-site-content-layout":"","site-content-style":"default","site-sidebar-style":"default","ast-global-header-display":"","ast-banner-title-visibility":"","ast-main-header-display":"","ast-hfb-above-header-display":"","ast-hfb-below-header-display":"","ast-hfb-mobile-header-display":"","site-post-title":"","ast-breadcrumbs-content":"","ast-featured-img":"","footer-sml-layout":"","theme-transparent-header-meta":"","adv-header-id-meta":"","stick-header-meta":"","header-above-stick-meta":"","header-main-stick-meta":"","header-below-stick-meta":"","astra-migrate-meta-layouts":"default","ast-page-background-enabled":"default","ast-page-background-meta":{"desktop":{"background-color":"var(--ast-global-color-5)","background-image":"","background-repeat":"repeat","background-position":"center center","background-size":"auto","background-attachment":"scroll","background-type":"","background-media":"","overlay-type":"","overlay-color":"","overlay-opacity":"","overlay-gradient":""},"tablet":{"background-color":"","background-image":"","background-repeat":"repeat","background-position":"center center","background-size":"auto","background-attachment":"scroll","background-type":"","background-media":"","overlay-type":"","overlay-color":"","overlay-opacity":"","overlay-gradient":""},"mobile":{"background-color":"","background-image":"","background-repeat":"repeat","background-position":"center center","background-size":"auto","background-attachment":"scroll","background-type":"","background-media":"","overlay-type":"","overlay-color":"","overlay-opacity":"","overlay-gradient":""}},"ast-content-background-meta":{"desktop":{"background-color":"var(--ast-global-color-4)","background-image":"","background-repeat":"repeat","background-position":"center center","background-size":"auto","background-attachment":"scroll","background-type":"","background-media":"","overlay-type":"","overlay-color":"","overlay-opacity":"","overlay-gradient":""},"tablet":{"background-color":"var(--ast-global-color-4)","background-image":"","background-repeat":"repeat","background-position":"center center","background-size":"auto","background-attachment":"scroll","background-type":"","background-media":"","overlay-type":"","overlay-color":"","overlay-opacity":"","overlay-gradient":""},"mobile":{"background-color":"var(--ast-global-color-4)","background-image":"","background-repeat":"repeat","background-position":"center center","background-size":"auto","background-attachment":"scroll","background-type":"","background-media":"","overlay-type":"","overlay-color":"","overlay-opacity":"","overlay-gradient":""}}},"product_brand":[],"product_cat":[170],"product_tag":[269,270],"class_list":{"0":"post-4522","1":"product","2":"type-product","3":"status-publish","4":"has-post-thumbnail","6":"product_cat-biodegradable-usb-pendrive-2","7":"product_tag-recycled-paper-key-usb-flash-drive","8":"product_tag-recycled-usb-flash-drive","9":"desktop-align-left","10":"tablet-align-left","11":"mobile-align-left","13":"first","14":"instock","15":"shipping-taxable","16":"product-type-simple"},"_links":{"self":[{"href":"https:\/\/www.usborkeychain.com\/es\/wp-json\/wp\/v2\/product\/4522","targetHints":{"allow":["GET"]}}],"collection":[{"href":"https:\/\/www.usborkeychain.com\/es\/wp-json\/wp\/v2\/product"}],"about":[{"href":"https:\/\/www.usborkeychain.com\/es\/wp-json\/wp\/v2\/types\/product"}],"replies":[{"embeddable":true,"href":"https:\/\/www.usborkeychain.com\/es\/wp-json\/wp\/v2\/comments?post=4522"}],"wp:featuredmedia":[{"embeddable":true,"href":"https:\/\/www.usborkeychain.com\/es\/wp-json\/wp\/v2\/media\/4526"}],"wp:attachment":[{"href":"https:\/\/www.usborkeychain.com\/es\/wp-json\/wp\/v2\/media?parent=4522"}],"wp:term":[{"taxonomy":"product_brand","embeddable":true,"href":"https:\/\/www.usborkeychain.com\/es\/wp-json\/wp\/v2\/product_brand?post=4522"},{"taxonomy":"product_cat","embeddable":true,"href":"https:\/\/www.usborkeychain.com\/es\/wp-json\/wp\/v2\/product_cat?post=4522"},{"taxonomy":"product_tag","embeddable":true,"href":"https:\/\/www.usborkeychain.com\/es\/wp-json\/wp\/v2\/product_tag?post=4522"}],"curies":[{"name":"wp","href":"https:\/\/api.w.org\/{rel}","templated":true}]}}