{"id":4532,"date":"2025-07-25T01:32:01","date_gmt":"2025-07-25T01:32:01","guid":{"rendered":"https:\/\/www.usborkeychain.com\/?post_type=product&#038;p=4532"},"modified":"2025-07-25T01:41:19","modified_gmt":"2025-07-25T01:41:19","slug":"pvc-cartoon-pig-usb-flash-drive","status":"publish","type":"product","link":"https:\/\/www.usborkeychain.com\/es\/producto\/pvc-cartoon-pig-usb-flash-drive\/","title":{"rendered":"Memoria USB PVC Cerdo Dibujos Animados"},"content":{"rendered":"<div class=\"wp-block-columns is-layout-flex wp-container-core-columns-is-layout-28f84493 wp-block-columns-is-layout-flex\">\n<div class=\"wp-block-column is-vertically-aligned-center is-layout-flow wp-block-column-is-layout-flow\">\n<figure class=\"wp-block-image size-full\"><img alt=\"\" fetchpriority=\"high\" decoding=\"async\" width=\"800\" height=\"800\" src=\"https:\/\/www.usborkeychain.com\/wp-content\/uploads\/ColorPig-USB-flash-drive.png\" class=\"wp-image-4536\" srcset=\"https:\/\/www.usborkeychain.com\/wp-content\/uploads\/ColorPig-USB-flash-drive.png 800w, https:\/\/www.usborkeychain.com\/wp-content\/uploads\/ColorPig-USB-flash-drive-300x300.png 300w, https:\/\/www.usborkeychain.com\/wp-content\/uploads\/ColorPig-USB-flash-drive-150x150.png 150w, https:\/\/www.usborkeychain.com\/wp-content\/uploads\/ColorPig-USB-flash-drive-768x768.png 768w, https:\/\/www.usborkeychain.com\/wp-content\/uploads\/ColorPig-USB-flash-drive-12x12.png 12w, https:\/\/www.usborkeychain.com\/wp-content\/uploads\/ColorPig-USB-flash-drive-600x600.png 600w, https:\/\/www.usborkeychain.com\/wp-content\/uploads\/ColorPig-USB-flash-drive-100x100.png 100w\" sizes=\"(max-width: 800px) 100vw, 800px\" \/><\/figure>\n<\/div>\n\n\n\n<div class=\"wp-block-column is-vertically-aligned-center is-layout-flow wp-block-column-is-layout-flow\">\n<p>En <strong>Memoria USB PVC Cerdo de dibujos animados<\/strong> est\u00e1 inspirado en un simp\u00e1tico cerdito. Con su cuerpo regordete, hocico y orejas rosas, tiene un dise\u00f1o adorable y kawaii. Rompe con el aspecto aburrido de las unidades USB tradicionales. Tanto si se coloca en un escritorio como un peque\u00f1o adorno como si se utiliza en la vida diaria, puede captar inmediatamente la atenci\u00f3n de la gente y a\u00f1adir diversi\u00f3n al proceso de almacenamiento de datos.<\/p>\n\n\n\n<p>Est\u00e1 hecho de <strong>Material de PVC (cloruro de polivinilo)<\/strong>que tiene una excelente flexibilidad y durabilidad. La textura suave hace que sea resistente a la rotura. Incluso si se dobla ligeramente o se golpea durante el uso diario, puede proteger eficazmente el chip de almacenamiento interno.<\/p>\n\n\n\n<p>En <strong>Material de PVC<\/strong> es f\u00e1cil de colorear y tiene colores estables. Los simp\u00e1ticos colores del cerdo permanecen vivos y brillantes durante mucho tiempo y no son propensos a deste\u00f1irse, por lo que pueden mantener su simp\u00e1tico aspecto tras un uso prolongado. Adem\u00e1s, el material de PVC es respetuoso con el medio ambiente y no t\u00f3xico, y cumple las normas de seguridad pertinentes, por lo que su uso es m\u00e1s seguro.<\/p>\n<\/div>\n<\/div>\n\n\n\n<h2 class=\"wp-block-heading\">Interfaz USB y par\u00e1metros<\/h2>\n\n\n\n<figure class=\"wp-block-table\"><table class=\"has-fixed-layout\"><thead><tr><th>Tipo de par\u00e1metro<\/th><th>Detalles<\/th><\/tr><\/thead><tbody><tr><td>Tipo de interfaz<\/td><td>USB2.0, USB3.0<\/td><\/tr><tr><td>Capacidad de almacenamiento<\/td><td>8GB, 16GB, 32GB, 64GB, 128GB<\/td><\/tr><tr><td>Peso<\/td><td>15 - 20g<\/td><\/tr><tr><td>Dimensiones (Longitud * Anchura * Grosor)<\/td><td>50mm * 30mm * 20mm<\/td><\/tr><\/tbody><\/table><\/figure>\n\n\n\n<h2 class=\"wp-block-heading\">\u00bfC\u00f3mo hacer un molde y personalizar el logotipo?<\/h2>\n\n\n\n<div class=\"wp-block-columns is-layout-flex wp-container-core-columns-is-layout-28f84493 wp-block-columns-is-layout-flex\">\n<div class=\"wp-block-column is-vertically-aligned-center is-layout-flow wp-block-column-is-layout-flow\">\n<h3 class=\"wp-block-heading\">Moho - Situaci\u00f3n actual<\/h3>\n\n\n\n<p>Si desea <strong>personalizar una forma \u00fanica<\/strong> (como cambiar la forma detallada del cerdo) o a\u00f1adir un logotipo personalizado, suele ser necesario hacer un molde nuevo. Dado que los moldes para las distintas formas y logotipos son \u00fanicos, es necesario hacer un molde para conseguir la forma espec\u00edfica del dibujo animado y la presentaci\u00f3n del logotipo.<\/p>\n<\/div>\n\n\n\n<div class=\"wp-block-column is-layout-flow wp-block-column-is-layout-flow\">\n<figure class=\"wp-block-image size-full\"><img alt=\"\" decoding=\"async\" width=\"800\" height=\"800\" src=\"https:\/\/www.usborkeychain.com\/wp-content\/uploads\/RainbowPig-USB-flash-drive.png\" class=\"wp-image-4542\" srcset=\"https:\/\/www.usborkeychain.com\/wp-content\/uploads\/RainbowPig-USB-flash-drive.png 800w, https:\/\/www.usborkeychain.com\/wp-content\/uploads\/RainbowPig-USB-flash-drive-300x300.png 300w, https:\/\/www.usborkeychain.com\/wp-content\/uploads\/RainbowPig-USB-flash-drive-150x150.png 150w, https:\/\/www.usborkeychain.com\/wp-content\/uploads\/RainbowPig-USB-flash-drive-768x768.png 768w, https:\/\/www.usborkeychain.com\/wp-content\/uploads\/RainbowPig-USB-flash-drive-12x12.png 12w, https:\/\/www.usborkeychain.com\/wp-content\/uploads\/RainbowPig-USB-flash-drive-600x600.png 600w, https:\/\/www.usborkeychain.com\/wp-content\/uploads\/RainbowPig-USB-flash-drive-100x100.png 100w\" sizes=\"(max-width: 800px) 100vw, 800px\" \/><\/figure>\n<\/div>\n<\/div>\n\n\n\n<div class=\"wp-block-columns are-vertically-aligned-center is-layout-flex wp-container-core-columns-is-layout-28f84493 wp-block-columns-is-layout-flex\">\n<div class=\"wp-block-column is-vertically-aligned-center is-layout-flow wp-block-column-is-layout-flow\">\n<h3 class=\"wp-block-heading\">Proceso de fabricaci\u00f3n de moldes<\/h3>\n\n\n\n<ol class=\"wp-block-list\">\n<li><strong>Confirmaci\u00f3n del dise\u00f1o<\/strong>: El cliente proporciona un plan detallado de modificaci\u00f3n de la forma y un borrador del dise\u00f1o del logotipo (que debe ser claro y estandarizado, incluyendo informaci\u00f3n como dimensiones y colores), y confirma conjuntamente con el fabricante el dibujo final del dise\u00f1o personalizado.<\/li>\n\n\n\n<li><strong>Fabricaci\u00f3n de moldes<\/strong>: El fabricante utiliza equipos profesionales de fabricaci\u00f3n de moldes (como m\u00e1quinas de moldeo por inyecci\u00f3n, etc.) de acuerdo con el dibujo del dise\u00f1o para procesar el molde correspondiente. Durante este proceso, es necesario controlar con precisi\u00f3n las dimensiones y los detalles para garantizar la restauraci\u00f3n de la forma y el logotipo.<\/li>\n\n\n\n<li><strong>Prueba - moldeado y ajuste<\/strong>: Una vez terminado el molde, se realiza una producci\u00f3n de prueba para producir muestras. Se comprueba el efecto de presentaci\u00f3n de la forma y el logotipo. Si hay alguna desviaci\u00f3n, pula y modifique el molde hasta que cumpla los requisitos.<\/li>\n<\/ol>\n<\/div>\n\n\n\n<div class=\"wp-block-column is-vertically-aligned-center is-layout-flow wp-block-column-is-layout-flow\">\n<figure class=\"wp-block-image size-full\"><img alt=\"\" decoding=\"async\" width=\"800\" height=\"800\" src=\"https:\/\/www.usborkeychain.com\/wp-content\/uploads\/CutePiggy-USB-flash-drive.png\" class=\"wp-image-4537\" srcset=\"https:\/\/www.usborkeychain.com\/wp-content\/uploads\/CutePiggy-USB-flash-drive.png 800w, https:\/\/www.usborkeychain.com\/wp-content\/uploads\/CutePiggy-USB-flash-drive-300x300.png 300w, https:\/\/www.usborkeychain.com\/wp-content\/uploads\/CutePiggy-USB-flash-drive-150x150.png 150w, https:\/\/www.usborkeychain.com\/wp-content\/uploads\/CutePiggy-USB-flash-drive-768x768.png 768w, https:\/\/www.usborkeychain.com\/wp-content\/uploads\/CutePiggy-USB-flash-drive-12x12.png 12w, https:\/\/www.usborkeychain.com\/wp-content\/uploads\/CutePiggy-USB-flash-drive-600x600.png 600w, https:\/\/www.usborkeychain.com\/wp-content\/uploads\/CutePiggy-USB-flash-drive-100x100.png 100w\" sizes=\"(max-width: 800px) 100vw, 800px\" \/><\/figure>\n<\/div>\n<\/div>\n\n\n\n<div class=\"wp-block-columns are-vertically-aligned-center is-layout-flex wp-container-core-columns-is-layout-28f84493 wp-block-columns-is-layout-flex\">\n<div class=\"wp-block-column is-vertically-aligned-center is-layout-flow wp-block-column-is-layout-flow\">\n<h3 class=\"wp-block-heading\">Precauciones<\/h3>\n\n\n\n<ul class=\"wp-block-list\">\n<li><strong>Precisi\u00f3n del dise\u00f1o<\/strong>: El borrador del dise\u00f1o debe ser preciso y claro para evitar la deformaci\u00f3n de la forma y el logotipo despu\u00e9s de la fabricaci\u00f3n del molde debido a un dise\u00f1o poco claro, lo que puede aumentar los costes de comunicaci\u00f3n y tiempo.<\/li>\n\n\n\n<li><strong>Consideraci\u00f3n de los costes<\/strong>: Hay ciertos costes asociados a la fabricaci\u00f3n de moldes, y el coste del molde suele estar positivamente correlacionado con la complejidad del molde. Es necesario aclarar el coste antes de la personalizaci\u00f3n y equilibrar la complejidad de la forma y el logotipo en funci\u00f3n del presupuesto.<\/li>\n\n\n\n<li><strong>Selecci\u00f3n del fabricante<\/strong>: Elija un fabricante con experiencia profesional en la fabricaci\u00f3n de moldes y la producci\u00f3n de productos de PVC para garantizar la calidad del molde y la estabilidad de la producci\u00f3n posterior del producto.<\/li>\n<\/ul>\n<\/div>\n\n\n\n<div class=\"wp-block-column is-vertically-aligned-center is-layout-flow wp-block-column-is-layout-flow\">\n<figure class=\"wp-block-image size-full\"><img alt=\"\" loading=\"lazy\" decoding=\"async\" width=\"800\" height=\"800\" src=\"https:\/\/www.usborkeychain.com\/wp-content\/uploads\/Piglet-Storage.png\" class=\"wp-image-4540\" srcset=\"https:\/\/www.usborkeychain.com\/wp-content\/uploads\/Piglet-Storage.png 800w, https:\/\/www.usborkeychain.com\/wp-content\/uploads\/Piglet-Storage-300x300.png 300w, https:\/\/www.usborkeychain.com\/wp-content\/uploads\/Piglet-Storage-150x150.png 150w, https:\/\/www.usborkeychain.com\/wp-content\/uploads\/Piglet-Storage-768x768.png 768w, https:\/\/www.usborkeychain.com\/wp-content\/uploads\/Piglet-Storage-12x12.png 12w, https:\/\/www.usborkeychain.com\/wp-content\/uploads\/Piglet-Storage-600x600.png 600w, https:\/\/www.usborkeychain.com\/wp-content\/uploads\/Piglet-Storage-100x100.png 100w\" sizes=\"(max-width: 800px) 100vw, 800px\" \/><\/figure>\n<\/div>\n<\/div>\n\n\n\n<h2 class=\"wp-block-heading\">\u00bfCu\u00e1l es el ciclo de producci\u00f3n de la personalizaci\u00f3n masiva?<\/h2>\n\n\n\n<ol class=\"wp-block-list\">\n<li>Fabricaci\u00f3n del molde: Tarda unos 7 - 15 d\u00edas (las formas y logotipos complicados alargar\u00e1n el tiempo), incluyendo la confirmaci\u00f3n del dise\u00f1o, el procesamiento del molde y el ajuste de prueba - moldeo.<\/li>\n\n\n\n<li>Producci\u00f3n del producto: Una vez confirmado el molde, se llevan a cabo procesos como el moldeo por inyecci\u00f3n, la coloraci\u00f3n, el montaje y la inspecci\u00f3n. Dependiendo de la cantidad del pedido, suele tardar entre 10 y 25 d\u00edas. Un lote peque\u00f1o (como unos pocos cientos) puede completarse en unos 10 d\u00edas, y un lote grande (varios miles) puede tardar entre 20 y 25 d\u00edas.<\/li>\n\n\n\n<li>Ciclo general: Desde la confirmaci\u00f3n del pedido hasta la entrega del producto, suelen pasar entre 3 y 6 semanas. Si se trata de dise\u00f1os complejos o pedidos urgentes, es necesario comunicarse y coordinarse con el fabricante con antelaci\u00f3n para acordar los plazos de forma razonable.<\/li>\n<\/ol>\n\n\n\n<div class=\"wp-block-columns is-layout-flex wp-container-core-columns-is-layout-28f84493 wp-block-columns-is-layout-flex\">\n<div class=\"wp-block-column is-layout-flow wp-block-column-is-layout-flow\">\n<figure class=\"wp-block-image size-full\"><img alt=\"\" loading=\"lazy\" decoding=\"async\" width=\"800\" height=\"800\" src=\"https:\/\/www.usborkeychain.com\/wp-content\/uploads\/ChubbyPig-USB-flash-drive.png\" class=\"wp-image-4535\" srcset=\"https:\/\/www.usborkeychain.com\/wp-content\/uploads\/ChubbyPig-USB-flash-drive.png 800w, https:\/\/www.usborkeychain.com\/wp-content\/uploads\/ChubbyPig-USB-flash-drive-300x300.png 300w, https:\/\/www.usborkeychain.com\/wp-content\/uploads\/ChubbyPig-USB-flash-drive-150x150.png 150w, https:\/\/www.usborkeychain.com\/wp-content\/uploads\/ChubbyPig-USB-flash-drive-768x768.png 768w, https:\/\/www.usborkeychain.com\/wp-content\/uploads\/ChubbyPig-USB-flash-drive-12x12.png 12w, https:\/\/www.usborkeychain.com\/wp-content\/uploads\/ChubbyPig-USB-flash-drive-600x600.png 600w, https:\/\/www.usborkeychain.com\/wp-content\/uploads\/ChubbyPig-USB-flash-drive-100x100.png 100w\" sizes=\"(max-width: 800px) 100vw, 800px\" \/><\/figure>\n<\/div>\n\n\n\n<div class=\"wp-block-column is-layout-flow wp-block-column-is-layout-flow\">\n<figure class=\"wp-block-image size-full\"><img alt=\"\" loading=\"lazy\" decoding=\"async\" width=\"800\" height=\"800\" src=\"https:\/\/www.usborkeychain.com\/wp-content\/uploads\/FunPig-USB-flash-Drive.png\" class=\"wp-image-4538\" srcset=\"https:\/\/www.usborkeychain.com\/wp-content\/uploads\/FunPig-USB-flash-Drive.png 800w, https:\/\/www.usborkeychain.com\/wp-content\/uploads\/FunPig-USB-flash-Drive-300x300.png 300w, https:\/\/www.usborkeychain.com\/wp-content\/uploads\/FunPig-USB-flash-Drive-150x150.png 150w, https:\/\/www.usborkeychain.com\/wp-content\/uploads\/FunPig-USB-flash-Drive-768x768.png 768w, https:\/\/www.usborkeychain.com\/wp-content\/uploads\/FunPig-USB-flash-Drive-12x12.png 12w, https:\/\/www.usborkeychain.com\/wp-content\/uploads\/FunPig-USB-flash-Drive-600x600.png 600w, https:\/\/www.usborkeychain.com\/wp-content\/uploads\/FunPig-USB-flash-Drive-100x100.png 100w\" sizes=\"(max-width: 800px) 100vw, 800px\" \/><\/figure>\n<\/div>\n\n\n\n<div class=\"wp-block-column is-layout-flow wp-block-column-is-layout-flow\">\n<figure class=\"wp-block-image size-full\"><img alt=\"\" loading=\"lazy\" decoding=\"async\" width=\"800\" height=\"800\" src=\"https:\/\/www.usborkeychain.com\/wp-content\/uploads\/Piggy-USB-flash-Drive.png\" class=\"wp-image-4539\" srcset=\"https:\/\/www.usborkeychain.com\/wp-content\/uploads\/Piggy-USB-flash-Drive.png 800w, https:\/\/www.usborkeychain.com\/wp-content\/uploads\/Piggy-USB-flash-Drive-300x300.png 300w, https:\/\/www.usborkeychain.com\/wp-content\/uploads\/Piggy-USB-flash-Drive-150x150.png 150w, https:\/\/www.usborkeychain.com\/wp-content\/uploads\/Piggy-USB-flash-Drive-768x768.png 768w, https:\/\/www.usborkeychain.com\/wp-content\/uploads\/Piggy-USB-flash-Drive-12x12.png 12w, https:\/\/www.usborkeychain.com\/wp-content\/uploads\/Piggy-USB-flash-Drive-600x600.png 600w, https:\/\/www.usborkeychain.com\/wp-content\/uploads\/Piggy-USB-flash-Drive-100x100.png 100w\" sizes=\"(max-width: 800px) 100vw, 800px\" \/><\/figure>\n<\/div>\n<\/div>\n\n\n\n<h2 class=\"wp-block-heading\">\u00bfPara qu\u00e9 empresas es adecuado?<\/h2>\n\n\n\n<div class=\"wp-block-columns is-layout-flex wp-container-core-columns-is-layout-28f84493 wp-block-columns-is-layout-flex\">\n<div class=\"wp-block-column is-vertically-aligned-center is-layout-flow wp-block-column-is-layout-flow\">\n<figure class=\"wp-block-image size-full\"><img alt=\"\" loading=\"lazy\" decoding=\"async\" width=\"800\" height=\"800\" src=\"https:\/\/www.usborkeychain.com\/wp-content\/uploads\/PinkPig-USB-flash-drive.png\" class=\"wp-image-4541\" srcset=\"https:\/\/www.usborkeychain.com\/wp-content\/uploads\/PinkPig-USB-flash-drive.png 800w, https:\/\/www.usborkeychain.com\/wp-content\/uploads\/PinkPig-USB-flash-drive-300x300.png 300w, https:\/\/www.usborkeychain.com\/wp-content\/uploads\/PinkPig-USB-flash-drive-150x150.png 150w, https:\/\/www.usborkeychain.com\/wp-content\/uploads\/PinkPig-USB-flash-drive-768x768.png 768w, https:\/\/www.usborkeychain.com\/wp-content\/uploads\/PinkPig-USB-flash-drive-12x12.png 12w, https:\/\/www.usborkeychain.com\/wp-content\/uploads\/PinkPig-USB-flash-drive-600x600.png 600w, https:\/\/www.usborkeychain.com\/wp-content\/uploads\/PinkPig-USB-flash-drive-100x100.png 100w\" sizes=\"(max-width: 800px) 100vw, 800px\" \/><\/figure>\n<\/div>\n\n\n\n<div class=\"wp-block-column is-vertically-aligned-center is-layout-flow wp-block-column-is-layout-flow\">\n<ul class=\"wp-block-list\">\n<li>Regalos para clientes de empresas tecnol\u00f3gicas: Regalos de acompa\u00f1antes VIP en el evento de lanzamiento de una marca de telefon\u00eda m\u00f3vil.<\/li>\n\n\n\n<li>Art\u00edculos promocionales para la industria de la maternidad y el beb\u00e9: Actividades gratuitas con la compra de una marca de leche en polvo.<\/li>\n\n\n\n<li>Puntos - Art\u00edculos de intercambio en la industria financiera: Art\u00edculos populares en el centro comercial de puntos de tarjetas de cr\u00e9dito de un banco.<\/li>\n\n\n\n<li>Herramientas de reclutamiento para instituciones educativas: Pre - instalado con los videos promocionales de la escuela.<\/li>\n<\/ul>\n<\/div>\n<\/div>\n\n\n\n<div class=\"wp-block-columns are-vertically-aligned-center is-layout-flex wp-container-core-columns-is-layout-28f84493 wp-block-columns-is-layout-flex\">\n<div class=\"wp-block-column is-vertically-aligned-center is-layout-flow wp-block-column-is-layout-flow\">\n<p>En <strong>Memoria USB PVC Cerdo de dibujos animados <\/strong>se basa en una forma atractiva y un material de alta calidad. Puede satisfacer diversas necesidades en t\u00e9rminos de par\u00e1metros de interfaz, tiene opciones de personalizaci\u00f3n flexibles, un ciclo de producci\u00f3n controlable y es adecuado para muchas industrias como art\u00edculos promocionales o regalos. Tanto si busca la practicidad del producto como si quiere mejorar su imagen de marca con regalos creativos, puede convertirse en la \"estrella mona\" entre los dispositivos de almacenamiento con su aspecto encantador y su rendimiento estable.<\/p>\n<\/div>\n\n\n\n<div class=\"wp-block-column is-vertically-aligned-center is-layout-flow wp-block-column-is-layout-flow\">\n<figure class=\"wp-block-image size-full\"><img alt=\"\" loading=\"lazy\" decoding=\"async\" width=\"800\" height=\"800\" src=\"https:\/\/www.usborkeychain.com\/wp-content\/uploads\/SmileyPig-USB-flash-drive.png\" class=\"wp-image-4543\" srcset=\"https:\/\/www.usborkeychain.com\/wp-content\/uploads\/SmileyPig-USB-flash-drive.png 800w, https:\/\/www.usborkeychain.com\/wp-content\/uploads\/SmileyPig-USB-flash-drive-300x300.png 300w, https:\/\/www.usborkeychain.com\/wp-content\/uploads\/SmileyPig-USB-flash-drive-150x150.png 150w, https:\/\/www.usborkeychain.com\/wp-content\/uploads\/SmileyPig-USB-flash-drive-768x768.png 768w, https:\/\/www.usborkeychain.com\/wp-content\/uploads\/SmileyPig-USB-flash-drive-12x12.png 12w, https:\/\/www.usborkeychain.com\/wp-content\/uploads\/SmileyPig-USB-flash-drive-600x600.png 600w, https:\/\/www.usborkeychain.com\/wp-content\/uploads\/SmileyPig-USB-flash-drive-100x100.png 100w\" sizes=\"(max-width: 800px) 100vw, 800px\" \/><\/figure>\n<\/div>\n<\/div>","protected":false},"excerpt":{"rendered":"<ul>\n<li>Material de PVC<\/li>\n<li>Cerdo de dibujos animados<\/li>\n<li>RoHS<\/li>\n<li>Personaliza una forma \u00fanica<\/li>\n<li>MOQ:100PCS<\/li>\n<\/ul>","protected":false},"featured_media":4536,"comment_status":"open","ping_status":"closed","template":"","meta":{"_seopress_robots_primary_cat":"","_seopress_titles_title":"","_seopress_titles_desc":"","_seopress_robots_index":"","site-sidebar-layout":"default","site-content-layout":"","ast-site-content-layout":"","site-content-style":"default","site-sidebar-style":"default","ast-global-header-display":"","ast-banner-title-visibility":"","ast-main-header-display":"","ast-hfb-above-header-display":"","ast-hfb-below-header-display":"","ast-hfb-mobile-header-display":"","site-post-title":"","ast-breadcrumbs-content":"","ast-featured-img":"","footer-sml-layout":"","theme-transparent-header-meta":"","adv-header-id-meta":"","stick-header-meta":"","header-above-stick-meta":"","header-main-stick-meta":"","header-below-stick-meta":"","astra-migrate-meta-layouts":"default","ast-page-background-enabled":"default","ast-page-background-meta":{"desktop":{"background-color":"var(--ast-global-color-5)","background-image":"","background-repeat":"repeat","background-position":"center center","background-size":"auto","background-attachment":"scroll","background-type":"","background-media":"","overlay-type":"","overlay-color":"","overlay-opacity":"","overlay-gradient":""},"tablet":{"background-color":"","background-image":"","background-repeat":"repeat","background-position":"center center","background-size":"auto","background-attachment":"scroll","background-type":"","background-media":"","overlay-type":"","overlay-color":"","overlay-opacity":"","overlay-gradient":""},"mobile":{"background-color":"","background-image":"","background-repeat":"repeat","background-position":"center center","background-size":"auto","background-attachment":"scroll","background-type":"","background-media":"","overlay-type":"","overlay-color":"","overlay-opacity":"","overlay-gradient":""}},"ast-content-background-meta":{"desktop":{"background-color":"var(--ast-global-color-4)","background-image":"","background-repeat":"repeat","background-position":"center center","background-size":"auto","background-attachment":"scroll","background-type":"","background-media":"","overlay-type":"","overlay-color":"","overlay-opacity":"","overlay-gradient":""},"tablet":{"background-color":"var(--ast-global-color-4)","background-image":"","background-repeat":"repeat","background-position":"center center","background-size":"auto","background-attachment":"scroll","background-type":"","background-media":"","overlay-type":"","overlay-color":"","overlay-opacity":"","overlay-gradient":""},"mobile":{"background-color":"var(--ast-global-color-4)","background-image":"","background-repeat":"repeat","background-position":"center center","background-size":"auto","background-attachment":"scroll","background-type":"","background-media":"","overlay-type":"","overlay-color":"","overlay-opacity":"","overlay-gradient":""}}},"product_brand":[],"product_cat":[112],"product_tag":[271],"class_list":{"0":"post-4532","1":"product","2":"type-product","3":"status-publish","4":"has-post-thumbnail","6":"product_cat-cartton-usb-pendrive","7":"product_tag-pvc-cartoon-pig-usb-flash-drive","8":"desktop-align-left","9":"tablet-align-left","10":"mobile-align-left","12":"first","13":"instock","14":"shipping-taxable","15":"product-type-simple"},"_links":{"self":[{"href":"https:\/\/www.usborkeychain.com\/es\/wp-json\/wp\/v2\/product\/4532","targetHints":{"allow":["GET"]}}],"collection":[{"href":"https:\/\/www.usborkeychain.com\/es\/wp-json\/wp\/v2\/product"}],"about":[{"href":"https:\/\/www.usborkeychain.com\/es\/wp-json\/wp\/v2\/types\/product"}],"replies":[{"embeddable":true,"href":"https:\/\/www.usborkeychain.com\/es\/wp-json\/wp\/v2\/comments?post=4532"}],"wp:featuredmedia":[{"embeddable":true,"href":"https:\/\/www.usborkeychain.com\/es\/wp-json\/wp\/v2\/media\/4536"}],"wp:attachment":[{"href":"https:\/\/www.usborkeychain.com\/es\/wp-json\/wp\/v2\/media?parent=4532"}],"wp:term":[{"taxonomy":"product_brand","embeddable":true,"href":"https:\/\/www.usborkeychain.com\/es\/wp-json\/wp\/v2\/product_brand?post=4532"},{"taxonomy":"product_cat","embeddable":true,"href":"https:\/\/www.usborkeychain.com\/es\/wp-json\/wp\/v2\/product_cat?post=4532"},{"taxonomy":"product_tag","embeddable":true,"href":"https:\/\/www.usborkeychain.com\/es\/wp-json\/wp\/v2\/product_tag?post=4532"}],"curies":[{"name":"wp","href":"https:\/\/api.w.org\/{rel}","templated":true}]}}