{"id":4546,"date":"2025-07-25T02:08:43","date_gmt":"2025-07-25T02:08:43","guid":{"rendered":"https:\/\/www.usborkeychain.com\/?post_type=product&#038;p=4546"},"modified":"2025-07-25T03:53:31","modified_gmt":"2025-07-25T03:53:31","slug":"cartoon-pikachu-usb-flash-drive","status":"publish","type":"product","link":"https:\/\/www.usborkeychain.com\/es\/producto\/cartoon-pikachu-usb-flash-drive\/","title":{"rendered":"Memoria USB Pikachu de dibujos animados"},"content":{"rendered":"<div class=\"wp-block-columns is-layout-flex wp-container-core-columns-is-layout-28f84493 wp-block-columns-is-layout-flex\">\n<div class=\"wp-block-column is-layout-flow wp-block-column-is-layout-flow\">\n<figure class=\"wp-block-image size-full\"><img alt=\"\" fetchpriority=\"high\" decoding=\"async\" width=\"800\" height=\"800\" src=\"https:\/\/www.usborkeychain.com\/wp-content\/uploads\/PikaTechPal-USB-flash-drive.jpg\" class=\"wp-image-4552\" srcset=\"https:\/\/www.usborkeychain.com\/wp-content\/uploads\/PikaTechPal-USB-flash-drive.jpg 800w, https:\/\/www.usborkeychain.com\/wp-content\/uploads\/PikaTechPal-USB-flash-drive-300x300.jpg 300w, https:\/\/www.usborkeychain.com\/wp-content\/uploads\/PikaTechPal-USB-flash-drive-150x150.jpg 150w, https:\/\/www.usborkeychain.com\/wp-content\/uploads\/PikaTechPal-USB-flash-drive-768x768.jpg 768w, https:\/\/www.usborkeychain.com\/wp-content\/uploads\/PikaTechPal-USB-flash-drive-12x12.jpg 12w, https:\/\/www.usborkeychain.com\/wp-content\/uploads\/PikaTechPal-USB-flash-drive-600x600.jpg 600w, https:\/\/www.usborkeychain.com\/wp-content\/uploads\/PikaTechPal-USB-flash-drive-100x100.jpg 100w\" sizes=\"(max-width: 800px) 100vw, 800px\" \/><\/figure>\n<\/div>\n\n\n\n<div class=\"wp-block-column is-vertically-aligned-center is-layout-flow wp-block-column-is-layout-flow\">\n<p>En <strong>Memoria USB Pikachu de dibujos animados<\/strong> est\u00e1 inspirado en el cl\u00e1sico personaje de anime Pikachu. Reproduce el ic\u00f3nico cuerpo amarillo, la cara redonda, las mejillas sonrosadas y las alegres orejas largas de Pikachu. <\/p>\n\n\n\n<p>El dise\u00f1o general es peque\u00f1o y bonito, recuperando en gran medida la adorable expresi\u00f3n de Pikachu, como si encogiera al Pikachu del anime para convertirlo en un objeto port\u00e1til.<\/p>\n\n\n\n<p>Equipado con una cadena met\u00e1lica, puede engancharse f\u00e1cilmente a llaveros o bolsos. No es s\u00f3lo una pr\u00e1ctica unidad USB, sino tambi\u00e9n un adorable colgante, ya que es a la vez port\u00e1til y llamativo.<\/p>\n<\/div>\n<\/div>\n\n\n\n<div class=\"wp-block-columns is-layout-flex wp-container-core-columns-is-layout-28f84493 wp-block-columns-is-layout-flex\">\n<div class=\"wp-block-column is-vertically-aligned-center is-layout-flow wp-block-column-is-layout-flow\">\n<p>El tono amarillo brillante de esta memoria USB de Pikachu captura con precisi\u00f3n el aspecto ic\u00f3nico de Pikachu. Su cabeza redondeada luce unas juguetonas orejas levantadas con puntas negras, y sus mejillas rosas y sonrosadas complementan la cola en forma de rayo.<\/p>\n\n\n\n<p> Gracias a su dise\u00f1o esculpido en 3D y a su material de PVC el\u00e1stico, sostenerlo en la mano es como abrazar a un peque\u00f1o Pikachu.<\/p>\n\n\n\n<p><\/p>\n<\/div>\n\n\n\n<div class=\"wp-block-column is-vertically-aligned-center is-layout-flow wp-block-column-is-layout-flow\">\n<figure class=\"wp-block-image size-full\"><img alt=\"\" decoding=\"async\" width=\"800\" height=\"800\" src=\"https:\/\/www.usborkeychain.com\/wp-content\/uploads\/CheeryPika-USB-flash-drive.jpg\" class=\"wp-image-4549\" srcset=\"https:\/\/www.usborkeychain.com\/wp-content\/uploads\/CheeryPika-USB-flash-drive.jpg 800w, https:\/\/www.usborkeychain.com\/wp-content\/uploads\/CheeryPika-USB-flash-drive-300x300.jpg 300w, https:\/\/www.usborkeychain.com\/wp-content\/uploads\/CheeryPika-USB-flash-drive-150x150.jpg 150w, https:\/\/www.usborkeychain.com\/wp-content\/uploads\/CheeryPika-USB-flash-drive-768x768.jpg 768w, https:\/\/www.usborkeychain.com\/wp-content\/uploads\/CheeryPika-USB-flash-drive-12x12.jpg 12w, https:\/\/www.usborkeychain.com\/wp-content\/uploads\/CheeryPika-USB-flash-drive-600x600.jpg 600w, https:\/\/www.usborkeychain.com\/wp-content\/uploads\/CheeryPika-USB-flash-drive-100x100.jpg 100w\" sizes=\"(max-width: 800px) 100vw, 800px\" \/><\/figure>\n<\/div>\n<\/div>\n\n\n\n<h2 class=\"wp-block-heading\">\u00bfQu\u00e9 hay que tener en cuenta a la hora de personalizar una unidad USB de Pikachu?<\/h2>\n\n\n\n<div class=\"wp-block-columns is-layout-flex wp-container-core-columns-is-layout-28f84493 wp-block-columns-is-layout-flex\">\n<div class=\"wp-block-column is-vertically-aligned-center is-layout-flow wp-block-column-is-layout-flow\">\n<figure class=\"wp-block-image size-full\"><img alt=\"\" decoding=\"async\" width=\"800\" height=\"800\" src=\"https:\/\/www.usborkeychain.com\/wp-content\/uploads\/Pikachu-USB-Flash-drive.jpg\" class=\"wp-image-4550\" srcset=\"https:\/\/www.usborkeychain.com\/wp-content\/uploads\/Pikachu-USB-Flash-drive.jpg 800w, https:\/\/www.usborkeychain.com\/wp-content\/uploads\/Pikachu-USB-Flash-drive-300x300.jpg 300w, https:\/\/www.usborkeychain.com\/wp-content\/uploads\/Pikachu-USB-Flash-drive-150x150.jpg 150w, https:\/\/www.usborkeychain.com\/wp-content\/uploads\/Pikachu-USB-Flash-drive-768x768.jpg 768w, https:\/\/www.usborkeychain.com\/wp-content\/uploads\/Pikachu-USB-Flash-drive-12x12.jpg 12w, https:\/\/www.usborkeychain.com\/wp-content\/uploads\/Pikachu-USB-Flash-drive-600x600.jpg 600w, https:\/\/www.usborkeychain.com\/wp-content\/uploads\/Pikachu-USB-Flash-drive-100x100.jpg 100w\" sizes=\"(max-width: 800px) 100vw, 800px\" \/><\/figure>\n<\/div>\n\n\n\n<div class=\"wp-block-column is-vertically-aligned-center is-layout-flow wp-block-column-is-layout-flow\">\n<h3 class=\"wp-block-heading\">Cumplimiento de los derechos de autor<\/h3>\n\n\n\n<p>Pikachu es una propiedad intelectual de Pok\u00e9mon. Es esencial confirmar que el fabricante dispone de los t\u00edtulos oficiales de autorizaci\u00f3n (o que el propio cliente posee la autorizaci\u00f3n); de lo contrario, el producto personalizado se considerar\u00e1 una personalizaci\u00f3n infractora, lo que plantea riesgos legales.<\/p>\n\n\n\n<h3 class=\"wp-block-heading\">Restauraci\u00f3n de formas<\/h3>\n\n\n\n<ol start=\"2\" class=\"wp-block-list\"><\/ol>\n\n\n\n<p>Caracter\u00edsticas principales: La saturaci\u00f3n del tono amarillo brillante, la proporci\u00f3n de puntas negras en las orejas, la posici\u00f3n de las mejillas rojas y la curvatura de la cola en forma de rayo deben ser coherentes con la imagen oficial (se pueden proporcionar im\u00e1genes oficiales como referencia);<\/p>\n<\/div>\n<\/div>\n\n\n\n<h2 class=\"wp-block-heading\">Detalles de los par\u00e1metros de la unidad USB<\/h2>\n\n\n\n<figure class=\"wp-block-table\"><table class=\"has-fixed-layout\"><thead><tr><th>Tipo de par\u00e1metro<\/th><th>Detalles<\/th><\/tr><\/thead><tbody><tr><td>Tipo de interfaz<\/td><td>USB2.0, USB3.0<\/td><\/tr><tr><td>Capacidad de almacenamiento<\/td><td>8GB, 16GB, 32GB, 64GB, 128GB<\/td><\/tr><tr><td>Dimensiones del producto (altura * anchura * grosor)<\/td><td>Aproximadamente 60mm\u00d740mm\u00d730mm<\/td><\/tr><tr><td>Peso<\/td><td>Aproximadamente 25 g (incluida la cadena)<\/td><\/tr><\/tbody><\/table><\/figure>\n\n\n\n<p><\/p>\n\n\n\n<h2 class=\"wp-block-heading\">\u00bfPara qu\u00e9 situaciones es adecuado?<\/h2>\n\n\n\n<div class=\"wp-block-columns is-layout-flex wp-container-core-columns-is-layout-28f84493 wp-block-columns-is-layout-flex\">\n<div class=\"wp-block-column is-vertically-aligned-center is-layout-flow wp-block-column-is-layout-flow\">\n<p><strong>Anime - empresas relacionadas \/ exposiciones<\/strong>: Cuando las empresas de anime lanzan perif\u00e9ricos tem\u00e1ticos de Pikachu, puede utilizarse como perif\u00e9rico de almacenamiento de edici\u00f3n limitada. En las exposiciones de anime, puede utilizarse como regalo interactivo o recuerdo de la exposici\u00f3n.<\/p>\n\n\n\n<p><strong>Instituciones educativas de formaci\u00f3n<\/strong>: Como centros de formaci\u00f3n en codificaci\u00f3n para ni\u00f1os, instituciones de formaci\u00f3n art\u00edstica, etc.<\/p>\n\n\n\n<p><strong>Compras de regalos de empresa<\/strong>: Empresas tecnol\u00f3gicas, empresas de bienes de consumo de r\u00e1pida rotaci\u00f3n, etc.<\/p>\n\n\n\n<p>En <strong>Memoria USB Pikachu de dibujos animados<\/strong> se basa en un aspecto adorable y de alta - calidad<strong> Material de PVC<\/strong>. Dispone de una gran variedad de par\u00e1metros para satisfacer diversas necesidades, una excelente durabilidad para un uso a largo plazo y tambi\u00e9n admite la personalizaci\u00f3n del logotipo. Es ampliamente aplicable en escenarios como el anime, la educaci\u00f3n y los regalos de empresa. Si usted persigue un aspecto lindo o el valor pr\u00e1ctico de almacenamiento y personalizaci\u00f3n de valor, puede convertirse en una opci\u00f3n notable entre los dispositivos de almacenamiento con sus atributos duales de \"cuteness + practicidad\".<\/p>\n<\/div>\n\n\n\n<div class=\"wp-block-column is-vertically-aligned-center is-layout-flow wp-block-column-is-layout-flow\">\n<figure class=\"wp-block-image size-full\"><img alt=\"\" loading=\"lazy\" decoding=\"async\" width=\"800\" height=\"800\" src=\"https:\/\/www.usborkeychain.com\/wp-content\/uploads\/PikaMemory-Buddy-USB-drive.jpg\" class=\"wp-image-4551\" srcset=\"https:\/\/www.usborkeychain.com\/wp-content\/uploads\/PikaMemory-Buddy-USB-drive.jpg 800w, https:\/\/www.usborkeychain.com\/wp-content\/uploads\/PikaMemory-Buddy-USB-drive-300x300.jpg 300w, https:\/\/www.usborkeychain.com\/wp-content\/uploads\/PikaMemory-Buddy-USB-drive-150x150.jpg 150w, https:\/\/www.usborkeychain.com\/wp-content\/uploads\/PikaMemory-Buddy-USB-drive-768x768.jpg 768w, https:\/\/www.usborkeychain.com\/wp-content\/uploads\/PikaMemory-Buddy-USB-drive-12x12.jpg 12w, https:\/\/www.usborkeychain.com\/wp-content\/uploads\/PikaMemory-Buddy-USB-drive-600x600.jpg 600w, https:\/\/www.usborkeychain.com\/wp-content\/uploads\/PikaMemory-Buddy-USB-drive-100x100.jpg 100w\" sizes=\"(max-width: 800px) 100vw, 800px\" \/><\/figure>\n<\/div>\n<\/div>","protected":false},"excerpt":{"rendered":"<ul>\n<li>Material de PVC<\/li>\n<li>Pikachu de dibujos animados<\/li>\n<li>RoHS<\/li>\n<li>Logotipo personalizado<\/li>\n<li>MOQ:100PCS<\/li>\n<\/ul>","protected":false},"featured_media":4552,"comment_status":"open","ping_status":"closed","template":"","meta":{"_seopress_robots_primary_cat":"none","_seopress_titles_title":"","_seopress_titles_desc":"","_seopress_robots_index":"","site-sidebar-layout":"default","site-content-layout":"","ast-site-content-layout":"","site-content-style":"default","site-sidebar-style":"default","ast-global-header-display":"","ast-banner-title-visibility":"","ast-main-header-display":"","ast-hfb-above-header-display":"","ast-hfb-below-header-display":"","ast-hfb-mobile-header-display":"","site-post-title":"","ast-breadcrumbs-content":"","ast-featured-img":"","footer-sml-layout":"","theme-transparent-header-meta":"","adv-header-id-meta":"","stick-header-meta":"","header-above-stick-meta":"","header-main-stick-meta":"","header-below-stick-meta":"","astra-migrate-meta-layouts":"default","ast-page-background-enabled":"default","ast-page-background-meta":{"desktop":{"background-color":"var(--ast-global-color-5)","background-image":"","background-repeat":"repeat","background-position":"center center","background-size":"auto","background-attachment":"scroll","background-type":"","background-media":"","overlay-type":"","overlay-color":"","overlay-opacity":"","overlay-gradient":""},"tablet":{"background-color":"","background-image":"","background-repeat":"repeat","background-position":"center center","background-size":"auto","background-attachment":"scroll","background-type":"","background-media":"","overlay-type":"","overlay-color":"","overlay-opacity":"","overlay-gradient":""},"mobile":{"background-color":"","background-image":"","background-repeat":"repeat","background-position":"center center","background-size":"auto","background-attachment":"scroll","background-type":"","background-media":"","overlay-type":"","overlay-color":"","overlay-opacity":"","overlay-gradient":""}},"ast-content-background-meta":{"desktop":{"background-color":"var(--ast-global-color-4)","background-image":"","background-repeat":"repeat","background-position":"center center","background-size":"auto","background-attachment":"scroll","background-type":"","background-media":"","overlay-type":"","overlay-color":"","overlay-opacity":"","overlay-gradient":""},"tablet":{"background-color":"var(--ast-global-color-4)","background-image":"","background-repeat":"repeat","background-position":"center center","background-size":"auto","background-attachment":"scroll","background-type":"","background-media":"","overlay-type":"","overlay-color":"","overlay-opacity":"","overlay-gradient":""},"mobile":{"background-color":"var(--ast-global-color-4)","background-image":"","background-repeat":"repeat","background-position":"center center","background-size":"auto","background-attachment":"scroll","background-type":"","background-media":"","overlay-type":"","overlay-color":"","overlay-opacity":"","overlay-gradient":""}}},"product_brand":[],"product_cat":[112],"product_tag":[272,248],"class_list":{"0":"post-4546","1":"product","2":"type-product","3":"status-publish","4":"has-post-thumbnail","6":"product_cat-cartton-usb-pendrive","7":"product_tag-cartoon-pikachu-usb-flash-drive","8":"product_tag-pvc-usb-flash-drive","9":"desktop-align-left","10":"tablet-align-left","11":"mobile-align-left","13":"first","14":"instock","15":"shipping-taxable","16":"product-type-simple"},"_links":{"self":[{"href":"https:\/\/www.usborkeychain.com\/es\/wp-json\/wp\/v2\/product\/4546","targetHints":{"allow":["GET"]}}],"collection":[{"href":"https:\/\/www.usborkeychain.com\/es\/wp-json\/wp\/v2\/product"}],"about":[{"href":"https:\/\/www.usborkeychain.com\/es\/wp-json\/wp\/v2\/types\/product"}],"replies":[{"embeddable":true,"href":"https:\/\/www.usborkeychain.com\/es\/wp-json\/wp\/v2\/comments?post=4546"}],"wp:featuredmedia":[{"embeddable":true,"href":"https:\/\/www.usborkeychain.com\/es\/wp-json\/wp\/v2\/media\/4552"}],"wp:attachment":[{"href":"https:\/\/www.usborkeychain.com\/es\/wp-json\/wp\/v2\/media?parent=4546"}],"wp:term":[{"taxonomy":"product_brand","embeddable":true,"href":"https:\/\/www.usborkeychain.com\/es\/wp-json\/wp\/v2\/product_brand?post=4546"},{"taxonomy":"product_cat","embeddable":true,"href":"https:\/\/www.usborkeychain.com\/es\/wp-json\/wp\/v2\/product_cat?post=4546"},{"taxonomy":"product_tag","embeddable":true,"href":"https:\/\/www.usborkeychain.com\/es\/wp-json\/wp\/v2\/product_tag?post=4546"}],"curies":[{"name":"wp","href":"https:\/\/api.w.org\/{rel}","templated":true}]}}