{"id":4554,"date":"2025-07-25T02:45:10","date_gmt":"2025-07-25T02:45:10","guid":{"rendered":"https:\/\/www.usborkeychain.com\/?post_type=product&#038;p=4554"},"modified":"2025-07-25T03:26:04","modified_gmt":"2025-07-25T03:26:04","slug":"penguin-usb-flash-drive","status":"publish","type":"product","link":"https:\/\/www.usborkeychain.com\/es\/producto\/penguin-usb-flash-drive\/","title":{"rendered":"Penguin Memoria USB"},"content":{"rendered":"<div class=\"wp-block-columns is-layout-flex wp-container-core-columns-is-layout-28f84493 wp-block-columns-is-layout-flex\">\n<div class=\"wp-block-column is-vertically-aligned-center is-layout-flow wp-block-column-is-layout-flow\">\n<p>En <strong>Unidad flash USB Penguin<\/strong> se inspira en el adorable ping\u00fcino y reproduce con exactitud su aspecto cl\u00e1sico: \"plumas\" blancas y negras, pico amarillo anaranjado y patas palmeadas, que restituyen vivamente el simp\u00e1tico aspecto de un ping\u00fcino.<\/p>\n\n\n\n<p>Es de tama\u00f1o peque\u00f1o y peso ligero, lo que facilita su transporte sin que suponga una carga. Equipado con un <strong>cadena met\u00e1lica<\/strong>Se puede colgar f\u00e1cilmente en mochilas o llaveros. No s\u00f3lo es una pr\u00e1ctica herramienta de almacenamiento, sino tambi\u00e9n un adorno personalizado, que muestra una est\u00e9tica \u00fanica.<\/p>\n<\/div>\n\n\n\n<div class=\"wp-block-column is-vertically-aligned-center is-layout-flow wp-block-column-is-layout-flow\">\n<figure class=\"wp-block-image size-full\"><img alt=\"\" fetchpriority=\"high\" decoding=\"async\" width=\"800\" height=\"800\" src=\"https:\/\/www.usborkeychain.com\/wp-content\/uploads\/PenguinTech-USB-flash-drive.jpg\" class=\"wp-image-4560\" srcset=\"https:\/\/www.usborkeychain.com\/wp-content\/uploads\/PenguinTech-USB-flash-drive.jpg 800w, https:\/\/www.usborkeychain.com\/wp-content\/uploads\/PenguinTech-USB-flash-drive-300x300.jpg 300w, https:\/\/www.usborkeychain.com\/wp-content\/uploads\/PenguinTech-USB-flash-drive-150x150.jpg 150w, https:\/\/www.usborkeychain.com\/wp-content\/uploads\/PenguinTech-USB-flash-drive-768x768.jpg 768w, https:\/\/www.usborkeychain.com\/wp-content\/uploads\/PenguinTech-USB-flash-drive-12x12.jpg 12w, https:\/\/www.usborkeychain.com\/wp-content\/uploads\/PenguinTech-USB-flash-drive-600x600.jpg 600w, https:\/\/www.usborkeychain.com\/wp-content\/uploads\/PenguinTech-USB-flash-drive-100x100.jpg 100w\" sizes=\"(max-width: 800px) 100vw, 800px\" \/><\/figure>\n<\/div>\n<\/div>\n\n\n\n<div class=\"wp-block-columns is-layout-flex wp-container-core-columns-is-layout-28f84493 wp-block-columns-is-layout-flex\">\n<div class=\"wp-block-column is-vertically-aligned-center is-layout-flow wp-block-column-is-layout-flow\">\n<p>La forma regordeta del ping\u00fcino emana naturalmente una vibraci\u00f3n curativa. La combinaci\u00f3n de colores blanco, negro y naranja reproduce las capas de plumas de un ping\u00fcino, mientras que los detalles, como las mejillas rosadas y las alas levantadas, son alegres y juguetones, como si estuvieran a punto de salir de la pantalla en cualquier momento.<\/p>\n\n\n\n<p>Las memorias USB con forma de ping\u00fcino son las m\u00e1s bonitas, y tambi\u00e9n las que tienen mayor volumen de pedidos entre las memorias USB con forma de animal.<\/p>\n<\/div>\n\n\n\n<div class=\"wp-block-column is-vertically-aligned-center is-layout-flow wp-block-column-is-layout-flow\">\n<figure class=\"wp-block-image size-full\"><img alt=\"\" decoding=\"async\" width=\"800\" height=\"800\" src=\"https:\/\/www.usborkeychain.com\/wp-content\/uploads\/Penguin-USB-flash-Drive.jpg\" class=\"wp-image-4559\" srcset=\"https:\/\/www.usborkeychain.com\/wp-content\/uploads\/Penguin-USB-flash-Drive.jpg 800w, https:\/\/www.usborkeychain.com\/wp-content\/uploads\/Penguin-USB-flash-Drive-300x300.jpg 300w, https:\/\/www.usborkeychain.com\/wp-content\/uploads\/Penguin-USB-flash-Drive-150x150.jpg 150w, https:\/\/www.usborkeychain.com\/wp-content\/uploads\/Penguin-USB-flash-Drive-768x768.jpg 768w, https:\/\/www.usborkeychain.com\/wp-content\/uploads\/Penguin-USB-flash-Drive-12x12.jpg 12w, https:\/\/www.usborkeychain.com\/wp-content\/uploads\/Penguin-USB-flash-Drive-600x600.jpg 600w, https:\/\/www.usborkeychain.com\/wp-content\/uploads\/Penguin-USB-flash-Drive-100x100.jpg 100w\" sizes=\"(max-width: 800px) 100vw, 800px\" \/><\/figure>\n<\/div>\n<\/div>\n\n\n\n<h2 class=\"wp-block-heading\">\u00bfC\u00f3mo encontrar un canal de compra profesional?<\/h2>\n\n\n\n<div class=\"wp-block-columns is-layout-flex wp-container-core-columns-is-layout-28f84493 wp-block-columns-is-layout-flex\">\n<div class=\"wp-block-column is-vertically-aligned-center is-layout-flow wp-block-column-is-layout-flow\">\n<figure class=\"wp-block-image size-full\"><img alt=\"\" decoding=\"async\" width=\"800\" height=\"800\" src=\"https:\/\/www.usborkeychain.com\/wp-content\/uploads\/CutePengu-USB-flash-Drive.jpg\" class=\"wp-image-4557\" srcset=\"https:\/\/www.usborkeychain.com\/wp-content\/uploads\/CutePengu-USB-flash-Drive.jpg 800w, https:\/\/www.usborkeychain.com\/wp-content\/uploads\/CutePengu-USB-flash-Drive-300x300.jpg 300w, https:\/\/www.usborkeychain.com\/wp-content\/uploads\/CutePengu-USB-flash-Drive-150x150.jpg 150w, https:\/\/www.usborkeychain.com\/wp-content\/uploads\/CutePengu-USB-flash-Drive-768x768.jpg 768w, https:\/\/www.usborkeychain.com\/wp-content\/uploads\/CutePengu-USB-flash-Drive-12x12.jpg 12w, https:\/\/www.usborkeychain.com\/wp-content\/uploads\/CutePengu-USB-flash-Drive-600x600.jpg 600w, https:\/\/www.usborkeychain.com\/wp-content\/uploads\/CutePengu-USB-flash-Drive-100x100.jpg 100w\" sizes=\"(max-width: 800px) 100vw, 800px\" \/><\/figure>\n<\/div>\n\n\n\n<div class=\"wp-block-column is-vertically-aligned-center is-layout-flow wp-block-column-is-layout-flow\">\n<p>Si desea obtener un <strong>Unidad flash USB Penguin<\/strong>elegir un fabricante profesional para la personalizaci\u00f3n es la mejor soluci\u00f3n. Como empresa especializada en <strong>Personalizaci\u00f3n de memorias USB<\/strong>Contamos con una tecnolog\u00eda de producci\u00f3n madura y una gran experiencia. <\/p>\n\n\n\n<p>Tanto si lo necesita para colecci\u00f3n personal como para adquisici\u00f3n corporativa o regalo de eventos, podemos personalizarlo seg\u00fan sus necesidades.<\/p>\n<\/div>\n<\/div>\n\n\n\n<h2 class=\"wp-block-heading\">Par\u00e1metros de la memoria USB<\/h2>\n\n\n\n<figure class=\"wp-block-table\"><table class=\"has-fixed-layout\"><thead><tr><th>Tipo de par\u00e1metro<\/th><th>Detalles<\/th><\/tr><\/thead><tbody><tr><td>Tipo de interfaz<\/td><td>USB2.0, USB3.0<\/td><\/tr><tr><td>Capacidad de almacenamiento<\/td><td>8GB, 16GB, 32GB, 64GB, 128GB<\/td><\/tr><tr><td>Tama\u00f1o del producto (altura \u00d7 anchura \u00d7 grosor)<\/td><td>Aproximadamente 50 mm \u00d7 30 mm \u00d7 20 mm<\/td><\/tr><tr><td>Peso<\/td><td>Aproximadamente 20 g (cadena incluida)<\/td><\/tr><\/tbody><\/table><\/figure>\n\n\n\n<h2 class=\"wp-block-heading\">\u00bfEst\u00e1n seguros los datos de la memoria USB?<\/h2>\n\n\n\n<div class=\"wp-block-columns is-layout-flex wp-container-core-columns-is-layout-28f84493 wp-block-columns-is-layout-flex\">\n<div class=\"wp-block-column is-vertically-aligned-center is-layout-flow wp-block-column-is-layout-flow\">\n<figure class=\"wp-block-image size-full\"><img alt=\"\" loading=\"lazy\" decoding=\"async\" width=\"800\" height=\"800\" src=\"https:\/\/www.usborkeychain.com\/wp-content\/uploads\/PenguData-Buddy-USB-drive.jpg\" class=\"wp-image-4558\" srcset=\"https:\/\/www.usborkeychain.com\/wp-content\/uploads\/PenguData-Buddy-USB-drive.jpg 800w, https:\/\/www.usborkeychain.com\/wp-content\/uploads\/PenguData-Buddy-USB-drive-300x300.jpg 300w, https:\/\/www.usborkeychain.com\/wp-content\/uploads\/PenguData-Buddy-USB-drive-150x150.jpg 150w, https:\/\/www.usborkeychain.com\/wp-content\/uploads\/PenguData-Buddy-USB-drive-768x768.jpg 768w, https:\/\/www.usborkeychain.com\/wp-content\/uploads\/PenguData-Buddy-USB-drive-12x12.jpg 12w, https:\/\/www.usborkeychain.com\/wp-content\/uploads\/PenguData-Buddy-USB-drive-600x600.jpg 600w, https:\/\/www.usborkeychain.com\/wp-content\/uploads\/PenguData-Buddy-USB-drive-100x100.jpg 100w\" sizes=\"(max-width: 800px) 100vw, 800px\" \/><\/figure>\n<\/div>\n\n\n\n<div class=\"wp-block-column is-vertically-aligned-center is-layout-flow wp-block-column-is-layout-flow\">\n<p>En <strong>Unidad flash USB Penguin<\/strong> ofrece un rendimiento fiable en t\u00e9rminos de seguridad de los datos. Utiliza chips de almacenamiento interno de alta calidad, que han sido sometidos a estrictas pruebas de lectura-escritura y verificaci\u00f3n de datos. En condiciones normales de uso (sin da\u00f1os malintencionados causados por el hombre o entornos extremos), puede almacenar datos de forma estable, reduciendo eficazmente el riesgo de p\u00e9rdida o da\u00f1o de los datos. Al mismo tiempo, la protecci\u00f3n del material de PVC puede reducir el impacto de los golpes f\u00edsicos en el chip, garantizando a\u00fan m\u00e1s la seguridad de los datos.<\/p>\n<\/div>\n<\/div>\n\n\n\n<h2 class=\"wp-block-heading\">\u00bfPara qu\u00e9 tipo de empresas es adecuada esta memoria USB?<\/h2>\n\n\n\n<div class=\"wp-block-columns is-layout-flex wp-container-core-columns-is-layout-28f84493 wp-block-columns-is-layout-flex\">\n<div class=\"wp-block-column is-vertically-aligned-center is-layout-flow wp-block-column-is-layout-flow\">\n<ul class=\"wp-block-list\">\n<li><strong>Empresas tecnol\u00f3gicas<\/strong>: Reuniones anuales, actos de agradecimiento a los clientes<\/li>\n\n\n\n<li><strong>Organizaciones de protecci\u00f3n del medio ambiente<\/strong>: Como recuerdo de actividades de utilidad p\u00fablica<\/li>\n\n\n\n<li><strong>Escuelas\/institutos de formaci\u00f3n<\/strong><\/li>\n\n\n\n<li><strong>Aficionados a los viajes<\/strong>: Guarda fotos y gu\u00edas de viaje, y cu\u00e9lgalas en las mochilas<\/li>\n<\/ul>\n\n\n\n<p>En <strong>Unidad flash USB Penguin<\/strong> se basa en un aspecto bonito y respetuoso con el medio ambiente <strong>Material de PVC<\/strong>. Dispone de ricos par\u00e1metros para satisfacer diversas necesidades, seguridad de datos fiable, y tambi\u00e9n incorpora el concepto de protecci\u00f3n animal. <\/p>\n\n\n\n<p>Es adecuado para diversas situaciones, como regalos de empresa, educaci\u00f3n y vida personal. <\/p>\n<\/div>\n\n\n\n<div class=\"wp-block-column is-vertically-aligned-center is-layout-flow wp-block-column-is-layout-flow\">\n<figure class=\"wp-block-image size-full\"><img alt=\"\" loading=\"lazy\" decoding=\"async\" width=\"800\" height=\"800\" src=\"https:\/\/www.usborkeychain.com\/wp-content\/uploads\/TinyPeng-USB-flash-drive.jpg\" class=\"wp-image-4561\" srcset=\"https:\/\/www.usborkeychain.com\/wp-content\/uploads\/TinyPeng-USB-flash-drive.jpg 800w, https:\/\/www.usborkeychain.com\/wp-content\/uploads\/TinyPeng-USB-flash-drive-300x300.jpg 300w, https:\/\/www.usborkeychain.com\/wp-content\/uploads\/TinyPeng-USB-flash-drive-150x150.jpg 150w, https:\/\/www.usborkeychain.com\/wp-content\/uploads\/TinyPeng-USB-flash-drive-768x768.jpg 768w, https:\/\/www.usborkeychain.com\/wp-content\/uploads\/TinyPeng-USB-flash-drive-12x12.jpg 12w, https:\/\/www.usborkeychain.com\/wp-content\/uploads\/TinyPeng-USB-flash-drive-600x600.jpg 600w, https:\/\/www.usborkeychain.com\/wp-content\/uploads\/TinyPeng-USB-flash-drive-100x100.jpg 100w\" sizes=\"(max-width: 800px) 100vw, 800px\" \/><\/figure>\n<\/div>\n<\/div>","protected":false},"excerpt":{"rendered":"<ul>\n<li>Material de PVC<\/li>\n<li>Forma de dibujo animado de ping\u00fcino<\/li>\n<li>RoHS<\/li>\n<li>Cadena met\u00e1lica<\/li>\n<li>MOQ:100PCS<\/li>\n<\/ul>","protected":false},"featured_media":4559,"comment_status":"open","ping_status":"closed","template":"","meta":{"_seopress_robots_primary_cat":"none","_seopress_titles_title":"","_seopress_titles_desc":"","_seopress_robots_index":"","site-sidebar-layout":"default","site-content-layout":"","ast-site-content-layout":"","site-content-style":"default","site-sidebar-style":"default","ast-global-header-display":"","ast-banner-title-visibility":"","ast-main-header-display":"","ast-hfb-above-header-display":"","ast-hfb-below-header-display":"","ast-hfb-mobile-header-display":"","site-post-title":"","ast-breadcrumbs-content":"","ast-featured-img":"","footer-sml-layout":"","theme-transparent-header-meta":"","adv-header-id-meta":"","stick-header-meta":"","header-above-stick-meta":"","header-main-stick-meta":"","header-below-stick-meta":"","astra-migrate-meta-layouts":"default","ast-page-background-enabled":"default","ast-page-background-meta":{"desktop":{"background-color":"var(--ast-global-color-5)","background-image":"","background-repeat":"repeat","background-position":"center center","background-size":"auto","background-attachment":"scroll","background-type":"","background-media":"","overlay-type":"","overlay-color":"","overlay-opacity":"","overlay-gradient":""},"tablet":{"background-color":"","background-image":"","background-repeat":"repeat","background-position":"center center","background-size":"auto","background-attachment":"scroll","background-type":"","background-media":"","overlay-type":"","overlay-color":"","overlay-opacity":"","overlay-gradient":""},"mobile":{"background-color":"","background-image":"","background-repeat":"repeat","background-position":"center center","background-size":"auto","background-attachment":"scroll","background-type":"","background-media":"","overlay-type":"","overlay-color":"","overlay-opacity":"","overlay-gradient":""}},"ast-content-background-meta":{"desktop":{"background-color":"var(--ast-global-color-4)","background-image":"","background-repeat":"repeat","background-position":"center center","background-size":"auto","background-attachment":"scroll","background-type":"","background-media":"","overlay-type":"","overlay-color":"","overlay-opacity":"","overlay-gradient":""},"tablet":{"background-color":"var(--ast-global-color-4)","background-image":"","background-repeat":"repeat","background-position":"center center","background-size":"auto","background-attachment":"scroll","background-type":"","background-media":"","overlay-type":"","overlay-color":"","overlay-opacity":"","overlay-gradient":""},"mobile":{"background-color":"var(--ast-global-color-4)","background-image":"","background-repeat":"repeat","background-position":"center center","background-size":"auto","background-attachment":"scroll","background-type":"","background-media":"","overlay-type":"","overlay-color":"","overlay-opacity":"","overlay-gradient":""}}},"product_brand":[],"product_cat":[94],"product_tag":[273,248],"class_list":{"0":"post-4554","1":"product","2":"type-product","3":"status-publish","4":"has-post-thumbnail","6":"product_cat-pvc-usb-pendrive","7":"product_tag-penguin-usb-flash-drive","8":"product_tag-pvc-usb-flash-drive","9":"desktop-align-left","10":"tablet-align-left","11":"mobile-align-left","13":"first","14":"instock","15":"shipping-taxable","16":"product-type-simple"},"_links":{"self":[{"href":"https:\/\/www.usborkeychain.com\/es\/wp-json\/wp\/v2\/product\/4554","targetHints":{"allow":["GET"]}}],"collection":[{"href":"https:\/\/www.usborkeychain.com\/es\/wp-json\/wp\/v2\/product"}],"about":[{"href":"https:\/\/www.usborkeychain.com\/es\/wp-json\/wp\/v2\/types\/product"}],"replies":[{"embeddable":true,"href":"https:\/\/www.usborkeychain.com\/es\/wp-json\/wp\/v2\/comments?post=4554"}],"wp:featuredmedia":[{"embeddable":true,"href":"https:\/\/www.usborkeychain.com\/es\/wp-json\/wp\/v2\/media\/4559"}],"wp:attachment":[{"href":"https:\/\/www.usborkeychain.com\/es\/wp-json\/wp\/v2\/media?parent=4554"}],"wp:term":[{"taxonomy":"product_brand","embeddable":true,"href":"https:\/\/www.usborkeychain.com\/es\/wp-json\/wp\/v2\/product_brand?post=4554"},{"taxonomy":"product_cat","embeddable":true,"href":"https:\/\/www.usborkeychain.com\/es\/wp-json\/wp\/v2\/product_cat?post=4554"},{"taxonomy":"product_tag","embeddable":true,"href":"https:\/\/www.usborkeychain.com\/es\/wp-json\/wp\/v2\/product_tag?post=4554"}],"curies":[{"name":"wp","href":"https:\/\/api.w.org\/{rel}","templated":true}]}}