{"id":4562,"date":"2025-07-25T03:14:08","date_gmt":"2025-07-25T03:14:08","guid":{"rendered":"https:\/\/www.usborkeychain.com\/?post_type=product&#038;p=4562"},"modified":"2025-07-25T03:14:12","modified_gmt":"2025-07-25T03:14:12","slug":"shark-shaped-usb-flash-drive","status":"publish","type":"product","link":"https:\/\/www.usborkeychain.com\/es\/producto\/shark-shaped-usb-flash-drive\/","title":{"rendered":"Memoria USB con forma de tibur\u00f3n"},"content":{"rendered":"<div class=\"wp-block-columns is-layout-flex wp-container-core-columns-is-layout-28f84493 wp-block-columns-is-layout-flex\">\n<div class=\"wp-block-column is-vertically-aligned-center is-layout-flow wp-block-column-is-layout-flow\">\n<p>Este <strong>Unidad flash USB<\/strong> se inspira en los tiburones y reproduce con precisi\u00f3n su aspecto cl\u00e1sico. Presenta l\u00edneas suaves en el cuerpo y una caracter\u00edstica aleta dorsal que realza la presencia dominante y \u00e1gil de los tiburones en el oc\u00e9ano.<\/p>\n\n\n\n<p>Es de tama\u00f1o peque\u00f1o y delicado, y de peso ligero, por lo que es f\u00e1cil de llevar a todas partes sin ninguna carga. Con un dise\u00f1o de cord\u00f3n, puede colgarse f\u00e1cilmente de mochilas o llaveros. No s\u00f3lo sirve como pr\u00e1ctico dispositivo de almacenamiento, sino tambi\u00e9n como adorno personalizado, mostrando una afici\u00f3n \u00fanica por los elementos oce\u00e1nicos.<\/p>\n\n\n\n<p>El producto est\u00e1 fabricado con materiales respetuosos con el medio ambiente <strong>Material de PVC<\/strong>, respetando estrictamente las normas medioambientales y sin contener sustancias t\u00f3xicas como cloruro de polivinilo, plomo o mercurio. El material de PVC tiene una excelente flexibilidad y durabilidad. Su textura resistente sigue siendo el\u00e1stica. Incluso si se aprieta ligeramente o se cae durante el uso diario, puede amortiguar eficazmente el impacto y proteger el chip de almacenamiento interno. Adem\u00e1s, es f\u00e1cil de colorear y tiene una estabilidad de color estable. <\/p>\n<\/div>\n\n\n\n<div class=\"wp-block-column is-vertically-aligned-center is-layout-flow wp-block-column-is-layout-flow\">\n<figure class=\"wp-block-image size-full\"><img alt=\"\" fetchpriority=\"high\" decoding=\"async\" width=\"800\" height=\"800\" src=\"https:\/\/www.usborkeychain.com\/wp-content\/uploads\/Shark-USB-flash-Drive.jpg\" class=\"wp-image-4565\" srcset=\"https:\/\/www.usborkeychain.com\/wp-content\/uploads\/Shark-USB-flash-Drive.jpg 800w, https:\/\/www.usborkeychain.com\/wp-content\/uploads\/Shark-USB-flash-Drive-300x300.jpg 300w, https:\/\/www.usborkeychain.com\/wp-content\/uploads\/Shark-USB-flash-Drive-150x150.jpg 150w, https:\/\/www.usborkeychain.com\/wp-content\/uploads\/Shark-USB-flash-Drive-768x768.jpg 768w, https:\/\/www.usborkeychain.com\/wp-content\/uploads\/Shark-USB-flash-Drive-12x12.jpg 12w, https:\/\/www.usborkeychain.com\/wp-content\/uploads\/Shark-USB-flash-Drive-600x600.jpg 600w, https:\/\/www.usborkeychain.com\/wp-content\/uploads\/Shark-USB-flash-Drive-100x100.jpg 100w\" sizes=\"(max-width: 800px) 100vw, 800px\" \/><\/figure>\n<\/div>\n<\/div>\n\n\n\n<h2 class=\"wp-block-heading\">\u00bfC\u00f3mo comprar con eficacia?<\/h2>\n\n\n\n<div class=\"wp-block-columns is-layout-flex wp-container-core-columns-is-layout-28f84493 wp-block-columns-is-layout-flex\">\n<div class=\"wp-block-column is-vertically-aligned-center is-layout-flow wp-block-column-is-layout-flow\">\n<figure class=\"wp-block-image size-full\"><img alt=\"\" decoding=\"async\" width=\"800\" height=\"800\" src=\"https:\/\/www.usborkeychain.com\/wp-content\/uploads\/DeepSeaShark-USB-flash-drive.jpg\" class=\"wp-image-4567\" srcset=\"https:\/\/www.usborkeychain.com\/wp-content\/uploads\/DeepSeaShark-USB-flash-drive.jpg 800w, https:\/\/www.usborkeychain.com\/wp-content\/uploads\/DeepSeaShark-USB-flash-drive-300x300.jpg 300w, https:\/\/www.usborkeychain.com\/wp-content\/uploads\/DeepSeaShark-USB-flash-drive-150x150.jpg 150w, https:\/\/www.usborkeychain.com\/wp-content\/uploads\/DeepSeaShark-USB-flash-drive-768x768.jpg 768w, https:\/\/www.usborkeychain.com\/wp-content\/uploads\/DeepSeaShark-USB-flash-drive-12x12.jpg 12w, https:\/\/www.usborkeychain.com\/wp-content\/uploads\/DeepSeaShark-USB-flash-drive-600x600.jpg 600w, https:\/\/www.usborkeychain.com\/wp-content\/uploads\/DeepSeaShark-USB-flash-drive-100x100.jpg 100w\" sizes=\"(max-width: 800px) 100vw, 800px\" \/><\/figure>\n<\/div>\n\n\n\n<div class=\"wp-block-column is-vertically-aligned-center is-layout-flow wp-block-column-is-layout-flow\">\n<p>Optar por la personalizaci\u00f3n de un fabricante profesional es la mejor manera de conseguir un <strong>unidad flash USB con forma de tibur\u00f3n.<\/strong> Como empresa especializada en la personalizaci\u00f3n de memorias USB, contamos con t\u00e9cnicas de producci\u00f3n maduras y una gran experiencia, y podemos ofrecer los siguientes servicios personalizados:<\/p>\n\n\n\n<ul class=\"wp-block-list\">\n<li><strong>Molde - personalizaci\u00f3n<\/strong>: Podemos ajustar los detalles de la forma del tibur\u00f3n seg\u00fan sus ideas creativas, como cambiar la curvatura de la aleta dorsal o la proporci\u00f3n del cuerpo. Gracias a la fabricaci\u00f3n profesional de moldes, podemos presentar con precisi\u00f3n su dise\u00f1o exclusivo de tibur\u00f3n, cumpliendo los requisitos est\u00e9ticos y creativos \u00fanicos de la marca.<\/li>\n\n\n\n<li><strong>Personalizaci\u00f3n del color<\/strong>: Ofrecemos una amplia gama de opciones de color. Puede personalizar el color principal del tibur\u00f3n, como azul marino o gris plateado, para que coincida con temas oce\u00e1nicos o colores corporativos VI, haciendo que la memoria USB sea m\u00e1s personalizada.<\/li>\n\n\n\n<li><strong>Personalizaci\u00f3n del logotipo<\/strong>: Utilizamos t\u00e9cnicas de serigraf\u00eda, tampograf\u00eda o grabado por l\u00e1ser para imprimir o grabar claramente logotipos de marcas y dise\u00f1os personalizados en la superficie de la memoria USB. Estos logotipos y motivos quedan firmemente adheridos y no es f\u00e1cil que se caigan. Esto ayuda a las empresas a crear perif\u00e9ricos de marca exclusivos o permite a los particulares personalizar art\u00edculos de almacenamiento \u00fanicos con tem\u00e1tica oce\u00e1nica. Controlamos estrictamente la calidad del material y la mano de obra para garantizar la calidad del producto y la experiencia del usuario.<\/li>\n<\/ul>\n<\/div>\n<\/div>\n\n\n\n<h2 class=\"wp-block-heading\">Par\u00e1metros de la memoria USB<\/h2>\n\n\n\n<figure class=\"wp-block-table\"><table class=\"has-fixed-layout\"><thead><tr><th>Tipo de par\u00e1metro<\/th><th>Detalles<\/th><\/tr><\/thead><tbody><tr><td>Tipo de interfaz<\/td><td>USB2.0, USB3.0<\/td><\/tr><tr><td>Capacidad de almacenamiento<\/td><td>8GB, 16GB, 32GB, 64GB, 128GB<\/td><\/tr><tr><td>Dimensiones del producto (longitud \u00d7 anchura \u00d7 grosor)<\/td><td>Aproximadamente 70mm\u00d720mm\u00d715mm<\/td><\/tr><tr><td>Peso<\/td><td>Aproximadamente 18 g<\/td><\/tr><\/tbody><\/table><\/figure>\n\n\n\n<h2 class=\"wp-block-heading\">\u00bfCu\u00e1l es el significado de este dise\u00f1o?<\/h2>\n\n\n\n<div class=\"wp-block-columns is-layout-flex wp-container-core-columns-is-layout-28f84493 wp-block-columns-is-layout-flex\">\n<div class=\"wp-block-column is-vertically-aligned-center is-layout-flow wp-block-column-is-layout-flow\">\n<p>El dise\u00f1o del <strong>unidad flash USB con forma de tibur\u00f3n<\/strong> contiene un profundo sentido de la protecci\u00f3n animal. Los tiburones, como especies clave en el ecosistema oce\u00e1nico, se enfrentan a amenazas de supervivencia debido a la sobrepesca, la contaminaci\u00f3n oce\u00e1nica y otros factores. Incorporar la imagen del tibur\u00f3n al dise\u00f1o de la memoria USB permite a la gente prestar atenci\u00f3n inconscientemente a la dif\u00edcil situaci\u00f3n de supervivencia de los tiburones mientras utiliza este \"peque\u00f1o tibur\u00f3n\" para almacenar datos en su vida cotidiana. Esto difunde a\u00fan m\u00e1s el concepto de proteger la vida marina y mantener el equilibrio del ecosistema oce\u00e1nico. As\u00ed, este simp\u00e1tico objeto de almacenamiento se convierte en una \"estaci\u00f3n m\u00f3vil de publicidad\" para la protecci\u00f3n de los oc\u00e9anos, con un valor de bienestar p\u00fablico y despertando la preocupaci\u00f3n de m\u00e1s gente por el ecosistema oce\u00e1nico.<\/p>\n<\/div>\n\n\n\n<div class=\"wp-block-column is-vertically-aligned-center is-layout-flow wp-block-column-is-layout-flow\">\n<figure class=\"wp-block-image size-full\"><img alt=\"\" decoding=\"async\" width=\"800\" height=\"800\" src=\"https:\/\/www.usborkeychain.com\/wp-content\/uploads\/CoolShark-USB-flash-drive.jpg\" class=\"wp-image-4566\" srcset=\"https:\/\/www.usborkeychain.com\/wp-content\/uploads\/CoolShark-USB-flash-drive.jpg 800w, https:\/\/www.usborkeychain.com\/wp-content\/uploads\/CoolShark-USB-flash-drive-300x300.jpg 300w, https:\/\/www.usborkeychain.com\/wp-content\/uploads\/CoolShark-USB-flash-drive-150x150.jpg 150w, https:\/\/www.usborkeychain.com\/wp-content\/uploads\/CoolShark-USB-flash-drive-768x768.jpg 768w, https:\/\/www.usborkeychain.com\/wp-content\/uploads\/CoolShark-USB-flash-drive-12x12.jpg 12w, https:\/\/www.usborkeychain.com\/wp-content\/uploads\/CoolShark-USB-flash-drive-600x600.jpg 600w, https:\/\/www.usborkeychain.com\/wp-content\/uploads\/CoolShark-USB-flash-drive-100x100.jpg 100w\" sizes=\"(max-width: 800px) 100vw, 800px\" \/><\/figure>\n<\/div>\n<\/div>\n\n\n\n<h2 class=\"wp-block-heading\">\u00bfPara qu\u00e9 empresas es adecuado?<\/h2>\n\n\n\n<div class=\"wp-block-columns is-layout-flex wp-container-core-columns-is-layout-28f84493 wp-block-columns-is-layout-flex\">\n<div class=\"wp-block-column is-vertically-aligned-center is-layout-flow wp-block-column-is-layout-flow\">\n<figure class=\"wp-block-image size-full\"><img alt=\"\" loading=\"lazy\" decoding=\"async\" width=\"800\" height=\"800\" src=\"https:\/\/www.usborkeychain.com\/wp-content\/uploads\/Shark-File-Keeper-USB-flash-drive.jpg\" class=\"wp-image-4568\" srcset=\"https:\/\/www.usborkeychain.com\/wp-content\/uploads\/Shark-File-Keeper-USB-flash-drive.jpg 800w, https:\/\/www.usborkeychain.com\/wp-content\/uploads\/Shark-File-Keeper-USB-flash-drive-300x300.jpg 300w, https:\/\/www.usborkeychain.com\/wp-content\/uploads\/Shark-File-Keeper-USB-flash-drive-150x150.jpg 150w, https:\/\/www.usborkeychain.com\/wp-content\/uploads\/Shark-File-Keeper-USB-flash-drive-768x768.jpg 768w, https:\/\/www.usborkeychain.com\/wp-content\/uploads\/Shark-File-Keeper-USB-flash-drive-12x12.jpg 12w, https:\/\/www.usborkeychain.com\/wp-content\/uploads\/Shark-File-Keeper-USB-flash-drive-600x600.jpg 600w, https:\/\/www.usborkeychain.com\/wp-content\/uploads\/Shark-File-Keeper-USB-flash-drive-100x100.jpg 100w\" sizes=\"(max-width: 800px) 100vw, 800px\" \/><\/figure>\n<\/div>\n\n\n\n<div class=\"wp-block-column is-vertically-aligned-center is-layout-flow wp-block-column-is-layout-flow\">\n<ul class=\"wp-block-list\">\n<li><strong>Acuarios\/Organizaciones de conservaci\u00f3n de los oc\u00e9anos<\/strong>: Pueden personalizar memorias USB con forma de tibur\u00f3n como regalos para los compradores de entradas o como ventajas para los socios.<\/li>\n\n\n\n<li><strong>Empresas de turismo oce\u00e1nico<\/strong>: Durante los viajes de isla en isla, los viajes de buceo y otros proyectos, pueden almacenar fotos de viajes y gu\u00edas de viajes oce\u00e1nicos en las memorias USB con forma de tibur\u00f3n y d\u00e1rselas a los turistas como recuerdos de viaje.<\/li>\n\n\n\n<li><strong>Instituciones de divulgaci\u00f3n y formaci\u00f3n en ciencias oce\u00e1nicas<\/strong>: Pueden almacenar material did\u00e1ctico sobre el oc\u00e9ano y animaciones de divulgaci\u00f3n cient\u00edfica relacionadas con los tiburones en las memorias USB y utilizarlos como paquetes de material did\u00e1ctico para los alumnos.<\/li>\n\n\n\n<li><strong>Empresas tecnol\u00f3gicas (con \u00e9nfasis en la innovaci\u00f3n y la exploraci\u00f3n)<\/strong>: Pueden utilizar estas memorias USB en reuniones anuales o en actos de agradecimiento a los clientes.<\/li>\n\n\n\n<li><strong>Empresas de dise\u00f1o creativo<\/strong>: Pueden personalizar memorias USB \u00fanicas con forma de tibur\u00f3n como regalo por la realizaci\u00f3n de proyectos creativos.<\/li>\n<\/ul>\n<\/div>\n<\/div>\n\n\n\n<p>En <strong>unidad flash USB con forma de tibur\u00f3n<\/strong> se basa en un bonito aspecto oce\u00e1nico y en un material de PVC respetuoso con el medio ambiente. Dispone de numerosos par\u00e1metros para satisfacer diversas necesidades, incorpora el concepto de protecci\u00f3n de los animales oce\u00e1nicos y se adapta a m\u00faltiples situaciones, como empresas con tem\u00e1tica oce\u00e1nica, educaci\u00f3n y regalos corporativos. Tanto si busca un almacenamiento pr\u00e1ctico como una personalizaci\u00f3n creativa, o si desea transmitir el valor de la protecci\u00f3n de los oc\u00e9anos para el bienestar p\u00fablico, puede convertirse en un art\u00edculo \u00fanico entre los dispositivos de almacenamiento gracias a sus triples ventajas de \"monada + funcionalidad + significado\".<\/p>","protected":false},"excerpt":{"rendered":"<ul>\n<li>Material de PVC<\/li>\n<li>Con forma de tibur\u00f3n<\/li>\n<li>Dise\u00f1os de diferentes estilos<\/li>\n<li>RoHS<\/li>\n<li>MOQ:100PCS<\/li>\n<\/ul>","protected":false},"featured_media":4565,"comment_status":"open","ping_status":"closed","template":"","meta":{"_seopress_robots_primary_cat":"","_seopress_titles_title":"","_seopress_titles_desc":"","_seopress_robots_index":"","site-sidebar-layout":"default","site-content-layout":"","ast-site-content-layout":"","site-content-style":"default","site-sidebar-style":"default","ast-global-header-display":"","ast-banner-title-visibility":"","ast-main-header-display":"","ast-hfb-above-header-display":"","ast-hfb-below-header-display":"","ast-hfb-mobile-header-display":"","site-post-title":"","ast-breadcrumbs-content":"","ast-featured-img":"","footer-sml-layout":"","theme-transparent-header-meta":"","adv-header-id-meta":"","stick-header-meta":"","header-above-stick-meta":"","header-main-stick-meta":"","header-below-stick-meta":"","astra-migrate-meta-layouts":"default","ast-page-background-enabled":"default","ast-page-background-meta":{"desktop":{"background-color":"var(--ast-global-color-5)","background-image":"","background-repeat":"repeat","background-position":"center center","background-size":"auto","background-attachment":"scroll","background-type":"","background-media":"","overlay-type":"","overlay-color":"","overlay-opacity":"","overlay-gradient":""},"tablet":{"background-color":"","background-image":"","background-repeat":"repeat","background-position":"center center","background-size":"auto","background-attachment":"scroll","background-type":"","background-media":"","overlay-type":"","overlay-color":"","overlay-opacity":"","overlay-gradient":""},"mobile":{"background-color":"","background-image":"","background-repeat":"repeat","background-position":"center center","background-size":"auto","background-attachment":"scroll","background-type":"","background-media":"","overlay-type":"","overlay-color":"","overlay-opacity":"","overlay-gradient":""}},"ast-content-background-meta":{"desktop":{"background-color":"var(--ast-global-color-4)","background-image":"","background-repeat":"repeat","background-position":"center center","background-size":"auto","background-attachment":"scroll","background-type":"","background-media":"","overlay-type":"","overlay-color":"","overlay-opacity":"","overlay-gradient":""},"tablet":{"background-color":"var(--ast-global-color-4)","background-image":"","background-repeat":"repeat","background-position":"center center","background-size":"auto","background-attachment":"scroll","background-type":"","background-media":"","overlay-type":"","overlay-color":"","overlay-opacity":"","overlay-gradient":""},"mobile":{"background-color":"var(--ast-global-color-4)","background-image":"","background-repeat":"repeat","background-position":"center center","background-size":"auto","background-attachment":"scroll","background-type":"","background-media":"","overlay-type":"","overlay-color":"","overlay-opacity":"","overlay-gradient":""}}},"product_brand":[],"product_cat":[94],"product_tag":[248,274],"class_list":{"0":"post-4562","1":"product","2":"type-product","3":"status-publish","4":"has-post-thumbnail","6":"product_cat-pvc-usb-pendrive","7":"product_tag-pvc-usb-flash-drive","8":"product_tag-shark-shaped-usb-flash-drive","9":"desktop-align-left","10":"tablet-align-left","11":"mobile-align-left","13":"first","14":"instock","15":"shipping-taxable","16":"product-type-simple"},"_links":{"self":[{"href":"https:\/\/www.usborkeychain.com\/es\/wp-json\/wp\/v2\/product\/4562","targetHints":{"allow":["GET"]}}],"collection":[{"href":"https:\/\/www.usborkeychain.com\/es\/wp-json\/wp\/v2\/product"}],"about":[{"href":"https:\/\/www.usborkeychain.com\/es\/wp-json\/wp\/v2\/types\/product"}],"replies":[{"embeddable":true,"href":"https:\/\/www.usborkeychain.com\/es\/wp-json\/wp\/v2\/comments?post=4562"}],"wp:featuredmedia":[{"embeddable":true,"href":"https:\/\/www.usborkeychain.com\/es\/wp-json\/wp\/v2\/media\/4565"}],"wp:attachment":[{"href":"https:\/\/www.usborkeychain.com\/es\/wp-json\/wp\/v2\/media?parent=4562"}],"wp:term":[{"taxonomy":"product_brand","embeddable":true,"href":"https:\/\/www.usborkeychain.com\/es\/wp-json\/wp\/v2\/product_brand?post=4562"},{"taxonomy":"product_cat","embeddable":true,"href":"https:\/\/www.usborkeychain.com\/es\/wp-json\/wp\/v2\/product_cat?post=4562"},{"taxonomy":"product_tag","embeddable":true,"href":"https:\/\/www.usborkeychain.com\/es\/wp-json\/wp\/v2\/product_tag?post=4562"}],"curies":[{"name":"wp","href":"https:\/\/api.w.org\/{rel}","templated":true}]}}