{"id":4569,"date":"2025-07-25T03:38:47","date_gmt":"2025-07-25T03:38:47","guid":{"rendered":"https:\/\/www.usborkeychain.com\/?post_type=product&#038;p=4569"},"modified":"2025-07-25T04:08:04","modified_gmt":"2025-07-25T04:08:04","slug":"lighter-shaped-usb-flash-drive","status":"publish","type":"product","link":"https:\/\/www.usborkeychain.com\/es\/producto\/lighter-shaped-usb-flash-drive\/","title":{"rendered":"Mechero de pl\u00e1stico cl\u00e1sico Memoria USB"},"content":{"rendered":"<div class=\"wp-block-columns is-layout-flex wp-container-core-columns-is-layout-28f84493 wp-block-columns-is-layout-flex\">\n<div class=\"wp-block-column is-vertically-aligned-center is-layout-flow wp-block-column-is-layout-flow\">\n<p>Este <strong>Memoria USB con forma de mechero<\/strong> se inspira en los encendedores cl\u00e1sicos, con l\u00edneas exteriores esbeltas y sencillas. El dise\u00f1o general es peque\u00f1o y delicado, imitando la forma de un mechero, y es muy reconocible cuando se sostiene en la mano.<\/p>\n\n\n\n<p>Est\u00e1 hecho de<strong> metal de alta calidad <\/strong>(como la aleaci\u00f3n de aluminio) combinados con materiales pl\u00e1sticos ecol\u00f3gicos. La parte met\u00e1lica confiere al producto solidez y resistencia al desgaste. No es f\u00e1cil que se raye o deforme durante el uso diario, protegiendo eficazmente el chip de almacenamiento interno. La parte de pl\u00e1stico es ligera, lo que hace que toda la unidad flash USB tenga un peso manejable y sea c\u00f3moda de transportar. La superficie est\u00e1 finamente procesada, ofreciendo una sensaci\u00f3n suave al tacto.<\/p>\n\n\n\n<p>Tiene un tama\u00f1o peque\u00f1o, similar al de un encendedor normal, y puede guardarse f\u00e1cilmente en bolsillos, carteras o llaveros.<\/p>\n<\/div>\n\n\n\n<div class=\"wp-block-column is-vertically-aligned-center is-layout-flow wp-block-column-is-layout-flow\">\n<figure class=\"wp-block-image size-full\"><img alt=\"\" fetchpriority=\"high\" decoding=\"async\" width=\"800\" height=\"800\" src=\"https:\/\/www.usborkeychain.com\/wp-content\/uploads\/Shiny-Lighter-USB-flash-drive.jpg\" class=\"wp-image-4580\" srcset=\"https:\/\/www.usborkeychain.com\/wp-content\/uploads\/Shiny-Lighter-USB-flash-drive.jpg 800w, https:\/\/www.usborkeychain.com\/wp-content\/uploads\/Shiny-Lighter-USB-flash-drive-300x300.jpg 300w, https:\/\/www.usborkeychain.com\/wp-content\/uploads\/Shiny-Lighter-USB-flash-drive-150x150.jpg 150w, https:\/\/www.usborkeychain.com\/wp-content\/uploads\/Shiny-Lighter-USB-flash-drive-768x768.jpg 768w, https:\/\/www.usborkeychain.com\/wp-content\/uploads\/Shiny-Lighter-USB-flash-drive-12x12.jpg 12w, https:\/\/www.usborkeychain.com\/wp-content\/uploads\/Shiny-Lighter-USB-flash-drive-600x600.jpg 600w, https:\/\/www.usborkeychain.com\/wp-content\/uploads\/Shiny-Lighter-USB-flash-drive-100x100.jpg 100w\" sizes=\"(max-width: 800px) 100vw, 800px\" \/><\/figure>\n<\/div>\n<\/div>\n\n\n\n<h2 class=\"wp-block-heading\">Par\u00e1metros de la memoria USB<\/h2>\n\n\n\n<figure class=\"wp-block-table\"><table class=\"has-fixed-layout\"><thead><tr><th>Tipo de par\u00e1metro<\/th><th>Detalles<\/th><\/tr><\/thead><tbody><tr><td>Tipo de interfaz<\/td><td>USB2.0, USB3.0<\/td><\/tr><tr><td>Capacidad de almacenamiento<\/td><td>8GB, 16GB, 32GB, 64GB, 128GB<\/td><\/tr><tr><td>Dimensiones del producto (longitud \u00d7 anchura \u00d7 grosor)<\/td><td>Aproximadamente 80mm\u00d720mm\u00d712mm<\/td><\/tr><tr><td>Peso<\/td><td>Aproximadamente 20 g<\/td><\/tr><\/tbody><\/table><\/figure>\n\n\n\n<h2 class=\"wp-block-heading\">\u00bfCu\u00e1les son las caracter\u00edsticas m\u00e1s destacadas de esta memoria USB?<\/h2>\n\n\n\n<div class=\"wp-block-columns is-layout-flex wp-container-core-columns-is-layout-28f84493 wp-block-columns-is-layout-flex\">\n<div class=\"wp-block-column is-vertically-aligned-center is-layout-flow wp-block-column-is-layout-flow\">\n<figure class=\"wp-block-image size-full\"><img alt=\"\" decoding=\"async\" width=\"800\" height=\"800\" src=\"https:\/\/www.usborkeychain.com\/wp-content\/uploads\/Color-Lighter-USB-flash-drive.jpg\" class=\"wp-image-4576\" srcset=\"https:\/\/www.usborkeychain.com\/wp-content\/uploads\/Color-Lighter-USB-flash-drive.jpg 800w, https:\/\/www.usborkeychain.com\/wp-content\/uploads\/Color-Lighter-USB-flash-drive-300x300.jpg 300w, https:\/\/www.usborkeychain.com\/wp-content\/uploads\/Color-Lighter-USB-flash-drive-150x150.jpg 150w, https:\/\/www.usborkeychain.com\/wp-content\/uploads\/Color-Lighter-USB-flash-drive-768x768.jpg 768w, https:\/\/www.usborkeychain.com\/wp-content\/uploads\/Color-Lighter-USB-flash-drive-12x12.jpg 12w, https:\/\/www.usborkeychain.com\/wp-content\/uploads\/Color-Lighter-USB-flash-drive-600x600.jpg 600w, https:\/\/www.usborkeychain.com\/wp-content\/uploads\/Color-Lighter-USB-flash-drive-100x100.jpg 100w\" sizes=\"(max-width: 800px) 100vw, 800px\" \/><\/figure>\n<\/div>\n\n\n\n<div class=\"wp-block-column is-vertically-aligned-center is-layout-flow wp-block-column-is-layout-flow\">\n<h3 class=\"wp-block-heading\">Material:<\/h3>\n\n\n\n<p>Las memorias USB cl\u00e1sicas de pl\u00e1stico se basan en materiales pl\u00e1sticos y presentan ventajas \u00fanicas en cuanto a creatividad de dise\u00f1o, control de costes y uso diario. Son adecuadas para situaciones en las que se busca un alto rendimiento econ\u00f3mico, portabilidad ligera y personalizaci\u00f3n creativa.<\/p>\n<\/div>\n<\/div>\n\n\n\n<div class=\"wp-block-columns is-layout-flex wp-container-core-columns-is-layout-28f84493 wp-block-columns-is-layout-flex\">\n<div class=\"wp-block-column is-vertically-aligned-center is-layout-flow wp-block-column-is-layout-flow\">\n<figure class=\"wp-block-image size-full\"><img alt=\"\" decoding=\"async\" width=\"800\" height=\"800\" src=\"https:\/\/www.usborkeychain.com\/wp-content\/uploads\/Lighter-USB-Drive.png\" class=\"wp-image-4578\" srcset=\"https:\/\/www.usborkeychain.com\/wp-content\/uploads\/Lighter-USB-Drive.png 800w, https:\/\/www.usborkeychain.com\/wp-content\/uploads\/Lighter-USB-Drive-300x300.png 300w, https:\/\/www.usborkeychain.com\/wp-content\/uploads\/Lighter-USB-Drive-150x150.png 150w, https:\/\/www.usborkeychain.com\/wp-content\/uploads\/Lighter-USB-Drive-768x768.png 768w, https:\/\/www.usborkeychain.com\/wp-content\/uploads\/Lighter-USB-Drive-12x12.png 12w, https:\/\/www.usborkeychain.com\/wp-content\/uploads\/Lighter-USB-Drive-600x600.png 600w, https:\/\/www.usborkeychain.com\/wp-content\/uploads\/Lighter-USB-Drive-100x100.png 100w\" sizes=\"(max-width: 800px) 100vw, 800px\" \/><\/figure>\n<\/div>\n\n\n\n<div class=\"wp-block-column is-vertically-aligned-center is-layout-flow wp-block-column-is-layout-flow\">\n<h3 class=\"wp-block-heading\">LOGOTIPO personalizado<\/h3>\n\n\n\n<p>La carcasa de este encendedor USB es apta para serigraf\u00eda. La serigraf\u00eda es ideal para dise\u00f1os sencillos o de un solo color: utiliza una rasqueta para presionar la tinta sobre la superficie de la unidad USB y es especialmente adecuada para carcasas de pl\u00e1stico o superficies met\u00e1licas pintadas. Ofrece colores brillantes, bajo coste y gran eficacia en la personalizaci\u00f3n masiva, pero requiere un \u00e1rea de impresi\u00f3n plana para evitar la distorsi\u00f3n del patr\u00f3n causada por las superficies curvas.<\/p>\n\n\n\n<p>Los logotipos de impresi\u00f3n en color, por su parte, son adecuados para degradados multicolor y patrones complejos (como logotipos de marca con elementos detallados). Al adoptar la tecnolog\u00eda de inyecci\u00f3n de tinta digital, pueden restaurar con precisi\u00f3n los degradados de color y adaptarse a la superficie curva del mechero. Sin embargo, es necesario elegir una tinta resistente al desgaste (especialmente para materiales met\u00e1licos) y probar la adherencia de antemano para evitar la decoloraci\u00f3n tras un uso prolongado.<\/p>\n<\/div>\n<\/div>\n\n\n\n<h2 class=\"wp-block-heading\">\u00bfQu\u00e9 empresas pueden utilizarlo como regalo?<\/h2>\n\n\n\n<div class=\"wp-block-columns are-vertically-aligned-center is-layout-flex wp-container-core-columns-is-layout-28f84493 wp-block-columns-is-layout-flex\">\n<div class=\"wp-block-column is-vertically-aligned-center is-layout-flow wp-block-column-is-layout-flow\">\n<ul class=\"wp-block-list\">\n<li>Fabricantes de marcas de encendedores: Pueden lanzar productos de marca compartida \"encendedor - memoria USB\" para ampliar sus fronteras comerciales como perif\u00e9ricos de marca.<\/li>\n\n\n\n<li>Empresas minoristas de tabaco: Durante las promociones de festivales y actos de agradecimiento a los afiliados, pueden regalarlo con cajas de regalo de productos del tabaco.<\/li>\n\n\n\n<li>Empresas de regalos de empresa: Pueden personalizar regalos de empresa de compa\u00f1\u00eda para diversas empresas, como instituciones financieras y empresas de consultor\u00eda.<\/li>\n\n\n\n<li>Para la realizaci\u00f3n de proyectos creativos: Personalice memorias USB con forma de encendedor con elementos creativos corporativos (como colores de marca y esl\u00f3ganes creativos) para mostrar la fuerza de dise\u00f1o y el pensamiento innovador de la empresa.<\/li>\n\n\n\n<li>Start - ups tecnol\u00f3gicas: Pueden utilizarlo como regalo para los asistentes a lanzamientos de productos, roadshows de financiaci\u00f3n y otros eventos.<\/li>\n<\/ul>\n<\/div>\n\n\n\n<div class=\"wp-block-column is-vertically-aligned-center is-layout-flow wp-block-column-is-layout-flow\">\n<figure class=\"wp-block-image size-full\"><img alt=\"\" loading=\"lazy\" decoding=\"async\" width=\"800\" height=\"800\" src=\"https:\/\/www.usborkeychain.com\/wp-content\/uploads\/Sleek-Lighter-USB-flash-drive.jpg\" class=\"wp-image-4581\" srcset=\"https:\/\/www.usborkeychain.com\/wp-content\/uploads\/Sleek-Lighter-USB-flash-drive.jpg 800w, https:\/\/www.usborkeychain.com\/wp-content\/uploads\/Sleek-Lighter-USB-flash-drive-300x300.jpg 300w, https:\/\/www.usborkeychain.com\/wp-content\/uploads\/Sleek-Lighter-USB-flash-drive-150x150.jpg 150w, https:\/\/www.usborkeychain.com\/wp-content\/uploads\/Sleek-Lighter-USB-flash-drive-768x768.jpg 768w, https:\/\/www.usborkeychain.com\/wp-content\/uploads\/Sleek-Lighter-USB-flash-drive-12x12.jpg 12w, https:\/\/www.usborkeychain.com\/wp-content\/uploads\/Sleek-Lighter-USB-flash-drive-600x600.jpg 600w, https:\/\/www.usborkeychain.com\/wp-content\/uploads\/Sleek-Lighter-USB-flash-drive-100x100.jpg 100w\" sizes=\"(max-width: 800px) 100vw, 800px\" \/><\/figure>\n<\/div>\n<\/div>\n\n\n\n<h2 class=\"wp-block-heading\">\u00bfCu\u00e1les son las ventajas del dise\u00f1o de llavero?<\/h2>\n\n\n\n<div class=\"wp-block-columns is-layout-flex wp-container-core-columns-is-layout-28f84493 wp-block-columns-is-layout-flex\">\n<div class=\"wp-block-column is-vertically-aligned-center is-layout-flow wp-block-column-is-layout-flow\">\n<figure class=\"wp-block-image size-full\"><img alt=\"\" loading=\"lazy\" decoding=\"async\" width=\"800\" height=\"800\" src=\"https:\/\/www.usborkeychain.com\/wp-content\/uploads\/Minimal-Lighter-USB-flash-Drive.jpg\" class=\"wp-image-4579\" srcset=\"https:\/\/www.usborkeychain.com\/wp-content\/uploads\/Minimal-Lighter-USB-flash-Drive.jpg 800w, https:\/\/www.usborkeychain.com\/wp-content\/uploads\/Minimal-Lighter-USB-flash-Drive-300x300.jpg 300w, https:\/\/www.usborkeychain.com\/wp-content\/uploads\/Minimal-Lighter-USB-flash-Drive-150x150.jpg 150w, https:\/\/www.usborkeychain.com\/wp-content\/uploads\/Minimal-Lighter-USB-flash-Drive-768x768.jpg 768w, https:\/\/www.usborkeychain.com\/wp-content\/uploads\/Minimal-Lighter-USB-flash-Drive-12x12.jpg 12w, https:\/\/www.usborkeychain.com\/wp-content\/uploads\/Minimal-Lighter-USB-flash-Drive-600x600.jpg 600w, https:\/\/www.usborkeychain.com\/wp-content\/uploads\/Minimal-Lighter-USB-flash-Drive-100x100.jpg 100w\" sizes=\"(max-width: 800px) 100vw, 800px\" \/><\/figure>\n<\/div>\n\n\n\n<div class=\"wp-block-column is-vertically-aligned-center is-layout-flow wp-block-column-is-layout-flow\">\n<p>En <strong>llavero<\/strong> suele ser de metal (como el acero inoxidable) y se conecta al cuerpo principal de la memoria USB a trav\u00e9s de un orificio para colgar, lo que resulta firme y fiable. Este dise\u00f1o mejora a\u00fan m\u00e1s la portabilidad. Puede colgarse directamente de llaveros o hebillas de mochilas, llevarse junto con las llaves y mochilas, lo que reduce el riesgo de perder la memoria USB. Adem\u00e1s, puede convertir la memoria USB en un \"peque\u00f1o accesorio con estilo\" para llaves y mochilas, combinando funciones pr\u00e1cticas y decorativas para satisfacer las diversas necesidades de transporte de los usuarios.<\/p>\n<\/div>\n<\/div>\n\n\n\n<div class=\"wp-block-columns is-layout-flex wp-container-core-columns-is-layout-28f84493 wp-block-columns-is-layout-flex\">\n<div class=\"wp-block-column is-layout-flow wp-block-column-is-layout-flow\">\n<div class=\"wp-block-columns is-layout-flex wp-container-core-columns-is-layout-28f84493 wp-block-columns-is-layout-flex\">\n<div class=\"wp-block-column is-layout-flow wp-block-column-is-layout-flow\">\n<div class=\"wp-block-columns is-layout-flex wp-container-core-columns-is-layout-28f84493 wp-block-columns-is-layout-flex\">\n<div class=\"wp-block-column is-vertically-aligned-center is-layout-flow wp-block-column-is-layout-flow\">\n<figure class=\"wp-block-image size-full\"><img alt=\"\" loading=\"lazy\" decoding=\"async\" width=\"800\" height=\"800\" src=\"https:\/\/www.usborkeychain.com\/wp-content\/uploads\/Lighter-Storage-USB-drive.png\" class=\"wp-image-4577\" srcset=\"https:\/\/www.usborkeychain.com\/wp-content\/uploads\/Lighter-Storage-USB-drive.png 800w, https:\/\/www.usborkeychain.com\/wp-content\/uploads\/Lighter-Storage-USB-drive-300x300.png 300w, https:\/\/www.usborkeychain.com\/wp-content\/uploads\/Lighter-Storage-USB-drive-150x150.png 150w, https:\/\/www.usborkeychain.com\/wp-content\/uploads\/Lighter-Storage-USB-drive-768x768.png 768w, https:\/\/www.usborkeychain.com\/wp-content\/uploads\/Lighter-Storage-USB-drive-12x12.png 12w, https:\/\/www.usborkeychain.com\/wp-content\/uploads\/Lighter-Storage-USB-drive-600x600.png 600w, https:\/\/www.usborkeychain.com\/wp-content\/uploads\/Lighter-Storage-USB-drive-100x100.png 100w\" sizes=\"(max-width: 800px) 100vw, 800px\" \/><\/figure>\n<\/div>\n\n\n\n<div class=\"wp-block-column is-vertically-aligned-center is-layout-flow wp-block-column-is-layout-flow\">\n<p>En<strong> Unidad flash USB con forma de encendedor<\/strong> se basa en una apariencia \u00fanica y materiales de alta calidad. Dispone de numerosos par\u00e1metros para adaptarse a m\u00faltiples situaciones, es muy pr\u00e1ctico y admite la personalizaci\u00f3n. El dise\u00f1o de llavero mejora a\u00fan m\u00e1s su portabilidad. Ya sea para que las empresas tabacaleras expandan sus marcas, las empresas comerciales transmitan sus im\u00e1genes o las empresas creativas y tecnol\u00f3gicas muestren sus caracter\u00edsticas, puede convertirse en una opci\u00f3n notable en los mercados de dispositivos de almacenamiento y regalos, inyectando nueva vitalidad al almacenamiento de datos y la comunicaci\u00f3n de marca.<\/p>\n<\/div>\n\n\n\n<div class=\"wp-block-column is-vertically-aligned-center is-layout-flow wp-block-column-is-layout-flow\">\n<figure class=\"wp-block-image size-full\"><img alt=\"\" loading=\"lazy\" decoding=\"async\" width=\"800\" height=\"800\" src=\"https:\/\/www.usborkeychain.com\/wp-content\/uploads\/ChicLighter-USB-flash-Drive.jpg\" class=\"wp-image-4575\" srcset=\"https:\/\/www.usborkeychain.com\/wp-content\/uploads\/ChicLighter-USB-flash-Drive.jpg 800w, https:\/\/www.usborkeychain.com\/wp-content\/uploads\/ChicLighter-USB-flash-Drive-300x300.jpg 300w, https:\/\/www.usborkeychain.com\/wp-content\/uploads\/ChicLighter-USB-flash-Drive-150x150.jpg 150w, https:\/\/www.usborkeychain.com\/wp-content\/uploads\/ChicLighter-USB-flash-Drive-768x768.jpg 768w, https:\/\/www.usborkeychain.com\/wp-content\/uploads\/ChicLighter-USB-flash-Drive-12x12.jpg 12w, https:\/\/www.usborkeychain.com\/wp-content\/uploads\/ChicLighter-USB-flash-Drive-600x600.jpg 600w, https:\/\/www.usborkeychain.com\/wp-content\/uploads\/ChicLighter-USB-flash-Drive-100x100.jpg 100w\" sizes=\"(max-width: 800px) 100vw, 800px\" \/><\/figure>\n<\/div>\n<\/div>\n<\/div>\n<\/div>\n<\/div>\n<\/div>","protected":false},"excerpt":{"rendered":"<ul>\n<li>Forma m\u00e1s ligera<\/li>\n<li>Metal de alta calidad<\/li>\n<li>Llavero<\/li>\n<li>Diferentes colores personalizados<\/li>\n<li>MOQ:100PCS<\/li>\n<\/ul>","protected":false},"featured_media":4580,"comment_status":"open","ping_status":"closed","template":"","meta":{"_seopress_robots_primary_cat":"none","_seopress_titles_title":"","_seopress_titles_desc":"","_seopress_robots_index":"","site-sidebar-layout":"default","site-content-layout":"","ast-site-content-layout":"","site-content-style":"default","site-sidebar-style":"default","ast-global-header-display":"","ast-banner-title-visibility":"","ast-main-header-display":"","ast-hfb-above-header-display":"","ast-hfb-below-header-display":"","ast-hfb-mobile-header-display":"","site-post-title":"","ast-breadcrumbs-content":"","ast-featured-img":"","footer-sml-layout":"","theme-transparent-header-meta":"","adv-header-id-meta":"","stick-header-meta":"","header-above-stick-meta":"","header-main-stick-meta":"","header-below-stick-meta":"","astra-migrate-meta-layouts":"default","ast-page-background-enabled":"default","ast-page-background-meta":{"desktop":{"background-color":"var(--ast-global-color-5)","background-image":"","background-repeat":"repeat","background-position":"center center","background-size":"auto","background-attachment":"scroll","background-type":"","background-media":"","overlay-type":"","overlay-color":"","overlay-opacity":"","overlay-gradient":""},"tablet":{"background-color":"","background-image":"","background-repeat":"repeat","background-position":"center center","background-size":"auto","background-attachment":"scroll","background-type":"","background-media":"","overlay-type":"","overlay-color":"","overlay-opacity":"","overlay-gradient":""},"mobile":{"background-color":"","background-image":"","background-repeat":"repeat","background-position":"center center","background-size":"auto","background-attachment":"scroll","background-type":"","background-media":"","overlay-type":"","overlay-color":"","overlay-opacity":"","overlay-gradient":""}},"ast-content-background-meta":{"desktop":{"background-color":"var(--ast-global-color-4)","background-image":"","background-repeat":"repeat","background-position":"center center","background-size":"auto","background-attachment":"scroll","background-type":"","background-media":"","overlay-type":"","overlay-color":"","overlay-opacity":"","overlay-gradient":""},"tablet":{"background-color":"var(--ast-global-color-4)","background-image":"","background-repeat":"repeat","background-position":"center center","background-size":"auto","background-attachment":"scroll","background-type":"","background-media":"","overlay-type":"","overlay-color":"","overlay-opacity":"","overlay-gradient":""},"mobile":{"background-color":"var(--ast-global-color-4)","background-image":"","background-repeat":"repeat","background-position":"center center","background-size":"auto","background-attachment":"scroll","background-type":"","background-media":"","overlay-type":"","overlay-color":"","overlay-opacity":"","overlay-gradient":""}}},"product_brand":[],"product_cat":[92,103],"product_tag":[275,248],"class_list":{"0":"post-4569","1":"product","2":"type-product","3":"status-publish","4":"has-post-thumbnail","6":"product_cat-plastic-usb-pendrive","7":"product_cat-usb2-0-usb-pendrive","8":"product_tag-lighter-shaped-usb-flash-drive","9":"product_tag-pvc-usb-flash-drive","10":"desktop-align-left","11":"tablet-align-left","12":"mobile-align-left","14":"first","15":"instock","16":"shipping-taxable","17":"product-type-simple"},"_links":{"self":[{"href":"https:\/\/www.usborkeychain.com\/es\/wp-json\/wp\/v2\/product\/4569","targetHints":{"allow":["GET"]}}],"collection":[{"href":"https:\/\/www.usborkeychain.com\/es\/wp-json\/wp\/v2\/product"}],"about":[{"href":"https:\/\/www.usborkeychain.com\/es\/wp-json\/wp\/v2\/types\/product"}],"replies":[{"embeddable":true,"href":"https:\/\/www.usborkeychain.com\/es\/wp-json\/wp\/v2\/comments?post=4569"}],"wp:featuredmedia":[{"embeddable":true,"href":"https:\/\/www.usborkeychain.com\/es\/wp-json\/wp\/v2\/media\/4580"}],"wp:attachment":[{"href":"https:\/\/www.usborkeychain.com\/es\/wp-json\/wp\/v2\/media?parent=4569"}],"wp:term":[{"taxonomy":"product_brand","embeddable":true,"href":"https:\/\/www.usborkeychain.com\/es\/wp-json\/wp\/v2\/product_brand?post=4569"},{"taxonomy":"product_cat","embeddable":true,"href":"https:\/\/www.usborkeychain.com\/es\/wp-json\/wp\/v2\/product_cat?post=4569"},{"taxonomy":"product_tag","embeddable":true,"href":"https:\/\/www.usborkeychain.com\/es\/wp-json\/wp\/v2\/product_tag?post=4569"}],"curies":[{"name":"wp","href":"https:\/\/api.w.org\/{rel}","templated":true}]}}