{"id":4589,"date":"2025-07-25T12:50:33","date_gmt":"2025-07-25T12:50:33","guid":{"rendered":"https:\/\/www.usborkeychain.com\/?post_type=product&#038;p=4589"},"modified":"2025-07-25T23:55:12","modified_gmt":"2025-07-25T23:55:12","slug":"pvc-teapot-shaped-usb-flash-drive","status":"publish","type":"product","link":"https:\/\/www.usborkeychain.com\/es\/producto\/pvc-teapot-shaped-usb-flash-drive\/","title":{"rendered":"Memoria USB de PVC con forma de tetera"},"content":{"rendered":"<div class=\"wp-block-columns is-layout-flex wp-container-core-columns-is-layout-28f84493 wp-block-columns-is-layout-flex\">\n<div class=\"wp-block-column is-vertically-aligned-center is-layout-flow wp-block-column-is-layout-flow\">\n<figure class=\"wp-block-image size-full\"><img alt=\"\" fetchpriority=\"high\" decoding=\"async\" width=\"800\" height=\"800\" src=\"https:\/\/www.usborkeychain.com\/wp-content\/uploads\/Mini-Tea-USB-flash-Drive.png\" class=\"wp-image-4593\" srcset=\"https:\/\/www.usborkeychain.com\/wp-content\/uploads\/Mini-Tea-USB-flash-Drive.png 800w, https:\/\/www.usborkeychain.com\/wp-content\/uploads\/Mini-Tea-USB-flash-Drive-300x300.png 300w, https:\/\/www.usborkeychain.com\/wp-content\/uploads\/Mini-Tea-USB-flash-Drive-150x150.png 150w, https:\/\/www.usborkeychain.com\/wp-content\/uploads\/Mini-Tea-USB-flash-Drive-768x768.png 768w, https:\/\/www.usborkeychain.com\/wp-content\/uploads\/Mini-Tea-USB-flash-Drive-12x12.png 12w, https:\/\/www.usborkeychain.com\/wp-content\/uploads\/Mini-Tea-USB-flash-Drive-600x600.png 600w, https:\/\/www.usborkeychain.com\/wp-content\/uploads\/Mini-Tea-USB-flash-Drive-100x100.png 100w\" sizes=\"(max-width: 800px) 100vw, 800px\" \/><\/figure>\n<\/div>\n\n\n\n<div class=\"wp-block-column is-vertically-aligned-center is-layout-flow wp-block-column-is-layout-flow\">\n<p>En <strong>Memoria USB de PVC con forma de tetera<\/strong> destaca por el exquisito dise\u00f1o realista de su tetera. Est\u00e1 fabricada con materiales respetuosos con el medio ambiente <strong>Material de PVC<\/strong>Es suave, flexible y tiene una buena resistencia al desgaste y a las ca\u00eddas. Esto puede proteger eficazmente los componentes de almacenamiento interno.<\/p>\n\n\n\n<p>En cuanto a su aspecto, reproduce a la perfecci\u00f3n la forma de una tetera, con un aspecto tridimensional y vivo. Las l\u00edneas del cuerpo de la tetera son suaves y se distinguen claramente detalles como la tapa, el pitorro y el asa. Algunos productos tambi\u00e9n tienen el sencillo y cl\u00e1sico car\u00e1cter chino \"t\u00e9\" impreso en el cuerpo de la tetera, lo que a\u00f1ade un toque de encanto al estilo chino. <\/p>\n\n\n\n<p>Este dise\u00f1o de simulaci\u00f3n convierte la unidad USB no s\u00f3lo en una herramienta de almacenamiento, sino tambi\u00e9n en un adorno de arte del t\u00e9 en miniatura. Satisface con precisi\u00f3n las necesidades de las empresas relacionadas con el t\u00e9 para difundir su cultura de marca y es muy apreciada por los amantes del t\u00e9. Se ha convertido en un objeto personal que muestra el gusto de cada uno.<\/p>\n<\/div>\n<\/div>\n\n\n\n<h2 class=\"wp-block-heading\">Especificaciones de la unidad USB<\/h2>\n\n\n\n<figure class=\"wp-block-table\"><table class=\"has-fixed-layout\"><thead><tr><th>Categor\u00eda de par\u00e1metros<\/th><th>Detalles<\/th><\/tr><\/thead><tbody><tr><td>Capacidad de almacenamiento<\/td><td>8GB, 16GB, 32GB, 64GB, 128GB<\/td><\/tr><tr><td>Tipo de interfaz<\/td><td>USB2.0\/USB3.0<\/td><\/tr><tr><td>Peso<\/td><td>Aproximadamente 20 g<\/td><\/tr><tr><td>Dimensiones (largo\u00d7ancho\u00d7alto)<\/td><td>45mm\u00d730mm\u00d725mm<\/td><\/tr><\/tbody><\/table><\/figure>\n\n\n\n<h2 class=\"wp-block-heading\">\u00bfEn qu\u00e9 colores est\u00e1n disponibles las memorias USB con forma de tetera?<\/h2>\n\n\n\n<div class=\"wp-block-columns is-layout-flex wp-container-core-columns-is-layout-28f84493 wp-block-columns-is-layout-flex\">\n<div class=\"wp-block-column is-vertically-aligned-center is-layout-flow wp-block-column-is-layout-flow\">\n<p>El color de esta memoria USB con forma de tetera es fijo: s\u00f3lo viene en marr\u00f3n, sin otras opciones de color disponibles. Esto se debe a que su dise\u00f1o se inspira totalmente en las teteras tradicionales de arcilla morada, en las que el marr\u00f3n es el tono m\u00e1s ic\u00f3nico. Para preservar al m\u00e1ximo la textura y el encanto cl\u00e1sicos de las teteras de arcilla morada, se decidi\u00f3 desde el principio que s\u00f3lo se utilizar\u00eda el color marr\u00f3n para esta memoria USB.<\/p>\n\n\n\n<p>Como el color fijo es el marr\u00f3n, los logotipos personalizados tambi\u00e9n se producen utilizando el molde para este color base. No es necesario crear moldes adicionales para otros colores; el proceso de personalizaci\u00f3n del logotipo puede completarse directamente utilizando el molde existente. Esto no s\u00f3lo garantiza la coherencia con la forma de la tetera y el estilo de las teteras tradicionales de arcilla morada, sino que tambi\u00e9n ayuda a ahorrar costes de personalizaci\u00f3n y tiempo en cierta medida.<\/p>\n<\/div>\n\n\n\n<div class=\"wp-block-column is-vertically-aligned-center is-layout-flow wp-block-column-is-layout-flow\">\n<figure class=\"wp-block-image size-full\"><img alt=\"\" decoding=\"async\" width=\"800\" height=\"800\" src=\"https:\/\/www.usborkeychain.com\/wp-content\/uploads\/Ceramic-Tea-USB-flash-drive.jpg\" class=\"wp-image-4592\" srcset=\"https:\/\/www.usborkeychain.com\/wp-content\/uploads\/Ceramic-Tea-USB-flash-drive.jpg 800w, https:\/\/www.usborkeychain.com\/wp-content\/uploads\/Ceramic-Tea-USB-flash-drive-300x300.jpg 300w, https:\/\/www.usborkeychain.com\/wp-content\/uploads\/Ceramic-Tea-USB-flash-drive-150x150.jpg 150w, https:\/\/www.usborkeychain.com\/wp-content\/uploads\/Ceramic-Tea-USB-flash-drive-768x768.jpg 768w, https:\/\/www.usborkeychain.com\/wp-content\/uploads\/Ceramic-Tea-USB-flash-drive-12x12.jpg 12w, https:\/\/www.usborkeychain.com\/wp-content\/uploads\/Ceramic-Tea-USB-flash-drive-600x600.jpg 600w, https:\/\/www.usborkeychain.com\/wp-content\/uploads\/Ceramic-Tea-USB-flash-drive-100x100.jpg 100w\" sizes=\"(max-width: 800px) 100vw, 800px\" \/><\/figure>\n<\/div>\n<\/div>\n\n\n\n<h2 class=\"wp-block-heading\">\u00bfQu\u00e9 empresas pueden utilizar la memoria USB Tetera de PVC como regalo?<\/h2>\n\n\n\n<div class=\"wp-block-columns is-layout-flex wp-container-core-columns-is-layout-28f84493 wp-block-columns-is-layout-flex\">\n<div class=\"wp-block-column is-vertically-aligned-center is-layout-flow wp-block-column-is-layout-flow\">\n<figure class=\"wp-block-image size-full\"><img alt=\"\" decoding=\"async\" width=\"800\" height=\"800\" src=\"https:\/\/www.usborkeychain.com\/wp-content\/uploads\/Tea-Pot-USB-flash-Drive.png\" class=\"wp-image-4596\" srcset=\"https:\/\/www.usborkeychain.com\/wp-content\/uploads\/Tea-Pot-USB-flash-Drive.png 800w, https:\/\/www.usborkeychain.com\/wp-content\/uploads\/Tea-Pot-USB-flash-Drive-300x300.png 300w, https:\/\/www.usborkeychain.com\/wp-content\/uploads\/Tea-Pot-USB-flash-Drive-150x150.png 150w, https:\/\/www.usborkeychain.com\/wp-content\/uploads\/Tea-Pot-USB-flash-Drive-768x768.png 768w, https:\/\/www.usborkeychain.com\/wp-content\/uploads\/Tea-Pot-USB-flash-Drive-12x12.png 12w, https:\/\/www.usborkeychain.com\/wp-content\/uploads\/Tea-Pot-USB-flash-Drive-600x600.png 600w, https:\/\/www.usborkeychain.com\/wp-content\/uploads\/Tea-Pot-USB-flash-Drive-100x100.png 100w\" sizes=\"(max-width: 800px) 100vw, 800px\" \/><\/figure>\n<\/div>\n\n\n\n<div class=\"wp-block-column is-vertically-aligned-center is-layout-flow wp-block-column-is-layout-flow\">\n<ul class=\"wp-block-list\">\n<li><strong>T\u00e9 - empresas relacionadas<\/strong>: Las empresas tradicionales de t\u00e9, como Zhengxingde y Wuyutai, pueden utilizarlo como regalo para promocionar nuevos productos.<\/li>\n\n\n\n<li><strong>Vendedores de juegos de t\u00e9<\/strong>: Empresas que venden teteras de arcilla morada, juegos de t\u00e9, etc.<\/li>\n\n\n\n<li><strong>Instituciones de formaci\u00f3n sobre la cultura del t\u00e9<\/strong>: Se utilizan como regalos de graduaci\u00f3n para estudiantes o para promociones de cursos.<\/li>\n\n\n\n<li><strong>T\u00e9 - Empresas culturales y creativas tem\u00e1ticas<\/strong>: Como uno de los principales productos culturales y creativos, puede combinarse con cuadernos tem\u00e1ticos de t\u00e9, marcap\u00e1ginas, etc. para formar cajas de regalo culturales y creativas.<\/li>\n<\/ul>\n<\/div>\n<\/div>\n\n\n\n<h2 class=\"wp-block-heading\"><\/h2>\n\n\n\n<p><\/p>\n\n\n\n<div class=\"wp-block-columns is-layout-flex wp-container-core-columns-is-layout-28f84493 wp-block-columns-is-layout-flex\">\n<div class=\"wp-block-column is-vertically-aligned-center is-layout-flow wp-block-column-is-layout-flow\">\n<figure class=\"wp-block-image size-full\"><img alt=\"\" loading=\"lazy\" decoding=\"async\" width=\"800\" height=\"800\" src=\"https:\/\/www.usborkeychain.com\/wp-content\/uploads\/TeaPOTronic-USB-flash-drive.jpg\" class=\"wp-image-4597\" srcset=\"https:\/\/www.usborkeychain.com\/wp-content\/uploads\/TeaPOTronic-USB-flash-drive.jpg 800w, https:\/\/www.usborkeychain.com\/wp-content\/uploads\/TeaPOTronic-USB-flash-drive-300x300.jpg 300w, https:\/\/www.usborkeychain.com\/wp-content\/uploads\/TeaPOTronic-USB-flash-drive-150x150.jpg 150w, https:\/\/www.usborkeychain.com\/wp-content\/uploads\/TeaPOTronic-USB-flash-drive-768x768.jpg 768w, https:\/\/www.usborkeychain.com\/wp-content\/uploads\/TeaPOTronic-USB-flash-drive-12x12.jpg 12w, https:\/\/www.usborkeychain.com\/wp-content\/uploads\/TeaPOTronic-USB-flash-drive-600x600.jpg 600w, https:\/\/www.usborkeychain.com\/wp-content\/uploads\/TeaPOTronic-USB-flash-drive-100x100.jpg 100w\" sizes=\"(max-width: 800px) 100vw, 800px\" \/><\/figure>\n<\/div>\n\n\n\n<div class=\"wp-block-column is-vertically-aligned-center is-layout-flow wp-block-column-is-layout-flow\">\n<figure class=\"wp-block-image size-full\"><img alt=\"\" loading=\"lazy\" decoding=\"async\" width=\"800\" height=\"800\" src=\"https:\/\/www.usborkeychain.com\/wp-content\/uploads\/Tea-Kettle-USB-Flash-drive.png\" class=\"wp-image-4595\" srcset=\"https:\/\/www.usborkeychain.com\/wp-content\/uploads\/Tea-Kettle-USB-Flash-drive.png 800w, https:\/\/www.usborkeychain.com\/wp-content\/uploads\/Tea-Kettle-USB-Flash-drive-300x300.png 300w, https:\/\/www.usborkeychain.com\/wp-content\/uploads\/Tea-Kettle-USB-Flash-drive-150x150.png 150w, https:\/\/www.usborkeychain.com\/wp-content\/uploads\/Tea-Kettle-USB-Flash-drive-768x768.png 768w, https:\/\/www.usborkeychain.com\/wp-content\/uploads\/Tea-Kettle-USB-Flash-drive-12x12.png 12w, https:\/\/www.usborkeychain.com\/wp-content\/uploads\/Tea-Kettle-USB-Flash-drive-600x600.png 600w, https:\/\/www.usborkeychain.com\/wp-content\/uploads\/Tea-Kettle-USB-Flash-drive-100x100.png 100w\" sizes=\"(max-width: 800px) 100vw, 800px\" \/><\/figure>\n<\/div>\n<\/div>","protected":false},"excerpt":{"rendered":"<ul>\n<li>En forma de tetera<\/li>\n<li>Material de PVC<\/li>\n<li>Compatible con sistemas Windows, Mac y Linux<\/li>\n<li>logotipo impreso<\/li>\n<li>MOQ:100PCS<\/li>\n<\/ul>","protected":false},"featured_media":4593,"comment_status":"open","ping_status":"closed","template":"","meta":{"_seopress_robots_primary_cat":"","_seopress_titles_title":"","_seopress_titles_desc":"","_seopress_robots_index":"","site-sidebar-layout":"default","site-content-layout":"","ast-site-content-layout":"","site-content-style":"default","site-sidebar-style":"default","ast-global-header-display":"","ast-banner-title-visibility":"","ast-main-header-display":"","ast-hfb-above-header-display":"","ast-hfb-below-header-display":"","ast-hfb-mobile-header-display":"","site-post-title":"","ast-breadcrumbs-content":"","ast-featured-img":"","footer-sml-layout":"","theme-transparent-header-meta":"","adv-header-id-meta":"","stick-header-meta":"","header-above-stick-meta":"","header-main-stick-meta":"","header-below-stick-meta":"","astra-migrate-meta-layouts":"default","ast-page-background-enabled":"default","ast-page-background-meta":{"desktop":{"background-color":"var(--ast-global-color-5)","background-image":"","background-repeat":"repeat","background-position":"center center","background-size":"auto","background-attachment":"scroll","background-type":"","background-media":"","overlay-type":"","overlay-color":"","overlay-opacity":"","overlay-gradient":""},"tablet":{"background-color":"","background-image":"","background-repeat":"repeat","background-position":"center center","background-size":"auto","background-attachment":"scroll","background-type":"","background-media":"","overlay-type":"","overlay-color":"","overlay-opacity":"","overlay-gradient":""},"mobile":{"background-color":"","background-image":"","background-repeat":"repeat","background-position":"center center","background-size":"auto","background-attachment":"scroll","background-type":"","background-media":"","overlay-type":"","overlay-color":"","overlay-opacity":"","overlay-gradient":""}},"ast-content-background-meta":{"desktop":{"background-color":"var(--ast-global-color-4)","background-image":"","background-repeat":"repeat","background-position":"center center","background-size":"auto","background-attachment":"scroll","background-type":"","background-media":"","overlay-type":"","overlay-color":"","overlay-opacity":"","overlay-gradient":""},"tablet":{"background-color":"var(--ast-global-color-4)","background-image":"","background-repeat":"repeat","background-position":"center center","background-size":"auto","background-attachment":"scroll","background-type":"","background-media":"","overlay-type":"","overlay-color":"","overlay-opacity":"","overlay-gradient":""},"mobile":{"background-color":"var(--ast-global-color-4)","background-image":"","background-repeat":"repeat","background-position":"center center","background-size":"auto","background-attachment":"scroll","background-type":"","background-media":"","overlay-type":"","overlay-color":"","overlay-opacity":"","overlay-gradient":""}}},"product_brand":[],"product_cat":[],"product_tag":[277,248],"class_list":{"0":"post-4589","1":"product","2":"type-product","3":"status-publish","4":"has-post-thumbnail","6":"product_tag-pvc-teapot-shaped-usb-flash-drive-2","7":"product_tag-pvc-usb-flash-drive","8":"desktop-align-left","9":"tablet-align-left","10":"mobile-align-left","12":"first","13":"instock","14":"shipping-taxable","15":"product-type-simple"},"_links":{"self":[{"href":"https:\/\/www.usborkeychain.com\/es\/wp-json\/wp\/v2\/product\/4589","targetHints":{"allow":["GET"]}}],"collection":[{"href":"https:\/\/www.usborkeychain.com\/es\/wp-json\/wp\/v2\/product"}],"about":[{"href":"https:\/\/www.usborkeychain.com\/es\/wp-json\/wp\/v2\/types\/product"}],"replies":[{"embeddable":true,"href":"https:\/\/www.usborkeychain.com\/es\/wp-json\/wp\/v2\/comments?post=4589"}],"wp:featuredmedia":[{"embeddable":true,"href":"https:\/\/www.usborkeychain.com\/es\/wp-json\/wp\/v2\/media\/4593"}],"wp:attachment":[{"href":"https:\/\/www.usborkeychain.com\/es\/wp-json\/wp\/v2\/media?parent=4589"}],"wp:term":[{"taxonomy":"product_brand","embeddable":true,"href":"https:\/\/www.usborkeychain.com\/es\/wp-json\/wp\/v2\/product_brand?post=4589"},{"taxonomy":"product_cat","embeddable":true,"href":"https:\/\/www.usborkeychain.com\/es\/wp-json\/wp\/v2\/product_cat?post=4589"},{"taxonomy":"product_tag","embeddable":true,"href":"https:\/\/www.usborkeychain.com\/es\/wp-json\/wp\/v2\/product_tag?post=4589"}],"curies":[{"name":"wp","href":"https:\/\/api.w.org\/{rel}","templated":true}]}}