{"id":4610,"date":"2025-07-25T15:41:42","date_gmt":"2025-07-25T15:41:42","guid":{"rendered":"https:\/\/www.usborkeychain.com\/?post_type=product&#038;p=4610"},"modified":"2025-07-26T00:30:35","modified_gmt":"2025-07-26T00:30:35","slug":"retro-cassette-tape-shaped-usb-flash-drive","status":"publish","type":"product","link":"https:\/\/www.usborkeychain.com\/es\/producto\/retro-cassette-tape-shaped-usb-flash-drive\/","title":{"rendered":"Memorias USB transparentes en forma de cinta"},"content":{"rendered":"<div class=\"wp-block-columns is-layout-flex wp-container-core-columns-is-layout-28f84493 wp-block-columns-is-layout-flex\">\n<div class=\"wp-block-column is-vertically-aligned-center is-layout-flow wp-block-column-is-layout-flow\">\n<figure class=\"wp-block-image size-full\"><img alt=\"\" fetchpriority=\"high\" decoding=\"async\" width=\"800\" height=\"800\" src=\"https:\/\/www.usborkeychain.com\/wp-content\/uploads\/Mix-Tape-USB-flash-drive.jpg\" class=\"wp-image-4614\" srcset=\"https:\/\/www.usborkeychain.com\/wp-content\/uploads\/Mix-Tape-USB-flash-drive.jpg 800w, https:\/\/www.usborkeychain.com\/wp-content\/uploads\/Mix-Tape-USB-flash-drive-300x300.jpg 300w, https:\/\/www.usborkeychain.com\/wp-content\/uploads\/Mix-Tape-USB-flash-drive-150x150.jpg 150w, https:\/\/www.usborkeychain.com\/wp-content\/uploads\/Mix-Tape-USB-flash-drive-768x768.jpg 768w, https:\/\/www.usborkeychain.com\/wp-content\/uploads\/Mix-Tape-USB-flash-drive-12x12.jpg 12w, https:\/\/www.usborkeychain.com\/wp-content\/uploads\/Mix-Tape-USB-flash-drive-600x600.jpg 600w, https:\/\/www.usborkeychain.com\/wp-content\/uploads\/Mix-Tape-USB-flash-drive-100x100.jpg 100w\" sizes=\"(max-width: 800px) 100vw, 800px\" \/><\/figure>\n<\/div>\n\n\n\n<div class=\"wp-block-column is-vertically-aligned-center is-layout-flow wp-block-column-is-layout-flow\">\n<p>En <strong>cinta de casete retro - unidad flash USB con forma<\/strong> es de alta - <strong>ABS de calidad + PC materiales resistentes al fuego<\/strong>. Es duradero y ligero, resiste eficazmente las ca\u00eddas y la abrasi\u00f3n, y no se da\u00f1a f\u00e1cilmente incluso tras un almacenamiento prolongado.<\/p>\n\n\n\n<p> Lo m\u00e1s destacado de su dise\u00f1o es que reproduce con precisi\u00f3n 1:1 el aspecto de las antiguas cintas de casete. Desde la forma del cuerpo del casete hasta la estructura del compartimento de la cinta, pasando por etiquetas cl\u00e1sicas como \"MIX TAPE\", todos los detalles se han restaurado para evocar al instante los recuerdos nost\u00e1lgicos de la generaci\u00f3n de los 70 y 80 sobre los walkman de casete y las tiendas de audio callejeras.<\/p>\n\n\n\n<p>Lo m\u00e1s ingenioso es que incorpora una interfaz USB giratoria 180\u00b0 (con un eje de aleaci\u00f3n de zinc y una vida \u00fatil de rotaci\u00f3n de \u2265100.000 veces). La interfaz USB de la unidad USB est\u00e1 oculta en un lado del cuerpo del casete. Cuando se gira y se abre, se puede conectar f\u00e1cilmente a dispositivos, y cuando se cierra, vuelve perfectamente a la forma de una cinta de casete. Combina practicidad y diversi\u00f3n, y el ambiente retro es sobrecogedor cuando juegas con \u00e9l.<\/p>\n<\/div>\n<\/div>\n\n\n\n<h2 class=\"wp-block-heading\">Par\u00e1metros de la unidad USB<\/h2>\n\n\n\n<figure class=\"wp-block-table\"><table class=\"has-fixed-layout\"><thead><tr><th>Categor\u00eda de par\u00e1metros<\/th><th>Detalles<\/th><\/tr><\/thead><tbody><tr><td>Capacidad de almacenamiento<\/td><td>8GB, 16GB, 32GB, 64GB, 128GB<\/td><\/tr><tr><td>Tipo de interfaz<\/td><td>USB 2.0\/USB 3.0<\/td><\/tr><tr><td>Dimensiones (longitud \u00d7 anchura \u00d7 grosor)<\/td><td>Aproximadamente 100mm\u00d764mm\u00d712mm<\/td><\/tr><tr><td>Peso<\/td><td>Aproximadamente 25 - 35 gramos<\/td><\/tr><\/tbody><\/table><\/figure>\n\n\n\n<h2 class=\"wp-block-heading\">\u00bfSe pueden imprimir logotipos en la unidad USB con forma de cinta de casete retro?<\/h2>\n\n\n\n<div class=\"wp-block-columns is-layout-flex wp-container-core-columns-is-layout-28f84493 wp-block-columns-is-layout-flex\">\n<div class=\"wp-block-column is-vertically-aligned-center is-layout-flow wp-block-column-is-layout-flow\">\n<p>Los logotipos pueden imprimirse en la superficie del cuerpo del casete. Zonas como la parte delantera, la trasera y los laterales son excelentes \u00e1reas de impresi\u00f3n. En particular, al lado de \"MIX TAPE\" en la parte delantera y el espacio en blanco en la parte trasera se puede mostrar claramente el logotipo de la marca, reforzando el reconocimiento visual.<\/p>\n\n\n\n<h3 class=\"wp-block-heading\">Procesos de impresi\u00f3n<\/h3>\n\n\n\n<ul class=\"wp-block-list\">\n<li>Impresi\u00f3n serigr\u00e1fica: Adecuada para logotipos monocolor o multicolor sencillos.<\/li>\n\n\n\n<li>Proceso de impresi\u00f3n UV.<\/li>\n\n\n\n<li>Impresi\u00f3n por transferencia t\u00e9rmica: Adecuado para patrones complejos y gradiente - logotipos de color.<\/li>\n<\/ul>\n<\/div>\n\n\n\n<div class=\"wp-block-column is-vertically-aligned-center is-layout-flow wp-block-column-is-layout-flow\">\n<figure class=\"wp-block-image size-full\"><img alt=\"\" decoding=\"async\" width=\"800\" height=\"800\" src=\"https:\/\/www.usborkeychain.com\/wp-content\/uploads\/Tape-USB-Flash-Drive.jpg\" class=\"wp-image-4616\" srcset=\"https:\/\/www.usborkeychain.com\/wp-content\/uploads\/Tape-USB-Flash-Drive.jpg 800w, https:\/\/www.usborkeychain.com\/wp-content\/uploads\/Tape-USB-Flash-Drive-300x300.jpg 300w, https:\/\/www.usborkeychain.com\/wp-content\/uploads\/Tape-USB-Flash-Drive-150x150.jpg 150w, https:\/\/www.usborkeychain.com\/wp-content\/uploads\/Tape-USB-Flash-Drive-768x768.jpg 768w, https:\/\/www.usborkeychain.com\/wp-content\/uploads\/Tape-USB-Flash-Drive-12x12.jpg 12w, https:\/\/www.usborkeychain.com\/wp-content\/uploads\/Tape-USB-Flash-Drive-600x600.jpg 600w, https:\/\/www.usborkeychain.com\/wp-content\/uploads\/Tape-USB-Flash-Drive-100x100.jpg 100w\" sizes=\"(max-width: 800px) 100vw, 800px\" \/><\/figure>\n<\/div>\n<\/div>\n\n\n\n<h2 class=\"wp-block-heading\">\u00bfQu\u00e9 capacidades tienen las unidades USB con forma de cinta de casete?<\/h2>\n\n\n\n<div class=\"wp-block-columns is-layout-flex wp-container-core-columns-is-layout-28f84493 wp-block-columns-is-layout-flex\">\n<div class=\"wp-block-column is-vertically-aligned-center is-layout-flow wp-block-column-is-layout-flow\">\n<figure class=\"wp-block-image size-full\"><img alt=\"\" decoding=\"async\" width=\"800\" height=\"800\" src=\"https:\/\/www.usborkeychain.com\/wp-content\/uploads\/Cassette-USB-flash-drive.jpg\" class=\"wp-image-4613\" srcset=\"https:\/\/www.usborkeychain.com\/wp-content\/uploads\/Cassette-USB-flash-drive.jpg 800w, https:\/\/www.usborkeychain.com\/wp-content\/uploads\/Cassette-USB-flash-drive-300x300.jpg 300w, https:\/\/www.usborkeychain.com\/wp-content\/uploads\/Cassette-USB-flash-drive-150x150.jpg 150w, https:\/\/www.usborkeychain.com\/wp-content\/uploads\/Cassette-USB-flash-drive-768x768.jpg 768w, https:\/\/www.usborkeychain.com\/wp-content\/uploads\/Cassette-USB-flash-drive-12x12.jpg 12w, https:\/\/www.usborkeychain.com\/wp-content\/uploads\/Cassette-USB-flash-drive-600x600.jpg 600w, https:\/\/www.usborkeychain.com\/wp-content\/uploads\/Cassette-USB-flash-drive-100x100.jpg 100w\" sizes=\"(max-width: 800px) 100vw, 800px\" \/><\/figure>\n<\/div>\n\n\n\n<div class=\"wp-block-column is-vertically-aligned-center is-layout-flow wp-block-column-is-layout-flow\">\n<p>En <strong>capacidad de almacenamiento de la unidad USB con forma de cinta de casete retro<\/strong> pueden oscilar entre 8 GB y 128 GB. Algunos fabricantes tambi\u00e9n admiten capacidades superiores a medida (como 256 GB). En el uso diario, una unidad USB de 8 GB puede almacenar aproximadamente 2.000 canciones en formato MP3 y 4.000 fotos de alta definici\u00f3n; una unidad USB de 64 GB puede almacenar 16.000 canciones o 20.000 fotos, as\u00ed como un gran n\u00famero de documentos y v\u00eddeos, satisfaciendo plenamente las necesidades de las colecciones personales de m\u00fasica nost\u00e1lgica, el almacenamiento de contenidos culturales y creativos, o la distribuci\u00f3n de materiales de promoci\u00f3n de marcas corporativas.<\/p>\n<\/div>\n<\/div>\n\n\n\n<h2 class=\"wp-block-heading\">\u00bfEn qu\u00e9 campos se aplica la unidad USB con forma de cinta de casete retro?<\/h2>\n\n\n\n<div class=\"wp-block-columns is-layout-flex wp-container-core-columns-is-layout-28f84493 wp-block-columns-is-layout-flex\">\n<div class=\"wp-block-column is-vertically-aligned-center is-layout-flow wp-block-column-is-layout-flow\">\n<ul class=\"wp-block-list\">\n<li>Tiendas culturales y creativas retro: Como producto cultural y creativo de tem\u00e1tica nost\u00e1lgica, se vende en combinaci\u00f3n con marcap\u00e1ginas con forma de casete, modelos retro de Walkman, etc.<\/li>\n\n\n\n<li>Marcas de dise\u00f1adores independientes: Los dise\u00f1adores pueden personalizar logotipos y patrones tem\u00e1ticos exclusivos.<\/li>\n\n\n\n<li>Nost\u00e1lgicos - Restaurantes\/Bares tem\u00e1ticos.<\/li>\n\n\n\n<li>Eventos de actuaciones musicales: Organizadores de festivales de m\u00fasica y conciertos retro.<\/li>\n\n\n\n<li>Empresas de producci\u00f3n musical\/tiendas de discos.<\/li>\n\n\n\n<li>Marketing de marca de estilo retro: Por ejemplo, marcas de ropa y muebles para el hogar que se centran en un estilo retro.<\/li>\n<\/ul>\n<\/div>\n\n\n\n<div class=\"wp-block-column is-vertically-aligned-center is-layout-flow wp-block-column-is-layout-flow\">\n<figure class=\"wp-block-image size-full\"><img alt=\"\" loading=\"lazy\" decoding=\"async\" width=\"800\" height=\"800\" src=\"https:\/\/www.usborkeychain.com\/wp-content\/uploads\/Vintage-Mix-USB-flash-drive.jpg\" class=\"wp-image-4617\" srcset=\"https:\/\/www.usborkeychain.com\/wp-content\/uploads\/Vintage-Mix-USB-flash-drive.jpg 800w, https:\/\/www.usborkeychain.com\/wp-content\/uploads\/Vintage-Mix-USB-flash-drive-300x300.jpg 300w, https:\/\/www.usborkeychain.com\/wp-content\/uploads\/Vintage-Mix-USB-flash-drive-150x150.jpg 150w, https:\/\/www.usborkeychain.com\/wp-content\/uploads\/Vintage-Mix-USB-flash-drive-768x768.jpg 768w, https:\/\/www.usborkeychain.com\/wp-content\/uploads\/Vintage-Mix-USB-flash-drive-12x12.jpg 12w, https:\/\/www.usborkeychain.com\/wp-content\/uploads\/Vintage-Mix-USB-flash-drive-600x600.jpg 600w, https:\/\/www.usborkeychain.com\/wp-content\/uploads\/Vintage-Mix-USB-flash-drive-100x100.jpg 100w\" sizes=\"(max-width: 800px) 100vw, 800px\" \/><\/figure>\n<\/div>\n<\/div>\n\n\n\n<div class=\"wp-block-columns is-layout-flex wp-container-core-columns-is-layout-28f84493 wp-block-columns-is-layout-flex\">\n<div class=\"wp-block-column is-vertically-aligned-center is-layout-flow wp-block-column-is-layout-flow\">\n<figure class=\"wp-block-image size-full\"><img alt=\"\" loading=\"lazy\" decoding=\"async\" width=\"800\" height=\"800\" src=\"https:\/\/www.usborkeychain.com\/wp-content\/uploads\/RetroTape-USB-flash-Drive.jpg\" class=\"wp-image-4615\" srcset=\"https:\/\/www.usborkeychain.com\/wp-content\/uploads\/RetroTape-USB-flash-Drive.jpg 800w, https:\/\/www.usborkeychain.com\/wp-content\/uploads\/RetroTape-USB-flash-Drive-300x300.jpg 300w, https:\/\/www.usborkeychain.com\/wp-content\/uploads\/RetroTape-USB-flash-Drive-150x150.jpg 150w, https:\/\/www.usborkeychain.com\/wp-content\/uploads\/RetroTape-USB-flash-Drive-768x768.jpg 768w, https:\/\/www.usborkeychain.com\/wp-content\/uploads\/RetroTape-USB-flash-Drive-12x12.jpg 12w, https:\/\/www.usborkeychain.com\/wp-content\/uploads\/RetroTape-USB-flash-Drive-600x600.jpg 600w, https:\/\/www.usborkeychain.com\/wp-content\/uploads\/RetroTape-USB-flash-Drive-100x100.jpg 100w\" sizes=\"(max-width: 800px) 100vw, 800px\" \/><\/figure>\n<\/div>\n\n\n\n<div class=\"wp-block-column is-vertically-aligned-center is-layout-flow wp-block-column-is-layout-flow\">\n<p>Basado en <strong>Materiales ABS<\/strong>La unidad USB con forma de cinta de casete retro reproduce a escala 1:1 el aspecto de una cinta de casete y tiene un dise\u00f1o con rotaci\u00f3n de 180 grados. Despierta con precisi\u00f3n los sentimientos nost\u00e1lgicos de la generaci\u00f3n de los 70 y 80 y tambi\u00e9n se ajusta a la tendencia retro actual. Sus ricos par\u00e1metros cubren diversas necesidades de almacenamiento, y admite la personalizaci\u00f3n de logotipos y m\u00faltiples procesos de impresi\u00f3n, lo que lo hace adecuado para m\u00faltiples campos, desde el comercio minorista cultural y creativo hasta la restauraci\u00f3n y la promoci\u00f3n corporativa. Tanto si se utiliza para almacenar m\u00fasica nost\u00e1lgica, transmitir historias de marca o como regalo creativo, combina h\u00e1bilmente el sentimiento retro y la tecnolog\u00eda moderna, convirti\u00e9ndose en un art\u00edculo digital \u00fanico con valor pr\u00e1ctico y emocional.<\/p>\n<\/div>\n<\/div>","protected":false},"excerpt":{"rendered":"<ul>\n<li>ABS + PC materiales resistentes al fuego<\/li>\n<li>Cinta de casete retro - con forma<\/li>\n<li>Logotipo<\/li>\n<li>Dise\u00f1o con rotaci\u00f3n de 180 grados<\/li>\n<li>MOQ:100PCS<\/li>\n<\/ul>","protected":false},"featured_media":4616,"comment_status":"open","ping_status":"closed","template":"","meta":{"_seopress_robots_primary_cat":"none","_seopress_titles_title":"","_seopress_titles_desc":"","_seopress_robots_index":"","site-sidebar-layout":"default","site-content-layout":"","ast-site-content-layout":"","site-content-style":"default","site-sidebar-style":"default","ast-global-header-display":"","ast-banner-title-visibility":"","ast-main-header-display":"","ast-hfb-above-header-display":"","ast-hfb-below-header-display":"","ast-hfb-mobile-header-display":"","site-post-title":"","ast-breadcrumbs-content":"","ast-featured-img":"","footer-sml-layout":"","theme-transparent-header-meta":"","adv-header-id-meta":"","stick-header-meta":"","header-above-stick-meta":"","header-main-stick-meta":"","header-below-stick-meta":"","astra-migrate-meta-layouts":"default","ast-page-background-enabled":"default","ast-page-background-meta":{"desktop":{"background-color":"var(--ast-global-color-5)","background-image":"","background-repeat":"repeat","background-position":"center center","background-size":"auto","background-attachment":"scroll","background-type":"","background-media":"","overlay-type":"","overlay-color":"","overlay-opacity":"","overlay-gradient":""},"tablet":{"background-color":"","background-image":"","background-repeat":"repeat","background-position":"center center","background-size":"auto","background-attachment":"scroll","background-type":"","background-media":"","overlay-type":"","overlay-color":"","overlay-opacity":"","overlay-gradient":""},"mobile":{"background-color":"","background-image":"","background-repeat":"repeat","background-position":"center center","background-size":"auto","background-attachment":"scroll","background-type":"","background-media":"","overlay-type":"","overlay-color":"","overlay-opacity":"","overlay-gradient":""}},"ast-content-background-meta":{"desktop":{"background-color":"var(--ast-global-color-4)","background-image":"","background-repeat":"repeat","background-position":"center center","background-size":"auto","background-attachment":"scroll","background-type":"","background-media":"","overlay-type":"","overlay-color":"","overlay-opacity":"","overlay-gradient":""},"tablet":{"background-color":"var(--ast-global-color-4)","background-image":"","background-repeat":"repeat","background-position":"center center","background-size":"auto","background-attachment":"scroll","background-type":"","background-media":"","overlay-type":"","overlay-color":"","overlay-opacity":"","overlay-gradient":""},"mobile":{"background-color":"var(--ast-global-color-4)","background-image":"","background-repeat":"repeat","background-position":"center center","background-size":"auto","background-attachment":"scroll","background-type":"","background-media":"","overlay-type":"","overlay-color":"","overlay-opacity":"","overlay-gradient":""}}},"product_brand":[],"product_cat":[92],"product_tag":[280],"class_list":{"0":"post-4610","1":"product","2":"type-product","3":"status-publish","4":"has-post-thumbnail","6":"product_cat-plastic-usb-pendrive","7":"product_tag-transparent-usb-flash-drives","8":"desktop-align-left","9":"tablet-align-left","10":"mobile-align-left","12":"first","13":"instock","14":"shipping-taxable","15":"product-type-simple"},"_links":{"self":[{"href":"https:\/\/www.usborkeychain.com\/es\/wp-json\/wp\/v2\/product\/4610","targetHints":{"allow":["GET"]}}],"collection":[{"href":"https:\/\/www.usborkeychain.com\/es\/wp-json\/wp\/v2\/product"}],"about":[{"href":"https:\/\/www.usborkeychain.com\/es\/wp-json\/wp\/v2\/types\/product"}],"replies":[{"embeddable":true,"href":"https:\/\/www.usborkeychain.com\/es\/wp-json\/wp\/v2\/comments?post=4610"}],"wp:featuredmedia":[{"embeddable":true,"href":"https:\/\/www.usborkeychain.com\/es\/wp-json\/wp\/v2\/media\/4616"}],"wp:attachment":[{"href":"https:\/\/www.usborkeychain.com\/es\/wp-json\/wp\/v2\/media?parent=4610"}],"wp:term":[{"taxonomy":"product_brand","embeddable":true,"href":"https:\/\/www.usborkeychain.com\/es\/wp-json\/wp\/v2\/product_brand?post=4610"},{"taxonomy":"product_cat","embeddable":true,"href":"https:\/\/www.usborkeychain.com\/es\/wp-json\/wp\/v2\/product_cat?post=4610"},{"taxonomy":"product_tag","embeddable":true,"href":"https:\/\/www.usborkeychain.com\/es\/wp-json\/wp\/v2\/product_tag?post=4610"}],"curies":[{"name":"wp","href":"https:\/\/api.w.org\/{rel}","templated":true}]}}