{"id":4630,"date":"2025-07-26T01:35:00","date_gmt":"2025-07-26T01:35:00","guid":{"rendered":"https:\/\/www.usborkeychain.com\/?post_type=product&#038;p=4630"},"modified":"2025-07-26T06:31:43","modified_gmt":"2025-07-26T06:31:43","slug":"metal-carabiner-usb-flash-drive","status":"publish","type":"product","link":"https:\/\/www.usborkeychain.com\/es\/producto\/metal-carabiner-usb-flash-drive\/","title":{"rendered":"Memoria USB con mosquet\u00f3n met\u00e1lico"},"content":{"rendered":"<div class=\"wp-block-columns is-layout-flex wp-container-core-columns-is-layout-28f84493 wp-block-columns-is-layout-flex\">\n<div class=\"wp-block-column is-vertically-aligned-center is-layout-flow wp-block-column-is-layout-flow\">\n<p>En <strong>mosquet\u00f3n met\u00e1lico memoria USB<\/strong> est\u00e1 hecho principalmente de metal, que es resistente y duradero, y puede soportar peque\u00f1os choques y apretones en entornos exteriores.<\/p>\n\n\n\n<p>El dise\u00f1o general es redondo y ligero, sin bordes ni esquinas afiladas. Se adapta c\u00f3modamente a la mano y es menos probable que raye otros objetos cuando se cuelga de mochilas o llaveros.<\/p>\n\n\n\n<p>La emblem\u00e1tica forma del mosquet\u00f3n se adapta perfectamente a las actividades al aire libre. Al parecerse a una \"versi\u00f3n en miniatura\" del equipo profesional de escalada, es uno de los favoritos entre los alpinistas y los entusiastas de las actividades al aire libre. Se puede transportar f\u00e1cilmente con s\u00f3lo engancharlo.<\/p>\n<\/div>\n\n\n\n<div class=\"wp-block-column is-vertically-aligned-center is-layout-flow wp-block-column-is-layout-flow\">\n<figure class=\"wp-block-image size-full\"><img alt=\"\" fetchpriority=\"high\" decoding=\"async\" width=\"800\" height=\"800\" src=\"https:\/\/www.usborkeychain.com\/wp-content\/uploads\/Bank-Carabiner-USB-flash-drive.png\" class=\"wp-image-4633\" srcset=\"https:\/\/www.usborkeychain.com\/wp-content\/uploads\/Bank-Carabiner-USB-flash-drive.png 800w, https:\/\/www.usborkeychain.com\/wp-content\/uploads\/Bank-Carabiner-USB-flash-drive-300x300.png 300w, https:\/\/www.usborkeychain.com\/wp-content\/uploads\/Bank-Carabiner-USB-flash-drive-150x150.png 150w, https:\/\/www.usborkeychain.com\/wp-content\/uploads\/Bank-Carabiner-USB-flash-drive-768x768.png 768w, https:\/\/www.usborkeychain.com\/wp-content\/uploads\/Bank-Carabiner-USB-flash-drive-12x12.png 12w, https:\/\/www.usborkeychain.com\/wp-content\/uploads\/Bank-Carabiner-USB-flash-drive-600x600.png 600w, https:\/\/www.usborkeychain.com\/wp-content\/uploads\/Bank-Carabiner-USB-flash-drive-100x100.png 100w\" sizes=\"(max-width: 800px) 100vw, 800px\" \/><\/figure>\n<\/div>\n<\/div>\n\n\n\n<h2 class=\"wp-block-heading\">\u00bfAdmite la personalizaci\u00f3n del logotipo?<\/h2>\n\n\n\n<div class=\"wp-block-columns is-layout-flex wp-container-core-columns-is-layout-28f84493 wp-block-columns-is-layout-flex\">\n<div class=\"wp-block-column is-vertically-aligned-center is-layout-flow wp-block-column-is-layout-flow\">\n<figure class=\"wp-block-image size-full\"><img alt=\"\" decoding=\"async\" width=\"800\" height=\"800\" src=\"https:\/\/www.usborkeychain.com\/wp-content\/uploads\/MetalClip-USB-flash-drive-1.png\" class=\"wp-image-4637\" srcset=\"https:\/\/www.usborkeychain.com\/wp-content\/uploads\/MetalClip-USB-flash-drive-1.png 800w, https:\/\/www.usborkeychain.com\/wp-content\/uploads\/MetalClip-USB-flash-drive-1-300x300.png 300w, https:\/\/www.usborkeychain.com\/wp-content\/uploads\/MetalClip-USB-flash-drive-1-150x150.png 150w, https:\/\/www.usborkeychain.com\/wp-content\/uploads\/MetalClip-USB-flash-drive-1-768x768.png 768w, https:\/\/www.usborkeychain.com\/wp-content\/uploads\/MetalClip-USB-flash-drive-1-12x12.png 12w, https:\/\/www.usborkeychain.com\/wp-content\/uploads\/MetalClip-USB-flash-drive-1-600x600.png 600w, https:\/\/www.usborkeychain.com\/wp-content\/uploads\/MetalClip-USB-flash-drive-1-100x100.png 100w\" sizes=\"(max-width: 800px) 100vw, 800px\" \/><\/figure>\n<\/div>\n\n\n\n<div class=\"wp-block-column is-vertically-aligned-center is-layout-flow wp-block-column-is-layout-flow\">\n<p>En <strong>mosquet\u00f3n met\u00e1lico memoria USB<\/strong> admite la impresi\u00f3n de logotipos. Los procesos de impresi\u00f3n m\u00e1s habituales son el grabado por l\u00e1ser, la serigraf\u00eda y la impresi\u00f3n electrofor\u00e9tica. Los costes de cada proceso de impresi\u00f3n var\u00edan. <\/p>\n\n\n\n<p>Puede consultar a nuestros representantes comerciales en funci\u00f3n de sus necesidades espec\u00edficas.<\/p>\n<\/div>\n<\/div>\n\n\n\n<h3 class=\"wp-block-heading\">Par\u00e1metros de la memoria USB<\/h3>\n\n\n\n<figure class=\"wp-block-table\"><table class=\"has-fixed-layout\"><thead><tr><th>Categor\u00eda de par\u00e1metros<\/th><th>Contenido espec\u00edfico<\/th><\/tr><\/thead><tbody><tr><td>Tipo de interfaz<\/td><td>USB 2.0, USB 3.0, USB 3.1<\/td><\/tr><tr><td>Capacidad de almacenamiento<\/td><td>4GB, 8GB, 16GB, 32GB<\/td><\/tr><tr><td>Dimensiones del cuerpo principal met\u00e1lico (longitud\u00d7anchura\u00d7espesor)<\/td><td>75\u00d722\u00d79mm<\/td><\/tr><tr><td>Peso<\/td><td>18g<\/td><\/tr><\/tbody><\/table><\/figure>\n\n\n\n<h2 class=\"wp-block-heading\">\u00bfTiene funciones especiales de protecci\u00f3n?<\/h2>\n\n\n\n<div class=\"wp-block-columns is-layout-flex wp-container-core-columns-is-layout-28f84493 wp-block-columns-is-layout-flex\">\n<div class=\"wp-block-column is-vertically-aligned-center is-layout-flow wp-block-column-is-layout-flow\">\n<p>Algunos <strong>mosquet\u00f3n met\u00e1lico memorias USB<\/strong> son resistentes al agua y al polvo. Los huecos entre la interfaz y la carcasa met\u00e1lica est\u00e1n sellados para evitar en cierta medida la intrusi\u00f3n de l\u00edquidos y polvo cuando se expone a salpicaduras de lluvia o polvo exterior, protegiendo as\u00ed el chip de almacenamiento interno. Sin embargo, hay que tener en cuenta que el nivel de impermeabilidad suele ser para uso diario (como IPX4 - IPX6), no completamente sumergible. Cuando lo utilice, evite la exposici\u00f3n prolongada a una gran cantidad de agua o a un entorno polvoriento para proporcionar una capa adicional de protecci\u00f3n para el almacenamiento de datos en escenarios exteriores y dif\u00edciles.<\/p>\n<\/div>\n\n\n\n<div class=\"wp-block-column is-vertically-aligned-center is-layout-flow wp-block-column-is-layout-flow\">\n<figure class=\"wp-block-image size-full\"><img alt=\"\" decoding=\"async\" width=\"800\" height=\"800\" src=\"https:\/\/www.usborkeychain.com\/wp-content\/uploads\/BankClip-USB-flash-drive.png\" class=\"wp-image-4634\" srcset=\"https:\/\/www.usborkeychain.com\/wp-content\/uploads\/BankClip-USB-flash-drive.png 800w, https:\/\/www.usborkeychain.com\/wp-content\/uploads\/BankClip-USB-flash-drive-300x300.png 300w, https:\/\/www.usborkeychain.com\/wp-content\/uploads\/BankClip-USB-flash-drive-150x150.png 150w, https:\/\/www.usborkeychain.com\/wp-content\/uploads\/BankClip-USB-flash-drive-768x768.png 768w, https:\/\/www.usborkeychain.com\/wp-content\/uploads\/BankClip-USB-flash-drive-12x12.png 12w, https:\/\/www.usborkeychain.com\/wp-content\/uploads\/BankClip-USB-flash-drive-600x600.png 600w, https:\/\/www.usborkeychain.com\/wp-content\/uploads\/BankClip-USB-flash-drive-100x100.png 100w\" sizes=\"(max-width: 800px) 100vw, 800px\" \/><\/figure>\n<\/div>\n<\/div>\n\n\n\n<h2 class=\"wp-block-heading\">\u00bfQu\u00e9 empresas pueden utilizarlo?<\/h2>\n\n\n\n<div class=\"wp-block-columns is-layout-flex wp-container-core-columns-is-layout-28f84493 wp-block-columns-is-layout-flex\">\n<div class=\"wp-block-column is-vertically-aligned-center is-layout-flow wp-block-column-is-layout-flow\">\n<figure class=\"wp-block-image size-full\"><img alt=\"\" loading=\"lazy\" decoding=\"async\" width=\"800\" height=\"800\" src=\"https:\/\/www.usborkeychain.com\/wp-content\/uploads\/ProClip-USB-flash-drive.png\" class=\"wp-image-4639\" srcset=\"https:\/\/www.usborkeychain.com\/wp-content\/uploads\/ProClip-USB-flash-drive.png 800w, https:\/\/www.usborkeychain.com\/wp-content\/uploads\/ProClip-USB-flash-drive-300x300.png 300w, https:\/\/www.usborkeychain.com\/wp-content\/uploads\/ProClip-USB-flash-drive-150x150.png 150w, https:\/\/www.usborkeychain.com\/wp-content\/uploads\/ProClip-USB-flash-drive-768x768.png 768w, https:\/\/www.usborkeychain.com\/wp-content\/uploads\/ProClip-USB-flash-drive-12x12.png 12w, https:\/\/www.usborkeychain.com\/wp-content\/uploads\/ProClip-USB-flash-drive-600x600.png 600w, https:\/\/www.usborkeychain.com\/wp-content\/uploads\/ProClip-USB-flash-drive-100x100.png 100w\" sizes=\"(max-width: 800px) 100vw, 800px\" \/><\/figure>\n<\/div>\n\n\n\n<div class=\"wp-block-column is-vertically-aligned-center is-layout-flow wp-block-column-is-layout-flow\">\n<ul class=\"wp-block-list\">\n<li><strong>Industria financiera<\/strong>&nbsp;(Caso: personalizado por el Banco de China): Regalos para clientes VIP\/recuerdos para empleados.<\/li>\n\n\n\n<li><strong>Marcas de exterior<\/strong>: Juegos de material de monta\u00f1ismo\/recuerdos de eventos.<\/li>\n\n\n\n<li><strong>Escaladores<\/strong>: Comb\u00ednalo con un silbato de supervivencia para formar un kit de emergencia.<\/li>\n\n\n\n<li><strong>Empresarios<\/strong>: Cajas de regalo de empresa grabadas con l\u00e1ser.<\/li>\n\n\n\n<li><strong>Grupos de estudiantes<\/strong>: Graduaci\u00f3n - serie tem\u00e1tica (logotipo del departamento + nombre).<\/li>\n\n\n\n<li><strong>E - comercio Promociones<\/strong><\/li>\n<\/ul>\n<\/div>\n<\/div>\n\n\n\n<div class=\"wp-block-columns is-layout-flex wp-container-core-columns-is-layout-28f84493 wp-block-columns-is-layout-flex\">\n<div class=\"wp-block-column is-vertically-aligned-center is-layout-flow wp-block-column-is-layout-flow\">\n<p>En <strong>mosquet\u00f3n met\u00e1lico memoria USB<\/strong> combina la portabilidad al aire libre con la funcionalidad de almacenamiento. Con su robusto material met\u00e1lico, diversas opciones de personalizaci\u00f3n, claras especificaciones de rendimiento y ciertas capacidades de protecci\u00f3n, es una excelente opci\u00f3n para regalos corporativos personalizados, para uso propio por parte de entusiastas de las actividades al aire libre y para regalos personales. Garantiza un almacenamiento de datos fiable tanto en exploraciones al aire libre como en escenarios empresariales, siendo pr\u00e1ctica y distintiva.<\/p>\n<\/div>\n\n\n\n<div class=\"wp-block-column is-vertically-aligned-center is-layout-flow wp-block-column-is-layout-flow\">\n<figure class=\"wp-block-image size-full\"><img alt=\"\" loading=\"lazy\" decoding=\"async\" width=\"800\" height=\"800\" src=\"https:\/\/www.usborkeychain.com\/wp-content\/uploads\/BankHook-USB-flash-drive.png\" class=\"wp-image-4635\" srcset=\"https:\/\/www.usborkeychain.com\/wp-content\/uploads\/BankHook-USB-flash-drive.png 800w, https:\/\/www.usborkeychain.com\/wp-content\/uploads\/BankHook-USB-flash-drive-300x300.png 300w, https:\/\/www.usborkeychain.com\/wp-content\/uploads\/BankHook-USB-flash-drive-150x150.png 150w, https:\/\/www.usborkeychain.com\/wp-content\/uploads\/BankHook-USB-flash-drive-768x768.png 768w, https:\/\/www.usborkeychain.com\/wp-content\/uploads\/BankHook-USB-flash-drive-12x12.png 12w, https:\/\/www.usborkeychain.com\/wp-content\/uploads\/BankHook-USB-flash-drive-600x600.png 600w, https:\/\/www.usborkeychain.com\/wp-content\/uploads\/BankHook-USB-flash-drive-100x100.png 100w\" sizes=\"(max-width: 800px) 100vw, 800px\" \/><\/figure>\n<\/div>\n<\/div>","protected":false},"excerpt":{"rendered":"<ul>\n<li>Mosquet\u00f3n met\u00e1lico<\/li>\n<li>Llavero<\/li>\n<li>Logotipo impreso<\/li>\n<li>Apertura y cierre giratorios<\/li>\n<li>MOQ:100PCS<\/li>\n<\/ul>","protected":false},"featured_media":4633,"comment_status":"open","ping_status":"closed","template":"","meta":{"_seopress_robots_primary_cat":"","_seopress_titles_title":"","_seopress_titles_desc":"","_seopress_robots_index":"","site-sidebar-layout":"default","site-content-layout":"","ast-site-content-layout":"","site-content-style":"default","site-sidebar-style":"default","ast-global-header-display":"","ast-banner-title-visibility":"","ast-main-header-display":"","ast-hfb-above-header-display":"","ast-hfb-below-header-display":"","ast-hfb-mobile-header-display":"","site-post-title":"","ast-breadcrumbs-content":"","ast-featured-img":"","footer-sml-layout":"","theme-transparent-header-meta":"","adv-header-id-meta":"","stick-header-meta":"","header-above-stick-meta":"","header-main-stick-meta":"","header-below-stick-meta":"","astra-migrate-meta-layouts":"default","ast-page-background-enabled":"default","ast-page-background-meta":{"desktop":{"background-color":"var(--ast-global-color-5)","background-image":"","background-repeat":"repeat","background-position":"center center","background-size":"auto","background-attachment":"scroll","background-type":"","background-media":"","overlay-type":"","overlay-color":"","overlay-opacity":"","overlay-gradient":""},"tablet":{"background-color":"","background-image":"","background-repeat":"repeat","background-position":"center center","background-size":"auto","background-attachment":"scroll","background-type":"","background-media":"","overlay-type":"","overlay-color":"","overlay-opacity":"","overlay-gradient":""},"mobile":{"background-color":"","background-image":"","background-repeat":"repeat","background-position":"center center","background-size":"auto","background-attachment":"scroll","background-type":"","background-media":"","overlay-type":"","overlay-color":"","overlay-opacity":"","overlay-gradient":""}},"ast-content-background-meta":{"desktop":{"background-color":"var(--ast-global-color-4)","background-image":"","background-repeat":"repeat","background-position":"center center","background-size":"auto","background-attachment":"scroll","background-type":"","background-media":"","overlay-type":"","overlay-color":"","overlay-opacity":"","overlay-gradient":""},"tablet":{"background-color":"var(--ast-global-color-4)","background-image":"","background-repeat":"repeat","background-position":"center center","background-size":"auto","background-attachment":"scroll","background-type":"","background-media":"","overlay-type":"","overlay-color":"","overlay-opacity":"","overlay-gradient":""},"mobile":{"background-color":"var(--ast-global-color-4)","background-image":"","background-repeat":"repeat","background-position":"center center","background-size":"auto","background-attachment":"scroll","background-type":"","background-media":"","overlay-type":"","overlay-color":"","overlay-opacity":"","overlay-gradient":""}}},"product_brand":[],"product_cat":[92],"product_tag":[283],"class_list":{"0":"post-4630","1":"product","2":"type-product","3":"status-publish","4":"has-post-thumbnail","6":"product_cat-plastic-usb-pendrive","7":"product_tag-metal-carabiner-usb-flash-drive","8":"desktop-align-left","9":"tablet-align-left","10":"mobile-align-left","12":"first","13":"instock","14":"shipping-taxable","15":"product-type-simple"},"_links":{"self":[{"href":"https:\/\/www.usborkeychain.com\/es\/wp-json\/wp\/v2\/product\/4630","targetHints":{"allow":["GET"]}}],"collection":[{"href":"https:\/\/www.usborkeychain.com\/es\/wp-json\/wp\/v2\/product"}],"about":[{"href":"https:\/\/www.usborkeychain.com\/es\/wp-json\/wp\/v2\/types\/product"}],"replies":[{"embeddable":true,"href":"https:\/\/www.usborkeychain.com\/es\/wp-json\/wp\/v2\/comments?post=4630"}],"wp:featuredmedia":[{"embeddable":true,"href":"https:\/\/www.usborkeychain.com\/es\/wp-json\/wp\/v2\/media\/4633"}],"wp:attachment":[{"href":"https:\/\/www.usborkeychain.com\/es\/wp-json\/wp\/v2\/media?parent=4630"}],"wp:term":[{"taxonomy":"product_brand","embeddable":true,"href":"https:\/\/www.usborkeychain.com\/es\/wp-json\/wp\/v2\/product_brand?post=4630"},{"taxonomy":"product_cat","embeddable":true,"href":"https:\/\/www.usborkeychain.com\/es\/wp-json\/wp\/v2\/product_cat?post=4630"},{"taxonomy":"product_tag","embeddable":true,"href":"https:\/\/www.usborkeychain.com\/es\/wp-json\/wp\/v2\/product_tag?post=4630"}],"curies":[{"name":"wp","href":"https:\/\/api.w.org\/{rel}","templated":true}]}}