{"id":4640,"date":"2025-07-26T06:49:56","date_gmt":"2025-07-26T06:49:56","guid":{"rendered":"https:\/\/www.usborkeychain.com\/?post_type=product&#038;p=4640"},"modified":"2025-08-14T12:11:25","modified_gmt":"2025-08-14T12:11:25","slug":"metal-usb-flash-drives","status":"publish","type":"product","link":"https:\/\/www.usborkeychain.com\/es\/producto\/metal-usb-flash-drives\/","title":{"rendered":"Memorias USB met\u00e1licas"},"content":{"rendered":"<p><strong>Memorias USB met\u00e1licas<\/strong> est\u00e1n hechos de metal de alta calidad como material principal, que es robusto y duradero, resistente al desgaste y anti-ca\u00edda, y puede resistir eficazmente los golpes en el uso diario. Hay tres estilos caracter\u00edsticos para satisfacer diferentes necesidades est\u00e9ticas:<\/p>\n\n\n\n<div class=\"wp-block-columns is-layout-flex wp-container-core-columns-is-layout-28f84493 wp-block-columns-is-layout-flex\">\n<div class=\"wp-block-column is-vertically-aligned-center is-layout-flow wp-block-column-is-layout-flow\">\n<h3 class=\"wp-block-heading\">Memoria USB met\u00e1lica geom\u00e9trica<\/h3>\n\n\n\n<ul class=\"wp-block-list\">\n<li><strong>Material<\/strong>: Aleaci\u00f3n de aluminio de calidad aeron\u00e1utica (disponible en doble color oro rosa\/plata)<\/li>\n\n\n\n<li><strong>Aspectos destacados del dise\u00f1o<\/strong>:\n<ul class=\"wp-block-list\">\n<li>Tapa superior hueca triangular (precisi\u00f3n \u00b10,05 mm)<\/li>\n\n\n\n<li>Corte de bordes tipo cuchilla (\u00e1ngulo R \u2264 0,3 mm)<\/li>\n\n\n\n<li>Tama\u00f1o: 65\u00d718\u00d76 mm (dise\u00f1o adaptable a la palma de la mano)<\/li>\n<\/ul>\n<\/li>\n\n\n\n<li><strong>Ligero<\/strong>: Peso neto 15 g \u00b1 0,5 g<\/li>\n<\/ul>\n<\/div>\n\n\n\n<div class=\"wp-block-column is-layout-flow wp-block-column-is-layout-flow\">\n<figure class=\"wp-block-image size-full\"><img alt=\"\" fetchpriority=\"high\" decoding=\"async\" width=\"800\" height=\"800\" src=\"https:\/\/www.usborkeychain.com\/wp-content\/uploads\/Prism-USB-Flash-Drive.jpg\" class=\"wp-image-4649\" srcset=\"https:\/\/www.usborkeychain.com\/wp-content\/uploads\/Prism-USB-Flash-Drive.jpg 800w, https:\/\/www.usborkeychain.com\/wp-content\/uploads\/Prism-USB-Flash-Drive-300x300.jpg 300w, https:\/\/www.usborkeychain.com\/wp-content\/uploads\/Prism-USB-Flash-Drive-150x150.jpg 150w, https:\/\/www.usborkeychain.com\/wp-content\/uploads\/Prism-USB-Flash-Drive-768x768.jpg 768w, https:\/\/www.usborkeychain.com\/wp-content\/uploads\/Prism-USB-Flash-Drive-12x12.jpg 12w, https:\/\/www.usborkeychain.com\/wp-content\/uploads\/Prism-USB-Flash-Drive-600x600.jpg 600w, https:\/\/www.usborkeychain.com\/wp-content\/uploads\/Prism-USB-Flash-Drive-100x100.jpg 100w\" sizes=\"(max-width: 800px) 100vw, 800px\" \/><\/figure>\n<\/div>\n<\/div>\n\n\n\n<div class=\"wp-block-columns is-layout-flex wp-container-core-columns-is-layout-28f84493 wp-block-columns-is-layout-flex\">\n<div class=\"wp-block-column is-vertically-aligned-center is-layout-flow wp-block-column-is-layout-flow\">\n<h3 class=\"wp-block-heading\">Memoria USB met\u00e1lica en forma de anillo<\/h3>\n\n\n\n<ul class=\"wp-block-list\">\n<li><strong>Material<\/strong>: Acero inoxidable 316L (resistencia a la corrosi\u00f3n aumentada por 30%)<\/li>\n\n\n\n<li><strong>Innovaci\u00f3n estructural<\/strong>:\n<ul class=\"wp-block-list\">\n<li>Agujero lateral \u03a63mm para eslinga (carga 5kg)<\/li>\n\n\n\n<li>Interfaz con corte de diamante (inclinaci\u00f3n de 18\u00b0 para evitar la inserci\u00f3n inversa)<\/li>\n\n\n\n<li>Zona de grabado tridimensional (ejemplo del car\u00e1cter \"Xi\" en la figura 2)<\/li>\n<\/ul>\n<\/li>\n\n\n\n<li><strong>Optimizaci\u00f3n del grosor<\/strong>Cuerpo ultrafino de 9 mm<\/li>\n<\/ul>\n<\/div>\n\n\n\n<div class=\"wp-block-column is-layout-flow wp-block-column-is-layout-flow\">\n<figure class=\"wp-block-image size-full\"><img alt=\"\" decoding=\"async\" width=\"800\" height=\"800\" src=\"https:\/\/www.usborkeychain.com\/wp-content\/uploads\/MetalRing-USB-Flash-Drive.jpg\" class=\"wp-image-4647\" srcset=\"https:\/\/www.usborkeychain.com\/wp-content\/uploads\/MetalRing-USB-Flash-Drive.jpg 800w, https:\/\/www.usborkeychain.com\/wp-content\/uploads\/MetalRing-USB-Flash-Drive-300x300.jpg 300w, https:\/\/www.usborkeychain.com\/wp-content\/uploads\/MetalRing-USB-Flash-Drive-150x150.jpg 150w, https:\/\/www.usborkeychain.com\/wp-content\/uploads\/MetalRing-USB-Flash-Drive-768x768.jpg 768w, https:\/\/www.usborkeychain.com\/wp-content\/uploads\/MetalRing-USB-Flash-Drive-12x12.jpg 12w, https:\/\/www.usborkeychain.com\/wp-content\/uploads\/MetalRing-USB-Flash-Drive-600x600.jpg 600w, https:\/\/www.usborkeychain.com\/wp-content\/uploads\/MetalRing-USB-Flash-Drive-100x100.jpg 100w\" sizes=\"(max-width: 800px) 100vw, 800px\" \/><\/figure>\n<\/div>\n<\/div>\n\n\n\n<div class=\"wp-block-columns is-layout-flex wp-container-core-columns-is-layout-28f84493 wp-block-columns-is-layout-flex\">\n<div class=\"wp-block-column is-vertically-aligned-center is-layout-flow wp-block-column-is-layout-flow\">\n<h3 class=\"wp-block-heading\">Memoria USB de metal con cara de diamante<\/h3>\n\n\n\n<ul class=\"wp-block-list\">\n<li><strong>Tecnolog\u00eda de superficies<\/strong>:\n<ul class=\"wp-block-list\">\n<li>Textura ondulada micrograbada (dise\u00f1o antideslizante al tacto)<\/li>\n\n\n\n<li>Moldura integrada en el llavero (hebilla antiaflojamiento galvanizada de lat\u00f3n)<\/li>\n\n\n\n<li>Pulido espejo a nivel nanom\u00e9trico <\/li>\n<\/ul>\n<\/li>\n\n\n\n<li><strong>Caracter\u00edsticas a prueba de tres<\/strong>: Estructura del n\u00facleo de protecci\u00f3n IP68<\/li>\n<\/ul>\n<\/div>\n\n\n\n<div class=\"wp-block-column is-layout-flow wp-block-column-is-layout-flow\">\n<figure class=\"wp-block-image size-full\"><img alt=\"\" decoding=\"async\" width=\"800\" height=\"800\" src=\"https:\/\/www.usborkeychain.com\/wp-content\/uploads\/MetalGem-USB-Flash-Drive.jpg\" class=\"wp-image-4646\" srcset=\"https:\/\/www.usborkeychain.com\/wp-content\/uploads\/MetalGem-USB-Flash-Drive.jpg 800w, https:\/\/www.usborkeychain.com\/wp-content\/uploads\/MetalGem-USB-Flash-Drive-300x300.jpg 300w, https:\/\/www.usborkeychain.com\/wp-content\/uploads\/MetalGem-USB-Flash-Drive-150x150.jpg 150w, https:\/\/www.usborkeychain.com\/wp-content\/uploads\/MetalGem-USB-Flash-Drive-768x768.jpg 768w, https:\/\/www.usborkeychain.com\/wp-content\/uploads\/MetalGem-USB-Flash-Drive-12x12.jpg 12w, https:\/\/www.usborkeychain.com\/wp-content\/uploads\/MetalGem-USB-Flash-Drive-600x600.jpg 600w, https:\/\/www.usborkeychain.com\/wp-content\/uploads\/MetalGem-USB-Flash-Drive-100x100.jpg 100w\" sizes=\"(max-width: 800px) 100vw, 800px\" \/><\/figure>\n<\/div>\n<\/div>\n\n\n\n<h2 class=\"wp-block-heading\">\u00bfEs compatible con la impresi\u00f3n de logotipos?<\/h2>\n\n\n\n<p>Las memorias USB met\u00e1licas admiten la impresi\u00f3n de logotipos. Los procesos de impresi\u00f3n habituales son los siguientes:<\/p>\n\n\n\n<figure class=\"wp-block-table\"><table class=\"has-fixed-layout\"><thead><tr><th>Proceso<\/th><th>Estilos aplicables<\/th><th>Vitrina<\/th><\/tr><\/thead><tbody><tr><td>Grabado por l\u00e1ser<\/td><td>Modelos geom\u00e9tricos\/anulares<\/td><td>\"LOGO\" logotipo corporativo<\/td><\/tr><tr><td>Relleno de glaseado de color<\/td><td>Ranuras de los modelos con cara de diamante<\/td><td>\"Patr\u00f3n auspicioso \"Xi<\/td><\/tr><tr><td>Galvanoplastia Grabado<\/td><td>Superficie de corte de los modelos de anillos<\/td><td>\"Texto \"Buena suerte y prosperidad<\/td><\/tr><tr><td>Impresi\u00f3n por transferencia UV<\/td><td>Todas las zonas planas de la serie<\/td><td>Lema corporativo personalizado<\/td><\/tr><\/tbody><\/table><\/figure>\n\n\n\n<div class=\"wp-block-columns is-layout-flex wp-container-core-columns-is-layout-28f84493 wp-block-columns-is-layout-flex\">\n<div class=\"wp-block-column is-layout-flow wp-block-column-is-layout-flow\">\n<figure class=\"wp-block-image size-full\"><img alt=\"\" loading=\"lazy\" decoding=\"async\" width=\"800\" height=\"800\" src=\"https:\/\/www.usborkeychain.com\/wp-content\/uploads\/GeoMetal-USB-Flash-Drive.jpg\" class=\"wp-image-4645\" srcset=\"https:\/\/www.usborkeychain.com\/wp-content\/uploads\/GeoMetal-USB-Flash-Drive.jpg 800w, https:\/\/www.usborkeychain.com\/wp-content\/uploads\/GeoMetal-USB-Flash-Drive-300x300.jpg 300w, https:\/\/www.usborkeychain.com\/wp-content\/uploads\/GeoMetal-USB-Flash-Drive-150x150.jpg 150w, https:\/\/www.usborkeychain.com\/wp-content\/uploads\/GeoMetal-USB-Flash-Drive-768x768.jpg 768w, https:\/\/www.usborkeychain.com\/wp-content\/uploads\/GeoMetal-USB-Flash-Drive-12x12.jpg 12w, https:\/\/www.usborkeychain.com\/wp-content\/uploads\/GeoMetal-USB-Flash-Drive-600x600.jpg 600w, https:\/\/www.usborkeychain.com\/wp-content\/uploads\/GeoMetal-USB-Flash-Drive-100x100.jpg 100w\" sizes=\"(max-width: 800px) 100vw, 800px\" \/><\/figure>\n<\/div>\n\n\n\n<div class=\"wp-block-column is-layout-flow wp-block-column-is-layout-flow\">\n<figure class=\"wp-block-image size-full\"><img alt=\"\" loading=\"lazy\" decoding=\"async\" width=\"800\" height=\"800\" src=\"https:\/\/www.usborkeychain.com\/wp-content\/uploads\/ShinyRing-USB-Flash-Drive.jpg\" class=\"wp-image-4650\" srcset=\"https:\/\/www.usborkeychain.com\/wp-content\/uploads\/ShinyRing-USB-Flash-Drive.jpg 800w, https:\/\/www.usborkeychain.com\/wp-content\/uploads\/ShinyRing-USB-Flash-Drive-300x300.jpg 300w, https:\/\/www.usborkeychain.com\/wp-content\/uploads\/ShinyRing-USB-Flash-Drive-150x150.jpg 150w, https:\/\/www.usborkeychain.com\/wp-content\/uploads\/ShinyRing-USB-Flash-Drive-768x768.jpg 768w, https:\/\/www.usborkeychain.com\/wp-content\/uploads\/ShinyRing-USB-Flash-Drive-12x12.jpg 12w, https:\/\/www.usborkeychain.com\/wp-content\/uploads\/ShinyRing-USB-Flash-Drive-600x600.jpg 600w, https:\/\/www.usborkeychain.com\/wp-content\/uploads\/ShinyRing-USB-Flash-Drive-100x100.jpg 100w\" sizes=\"(max-width: 800px) 100vw, 800px\" \/><\/figure>\n<\/div>\n\n\n\n<div class=\"wp-block-column is-layout-flow wp-block-column-is-layout-flow\">\n<figure class=\"wp-block-image size-full\"><img alt=\"\" loading=\"lazy\" decoding=\"async\" width=\"800\" height=\"800\" src=\"https:\/\/www.usborkeychain.com\/wp-content\/uploads\/ColorMetal-USB-Flash-Drive.jpg\" class=\"wp-image-4644\" srcset=\"https:\/\/www.usborkeychain.com\/wp-content\/uploads\/ColorMetal-USB-Flash-Drive.jpg 800w, https:\/\/www.usborkeychain.com\/wp-content\/uploads\/ColorMetal-USB-Flash-Drive-300x300.jpg 300w, https:\/\/www.usborkeychain.com\/wp-content\/uploads\/ColorMetal-USB-Flash-Drive-150x150.jpg 150w, https:\/\/www.usborkeychain.com\/wp-content\/uploads\/ColorMetal-USB-Flash-Drive-768x768.jpg 768w, https:\/\/www.usborkeychain.com\/wp-content\/uploads\/ColorMetal-USB-Flash-Drive-12x12.jpg 12w, https:\/\/www.usborkeychain.com\/wp-content\/uploads\/ColorMetal-USB-Flash-Drive-600x600.jpg 600w, https:\/\/www.usborkeychain.com\/wp-content\/uploads\/ColorMetal-USB-Flash-Drive-100x100.jpg 100w\" sizes=\"(max-width: 800px) 100vw, 800px\" \/><\/figure>\n<\/div>\n<\/div>\n\n\n\n<h2 class=\"wp-block-heading\">Par\u00e1metros b\u00e1sicos de las memorias USB<\/h2>\n\n\n\n<figure class=\"wp-block-table\"><table class=\"has-fixed-layout\"><thead><tr><th>Categor\u00eda de par\u00e1metros<\/th><th>Contenido espec\u00edfico<\/th><\/tr><\/thead><tbody><tr><td>Tipo de interfaz<\/td><td>USB 2.0, USB 3.0, USB 3.1, Tipo - C, etc.<\/td><\/tr><tr><td>Capacidad de almacenamiento<\/td><td>8 G, 16 G, 32 G, 64 G, 128 G<\/td><\/tr><tr><td>Velocidad de lectura y escritura<\/td><td>Interfaz USB 2.0: la velocidad de lectura es de unos 10 - 25 MB\/s, la velocidad de escritura es de unos 5 - 15 MB\/s; interfaces USB 3.0 y superiores: la velocidad de lectura puede alcanzar los 30 - 150 MB\/s, la velocidad de escritura puede alcanzar los 20 - 100 MB\/s (hay diferencias debidas al equipo y al entorno).<\/td><\/tr><\/tbody><\/table><\/figure>\n\n\n\n<h2 class=\"wp-block-heading\">\u00bfPara qu\u00e9 empresas es adecuado?<\/h2>\n\n\n\n<div class=\"wp-block-columns is-layout-flex wp-container-core-columns-is-layout-28f84493 wp-block-columns-is-layout-flex\">\n<div class=\"wp-block-column is-vertically-aligned-center is-layout-flow wp-block-column-is-layout-flow\">\n<ul class=\"wp-block-list\">\n<li>Las instituciones financieras pueden personalizarlo como regalo de agradecimiento a los clientes o regalo de promoci\u00f3n empresarial, e imprimir el logotipo de la marca para transmitir la imagen;<\/li>\n\n\n\n<li>Las empresas tecnol\u00f3gicas lo utilizan como recuerdo de reuniones de negocios y negociaciones de cooperaci\u00f3n, lo que resulta pr\u00e1ctico y profesional;<\/li>\n\n\n\n<li>Para las industrias del dise\u00f1o creativo y la moda, las memorias USB con formas \u00fanicas, como caras de diamante, se adaptan al estilo de la marca y ayudan a promocionarla.<\/li>\n\n\n\n<li>Los entusiastas de las actividades al aire libre pueden elegir el modelo con forma de anillo, que es c\u00f3modo de llevar en el llavero y puede almacenar fotos de actividades al aire libre y datos de seguimiento;<\/li>\n\n\n\n<li>Estudiantes y profesionales pueden guardar a diario material did\u00e1ctico y documentos de oficina, y el material met\u00e1lico es duradero y resistente a los da\u00f1os.<\/li>\n<\/ul>\n<\/div>\n\n\n\n<div class=\"wp-block-column is-vertically-aligned-center is-layout-flow wp-block-column-is-layout-flow\">\n<figure class=\"wp-block-image size-full\"><img alt=\"\" loading=\"lazy\" decoding=\"async\" width=\"800\" height=\"800\" src=\"https:\/\/www.usborkeychain.com\/wp-content\/uploads\/SleekLoop-USB-Flash-Drive.jpg\" class=\"wp-image-4651\" srcset=\"https:\/\/www.usborkeychain.com\/wp-content\/uploads\/SleekLoop-USB-Flash-Drive.jpg 800w, https:\/\/www.usborkeychain.com\/wp-content\/uploads\/SleekLoop-USB-Flash-Drive-300x300.jpg 300w, https:\/\/www.usborkeychain.com\/wp-content\/uploads\/SleekLoop-USB-Flash-Drive-150x150.jpg 150w, https:\/\/www.usborkeychain.com\/wp-content\/uploads\/SleekLoop-USB-Flash-Drive-768x768.jpg 768w, https:\/\/www.usborkeychain.com\/wp-content\/uploads\/SleekLoop-USB-Flash-Drive-12x12.jpg 12w, https:\/\/www.usborkeychain.com\/wp-content\/uploads\/SleekLoop-USB-Flash-Drive-600x600.jpg 600w, https:\/\/www.usborkeychain.com\/wp-content\/uploads\/SleekLoop-USB-Flash-Drive-100x100.jpg 100w\" sizes=\"(max-width: 800px) 100vw, 800px\" \/><\/figure>\n<\/div>\n<\/div>\n\n\n\n<div class=\"wp-block-columns is-layout-flex wp-container-core-columns-is-layout-28f84493 wp-block-columns-is-layout-flex\">\n<div class=\"wp-block-column is-layout-flow wp-block-column-is-layout-flow\">\n<figure class=\"wp-block-image size-full\"><img alt=\"\" loading=\"lazy\" decoding=\"async\" width=\"800\" height=\"800\" src=\"https:\/\/www.usborkeychain.com\/wp-content\/uploads\/ModernGeo-USB-Flash-Drive.jpg\" class=\"wp-image-4648\" srcset=\"https:\/\/www.usborkeychain.com\/wp-content\/uploads\/ModernGeo-USB-Flash-Drive.jpg 800w, https:\/\/www.usborkeychain.com\/wp-content\/uploads\/ModernGeo-USB-Flash-Drive-300x300.jpg 300w, https:\/\/www.usborkeychain.com\/wp-content\/uploads\/ModernGeo-USB-Flash-Drive-150x150.jpg 150w, https:\/\/www.usborkeychain.com\/wp-content\/uploads\/ModernGeo-USB-Flash-Drive-768x768.jpg 768w, https:\/\/www.usborkeychain.com\/wp-content\/uploads\/ModernGeo-USB-Flash-Drive-12x12.jpg 12w, https:\/\/www.usborkeychain.com\/wp-content\/uploads\/ModernGeo-USB-Flash-Drive-600x600.jpg 600w, https:\/\/www.usborkeychain.com\/wp-content\/uploads\/ModernGeo-USB-Flash-Drive-100x100.jpg 100w\" sizes=\"(max-width: 800px) 100vw, 800px\" \/><\/figure>\n<\/div>\n\n\n\n<div class=\"wp-block-column is-vertically-aligned-center is-layout-flow wp-block-column-is-layout-flow\">\n<p><strong>Memorias USB met\u00e1licas<\/strong>Gracias a sus diversas formas met\u00e1licas (geom\u00e9trica, en forma de anillo, con cara de diamante), sus materiales fiables, sus ricos procesos de personalizaci\u00f3n y sus claros par\u00e1metros de rendimiento, se han convertido en una opci\u00f3n de alta calidad para la personalizaci\u00f3n de regalos de empresa y el uso personal diario. Tanto si se busca una apariencia a la moda como si se valora la durabilidad y las necesidades de personalizaci\u00f3n, puede satisfacerlas, haciendo que el almacenamiento de datos sea pr\u00e1ctico y personalizado.<\/p>\n<\/div>\n<\/div>","protected":false},"excerpt":{"rendered":"<ul>\n<li>Material met\u00e1lico<\/li>\n<li>Estilo cl\u00e1sico<\/li>\n<li>Logotipo personalizado<\/li>\n<li>Duradero<\/li>\n<li>MOQ:100PCS<\/li>\n<\/ul>","protected":false},"featured_media":4647,"comment_status":"open","ping_status":"closed","template":"","meta":{"_seopress_robots_primary_cat":"","_seopress_titles_title":"","_seopress_titles_desc":"","_seopress_robots_index":"","site-sidebar-layout":"default","site-content-layout":"","ast-site-content-layout":"","site-content-style":"default","site-sidebar-style":"default","ast-global-header-display":"","ast-banner-title-visibility":"","ast-main-header-display":"","ast-hfb-above-header-display":"","ast-hfb-below-header-display":"","ast-hfb-mobile-header-display":"","site-post-title":"","ast-breadcrumbs-content":"","ast-featured-img":"","footer-sml-layout":"","theme-transparent-header-meta":"","adv-header-id-meta":"","stick-header-meta":"","header-above-stick-meta":"","header-main-stick-meta":"","header-below-stick-meta":"","astra-migrate-meta-layouts":"default","ast-page-background-enabled":"default","ast-page-background-meta":{"desktop":{"background-color":"var(--ast-global-color-5)","background-image":"","background-repeat":"repeat","background-position":"center center","background-size":"auto","background-attachment":"scroll","background-type":"","background-media":"","overlay-type":"","overlay-color":"","overlay-opacity":"","overlay-gradient":""},"tablet":{"background-color":"","background-image":"","background-repeat":"repeat","background-position":"center center","background-size":"auto","background-attachment":"scroll","background-type":"","background-media":"","overlay-type":"","overlay-color":"","overlay-opacity":"","overlay-gradient":""},"mobile":{"background-color":"","background-image":"","background-repeat":"repeat","background-position":"center center","background-size":"auto","background-attachment":"scroll","background-type":"","background-media":"","overlay-type":"","overlay-color":"","overlay-opacity":"","overlay-gradient":""}},"ast-content-background-meta":{"desktop":{"background-color":"var(--ast-global-color-4)","background-image":"","background-repeat":"repeat","background-position":"center center","background-size":"auto","background-attachment":"scroll","background-type":"","background-media":"","overlay-type":"","overlay-color":"","overlay-opacity":"","overlay-gradient":""},"tablet":{"background-color":"var(--ast-global-color-4)","background-image":"","background-repeat":"repeat","background-position":"center center","background-size":"auto","background-attachment":"scroll","background-type":"","background-media":"","overlay-type":"","overlay-color":"","overlay-opacity":"","overlay-gradient":""},"mobile":{"background-color":"var(--ast-global-color-4)","background-image":"","background-repeat":"repeat","background-position":"center center","background-size":"auto","background-attachment":"scroll","background-type":"","background-media":"","overlay-type":"","overlay-color":"","overlay-opacity":"","overlay-gradient":""}}},"product_brand":[],"product_cat":[89],"product_tag":[396],"class_list":{"0":"post-4640","1":"product","2":"type-product","3":"status-publish","4":"has-post-thumbnail","6":"product_cat-metal-usb-pendrive","7":"product_tag-stainless-steel-usb-flash-drive","8":"desktop-align-left","9":"tablet-align-left","10":"mobile-align-left","12":"first","13":"instock","14":"shipping-taxable","15":"product-type-simple"},"_links":{"self":[{"href":"https:\/\/www.usborkeychain.com\/es\/wp-json\/wp\/v2\/product\/4640","targetHints":{"allow":["GET"]}}],"collection":[{"href":"https:\/\/www.usborkeychain.com\/es\/wp-json\/wp\/v2\/product"}],"about":[{"href":"https:\/\/www.usborkeychain.com\/es\/wp-json\/wp\/v2\/types\/product"}],"replies":[{"embeddable":true,"href":"https:\/\/www.usborkeychain.com\/es\/wp-json\/wp\/v2\/comments?post=4640"}],"wp:featuredmedia":[{"embeddable":true,"href":"https:\/\/www.usborkeychain.com\/es\/wp-json\/wp\/v2\/media\/4647"}],"wp:attachment":[{"href":"https:\/\/www.usborkeychain.com\/es\/wp-json\/wp\/v2\/media?parent=4640"}],"wp:term":[{"taxonomy":"product_brand","embeddable":true,"href":"https:\/\/www.usborkeychain.com\/es\/wp-json\/wp\/v2\/product_brand?post=4640"},{"taxonomy":"product_cat","embeddable":true,"href":"https:\/\/www.usborkeychain.com\/es\/wp-json\/wp\/v2\/product_cat?post=4640"},{"taxonomy":"product_tag","embeddable":true,"href":"https:\/\/www.usborkeychain.com\/es\/wp-json\/wp\/v2\/product_tag?post=4640"}],"curies":[{"name":"wp","href":"https:\/\/api.w.org\/{rel}","templated":true}]}}