{"id":4652,"date":"2025-07-26T07:05:35","date_gmt":"2025-07-26T07:05:35","guid":{"rendered":"https:\/\/www.usborkeychain.com\/?post_type=product&#038;p=4652"},"modified":"2025-07-26T14:24:58","modified_gmt":"2025-07-26T14:24:58","slug":"simulation-gun-usb-flash-drive","status":"publish","type":"product","link":"https:\/\/www.usborkeychain.com\/es\/producto\/simulation-gun-usb-flash-drive\/","title":{"rendered":"Simulaci\u00f3n de pistola Memoria USB"},"content":{"rendered":"<div class=\"wp-block-columns is-layout-flex wp-container-core-columns-is-layout-28f84493 wp-block-columns-is-layout-flex\">\n<div class=\"wp-block-column is-vertically-aligned-center is-layout-flow wp-block-column-is-layout-flow\">\n<p>En <strong>pistola de simulaci\u00f3n unidad flash USB<\/strong> cuenta con un cuerpo principal fabricado en pl\u00e1stico de alta calidad, que garantiza un cierto nivel de resistencia y durabilidad a la vez que reproduce con precisi\u00f3n los detalles externos del equipo militar, como armas y granadas.<\/p>\n\n\n\n<p>Desde la textura de la empu\u00f1adura del arma y la forma del gatillo hasta la concha c\u00f3ncavo-convexa de la granada, cada detalle est\u00e1 meticulosamente reproducido. Al sostenerla en la mano se percibe una sensaci\u00f3n sustancial y texturizada, como si se sostuviera un aut\u00e9ntico modelo militar en miniatura.<\/p>\n\n\n\n<p>Para los entusiastas militares y los amantes de los productos de artiller\u00eda, este dise\u00f1o est\u00e1 lleno de sentimiento y atractivo. En el uso diario, puede colgarse de un bolso a modo de llavero o colocarse sobre un escritorio, lo que no solo resulta pr\u00e1ctico, sino que tambi\u00e9n muestra aficiones \u00fanicas, haciendo que la pasi\u00f3n militar est\u00e9 \"al alcance de la mano\" en todo momento.<\/p>\n<\/div>\n\n\n\n<div class=\"wp-block-column is-vertically-aligned-center is-layout-flow wp-block-column-is-layout-flow\">\n<figure class=\"wp-block-image size-full\"><img alt=\"\" fetchpriority=\"high\" decoding=\"async\" width=\"800\" height=\"800\" src=\"https:\/\/www.usborkeychain.com\/wp-content\/uploads\/GunModel-USB-Flash-Drive.jpg\" class=\"wp-image-4657\" srcset=\"https:\/\/www.usborkeychain.com\/wp-content\/uploads\/GunModel-USB-Flash-Drive.jpg 800w, https:\/\/www.usborkeychain.com\/wp-content\/uploads\/GunModel-USB-Flash-Drive-300x300.jpg 300w, https:\/\/www.usborkeychain.com\/wp-content\/uploads\/GunModel-USB-Flash-Drive-150x150.jpg 150w, https:\/\/www.usborkeychain.com\/wp-content\/uploads\/GunModel-USB-Flash-Drive-768x768.jpg 768w, https:\/\/www.usborkeychain.com\/wp-content\/uploads\/GunModel-USB-Flash-Drive-12x12.jpg 12w, https:\/\/www.usborkeychain.com\/wp-content\/uploads\/GunModel-USB-Flash-Drive-600x600.jpg 600w, https:\/\/www.usborkeychain.com\/wp-content\/uploads\/GunModel-USB-Flash-Drive-100x100.jpg 100w\" sizes=\"(max-width: 800px) 100vw, 800px\" \/><\/figure>\n<\/div>\n<\/div>\n\n\n\n<h2 class=\"wp-block-heading\">Par\u00e1metros b\u00e1sicos de la memoria USB<\/h2>\n\n\n\n<figure class=\"wp-block-table\"><table class=\"has-fixed-layout\"><thead><tr><th>Categor\u00eda de par\u00e1metros<\/th><th>Contenido espec\u00edfico<\/th><\/tr><\/thead><tbody><tr><td>Tipo de interfaz<\/td><td>Generalmente USB 2.0, USB 3.0 (algunos admiten Tipo - C, dependiendo del producto)<\/td><\/tr><tr><td>Capacidad de almacenamiento<\/td><td>4GB, 8GB, 16GB, 32GB, 64GB, 128GB<\/td><\/tr><\/tbody><\/table><\/figure>\n\n\n\n<h2 class=\"wp-block-heading\">\u00bfQu\u00e9 estilos tiene la serie de unidades USB con forma de pistola simulada?<\/h2>\n\n\n\n<div class=\"wp-block-columns is-layout-flex wp-container-core-columns-is-layout-28f84493 wp-block-columns-is-layout-flex\">\n<div class=\"wp-block-column is-vertically-aligned-center is-layout-flow wp-block-column-is-layout-flow\">\n<figure class=\"wp-block-image size-full\"><img alt=\"\" decoding=\"async\" width=\"800\" height=\"800\" src=\"https:\/\/www.usborkeychain.com\/wp-content\/uploads\/BlackGun-USB-Flash-Drive.jpg\" class=\"wp-image-4656\" srcset=\"https:\/\/www.usborkeychain.com\/wp-content\/uploads\/BlackGun-USB-Flash-Drive.jpg 800w, https:\/\/www.usborkeychain.com\/wp-content\/uploads\/BlackGun-USB-Flash-Drive-300x300.jpg 300w, https:\/\/www.usborkeychain.com\/wp-content\/uploads\/BlackGun-USB-Flash-Drive-150x150.jpg 150w, https:\/\/www.usborkeychain.com\/wp-content\/uploads\/BlackGun-USB-Flash-Drive-768x768.jpg 768w, https:\/\/www.usborkeychain.com\/wp-content\/uploads\/BlackGun-USB-Flash-Drive-12x12.jpg 12w, https:\/\/www.usborkeychain.com\/wp-content\/uploads\/BlackGun-USB-Flash-Drive-600x600.jpg 600w, https:\/\/www.usborkeychain.com\/wp-content\/uploads\/BlackGun-USB-Flash-Drive-100x100.jpg 100w\" sizes=\"(max-width: 800px) 100vw, 800px\" \/><\/figure>\n<\/div>\n\n\n\n<div class=\"wp-block-column is-vertically-aligned-center is-layout-flow wp-block-column-is-layout-flow\">\n<p>Esta serie de unidades USB tiene 5 estilos en total. Incluye varios dise\u00f1os con forma de pistola e incluso uno con forma de granada de mano, todos juntos para formar una colecci\u00f3n \u00fanica de unidades USB con forma de arma simulada.<\/p>\n\n\n\n<p>Si desea personalizar un logotipo para esta serie, deber\u00e1 moldearlo durante el proceso de apertura. De este modo, tendr\u00e1 un aspecto m\u00e1s realista y vivo.<\/p>\n<\/div>\n<\/div>\n\n\n\n<h2 class=\"wp-block-heading\">\u00bfPara qu\u00e9 empresas es adecuado?<\/h2>\n\n\n\n<div class=\"wp-block-columns is-layout-flex wp-container-core-columns-is-layout-28f84493 wp-block-columns-is-layout-flex\">\n<div class=\"wp-block-column is-vertically-aligned-center is-layout-flow wp-block-column-is-layout-flow\">\n<ul class=\"wp-block-list\">\n<li>Los clubes de tem\u00e1tica militar y las empresas de actividades al aire libre pueden personalizar memorias USB de simulaci\u00f3n de armas como regalos para socios y premios para eventos.<\/li>\n\n\n\n<li>Empresas relacionadas con la munici\u00f3n y marcas de empresarios veteranos.<\/li>\n\n\n\n<li>Productores de perif\u00e9ricos de juegos y pel\u00edculas de tem\u00e1tica militar: como perif\u00e9ricos de marca compartida para regalar, atrayendo a grupos de aficionados.<\/li>\n\n\n\n<li>Aficionados a la artiller\u00eda de colecci\u00f3n y de uso personal, que satisfacen las necesidades de \"juego\" del material militar.<\/li>\n<\/ul>\n<\/div>\n\n\n\n<div class=\"wp-block-column is-vertically-aligned-center is-layout-flow wp-block-column-is-layout-flow\">\n<figure class=\"wp-block-image size-full\"><img alt=\"\" decoding=\"async\" width=\"800\" height=\"800\" src=\"https:\/\/www.usborkeychain.com\/wp-content\/uploads\/PVCGun-USB-Flash-Drive.jpg\" class=\"wp-image-4658\" srcset=\"https:\/\/www.usborkeychain.com\/wp-content\/uploads\/PVCGun-USB-Flash-Drive.jpg 800w, https:\/\/www.usborkeychain.com\/wp-content\/uploads\/PVCGun-USB-Flash-Drive-300x300.jpg 300w, https:\/\/www.usborkeychain.com\/wp-content\/uploads\/PVCGun-USB-Flash-Drive-150x150.jpg 150w, https:\/\/www.usborkeychain.com\/wp-content\/uploads\/PVCGun-USB-Flash-Drive-768x768.jpg 768w, https:\/\/www.usborkeychain.com\/wp-content\/uploads\/PVCGun-USB-Flash-Drive-12x12.jpg 12w, https:\/\/www.usborkeychain.com\/wp-content\/uploads\/PVCGun-USB-Flash-Drive-600x600.jpg 600w, https:\/\/www.usborkeychain.com\/wp-content\/uploads\/PVCGun-USB-Flash-Drive-100x100.jpg 100w\" sizes=\"(max-width: 800px) 100vw, 800px\" \/><\/figure>\n<\/div>\n<\/div>\n\n\n\n<div class=\"wp-block-columns is-layout-flex wp-container-core-columns-is-layout-28f84493 wp-block-columns-is-layout-flex\">\n<div class=\"wp-block-column is-layout-flow wp-block-column-is-layout-flow\">\n<figure class=\"wp-block-image size-full\"><img alt=\"\" loading=\"lazy\" decoding=\"async\" width=\"800\" height=\"800\" src=\"https:\/\/www.usborkeychain.com\/wp-content\/uploads\/ArmyGun-USB-Flash-Drive.jpg\" class=\"wp-image-4655\" srcset=\"https:\/\/www.usborkeychain.com\/wp-content\/uploads\/ArmyGun-USB-Flash-Drive.jpg 800w, https:\/\/www.usborkeychain.com\/wp-content\/uploads\/ArmyGun-USB-Flash-Drive-300x300.jpg 300w, https:\/\/www.usborkeychain.com\/wp-content\/uploads\/ArmyGun-USB-Flash-Drive-150x150.jpg 150w, https:\/\/www.usborkeychain.com\/wp-content\/uploads\/ArmyGun-USB-Flash-Drive-768x768.jpg 768w, https:\/\/www.usborkeychain.com\/wp-content\/uploads\/ArmyGun-USB-Flash-Drive-12x12.jpg 12w, https:\/\/www.usborkeychain.com\/wp-content\/uploads\/ArmyGun-USB-Flash-Drive-600x600.jpg 600w, https:\/\/www.usborkeychain.com\/wp-content\/uploads\/ArmyGun-USB-Flash-Drive-100x100.jpg 100w\" sizes=\"(max-width: 800px) 100vw, 800px\" \/><\/figure>\n<\/div>\n\n\n\n<div class=\"wp-block-column is-vertically-aligned-center is-layout-flow wp-block-column-is-layout-flow\">\n<p>Con su aspecto militar resistente, la \"sensaci\u00f3n de equilibrio en la mano\" de <strong>Material de PVC<\/strong>Con unos par\u00e1metros de almacenamiento claros y varios procesos de personalizaci\u00f3n, la memoria USB de simulaci\u00f3n de armas se ha convertido en un producto de almacenamiento exclusivo para los aficionados militares y los entusiastas de la artiller\u00eda. Tambi\u00e9n ofrece a las empresas una opci\u00f3n \u00fanica para personalizar regalos de tem\u00e1tica militar. <\/p>\n\n\n\n<p>Ya sea para conmemorar el servicio militar, mostrar aficiones o para que las empresas transmitan el sentimiento de marca, puede almacenar datos al tiempo que \"empaqueta\" la pasi\u00f3n militar en el bolsillo, siendo a la vez pr\u00e1ctico y distintivo.<\/p>\n<\/div>\n<\/div>","protected":false},"excerpt":{"rendered":"<ul>\n<li>Pistola de simulaci\u00f3n<\/li>\n<li>Material de PVC<\/li>\n<li>Entusiasta militar<\/li>\n<li>Logotipo personalizado<\/li>\n<li>MOQ:100PCS<\/li>\n<\/ul>","protected":false},"featured_media":4657,"comment_status":"open","ping_status":"closed","template":"","meta":{"_seopress_robots_primary_cat":"none","_seopress_titles_title":"","_seopress_titles_desc":"","_seopress_robots_index":"","site-sidebar-layout":"default","site-content-layout":"","ast-site-content-layout":"","site-content-style":"default","site-sidebar-style":"default","ast-global-header-display":"","ast-banner-title-visibility":"","ast-main-header-display":"","ast-hfb-above-header-display":"","ast-hfb-below-header-display":"","ast-hfb-mobile-header-display":"","site-post-title":"","ast-breadcrumbs-content":"","ast-featured-img":"","footer-sml-layout":"","theme-transparent-header-meta":"","adv-header-id-meta":"","stick-header-meta":"","header-above-stick-meta":"","header-main-stick-meta":"","header-below-stick-meta":"","astra-migrate-meta-layouts":"default","ast-page-background-enabled":"default","ast-page-background-meta":{"desktop":{"background-color":"var(--ast-global-color-5)","background-image":"","background-repeat":"repeat","background-position":"center center","background-size":"auto","background-attachment":"scroll","background-type":"","background-media":"","overlay-type":"","overlay-color":"","overlay-opacity":"","overlay-gradient":""},"tablet":{"background-color":"","background-image":"","background-repeat":"repeat","background-position":"center center","background-size":"auto","background-attachment":"scroll","background-type":"","background-media":"","overlay-type":"","overlay-color":"","overlay-opacity":"","overlay-gradient":""},"mobile":{"background-color":"","background-image":"","background-repeat":"repeat","background-position":"center center","background-size":"auto","background-attachment":"scroll","background-type":"","background-media":"","overlay-type":"","overlay-color":"","overlay-opacity":"","overlay-gradient":""}},"ast-content-background-meta":{"desktop":{"background-color":"var(--ast-global-color-4)","background-image":"","background-repeat":"repeat","background-position":"center center","background-size":"auto","background-attachment":"scroll","background-type":"","background-media":"","overlay-type":"","overlay-color":"","overlay-opacity":"","overlay-gradient":""},"tablet":{"background-color":"var(--ast-global-color-4)","background-image":"","background-repeat":"repeat","background-position":"center center","background-size":"auto","background-attachment":"scroll","background-type":"","background-media":"","overlay-type":"","overlay-color":"","overlay-opacity":"","overlay-gradient":""},"mobile":{"background-color":"var(--ast-global-color-4)","background-image":"","background-repeat":"repeat","background-position":"center center","background-size":"auto","background-attachment":"scroll","background-type":"","background-media":"","overlay-type":"","overlay-color":"","overlay-opacity":"","overlay-gradient":""}}},"product_brand":[],"product_cat":[94],"product_tag":[248,284],"class_list":{"0":"post-4652","1":"product","2":"type-product","3":"status-publish","4":"has-post-thumbnail","6":"product_cat-pvc-usb-pendrive","7":"product_tag-pvc-usb-flash-drive","8":"product_tag-simulation-gun-usb-flash-drive","9":"desktop-align-left","10":"tablet-align-left","11":"mobile-align-left","13":"first","14":"instock","15":"shipping-taxable","16":"product-type-simple"},"_links":{"self":[{"href":"https:\/\/www.usborkeychain.com\/es\/wp-json\/wp\/v2\/product\/4652","targetHints":{"allow":["GET"]}}],"collection":[{"href":"https:\/\/www.usborkeychain.com\/es\/wp-json\/wp\/v2\/product"}],"about":[{"href":"https:\/\/www.usborkeychain.com\/es\/wp-json\/wp\/v2\/types\/product"}],"replies":[{"embeddable":true,"href":"https:\/\/www.usborkeychain.com\/es\/wp-json\/wp\/v2\/comments?post=4652"}],"wp:featuredmedia":[{"embeddable":true,"href":"https:\/\/www.usborkeychain.com\/es\/wp-json\/wp\/v2\/media\/4657"}],"wp:attachment":[{"href":"https:\/\/www.usborkeychain.com\/es\/wp-json\/wp\/v2\/media?parent=4652"}],"wp:term":[{"taxonomy":"product_brand","embeddable":true,"href":"https:\/\/www.usborkeychain.com\/es\/wp-json\/wp\/v2\/product_brand?post=4652"},{"taxonomy":"product_cat","embeddable":true,"href":"https:\/\/www.usborkeychain.com\/es\/wp-json\/wp\/v2\/product_cat?post=4652"},{"taxonomy":"product_tag","embeddable":true,"href":"https:\/\/www.usborkeychain.com\/es\/wp-json\/wp\/v2\/product_tag?post=4652"}],"curies":[{"name":"wp","href":"https:\/\/api.w.org\/{rel}","templated":true}]}}