{"id":4670,"date":"2025-07-26T07:43:17","date_gmt":"2025-07-26T07:43:17","guid":{"rendered":"https:\/\/www.usborkeychain.com\/?post_type=product&#038;p=4670"},"modified":"2025-08-14T12:11:01","modified_gmt":"2025-08-14T12:11:01","slug":"metal-house-shaped-usb-flash-drive","status":"publish","type":"product","link":"https:\/\/www.usborkeychain.com\/es\/producto\/metal-house-shaped-usb-flash-drive\/","title":{"rendered":"Metal House - Memoria USB con forma"},"content":{"rendered":"<div class=\"wp-block-columns is-layout-flex wp-container-core-columns-is-layout-28f84493 wp-block-columns-is-layout-flex\">\n<div class=\"wp-block-column is-vertically-aligned-center is-layout-flow wp-block-column-is-layout-flow\">\n<p>En <strong>memoria USB con forma de casa de metal<\/strong> est\u00e1 fabricado en metal de alta calidad. Es robusto pero delicado. En el uso diario, resiste ara\u00f1azos y peque\u00f1os golpes, lo que demuestra su excelente durabilidad. Adem\u00e1s, desprende un atractivo visual de alta gama y textura.<\/p>\n\n\n\n<p>La forma de casa en miniatura evoca al instante una c\u00e1lida sensaci\u00f3n de hogar, como si llevara consigo una \"casa\" en miniatura.<\/p>\n\n\n\n<p>Es extremadamente ligero y fino. Puedes engancharlo f\u00e1cilmente a un llavero, meterlo en el bolsillo o guardarlo en un bolso peque\u00f1o.<\/p>\n<\/div>\n\n\n\n<div class=\"wp-block-column is-vertically-aligned-center is-layout-flow wp-block-column-is-layout-flow\">\n<figure class=\"wp-block-image size-full\"><img alt=\"\" fetchpriority=\"high\" decoding=\"async\" width=\"800\" height=\"800\" src=\"https:\/\/www.usborkeychain.com\/wp-content\/uploads\/MiniHouse-USB-Flash-Drive.png\" class=\"wp-image-4677\" srcset=\"https:\/\/www.usborkeychain.com\/wp-content\/uploads\/MiniHouse-USB-Flash-Drive.png 800w, https:\/\/www.usborkeychain.com\/wp-content\/uploads\/MiniHouse-USB-Flash-Drive-300x300.png 300w, https:\/\/www.usborkeychain.com\/wp-content\/uploads\/MiniHouse-USB-Flash-Drive-150x150.png 150w, https:\/\/www.usborkeychain.com\/wp-content\/uploads\/MiniHouse-USB-Flash-Drive-768x768.png 768w, https:\/\/www.usborkeychain.com\/wp-content\/uploads\/MiniHouse-USB-Flash-Drive-12x12.png 12w, https:\/\/www.usborkeychain.com\/wp-content\/uploads\/MiniHouse-USB-Flash-Drive-600x600.png 600w, https:\/\/www.usborkeychain.com\/wp-content\/uploads\/MiniHouse-USB-Flash-Drive-100x100.png 100w\" sizes=\"(max-width: 800px) 100vw, 800px\" \/><\/figure>\n<\/div>\n<\/div>\n\n\n\n<h2 class=\"wp-block-heading\">Par\u00e1metros de la memoria USB<\/h2>\n\n\n\n<figure class=\"wp-block-table\"><table class=\"has-fixed-layout\"><thead><tr><th>Categor\u00eda de par\u00e1metros<\/th><th>Detalles<\/th><\/tr><\/thead><tbody><tr><td>Tipo de interfaz<\/td><td>USB 3.0 (retrocompatible con USB 2.0 para una mayor compatibilidad de dispositivos)<\/td><\/tr><tr><td>Capacidades de almacenamiento disponibles<\/td><td>4GB, 8GB, 16GB, 32GB, 64GB, 128GB<\/td><\/tr><tr><td>Dimensiones (longitud \u00d7 anchura \u00d7 grosor)<\/td><td>60\u00d725\u00d710mm<\/td><\/tr><tr><td>Peso<\/td><td>15 gramos<\/td><\/tr><\/tbody><\/table><\/figure>\n\n\n\n<h2 class=\"wp-block-heading\">\u00bfPara qu\u00e9 empresas es adecuado como regalo?<\/h2>\n\n\n\n<figure class=\"wp-block-table\"><table class=\"has-fixed-layout\"><thead><tr><th>Tipo de objeto aplicable<\/th><th>Explicaci\u00f3n espec\u00edfica<\/th><\/tr><\/thead><tbody><tr><td>Empresas inmobiliarias<\/td><td>Como regalos promocionales para proyectos inmobiliarios<\/td><\/tr><tr><td>Empresas de dise\u00f1o de decoraci\u00f3n del hogar<\/td><td>Entregadas a clientes o socios comerciales<\/td><\/tr><tr><td>Instituciones financieras (negocio hipotecario)<\/td><td>Utilizado en actividades relacionadas con hipotecas<\/td><\/tr><tr><td>Particulares (donaciones a familiares y amigos)<\/td><td>Para ocasiones como cumplea\u00f1os y fiestas de inauguraci\u00f3n.<\/td><\/tr><tr><td>Instituciones de educaci\u00f3n y formaci\u00f3n<\/td><td>Como regalo de graduaci\u00f3n o evento - conmemorativo para estudiantes<\/td><\/tr><\/tbody><\/table><\/figure>\n\n\n\n<h2 class=\"wp-block-heading\">\u00bfSe admite la impresi\u00f3n de logotipos?<\/h2>\n\n\n\n<div class=\"wp-block-columns is-layout-flex wp-container-core-columns-is-layout-28f84493 wp-block-columns-is-layout-flex\">\n<div class=\"wp-block-column is-vertically-aligned-center is-layout-flow wp-block-column-is-layout-flow\">\n<figure class=\"wp-block-image size-full\"><img alt=\"\" decoding=\"async\" width=\"800\" height=\"800\" src=\"https:\/\/www.usborkeychain.com\/wp-content\/uploads\/HouseShaped-Metal-USB-Flash-Drive.png\" class=\"wp-image-4674\" srcset=\"https:\/\/www.usborkeychain.com\/wp-content\/uploads\/HouseShaped-Metal-USB-Flash-Drive.png 800w, https:\/\/www.usborkeychain.com\/wp-content\/uploads\/HouseShaped-Metal-USB-Flash-Drive-300x300.png 300w, https:\/\/www.usborkeychain.com\/wp-content\/uploads\/HouseShaped-Metal-USB-Flash-Drive-150x150.png 150w, https:\/\/www.usborkeychain.com\/wp-content\/uploads\/HouseShaped-Metal-USB-Flash-Drive-768x768.png 768w, https:\/\/www.usborkeychain.com\/wp-content\/uploads\/HouseShaped-Metal-USB-Flash-Drive-12x12.png 12w, https:\/\/www.usborkeychain.com\/wp-content\/uploads\/HouseShaped-Metal-USB-Flash-Drive-600x600.png 600w, https:\/\/www.usborkeychain.com\/wp-content\/uploads\/HouseShaped-Metal-USB-Flash-Drive-100x100.png 100w\" sizes=\"(max-width: 800px) 100vw, 800px\" \/><\/figure>\n<\/div>\n\n\n\n<div class=\"wp-block-column is-vertically-aligned-center is-layout-flow wp-block-column-is-layout-flow\">\n<p>En<strong> memoria USB con forma de casa de metal <\/strong>admite la impresi\u00f3n de logotipos y es una opci\u00f3n excelente para la personalizaci\u00f3n de marcas. Los procesos de impresi\u00f3n disponibles son los siguientes:<\/p>\n\n\n\n<ul class=\"wp-block-list\">\n<li><strong>Serigraf\u00eda<\/strong>: Es adecuado para patrones complejos. Puede imprimir logotipos o emblemas corporativos con gran precisi\u00f3n, con colores brillantes y una excelente resistencia a los ara\u00f1azos.<\/li>\n\n\n\n<li><strong>Grabado por l\u00e1ser<\/strong>: Espec\u00edficamente dise\u00f1ado para superficies met\u00e1licas, talla en profundidad textos o gr\u00e1ficos, presentando un efecto delicado y permanente.<\/li>\n\n\n\n<li><strong>Impresi\u00f3n UV<\/strong>: Ideal para dise\u00f1os multicolor, como a\u00f1adir degradados o im\u00e1genes personalizadas. Tiene una fuerte resistencia a la intemperie y colores vivos.<\/li>\n\n\n\n<li><strong>Impresi\u00f3n por transferencia t\u00e9rmica<\/strong>: Adecuada para la personalizaci\u00f3n de peque\u00f1os lotes, permite imprimir r\u00e1pidamente informaci\u00f3n personalizada.<\/li>\n<\/ul>\n<\/div>\n<\/div>\n\n\n\n<h2 class=\"wp-block-heading\">\u00bfHay envases personalizados?<\/h2>\n\n\n\n<div class=\"wp-block-columns is-layout-flex wp-container-core-columns-is-layout-28f84493 wp-block-columns-is-layout-flex\">\n<div class=\"wp-block-column is-vertically-aligned-center is-layout-flow wp-block-column-is-layout-flow\">\n<figure class=\"wp-block-image size-full\"><img alt=\"\" decoding=\"async\" width=\"800\" height=\"800\" src=\"https:\/\/www.usborkeychain.com\/wp-content\/uploads\/KeychainHouse-USB-Flash-Drive.png\" class=\"wp-image-4675\" srcset=\"https:\/\/www.usborkeychain.com\/wp-content\/uploads\/KeychainHouse-USB-Flash-Drive.png 800w, https:\/\/www.usborkeychain.com\/wp-content\/uploads\/KeychainHouse-USB-Flash-Drive-300x300.png 300w, https:\/\/www.usborkeychain.com\/wp-content\/uploads\/KeychainHouse-USB-Flash-Drive-150x150.png 150w, https:\/\/www.usborkeychain.com\/wp-content\/uploads\/KeychainHouse-USB-Flash-Drive-768x768.png 768w, https:\/\/www.usborkeychain.com\/wp-content\/uploads\/KeychainHouse-USB-Flash-Drive-12x12.png 12w, https:\/\/www.usborkeychain.com\/wp-content\/uploads\/KeychainHouse-USB-Flash-Drive-600x600.png 600w, https:\/\/www.usborkeychain.com\/wp-content\/uploads\/KeychainHouse-USB-Flash-Drive-100x100.png 100w\" sizes=\"(max-width: 800px) 100vw, 800px\" \/><\/figure>\n<\/div>\n\n\n\n<div class=\"wp-block-column is-vertically-aligned-center is-layout-flow wp-block-column-is-layout-flow\">\n<p>Envases personalizados disponibles para <strong>la casa de metal - unidad flash USB con forma<\/strong>. Las opciones de envasado m\u00e1s habituales son:<\/p>\n\n\n\n<ul class=\"wp-block-list\">\n<li><strong>Envasado en bl\u00edster<\/strong>: Tiene un coste relativamente bajo y puede mostrar claramente el aspecto de la unidad flash USB.<\/li>\n\n\n\n<li><strong>Embalaje en cajas de papel<\/strong>: Es sencillo y pr\u00e1ctico. En la superficie de la caja se puede imprimir informaci\u00f3n de la marca, esl\u00f3ganes promocionales, etc.<\/li>\n\n\n\n<li><strong>Embalaje en caja de regalo<\/strong>: Tiene un aspecto m\u00e1s exquisito y de gama alta, a menudo combinado con cintas y forros interiores.<\/li>\n<\/ul>\n<\/div>\n<\/div>\n\n\n\n<div class=\"wp-block-columns is-layout-flex wp-container-core-columns-is-layout-28f84493 wp-block-columns-is-layout-flex\">\n<div class=\"wp-block-column is-vertically-aligned-center is-layout-flow wp-block-column-is-layout-flow\">\n<p>En <strong>memoria USB con forma de casa de metal<\/strong> garantiza su durabilidad gracias a su material met\u00e1lico, transmite un toque emocional con su dise\u00f1o en forma de casa, satisface diversas necesidades de almacenamiento con sus ricos par\u00e1metros y admite la personalizaci\u00f3n del logotipo y del embalaje. Tanto si lo utilizan las empresas como regalo para promocionar su marca y en situaciones relacionadas con los negocios, como si lo hacen los particulares para transmitir la hermosa connotaci\u00f3n del \"hogar\" en sus regalos, puede ser pr\u00e1ctico y expresar intenciones \u00fanicas, convirti\u00e9ndose as\u00ed en un excelente soporte para el almacenamiento de datos y la conexi\u00f3n emocional.<\/p>\n<\/div>\n\n\n\n<div class=\"wp-block-column is-vertically-aligned-center is-layout-flow wp-block-column-is-layout-flow\">\n<figure class=\"wp-block-image size-full\"><img alt=\"\" loading=\"lazy\" decoding=\"async\" width=\"800\" height=\"800\" src=\"https:\/\/www.usborkeychain.com\/wp-content\/uploads\/ElegantHouse-USB-Flash-Drive.png\" class=\"wp-image-4673\" srcset=\"https:\/\/www.usborkeychain.com\/wp-content\/uploads\/ElegantHouse-USB-Flash-Drive.png 800w, https:\/\/www.usborkeychain.com\/wp-content\/uploads\/ElegantHouse-USB-Flash-Drive-300x300.png 300w, https:\/\/www.usborkeychain.com\/wp-content\/uploads\/ElegantHouse-USB-Flash-Drive-150x150.png 150w, https:\/\/www.usborkeychain.com\/wp-content\/uploads\/ElegantHouse-USB-Flash-Drive-768x768.png 768w, https:\/\/www.usborkeychain.com\/wp-content\/uploads\/ElegantHouse-USB-Flash-Drive-12x12.png 12w, https:\/\/www.usborkeychain.com\/wp-content\/uploads\/ElegantHouse-USB-Flash-Drive-600x600.png 600w, https:\/\/www.usborkeychain.com\/wp-content\/uploads\/ElegantHouse-USB-Flash-Drive-100x100.png 100w\" sizes=\"(max-width: 800px) 100vw, 800px\" \/><\/figure>\n<\/div>\n<\/div>","protected":false},"excerpt":{"rendered":"<ul>\n<li>Metal de alta calidad<\/li>\n<li>Forma de casita<\/li>\n<li>Admite la impresi\u00f3n de logotipos<\/li>\n<li>\u00a0Paquetes personalizados<\/li>\n<li>MOQ:100PCS<\/li>\n<\/ul>","protected":false},"featured_media":4677,"comment_status":"open","ping_status":"closed","template":"","meta":{"_seopress_robots_primary_cat":"","_seopress_titles_title":"","_seopress_titles_desc":"","_seopress_robots_index":"","site-sidebar-layout":"default","site-content-layout":"","ast-site-content-layout":"","site-content-style":"default","site-sidebar-style":"default","ast-global-header-display":"","ast-banner-title-visibility":"","ast-main-header-display":"","ast-hfb-above-header-display":"","ast-hfb-below-header-display":"","ast-hfb-mobile-header-display":"","site-post-title":"","ast-breadcrumbs-content":"","ast-featured-img":"","footer-sml-layout":"","theme-transparent-header-meta":"","adv-header-id-meta":"","stick-header-meta":"","header-above-stick-meta":"","header-main-stick-meta":"","header-below-stick-meta":"","astra-migrate-meta-layouts":"default","ast-page-background-enabled":"default","ast-page-background-meta":{"desktop":{"background-color":"var(--ast-global-color-5)","background-image":"","background-repeat":"repeat","background-position":"center center","background-size":"auto","background-attachment":"scroll","background-type":"","background-media":"","overlay-type":"","overlay-color":"","overlay-opacity":"","overlay-gradient":""},"tablet":{"background-color":"","background-image":"","background-repeat":"repeat","background-position":"center center","background-size":"auto","background-attachment":"scroll","background-type":"","background-media":"","overlay-type":"","overlay-color":"","overlay-opacity":"","overlay-gradient":""},"mobile":{"background-color":"","background-image":"","background-repeat":"repeat","background-position":"center center","background-size":"auto","background-attachment":"scroll","background-type":"","background-media":"","overlay-type":"","overlay-color":"","overlay-opacity":"","overlay-gradient":""}},"ast-content-background-meta":{"desktop":{"background-color":"var(--ast-global-color-4)","background-image":"","background-repeat":"repeat","background-position":"center center","background-size":"auto","background-attachment":"scroll","background-type":"","background-media":"","overlay-type":"","overlay-color":"","overlay-opacity":"","overlay-gradient":""},"tablet":{"background-color":"var(--ast-global-color-4)","background-image":"","background-repeat":"repeat","background-position":"center center","background-size":"auto","background-attachment":"scroll","background-type":"","background-media":"","overlay-type":"","overlay-color":"","overlay-opacity":"","overlay-gradient":""},"mobile":{"background-color":"var(--ast-global-color-4)","background-image":"","background-repeat":"repeat","background-position":"center center","background-size":"auto","background-attachment":"scroll","background-type":"","background-media":"","overlay-type":"","overlay-color":"","overlay-opacity":"","overlay-gradient":""}}},"product_brand":[],"product_cat":[89],"product_tag":[293,397],"class_list":{"0":"post-4670","1":"product","2":"type-product","3":"status-publish","4":"has-post-thumbnail","6":"product_cat-metal-usb-pendrive","7":"product_tag-metal-house-shaped-usb-flash-drive","8":"product_tag-zinc-alloy-usb-pen-drive","9":"desktop-align-left","10":"tablet-align-left","11":"mobile-align-left","13":"first","14":"instock","15":"shipping-taxable","16":"product-type-simple"},"_links":{"self":[{"href":"https:\/\/www.usborkeychain.com\/es\/wp-json\/wp\/v2\/product\/4670","targetHints":{"allow":["GET"]}}],"collection":[{"href":"https:\/\/www.usborkeychain.com\/es\/wp-json\/wp\/v2\/product"}],"about":[{"href":"https:\/\/www.usborkeychain.com\/es\/wp-json\/wp\/v2\/types\/product"}],"replies":[{"embeddable":true,"href":"https:\/\/www.usborkeychain.com\/es\/wp-json\/wp\/v2\/comments?post=4670"}],"wp:featuredmedia":[{"embeddable":true,"href":"https:\/\/www.usborkeychain.com\/es\/wp-json\/wp\/v2\/media\/4677"}],"wp:attachment":[{"href":"https:\/\/www.usborkeychain.com\/es\/wp-json\/wp\/v2\/media?parent=4670"}],"wp:term":[{"taxonomy":"product_brand","embeddable":true,"href":"https:\/\/www.usborkeychain.com\/es\/wp-json\/wp\/v2\/product_brand?post=4670"},{"taxonomy":"product_cat","embeddable":true,"href":"https:\/\/www.usborkeychain.com\/es\/wp-json\/wp\/v2\/product_cat?post=4670"},{"taxonomy":"product_tag","embeddable":true,"href":"https:\/\/www.usborkeychain.com\/es\/wp-json\/wp\/v2\/product_tag?post=4670"}],"curies":[{"name":"wp","href":"https:\/\/api.w.org\/{rel}","templated":true}]}}