{"id":4693,"date":"2025-07-27T01:27:06","date_gmt":"2025-07-27T01:27:06","guid":{"rendered":"https:\/\/www.usborkeychain.com\/?post_type=product&#038;p=4693"},"modified":"2025-08-14T12:10:51","modified_gmt":"2025-08-14T12:10:51","slug":"metal-aircraft-usb-flash-drive","status":"publish","type":"product","link":"https:\/\/www.usborkeychain.com\/es\/producto\/metal-aircraft-usb-flash-drive\/","title":{"rendered":"Memoria USB met\u00e1lica para aviones"},"content":{"rendered":"<div class=\"wp-block-columns is-layout-flex wp-container-core-columns-is-layout-28f84493 wp-block-columns-is-layout-flex\">\n<div class=\"wp-block-column is-vertically-aligned-center is-layout-flow wp-block-column-is-layout-flow\">\n<p>Este <strong>memoria USB met\u00e1lica para aviones<\/strong> est\u00e1 fabricado con materiales met\u00e1licos de alta calidad, como aleaci\u00f3n de aluminio y acero inoxidable. La textura met\u00e1lica le confiere propiedades robustas y duraderas, siendo resistente a las ca\u00eddas y al desgaste, lo que protege eficazmente el chip de almacenamiento interno. Adem\u00e1s, el brillo y la textura \u00fanicos del metal hacen que la memoria USB tenga un aspecto m\u00e1s exquisito y de alta calidad, realzando su aspecto y calidad.<\/p>\n\n\n\n<p>Dise\u00f1ado a partir de un avi\u00f3n real, est\u00e1 ingeniosamente fabricado en forma de mini avi\u00f3n. El fuselaje tiene l\u00edneas suaves y reproduce con precisi\u00f3n las caracter\u00edsticas externas del avi\u00f3n. Desde el morro y el fuselaje hasta las alas y la cola, los detalles se tratan meticulosamente, como si el veh\u00edculo de aviaci\u00f3n estuviera \"miniaturizado\" en la palma de la mano. El proceso de reducci\u00f3n proporcional de la escala permite a los entusiastas de la aviaci\u00f3n tener su propio y exclusivo \"mini avi\u00f3n\".<\/p>\n<\/div>\n\n\n\n<div class=\"wp-block-column is-vertically-aligned-center is-layout-flow wp-block-column-is-layout-flow\">\n<figure class=\"wp-block-image size-full\"><img alt=\"\" fetchpriority=\"high\" decoding=\"async\" width=\"800\" height=\"800\" src=\"https:\/\/www.usborkeychain.com\/wp-content\/uploads\/MetalAirplane-USB-Flash-Drive.jpg\" class=\"wp-image-4701\" srcset=\"https:\/\/www.usborkeychain.com\/wp-content\/uploads\/MetalAirplane-USB-Flash-Drive.jpg 800w, https:\/\/www.usborkeychain.com\/wp-content\/uploads\/MetalAirplane-USB-Flash-Drive-300x300.jpg 300w, https:\/\/www.usborkeychain.com\/wp-content\/uploads\/MetalAirplane-USB-Flash-Drive-150x150.jpg 150w, https:\/\/www.usborkeychain.com\/wp-content\/uploads\/MetalAirplane-USB-Flash-Drive-768x768.jpg 768w, https:\/\/www.usborkeychain.com\/wp-content\/uploads\/MetalAirplane-USB-Flash-Drive-12x12.jpg 12w, https:\/\/www.usborkeychain.com\/wp-content\/uploads\/MetalAirplane-USB-Flash-Drive-600x600.jpg 600w, https:\/\/www.usborkeychain.com\/wp-content\/uploads\/MetalAirplane-USB-Flash-Drive-100x100.jpg 100w\" sizes=\"(max-width: 800px) 100vw, 800px\" \/><\/figure>\n<\/div>\n<\/div>\n\n\n\n<h2 class=\"wp-block-heading\">Par\u00e1metros de la memoria USB<\/h2>\n\n\n\n<figure class=\"wp-block-table\"><table class=\"has-fixed-layout\"><thead><tr><th>Categor\u00eda de par\u00e1metros<\/th><th>Detalles<\/th><\/tr><\/thead><tbody><tr><td>Capacidad de almacenamiento<\/td><td>8GB, 16GB, 32GB, 64GB, 128GB<\/td><\/tr><tr><td>Tipo de interfaz<\/td><td>USB 2.0, USB 3.0, USB 3.1<\/td><\/tr><tr><td>Dimensiones del producto (Largo * Ancho * Alto)<\/td><td>Aproximadamente 50-80 mm de longitud, 10-20 mm de anchura, 10-20 mm de altura<\/td><\/tr><\/tbody><\/table><\/figure>\n\n\n\n<h2 class=\"wp-block-heading\">\u00bfSe pueden imprimir logotipos? \u00bfQu\u00e9 procesos de impresi\u00f3n existen?<\/h2>\n\n\n\n<div class=\"wp-block-columns is-layout-flex wp-container-core-columns-is-layout-28f84493 wp-block-columns-is-layout-flex\">\n<div class=\"wp-block-column is-vertically-aligned-center is-layout-flow wp-block-column-is-layout-flow\">\n<figure class=\"wp-block-image size-full\"><img alt=\"\" decoding=\"async\" width=\"800\" height=\"800\" src=\"https:\/\/www.usborkeychain.com\/wp-content\/uploads\/AviationMetal-USB-Flash-Drive.jpg\" class=\"wp-image-4697\" srcset=\"https:\/\/www.usborkeychain.com\/wp-content\/uploads\/AviationMetal-USB-Flash-Drive.jpg 800w, https:\/\/www.usborkeychain.com\/wp-content\/uploads\/AviationMetal-USB-Flash-Drive-300x300.jpg 300w, https:\/\/www.usborkeychain.com\/wp-content\/uploads\/AviationMetal-USB-Flash-Drive-150x150.jpg 150w, https:\/\/www.usborkeychain.com\/wp-content\/uploads\/AviationMetal-USB-Flash-Drive-768x768.jpg 768w, https:\/\/www.usborkeychain.com\/wp-content\/uploads\/AviationMetal-USB-Flash-Drive-12x12.jpg 12w, https:\/\/www.usborkeychain.com\/wp-content\/uploads\/AviationMetal-USB-Flash-Drive-600x600.jpg 600w, https:\/\/www.usborkeychain.com\/wp-content\/uploads\/AviationMetal-USB-Flash-Drive-100x100.jpg 100w\" sizes=\"(max-width: 800px) 100vw, 800px\" \/><\/figure>\n<\/div>\n\n\n\n<div class=\"wp-block-column is-vertically-aligned-center is-layout-flow wp-block-column-is-layout-flow\">\n<p>En <strong>memoria USB met\u00e1lica para aviones<\/strong> admite la impresi\u00f3n de logotipos personalizados, con los siguientes procesos habituales:<\/p>\n\n\n\n<ul class=\"wp-block-list\">\n<li><strong>Grabado por l\u00e1ser<\/strong>: Graba con precisi\u00f3n logotipos en la superficie met\u00e1lica, con l\u00edneas claras, textura fuerte y resistencia al desgaste, adecuado para patrones simples y logotipos de texto.<\/li>\n\n\n\n<li><strong>Serigraf\u00eda<\/strong>: Utiliza tinta para impresi\u00f3n, que puede presentar logotipos vistosos con colores brillantes, y tiene buena adaptabilidad a dise\u00f1os de colores complejos.<\/li>\n\n\n\n<li><strong>Galvanoplastia y coloraci\u00f3n<\/strong>: Primero se galvanoplastia y luego se colorea, con lo que los colores del logotipo se llenan y los bordes se aclaran, con un coste relativamente elevado.<\/li>\n<\/ul>\n<\/div>\n<\/div>\n\n\n\n<h2 class=\"wp-block-heading\">\u00bfCu\u00e1les son las opciones de envasado m\u00e1s comunes?<\/h2>\n\n\n\n<div class=\"wp-block-columns is-layout-flex wp-container-core-columns-is-layout-28f84493 wp-block-columns-is-layout-flex\">\n<div class=\"wp-block-column is-vertically-aligned-center is-layout-flow wp-block-column-is-layout-flow\">\n<ul class=\"wp-block-list\">\n<li><strong>Caja de pl\u00e1stico simple \/ Caja de papel<\/strong>: De bajo coste, con informaci\u00f3n de marca imprimible en la superficie de la caja, adecuado para regalos habituales y regalos de empresa.<\/li>\n\n\n\n<li><strong>Caja de regalo personalizada<\/strong>: Equipado con forros de esponja y franela para mejorar el grado, adecuado para regalos de gama alta y regalos para clientes importantes.<\/li>\n\n\n\n<li><strong>Llavero Tarjeta Colgante Embalaje<\/strong>: Fija la unidad flash USB y el llavero juntos en una exquisita tarjeta colgante, conveniente para la venta al por menor y la distribuci\u00f3n en exposiciones.<\/li>\n<\/ul>\n<\/div>\n\n\n\n<div class=\"wp-block-column is-vertically-aligned-center is-layout-flow wp-block-column-is-layout-flow\">\n<figure class=\"wp-block-image size-full\"><img alt=\"\" decoding=\"async\" width=\"800\" height=\"800\" src=\"https:\/\/www.usborkeychain.com\/wp-content\/uploads\/KeychainPlane-USB-Flash-Drive.jpg\" class=\"wp-image-4699\" srcset=\"https:\/\/www.usborkeychain.com\/wp-content\/uploads\/KeychainPlane-USB-Flash-Drive.jpg 800w, https:\/\/www.usborkeychain.com\/wp-content\/uploads\/KeychainPlane-USB-Flash-Drive-300x300.jpg 300w, https:\/\/www.usborkeychain.com\/wp-content\/uploads\/KeychainPlane-USB-Flash-Drive-150x150.jpg 150w, https:\/\/www.usborkeychain.com\/wp-content\/uploads\/KeychainPlane-USB-Flash-Drive-768x768.jpg 768w, https:\/\/www.usborkeychain.com\/wp-content\/uploads\/KeychainPlane-USB-Flash-Drive-12x12.jpg 12w, https:\/\/www.usborkeychain.com\/wp-content\/uploads\/KeychainPlane-USB-Flash-Drive-600x600.jpg 600w, https:\/\/www.usborkeychain.com\/wp-content\/uploads\/KeychainPlane-USB-Flash-Drive-100x100.jpg 100w\" sizes=\"(max-width: 800px) 100vw, 800px\" \/><\/figure>\n<\/div>\n<\/div>\n\n\n\n<h2 class=\"wp-block-heading\">\u00bfCu\u00e1nto tarda la producci\u00f3n en serie a medida?<\/h2>\n\n\n\n<p>El ciclo de producci\u00f3n a medida en serie depende de la cantidad del pedido y de la complejidad del proceso. El proceso est\u00e1ndar es el siguiente: tras confirmar el dise\u00f1o, se pasa a la fase de producci\u00f3n e impresi\u00f3n. Para un lote t\u00edpico (como 500-1000 unidades), el ciclo total suele ser de 10-15 d\u00edas, incluyendo 1-2 d\u00edas para la revisi\u00f3n del dise\u00f1o (es necesario proporcionar los archivos del logotipo), 5-7 d\u00edas para la producci\u00f3n del cuerpo principal de la memoria USB (incluyendo el moldeado del modelo y el montaje de la interfaz), y 3-5 d\u00edas para la impresi\u00f3n del logotipo y el embalaje (con m\u00faltiples procesos opcionales). Los lotes peque\u00f1os o las personalizaciones especiales (como alta capacidad de 128 GB o impresi\u00f3n UV) pueden tardar entre 15 y 20 d\u00edas. Los factores que influyen son:<\/p>\n\n\n\n<ul class=\"wp-block-list\">\n<li><strong>Adquisici\u00f3n de material<\/strong>: Plazo de entrega de aleaci\u00f3n de zinc o materiales personalizados.<\/li>\n\n\n\n<li><strong>Complejidad del proceso<\/strong>: La impresi\u00f3n multicolor o el grabado fino aumentan las horas de trabajo.<\/li>\n\n\n\n<li><strong>Integraci\u00f3n log\u00edstica<\/strong>: Garantizar un env\u00edo eficiente, proporcionando un servicio integral desde la realizaci\u00f3n del pedido hasta la entrega.<\/li>\n<\/ul>\n\n\n\n<div class=\"wp-block-columns is-layout-flex wp-container-core-columns-is-layout-28f84493 wp-block-columns-is-layout-flex\">\n<div class=\"wp-block-column is-vertically-aligned-top is-layout-flow wp-block-column-is-layout-flow\">\n<figure class=\"wp-block-image size-full\"><img alt=\"\" loading=\"lazy\" decoding=\"async\" width=\"800\" height=\"800\" src=\"https:\/\/www.usborkeychain.com\/wp-content\/uploads\/ShinyPlane-USB-Flash-Drive.jpg\" class=\"wp-image-4705\" srcset=\"https:\/\/www.usborkeychain.com\/wp-content\/uploads\/ShinyPlane-USB-Flash-Drive.jpg 800w, https:\/\/www.usborkeychain.com\/wp-content\/uploads\/ShinyPlane-USB-Flash-Drive-300x300.jpg 300w, https:\/\/www.usborkeychain.com\/wp-content\/uploads\/ShinyPlane-USB-Flash-Drive-150x150.jpg 150w, https:\/\/www.usborkeychain.com\/wp-content\/uploads\/ShinyPlane-USB-Flash-Drive-768x768.jpg 768w, https:\/\/www.usborkeychain.com\/wp-content\/uploads\/ShinyPlane-USB-Flash-Drive-12x12.jpg 12w, https:\/\/www.usborkeychain.com\/wp-content\/uploads\/ShinyPlane-USB-Flash-Drive-600x600.jpg 600w, https:\/\/www.usborkeychain.com\/wp-content\/uploads\/ShinyPlane-USB-Flash-Drive-100x100.jpg 100w\" sizes=\"(max-width: 800px) 100vw, 800px\" \/><\/figure>\n<\/div>\n\n\n\n<div class=\"wp-block-column is-layout-flow wp-block-column-is-layout-flow\">\n<figure class=\"wp-block-image size-full\"><img alt=\"\" loading=\"lazy\" decoding=\"async\" width=\"800\" height=\"800\" src=\"https:\/\/www.usborkeychain.com\/wp-content\/uploads\/PromoPlane-USB-Flash-Drive.jpg\" class=\"wp-image-4704\" srcset=\"https:\/\/www.usborkeychain.com\/wp-content\/uploads\/PromoPlane-USB-Flash-Drive.jpg 800w, https:\/\/www.usborkeychain.com\/wp-content\/uploads\/PromoPlane-USB-Flash-Drive-300x300.jpg 300w, https:\/\/www.usborkeychain.com\/wp-content\/uploads\/PromoPlane-USB-Flash-Drive-150x150.jpg 150w, https:\/\/www.usborkeychain.com\/wp-content\/uploads\/PromoPlane-USB-Flash-Drive-768x768.jpg 768w, https:\/\/www.usborkeychain.com\/wp-content\/uploads\/PromoPlane-USB-Flash-Drive-12x12.jpg 12w, https:\/\/www.usborkeychain.com\/wp-content\/uploads\/PromoPlane-USB-Flash-Drive-600x600.jpg 600w, https:\/\/www.usborkeychain.com\/wp-content\/uploads\/PromoPlane-USB-Flash-Drive-100x100.jpg 100w\" sizes=\"(max-width: 800px) 100vw, 800px\" \/><\/figure>\n<\/div>\n\n\n\n<div class=\"wp-block-column is-layout-flow wp-block-column-is-layout-flow\">\n<figure class=\"wp-block-image size-full\"><img alt=\"\" loading=\"lazy\" decoding=\"async\" width=\"800\" height=\"800\" src=\"https:\/\/www.usborkeychain.com\/wp-content\/uploads\/MiniJet-USB-Flash-Drive.jpg\" class=\"wp-image-4703\" srcset=\"https:\/\/www.usborkeychain.com\/wp-content\/uploads\/MiniJet-USB-Flash-Drive.jpg 800w, https:\/\/www.usborkeychain.com\/wp-content\/uploads\/MiniJet-USB-Flash-Drive-300x300.jpg 300w, https:\/\/www.usborkeychain.com\/wp-content\/uploads\/MiniJet-USB-Flash-Drive-150x150.jpg 150w, https:\/\/www.usborkeychain.com\/wp-content\/uploads\/MiniJet-USB-Flash-Drive-768x768.jpg 768w, https:\/\/www.usborkeychain.com\/wp-content\/uploads\/MiniJet-USB-Flash-Drive-12x12.jpg 12w, https:\/\/www.usborkeychain.com\/wp-content\/uploads\/MiniJet-USB-Flash-Drive-600x600.jpg 600w, https:\/\/www.usborkeychain.com\/wp-content\/uploads\/MiniJet-USB-Flash-Drive-100x100.jpg 100w\" sizes=\"(max-width: 800px) 100vw, 800px\" \/><\/figure>\n<\/div>\n<\/div>\n\n\n\n<p>Basado en materiales met\u00e1licos de alta calidad, el<strong> memoria USB met\u00e1lica para aviones<\/strong> tiene tanto belleza como textura en apariencia con su exquisito dise\u00f1o en forma de avi\u00f3n. Sus ricos par\u00e1metros satisfacen diversas necesidades de almacenamiento, y admite la personalizaci\u00f3n del logotipo para ayudar a la comunicaci\u00f3n de la marca. Las formas flexibles del envase se adaptan a distintos escenarios, y el ciclo de personalizaci\u00f3n masiva es controlable. Ya sea para colecci\u00f3n de entusiastas de la aviaci\u00f3n, para uso diario de hombres de negocios o para regalos personalizados para empresas, puede convertirse en una elecci\u00f3n llamativa en el campo del almacenamiento digital y los regalos creativos con su encanto \u00fanico y su valor pr\u00e1ctico.<\/p>\n\n\n\n<div class=\"wp-block-columns is-layout-flex wp-container-core-columns-is-layout-28f84493 wp-block-columns-is-layout-flex\">\n<div class=\"wp-block-column is-layout-flow wp-block-column-is-layout-flow\">\n<figure class=\"wp-block-image size-full\"><img alt=\"\" loading=\"lazy\" decoding=\"async\" width=\"800\" height=\"800\" src=\"https:\/\/www.usborkeychain.com\/wp-content\/uploads\/AircraftKey-USB-Flash-Drive.jpg\" class=\"wp-image-4696\" srcset=\"https:\/\/www.usborkeychain.com\/wp-content\/uploads\/AircraftKey-USB-Flash-Drive.jpg 800w, https:\/\/www.usborkeychain.com\/wp-content\/uploads\/AircraftKey-USB-Flash-Drive-300x300.jpg 300w, https:\/\/www.usborkeychain.com\/wp-content\/uploads\/AircraftKey-USB-Flash-Drive-150x150.jpg 150w, https:\/\/www.usborkeychain.com\/wp-content\/uploads\/AircraftKey-USB-Flash-Drive-768x768.jpg 768w, https:\/\/www.usborkeychain.com\/wp-content\/uploads\/AircraftKey-USB-Flash-Drive-12x12.jpg 12w, https:\/\/www.usborkeychain.com\/wp-content\/uploads\/AircraftKey-USB-Flash-Drive-600x600.jpg 600w, https:\/\/www.usborkeychain.com\/wp-content\/uploads\/AircraftKey-USB-Flash-Drive-100x100.jpg 100w\" sizes=\"(max-width: 800px) 100vw, 800px\" \/><\/figure>\n<\/div>\n\n\n\n<div class=\"wp-block-column is-layout-flow wp-block-column-is-layout-flow\">\n<figure class=\"wp-block-image size-full\"><img alt=\"\" loading=\"lazy\" decoding=\"async\" width=\"800\" height=\"800\" src=\"https:\/\/www.usborkeychain.com\/wp-content\/uploads\/MetalFlyer-USB-Flash-Drive.jpg\" class=\"wp-image-4702\" srcset=\"https:\/\/www.usborkeychain.com\/wp-content\/uploads\/MetalFlyer-USB-Flash-Drive.jpg 800w, https:\/\/www.usborkeychain.com\/wp-content\/uploads\/MetalFlyer-USB-Flash-Drive-300x300.jpg 300w, https:\/\/www.usborkeychain.com\/wp-content\/uploads\/MetalFlyer-USB-Flash-Drive-150x150.jpg 150w, https:\/\/www.usborkeychain.com\/wp-content\/uploads\/MetalFlyer-USB-Flash-Drive-768x768.jpg 768w, https:\/\/www.usborkeychain.com\/wp-content\/uploads\/MetalFlyer-USB-Flash-Drive-12x12.jpg 12w, https:\/\/www.usborkeychain.com\/wp-content\/uploads\/MetalFlyer-USB-Flash-Drive-600x600.jpg 600w, https:\/\/www.usborkeychain.com\/wp-content\/uploads\/MetalFlyer-USB-Flash-Drive-100x100.jpg 100w\" sizes=\"(max-width: 800px) 100vw, 800px\" \/><\/figure>\n<\/div>\n<\/div>","protected":false},"excerpt":{"rendered":"<ul>\n<li>Materiales met\u00e1licos<\/li>\n<\/ul>","protected":false},"featured_media":4701,"comment_status":"open","ping_status":"closed","template":"","meta":{"_seopress_robots_primary_cat":"","_seopress_titles_title":"","_seopress_titles_desc":"","_seopress_robots_index":"","site-sidebar-layout":"default","site-content-layout":"","ast-site-content-layout":"","site-content-style":"default","site-sidebar-style":"default","ast-global-header-display":"","ast-banner-title-visibility":"","ast-main-header-display":"","ast-hfb-above-header-display":"","ast-hfb-below-header-display":"","ast-hfb-mobile-header-display":"","site-post-title":"","ast-breadcrumbs-content":"","ast-featured-img":"","footer-sml-layout":"","theme-transparent-header-meta":"","adv-header-id-meta":"","stick-header-meta":"","header-above-stick-meta":"","header-main-stick-meta":"","header-below-stick-meta":"","astra-migrate-meta-layouts":"default","ast-page-background-enabled":"default","ast-page-background-meta":{"desktop":{"background-color":"var(--ast-global-color-5)","background-image":"","background-repeat":"repeat","background-position":"center center","background-size":"auto","background-attachment":"scroll","background-type":"","background-media":"","overlay-type":"","overlay-color":"","overlay-opacity":"","overlay-gradient":""},"tablet":{"background-color":"","background-image":"","background-repeat":"repeat","background-position":"center center","background-size":"auto","background-attachment":"scroll","background-type":"","background-media":"","overlay-type":"","overlay-color":"","overlay-opacity":"","overlay-gradient":""},"mobile":{"background-color":"","background-image":"","background-repeat":"repeat","background-position":"center center","background-size":"auto","background-attachment":"scroll","background-type":"","background-media":"","overlay-type":"","overlay-color":"","overlay-opacity":"","overlay-gradient":""}},"ast-content-background-meta":{"desktop":{"background-color":"var(--ast-global-color-4)","background-image":"","background-repeat":"repeat","background-position":"center center","background-size":"auto","background-attachment":"scroll","background-type":"","background-media":"","overlay-type":"","overlay-color":"","overlay-opacity":"","overlay-gradient":""},"tablet":{"background-color":"var(--ast-global-color-4)","background-image":"","background-repeat":"repeat","background-position":"center center","background-size":"auto","background-attachment":"scroll","background-type":"","background-media":"","overlay-type":"","overlay-color":"","overlay-opacity":"","overlay-gradient":""},"mobile":{"background-color":"var(--ast-global-color-4)","background-image":"","background-repeat":"repeat","background-position":"center center","background-size":"auto","background-attachment":"scroll","background-type":"","background-media":"","overlay-type":"","overlay-color":"","overlay-opacity":"","overlay-gradient":""}}},"product_brand":[],"product_cat":[89],"product_tag":[295,397],"class_list":{"0":"post-4693","1":"product","2":"type-product","3":"status-publish","4":"has-post-thumbnail","6":"product_cat-metal-usb-pendrive","7":"product_tag-metal-aircraft-usb-flash-drive","8":"product_tag-zinc-alloy-usb-pen-drive","9":"desktop-align-left","10":"tablet-align-left","11":"mobile-align-left","13":"first","14":"instock","15":"shipping-taxable","16":"product-type-simple"},"_links":{"self":[{"href":"https:\/\/www.usborkeychain.com\/es\/wp-json\/wp\/v2\/product\/4693","targetHints":{"allow":["GET"]}}],"collection":[{"href":"https:\/\/www.usborkeychain.com\/es\/wp-json\/wp\/v2\/product"}],"about":[{"href":"https:\/\/www.usborkeychain.com\/es\/wp-json\/wp\/v2\/types\/product"}],"replies":[{"embeddable":true,"href":"https:\/\/www.usborkeychain.com\/es\/wp-json\/wp\/v2\/comments?post=4693"}],"wp:featuredmedia":[{"embeddable":true,"href":"https:\/\/www.usborkeychain.com\/es\/wp-json\/wp\/v2\/media\/4701"}],"wp:attachment":[{"href":"https:\/\/www.usborkeychain.com\/es\/wp-json\/wp\/v2\/media?parent=4693"}],"wp:term":[{"taxonomy":"product_brand","embeddable":true,"href":"https:\/\/www.usborkeychain.com\/es\/wp-json\/wp\/v2\/product_brand?post=4693"},{"taxonomy":"product_cat","embeddable":true,"href":"https:\/\/www.usborkeychain.com\/es\/wp-json\/wp\/v2\/product_cat?post=4693"},{"taxonomy":"product_tag","embeddable":true,"href":"https:\/\/www.usborkeychain.com\/es\/wp-json\/wp\/v2\/product_tag?post=4693"}],"curies":[{"name":"wp","href":"https:\/\/api.w.org\/{rel}","templated":true}]}}