{"id":4709,"date":"2025-07-27T06:40:10","date_gmt":"2025-07-27T06:40:10","guid":{"rendered":"https:\/\/www.usborkeychain.com\/?post_type=product&#038;p=4709"},"modified":"2025-07-27T07:14:46","modified_gmt":"2025-07-27T07:14:46","slug":"metal-and-pu-leather-braided-rope-wristband-usb-drive","status":"publish","type":"product","link":"https:\/\/www.usborkeychain.com\/es\/producto\/metal-and-pu-leather-braided-rope-wristband-usb-drive\/","title":{"rendered":"Pulsera USB de metal y cuero de PU con cuerda trenzada"},"content":{"rendered":"<p>Esta unidad USB con pulsera de cuerda trenzada de metal y piel de poliuretano combina funcionalidad y estilo. Dise\u00f1ado para la comodidad y construido para el rendimiento, es la soluci\u00f3n ideal para el almacenamiento de datos port\u00e1til a trav\u00e9s del trabajo, el estudio y el uso personal.<\/p>\n\n\n\n<div class=\"wp-block-columns is-layout-flex wp-container-core-columns-is-layout-28f84493 wp-block-columns-is-layout-flex\">\n<div class=\"wp-block-column is-layout-flow wp-block-column-is-layout-flow\">\n<figure class=\"wp-block-image size-full\"><img alt=\"\" fetchpriority=\"high\" decoding=\"async\" width=\"800\" height=\"800\" src=\"https:\/\/www.usborkeychain.com\/wp-content\/uploads\/Leather-Bracelet-for-Men-Black-Braided-PU.jpg\" class=\"wp-image-4713\" srcset=\"https:\/\/www.usborkeychain.com\/wp-content\/uploads\/Leather-Bracelet-for-Men-Black-Braided-PU.jpg 800w, https:\/\/www.usborkeychain.com\/wp-content\/uploads\/Leather-Bracelet-for-Men-Black-Braided-PU-300x300.jpg 300w, https:\/\/www.usborkeychain.com\/wp-content\/uploads\/Leather-Bracelet-for-Men-Black-Braided-PU-150x150.jpg 150w, https:\/\/www.usborkeychain.com\/wp-content\/uploads\/Leather-Bracelet-for-Men-Black-Braided-PU-768x768.jpg 768w, https:\/\/www.usborkeychain.com\/wp-content\/uploads\/Leather-Bracelet-for-Men-Black-Braided-PU-12x12.jpg 12w, https:\/\/www.usborkeychain.com\/wp-content\/uploads\/Leather-Bracelet-for-Men-Black-Braided-PU-600x600.jpg 600w, https:\/\/www.usborkeychain.com\/wp-content\/uploads\/Leather-Bracelet-for-Men-Black-Braided-PU-100x100.jpg 100w\" sizes=\"(max-width: 800px) 100vw, 800px\" \/><\/figure>\n<\/div>\n\n\n\n<div class=\"wp-block-column is-vertically-aligned-center is-layout-flow wp-block-column-is-layout-flow\">\n<h2 class=\"wp-block-heading\"><strong>Dise\u00f1o de correa para la mu\u00f1eca - Longitud total: 23,3 cm<\/strong><\/h2>\n\n\n\n<ul class=\"wp-block-list\">\n<li>Presenta una estructura flexible y duradera <strong>Mu\u00f1equera de 23,3 cm<\/strong> dise\u00f1o<\/li>\n\n\n\n<li>Hecho de <strong>metal + cuero<\/strong> para un aspecto elegante y de calidad<\/li>\n\n\n\n<li>Funciona como <strong>Unidad flash USB<\/strong> y un <strong>pulsera wearable<\/strong><\/li>\n\n\n\n<li>F\u00e1cil de llevar: en la mu\u00f1eca o en la mochila. <strong>bolso, bolsillo, monedero o mochila<\/strong><\/li>\n\n\n\n<li>Ideal para <strong>adolescentes, estudiantes y adultos<\/strong> que buscan comodidad y dise\u00f1o<\/li>\n<\/ul>\n<\/div>\n<\/div>\n\n\n\n<div class=\"wp-block-columns is-layout-flex wp-container-core-columns-is-layout-28f84493 wp-block-columns-is-layout-flex\">\n<div class=\"wp-block-column is-vertically-aligned-center is-layout-flow wp-block-column-is-layout-flow\">\n<h3 class=\"wp-block-heading\">Especificaciones:<\/h3>\n\n\n\n<ul class=\"wp-block-list\">\n<li>Nombre del producto: Memoria USB<\/li>\n\n\n\n<li>Color: Negro<\/li>\n\n\n\n<li>Material: Metal+Piel<\/li>\n\n\n\n<li>Size: 233*15*10mm\/9.17*0.59*0.39inches<\/li>\n\n\n\n<li>Puerto USB: USB 2.0<\/li>\n\n\n\n<li>Capacity: 4GB\u30018GB\u300116GB\u300132GB\u300164GB\u3001128GB<\/li>\n\n\n\n<li>Compatibilidad: Windows 7 \/ 8 \/ 10 \/ Vista \/ XP \/ 2000 \/ ME \/ NT Linux y Mac OS, etc.<\/li>\n\n\n\n<li>Dispositivos compatibles: port\u00e1tiles, PC, SmartTV Car Audio Music Player y otros dispositivos compatibles con USB 2.0<\/li>\n<\/ul>\n<\/div>\n\n\n\n<div class=\"wp-block-column is-layout-flow wp-block-column-is-layout-flow\">\n<figure class=\"wp-block-image size-full\"><img alt=\"\" decoding=\"async\" width=\"800\" height=\"800\" src=\"https:\/\/www.usborkeychain.com\/wp-content\/uploads\/Metal-and-PU-Leather-Braided-Rope-Wristband-USB-Drive.jpg\" class=\"wp-image-4715\" srcset=\"https:\/\/www.usborkeychain.com\/wp-content\/uploads\/Metal-and-PU-Leather-Braided-Rope-Wristband-USB-Drive.jpg 800w, https:\/\/www.usborkeychain.com\/wp-content\/uploads\/Metal-and-PU-Leather-Braided-Rope-Wristband-USB-Drive-300x300.jpg 300w, https:\/\/www.usborkeychain.com\/wp-content\/uploads\/Metal-and-PU-Leather-Braided-Rope-Wristband-USB-Drive-150x150.jpg 150w, https:\/\/www.usborkeychain.com\/wp-content\/uploads\/Metal-and-PU-Leather-Braided-Rope-Wristband-USB-Drive-768x768.jpg 768w, https:\/\/www.usborkeychain.com\/wp-content\/uploads\/Metal-and-PU-Leather-Braided-Rope-Wristband-USB-Drive-12x12.jpg 12w, https:\/\/www.usborkeychain.com\/wp-content\/uploads\/Metal-and-PU-Leather-Braided-Rope-Wristband-USB-Drive-600x600.jpg 600w, https:\/\/www.usborkeychain.com\/wp-content\/uploads\/Metal-and-PU-Leather-Braided-Rope-Wristband-USB-Drive-100x100.jpg 100w\" sizes=\"(max-width: 800px) 100vw, 800px\" \/><\/figure>\n<\/div>\n<\/div>\n\n\n\n<h2 class=\"wp-block-heading\">\u00bfPor qu\u00e9 utilizar la unidad USB de pulsera de cuerda trenzada de cuero de PU?<\/h2>\n\n\n\n<p><br>Las memorias USB con pulsera de cuerda trenzada de cuero PU son una forma \u00fanica de promocionar su marca. Con este dise\u00f1o innovador, sus clientes podr\u00e1n llevar sus documentos, fotos y v\u00eddeos all\u00e1 donde vayan, todo ello luciendo una pulsera de goma a la moda que muestra su negocio.<\/p>\n\n\n\n<div class=\"wp-block-columns is-layout-flex wp-container-core-columns-is-layout-9c22b1e3 wp-block-columns-is-layout-flex\">\n<div class=\"wp-block-column is-layout-flow wp-block-column-is-layout-flow\">\n<figure class=\"wp-block-image size-large\"><img alt=\"\" decoding=\"async\" width=\"800\" height=\"800\" src=\"https:\/\/www.usborkeychain.com\/wp-content\/uploads\/61lFwA6c9xL._SL1500_-800x800.jpg\" class=\"wp-image-4720\" srcset=\"https:\/\/www.usborkeychain.com\/wp-content\/uploads\/61lFwA6c9xL._SL1500_-800x800.jpg 800w, https:\/\/www.usborkeychain.com\/wp-content\/uploads\/61lFwA6c9xL._SL1500_-300x300.jpg 300w, https:\/\/www.usborkeychain.com\/wp-content\/uploads\/61lFwA6c9xL._SL1500_-150x150.jpg 150w, https:\/\/www.usborkeychain.com\/wp-content\/uploads\/61lFwA6c9xL._SL1500_-768x768.jpg 768w, https:\/\/www.usborkeychain.com\/wp-content\/uploads\/61lFwA6c9xL._SL1500_-12x12.jpg 12w, https:\/\/www.usborkeychain.com\/wp-content\/uploads\/61lFwA6c9xL._SL1500_-600x600.jpg 600w, https:\/\/www.usborkeychain.com\/wp-content\/uploads\/61lFwA6c9xL._SL1500_-100x100.jpg 100w, https:\/\/www.usborkeychain.com\/wp-content\/uploads\/61lFwA6c9xL._SL1500_.jpg 1500w\" sizes=\"(max-width: 800px) 100vw, 800px\" \/><\/figure>\n<\/div>\n\n\n\n<div class=\"wp-block-column is-layout-flow wp-block-column-is-layout-flow\">\n<figure class=\"wp-block-image size-large\"><img alt=\"\" loading=\"lazy\" decoding=\"async\" width=\"800\" height=\"800\" src=\"https:\/\/www.usborkeychain.com\/wp-content\/uploads\/61R7qeXl1JL._SL1500_-800x800.jpg\" class=\"wp-image-4721\" srcset=\"https:\/\/www.usborkeychain.com\/wp-content\/uploads\/61R7qeXl1JL._SL1500_-800x800.jpg 800w, https:\/\/www.usborkeychain.com\/wp-content\/uploads\/61R7qeXl1JL._SL1500_-300x300.jpg 300w, https:\/\/www.usborkeychain.com\/wp-content\/uploads\/61R7qeXl1JL._SL1500_-150x150.jpg 150w, https:\/\/www.usborkeychain.com\/wp-content\/uploads\/61R7qeXl1JL._SL1500_-768x768.jpg 768w, https:\/\/www.usborkeychain.com\/wp-content\/uploads\/61R7qeXl1JL._SL1500_-12x12.jpg 12w, https:\/\/www.usborkeychain.com\/wp-content\/uploads\/61R7qeXl1JL._SL1500_-600x600.jpg 600w, https:\/\/www.usborkeychain.com\/wp-content\/uploads\/61R7qeXl1JL._SL1500_-100x100.jpg 100w, https:\/\/www.usborkeychain.com\/wp-content\/uploads\/61R7qeXl1JL._SL1500_.jpg 1500w\" sizes=\"(max-width: 800px) 100vw, 800px\" \/><\/figure>\n<\/div>\n<\/div>\n\n\n\n<h2 class=\"wp-block-heading\">\u00bfCu\u00e1l es la cantidad m\u00ednima de unidades USB personalizadas?<\/h2>\n\n\n\n<p>La mayor\u00eda de los fabricantes exigen un MOQ de al menos 1.000 unidades, aunque algunos admiten peque\u00f1os pedidos de prueba de 500 unidades, con un incremento del precio unitario de entre 20% y 30%. En YOUSAN USB Drive Factory, nuestras memorias USB para pulseras ya preparadas tienen un MOQ de 100 unidades (incluyendo logotipos personalizados), mientras que los dise\u00f1os personalizados requieren un MOQ de 500 unidades.<\/p>\n\n\n\n<p><\/p>","protected":false},"excerpt":{"rendered":"<ul>\n<li>Metal y cuero PU<\/li>\n<li>Mu\u00f1equera de cuerda trenzada<\/li>\n<li>LOGOTIPO personalizado<\/li>\n<li>Pulsera Memoria USB<\/li>\n<li>MOQ:100PCS<\/li>\n<\/ul>","protected":false},"featured_media":4712,"comment_status":"open","ping_status":"closed","template":"","meta":{"_seopress_robots_primary_cat":"none","_seopress_titles_title":"","_seopress_titles_desc":"","_seopress_robots_index":"","site-sidebar-layout":"default","site-content-layout":"","ast-site-content-layout":"","site-content-style":"default","site-sidebar-style":"default","ast-global-header-display":"","ast-banner-title-visibility":"","ast-main-header-display":"","ast-hfb-above-header-display":"","ast-hfb-below-header-display":"","ast-hfb-mobile-header-display":"","site-post-title":"","ast-breadcrumbs-content":"","ast-featured-img":"","footer-sml-layout":"","theme-transparent-header-meta":"","adv-header-id-meta":"","stick-header-meta":"","header-above-stick-meta":"","header-main-stick-meta":"","header-below-stick-meta":"","astra-migrate-meta-layouts":"default","ast-page-background-enabled":"default","ast-page-background-meta":{"desktop":{"background-color":"var(--ast-global-color-5)","background-image":"","background-repeat":"repeat","background-position":"center center","background-size":"auto","background-attachment":"scroll","background-type":"","background-media":"","overlay-type":"","overlay-color":"","overlay-opacity":"","overlay-gradient":""},"tablet":{"background-color":"","background-image":"","background-repeat":"repeat","background-position":"center center","background-size":"auto","background-attachment":"scroll","background-type":"","background-media":"","overlay-type":"","overlay-color":"","overlay-opacity":"","overlay-gradient":""},"mobile":{"background-color":"","background-image":"","background-repeat":"repeat","background-position":"center center","background-size":"auto","background-attachment":"scroll","background-type":"","background-media":"","overlay-type":"","overlay-color":"","overlay-opacity":"","overlay-gradient":""}},"ast-content-background-meta":{"desktop":{"background-color":"var(--ast-global-color-4)","background-image":"","background-repeat":"repeat","background-position":"center center","background-size":"auto","background-attachment":"scroll","background-type":"","background-media":"","overlay-type":"","overlay-color":"","overlay-opacity":"","overlay-gradient":""},"tablet":{"background-color":"var(--ast-global-color-4)","background-image":"","background-repeat":"repeat","background-position":"center center","background-size":"auto","background-attachment":"scroll","background-type":"","background-media":"","overlay-type":"","overlay-color":"","overlay-opacity":"","overlay-gradient":""},"mobile":{"background-color":"var(--ast-global-color-4)","background-image":"","background-repeat":"repeat","background-position":"center center","background-size":"auto","background-attachment":"scroll","background-type":"","background-media":"","overlay-type":"","overlay-color":"","overlay-opacity":"","overlay-gradient":""}}},"product_brand":[],"product_cat":[97],"product_tag":[],"class_list":{"0":"post-4709","1":"product","2":"type-product","3":"status-publish","4":"has-post-thumbnail","6":"product_cat-wristband-usb-drives","7":"desktop-align-left","8":"tablet-align-left","9":"mobile-align-left","11":"first","12":"instock","13":"shipping-taxable","14":"product-type-simple"},"_links":{"self":[{"href":"https:\/\/www.usborkeychain.com\/es\/wp-json\/wp\/v2\/product\/4709","targetHints":{"allow":["GET"]}}],"collection":[{"href":"https:\/\/www.usborkeychain.com\/es\/wp-json\/wp\/v2\/product"}],"about":[{"href":"https:\/\/www.usborkeychain.com\/es\/wp-json\/wp\/v2\/types\/product"}],"replies":[{"embeddable":true,"href":"https:\/\/www.usborkeychain.com\/es\/wp-json\/wp\/v2\/comments?post=4709"}],"wp:featuredmedia":[{"embeddable":true,"href":"https:\/\/www.usborkeychain.com\/es\/wp-json\/wp\/v2\/media\/4712"}],"wp:attachment":[{"href":"https:\/\/www.usborkeychain.com\/es\/wp-json\/wp\/v2\/media?parent=4709"}],"wp:term":[{"taxonomy":"product_brand","embeddable":true,"href":"https:\/\/www.usborkeychain.com\/es\/wp-json\/wp\/v2\/product_brand?post=4709"},{"taxonomy":"product_cat","embeddable":true,"href":"https:\/\/www.usborkeychain.com\/es\/wp-json\/wp\/v2\/product_cat?post=4709"},{"taxonomy":"product_tag","embeddable":true,"href":"https:\/\/www.usborkeychain.com\/es\/wp-json\/wp\/v2\/product_tag?post=4709"}],"curies":[{"name":"wp","href":"https:\/\/api.w.org\/{rel}","templated":true}]}}