{"id":4723,"date":"2025-07-27T07:27:55","date_gmt":"2025-07-27T07:27:55","guid":{"rendered":"https:\/\/www.usborkeychain.com\/?post_type=product&#038;p=4723"},"modified":"2025-07-27T07:28:52","modified_gmt":"2025-07-27T07:28:52","slug":"wrist-strap-usb-flash-drive-with-led-logo","status":"publish","type":"product","link":"https:\/\/www.usborkeychain.com\/es\/producto\/wrist-strap-usb-flash-drive-with-led-logo\/","title":{"rendered":"Pulsera USB con Logo LED"},"content":{"rendered":"<p>La memoria USB de pulsera con logotipo LED es un producto vers\u00e1til y pr\u00e1ctico que combina la funcionalidad de una memoria USB con la comodidad de una pulsera. Con una capacidad que va de 1 MB a 512 GB, esta unidad flash es perfecta para almacenar y transferir archivos de gran tama\u00f1o.\u00a0<\/p>\n\n\n\n<div class=\"wp-block-columns is-layout-flex wp-container-core-columns-is-layout-28f84493 wp-block-columns-is-layout-flex\">\n<div class=\"wp-block-column is-layout-flow wp-block-column-is-layout-flow\">\n<figure class=\"wp-block-image size-full\"><img alt=\"\" fetchpriority=\"high\" decoding=\"async\" width=\"800\" height=\"800\" src=\"https:\/\/www.usborkeychain.com\/wp-content\/uploads\/black-Wrist-Strap-USB-Flash-Drive-with-LED-Logo.jpg\" class=\"wp-image-4726\" srcset=\"https:\/\/www.usborkeychain.com\/wp-content\/uploads\/black-Wrist-Strap-USB-Flash-Drive-with-LED-Logo.jpg 800w, https:\/\/www.usborkeychain.com\/wp-content\/uploads\/black-Wrist-Strap-USB-Flash-Drive-with-LED-Logo-300x300.jpg 300w, https:\/\/www.usborkeychain.com\/wp-content\/uploads\/black-Wrist-Strap-USB-Flash-Drive-with-LED-Logo-150x150.jpg 150w, https:\/\/www.usborkeychain.com\/wp-content\/uploads\/black-Wrist-Strap-USB-Flash-Drive-with-LED-Logo-768x768.jpg 768w, https:\/\/www.usborkeychain.com\/wp-content\/uploads\/black-Wrist-Strap-USB-Flash-Drive-with-LED-Logo-12x12.jpg 12w, https:\/\/www.usborkeychain.com\/wp-content\/uploads\/black-Wrist-Strap-USB-Flash-Drive-with-LED-Logo-600x600.jpg 600w, https:\/\/www.usborkeychain.com\/wp-content\/uploads\/black-Wrist-Strap-USB-Flash-Drive-with-LED-Logo-100x100.jpg 100w\" sizes=\"(max-width: 800px) 100vw, 800px\" \/><\/figure>\n<\/div>\n\n\n\n<div class=\"wp-block-column is-layout-flow wp-block-column-is-layout-flow\">\n<figure class=\"wp-block-image size-full\"><img alt=\"\" decoding=\"async\" width=\"800\" height=\"800\" src=\"https:\/\/www.usborkeychain.com\/wp-content\/uploads\/Wrist-Strap-USB-Flash-Drive-with-LED-Logo.jpg\" class=\"wp-image-4731\" srcset=\"https:\/\/www.usborkeychain.com\/wp-content\/uploads\/Wrist-Strap-USB-Flash-Drive-with-LED-Logo.jpg 800w, https:\/\/www.usborkeychain.com\/wp-content\/uploads\/Wrist-Strap-USB-Flash-Drive-with-LED-Logo-300x300.jpg 300w, https:\/\/www.usborkeychain.com\/wp-content\/uploads\/Wrist-Strap-USB-Flash-Drive-with-LED-Logo-150x150.jpg 150w, https:\/\/www.usborkeychain.com\/wp-content\/uploads\/Wrist-Strap-USB-Flash-Drive-with-LED-Logo-768x768.jpg 768w, https:\/\/www.usborkeychain.com\/wp-content\/uploads\/Wrist-Strap-USB-Flash-Drive-with-LED-Logo-12x12.jpg 12w, https:\/\/www.usborkeychain.com\/wp-content\/uploads\/Wrist-Strap-USB-Flash-Drive-with-LED-Logo-600x600.jpg 600w, https:\/\/www.usborkeychain.com\/wp-content\/uploads\/Wrist-Strap-USB-Flash-Drive-with-LED-Logo-100x100.jpg 100w\" sizes=\"(max-width: 800px) 100vw, 800px\" \/><\/figure>\n<\/div>\n<\/div>\n\n\n\n<p>Redefina la elegancia promocional con nuestro\u00a0<strong>Pulsera de PVC Unidad USB<\/strong>Una fusi\u00f3n de almacenamiento pr\u00e1ctico y marca llamativa. Equipada con un panel luminoso acr\u00edlico, esta tecnolog\u00eda port\u00e1til convierte su logotipo en una declaraci\u00f3n luminosa, disponible en rojo, verde, azul y otros tonos. Perfecta para eventos, obsequios o regalos de empresa, combina funcionalidad y dise\u00f1o.<\/p>\n\n\n\n<div class=\"wp-block-columns is-layout-flex wp-container-core-columns-is-layout-28f84493 wp-block-columns-is-layout-flex\">\n<div class=\"wp-block-column is-layout-flow wp-block-column-is-layout-flow\">\n<figure class=\"wp-block-image size-full\"><img alt=\"\" decoding=\"async\" width=\"800\" height=\"800\" src=\"https:\/\/www.usborkeychain.com\/wp-content\/uploads\/green-Wrist-Strap-USB-Flash-Drive-with-LED-Logo.jpg\" class=\"wp-image-4727\" srcset=\"https:\/\/www.usborkeychain.com\/wp-content\/uploads\/green-Wrist-Strap-USB-Flash-Drive-with-LED-Logo.jpg 800w, https:\/\/www.usborkeychain.com\/wp-content\/uploads\/green-Wrist-Strap-USB-Flash-Drive-with-LED-Logo-300x300.jpg 300w, https:\/\/www.usborkeychain.com\/wp-content\/uploads\/green-Wrist-Strap-USB-Flash-Drive-with-LED-Logo-150x150.jpg 150w, https:\/\/www.usborkeychain.com\/wp-content\/uploads\/green-Wrist-Strap-USB-Flash-Drive-with-LED-Logo-768x768.jpg 768w, https:\/\/www.usborkeychain.com\/wp-content\/uploads\/green-Wrist-Strap-USB-Flash-Drive-with-LED-Logo-12x12.jpg 12w, https:\/\/www.usborkeychain.com\/wp-content\/uploads\/green-Wrist-Strap-USB-Flash-Drive-with-LED-Logo-600x600.jpg 600w, https:\/\/www.usborkeychain.com\/wp-content\/uploads\/green-Wrist-Strap-USB-Flash-Drive-with-LED-Logo-100x100.jpg 100w\" sizes=\"(max-width: 800px) 100vw, 800px\" \/><\/figure>\n<\/div>\n\n\n\n<div class=\"wp-block-column is-layout-flow wp-block-column-is-layout-flow\">\n<figure class=\"wp-block-image size-full\"><img alt=\"\" loading=\"lazy\" decoding=\"async\" width=\"800\" height=\"800\" src=\"https:\/\/www.usborkeychain.com\/wp-content\/uploads\/Wrist-Strap-USB-Flash-Drive-with-green-LED-Logo.jpg\" class=\"wp-image-4730\" srcset=\"https:\/\/www.usborkeychain.com\/wp-content\/uploads\/Wrist-Strap-USB-Flash-Drive-with-green-LED-Logo.jpg 800w, https:\/\/www.usborkeychain.com\/wp-content\/uploads\/Wrist-Strap-USB-Flash-Drive-with-green-LED-Logo-300x300.jpg 300w, https:\/\/www.usborkeychain.com\/wp-content\/uploads\/Wrist-Strap-USB-Flash-Drive-with-green-LED-Logo-150x150.jpg 150w, https:\/\/www.usborkeychain.com\/wp-content\/uploads\/Wrist-Strap-USB-Flash-Drive-with-green-LED-Logo-768x768.jpg 768w, https:\/\/www.usborkeychain.com\/wp-content\/uploads\/Wrist-Strap-USB-Flash-Drive-with-green-LED-Logo-12x12.jpg 12w, https:\/\/www.usborkeychain.com\/wp-content\/uploads\/Wrist-Strap-USB-Flash-Drive-with-green-LED-Logo-600x600.jpg 600w, https:\/\/www.usborkeychain.com\/wp-content\/uploads\/Wrist-Strap-USB-Flash-Drive-with-green-LED-Logo-100x100.jpg 100w\" sizes=\"(max-width: 800px) 100vw, 800px\" \/><\/figure>\n<\/div>\n<\/div>\n\n\n\n<h3 class=\"wp-block-heading\">1. Material y construcci\u00f3n: Tacto suave Durabilidad<\/h3>\n\n\n\n<p>Fabricado en&nbsp;<strong>goma blanda de PVC de primera calidad<\/strong>la pulsera ofrece:<\/p>\n\n\n\n<ul class=\"wp-block-list\">\n<li><strong>Flexibilidad<\/strong>: Se adapta c\u00f3modamente a las mu\u00f1ecas (tallas adulto\/ni\u00f1o disponibles, circunferencia de 15-22 cm).<\/li>\n\n\n\n<li><strong>Durabilidad<\/strong>: Resiste ara\u00f1azos, peque\u00f1os impactos y el desgaste diario.<\/li>\n\n\n\n<li><strong>Piel - Amabilidad<\/strong>: No t\u00f3xico, inodoro y respetuoso con la piel (cumple las normas RoHS y REACH).<\/li>\n<\/ul>\n\n\n\n<div class=\"wp-block-columns is-layout-flex wp-container-core-columns-is-layout-28f84493 wp-block-columns-is-layout-flex\">\n<div class=\"wp-block-column is-layout-flow wp-block-column-is-layout-flow\">\n<figure class=\"wp-block-image size-full\"><img alt=\"\" loading=\"lazy\" decoding=\"async\" width=\"800\" height=\"800\" src=\"https:\/\/www.usborkeychain.com\/wp-content\/uploads\/red-Wrist-Strap-USB-Flash-Drive-with-LED-Logo.jpg\" class=\"wp-image-4728\" srcset=\"https:\/\/www.usborkeychain.com\/wp-content\/uploads\/red-Wrist-Strap-USB-Flash-Drive-with-LED-Logo.jpg 800w, https:\/\/www.usborkeychain.com\/wp-content\/uploads\/red-Wrist-Strap-USB-Flash-Drive-with-LED-Logo-300x300.jpg 300w, https:\/\/www.usborkeychain.com\/wp-content\/uploads\/red-Wrist-Strap-USB-Flash-Drive-with-LED-Logo-150x150.jpg 150w, https:\/\/www.usborkeychain.com\/wp-content\/uploads\/red-Wrist-Strap-USB-Flash-Drive-with-LED-Logo-768x768.jpg 768w, https:\/\/www.usborkeychain.com\/wp-content\/uploads\/red-Wrist-Strap-USB-Flash-Drive-with-LED-Logo-12x12.jpg 12w, https:\/\/www.usborkeychain.com\/wp-content\/uploads\/red-Wrist-Strap-USB-Flash-Drive-with-LED-Logo-600x600.jpg 600w, https:\/\/www.usborkeychain.com\/wp-content\/uploads\/red-Wrist-Strap-USB-Flash-Drive-with-LED-Logo-100x100.jpg 100w\" sizes=\"(max-width: 800px) 100vw, 800px\" \/><\/figure>\n<\/div>\n\n\n\n<div class=\"wp-block-column is-layout-flow wp-block-column-is-layout-flow\">\n<figure class=\"wp-block-image size-full\"><img alt=\"\" loading=\"lazy\" decoding=\"async\" width=\"800\" height=\"800\" src=\"https:\/\/www.usborkeychain.com\/wp-content\/uploads\/Wrist-Strap-USB-Flash-Drive-with-blue-LED-Logo.jpg\" class=\"wp-image-4729\" srcset=\"https:\/\/www.usborkeychain.com\/wp-content\/uploads\/Wrist-Strap-USB-Flash-Drive-with-blue-LED-Logo.jpg 800w, https:\/\/www.usborkeychain.com\/wp-content\/uploads\/Wrist-Strap-USB-Flash-Drive-with-blue-LED-Logo-300x300.jpg 300w, https:\/\/www.usborkeychain.com\/wp-content\/uploads\/Wrist-Strap-USB-Flash-Drive-with-blue-LED-Logo-150x150.jpg 150w, https:\/\/www.usborkeychain.com\/wp-content\/uploads\/Wrist-Strap-USB-Flash-Drive-with-blue-LED-Logo-768x768.jpg 768w, https:\/\/www.usborkeychain.com\/wp-content\/uploads\/Wrist-Strap-USB-Flash-Drive-with-blue-LED-Logo-12x12.jpg 12w, https:\/\/www.usborkeychain.com\/wp-content\/uploads\/Wrist-Strap-USB-Flash-Drive-with-blue-LED-Logo-600x600.jpg 600w, https:\/\/www.usborkeychain.com\/wp-content\/uploads\/Wrist-Strap-USB-Flash-Drive-with-blue-LED-Logo-100x100.jpg 100w\" sizes=\"(max-width: 800px) 100vw, 800px\" \/><\/figure>\n<\/div>\n<\/div>\n\n\n\n<h3 class=\"wp-block-heading\">2. Actualizaci\u00f3n de logotipo luminoso: Panel luminoso acr\u00edlico<\/h3>\n\n\n\n<p>\u00bfLa caracter\u00edstica que cambia el juego? Un panel luminoso acr\u00edlico integrado que hace brillar su logotipo:<\/p>\n\n\n\n<ul class=\"wp-block-list\">\n<li><strong>Opciones de color<\/strong>: Elija entre rojo, verde, azul o tonos RGB personalizados para adaptarse a su marca.<\/li>\n\n\n\n<li><strong>Visibilidad<\/strong>: El logotipo iluminado destaca en entornos con poca luz (p. ej., conferencias, eventos nocturnos), lo que aumenta el recuerdo de la marca.<\/li>\n\n\n\n<li><strong>Longevidad<\/strong>: El panel acr\u00edlico garantiza una iluminaci\u00f3n brillante y resistente a la decoloraci\u00f3n durante a\u00f1os.<\/li>\n<\/ul>\n\n\n\n<p><\/p>","protected":false},"excerpt":{"rendered":"<ul>\n<li>Mu\u00f1equera Memoria USB<\/li>\n<li>con logotipo LED<\/li>\n<li>Rojo, verde, azul<\/li>\n<li>Material de PVC<\/li>\n<li>MOQ:100pcs<\/li>\n<\/ul>","protected":false},"featured_media":4727,"comment_status":"open","ping_status":"closed","template":"","meta":{"_seopress_robots_primary_cat":"","_seopress_titles_title":"","_seopress_titles_desc":"","_seopress_robots_index":"","site-sidebar-layout":"default","site-content-layout":"","ast-site-content-layout":"","site-content-style":"default","site-sidebar-style":"default","ast-global-header-display":"","ast-banner-title-visibility":"","ast-main-header-display":"","ast-hfb-above-header-display":"","ast-hfb-below-header-display":"","ast-hfb-mobile-header-display":"","site-post-title":"","ast-breadcrumbs-content":"","ast-featured-img":"","footer-sml-layout":"","theme-transparent-header-meta":"","adv-header-id-meta":"","stick-header-meta":"","header-above-stick-meta":"","header-main-stick-meta":"","header-below-stick-meta":"","astra-migrate-meta-layouts":"default","ast-page-background-enabled":"default","ast-page-background-meta":{"desktop":{"background-color":"var(--ast-global-color-5)","background-image":"","background-repeat":"repeat","background-position":"center center","background-size":"auto","background-attachment":"scroll","background-type":"","background-media":"","overlay-type":"","overlay-color":"","overlay-opacity":"","overlay-gradient":""},"tablet":{"background-color":"","background-image":"","background-repeat":"repeat","background-position":"center center","background-size":"auto","background-attachment":"scroll","background-type":"","background-media":"","overlay-type":"","overlay-color":"","overlay-opacity":"","overlay-gradient":""},"mobile":{"background-color":"","background-image":"","background-repeat":"repeat","background-position":"center center","background-size":"auto","background-attachment":"scroll","background-type":"","background-media":"","overlay-type":"","overlay-color":"","overlay-opacity":"","overlay-gradient":""}},"ast-content-background-meta":{"desktop":{"background-color":"var(--ast-global-color-4)","background-image":"","background-repeat":"repeat","background-position":"center center","background-size":"auto","background-attachment":"scroll","background-type":"","background-media":"","overlay-type":"","overlay-color":"","overlay-opacity":"","overlay-gradient":""},"tablet":{"background-color":"var(--ast-global-color-4)","background-image":"","background-repeat":"repeat","background-position":"center center","background-size":"auto","background-attachment":"scroll","background-type":"","background-media":"","overlay-type":"","overlay-color":"","overlay-opacity":"","overlay-gradient":""},"mobile":{"background-color":"var(--ast-global-color-4)","background-image":"","background-repeat":"repeat","background-position":"center center","background-size":"auto","background-attachment":"scroll","background-type":"","background-media":"","overlay-type":"","overlay-color":"","overlay-opacity":"","overlay-gradient":""}}},"product_brand":[],"product_cat":[97],"product_tag":[],"class_list":{"0":"post-4723","1":"product","2":"type-product","3":"status-publish","4":"has-post-thumbnail","6":"product_cat-wristband-usb-drives","7":"desktop-align-left","8":"tablet-align-left","9":"mobile-align-left","11":"first","12":"instock","13":"shipping-taxable","14":"product-type-simple"},"_links":{"self":[{"href":"https:\/\/www.usborkeychain.com\/es\/wp-json\/wp\/v2\/product\/4723","targetHints":{"allow":["GET"]}}],"collection":[{"href":"https:\/\/www.usborkeychain.com\/es\/wp-json\/wp\/v2\/product"}],"about":[{"href":"https:\/\/www.usborkeychain.com\/es\/wp-json\/wp\/v2\/types\/product"}],"replies":[{"embeddable":true,"href":"https:\/\/www.usborkeychain.com\/es\/wp-json\/wp\/v2\/comments?post=4723"}],"wp:featuredmedia":[{"embeddable":true,"href":"https:\/\/www.usborkeychain.com\/es\/wp-json\/wp\/v2\/media\/4727"}],"wp:attachment":[{"href":"https:\/\/www.usborkeychain.com\/es\/wp-json\/wp\/v2\/media?parent=4723"}],"wp:term":[{"taxonomy":"product_brand","embeddable":true,"href":"https:\/\/www.usborkeychain.com\/es\/wp-json\/wp\/v2\/product_brand?post=4723"},{"taxonomy":"product_cat","embeddable":true,"href":"https:\/\/www.usborkeychain.com\/es\/wp-json\/wp\/v2\/product_cat?post=4723"},{"taxonomy":"product_tag","embeddable":true,"href":"https:\/\/www.usborkeychain.com\/es\/wp-json\/wp\/v2\/product_tag?post=4723"}],"curies":[{"name":"wp","href":"https:\/\/api.w.org\/{rel}","templated":true}]}}