{"id":4734,"date":"2025-07-27T08:30:18","date_gmt":"2025-07-27T08:30:18","guid":{"rendered":"https:\/\/www.usborkeychain.com\/?post_type=product&#038;p=4734"},"modified":"2025-07-27T09:50:53","modified_gmt":"2025-07-27T09:50:53","slug":"gradient-color-wristband-usb-flash-drive","status":"publish","type":"product","link":"https:\/\/www.usborkeychain.com\/es\/producto\/gradient-color-wristband-usb-flash-drive\/","title":{"rendered":"Pulsera de color degradado Memoria USB"},"content":{"rendered":"<p><strong>La memoria USB con pulsera de color degradado es un nuevo producto lanzado por nuestra f\u00e1brica.<\/strong><br>A diferencia de las unidades USB de pulsera tradicionales que vienen en colores s\u00f3lidos, este modelo presenta una variedad de elegantes dise\u00f1os en degradado y multicolor. Las combinaciones disponibles incluyen blanco y negro, degradado verde militar, rosa y azul, morado y blanco, negro y amarillo, cian-azul-amarillo, negro-p\u00farpura-azul y morado y amarillo, entre otros. Las vivas transiciones de color lo convierten en una opci\u00f3n realmente llamativa y atractiva.<\/p>\n\n\n\n<div class=\"wp-block-columns is-layout-flex wp-container-core-columns-is-layout-28f84493 wp-block-columns-is-layout-flex\">\n<div class=\"wp-block-column is-layout-flow wp-block-column-is-layout-flow\">\n<figure class=\"wp-block-image size-full\"><img alt=\"\" fetchpriority=\"high\" decoding=\"async\" width=\"600\" height=\"600\" src=\"https:\/\/www.usborkeychain.com\/wp-content\/uploads\/CosmicRaveClosed_grande.png\" class=\"wp-image-4751\" srcset=\"https:\/\/www.usborkeychain.com\/wp-content\/uploads\/CosmicRaveClosed_grande.png 600w, https:\/\/www.usborkeychain.com\/wp-content\/uploads\/CosmicRaveClosed_grande-300x300.png 300w, https:\/\/www.usborkeychain.com\/wp-content\/uploads\/CosmicRaveClosed_grande-150x150.png 150w, https:\/\/www.usborkeychain.com\/wp-content\/uploads\/CosmicRaveClosed_grande-12x12.png 12w, https:\/\/www.usborkeychain.com\/wp-content\/uploads\/CosmicRaveClosed_grande-100x100.png 100w\" sizes=\"(max-width: 600px) 100vw, 600px\" \/><\/figure>\n<\/div>\n\n\n\n<div class=\"wp-block-column is-layout-flow wp-block-column-is-layout-flow\">\n<figure class=\"wp-block-image size-full\"><img alt=\"\" decoding=\"async\" width=\"600\" height=\"600\" src=\"https:\/\/www.usborkeychain.com\/wp-content\/uploads\/BlackMagic_grande.png\" class=\"wp-image-4749\" srcset=\"https:\/\/www.usborkeychain.com\/wp-content\/uploads\/BlackMagic_grande.png 600w, https:\/\/www.usborkeychain.com\/wp-content\/uploads\/BlackMagic_grande-300x300.png 300w, https:\/\/www.usborkeychain.com\/wp-content\/uploads\/BlackMagic_grande-150x150.png 150w, https:\/\/www.usborkeychain.com\/wp-content\/uploads\/BlackMagic_grande-12x12.png 12w, https:\/\/www.usborkeychain.com\/wp-content\/uploads\/BlackMagic_grande-100x100.png 100w\" sizes=\"(max-width: 600px) 100vw, 600px\" \/><\/figure>\n<\/div>\n<\/div>\n\n\n\n<h2 class=\"wp-block-heading\">\u00bfSe pueden fabricar memorias USB de pulsera con material de silicona?<\/h2>\n\n\n\n<p><br>S\u00ed, la parte de pulsera de una unidad USB puede ser de PVC blando o de silicona. <strong>La silicona es ecol\u00f3gica y no t\u00f3xica<\/strong>y puede superar certificaciones como <strong>FDA, LFGB y ROHS<\/strong>por lo que es seguro para el contacto directo con la piel. Ofrece una excelente estabilidad t\u00e9rmica, manteniendo un rendimiento constante en un amplio rango de temperaturas, desde <strong>-40\u00b0C a 230\u00b0C<\/strong>-Resistente tanto al fr\u00edo extremo como al envejecimiento a altas temperaturas.<\/p>\n\n\n\n<div class=\"wp-block-columns is-layout-flex wp-container-core-columns-is-layout-28f84493 wp-block-columns-is-layout-flex\">\n<div class=\"wp-block-column is-layout-flow wp-block-column-is-layout-flow\">\n<figure class=\"wp-block-image size-full\"><img alt=\"\" decoding=\"async\" width=\"600\" height=\"600\" src=\"https:\/\/www.usborkeychain.com\/wp-content\/uploads\/MilkyWayPeaceClosed_grande.png\" class=\"wp-image-4757\" srcset=\"https:\/\/www.usborkeychain.com\/wp-content\/uploads\/MilkyWayPeaceClosed_grande.png 600w, https:\/\/www.usborkeychain.com\/wp-content\/uploads\/MilkyWayPeaceClosed_grande-300x300.png 300w, https:\/\/www.usborkeychain.com\/wp-content\/uploads\/MilkyWayPeaceClosed_grande-150x150.png 150w, https:\/\/www.usborkeychain.com\/wp-content\/uploads\/MilkyWayPeaceClosed_grande-12x12.png 12w, https:\/\/www.usborkeychain.com\/wp-content\/uploads\/MilkyWayPeaceClosed_grande-100x100.png 100w\" sizes=\"(max-width: 600px) 100vw, 600px\" \/><\/figure>\n<\/div>\n\n\n\n<div class=\"wp-block-column is-layout-flow wp-block-column-is-layout-flow\">\n<figure class=\"wp-block-image size-full\"><img alt=\"\" loading=\"lazy\" decoding=\"async\" width=\"600\" height=\"600\" src=\"https:\/\/www.usborkeychain.com\/wp-content\/uploads\/MilkyWayClosed_grande.png\" class=\"wp-image-4756\" srcset=\"https:\/\/www.usborkeychain.com\/wp-content\/uploads\/MilkyWayClosed_grande.png 600w, https:\/\/www.usborkeychain.com\/wp-content\/uploads\/MilkyWayClosed_grande-300x300.png 300w, https:\/\/www.usborkeychain.com\/wp-content\/uploads\/MilkyWayClosed_grande-150x150.png 150w, https:\/\/www.usborkeychain.com\/wp-content\/uploads\/MilkyWayClosed_grande-12x12.png 12w, https:\/\/www.usborkeychain.com\/wp-content\/uploads\/MilkyWayClosed_grande-100x100.png 100w\" sizes=\"(max-width: 600px) 100vw, 600px\" \/><\/figure>\n<\/div>\n<\/div>\n\n\n\n<p>La silicona tambi\u00e9n tiene ventajas como <strong>propiedades antideslizantes e impermeables<\/strong>y est\u00e1 disponible en una amplia gama de colores personalizables (incluyendo <strong>Igualaci\u00f3n de colores Pantone<\/strong>). Con una elasticidad y flexibilidad excepcionales, la silicona puede lograr una <strong>\u00edndice de tracci\u00f3n de 300% a 600%<\/strong>, recuperando r\u00e1pidamente su forma tras la compresi\u00f3n sin deformarse f\u00e1cilmente.<\/p>\n\n\n\n<p>Adem\u00e1s, durante el desarrollo de moldes para pulseras USB, la silicona demuestra una gran adaptabilidad de procesamiento. Puede fabricarse con formas complejas utilizando <strong>moldeo por compresi\u00f3n o extrusi\u00f3n<\/strong>admite mezclas multicolor, texturas de superficie personalizables y ofrece <strong>aislante e impermeable<\/strong> beneficios<\/p>\n\n\n\n<div class=\"wp-block-columns is-layout-flex wp-container-core-columns-is-layout-28f84493 wp-block-columns-is-layout-flex\">\n<div class=\"wp-block-column is-layout-flow wp-block-column-is-layout-flow\">\n<figure class=\"wp-block-image size-full\"><img alt=\"\" loading=\"lazy\" decoding=\"async\" width=\"600\" height=\"600\" src=\"https:\/\/www.usborkeychain.com\/wp-content\/uploads\/GrapeDrinkClosed_grande.png\" class=\"wp-image-4753\" srcset=\"https:\/\/www.usborkeychain.com\/wp-content\/uploads\/GrapeDrinkClosed_grande.png 600w, https:\/\/www.usborkeychain.com\/wp-content\/uploads\/GrapeDrinkClosed_grande-300x300.png 300w, https:\/\/www.usborkeychain.com\/wp-content\/uploads\/GrapeDrinkClosed_grande-150x150.png 150w, https:\/\/www.usborkeychain.com\/wp-content\/uploads\/GrapeDrinkClosed_grande-12x12.png 12w, https:\/\/www.usborkeychain.com\/wp-content\/uploads\/GrapeDrinkClosed_grande-100x100.png 100w\" sizes=\"(max-width: 600px) 100vw, 600px\" \/><\/figure>\n<\/div>\n\n\n\n<div class=\"wp-block-column is-layout-flow wp-block-column-is-layout-flow\">\n<figure class=\"wp-block-image size-full\"><img alt=\"\" loading=\"lazy\" decoding=\"async\" width=\"600\" height=\"600\" src=\"https:\/\/www.usborkeychain.com\/wp-content\/uploads\/CottonCandyClosed_grande.png\" class=\"wp-image-4752\" srcset=\"https:\/\/www.usborkeychain.com\/wp-content\/uploads\/CottonCandyClosed_grande.png 600w, https:\/\/www.usborkeychain.com\/wp-content\/uploads\/CottonCandyClosed_grande-300x300.png 300w, https:\/\/www.usborkeychain.com\/wp-content\/uploads\/CottonCandyClosed_grande-150x150.png 150w, https:\/\/www.usborkeychain.com\/wp-content\/uploads\/CottonCandyClosed_grande-12x12.png 12w, https:\/\/www.usborkeychain.com\/wp-content\/uploads\/CottonCandyClosed_grande-100x100.png 100w\" sizes=\"(max-width: 600px) 100vw, 600px\" \/><\/figure>\n<\/div>\n<\/div>\n\n\n\n<h2 class=\"wp-block-heading\">\u00bfQu\u00e9 m\u00e9todos de personalizaci\u00f3n del logotipo existen para las memorias USB de pulsera?<\/h2>\n\n\n\n<p><strong>Serigraf\u00eda<\/strong>: Disponible en uno o varios colores. Rentable con una tarifa de configuraci\u00f3n de pantalla de aproximadamente 1.000 euros. <strong>\u00a5200-\u00a5500<\/strong>.<\/p>\n\n\n\n<p><strong>Logotipo en relieve (moldeado)<\/strong>: Requiere un molde personalizado con una tarifa que oscila entre <strong>De 1.000 a 3.000 yenes<\/strong>. Ofrece un acabado tridimensional y duradero.<\/p>\n\n\n\n<p><strong>Grabado por l\u00e1ser<\/strong>: Ideal para componentes met\u00e1licos de alta precisi\u00f3n hasta <strong>0,1 mm<\/strong>, proporcionando un aspecto limpio y profesional.<\/p>\n\n\n\n<div class=\"wp-block-columns is-layout-flex wp-container-core-columns-is-layout-9c22b1e3 wp-block-columns-is-layout-flex\">\n<div class=\"wp-block-column is-layout-flow wp-block-column-is-layout-flow\">\n<figure class=\"wp-block-image size-full\"><img alt=\"\" loading=\"lazy\" decoding=\"async\" width=\"600\" height=\"600\" src=\"https:\/\/www.usborkeychain.com\/wp-content\/uploads\/SunblastClosed_grande.png\" class=\"wp-image-4760\" srcset=\"https:\/\/www.usborkeychain.com\/wp-content\/uploads\/SunblastClosed_grande.png 600w, https:\/\/www.usborkeychain.com\/wp-content\/uploads\/SunblastClosed_grande-300x300.png 300w, https:\/\/www.usborkeychain.com\/wp-content\/uploads\/SunblastClosed_grande-150x150.png 150w, https:\/\/www.usborkeychain.com\/wp-content\/uploads\/SunblastClosed_grande-12x12.png 12w, https:\/\/www.usborkeychain.com\/wp-content\/uploads\/SunblastClosed_grande-100x100.png 100w\" sizes=\"(max-width: 600px) 100vw, 600px\" \/><\/figure>\n<\/div>\n\n\n\n<div class=\"wp-block-column is-layout-flow wp-block-column-is-layout-flow\">\n<figure class=\"wp-block-image size-full\"><img alt=\"\" loading=\"lazy\" decoding=\"async\" width=\"600\" height=\"600\" src=\"https:\/\/www.usborkeychain.com\/wp-content\/uploads\/PurpleBlazeClosed_grande.png\" class=\"wp-image-4758\" srcset=\"https:\/\/www.usborkeychain.com\/wp-content\/uploads\/PurpleBlazeClosed_grande.png 600w, https:\/\/www.usborkeychain.com\/wp-content\/uploads\/PurpleBlazeClosed_grande-300x300.png 300w, https:\/\/www.usborkeychain.com\/wp-content\/uploads\/PurpleBlazeClosed_grande-150x150.png 150w, https:\/\/www.usborkeychain.com\/wp-content\/uploads\/PurpleBlazeClosed_grande-12x12.png 12w, https:\/\/www.usborkeychain.com\/wp-content\/uploads\/PurpleBlazeClosed_grande-100x100.png 100w\" sizes=\"(max-width: 600px) 100vw, 600px\" \/><\/figure>\n<\/div>\n\n\n\n<div class=\"wp-block-column is-layout-flow wp-block-column-is-layout-flow\">\n<figure class=\"wp-block-image size-full\"><img alt=\"\" loading=\"lazy\" decoding=\"async\" width=\"600\" height=\"600\" src=\"https:\/\/www.usborkeychain.com\/wp-content\/uploads\/HornetClosed_grande.png\" class=\"wp-image-4754\" srcset=\"https:\/\/www.usborkeychain.com\/wp-content\/uploads\/HornetClosed_grande.png 600w, https:\/\/www.usborkeychain.com\/wp-content\/uploads\/HornetClosed_grande-300x300.png 300w, https:\/\/www.usborkeychain.com\/wp-content\/uploads\/HornetClosed_grande-150x150.png 150w, https:\/\/www.usborkeychain.com\/wp-content\/uploads\/HornetClosed_grande-12x12.png 12w, https:\/\/www.usborkeychain.com\/wp-content\/uploads\/HornetClosed_grande-100x100.png 100w\" sizes=\"(max-width: 600px) 100vw, 600px\" \/><\/figure>\n<\/div>\n<\/div>\n\n\n\n<h2 class=\"wp-block-heading\">\u00bfQu\u00e9 embalajes hay disponibles para las memorias USB de pulsera?<\/h2>\n\n\n\n<p>El embalaje est\u00e1ndar en bolsa OPP es gratuito. El embalaje opcional incluye <strong>cajas de papel, bl\u00edsteres, latas met\u00e1licas, cajas de regalo ecol\u00f3gicas de PVC y cajas de colores con impresi\u00f3n personalizada<\/strong>. Se pueden imprimir logotipos en el envase para apoyar la presentaci\u00f3n personalizada de la marca.<\/p>\n\n\n\n<ul class=\"wp-block-list\">\n<li><strong>Bl\u00edster<\/strong>: 0,50 yenes\/unidad<\/li>\n\n\n\n<li><strong>Caja met\u00e1lica de hojalata<\/strong>: 1,00 yenes\/unidad<\/li>\n\n\n\n<li><strong>Caja de regalo<\/strong>: 2,00 yenes\/unidad<br>A medida <strong>etiquetas colgantes<\/strong> y <strong>manuales de usuario<\/strong> tambi\u00e9n est\u00e1n disponibles previa solicitud.<\/li>\n<\/ul>\n\n\n\n<div class=\"wp-block-columns is-layout-flex wp-container-core-columns-is-layout-9c22b1e3 wp-block-columns-is-layout-flex\">\n<div class=\"wp-block-column is-layout-flow wp-block-column-is-layout-flow\">\n<figure class=\"wp-block-image size-full\"><img alt=\"\" loading=\"lazy\" decoding=\"async\" width=\"600\" height=\"600\" src=\"https:\/\/www.usborkeychain.com\/wp-content\/uploads\/RainforestClosed_grande.png\" class=\"wp-image-4759\" srcset=\"https:\/\/www.usborkeychain.com\/wp-content\/uploads\/RainforestClosed_grande.png 600w, https:\/\/www.usborkeychain.com\/wp-content\/uploads\/RainforestClosed_grande-300x300.png 300w, https:\/\/www.usborkeychain.com\/wp-content\/uploads\/RainforestClosed_grande-150x150.png 150w, https:\/\/www.usborkeychain.com\/wp-content\/uploads\/RainforestClosed_grande-12x12.png 12w, https:\/\/www.usborkeychain.com\/wp-content\/uploads\/RainforestClosed_grande-100x100.png 100w\" sizes=\"(max-width: 600px) 100vw, 600px\" \/><\/figure>\n<\/div>\n\n\n\n<div class=\"wp-block-column is-layout-flow wp-block-column-is-layout-flow\">\n<figure class=\"wp-block-image size-full\"><img alt=\"\" loading=\"lazy\" decoding=\"async\" width=\"600\" height=\"600\" src=\"https:\/\/www.usborkeychain.com\/wp-content\/uploads\/JadeTurquoiseClosed_grande.png\" class=\"wp-image-4755\" srcset=\"https:\/\/www.usborkeychain.com\/wp-content\/uploads\/JadeTurquoiseClosed_grande.png 600w, https:\/\/www.usborkeychain.com\/wp-content\/uploads\/JadeTurquoiseClosed_grande-300x300.png 300w, https:\/\/www.usborkeychain.com\/wp-content\/uploads\/JadeTurquoiseClosed_grande-150x150.png 150w, https:\/\/www.usborkeychain.com\/wp-content\/uploads\/JadeTurquoiseClosed_grande-12x12.png 12w, https:\/\/www.usborkeychain.com\/wp-content\/uploads\/JadeTurquoiseClosed_grande-100x100.png 100w\" sizes=\"(max-width: 600px) 100vw, 600px\" \/><\/figure>\n<\/div>\n\n\n\n<div class=\"wp-block-column is-layout-flow wp-block-column-is-layout-flow\">\n<figure class=\"wp-block-image size-full\"><img alt=\"\" loading=\"lazy\" decoding=\"async\" width=\"600\" height=\"600\" src=\"https:\/\/www.usborkeychain.com\/wp-content\/uploads\/CamoClosed_grande.png\" class=\"wp-image-4750\" srcset=\"https:\/\/www.usborkeychain.com\/wp-content\/uploads\/CamoClosed_grande.png 600w, https:\/\/www.usborkeychain.com\/wp-content\/uploads\/CamoClosed_grande-300x300.png 300w, https:\/\/www.usborkeychain.com\/wp-content\/uploads\/CamoClosed_grande-150x150.png 150w, https:\/\/www.usborkeychain.com\/wp-content\/uploads\/CamoClosed_grande-12x12.png 12w, https:\/\/www.usborkeychain.com\/wp-content\/uploads\/CamoClosed_grande-100x100.png 100w\" sizes=\"(max-width: 600px) 100vw, 600px\" \/><\/figure>\n<\/div>\n<\/div>\n\n\n\n<p><\/p>","protected":false},"excerpt":{"rendered":"<ul>\n<li>Color degradado<\/li>\n<li>Memoria USB de pulsera<\/li>\n<li>Nuevos estilos<\/li>\n<li>Logotipo personalizado<\/li>\n<li>Muchos colores puede elegir<\/li>\n<\/ul>","protected":false},"featured_media":4752,"comment_status":"open","ping_status":"closed","template":"","meta":{"_seopress_robots_primary_cat":"","_seopress_titles_title":"","_seopress_titles_desc":"","_seopress_robots_index":"","site-sidebar-layout":"default","site-content-layout":"","ast-site-content-layout":"","site-content-style":"default","site-sidebar-style":"default","ast-global-header-display":"","ast-banner-title-visibility":"","ast-main-header-display":"","ast-hfb-above-header-display":"","ast-hfb-below-header-display":"","ast-hfb-mobile-header-display":"","site-post-title":"","ast-breadcrumbs-content":"","ast-featured-img":"","footer-sml-layout":"","theme-transparent-header-meta":"","adv-header-id-meta":"","stick-header-meta":"","header-above-stick-meta":"","header-main-stick-meta":"","header-below-stick-meta":"","astra-migrate-meta-layouts":"default","ast-page-background-enabled":"default","ast-page-background-meta":{"desktop":{"background-color":"var(--ast-global-color-5)","background-image":"","background-repeat":"repeat","background-position":"center center","background-size":"auto","background-attachment":"scroll","background-type":"","background-media":"","overlay-type":"","overlay-color":"","overlay-opacity":"","overlay-gradient":""},"tablet":{"background-color":"","background-image":"","background-repeat":"repeat","background-position":"center center","background-size":"auto","background-attachment":"scroll","background-type":"","background-media":"","overlay-type":"","overlay-color":"","overlay-opacity":"","overlay-gradient":""},"mobile":{"background-color":"","background-image":"","background-repeat":"repeat","background-position":"center center","background-size":"auto","background-attachment":"scroll","background-type":"","background-media":"","overlay-type":"","overlay-color":"","overlay-opacity":"","overlay-gradient":""}},"ast-content-background-meta":{"desktop":{"background-color":"var(--ast-global-color-4)","background-image":"","background-repeat":"repeat","background-position":"center center","background-size":"auto","background-attachment":"scroll","background-type":"","background-media":"","overlay-type":"","overlay-color":"","overlay-opacity":"","overlay-gradient":""},"tablet":{"background-color":"var(--ast-global-color-4)","background-image":"","background-repeat":"repeat","background-position":"center center","background-size":"auto","background-attachment":"scroll","background-type":"","background-media":"","overlay-type":"","overlay-color":"","overlay-opacity":"","overlay-gradient":""},"mobile":{"background-color":"var(--ast-global-color-4)","background-image":"","background-repeat":"repeat","background-position":"center center","background-size":"auto","background-attachment":"scroll","background-type":"","background-media":"","overlay-type":"","overlay-color":"","overlay-opacity":"","overlay-gradient":""}}},"product_brand":[],"product_cat":[97],"product_tag":[],"class_list":{"0":"post-4734","1":"product","2":"type-product","3":"status-publish","4":"has-post-thumbnail","6":"product_cat-wristband-usb-drives","7":"desktop-align-left","8":"tablet-align-left","9":"mobile-align-left","11":"first","12":"instock","13":"shipping-taxable","14":"product-type-simple"},"_links":{"self":[{"href":"https:\/\/www.usborkeychain.com\/es\/wp-json\/wp\/v2\/product\/4734","targetHints":{"allow":["GET"]}}],"collection":[{"href":"https:\/\/www.usborkeychain.com\/es\/wp-json\/wp\/v2\/product"}],"about":[{"href":"https:\/\/www.usborkeychain.com\/es\/wp-json\/wp\/v2\/types\/product"}],"replies":[{"embeddable":true,"href":"https:\/\/www.usborkeychain.com\/es\/wp-json\/wp\/v2\/comments?post=4734"}],"wp:featuredmedia":[{"embeddable":true,"href":"https:\/\/www.usborkeychain.com\/es\/wp-json\/wp\/v2\/media\/4752"}],"wp:attachment":[{"href":"https:\/\/www.usborkeychain.com\/es\/wp-json\/wp\/v2\/media?parent=4734"}],"wp:term":[{"taxonomy":"product_brand","embeddable":true,"href":"https:\/\/www.usborkeychain.com\/es\/wp-json\/wp\/v2\/product_brand?post=4734"},{"taxonomy":"product_cat","embeddable":true,"href":"https:\/\/www.usborkeychain.com\/es\/wp-json\/wp\/v2\/product_cat?post=4734"},{"taxonomy":"product_tag","embeddable":true,"href":"https:\/\/www.usborkeychain.com\/es\/wp-json\/wp\/v2\/product_tag?post=4734"}],"curies":[{"name":"wp","href":"https:\/\/api.w.org\/{rel}","templated":true}]}}