{"id":4822,"date":"2025-07-27T10:02:49","date_gmt":"2025-07-27T10:02:49","guid":{"rendered":"https:\/\/www.usborkeychain.com\/?post_type=product&#038;p=4822"},"modified":"2025-08-02T16:18:42","modified_gmt":"2025-08-02T16:18:42","slug":"leather-wristband-usb-flash-drive","status":"publish","type":"product","link":"https:\/\/www.usborkeychain.com\/es\/producto\/leather-wristband-usb-flash-drive\/","title":{"rendered":"Pulsera reloj de cuero Memoria USB"},"content":{"rendered":"<p><\/p>\n\n\n\n<div class=\"wp-block-columns is-layout-flex wp-container-core-columns-is-layout-28f84493 wp-block-columns-is-layout-flex\">\n<div class=\"wp-block-column is-layout-flow wp-block-column-is-layout-flow\">\n<figure class=\"wp-block-image size-full\"><img alt=\"Wristband USB Flash Drive leather shell\" fetchpriority=\"high\" decoding=\"async\" width=\"800\" height=\"800\" src=\"https:\/\/www.usborkeychain.com\/wp-content\/uploads\/Wristband-USB-Flash-Drive-leather-shell.jpg\" class=\"wp-image-4829\" srcset=\"https:\/\/www.usborkeychain.com\/wp-content\/uploads\/Wristband-USB-Flash-Drive-leather-shell.jpg 800w, https:\/\/www.usborkeychain.com\/wp-content\/uploads\/Wristband-USB-Flash-Drive-leather-shell-300x300.jpg 300w, https:\/\/www.usborkeychain.com\/wp-content\/uploads\/Wristband-USB-Flash-Drive-leather-shell-150x150.jpg 150w, https:\/\/www.usborkeychain.com\/wp-content\/uploads\/Wristband-USB-Flash-Drive-leather-shell-768x768.jpg 768w, https:\/\/www.usborkeychain.com\/wp-content\/uploads\/Wristband-USB-Flash-Drive-leather-shell-12x12.jpg 12w, https:\/\/www.usborkeychain.com\/wp-content\/uploads\/Wristband-USB-Flash-Drive-leather-shell-600x600.jpg 600w, https:\/\/www.usborkeychain.com\/wp-content\/uploads\/Wristband-USB-Flash-Drive-leather-shell-100x100.jpg 100w\" sizes=\"(max-width: 800px) 100vw, 800px\" \/><\/figure>\n<\/div>\n\n\n\n<div class=\"wp-block-column is-vertically-aligned-center is-layout-flow wp-block-column-is-layout-flow\">\n<p>Esta unidad USB de pulsera de cuero combina el toque fr\u00edo del metal con la calidez del cuero, creando una fusi\u00f3n est\u00e9tica \u00fanica. El cuerpo principal de la unidad est\u00e1 fabricado en metal finamente cepillado, resistente a los ara\u00f1azos, sin huellas dactilares y hecho para durar. <\/p>\n\n\n\n<p>Su elegante acabado met\u00e1lico transmite una sensaci\u00f3n de precisi\u00f3n tecnol\u00f3gica, garantizando que sus archivos importantes se almacenen de forma segura y estable.<\/p>\n<\/div>\n<\/div>\n\n\n\n<p>La correa est\u00e1 fabricada en suave piel de primera calidad y se presenta en dos elegantes colores: el atrevido burdeos y el cl\u00e1sico negro. El burdeos, que recuerda al buen vino tinto, a\u00f1ade un toque de moda, mientras que el negro ofrece una elegancia atemporal, como un esmoquin de medianoche. Cada puntada es pulcra y refinada, y ofrece un ajuste suave y agradable a la piel que se mantiene c\u00f3modo incluso con un uso prolongado.<\/p>\n\n\n\n<div class=\"wp-block-columns is-layout-flex wp-container-core-columns-is-layout-28f84493 wp-block-columns-is-layout-flex\">\n<div class=\"wp-block-column is-layout-flow wp-block-column-is-layout-flow\">\n<figure class=\"wp-block-image size-full\"><img alt=\"\" decoding=\"async\" width=\"800\" height=\"800\" src=\"https:\/\/www.usborkeychain.com\/wp-content\/uploads\/leather-Bracelet-USB-Flash-Drive.jpg\" class=\"wp-image-4826\" srcset=\"https:\/\/www.usborkeychain.com\/wp-content\/uploads\/leather-Bracelet-USB-Flash-Drive.jpg 800w, https:\/\/www.usborkeychain.com\/wp-content\/uploads\/leather-Bracelet-USB-Flash-Drive-300x300.jpg 300w, https:\/\/www.usborkeychain.com\/wp-content\/uploads\/leather-Bracelet-USB-Flash-Drive-150x150.jpg 150w, https:\/\/www.usborkeychain.com\/wp-content\/uploads\/leather-Bracelet-USB-Flash-Drive-768x768.jpg 768w, https:\/\/www.usborkeychain.com\/wp-content\/uploads\/leather-Bracelet-USB-Flash-Drive-12x12.jpg 12w, https:\/\/www.usborkeychain.com\/wp-content\/uploads\/leather-Bracelet-USB-Flash-Drive-600x600.jpg 600w, https:\/\/www.usborkeychain.com\/wp-content\/uploads\/leather-Bracelet-USB-Flash-Drive-100x100.jpg 100w\" sizes=\"(max-width: 800px) 100vw, 800px\" \/><\/figure>\n<\/div>\n\n\n\n<div class=\"wp-block-column is-layout-flow wp-block-column-is-layout-flow\">\n<figure class=\"wp-block-image size-full\"><img alt=\"\" decoding=\"async\" width=\"800\" height=\"800\" src=\"https:\/\/www.usborkeychain.com\/wp-content\/uploads\/Leather-USB-Bracelet.jpg\" class=\"wp-image-4827\" srcset=\"https:\/\/www.usborkeychain.com\/wp-content\/uploads\/Leather-USB-Bracelet.jpg 800w, https:\/\/www.usborkeychain.com\/wp-content\/uploads\/Leather-USB-Bracelet-300x300.jpg 300w, https:\/\/www.usborkeychain.com\/wp-content\/uploads\/Leather-USB-Bracelet-150x150.jpg 150w, https:\/\/www.usborkeychain.com\/wp-content\/uploads\/Leather-USB-Bracelet-768x768.jpg 768w, https:\/\/www.usborkeychain.com\/wp-content\/uploads\/Leather-USB-Bracelet-12x12.jpg 12w, https:\/\/www.usborkeychain.com\/wp-content\/uploads\/Leather-USB-Bracelet-600x600.jpg 600w, https:\/\/www.usborkeychain.com\/wp-content\/uploads\/Leather-USB-Bracelet-100x100.jpg 100w\" sizes=\"(max-width: 800px) 100vw, 800px\" \/><\/figure>\n<\/div>\n<\/div>\n\n\n\n<p>Esta unidad USB de pulsera de cuero combina la practicidad con un dise\u00f1o elegante. Envuelta en piel de alta calidad, ofrece un tacto suave y c\u00f3modo, mientras que el conector USB met\u00e1lico oculto mantiene el aspecto limpio y minimalista. Funciona tanto como un accesorio de moda como una pr\u00e1ctica herramienta de almacenamiento de datos. <\/p>\n\n\n\n<p><\/p>\n\n\n\n<div class=\"wp-block-columns is-layout-flex wp-container-core-columns-is-layout-28f84493 wp-block-columns-is-layout-flex\">\n<div class=\"wp-block-column is-layout-flow wp-block-column-is-layout-flow\">\n<figure class=\"wp-block-image size-full\"><img alt=\"\" loading=\"lazy\" decoding=\"async\" width=\"800\" height=\"800\" src=\"https:\/\/www.usborkeychain.com\/wp-content\/uploads\/Custom-USB-Flash-Drive-Bracelets-with-Your-Logo.jpg\" class=\"wp-image-4825\" srcset=\"https:\/\/www.usborkeychain.com\/wp-content\/uploads\/Custom-USB-Flash-Drive-Bracelets-with-Your-Logo.jpg 800w, https:\/\/www.usborkeychain.com\/wp-content\/uploads\/Custom-USB-Flash-Drive-Bracelets-with-Your-Logo-300x300.jpg 300w, https:\/\/www.usborkeychain.com\/wp-content\/uploads\/Custom-USB-Flash-Drive-Bracelets-with-Your-Logo-150x150.jpg 150w, https:\/\/www.usborkeychain.com\/wp-content\/uploads\/Custom-USB-Flash-Drive-Bracelets-with-Your-Logo-768x768.jpg 768w, https:\/\/www.usborkeychain.com\/wp-content\/uploads\/Custom-USB-Flash-Drive-Bracelets-with-Your-Logo-12x12.jpg 12w, https:\/\/www.usborkeychain.com\/wp-content\/uploads\/Custom-USB-Flash-Drive-Bracelets-with-Your-Logo-600x600.jpg 600w, https:\/\/www.usborkeychain.com\/wp-content\/uploads\/Custom-USB-Flash-Drive-Bracelets-with-Your-Logo-100x100.jpg 100w\" sizes=\"(max-width: 800px) 100vw, 800px\" \/><\/figure>\n<\/div>\n\n\n\n<div class=\"wp-block-column is-vertically-aligned-center is-layout-flow wp-block-column-is-layout-flow\">\n<p>Disponible en varias capacidades (8 GB\/16 GB\/32 GB\/64 GB\/128 GB), admite USB 2.0\/3.0 y es compatible con sistemas Windows, macOS y Linux. Ideal para regalos de empresa, eventos promocionales o regalos de marca, la banda de cuero se puede personalizar con logotipos en relieve o estampados en oro para resaltar la imagen profesional de su marca.<\/p>\n<\/div>\n<\/div>","protected":false},"excerpt":{"rendered":"<ul>\n<li>Cuero + Metal<\/li>\n<li>Memoria USB de pulsera<\/li>\n<li>Pulsera reloj<\/li>\n<li>LOGOTIPO personalizado<\/li>\n<li>MOQ:100pcs<\/li>\n<\/ul>","protected":false},"featured_media":4828,"comment_status":"open","ping_status":"closed","template":"","meta":{"_seopress_robots_primary_cat":"","_seopress_titles_title":"","_seopress_titles_desc":"","_seopress_robots_index":"","site-sidebar-layout":"default","site-content-layout":"","ast-site-content-layout":"","site-content-style":"default","site-sidebar-style":"default","ast-global-header-display":"","ast-banner-title-visibility":"","ast-main-header-display":"","ast-hfb-above-header-display":"","ast-hfb-below-header-display":"","ast-hfb-mobile-header-display":"","site-post-title":"","ast-breadcrumbs-content":"","ast-featured-img":"","footer-sml-layout":"","theme-transparent-header-meta":"","adv-header-id-meta":"","stick-header-meta":"","header-above-stick-meta":"","header-main-stick-meta":"","header-below-stick-meta":"","astra-migrate-meta-layouts":"default","ast-page-background-enabled":"default","ast-page-background-meta":{"desktop":{"background-color":"var(--ast-global-color-5)","background-image":"","background-repeat":"repeat","background-position":"center center","background-size":"auto","background-attachment":"scroll","background-type":"","background-media":"","overlay-type":"","overlay-color":"","overlay-opacity":"","overlay-gradient":""},"tablet":{"background-color":"","background-image":"","background-repeat":"repeat","background-position":"center center","background-size":"auto","background-attachment":"scroll","background-type":"","background-media":"","overlay-type":"","overlay-color":"","overlay-opacity":"","overlay-gradient":""},"mobile":{"background-color":"","background-image":"","background-repeat":"repeat","background-position":"center center","background-size":"auto","background-attachment":"scroll","background-type":"","background-media":"","overlay-type":"","overlay-color":"","overlay-opacity":"","overlay-gradient":""}},"ast-content-background-meta":{"desktop":{"background-color":"var(--ast-global-color-4)","background-image":"","background-repeat":"repeat","background-position":"center center","background-size":"auto","background-attachment":"scroll","background-type":"","background-media":"","overlay-type":"","overlay-color":"","overlay-opacity":"","overlay-gradient":""},"tablet":{"background-color":"var(--ast-global-color-4)","background-image":"","background-repeat":"repeat","background-position":"center center","background-size":"auto","background-attachment":"scroll","background-type":"","background-media":"","overlay-type":"","overlay-color":"","overlay-opacity":"","overlay-gradient":""},"mobile":{"background-color":"var(--ast-global-color-4)","background-image":"","background-repeat":"repeat","background-position":"center center","background-size":"auto","background-attachment":"scroll","background-type":"","background-media":"","overlay-type":"","overlay-color":"","overlay-opacity":"","overlay-gradient":""}}},"product_brand":[],"product_cat":[90,97],"product_tag":[],"class_list":{"0":"post-4822","1":"product","2":"type-product","3":"status-publish","4":"has-post-thumbnail","6":"product_cat-leather-usb-pendrive","7":"product_cat-wristband-usb-drives","8":"desktop-align-left","9":"tablet-align-left","10":"mobile-align-left","12":"first","13":"instock","14":"shipping-taxable","15":"product-type-simple"},"_links":{"self":[{"href":"https:\/\/www.usborkeychain.com\/es\/wp-json\/wp\/v2\/product\/4822","targetHints":{"allow":["GET"]}}],"collection":[{"href":"https:\/\/www.usborkeychain.com\/es\/wp-json\/wp\/v2\/product"}],"about":[{"href":"https:\/\/www.usborkeychain.com\/es\/wp-json\/wp\/v2\/types\/product"}],"replies":[{"embeddable":true,"href":"https:\/\/www.usborkeychain.com\/es\/wp-json\/wp\/v2\/comments?post=4822"}],"wp:featuredmedia":[{"embeddable":true,"href":"https:\/\/www.usborkeychain.com\/es\/wp-json\/wp\/v2\/media\/4828"}],"wp:attachment":[{"href":"https:\/\/www.usborkeychain.com\/es\/wp-json\/wp\/v2\/media?parent=4822"}],"wp:term":[{"taxonomy":"product_brand","embeddable":true,"href":"https:\/\/www.usborkeychain.com\/es\/wp-json\/wp\/v2\/product_brand?post=4822"},{"taxonomy":"product_cat","embeddable":true,"href":"https:\/\/www.usborkeychain.com\/es\/wp-json\/wp\/v2\/product_cat?post=4822"},{"taxonomy":"product_tag","embeddable":true,"href":"https:\/\/www.usborkeychain.com\/es\/wp-json\/wp\/v2\/product_tag?post=4822"}],"curies":[{"name":"wp","href":"https:\/\/api.w.org\/{rel}","templated":true}]}}