{"id":4830,"date":"2025-07-27T10:17:32","date_gmt":"2025-07-27T10:17:32","guid":{"rendered":"https:\/\/www.usborkeychain.com\/?post_type=product&#038;p=4830"},"modified":"2025-07-27T10:17:35","modified_gmt":"2025-07-27T10:17:35","slug":"slim-usb-wristband-and-bracelet-flash-drives","status":"publish","type":"product","link":"https:\/\/www.usborkeychain.com\/es\/producto\/slim-usb-wristband-and-bracelet-flash-drives\/","title":{"rendered":"Memorias USB delgadas para pulsera y brazalete"},"content":{"rendered":"<p>Las memorias USB de pulsera tienen el mismo aspecto que las pulseras de concienciaci\u00f3n. Las escuelas y universidades, las empresas de viajes de aventura, tirolina y actividades recreativas utilizan las memorias USB de pulsera para compartir fotos y recuerdos de sus clientes.<\/p>\n\n\n\n<div class=\"wp-block-columns is-layout-flex wp-container-core-columns-is-layout-28f84493 wp-block-columns-is-layout-flex\">\n<div class=\"wp-block-column is-layout-flow wp-block-column-is-layout-flow\">\n<figure class=\"wp-block-image size-full\"><img fetchpriority=\"high\" decoding=\"async\" width=\"800\" height=\"800\" src=\"https:\/\/www.usborkeychain.com\/wp-content\/uploads\/Custom-Usb-Slap-Wrap-Wristbands.jpg\" alt=\"Custom Usb Slap Wrap Wristbands\" class=\"wp-image-4834\" srcset=\"https:\/\/www.usborkeychain.com\/wp-content\/uploads\/Custom-Usb-Slap-Wrap-Wristbands.jpg 800w, https:\/\/www.usborkeychain.com\/wp-content\/uploads\/Custom-Usb-Slap-Wrap-Wristbands-300x300.jpg 300w, https:\/\/www.usborkeychain.com\/wp-content\/uploads\/Custom-Usb-Slap-Wrap-Wristbands-150x150.jpg 150w, https:\/\/www.usborkeychain.com\/wp-content\/uploads\/Custom-Usb-Slap-Wrap-Wristbands-768x768.jpg 768w, https:\/\/www.usborkeychain.com\/wp-content\/uploads\/Custom-Usb-Slap-Wrap-Wristbands-12x12.jpg 12w, https:\/\/www.usborkeychain.com\/wp-content\/uploads\/Custom-Usb-Slap-Wrap-Wristbands-600x600.jpg 600w, https:\/\/www.usborkeychain.com\/wp-content\/uploads\/Custom-Usb-Slap-Wrap-Wristbands-100x100.jpg 100w\" sizes=\"(max-width: 800px) 100vw, 800px\" \/><\/figure>\n<\/div>\n\n\n\n<div class=\"wp-block-column is-vertically-aligned-center is-layout-flow wp-block-column-is-layout-flow\">\n<p>Esta delgada unidad USB de pulsera presenta un dise\u00f1o integrado que combina sencillez y comodidad. Fabricada en silicona flexible, la banda es ligera, c\u00f3moda de llevar y resistente a la deformaci\u00f3n, perfecta para el uso diario.<\/p>\n\n\n\n<p> El conector USB est\u00e1 ingeniosamente oculto en el cierre y admite USB 2.0 y 3.0, compatible con sistemas Windows, macOS y Linux.<\/p>\n\n\n\n<p><\/p>\n<\/div>\n<\/div>\n\n\n\n<p>El dise\u00f1o general es elegante y moderno, con contornos suaves y una atrevida combinaci\u00f3n de colores. La banda exterior es principalmente negra, acentuada con un llamativo forro interior rojo, que crea un vivo contraste que a\u00f1ade un aire deportivo y tecnol\u00f3gico. Es un accesorio llamativo ideal para promociones orientadas a los j\u00f3venes, eventos o uso casual.<\/p>\n\n\n\n<div class=\"wp-block-columns is-layout-flex wp-container-core-columns-is-layout-9c22b1e3 wp-block-columns-is-layout-flex\">\n<div class=\"wp-block-column is-layout-flow wp-block-column-is-layout-flow\">\n<figure class=\"wp-block-image size-full\"><img decoding=\"async\" width=\"800\" height=\"800\" src=\"https:\/\/www.usborkeychain.com\/wp-content\/uploads\/Wristband-USB-drives-look-just-like-cause-awareness-bracelets.jpg\" alt=\"Wristband USB drives look just like cause awareness bracelets\" class=\"wp-image-4838\" srcset=\"https:\/\/www.usborkeychain.com\/wp-content\/uploads\/Wristband-USB-drives-look-just-like-cause-awareness-bracelets.jpg 800w, https:\/\/www.usborkeychain.com\/wp-content\/uploads\/Wristband-USB-drives-look-just-like-cause-awareness-bracelets-300x300.jpg 300w, https:\/\/www.usborkeychain.com\/wp-content\/uploads\/Wristband-USB-drives-look-just-like-cause-awareness-bracelets-150x150.jpg 150w, https:\/\/www.usborkeychain.com\/wp-content\/uploads\/Wristband-USB-drives-look-just-like-cause-awareness-bracelets-768x768.jpg 768w, https:\/\/www.usborkeychain.com\/wp-content\/uploads\/Wristband-USB-drives-look-just-like-cause-awareness-bracelets-12x12.jpg 12w, https:\/\/www.usborkeychain.com\/wp-content\/uploads\/Wristband-USB-drives-look-just-like-cause-awareness-bracelets-600x600.jpg 600w, https:\/\/www.usborkeychain.com\/wp-content\/uploads\/Wristband-USB-drives-look-just-like-cause-awareness-bracelets-100x100.jpg 100w\" sizes=\"(max-width: 800px) 100vw, 800px\" \/><\/figure>\n<\/div>\n\n\n\n<div class=\"wp-block-column is-layout-flow wp-block-column-is-layout-flow\">\n<figure class=\"wp-block-image size-full\"><img decoding=\"async\" width=\"800\" height=\"800\" src=\"https:\/\/www.usborkeychain.com\/wp-content\/uploads\/Wristband-USB-Drive-PVC-bracelet-style-USB-flash-drive.jpg\" alt=\"Wristband USB Drive - PVC bracelet style USB flash drive.\" class=\"wp-image-4837\" srcset=\"https:\/\/www.usborkeychain.com\/wp-content\/uploads\/Wristband-USB-Drive-PVC-bracelet-style-USB-flash-drive.jpg 800w, https:\/\/www.usborkeychain.com\/wp-content\/uploads\/Wristband-USB-Drive-PVC-bracelet-style-USB-flash-drive-300x300.jpg 300w, https:\/\/www.usborkeychain.com\/wp-content\/uploads\/Wristband-USB-Drive-PVC-bracelet-style-USB-flash-drive-150x150.jpg 150w, https:\/\/www.usborkeychain.com\/wp-content\/uploads\/Wristband-USB-Drive-PVC-bracelet-style-USB-flash-drive-768x768.jpg 768w, https:\/\/www.usborkeychain.com\/wp-content\/uploads\/Wristband-USB-Drive-PVC-bracelet-style-USB-flash-drive-12x12.jpg 12w, https:\/\/www.usborkeychain.com\/wp-content\/uploads\/Wristband-USB-Drive-PVC-bracelet-style-USB-flash-drive-600x600.jpg 600w, https:\/\/www.usborkeychain.com\/wp-content\/uploads\/Wristband-USB-Drive-PVC-bracelet-style-USB-flash-drive-100x100.jpg 100w\" sizes=\"(max-width: 800px) 100vw, 800px\" \/><\/figure>\n<\/div>\n\n\n\n<div class=\"wp-block-column is-layout-flow wp-block-column-is-layout-flow\">\n<figure class=\"wp-block-image size-full\"><img loading=\"lazy\" decoding=\"async\" width=\"800\" height=\"800\" src=\"https:\/\/www.usborkeychain.com\/wp-content\/uploads\/Silicone-USB-Flash-Drive-Wristband-Bracelet.jpg\" alt=\"Silicone USB Flash Drive Wristband Bracelet\" class=\"wp-image-4836\" srcset=\"https:\/\/www.usborkeychain.com\/wp-content\/uploads\/Silicone-USB-Flash-Drive-Wristband-Bracelet.jpg 800w, https:\/\/www.usborkeychain.com\/wp-content\/uploads\/Silicone-USB-Flash-Drive-Wristband-Bracelet-300x300.jpg 300w, https:\/\/www.usborkeychain.com\/wp-content\/uploads\/Silicone-USB-Flash-Drive-Wristband-Bracelet-150x150.jpg 150w, https:\/\/www.usborkeychain.com\/wp-content\/uploads\/Silicone-USB-Flash-Drive-Wristband-Bracelet-768x768.jpg 768w, https:\/\/www.usborkeychain.com\/wp-content\/uploads\/Silicone-USB-Flash-Drive-Wristband-Bracelet-12x12.jpg 12w, https:\/\/www.usborkeychain.com\/wp-content\/uploads\/Silicone-USB-Flash-Drive-Wristband-Bracelet-600x600.jpg 600w, https:\/\/www.usborkeychain.com\/wp-content\/uploads\/Silicone-USB-Flash-Drive-Wristband-Bracelet-100x100.jpg 100w\" sizes=\"(max-width: 800px) 100vw, 800px\" \/><\/figure>\n<\/div>\n<\/div>\n\n\n\n<h2 class=\"wp-block-heading\">\u00bfEn qu\u00e9 capacidades est\u00e1n disponibles las unidades USB?<\/h2>\n\n\n\n<p>Las capacidades var\u00edan ligeramente seg\u00fan el estilo, sin embargo, tenemos opciones USB 2.0 en 128MB, 256MB, 512MB, 1GB, 2GB, 4GB, 8GB, 16GB, 32GB, 64GB, y opciones USB 3.0 en 8GB, 16GB, 32GB, 64GB, 128GB.Ideal para eventos promocionales, regalos de empresa, o como accesorio tecnol\u00f3gico de moda, la pulsera USB Lizzard ofrece una forma \u00fanica de mostrar su logotipo, sitio web o eslogan de marca.<\/p>\n\n\n\n<p><\/p>","protected":false},"excerpt":{"rendered":"<ul>\n<li>Mu\u00f1equera USB<\/li>\n<li>Pulseras USB<\/li>\n<li>Estilo Slim<\/li>\n<li>Color azul y rojo<\/li>\n<li>Molde para logotipo personalizado<\/li>\n<\/ul>","protected":false},"featured_media":4834,"comment_status":"open","ping_status":"closed","template":"","meta":{"_seopress_robots_primary_cat":"","_seopress_titles_title":"","_seopress_titles_desc":"","_seopress_robots_index":"","site-sidebar-layout":"default","site-content-layout":"","ast-site-content-layout":"","site-content-style":"default","site-sidebar-style":"default","ast-global-header-display":"","ast-banner-title-visibility":"","ast-main-header-display":"","ast-hfb-above-header-display":"","ast-hfb-below-header-display":"","ast-hfb-mobile-header-display":"","site-post-title":"","ast-breadcrumbs-content":"","ast-featured-img":"","footer-sml-layout":"","theme-transparent-header-meta":"","adv-header-id-meta":"","stick-header-meta":"","header-above-stick-meta":"","header-main-stick-meta":"","header-below-stick-meta":"","astra-migrate-meta-layouts":"default","ast-page-background-enabled":"default","ast-page-background-meta":{"desktop":{"background-color":"var(--ast-global-color-5)","background-image":"","background-repeat":"repeat","background-position":"center center","background-size":"auto","background-attachment":"scroll","background-type":"","background-media":"","overlay-type":"","overlay-color":"","overlay-opacity":"","overlay-gradient":""},"tablet":{"background-color":"","background-image":"","background-repeat":"repeat","background-position":"center center","background-size":"auto","background-attachment":"scroll","background-type":"","background-media":"","overlay-type":"","overlay-color":"","overlay-opacity":"","overlay-gradient":""},"mobile":{"background-color":"","background-image":"","background-repeat":"repeat","background-position":"center center","background-size":"auto","background-attachment":"scroll","background-type":"","background-media":"","overlay-type":"","overlay-color":"","overlay-opacity":"","overlay-gradient":""}},"ast-content-background-meta":{"desktop":{"background-color":"var(--ast-global-color-4)","background-image":"","background-repeat":"repeat","background-position":"center center","background-size":"auto","background-attachment":"scroll","background-type":"","background-media":"","overlay-type":"","overlay-color":"","overlay-opacity":"","overlay-gradient":""},"tablet":{"background-color":"var(--ast-global-color-4)","background-image":"","background-repeat":"repeat","background-position":"center center","background-size":"auto","background-attachment":"scroll","background-type":"","background-media":"","overlay-type":"","overlay-color":"","overlay-opacity":"","overlay-gradient":""},"mobile":{"background-color":"var(--ast-global-color-4)","background-image":"","background-repeat":"repeat","background-position":"center center","background-size":"auto","background-attachment":"scroll","background-type":"","background-media":"","overlay-type":"","overlay-color":"","overlay-opacity":"","overlay-gradient":""}}},"product_brand":[],"product_cat":[97],"product_tag":[],"class_list":{"0":"post-4830","1":"product","2":"type-product","3":"status-publish","4":"has-post-thumbnail","6":"product_cat-wristband-usb-drives","7":"desktop-align-left","8":"tablet-align-left","9":"mobile-align-left","11":"first","12":"instock","13":"shipping-taxable","14":"product-type-simple"},"_links":{"self":[{"href":"https:\/\/www.usborkeychain.com\/es\/wp-json\/wp\/v2\/product\/4830","targetHints":{"allow":["GET"]}}],"collection":[{"href":"https:\/\/www.usborkeychain.com\/es\/wp-json\/wp\/v2\/product"}],"about":[{"href":"https:\/\/www.usborkeychain.com\/es\/wp-json\/wp\/v2\/types\/product"}],"replies":[{"embeddable":true,"href":"https:\/\/www.usborkeychain.com\/es\/wp-json\/wp\/v2\/comments?post=4830"}],"wp:featuredmedia":[{"embeddable":true,"href":"https:\/\/www.usborkeychain.com\/es\/wp-json\/wp\/v2\/media\/4834"}],"wp:attachment":[{"href":"https:\/\/www.usborkeychain.com\/es\/wp-json\/wp\/v2\/media?parent=4830"}],"wp:term":[{"taxonomy":"product_brand","embeddable":true,"href":"https:\/\/www.usborkeychain.com\/es\/wp-json\/wp\/v2\/product_brand?post=4830"},{"taxonomy":"product_cat","embeddable":true,"href":"https:\/\/www.usborkeychain.com\/es\/wp-json\/wp\/v2\/product_cat?post=4830"},{"taxonomy":"product_tag","embeddable":true,"href":"https:\/\/www.usborkeychain.com\/es\/wp-json\/wp\/v2\/product_tag?post=4830"}],"curies":[{"name":"wp","href":"https:\/\/api.w.org\/{rel}","templated":true}]}}