{"id":4839,"date":"2025-07-28T03:28:21","date_gmt":"2025-07-28T03:28:21","guid":{"rendered":"https:\/\/www.usborkeychain.com\/?post_type=product&#038;p=4839"},"modified":"2025-08-14T12:10:40","modified_gmt":"2025-08-14T12:10:40","slug":"metal-buckle-usb-flash-drive","status":"publish","type":"product","link":"https:\/\/www.usborkeychain.com\/es\/producto\/metal-buckle-usb-flash-drive\/","title":{"rendered":"Memoria USB con hebilla met\u00e1lica"},"content":{"rendered":"<div class=\"wp-block-columns is-layout-flex wp-container-core-columns-is-layout-28f84493 wp-block-columns-is-layout-flex\">\n<div class=\"wp-block-column is-vertically-aligned-center is-layout-flow wp-block-column-is-layout-flow\">\n<p>En <strong>Memoria USB con hebilla met\u00e1lica<\/strong> cuenta con un dise\u00f1o de gancho totalmente met\u00e1lico que permite engancharlo directamente a cinturones, llaveros o bolsos, manteniendo la unidad USB al alcance de la mano en todo momento.<\/p>\n\n\n\n<p>Est\u00e1 fabricado con materiales totalmente met\u00e1licos de alta calidad, que dotan al <strong>Unidad USB<\/strong> con una excelente durabilidad. La estructura met\u00e1lica tiene una gran resistencia a los impactos f\u00edsicos. A diferencia de las unidades USB de pl\u00e1stico, no se romper\u00e1 f\u00e1cilmente aunque se caiga accidentalmente o se golpee durante el uso diario, protegiendo eficazmente el chip de almacenamiento interno. Adem\u00e1s, la superficie met\u00e1lica no es propensa a los ara\u00f1azos. Incluso si se frota contra llaves, monedas y otros objetos en bolsillos o bolsas durante mucho tiempo, puede mantener una textura totalmente nueva.<\/p>\n<\/div>\n\n\n\n<div class=\"wp-block-column is-vertically-aligned-center is-layout-flow wp-block-column-is-layout-flow\">\n<figure class=\"wp-block-image size-full\"><img alt=\"\" fetchpriority=\"high\" decoding=\"async\" width=\"800\" height=\"800\" src=\"https:\/\/www.usborkeychain.com\/wp-content\/uploads\/Rugged-Metal-Clasp-USB-Flash-Drive.png\" class=\"wp-image-4846\" srcset=\"https:\/\/www.usborkeychain.com\/wp-content\/uploads\/Rugged-Metal-Clasp-USB-Flash-Drive.png 800w, https:\/\/www.usborkeychain.com\/wp-content\/uploads\/Rugged-Metal-Clasp-USB-Flash-Drive-300x300.png 300w, https:\/\/www.usborkeychain.com\/wp-content\/uploads\/Rugged-Metal-Clasp-USB-Flash-Drive-150x150.png 150w, https:\/\/www.usborkeychain.com\/wp-content\/uploads\/Rugged-Metal-Clasp-USB-Flash-Drive-768x768.png 768w, https:\/\/www.usborkeychain.com\/wp-content\/uploads\/Rugged-Metal-Clasp-USB-Flash-Drive-12x12.png 12w, https:\/\/www.usborkeychain.com\/wp-content\/uploads\/Rugged-Metal-Clasp-USB-Flash-Drive-600x600.png 600w, https:\/\/www.usborkeychain.com\/wp-content\/uploads\/Rugged-Metal-Clasp-USB-Flash-Drive-100x100.png 100w\" sizes=\"(max-width: 800px) 100vw, 800px\" \/><\/figure>\n<\/div>\n<\/div>\n\n\n\n<h2 class=\"wp-block-heading\">Par\u00e1metros de la memoria USB<\/h2>\n\n\n\n<figure class=\"wp-block-table\"><table class=\"has-fixed-layout\"><thead><tr><th>Categor\u00eda de par\u00e1metros<\/th><th>Informaci\u00f3n detallada<\/th><\/tr><\/thead><tbody><tr><td>Capacidad de almacenamiento<\/td><td>8GB, 16GB, 32GB, 64GB, 128GB, 256GB<\/td><\/tr><tr><td>Tipo de interfaz<\/td><td>USB 2.0, USB 3.0, USB 3.1<\/td><\/tr><tr><td>Dimensiones (longitud \u00d7 anchura \u00d7 altura)<\/td><td>Longitud: 50 - 60 mm, Anchura: 15 - 20 mm, Altura: 8 - 12 mm<\/td><\/tr><tr><td>Peso<\/td><td>15 - 25g<\/td><\/tr><\/tbody><\/table><\/figure>\n\n\n\n<h2 class=\"wp-block-heading\">Impresi\u00f3n del logotipo en la memoria USB con hebilla met\u00e1lica<\/h2>\n\n\n\n<div class=\"wp-block-columns is-layout-flex wp-container-core-columns-is-layout-28f84493 wp-block-columns-is-layout-flex\">\n<div class=\"wp-block-column is-vertically-aligned-center is-layout-flow wp-block-column-is-layout-flow\">\n<figure class=\"wp-block-image size-full\"><img alt=\"\" decoding=\"async\" width=\"800\" height=\"800\" src=\"https:\/\/www.usborkeychain.com\/wp-content\/uploads\/Tough-Metal-Clip-USB-Flash-Drive.png\" class=\"wp-image-4847\" srcset=\"https:\/\/www.usborkeychain.com\/wp-content\/uploads\/Tough-Metal-Clip-USB-Flash-Drive.png 800w, https:\/\/www.usborkeychain.com\/wp-content\/uploads\/Tough-Metal-Clip-USB-Flash-Drive-300x300.png 300w, https:\/\/www.usborkeychain.com\/wp-content\/uploads\/Tough-Metal-Clip-USB-Flash-Drive-150x150.png 150w, https:\/\/www.usborkeychain.com\/wp-content\/uploads\/Tough-Metal-Clip-USB-Flash-Drive-768x768.png 768w, https:\/\/www.usborkeychain.com\/wp-content\/uploads\/Tough-Metal-Clip-USB-Flash-Drive-12x12.png 12w, https:\/\/www.usborkeychain.com\/wp-content\/uploads\/Tough-Metal-Clip-USB-Flash-Drive-600x600.png 600w, https:\/\/www.usborkeychain.com\/wp-content\/uploads\/Tough-Metal-Clip-USB-Flash-Drive-100x100.png 100w\" sizes=\"(max-width: 800px) 100vw, 800px\" \/><\/figure>\n<\/div>\n\n\n\n<div class=\"wp-block-column is-vertically-aligned-center is-layout-flow wp-block-column-is-layout-flow\">\n<p>La impresi\u00f3n de logotipos es compatible y puede aplicarse a:<\/p>\n\n\n\n<ul class=\"wp-block-list\">\n<li>La superficie del cuerpo de la unidad USB: La zona plana del cuerpo es una posici\u00f3n ideal para la impresi\u00f3n. Con una superficie relativamente grande y lisa, es adecuada para presentar logotipos de marcas, esl\u00f3ganes promocionales o informaci\u00f3n sobre productos.<\/li>\n\n\n\n<li>La zona del gancho met\u00e1lico: Aunque la zona del gancho es peque\u00f1a, tambi\u00e9n puede utilizarse. En ella pueden imprimirse logotipos sencillos, iniciales de marca, etc. Cuando la memoria USB se cuelga de un art\u00edculo, los elementos de marca del gancho pueden mejorar a\u00fan m\u00e1s la impresi\u00f3n que los dem\u00e1s tienen de la marca.<\/li>\n<\/ul>\n<\/div>\n<\/div>\n\n\n\n<h2 class=\"wp-block-heading\">\u00bfQu\u00e9 empresas pueden utilizarlo como recuerdo de un evento?<\/h2>\n\n\n\n<div class=\"wp-block-columns is-layout-flex wp-container-core-columns-is-layout-28f84493 wp-block-columns-is-layout-flex\">\n<div class=\"wp-block-column is-vertically-aligned-center is-layout-flow wp-block-column-is-layout-flow\">\n<ul class=\"wp-block-list\">\n<li><strong>Alimentaci\u00f3n y bebidas y empresas minoristas<\/strong>: Cuando las start-ups tecnol\u00f3gicas celebran actos de lanzamiento de nuevos productos, pueden utilizar la unidad USB como recuerdo para los participantes.<\/li>\n\n\n\n<li><strong>Fabricantes de autom\u00f3viles<\/strong>: Durante los eventos de pruebas de conducci\u00f3n y las conferencias de lanzamiento de nuevos coches, la unidad USB con hebilla met\u00e1lica es un excelente regalo de acompa\u00f1amiento.<\/li>\n\n\n\n<li><strong>Bancos y sociedades de gesti\u00f3n financiera<\/strong>: Cuando promocionen nuevas cuentas o productos financieros, pueden presentar la unidad USB con hebilla met\u00e1lica a los clientes.<\/li>\n<\/ul>\n<\/div>\n\n\n\n<div class=\"wp-block-column is-vertically-aligned-center is-layout-flow wp-block-column-is-layout-flow\">\n<figure class=\"wp-block-image size-full\"><img alt=\"\" decoding=\"async\" width=\"800\" height=\"800\" src=\"https:\/\/www.usborkeychain.com\/wp-content\/uploads\/Classic-Metal-Hook-USB-Flash-Drive.png\" class=\"wp-image-4842\" srcset=\"https:\/\/www.usborkeychain.com\/wp-content\/uploads\/Classic-Metal-Hook-USB-Flash-Drive.png 800w, https:\/\/www.usborkeychain.com\/wp-content\/uploads\/Classic-Metal-Hook-USB-Flash-Drive-300x300.png 300w, https:\/\/www.usborkeychain.com\/wp-content\/uploads\/Classic-Metal-Hook-USB-Flash-Drive-150x150.png 150w, https:\/\/www.usborkeychain.com\/wp-content\/uploads\/Classic-Metal-Hook-USB-Flash-Drive-768x768.png 768w, https:\/\/www.usborkeychain.com\/wp-content\/uploads\/Classic-Metal-Hook-USB-Flash-Drive-12x12.png 12w, https:\/\/www.usborkeychain.com\/wp-content\/uploads\/Classic-Metal-Hook-USB-Flash-Drive-600x600.png 600w, https:\/\/www.usborkeychain.com\/wp-content\/uploads\/Classic-Metal-Hook-USB-Flash-Drive-100x100.png 100w\" sizes=\"(max-width: 800px) 100vw, 800px\" \/><\/figure>\n<\/div>\n<\/div>\n\n\n\n<h2 class=\"wp-block-heading\">\u00bfSe admite la personalizaci\u00f3n de colores especiales?<\/h2>\n\n\n\n<div class=\"wp-block-columns is-layout-flex wp-container-core-columns-is-layout-28f84493 wp-block-columns-is-layout-flex\">\n<div class=\"wp-block-column is-vertically-aligned-center is-layout-flow wp-block-column-is-layout-flow\">\n<figure class=\"wp-block-image size-full\"><img alt=\"\" loading=\"lazy\" decoding=\"async\" width=\"800\" height=\"800\" src=\"https:\/\/www.usborkeychain.com\/wp-content\/uploads\/Metal-Hook-Durable-USB-Flash-Drive.png\" class=\"wp-image-4843\" srcset=\"https:\/\/www.usborkeychain.com\/wp-content\/uploads\/Metal-Hook-Durable-USB-Flash-Drive.png 800w, https:\/\/www.usborkeychain.com\/wp-content\/uploads\/Metal-Hook-Durable-USB-Flash-Drive-300x300.png 300w, https:\/\/www.usborkeychain.com\/wp-content\/uploads\/Metal-Hook-Durable-USB-Flash-Drive-150x150.png 150w, https:\/\/www.usborkeychain.com\/wp-content\/uploads\/Metal-Hook-Durable-USB-Flash-Drive-768x768.png 768w, https:\/\/www.usborkeychain.com\/wp-content\/uploads\/Metal-Hook-Durable-USB-Flash-Drive-12x12.png 12w, https:\/\/www.usborkeychain.com\/wp-content\/uploads\/Metal-Hook-Durable-USB-Flash-Drive-600x600.png 600w, https:\/\/www.usborkeychain.com\/wp-content\/uploads\/Metal-Hook-Durable-USB-Flash-Drive-100x100.png 100w\" sizes=\"(max-width: 800px) 100vw, 800px\" \/><\/figure>\n<\/div>\n\n\n\n<div class=\"wp-block-column is-vertically-aligned-center is-layout-flow wp-block-column-is-layout-flow\">\n<p>Este <strong>Unidad USB<\/strong> admite la personalizaci\u00f3n de colores especiales. Adem\u00e1s de los colores cl\u00e1sicos que aparecen en las im\u00e1genes (como el plateado), las empresas pueden elegir libremente seg\u00fan los colores de su marca. <\/p>\n\n\n\n<p>Las marcas de moda pueden optar por el rosa ne\u00f3n o el azul el\u00e9ctrico para resaltar la tendencia, mientras que las industrias tradicionales (como los bufetes de abogados) pueden elegir el negro o el plateado oscuro para mantener una imagen profesional, lo que permite que la unidad USB se integre profundamente con la marca en t\u00e9rminos de apariencia.<\/p>\n<\/div>\n<\/div>\n\n\n\n<div class=\"wp-block-columns is-layout-flex wp-container-core-columns-is-layout-28f84493 wp-block-columns-is-layout-flex\">\n<div class=\"wp-block-column is-vertically-aligned-center is-layout-flow wp-block-column-is-layout-flow\">\n<p>En <strong>Memoria USB con hebilla met\u00e1lica<\/strong> combina un dise\u00f1o pr\u00e1ctico, materiales duraderos y ventajas de personalizaci\u00f3n. El gancho y el cuerpo totalmente met\u00e1licos garantizan portabilidad y durabilidad. <\/p>\n\n\n\n<p>Los ricos par\u00e1metros satisfacen diversas necesidades de almacenamiento. Con impresi\u00f3n de logotipos en varias posiciones y personalizaci\u00f3n de colores, se convierte en una excelente opci\u00f3n para regalos de empresa y recuerdos de eventos. <\/p>\n\n\n\n<p>Tanto si se utiliza para promocionar una marca, agradecer a un cliente o entregar contenidos exclusivos, es la mejor opci\u00f3n para regalar.<\/p>\n<\/div>\n\n\n\n<div class=\"wp-block-column is-vertically-aligned-center is-layout-flow wp-block-column-is-layout-flow\">\n<figure class=\"wp-block-image size-full\"><img alt=\"\" loading=\"lazy\" decoding=\"async\" width=\"800\" height=\"800\" src=\"https:\/\/www.usborkeychain.com\/wp-content\/uploads\/Portable-Metal-Hook-USB-Flash-Drive.png\" class=\"wp-image-4844\" srcset=\"https:\/\/www.usborkeychain.com\/wp-content\/uploads\/Portable-Metal-Hook-USB-Flash-Drive.png 800w, https:\/\/www.usborkeychain.com\/wp-content\/uploads\/Portable-Metal-Hook-USB-Flash-Drive-300x300.png 300w, https:\/\/www.usborkeychain.com\/wp-content\/uploads\/Portable-Metal-Hook-USB-Flash-Drive-150x150.png 150w, https:\/\/www.usborkeychain.com\/wp-content\/uploads\/Portable-Metal-Hook-USB-Flash-Drive-768x768.png 768w, https:\/\/www.usborkeychain.com\/wp-content\/uploads\/Portable-Metal-Hook-USB-Flash-Drive-12x12.png 12w, https:\/\/www.usborkeychain.com\/wp-content\/uploads\/Portable-Metal-Hook-USB-Flash-Drive-600x600.png 600w, https:\/\/www.usborkeychain.com\/wp-content\/uploads\/Portable-Metal-Hook-USB-Flash-Drive-100x100.png 100w\" sizes=\"(max-width: 800px) 100vw, 800px\" \/><\/figure>\n<\/div>\n<\/div>","protected":false},"excerpt":{"rendered":"<ul>\n<li>Material met\u00e1lico<\/li>\n<li>Impresi\u00f3n de logotipos<\/li>\n<li>Personalizaci\u00f3n del color<\/li>\n<li>Llavero<\/li>\n<li>MOQ:100PCS<\/li>\n<\/ul>","protected":false},"featured_media":4845,"comment_status":"open","ping_status":"closed","template":"","meta":{"_seopress_robots_primary_cat":"","_seopress_titles_title":"","_seopress_titles_desc":"","_seopress_robots_index":"","site-sidebar-layout":"default","site-content-layout":"","ast-site-content-layout":"","site-content-style":"default","site-sidebar-style":"default","ast-global-header-display":"","ast-banner-title-visibility":"","ast-main-header-display":"","ast-hfb-above-header-display":"","ast-hfb-below-header-display":"","ast-hfb-mobile-header-display":"","site-post-title":"","ast-breadcrumbs-content":"","ast-featured-img":"","footer-sml-layout":"","theme-transparent-header-meta":"","adv-header-id-meta":"","stick-header-meta":"","header-above-stick-meta":"","header-main-stick-meta":"","header-below-stick-meta":"","astra-migrate-meta-layouts":"default","ast-page-background-enabled":"default","ast-page-background-meta":{"desktop":{"background-color":"var(--ast-global-color-5)","background-image":"","background-repeat":"repeat","background-position":"center center","background-size":"auto","background-attachment":"scroll","background-type":"","background-media":"","overlay-type":"","overlay-color":"","overlay-opacity":"","overlay-gradient":""},"tablet":{"background-color":"","background-image":"","background-repeat":"repeat","background-position":"center center","background-size":"auto","background-attachment":"scroll","background-type":"","background-media":"","overlay-type":"","overlay-color":"","overlay-opacity":"","overlay-gradient":""},"mobile":{"background-color":"","background-image":"","background-repeat":"repeat","background-position":"center center","background-size":"auto","background-attachment":"scroll","background-type":"","background-media":"","overlay-type":"","overlay-color":"","overlay-opacity":"","overlay-gradient":""}},"ast-content-background-meta":{"desktop":{"background-color":"var(--ast-global-color-4)","background-image":"","background-repeat":"repeat","background-position":"center center","background-size":"auto","background-attachment":"scroll","background-type":"","background-media":"","overlay-type":"","overlay-color":"","overlay-opacity":"","overlay-gradient":""},"tablet":{"background-color":"var(--ast-global-color-4)","background-image":"","background-repeat":"repeat","background-position":"center center","background-size":"auto","background-attachment":"scroll","background-type":"","background-media":"","overlay-type":"","overlay-color":"","overlay-opacity":"","overlay-gradient":""},"mobile":{"background-color":"var(--ast-global-color-4)","background-image":"","background-repeat":"repeat","background-position":"center center","background-size":"auto","background-attachment":"scroll","background-type":"","background-media":"","overlay-type":"","overlay-color":"","overlay-opacity":"","overlay-gradient":""}}},"product_brand":[],"product_cat":[89],"product_tag":[296,396],"class_list":{"0":"post-4839","1":"product","2":"type-product","3":"status-publish","4":"has-post-thumbnail","6":"product_cat-metal-usb-pendrive","7":"product_tag-metal-buckle-usb-flash-drive","8":"product_tag-stainless-steel-usb-flash-drive","9":"desktop-align-left","10":"tablet-align-left","11":"mobile-align-left","13":"first","14":"instock","15":"shipping-taxable","16":"product-type-simple"},"_links":{"self":[{"href":"https:\/\/www.usborkeychain.com\/es\/wp-json\/wp\/v2\/product\/4839","targetHints":{"allow":["GET"]}}],"collection":[{"href":"https:\/\/www.usborkeychain.com\/es\/wp-json\/wp\/v2\/product"}],"about":[{"href":"https:\/\/www.usborkeychain.com\/es\/wp-json\/wp\/v2\/types\/product"}],"replies":[{"embeddable":true,"href":"https:\/\/www.usborkeychain.com\/es\/wp-json\/wp\/v2\/comments?post=4839"}],"wp:featuredmedia":[{"embeddable":true,"href":"https:\/\/www.usborkeychain.com\/es\/wp-json\/wp\/v2\/media\/4845"}],"wp:attachment":[{"href":"https:\/\/www.usborkeychain.com\/es\/wp-json\/wp\/v2\/media?parent=4839"}],"wp:term":[{"taxonomy":"product_brand","embeddable":true,"href":"https:\/\/www.usborkeychain.com\/es\/wp-json\/wp\/v2\/product_brand?post=4839"},{"taxonomy":"product_cat","embeddable":true,"href":"https:\/\/www.usborkeychain.com\/es\/wp-json\/wp\/v2\/product_cat?post=4839"},{"taxonomy":"product_tag","embeddable":true,"href":"https:\/\/www.usborkeychain.com\/es\/wp-json\/wp\/v2\/product_tag?post=4839"}],"curies":[{"name":"wp","href":"https:\/\/api.w.org\/{rel}","templated":true}]}}