{"id":4848,"date":"2025-07-28T03:56:54","date_gmt":"2025-07-28T03:56:54","guid":{"rendered":"https:\/\/www.usborkeychain.com\/?post_type=product&#038;p=4848"},"modified":"2025-08-14T12:10:30","modified_gmt":"2025-08-14T12:10:30","slug":"metal-pig-shaped-usb-flash-drive","status":"publish","type":"product","link":"https:\/\/www.usborkeychain.com\/es\/producto\/metal-pig-shaped-usb-flash-drive\/","title":{"rendered":"Memoria USB con forma de cerdo met\u00e1lico"},"content":{"rendered":"<div class=\"wp-block-columns is-layout-flex wp-container-core-columns-is-layout-28f84493 wp-block-columns-is-layout-flex\">\n<div class=\"wp-block-column is-vertically-aligned-center is-layout-flow wp-block-column-is-layout-flow\">\n<p>En <strong>Memoria USB con forma de cerdo met\u00e1lico<\/strong> est\u00e1 dise\u00f1ado a partir de la adorable imagen de un cerdo. Con su cabeza regordeta, expresi\u00f3n sonriente y cuerpo compacto, es incre\u00edblemente mono. Colocado en un escritorio como un peque\u00f1o adorno, puede captar inmediatamente la atenci\u00f3n de la gente, y resulta especialmente atractivo para los amantes de las mascotas.<\/p>\n\n\n\n<p>Est\u00e1 fabricado con materiales de alta calidad.<strong> materiales met\u00e1licos<\/strong>Su robustez y durabilidad son ventajas notables. La textura met\u00e1lica es resistente a las ca\u00eddas y a la abrasi\u00f3n. Incluso si se cae accidentalmente durante el uso diario, no es f\u00e1cil da\u00f1ar el chip de almacenamiento interno, garantizando eficazmente la seguridad de los datos. <\/p>\n\n\n\n<p>El tama\u00f1o total de la unidad USB es peque\u00f1o, normalmente de unos 3 a 5 cent\u00edmetros de longitud, y es ligera. Algunos dise\u00f1os tambi\u00e9n vienen con un orificio para cord\u00f3n, lo que permite colgarla c\u00f3modamente de llaveros o bolsos.<\/p>\n<\/div>\n\n\n\n<div class=\"wp-block-column is-vertically-aligned-center is-layout-flow wp-block-column-is-layout-flow\">\n<figure class=\"wp-block-image size-full\"><img alt=\"\" fetchpriority=\"high\" decoding=\"async\" width=\"800\" height=\"800\" src=\"https:\/\/www.usborkeychain.com\/wp-content\/uploads\/Tough-Little-Pig-USB-Flash-Drive.png\" class=\"wp-image-4855\" srcset=\"https:\/\/www.usborkeychain.com\/wp-content\/uploads\/Tough-Little-Pig-USB-Flash-Drive.png 800w, https:\/\/www.usborkeychain.com\/wp-content\/uploads\/Tough-Little-Pig-USB-Flash-Drive-300x300.png 300w, https:\/\/www.usborkeychain.com\/wp-content\/uploads\/Tough-Little-Pig-USB-Flash-Drive-150x150.png 150w, https:\/\/www.usborkeychain.com\/wp-content\/uploads\/Tough-Little-Pig-USB-Flash-Drive-768x768.png 768w, https:\/\/www.usborkeychain.com\/wp-content\/uploads\/Tough-Little-Pig-USB-Flash-Drive-12x12.png 12w, https:\/\/www.usborkeychain.com\/wp-content\/uploads\/Tough-Little-Pig-USB-Flash-Drive-600x600.png 600w, https:\/\/www.usborkeychain.com\/wp-content\/uploads\/Tough-Little-Pig-USB-Flash-Drive-100x100.png 100w\" sizes=\"(max-width: 800px) 100vw, 800px\" \/><\/figure>\n<\/div>\n<\/div>\n\n\n\n<h2 class=\"wp-block-heading\">Par\u00e1metros de la memoria USB<\/h2>\n\n\n\n<figure class=\"wp-block-table\"><table class=\"has-fixed-layout\"><thead><tr><th>Categor\u00eda de par\u00e1metros<\/th><th>Informaci\u00f3n detallada<\/th><\/tr><\/thead><tbody><tr><td>Capacidad de almacenamiento<\/td><td>8GB, 16GB, 32GB, 64GB, 128GB<\/td><\/tr><tr><td>Tipo de interfaz<\/td><td>USB 2.0, USB 3.0, USB 3.1<\/td><\/tr><tr><td>Dimensiones del producto (longitud \u00d7 anchura \u00d7 altura)<\/td><td>Aproximadamente 30 - 50mm\u00d720 - 30mm\u00d75 - 10mm<\/td><\/tr><tr><td>Peso<\/td><td>Aproximadamente 10 - 20 g<\/td><\/tr><\/tbody><\/table><\/figure>\n\n\n\n<h2 class=\"wp-block-heading\">\u00bfQu\u00e9 se puede personalizar?<\/h2>\n\n\n\n<div class=\"wp-block-columns is-layout-flex wp-container-core-columns-is-layout-28f84493 wp-block-columns-is-layout-flex\">\n<div class=\"wp-block-column is-vertically-aligned-center is-layout-flow wp-block-column-is-layout-flow\">\n<figure class=\"wp-block-image size-full\"><img alt=\"\" decoding=\"async\" width=\"800\" height=\"800\" src=\"https:\/\/www.usborkeychain.com\/wp-content\/uploads\/Sturdy-Piggy-USB-Flash-Drive.png\" class=\"wp-image-4854\" srcset=\"https:\/\/www.usborkeychain.com\/wp-content\/uploads\/Sturdy-Piggy-USB-Flash-Drive.png 800w, https:\/\/www.usborkeychain.com\/wp-content\/uploads\/Sturdy-Piggy-USB-Flash-Drive-300x300.png 300w, https:\/\/www.usborkeychain.com\/wp-content\/uploads\/Sturdy-Piggy-USB-Flash-Drive-150x150.png 150w, https:\/\/www.usborkeychain.com\/wp-content\/uploads\/Sturdy-Piggy-USB-Flash-Drive-768x768.png 768w, https:\/\/www.usborkeychain.com\/wp-content\/uploads\/Sturdy-Piggy-USB-Flash-Drive-12x12.png 12w, https:\/\/www.usborkeychain.com\/wp-content\/uploads\/Sturdy-Piggy-USB-Flash-Drive-600x600.png 600w, https:\/\/www.usborkeychain.com\/wp-content\/uploads\/Sturdy-Piggy-USB-Flash-Drive-100x100.png 100w\" sizes=\"(max-width: 800px) 100vw, 800px\" \/><\/figure>\n<\/div>\n\n\n\n<div class=\"wp-block-column is-vertically-aligned-center is-layout-flow wp-block-column-is-layout-flow\">\n<h3 class=\"wp-block-heading\">Personalizaci\u00f3n de formas<\/h3>\n\n\n\n<p>Adem\u00e1s del dise\u00f1o existente en forma de cerdo, la forma puede ajustarse seg\u00fan las necesidades de las empresas. <\/p>\n\n\n\n<h3 class=\"wp-block-heading\">Personalizaci\u00f3n del color<\/h3>\n\n\n\n<p>Existe una gran variedad de opciones de color, como los colores primarios met\u00e1licos cl\u00e1sicos (como el plateado y el dorado) o la personalizaci\u00f3n del color de la marca de la empresa. <\/p>\n\n\n\n<h3 class=\"wp-block-heading\">Personalizaci\u00f3n del logotipo<\/h3>\n\n\n\n<p>Permite imprimir el logotipo de la empresa en la superficie de la unidad USB. Mediante procesos como el grabado por l\u00e1ser y la serigraf\u00eda, el logotipo de la marca puede presentarse con claridad. <\/p>\n<\/div>\n<\/div>\n\n\n\n<h2 class=\"wp-block-heading\">\u00bfQu\u00e9 empresas pueden utilizarlo?<\/h2>\n\n\n\n<div class=\"wp-block-columns is-layout-flex wp-container-core-columns-is-layout-28f84493 wp-block-columns-is-layout-flex\">\n<div class=\"wp-block-column is-vertically-aligned-center is-layout-flow wp-block-column-is-layout-flow\">\n<ul class=\"wp-block-list\">\n<li><strong>Marcas de maternidad y beb\u00e9<\/strong>: Para actos de promoci\u00f3n de nuevos productos y de agradecimiento a los afiliados.<\/li>\n\n\n\n<li><strong>Marcas de alimentos y bebidas como comida r\u00e1pida y postres<\/strong>: Se puede utilizar para actividades promocionales.<\/li>\n\n\n\n<li><strong>Empresas culturales y creativas<\/strong>: Puede combinarse con perif\u00e9ricos culturales y creativos como set de regalo.<\/li>\n\n\n\n<li><strong>Instituciones financieras<\/strong>: Al realizar las actividades de mantenimiento del cliente.<\/li>\n<\/ul>\n<\/div>\n\n\n\n<div class=\"wp-block-column is-vertically-aligned-center is-layout-flow wp-block-column-is-layout-flow\">\n<figure class=\"wp-block-image size-full\"><img alt=\"\" decoding=\"async\" width=\"800\" height=\"800\" src=\"https:\/\/www.usborkeychain.com\/wp-content\/uploads\/Resilient-Piggy-USB-Flash-Drive.png\" class=\"wp-image-4852\" srcset=\"https:\/\/www.usborkeychain.com\/wp-content\/uploads\/Resilient-Piggy-USB-Flash-Drive.png 800w, https:\/\/www.usborkeychain.com\/wp-content\/uploads\/Resilient-Piggy-USB-Flash-Drive-300x300.png 300w, https:\/\/www.usborkeychain.com\/wp-content\/uploads\/Resilient-Piggy-USB-Flash-Drive-150x150.png 150w, https:\/\/www.usborkeychain.com\/wp-content\/uploads\/Resilient-Piggy-USB-Flash-Drive-768x768.png 768w, https:\/\/www.usborkeychain.com\/wp-content\/uploads\/Resilient-Piggy-USB-Flash-Drive-12x12.png 12w, https:\/\/www.usborkeychain.com\/wp-content\/uploads\/Resilient-Piggy-USB-Flash-Drive-600x600.png 600w, https:\/\/www.usborkeychain.com\/wp-content\/uploads\/Resilient-Piggy-USB-Flash-Drive-100x100.png 100w\" sizes=\"(max-width: 800px) 100vw, 800px\" \/><\/figure>\n<\/div>\n<\/div>\n\n\n\n<h2 class=\"wp-block-heading\">\u00bfCu\u00e1les son las ventajas?<\/h2>\n\n\n\n<div class=\"wp-block-columns is-layout-flex wp-container-core-columns-is-layout-28f84493 wp-block-columns-is-layout-flex\">\n<div class=\"wp-block-column is-vertically-aligned-center is-layout-flow wp-block-column-is-layout-flow\">\n<figure class=\"wp-block-image size-full\"><img alt=\"\" loading=\"lazy\" decoding=\"async\" width=\"800\" height=\"800\" src=\"https:\/\/www.usborkeychain.com\/wp-content\/uploads\/Durable-Piggy-USB-Flash-Drive.png\" class=\"wp-image-4851\" srcset=\"https:\/\/www.usborkeychain.com\/wp-content\/uploads\/Durable-Piggy-USB-Flash-Drive.png 800w, https:\/\/www.usborkeychain.com\/wp-content\/uploads\/Durable-Piggy-USB-Flash-Drive-300x300.png 300w, https:\/\/www.usborkeychain.com\/wp-content\/uploads\/Durable-Piggy-USB-Flash-Drive-150x150.png 150w, https:\/\/www.usborkeychain.com\/wp-content\/uploads\/Durable-Piggy-USB-Flash-Drive-768x768.png 768w, https:\/\/www.usborkeychain.com\/wp-content\/uploads\/Durable-Piggy-USB-Flash-Drive-12x12.png 12w, https:\/\/www.usborkeychain.com\/wp-content\/uploads\/Durable-Piggy-USB-Flash-Drive-600x600.png 600w, https:\/\/www.usborkeychain.com\/wp-content\/uploads\/Durable-Piggy-USB-Flash-Drive-100x100.png 100w\" sizes=\"(max-width: 800px) 100vw, 800px\" \/><\/figure>\n<\/div>\n\n\n\n<div class=\"wp-block-column is-vertically-aligned-center is-layout-flow wp-block-column-is-layout-flow\">\n<h3 class=\"wp-block-heading\">Plug and Play<\/h3>\n\n\n\n<p> Basta con conectarlo a la interfaz USB de dispositivos como ordenadores y tel\u00e9fonos m\u00f3viles, y puede reconocerse y utilizarse r\u00e1pidamente. El funcionamiento es sencillo y c\u00f3modo, lo que ahorra tiempo.<\/p>\n\n\n\n<h3 class=\"wp-block-heading\">Resistente al agua y al polvo<\/h3>\n\n\n\n<p>El material met\u00e1lico es resistente al agua y al polvo. Si se salpica con agua o se expone al polvo durante el uso diario, siempre que se limpie a tiempo, por lo general no afectar\u00e1 al funcionamiento normal de la unidad USB.<\/p>\n\n\n\n<h3 class=\"wp-block-heading\">Seguridad de los datos<\/h3>\n\n\n\n<p>Utiliza un chip de almacenamiento estable, combinado con la protecci\u00f3n f\u00edsica de la carcasa met\u00e1lica para los datos, que puede reducir eficazmente el riesgo de p\u00e9rdida de datos y da\u00f1os.<\/p>\n<\/div>\n<\/div>\n\n\n\n<div class=\"wp-block-columns is-layout-flex wp-container-core-columns-is-layout-28f84493 wp-block-columns-is-layout-flex\">\n<div class=\"wp-block-column is-vertically-aligned-center is-layout-flow wp-block-column-is-layout-flow\">\n<p>En <strong>Memoria USB con forma de cerdo met\u00e1lico <\/strong>combina a la perfecci\u00f3n un aspecto atractivo con unas prestaciones pr\u00e1cticas. <\/p>\n\n\n\n<p>El adorable dise\u00f1o en forma de cerdo, combinado con el resistente y duradero material met\u00e1lico, ofrece portabilidad y diversos servicios de personalizaci\u00f3n, por lo que es adecuado para diversas empresas, como maternidad y beb\u00e9s, alimentaci\u00f3n y bebidas, cultura y creatividad, e industrias financieras, como regalos de empresa o regalos promocionales. <\/p>\n\n\n\n<p>Al mismo tiempo, sus excelentes caracter\u00edsticas, como plug and play, resistencia al agua y al polvo y protecci\u00f3n de la seguridad de los datos, no s\u00f3lo satisfacen las necesidades de almacenamiento, sino que tambi\u00e9n ofrecen a los usuarios una experiencia de uso sin preocupaciones.<\/p>\n<\/div>\n\n\n\n<div class=\"wp-block-column is-vertically-aligned-center is-layout-flow wp-block-column-is-layout-flow\">\n<figure class=\"wp-block-image size-full\"><img alt=\"\" loading=\"lazy\" decoding=\"async\" width=\"800\" height=\"800\" src=\"https:\/\/www.usborkeychain.com\/wp-content\/uploads\/Robust-Pig-USB-Flash-Drive.png\" class=\"wp-image-4853\" srcset=\"https:\/\/www.usborkeychain.com\/wp-content\/uploads\/Robust-Pig-USB-Flash-Drive.png 800w, https:\/\/www.usborkeychain.com\/wp-content\/uploads\/Robust-Pig-USB-Flash-Drive-300x300.png 300w, https:\/\/www.usborkeychain.com\/wp-content\/uploads\/Robust-Pig-USB-Flash-Drive-150x150.png 150w, https:\/\/www.usborkeychain.com\/wp-content\/uploads\/Robust-Pig-USB-Flash-Drive-768x768.png 768w, https:\/\/www.usborkeychain.com\/wp-content\/uploads\/Robust-Pig-USB-Flash-Drive-12x12.png 12w, https:\/\/www.usborkeychain.com\/wp-content\/uploads\/Robust-Pig-USB-Flash-Drive-600x600.png 600w, https:\/\/www.usborkeychain.com\/wp-content\/uploads\/Robust-Pig-USB-Flash-Drive-100x100.png 100w\" sizes=\"(max-width: 800px) 100vw, 800px\" \/><\/figure>\n<\/div>\n<\/div>","protected":false},"excerpt":{"rendered":"<ul>\n<li>En forma de cerdo<\/li>\n<li>Materiales met\u00e1licos<\/li>\n<li>Personalizaci\u00f3n de colores y logotipos<\/li>\n<li>Llavero<\/li>\n<li>MOQ:100PCS<\/li>\n<\/ul>","protected":false},"featured_media":4852,"comment_status":"open","ping_status":"closed","template":"","meta":{"_seopress_robots_primary_cat":"","_seopress_titles_title":"","_seopress_titles_desc":"","_seopress_robots_index":"","site-sidebar-layout":"default","site-content-layout":"","ast-site-content-layout":"","site-content-style":"default","site-sidebar-style":"default","ast-global-header-display":"","ast-banner-title-visibility":"","ast-main-header-display":"","ast-hfb-above-header-display":"","ast-hfb-below-header-display":"","ast-hfb-mobile-header-display":"","site-post-title":"","ast-breadcrumbs-content":"","ast-featured-img":"","footer-sml-layout":"","theme-transparent-header-meta":"","adv-header-id-meta":"","stick-header-meta":"","header-above-stick-meta":"","header-main-stick-meta":"","header-below-stick-meta":"","astra-migrate-meta-layouts":"default","ast-page-background-enabled":"default","ast-page-background-meta":{"desktop":{"background-color":"var(--ast-global-color-5)","background-image":"","background-repeat":"repeat","background-position":"center center","background-size":"auto","background-attachment":"scroll","background-type":"","background-media":"","overlay-type":"","overlay-color":"","overlay-opacity":"","overlay-gradient":""},"tablet":{"background-color":"","background-image":"","background-repeat":"repeat","background-position":"center center","background-size":"auto","background-attachment":"scroll","background-type":"","background-media":"","overlay-type":"","overlay-color":"","overlay-opacity":"","overlay-gradient":""},"mobile":{"background-color":"","background-image":"","background-repeat":"repeat","background-position":"center center","background-size":"auto","background-attachment":"scroll","background-type":"","background-media":"","overlay-type":"","overlay-color":"","overlay-opacity":"","overlay-gradient":""}},"ast-content-background-meta":{"desktop":{"background-color":"var(--ast-global-color-4)","background-image":"","background-repeat":"repeat","background-position":"center center","background-size":"auto","background-attachment":"scroll","background-type":"","background-media":"","overlay-type":"","overlay-color":"","overlay-opacity":"","overlay-gradient":""},"tablet":{"background-color":"var(--ast-global-color-4)","background-image":"","background-repeat":"repeat","background-position":"center center","background-size":"auto","background-attachment":"scroll","background-type":"","background-media":"","overlay-type":"","overlay-color":"","overlay-opacity":"","overlay-gradient":""},"mobile":{"background-color":"var(--ast-global-color-4)","background-image":"","background-repeat":"repeat","background-position":"center center","background-size":"auto","background-attachment":"scroll","background-type":"","background-media":"","overlay-type":"","overlay-color":"","overlay-opacity":"","overlay-gradient":""}}},"product_brand":[],"product_cat":[89],"product_tag":[397],"class_list":{"0":"post-4848","1":"product","2":"type-product","3":"status-publish","4":"has-post-thumbnail","6":"product_cat-metal-usb-pendrive","7":"product_tag-zinc-alloy-usb-pen-drive","8":"desktop-align-left","9":"tablet-align-left","10":"mobile-align-left","12":"first","13":"instock","14":"shipping-taxable","15":"product-type-simple"},"_links":{"self":[{"href":"https:\/\/www.usborkeychain.com\/es\/wp-json\/wp\/v2\/product\/4848","targetHints":{"allow":["GET"]}}],"collection":[{"href":"https:\/\/www.usborkeychain.com\/es\/wp-json\/wp\/v2\/product"}],"about":[{"href":"https:\/\/www.usborkeychain.com\/es\/wp-json\/wp\/v2\/types\/product"}],"replies":[{"embeddable":true,"href":"https:\/\/www.usborkeychain.com\/es\/wp-json\/wp\/v2\/comments?post=4848"}],"wp:featuredmedia":[{"embeddable":true,"href":"https:\/\/www.usborkeychain.com\/es\/wp-json\/wp\/v2\/media\/4852"}],"wp:attachment":[{"href":"https:\/\/www.usborkeychain.com\/es\/wp-json\/wp\/v2\/media?parent=4848"}],"wp:term":[{"taxonomy":"product_brand","embeddable":true,"href":"https:\/\/www.usborkeychain.com\/es\/wp-json\/wp\/v2\/product_brand?post=4848"},{"taxonomy":"product_cat","embeddable":true,"href":"https:\/\/www.usborkeychain.com\/es\/wp-json\/wp\/v2\/product_cat?post=4848"},{"taxonomy":"product_tag","embeddable":true,"href":"https:\/\/www.usborkeychain.com\/es\/wp-json\/wp\/v2\/product_tag?post=4848"}],"curies":[{"name":"wp","href":"https:\/\/api.w.org\/{rel}","templated":true}]}}